{"id":6417,"date":"2024-11-27T02:41:14","date_gmt":"2024-11-26T23:41:14","guid":{"rendered":"https:\/\/rocketplay-online.com\/blackjack\/winter\/"},"modified":"2024-11-27T02:52:44","modified_gmt":"2024-11-26T23:52:44","slug":"winter","status":"publish","type":"page","link":"https:\/\/rocketplay-online.com\/de\/blackjack\/winter\/","title":{"rendered":"Blackjack Winter-Rezension und einzigartige Funktionen des Spiels"},"content":{"rendered":"<p>Winter Blackjack ist nicht nur eine Aktualisierung eines klassischen Spiels, sondern ein aufregendes neues Abenteuer, das die Spieler vollst\u00e4ndig in ein fesselndes Winterm\u00e4rchen eintauchen l\u00e4sst. Mit seiner anspruchsvollen Grafik und den verbesserten Boni bietet Winter Blackjack den Spielern ein v\u00f6llig neues Spielerlebnis, wobei alle wesentlichen Merkmale des traditionellen Blackjack erhalten bleiben. Dar\u00fcber hinaus f\u00fchrt es einzigartige saisonale Elemente ein, die jeder Spielsitzung eine zus\u00e4tzliche Ebene der Spannung und Unvorhersehbarkeit verleihen. F\u00fcr diejenigen, die das Spiel in der bestm\u00f6glichen Umgebung erleben m\u00f6chten, bieten die besten Online-Blackjack-Winterseiten in Kanada erstklassige Plattformen, auf denen die Spieler nahtloses Gameplay, verlockende Aktionen und ein sicheres Spielerlebnis genie\u00dfen k\u00f6nnen.<\/p>\n<h2>Hauptmerkmale von Blackjack Winter<\/h2>\n<p>Blackjack Winter, insbesondere im Winter Blackjack Live, schafft eine perfekte Balance zwischen klassischem Gameplay und innovativen Features und bietet bekannte Regeln mit aufregenden neuen Wendungen. Die Winterferienstimmung und zahlreiche einzigartige Boni machen es zu einer unwiderstehlichen Wahl f\u00fcr Blackjack-Enthusiasten.<\/p>\n<p>Was diese Version wirklich auszeichnet, ist die immersive Winterumgebung, die das traditionelle Blackjack-Erlebnis mit saisonalen Bildern und Kl\u00e4ngen aufwertet und so eine fesselnde Atmosph\u00e4re schafft. Die Spieler k\u00f6nnen das vertraute Gameplay genie\u00dfen und gleichzeitig von exklusiven Boni profitieren, die auf das Winterthema zugeschnitten sind. Diese saisonalen Features halten das Spiel frisch und spannend und sorgen daf\u00fcr, dass sich jede Sitzung wie ein festliches Ereignis anf\u00fchlt. Egal, ob Sie ein erfahrener Profi oder ein Neuling sind, Blackjack Winter bietet ein unvergessliches Spielerlebnis, das \u00fcber das Standard-Tischspiel hinausgeht.<\/p>\n<div><div class=\"go-btn-container\"><div class=\"tosh-btn\"><a href=\"\/go-casino\/\" target=\"_blank\" rel=\"noopener\">JETZT SPIELEN<\/a><\/div><\/div><\/div>\n<h3>Die Hauptfunktionen von Blackjack Winter:<\/h3>\n<ul>\n<li aria-level=\"1\">Winterthema: Die Atmosph\u00e4re des Spiels vermittelt das Gef\u00fchl, in einem Winterresort zu sein, wo jeder Einsatz von sanft fallendem Schnee begleitet wird. Die \u00c4sthetik des Spiels wird durch die kleinen Details auf jeder Karte und im Design der Tische verst\u00e4rkt.<\/li>\n<li aria-level=\"1\">Klassische Regeln: Blackjack Winter beh\u00e4lt die urspr\u00fcnglichen Regeln bei und ist daher f\u00fcr Spieler aller F\u00e4higkeitsstufen leicht anzupassen. Wichtig ist, dass die Einfachheit des Gameplays durch die Dynamik der Bonusfunktionen erg\u00e4nzt wird.<\/li>\n<li aria-level=\"1\">Interaktive Boni: Innovative Features wie Schneemultiplikatoren und Themenboni verleihen dem Spiel Tiefe und Einzigartigkeit. Diese Boni werden in unerwarteten Momenten aktiviert, was f\u00fcr zus\u00e4tzliche Spannung und Aufregung sorgt.<\/li>\n<li aria-level=\"1\">Progressive Jackpots: Der Jackpot w\u00e4chst so lange, bis einer der Spieler ihn knackt, was dem Spiel ein \u00dcberraschungs- und Intrigenelement verleiht. Die steigenden Gewinnchancen machen das Spiel spannender, insbesondere f\u00fcr diejenigen, die gro\u00dfe Gewinne m\u00f6gen.<\/li>\n<li aria-level=\"1\">Plattform\u00fcbergreifend: Unabh\u00e4ngig davon, auf welchem \u200b\u200bGer\u00e4t Sie spielen, passt sich die Spieloberfl\u00e4che an jeden Bildschirm an, sodass das Spielen in jeder Umgebung angenehm ist. So k\u00f6nnen Spieler das Spiel sowohl zu Hause als auch unterwegs genie\u00dfen.<\/li>\n<\/ul>\n<h3>Blackjack Winterspielthemen<\/h3>\n<p>Das Winterthema verleiht Winter-Blackjack einen ganz besonderen Charme und verwandelt das normale Gameplay in ein aufregendes Schneeabenteuer. Jedes Designelement \u2013 \u200b\u200bvon den Animationen bis zu den Hintergr\u00fcnden \u2013 wurde sorgf\u00e4ltig ausgearbeitet, um ein lebendiges und fesselndes Spielerlebnis zu bieten.<\/p>\n<p><img loading=\"lazy\" decoding=\"async\" class=\"aligncenter  wp-image-6402\" src=\"https:\/\/rocketplay-online.com\/wp-content\/uploads\/2024\/11\/blackjack-winter-1.jpg\" alt=\"Blackjack Winter 1\" width=\"817\" height=\"505\" srcset=\"https:\/\/rocketplay-online.com\/wp-content\/uploads\/2024\/11\/blackjack-winter-1.jpg 1262w, https:\/\/rocketplay-online.com\/wp-content\/uploads\/2024\/11\/blackjack-winter-1-300x186.jpg 300w, https:\/\/rocketplay-online.com\/wp-content\/uploads\/2024\/11\/blackjack-winter-1-1024x634.jpg 1024w, https:\/\/rocketplay-online.com\/wp-content\/uploads\/2024\/11\/blackjack-winter-1-768x475.jpg 768w\" sizes=\"auto, (max-width: 817px) 100vw, 817px\" \/><\/p>\n<h3>Visuelle und thematische Elemente:<\/h3>\n<ul>\n<li aria-level=\"1\">Schneekarten und -tische: Die Liebe zum Detail bei der Gestaltung der Karten und Tische macht jede Runde zu einem Schneespektakel und l\u00e4sst Sie den Zauber des Winters sp\u00fcren. Jedes Mal, wenn Sie einen Einsatz t\u00e4tigen oder gewinnen, blitzen eisige Funken und Schneeflocken um Sie herum auf.<\/li>\n<li aria-level=\"1\">Animation fallenden Schnees: Sanfte Animationen und hochwertige visuelle Effekte tragen dazu bei, die gem\u00fctliche Atmosph\u00e4re eines Winterm\u00e4rchens zu schaffen, was das Spiel noch spannender macht. Dieses Element gibt dem Spieler das Gef\u00fchl, Teil eines verschneiten Abenteuers zu sein.<\/li>\n<li aria-level=\"1\">Sounddesign: Sanfte Winterwindger\u00e4usche und festliche Melodien sorgen f\u00fcr ein vollst\u00e4ndiges Eintauchen in das Winterthema des Spiels. Mit jeder Runde wird das Gef\u00fchl eines verschneiten Urlaubs immer st\u00e4rker.<\/li>\n<\/ul>\n<h2>\u00dcbersicht aller Boni<\/h2>\n<p>Die Boni beim Winter-Blackjack sollen das Spielerlebnis verbessern und die Chancen auf gro\u00dfe Gewinne erh\u00f6hen, das Spiel abwechslungsreicher machen und die Spieler zu mehr Aktivit\u00e4t anregen. Diese Boni sind durchdacht konzipiert, um das gesamte Spielerlebnis zu verbessern und das Potenzial f\u00fcr gro\u00dfe Gewinne deutlich zu steigern.<\/p>\n<p>Dar\u00fcber hinaus passen sich die Boni im Spiel dem Spielstil jedes Spielers an und bieten personalisierte Belohnungen und einzigartige Gewinnchancen.<\/p>\n<h3>Besondere Boni<\/h3>\n<p>Eines der herausragenden Merkmale von Winter-Blackjack sind die speziellen Boni, die entweder zuf\u00e4llig oder bei Erf\u00fcllung bestimmter Bedingungen ausgel\u00f6st werden k\u00f6nnen. Diese Boni verleihen jeder Runde eine zus\u00e4tzliche Ebene der Unvorhersehbarkeit und Spannung und sorgen daf\u00fcr, dass das Gameplay frisch und spannend bleibt.<\/p>\n<ul>\n<li aria-level=\"1\">Schneeboni: Schneeboni sind verschiedene Zusatzgewinne, die durch Gl\u00fcck aktiviert werden und das Spiel noch lohnenswerter machen. Sie k\u00f6nnen Ihre Gewinnchancen im f\u00fcr Ihre Gegner ung\u00fcnstigsten Moment unerwartet erh\u00f6hen.<\/li>\n<li aria-level=\"1\">Winter-Doppelbonus: Mit dieser Funktion k\u00f6nnen Sie Ihre Gewinne verdoppeln, wenn bestimmte Kartenkombinationen auftauchen, wodurch der Gesamtpot des Spielers steigt. Der Doppelbonus ist nicht oft verf\u00fcgbar, weshalb seine Verwendung besonders f\u00fcr ein strategisches Vorgehen wertvoll ist.<\/li>\n<\/ul>\n<h3>Winter Jackpots<\/h3>\n<p>Winter-Jackpots beim Winter-Blackjack Live sind ein besonderes Merkmal des Spiels, das die Aufmerksamkeit jedes Spielers fesseln kann. Die Chance, einen Jackpot zu knacken, sorgt f\u00fcr zus\u00e4tzlichen Nervenkitzel, macht jeden Einsatz spannender und steigert die allgemeine Spannung des Spiels.<\/p>\n<ul>\n<li aria-level=\"1\">Progressive Jackpots: Beim Blackjack Winter tr\u00e4gt jeder Spieler zum Gesamtjackpot bei, der mit jedem Einsatz w\u00e4chst, sodass seine endg\u00fcltige Gr\u00f6\u00dfe beeindruckend ist. Dies erzeugt ein Gef\u00fchl st\u00e4ndiger Erwartung eines gro\u00dfen Gewinns, der jederzeit eintreten k\u00f6nnte.<\/li>\n<li aria-level=\"1\">Saisonale Jackpots: W\u00e4hrend Sonderaktionen und an Feiertagen k\u00f6nnen die Jackpots erheblich ansteigen und den Spielern noch gro\u00dfz\u00fcgigere Gewinne bieten. Dies macht das Spiel w\u00e4hrend der Feiertage besonders interessant, wenn die Jackpots ihren H\u00f6hepunkt erreichen k\u00f6nnen.<\/li>\n<\/ul>\n<h2>Strategien f\u00fcr Blackjack Winter<\/h2>\n<p>Um erfolgreich Blackjack Winter zu spielen, ist es wichtig, nicht nur zu wissen, wie man Wetten platziert, sondern auch, wie man Bonusm\u00f6glichkeiten richtig nutzt und sein Budget verwaltet. Die Anwendung der richtigen Strategien erh\u00f6ht Ihre Gewinnchancen und hilft Ihnen, unn\u00f6tige Risiken zu vermeiden.<\/p>\n<p>Dar\u00fcber hinaus kann Ihnen das Beherrschen des richtigen Zeitpunkts zum Aktivieren von Boni einen erheblichen Vorteil im Spiel verschaffen. Wenn Sie die Feinheiten der Aktivierung von Boni im richtigen Moment verstehen, kann dies Ihre Spielposition st\u00e4rken und zus\u00e4tzliche Gewinne bringen. Dar\u00fcber hinaus ist es f\u00fcr die Aufrechterhaltung der Konsistenz und Maximierung Ihrer potenziellen Gewinne unerl\u00e4sslich, einen disziplinierten Ansatz bei der Verwaltung Ihres Geldes beizubehalten, z. B. zu wissen, wann Sie Ihre Eins\u00e4tze erh\u00f6hen oder senken m\u00fcssen. Eine gut strukturierte Strategie stellt sicher, dass Sie immer die Kontrolle behalten, auch wenn das Spiel unvorhersehbar wird, sodass Sie jede Gelegenheit nutzen k\u00f6nnen, ohne Ihre Ressourcen zu \u00fcberfordern.<\/p>\n<div><div class=\"go-btn-container\"><div class=\"tosh-btn\"><a href=\"\/go-casino\/\" target=\"_blank\" rel=\"noopener\">JETZT SPIELEN<\/a><\/div><\/div><\/div>\n<h3>Optimierung und Nutzung von Boni<\/h3>\n<p>Der richtige Einsatz von Boni ist der Schl\u00fcssel zur Maximierung Ihrer Gewinne. Boni k\u00f6nnen den Ausgang Ihres Spiels entscheidend beeinflussen, wenn Sie wissen, wie und wann Sie sie am besten einsetzen.<\/p>\n<p>Im besten Online-Blackjack-Winter wird es f\u00fcr Ihre Strategie noch wichtiger, den optimalen Einsatz dieser Boni zu verstehen.<\/p>\n<ul>\n<li aria-level=\"1\">Schneeballmultiplikatoren: Sie geben dem Spieler die M\u00f6glichkeit, seine Gewinne deutlich zu steigern, wenn die Boni zum richtigen Zeitpunkt aktiviert werden. Dies hilft nicht nur, den Pot zu vergr\u00f6\u00dfern, sondern auch, den Spannungspegel in jeder Runde hoch zu halten.<\/li>\n<li aria-level=\"1\">Verdoppeln Sie Ihre Gewinne: Um Ihre Gewinne mit der richtigen Kartenkombination zu verdoppeln, m\u00fcssen Sie genau hinsehen und das richtige Timing haben, um diese Funktion zu nutzen. Es ist wichtig, sich Zeit zu nehmen und sie zu nutzen, wenn Sie von Ihrem Sieg \u00fcberzeugt sind.<\/li>\n<\/ul>\n<h3>\u00a0Wettmanagement beim Blackjack Winter<\/h3>\n<p>Die Verwaltung Ihrer Eins\u00e4tze ist die Grundlage eines erfolgreichen Blackjack-Spiels, und Blackjack Winter bildet hier keine Ausnahme. Es ist nicht nur wichtig, Ihre Z\u00fcge richtig zu berechnen, sondern auch einen klaren Plan zur Erh\u00f6hung Ihrer Eins\u00e4tze im Laufe des Spiels zu haben.<\/p>\n<p>Beim Winter-Blackjack live wird die F\u00e4higkeit, zum richtigen Zeitpunkt aufzuh\u00f6ren und Ihre Gewinne zu sichern, zu einem noch wichtigeren Teil Ihrer gesamten Wettstrategie. Dieser disziplinierte Ansatz hilft dabei, potenzielle Verluste zu minimieren und gleichzeitig ein stabiles Guthaben f\u00fcr l\u00e4ngere Spielsitzungen aufrechtzuerhalten, sodass Sie l\u00e4nger im Spiel bleiben und Ihre Chancen auf einen gro\u00dfen Gewinn erh\u00f6hen k\u00f6nnen.<\/p>\n<ul>\n<li aria-level=\"1\">Allm\u00e4hliche Erh\u00f6hung der Eins\u00e4tze: Sie sollten mit kleinen Eins\u00e4tzen beginnen und diese allm\u00e4hlich erh\u00f6hen, wenn sich Ihre Gewinne anh\u00e4ufen. Auf diese Weise k\u00f6nnen Sie Risiken minimieren und l\u00e4nger im Spiel bleiben, Spa\u00df haben und die Chancen auf einen gro\u00dfen Gewinn erh\u00f6hen.<\/li>\n<li aria-level=\"1\">Verwendung von Bonuswetten: Wenn Boni aktiviert werden, ist es sinnvoll, den Einsatz zu erh\u00f6hen, da die Gewinnchancen h\u00f6her werden. Dies ist eine Strategie mit hohem Risiko, aber auch mit hohem Gewinnpotenzial.<\/li>\n<\/ul>\n<h2>Tipps f\u00fcr verantwortungsbewusstes Spielen bei RocketPlay<\/h2>\n<p>Verantwortungsbewusstes Spielen ist ein entscheidender Bestandteil jeder Gl\u00fccksspielaktivit\u00e4t, insbesondere beim Live-Winter-Blackjack. Wenn Sie sich an die Grunds\u00e4tze des verantwortungsbewussten Spielens halten, k\u00f6nnen Sie nicht nur erhebliche finanzielle Schwierigkeiten vermeiden, sondern auch sicherstellen, dass das Spielen ein angenehmer und kontrollierter Zeitvertreib bleibt.<\/p>\n<p>Dar\u00fcber hinaus f\u00f6rdert verantwortungsbewusstes Spielen ein gesundes Gleichgewicht zwischen Unterhaltung und Selbstregulierung und hilft, impulsive Entscheidungen zu vermeiden. Der Schl\u00fcssel zu einem positiven Spielerlebnis ist die Festlegung eines Budgets und von Zeitlimits, um sicherzustellen, dass Sie im Rahmen Ihrer M\u00f6glichkeiten bleiben.<\/p>\n<p>F\u00fcr diejenigen, die die besten Online-Blackjack-Winterseiten in Kanada erkunden, ist es besonders wichtig, diese Grunds\u00e4tze des verantwortungsvollen Gl\u00fccksspiels einzuhalten.<\/p>\n<p>Wenn Sie Ihren Spielgewohnheiten klare Grenzen setzen, behalten Sie nicht nur die Kontrolle, sondern genie\u00dfen das Spiel auch insgesamt mehr. Betrachten Sie Gl\u00fccksspiel immer als eine Form der Unterhaltung und nicht als Mittel, um Geld zu verdienen. Indem Sie eine klare Perspektive bewahren, stellen Sie sicher, dass Ihr Spielerlebnis positiv bleibt, und verringern das Risiko finanzieller oder emotionaler Belastungen. Wenn Sie sich Ihrer Ausgaben und Ihrer Zeit bewusst sind, k\u00f6nnen Sie jede Sitzung genie\u00dfen, ohne Ihr Wohlbefinden zu gef\u00e4hrden.<\/p>\n<p><img loading=\"lazy\" decoding=\"async\" class=\"aligncenter  wp-image-6394\" src=\"https:\/\/rocketplay-online.com\/wp-content\/uploads\/2024\/11\/blackjack-winter-2.jpg\" alt=\"Blackjack Winter 2\" width=\"811\" height=\"453\" srcset=\"https:\/\/rocketplay-online.com\/wp-content\/uploads\/2024\/11\/blackjack-winter-2.jpg 1113w, https:\/\/rocketplay-online.com\/wp-content\/uploads\/2024\/11\/blackjack-winter-2-300x167.jpg 300w, https:\/\/rocketplay-online.com\/wp-content\/uploads\/2024\/11\/blackjack-winter-2-1024x571.jpg 1024w, https:\/\/rocketplay-online.com\/wp-content\/uploads\/2024\/11\/blackjack-winter-2-768x429.jpg 768w\" sizes=\"auto, (max-width: 811px) 100vw, 811px\" \/><\/p>\n<h2>H\u00e4ufig gestellte Fragen<\/h2>\n<h3>Was sind die Hauptfunktionen von Blackjack Winter?<\/h3>\n<p>Blackjack Winter bietet einzigartige Boni und Jackpots in Kombination mit klassischem Spielverlauf und versetzt die Spieler in eine winterliche Atmosph\u00e4re. Aufgrund der einfachen Regeln und der M\u00f6glichkeit gro\u00dfer Gewinne ist dieses Spiel sowohl f\u00fcr Anf\u00e4nger als auch f\u00fcr erfahrene Spieler interessant.<\/p>\n<h3>Was sind die besten Plattformen, um Blackjack Winter in Kanada zu spielen?<\/h3>\n<p>Wenn Sie nach den besten Plattformen suchen, um Blackjack Winter zu genie\u00dfen, sollten Sie die besten Online-Blackjack-Winterseiten in Kanada erkunden. Diese Seiten bieten optimiertes Gameplay, attraktive Boni und eine sichere Umgebung f\u00fcr neue und erfahrene Spieler, die ihre Erfahrung mit diesem beliebten Blackjack-Spiel mit Winterthema maximieren m\u00f6chten.<\/p>\n<h3>Welche Boni kann ich im Spiel erhalten?<\/h3>\n<p>Das Spiel beinhaltet Schneeboni und progressive Jackpots, die die Chancen auf gro\u00dfe Gewinne deutlich erh\u00f6hen. Spezielle saisonale Angebote machen das Gameplay noch spannender.<\/p>\n<h3>Was sind die effektivsten Strategien beim Blackjack Winter?<\/h3>\n<p>Zu den effektiven Strategien geh\u00f6ren die Optimierung der Bonusnutzung und ein angemessenes Wettmanagement, um Risiken zu minimieren und Gewinne zu steigern. Es ist wichtig, die Verdoppelung Ihrer Gewinne im richtigen Moment zu nutzen, um Ihre Gewinne zu maximieren.<\/p>\n<h3>Wie vermeidet man Spielprobleme bei RocketPlay?<\/h3>\n<p>Das Festlegen von Wett- und Spielzeitlimits sowie die Einhaltung eines verantwortungsvollen Spiels helfen dabei, Spielprobleme zu vermeiden. Die Plattform bietet Tools zur Kontrolle von Ausgaben- und Zeitlimits.<\/p>\n<h3>Auf welchen Plattformen kann Blackjack Winter gespielt werden?<\/h3>\n<p>Blackjack Winter, insbesondere das beste Online-Blackjack im Winter, ist sowohl auf Desktop- als auch auf Mobilger\u00e4ten verf\u00fcgbar, sodass Sie das Spiel jederzeit genie\u00dfen k\u00f6nnen. Das Spiel wurde sorgf\u00e4ltig f\u00fcr alle Plattformen optimiert, um nahtlose Zug\u00e4nglichkeit und ein reibungsloses Spielerlebnis f\u00fcr jeden Spieler zu gew\u00e4hrleisten, unabh\u00e4ngig vom gew\u00e4hlten Ger\u00e4t.<\/p>\n","protected":false},"excerpt":{"rendered":"<p>Winter Blackjack ist nicht nur eine Aktualisierung eines klassischen Spiels, sondern ein aufregendes neues Abenteuer, das die Spieler vollst\u00e4ndig in ein fesselndes Winterm\u00e4rchen eintauchen l\u00e4sst. Mit seiner anspruchsvollen Grafik und den verbesserten Boni bietet Winter Blackjack den Spielern ein v\u00f6llig neues Spielerlebnis, wobei alle wesentlichen Merkmale des traditionellen Blackjack erhalten bleiben. Dar\u00fcber hinaus f\u00fchrt es&#8230;<\/p>\n","protected":false},"author":1,"featured_media":0,"parent":1438,"menu_order":0,"comment_status":"closed","ping_status":"closed","template":"","meta":{"_acf_changed":false,"_kad_post_transparent":"default","_kad_post_title":"default","_kad_post_layout":"default","_kad_post_sidebar_id":"","_kad_post_content_style":"default","_kad_post_vertical_padding":"default","_kad_post_feature":"","_kad_post_feature_position":"","_kad_post_header":false,"_kad_post_footer":false,"footnotes":""},"class_list":["post-6417","page","type-page","status-publish","hentry"],"acf":[],"rttpg_featured_image_url":null,"rttpg_author":{"display_name":"Oliver","author_link":"https:\/\/rocketplay-online.com\/de\/author\/pemvas95n89x\/"},"rttpg_comment":0,"rttpg_category":null,"rttpg_excerpt":"Winter Blackjack ist nicht nur eine Aktualisierung eines klassischen Spiels, sondern ein aufregendes neues Abenteuer, das die Spieler vollst\u00e4ndig in ein fesselndes Winterm\u00e4rchen eintauchen l\u00e4sst. Mit seiner anspruchsvollen Grafik und den verbesserten Boni bietet Winter Blackjack den Spielern ein v\u00f6llig neues Spielerlebnis, wobei alle wesentlichen Merkmale des traditionellen Blackjack erhalten bleiben. Dar\u00fcber hinaus f\u00fchrt es...","_links":{"self":[{"href":"https:\/\/rocketplay-online.com\/de\/wp-json\/wp\/v2\/pages\/6417","targetHints":{"allow":["GET"]}}],"collection":[{"href":"https:\/\/rocketplay-online.com\/de\/wp-json\/wp\/v2\/pages"}],"about":[{"href":"https:\/\/rocketplay-online.com\/de\/wp-json\/wp\/v2\/types\/page"}],"author":[{"embeddable":true,"href":"https:\/\/rocketplay-online.com\/de\/wp-json\/wp\/v2\/users\/1"}],"replies":[{"embeddable":true,"href":"https:\/\/rocketplay-online.com\/de\/wp-json\/wp\/v2\/comments?post=6417"}],"version-history":[{"count":2,"href":"https:\/\/rocketplay-online.com\/de\/wp-json\/wp\/v2\/pages\/6417\/revisions"}],"predecessor-version":[{"id":6419,"href":"https:\/\/rocketplay-online.com\/de\/wp-json\/wp\/v2\/pages\/6417\/revisions\/6419"}],"up":[{"embeddable":true,"href":"https:\/\/rocketplay-online.com\/de\/wp-json\/wp\/v2\/pages\/1438"}],"wp:attachment":[{"href":"https:\/\/rocketplay-online.com\/de\/wp-json\/wp\/v2\/media?parent=6417"}],"curies":[{"name":"wp","href":"https:\/\/api.w.org\/{rel}","templated":true}]}}