{"id":6366,"date":"2024-11-27T01:13:51","date_gmt":"2024-11-26T22:13:51","guid":{"rendered":"https:\/\/rocketplay-online.com\/blackjack\/weapon\/"},"modified":"2024-11-27T01:27:04","modified_gmt":"2024-11-26T22:27:04","slug":"weapon","status":"publish","type":"page","link":"https:\/\/rocketplay-online.com\/de\/blackjack\/weapon\/","title":{"rendered":"Blackjack-Waffen: Ein \u00dcberblick \u00fcber Taktiken und Risiken"},"content":{"rendered":"<h2>Was sind Blackjack-Waffen?<\/h2>\n<p>Blackjack-Waffen sind eine Reihe von Strategien und Techniken, die es Spielern erm\u00f6glichen, sich einen Vorteil im Spiel zu verschaffen. Obwohl der Begriff \u201eBlackjack-Waffe\u201c nicht w\u00f6rtlich eine \u201eWaffe\u201c ist, bezieht er sich auf ein Arsenal an Taktiken, die einem Spieler eine bessere Gewinnchance geben. Daher die Fragen: Was ist eine Blackjack-Waffe? und was ist eine Blackjack-Waffe? Dabei geht es in erster Linie um den Einsatz von Kartenz\u00e4hlstrategien, die dem Spieler helfen, genauere Wetten und Entscheidungen basierend auf der Karte des Dealers und der Anzahl der verbleibenden Karten zu treffen.<\/p>\n<p>Es ist jedoch wichtig, sich daran zu erinnern, dass solche Taktiken nicht immer legal sind und eine negative Einstellung seitens des Casinos hervorrufen k\u00f6nnen. Daher lohnt es sich, vor dem Einsatz solcher Techniken die Regeln des Unternehmens und die rechtliche Seite der Verwendung einer Blackjack-Waffe in verschiedenen L\u00e4ndern sorgf\u00e4ltig zu studieren. Beispielsweise bleibt die Legalit\u00e4t von Blackjack-Waffen ein kontroverses Thema, insbesondere in L\u00e4ndern, in denen die Casino-Regeln streng durchgesetzt werden, wie z. B. Blackjack-Waffen in Kanada.<\/p>\n<div>\n<div><div class=\"go-btn-container\"><div class=\"tosh-btn\"><a href=\"\/go-casino\/\" target=\"_blank\" rel=\"noopener\">JETZT SPIELEN<\/a><\/div><\/div><\/div>\n<\/div>\n<h2>Grundlegende Blackjack-Taktiken<\/h2>\n<h3>Grundlegende \u201eOld School\u201c-Techniken<\/h3>\n<p>Einige Techniken, wie die klassische Blackjack-Waffe, beinhalten grundlegende Strategien und Wettanpassungen je nach aktueller Situation am Tisch. Diese Techniken zielen darauf ab, den Vorteil des Casinos zu verringern und die F\u00e4higkeit, das Spiel zu kontrollieren, zu beeintr\u00e4chtigen.<\/p>\n<p>Old-School-Spieler verwenden normalerweise keine expliziten Z\u00e4hlsysteme, sondern behalten die Karten genau im Auge und versuchen, ihren Vorteil zu maximieren. Dieser Ansatz erm\u00f6glicht es ihnen, fundiertere Wetten abzuschlie\u00dfen und gleichzeitig das Risiko zu minimieren.<\/p>\n<h2>Kartenz\u00e4hlen bei Blackjack Guns<\/h2>\n<p>Kartenz\u00e4hlen gilt als eine der effektivsten Methoden im Arsenal eines jeden erfahrenen Spielers. Mit dieser Methode k\u00f6nnen Sie erkennen, welche Karten noch im Stapel sind, und so die Wahrscheinlichkeit vorhersagen, dass bestimmte Werte herausfallen. Diese Technik wird aufgrund ihrer hohen Effizienz bei geschickten H\u00e4nden als Blackjack-Waffe bezeichnet.<\/p>\n<p>Das Kartenz\u00e4hlen ist besonders in den Vereinigten Staaten beliebt, aber die Rechtm\u00e4\u00dfiagkeit seiner Anwendung variiert von Staat zu Staat und h\u00e4ngt von der Politik des Casinos ab. Einige Einrichtungen erlauben beispielsweise die Anwendung der Grundstrategie, lehnen das Kartenz\u00e4hlen jedoch ab. Trotzdem verwenden professionelle Spieler diese Methode weiterhin, da sie die Gewinnchancen erheblich erh\u00f6hen kann.<\/p>\n<p><img loading=\"lazy\" decoding=\"async\" class=\"aligncenter  wp-image-6349\" src=\"https:\/\/rocketplay-online.com\/wp-content\/uploads\/2024\/11\/blackjack-weapons-1.jpg\" alt=\"Blackjack weapons 1\" width=\"810\" height=\"528\" srcset=\"https:\/\/rocketplay-online.com\/wp-content\/uploads\/2024\/11\/blackjack-weapons-1.jpg 1297w, https:\/\/rocketplay-online.com\/wp-content\/uploads\/2024\/11\/blackjack-weapons-1-300x195.jpg 300w, https:\/\/rocketplay-online.com\/wp-content\/uploads\/2024\/11\/blackjack-weapons-1-1024x667.jpg 1024w, https:\/\/rocketplay-online.com\/wp-content\/uploads\/2024\/11\/blackjack-weapons-1-768x500.jpg 768w\" sizes=\"auto, (max-width: 810px) 100vw, 810px\" \/><\/p>\n<h3>Vorteile und Risiken des Kartenz\u00e4hlens<\/h3>\n<ol>\n<li aria-level=\"1\">Vorteile:\n<ul>\n<li aria-level=\"2\">Erh\u00f6ht die Gewinnwahrscheinlichkeit.<\/li>\n<li aria-level=\"2\">Erm\u00f6glicht es Ihnen, Ergebnisse vorherzusagen, wodurch das Spiel leichter zu handhaben ist.<\/li>\n<\/ul>\n<\/li>\n<li aria-level=\"1\">Risiken:\n<ul>\n<li aria-level=\"2\">Casinos k\u00f6nnen einem Spieler den Zutritt verweigern, wenn dieser beim Kartenz\u00e4hlen erwischt wird.<\/li>\n<li aria-level=\"2\">In einigen L\u00e4ndern und Einrichtungen ist das Kartenz\u00e4hlen offiziell verboten.<\/li>\n<\/ul>\n<\/li>\n<\/ol>\n<h2>\u00dcbersicht \u00fcber Kartenz\u00e4hlmethoden<\/h2>\n<p>Es gibt mehrere Methoden zum Kartenz\u00e4hlen, die sich in Schwierigkeitsgrad und Effizienz unterscheiden. Nachfolgend finden Sie eine kurze \u00dcbersicht \u00fcber die g\u00e4ngigsten Taktiken:<\/p>\n<ol>\n<li aria-level=\"1\">\u201eHi-Lo\u201c-MethodeEine der bekanntesten Kartenz\u00e4hlmethoden, die sowohl von Anf\u00e4ngern als auch von Profispielern verwendet wird. Bei dieser Methode haben Karten mit einem Wert zwischen 2 und 6 einen Wert von +1 und Karten ab 10 einen Wert von -1. Karten von 7 bis 9 haben einen Wert von 0 und werden nicht gez\u00e4hlt. Durch Addition der Ergebnisse bestimmt der Spieler die Wahrscheinlichkeit hoher oder niedriger Karten in der n\u00e4chsten Hand.<\/li>\n<li aria-level=\"1\">Die \u201eKO\u201c-Methode (Knock-Out) Diese Methode ist f\u00fcr Anf\u00e4nger geeignet, da sie keine komplexen Berechnungen erfordert. Sie berechnet auch positive und negative Kartenwerte, ist aber einfacher auszuf\u00fchren, da sie keinen \u201eAusgleich\u201c der Z\u00e4hlung erfordert.<\/li>\n<li aria-level=\"1\">Zen Count-MethodeEine komplexe Methode f\u00fcr erfahrene Spieler. Zen Count unterteilt die Karten ebenfalls in positive und negative Werte, jedoch mit einer zus\u00e4tzlichen \u201eGewichtungs\u201c-Eigenschaft f\u00fcr jede Karte, was die Methode genauer, aber schwieriger auszuf\u00fchren macht.<\/li>\n<\/ol>\n<h2>Die Bedeutung der Psychologie im Spiel RocketPlay<\/h2>\n<p>Psychologie spielt beim Blackjack eine Schl\u00fcsselrolle, da die Stimmung und das Selbstvertrauen eines Spielers seine Strategie bestimmen. Spieler, die die Blackjack-Waffe verstehen, nutzen ihr Wissen und ihre Intuition, um das Casino zu schlagen. Psychologie hilft nicht nur, die richtigen Entscheidungen zu treffen, sondern auch, Ihre Emotionen zu kontrollieren, was besonders in Stresssituationen wichtig ist.<\/p>\n<h3>Was ist Psychologie beim Blackjack?<\/h3>\n<ul>\n<li aria-level=\"1\">Selbstvertrauen: Selbstbewusste Spieler treffen bessere Entscheidungen.<\/li>\n<li aria-level=\"1\">Emotionale Kontrolle: Die F\u00e4higkeit, Ihre Emotionen zu kontrollieren, hilft Ihnen, impulsives Wetten zu vermeiden.<\/li>\n<li aria-level=\"1\">Ihre Gegner lesen: Das Verstehen der Reaktionen anderer Spieler kann bei der Strategieentwicklung hilfreich sein.<\/li>\n<\/ul>\n<p>Auf einer Plattform wie RocketPlay finden Spieler Unterst\u00fctzung und Ressourcen zur Entwicklung ihrer psychologischen F\u00e4higkeiten, die sie im Spiel erfolgreicher machen.<\/p>\n<h2>Tools und Strategien f\u00fcr Blackjack Weapon<\/h2>\n<p>Die Entwicklung einer Strategie ist ein wesentlicher Bestandteil des Blackjack-Spiels. Strategien, die als klassische Blackjack-Waffen gelten, sind immer noch relevant und effektiv. Dazu geh\u00f6ren das Kartenz\u00e4hlen und die Verwendung grundlegender Strategien, die den Spielern helfen, fundiertere Eins\u00e4tze zu t\u00e4tigen und den Vorteil des Casinos zu verringern.<\/p>\n<div><div class=\"go-btn-container\"><div class=\"tosh-btn\"><a href=\"\/go-casino\/\" target=\"_blank\" rel=\"noopener\">JETZT SPIELEN<\/a><\/div><\/div><\/div>\n<h3>Kartenz\u00e4hlen<\/h3>\n<p>Kartenz\u00e4hlen ist eines der bekanntesten und effektivsten Werkzeuge im Arsenal eines Spielers. Mit dem Kartenz\u00e4hlen k\u00f6nnen Spieler einsch\u00e4tzen, welche Karten noch im Stapel sind, und so fundiertere Entscheidungen treffen. Aber was ist in diesem Zusammenhang eine Blackjack-Waffe? Es handelt sich um eine Methode, mit der Spieler die Wahrscheinlichkeit berechnen k\u00f6nnen, dass in der n\u00e4chsten Phase des Spiels hohe oder niedrige Karten fallen.<\/p>\n<p>Methoden zum Kartenz\u00e4hlen:<\/p>\n<ol>\n<li aria-level=\"1\">Hi-Lo: Kartenwertung mit Werten von +1 f\u00fcr niedrige Karten und -1 f\u00fcr hohe Karten.<\/li>\n<li aria-level=\"1\">KO (Knock-Out): Eine einfach zu verwendende Methode, die keine komplexen Berechnungen erfordert.<\/li>\n<li aria-level=\"1\">Zen Count: Eine komplexere Methode f\u00fcr erfahrene Spieler, die zus\u00e4tzliche Parameter ber\u00fccksichtigt.<\/li>\n<\/ol>\n<h3>Grundlegende Strategie<\/h3>\n<p>Die Grundstrategie ist ein Regelsatz, der bestimmt, wie man je nach den Karten des Spielers und des Dealers vorgeht. Diese Strategie ist die Grundlage f\u00fcr ein erfolgreiches Spiel und wird auch als Blackjack-Waffe angesehen.<\/p>\n<h2>Risiken beim Einsatz von Blackjack-Waffen<\/h2>\n<p>Obwohl der Einsatz von Blackjack-Waffen und verschiedenen Strategien die Gewinnchancen erheblich erh\u00f6hen kann, bestehen f\u00fcr die Spieler gewisse Risiken. Es ist besonders wichtig, die Rechtm\u00e4\u00dfigkeit der Verwendung solcher Methoden in verschiedenen Rechtsgebieten im Auge zu behalten.<\/p>\n<h3>Rechtm\u00e4\u00dfigkeit der Nutzung<\/h3>\n<p>Eines der wichtigsten Themen in Bezug auf die Strategie ist die Legalit\u00e4t von Blackjack-Waffen. In einigen L\u00e4ndern und Casinos kann die Verwendung von Kartenz\u00e4hlmethoden oder anderen Strategien verboten sein und Spielern kann der Zutritt zum Casino verwehrt werden. In Kanada beispielsweise variiert die Legalit\u00e4t dieser Methoden von Provinz zu Provinz.<\/p>\n<h3>Reputationsrisiken<\/h3>\n<p>Der Einsatz ausgefeilter Methoden wie Kartenz\u00e4hlen kann zum Rufverlust eines Spielers f\u00fchren. Casinos \u00fcberwachen Spieler, die solche Taktiken anwenden, aktiv und k\u00f6nnen Ma\u00dfnahmen ergreifen, wenn sie verd\u00e4chtiges Verhalten bemerken.<\/p>\n<p>M\u00f6gliche Risiken:<\/p>\n<ul>\n<li aria-level=\"1\">Verbot von Casinospielen.<\/li>\n<li aria-level=\"1\">Negative Auswirkungen auf das emotionale Wohlbefinden.<\/li>\n<li aria-level=\"1\">M\u00f6glicher finanzieller Verlust durch Kontrollverlust.<\/li>\n<\/ul>\n<h2>Vorteile der Blackjack-Waffe<\/h2>\n<p>Blackjack Weapon ist ein Begriff, der die verschiedenen Strategien und Techniken zusammenfasst, mit denen Spieler ihre Gewinnchancen beim Blackjack erh\u00f6hen. Diese Strategien k\u00f6nnen die Effektivit\u00e4t des Spiels erheblich steigern, wenn sie richtig angewendet werden.<\/p>\n<p><img loading=\"lazy\" decoding=\"async\" class=\"aligncenter  wp-image-6341\" src=\"https:\/\/rocketplay-online.com\/wp-content\/uploads\/2024\/11\/blackjack-weapons-2.jpg\" alt=\"Blackjack weapons 2\" width=\"808\" height=\"547\" srcset=\"https:\/\/rocketplay-online.com\/wp-content\/uploads\/2024\/11\/blackjack-weapons-2.jpg 860w, https:\/\/rocketplay-online.com\/wp-content\/uploads\/2024\/11\/blackjack-weapons-2-300x203.jpg 300w, https:\/\/rocketplay-online.com\/wp-content\/uploads\/2024\/11\/blackjack-weapons-2-768x520.jpg 768w\" sizes=\"auto, (max-width: 808px) 100vw, 808px\" \/><\/p>\n<h3>Erh\u00f6hen Sie Ihre Gewinnchancen<\/h3>\n<p>Einer der Hauptvorteile der Verwendung von Blackjack Weapon ist die M\u00f6glichkeit f\u00fcr Spieler, ihre Gewinnchancen deutlich zu erh\u00f6hen. Strategien, die auf mathematischen Analysen und Wahrscheinlichkeiten basieren, erm\u00f6glichen ein besseres Verst\u00e4ndnis daf\u00fcr, wie man in bestimmten Situationen handeln sollte. Dazu geh\u00f6ren auch Strategieelemente wie das Kartenz\u00e4hlen, eine alte Blackjack-Waffe, die von erfahrenen Spielern seit Jahrzehnten verwendet wird.<\/p>\n<ul>\n<li aria-level=\"1\">Verbessertes Spielverst\u00e4ndnis: Die Kenntnis unterschiedlicher Strategien hilft den Spielern, Entscheidungen mit mehr Selbstvertrauen zu treffen.<\/li>\n<li aria-level=\"1\">Situationsanalyse: Die F\u00e4higkeit, die aktuelle Position am Tisch anhand der verf\u00fcgbaren Karten einzusch\u00e4tzen.<\/li>\n<li aria-level=\"1\">Reduzierung des Casinovorteils: Der Einsatz mathematischer Techniken kann dazu beitragen, den Vorteil des Casinos gegen\u00fcber den Spielern zu reduzieren.<\/li>\n<\/ul>\n<h2>Strategien f\u00fcr verantwortungsbewusstes Spielen bei RocketPlay<\/h2>\n<p>Verantwortungsbewusstes Spielen ist \u00e4u\u00dferst wichtig, insbesondere auf Plattformen wie RocketPlay. Spieler m\u00fcssen verstehen, wie sie eine Blackjack-Waffe sicher einsetzen und d\u00fcrfen nicht dem Gl\u00fccksspiel verfallen.<\/p>\n<h3>Bankroll-Management<\/h3>\n<p>Eine der wichtigsten Strategien ist das Bankroll-Management. Das bedeutet, dass Spieler im Voraus festlegen sollten, wie viel Geld sie f\u00fcr das Spiel ausgeben m\u00f6chten, und sich strikt an diesen Betrag halten. Dadurch werden unn\u00f6tige finanzielle Verluste vermieden.<\/p>\n<ul>\n<li aria-level=\"1\">Budgetbestimmung: Legen Sie Limits f\u00fcr Eins\u00e4tze und Gesamtausgaben fest.<\/li>\n<li aria-level=\"1\">Wetten Sie nicht mehr, als Sie sich leisten k\u00f6nnen zu verlieren: Diese Regel hilft dabei, die finanzielle Stabilit\u00e4t aufrechtzuerhalten.<\/li>\n<\/ul>\n<h3>Kenntnis der Regeln und der Legalit\u00e4t<\/h3>\n<p>Es ist wichtig zu wissen, ob Blackjack in Ihrem Land oder Ihrer Region legal ist. Einige Strategien k\u00f6nnen illegal sein und ihre Verwendung kann zu einem Verbot oder anderen negativen Konsequenzen f\u00fchren. Beispielsweise kann Blackjack Weapon Canada bestimmte Funktionen und Einschr\u00e4nkungen in Bezug auf die Verwendung von Kartenz\u00e4hlmethoden und anderen Strategien haben.<\/p>\n<ul>\n<li aria-level=\"1\">Machen Sie sich mit den \u00f6rtlichen Gesetzen vertraut: Informieren Sie sich, welche Strategien in Ihrer Gegend zul\u00e4ssig sind.<\/li>\n<li aria-level=\"1\">Bewahren Sie Ihren Ruf: Vermeiden Sie Methoden, die zu unerw\u00fcnschten Konsequenzen f\u00fchren k\u00f6nnen.<\/li>\n<\/ul>\n<h2>Abschluss<\/h2>\n<p>Zusammenfassend l\u00e4sst sich sagen, dass die Verwendung von \u201eWaffe\u201c beim Blackjack die Gewinnchancen beim Blackjack erheblich erh\u00f6hen kann, wenn die Spieler strategisch vorgehen und die Regeln des verantwortungsvollen Spiels einhalten. Wenn Spieler wissen, was eine Blackjack-Waffe ist, k\u00f6nnen sie fundiertere Entscheidungen treffen und ihr Selbstvertrauen beim Spielen steigern.<\/p>\n<p>Es ist jedoch wichtig, sich der mit Gl\u00fccksspielen verbundenen Risiken bewusst zu sein. Verantwortungsvolles Spielen, Bankroll-Management und das Bewusstsein f\u00fcr die Rechtm\u00e4\u00dfigkeit der verwendeten Strategien sind Schl\u00fcsselaspekte f\u00fcr erfolgreiches Gl\u00fccksspiel. Mit den richtigen Methoden und der richtigen Herangehensweise beim Spielen auf Plattformen wie RocketPlay k\u00f6nnen Sie nicht nur Ihre Gewinnchancen erh\u00f6hen, sondern auch negative Folgen vermeiden und trotzdem Spa\u00df am Spiel haben.<\/p>\n","protected":false},"excerpt":{"rendered":"<p>Was sind Blackjack-Waffen? Blackjack-Waffen sind eine Reihe von Strategien und Techniken, die es Spielern erm\u00f6glichen, sich einen Vorteil im Spiel zu verschaffen. Obwohl der Begriff \u201eBlackjack-Waffe\u201c nicht w\u00f6rtlich eine \u201eWaffe\u201c ist, bezieht er sich auf ein Arsenal an Taktiken, die einem Spieler eine bessere Gewinnchance geben. Daher die Fragen: Was ist eine Blackjack-Waffe? und was&#8230;<\/p>\n","protected":false},"author":1,"featured_media":0,"parent":1438,"menu_order":0,"comment_status":"closed","ping_status":"closed","template":"","meta":{"_acf_changed":false,"_kad_post_transparent":"default","_kad_post_title":"default","_kad_post_layout":"default","_kad_post_sidebar_id":"","_kad_post_content_style":"default","_kad_post_vertical_padding":"default","_kad_post_feature":"","_kad_post_feature_position":"","_kad_post_header":false,"_kad_post_footer":false,"footnotes":""},"class_list":["post-6366","page","type-page","status-publish","hentry"],"acf":[],"rttpg_featured_image_url":null,"rttpg_author":{"display_name":"Oliver","author_link":"https:\/\/rocketplay-online.com\/de\/author\/pemvas95n89x\/"},"rttpg_comment":0,"rttpg_category":null,"rttpg_excerpt":"Was sind Blackjack-Waffen? Blackjack-Waffen sind eine Reihe von Strategien und Techniken, die es Spielern erm\u00f6glichen, sich einen Vorteil im Spiel zu verschaffen. Obwohl der Begriff \u201eBlackjack-Waffe\u201c nicht w\u00f6rtlich eine \u201eWaffe\u201c ist, bezieht er sich auf ein Arsenal an Taktiken, die einem Spieler eine bessere Gewinnchance geben. Daher die Fragen: Was ist eine Blackjack-Waffe? und was...","_links":{"self":[{"href":"https:\/\/rocketplay-online.com\/de\/wp-json\/wp\/v2\/pages\/6366","targetHints":{"allow":["GET"]}}],"collection":[{"href":"https:\/\/rocketplay-online.com\/de\/wp-json\/wp\/v2\/pages"}],"about":[{"href":"https:\/\/rocketplay-online.com\/de\/wp-json\/wp\/v2\/types\/page"}],"author":[{"embeddable":true,"href":"https:\/\/rocketplay-online.com\/de\/wp-json\/wp\/v2\/users\/1"}],"replies":[{"embeddable":true,"href":"https:\/\/rocketplay-online.com\/de\/wp-json\/wp\/v2\/comments?post=6366"}],"version-history":[{"count":2,"href":"https:\/\/rocketplay-online.com\/de\/wp-json\/wp\/v2\/pages\/6366\/revisions"}],"predecessor-version":[{"id":6368,"href":"https:\/\/rocketplay-online.com\/de\/wp-json\/wp\/v2\/pages\/6366\/revisions\/6368"}],"up":[{"embeddable":true,"href":"https:\/\/rocketplay-online.com\/de\/wp-json\/wp\/v2\/pages\/1438"}],"wp:attachment":[{"href":"https:\/\/rocketplay-online.com\/de\/wp-json\/wp\/v2\/media?parent=6366"}],"curies":[{"name":"wp","href":"https:\/\/api.w.org\/{rel}","templated":true}]}}