{"id":6317,"date":"2024-11-25T17:31:30","date_gmt":"2024-11-25T14:31:30","guid":{"rendered":"https:\/\/rocketplay-online.com\/blackjack\/summer\/"},"modified":"2024-11-27T00:11:49","modified_gmt":"2024-11-26T21:11:49","slug":"summer","status":"publish","type":"page","link":"https:\/\/rocketplay-online.com\/de\/blackjack\/summer\/","title":{"rendered":"Blackjack Summer: \u00dcbersicht und Spielfunktionen"},"content":{"rendered":"<p>Summer Blackjack ist ein einzigartiges Spielerlebnis, das die Spannung des klassischen Blackjack mit einer Sommeratmosph\u00e4re verbindet. Das Spiel bietet die M\u00f6glichkeit, in eine Welt voller Spa\u00df einzutauchen und gleichzeitig die Elemente des Gl\u00fccksspiels zu genie\u00dfen. In diesem Artikel werden wir uns die Funktionen dieser aufregenden Version von Blackjack, ihr Thema und die Vorteile ansehen, die es bei Spielern beliebt machen.<\/p>\n<h2>Blackjack-Sommerthema<\/h2>\n<p>Blackjack Summer bietet eine helle und heitere Atmosph\u00e4re, die den Spieler in eine Welt voller Strandpartys, Sonnenschein und Sommerferien eintauchen l\u00e4sst. Dieses visuelle und akustische Umfeld verleiht dem klassischen Kartenspiel ein v\u00f6llig neues Erlebnis. Dank seines Designs und Themas ist das Spiel ideal f\u00fcr alle, die sich entspannen, aber dennoch Gl\u00fccksspiel-Emotionen erleben m\u00f6chten.<\/p>\n<h4>Sommerlicher Stil und Atmosph\u00e4re<\/h4>\n<ul>\n<li aria-level=\"1\">Helles Design: Das Spiel ist in hellen Farben gehalten und erinnert an Sommer, Sonne und Strand. Kartentische, Hintergr\u00fcnde und Symbole erzeugen einen Urlaubseffekt.<\/li>\n<li aria-level=\"1\">Melodien und Soundeffekte: Ruhige und angenehme Melodien erg\u00e4nzen die Atmosph\u00e4re von Sommerferien und Entspannung.<\/li>\n<li aria-level=\"1\">Intuitive Benutzeroberfl\u00e4che: Einfache Steuerung und \u00fcbersichtliche Benutzeroberfl\u00e4che machen das Spiel sowohl f\u00fcr Anf\u00e4nger als auch f\u00fcr erfahrene Spieler zug\u00e4nglich, die etwas Neues ausprobieren m\u00f6chten.<\/li>\n<\/ul>\n<h4>Einzigartige Sommerturniere<\/h4>\n<p>Blackjack Summer bietet spannende Turniere wie den Blackjack Summer Marathon, bei dem Spieler ihre F\u00e4higkeiten testen und Punkte sammeln k\u00f6nnen, indem sie gegen andere Spieler antreten. Solche Turniere f\u00fcgen ein Wettbewerbselement hinzu und bieten die M\u00f6glichkeit, in sommerlicher Atmosph\u00e4re Preise zu gewinnen. Das Spiel wird spannender, da die Spieler nicht nur ihren Urlaub genie\u00dfen, sondern auch die Chance auf einen Gewinn und zus\u00e4tzliche Boni haben.<\/p>\n<h2>Vorteile des Blackjack-Spielens im Sommer<\/h2>\n<p>Unter den vielen verf\u00fcgbaren Online-Blackjack-Optionen sticht Summer Blackjack online aufgrund seiner einzigartigen Vorteile hervor. Spieler w\u00e4hlen dieses Spiel nicht nur wegen des spannenden Gameplays, sondern auch wegen der hervorragenden Boni, die Blackjack Summer ideal f\u00fcr den Sommerurlaub machen.<\/p>\n<div><div class=\"go-btn-container\"><div class=\"tosh-btn\"><a href=\"\/go-casino\/\" target=\"_blank\" rel=\"noopener\">JETZT SPIELEN<\/a><\/div><\/div><\/div>\n<h4>Angenehme Atmosph\u00e4re und Entspannung<\/h4>\n<ul>\n<li aria-level=\"1\">Sommerstimmung: Entspannen Sie sich und entfliehen Sie dem Alltagsstress mit Strand-, Urlaubs- oder Partygef\u00fchlen.<\/li>\n<li aria-level=\"1\">Urlaub jederzeit: Sie k\u00f6nnen jederzeit und \u00fcberall spielen und die angenehmen Empfindungen genie\u00dfen, auch wenn die Sommersaison bereits vorbei ist.<\/li>\n<\/ul>\n<h4>Attraktive Boni und Pr\u00e4mien<\/h4>\n<p>Blackjack Summer bietet Spielern verschiedene Boni und Belohnungen, die w\u00e4hrend des Spiels verf\u00fcgbar sind. Durch spezielle Aktionen und Turniere k\u00f6nnen Spieler ihre Gewinne erh\u00f6hen oder zus\u00e4tzliche Chips erhalten, um weiterspielen zu k\u00f6nnen.<\/p>\n<ul>\n<li aria-level=\"1\">T\u00e4gliche Boni: Die M\u00f6glichkeit, jeden Tag zus\u00e4tzliche Chips und Belohnungen zu erhalten.<\/li>\n<li aria-level=\"1\">Turnierpreise: Spieler k\u00f6nnen Preise und Bonuschips gewinnen, indem sie an besonderen Events wie dem Blackjack Summer Marathon teilnehmen.<\/li>\n<\/ul>\n<h4>Zug\u00e4nglichkeit und Spielkomfort<\/h4>\n<p>Summer Blackjack online ist praktisch, da es auf jedem Ger\u00e4t ausgef\u00fchrt werden kann, sei es ein Computer, Tablet oder Smartphone. Dadurch ist es m\u00f6glich, \u00fcberall zu spielen, ohne ein landbasiertes Casino besuchen zu m\u00fcssen. Die Bequemlichkeit und Zug\u00e4nglichkeit dieser Version von Blackjack machen es zu einer gro\u00dfartigen Wahl f\u00fcr diejenigen, die Spannung mit Komfort verbinden m\u00f6chten.<\/p>\n<p><img loading=\"lazy\" decoding=\"async\" class=\"aligncenter  wp-image-6300\" src=\"https:\/\/rocketplay-online.com\/wp-content\/uploads\/2024\/11\/blackjack-summer-1.jpg\" alt=\"Blackjack Summer 1\" width=\"816\" height=\"504\" srcset=\"https:\/\/rocketplay-online.com\/wp-content\/uploads\/2024\/11\/blackjack-summer-1.jpg 1259w, https:\/\/rocketplay-online.com\/wp-content\/uploads\/2024\/11\/blackjack-summer-1-300x185.jpg 300w, https:\/\/rocketplay-online.com\/wp-content\/uploads\/2024\/11\/blackjack-summer-1-1024x632.jpg 1024w, https:\/\/rocketplay-online.com\/wp-content\/uploads\/2024\/11\/blackjack-summer-1-768x474.jpg 768w\" sizes=\"auto, (max-width: 816px) 100vw, 816px\" \/><\/p>\n<h2>Hauptmerkmale von Blackjack Summer<\/h2>\n<p>Blackjack Summer ist eine einzigartige Version des beliebten Blackjack-Spiels, das die Spieler in die Atmosph\u00e4re eines hei\u00dfen Sommers und Urlaubs eintauchen l\u00e4sst. Summer Blackjack online bietet klassisches Gameplay mit zus\u00e4tzlichen Sommermotiven und exklusiven Funktionen. Dieses Spiel bietet helle, sonnige Farben, die an Strandurlaube erinnern, und entspannende Musik, die die Atmosph\u00e4re eines Abends an der K\u00fcste schafft.<\/p>\n<h4>Visuelle Gestaltung und thematisches Design<\/h4>\n<p>Die Spieloberfl\u00e4che und das Design von Blackjack Summer erfreuen das Auge mit satten Farben, hellen Karten und Hintergr\u00fcnden mit Strandelementen und vermitteln ein Urlaubsgef\u00fchl. Das Strandthema erm\u00f6glicht es den Spielern, sich wie im Urlaub zu f\u00fchlen, ohne dabei ihr eigenes Zuhause verlassen zu m\u00fcssen, und selbst in hektischen Spielmomenten vollst\u00e4ndig in die Atmosph\u00e4re der Entspannung und des Spa\u00dfes einzutauchen.<\/p>\n<ul>\n<li aria-level=\"1\">Sommerfarben: Helle Farben machen das Spiel lebendiger und angenehmer anzusehen.<\/li>\n<li aria-level=\"1\">Animation und Soundeffekte: Leichte und ruhige Ger\u00e4usche der Meeresbrandung erg\u00e4nzen das Thema und schaffen eine Atmosph\u00e4re der Entspannung und Erholung.<\/li>\n<li aria-level=\"1\">Einfache und benutzerfreundliche Benutzeroberfl\u00e4che: Dank der intuitiven Benutzeroberfl\u00e4che k\u00f6nnen sich Spieler aller Niveaus problemlos an das Spiel gew\u00f6hnen.<\/li>\n<\/ul>\n<h4>S\u00fcchtig machendes Gameplay<\/h4>\n<p>Im Gegensatz zum klassischen Blackjack werden bei Blackjack Summer Elemente hinzugef\u00fcgt, die das Spiel spannender machen. Das Spiel bietet beispielsweise einzigartige Turniere wie den Blackjack Summer Marathon, bei dem Sie gegen andere Spieler antreten und zus\u00e4tzliche Boni gewinnen k\u00f6nnen. Jedes Turnier verleiht dem Spiel Dynamik und erzeugt ein Gef\u00fchl freundschaftlichen Wettbewerbs unter den Teilnehmern.<\/p>\n<h2>Bonusprogramm im Spiel<\/h2>\n<p>Eines der attraktivsten Features von Summer Blackjack ist das Bonusprogramm, das verschiedene Belohnungen, Aktionen und Events umfasst, die der Sommersaison gewidmet sind. Boni und Belohnungen machen das Spiel interessanter und attraktiver und erm\u00f6glichen den Spielern mehr Gewinnchancen und mehr Spielchips.<\/p>\n<h3>Besondere Boni<\/h3>\n<p>Bei Blackjack Summer werden t\u00e4glich spezielle Boni angeboten, die Teil eines einzigartigen Belohnungsprogramms sind. Mit diesen Boni erhalten Spieler zus\u00e4tzliche Chips, ohne die sie m\u00f6glicherweise nicht an einigen Runden teilnehmen k\u00f6nnen.<\/p>\n<ul>\n<li aria-level=\"1\">T\u00e4gliche Boni: Spieler k\u00f6nnen jeden Tag Belohnungen erhalten, was sie motiviert, immer wieder zum Spiel zur\u00fcckzukehren.<\/li>\n<li aria-level=\"1\">Anmeldeboni: Neue Benutzer erhalten h\u00e4ufig spezielle Boni, die es ihnen erm\u00f6glichen, das Spiel mit einem kleinen Vorrat an Chips zu beginnen.<\/li>\n<\/ul>\n<p>Diese besonderen Boni geben den Spielern Vertrauen und Unterst\u00fctzung, was besonders in der Anfangsphase des Spiels hilfreich ist.<\/p>\n<div><div class=\"go-btn-container\"><div class=\"tosh-btn\"><a href=\"\/go-casino\/\" target=\"_blank\" rel=\"noopener\">JETZT SPIELEN<\/a><\/div><\/div><\/div>\n<h3>Sommer-Jackpots<\/h3>\n<p>Eines der aufregendsten Elemente des Blackjack-Sommers sind die Sommer-Jackpots. Sie bieten den Spielern die Chance, gro\u00df zu gewinnen, was die Spannung und das Interesse am Spiel steigert.<\/p>\n<ul>\n<li aria-level=\"1\">Progressive Jackpots: Manche Jackpots erh\u00f6hen sich mit jeder Runde, was die Spieler \u00fcber einen l\u00e4ngeren Zeitraum fesselt.<\/li>\n<li aria-level=\"1\">Saisonale Belohnungen: Jackpots und andere auf die Sommersaison abgestimmte Belohnungen machen das Spiel noch einzigartiger und interessanter.<\/li>\n<\/ul>\n<p>Sommerjackpots sind einer der Hauptgr\u00fcnde, warum sich Spieler f\u00fcr Blackjack Summer entscheiden, da sie f\u00fcr Spannung und die Chance auf gro\u00dfe Gewinne sorgen.<\/p>\n<h3>Bonusrunden<\/h3>\n<p>Bonusrunden beim Summer Blackjack online bieten zus\u00e4tzliche Gewinnchancen und bringen Abwechslung ins Spielgeschehen. Jede Runde kann einzigartige Chancen und Belohnungen bieten, die das Interesse am Spiel steigern und neue Emotionen wecken.<\/p>\n<ul>\n<li aria-level=\"1\">Spezielle Bonusrunden: Diese Runden bieten zus\u00e4tzliche Chips oder M\u00f6glichkeiten, den Einsatz zu erh\u00f6hen, sodass die Spieler neue Strategien ausprobieren k\u00f6nnen.<\/li>\n<li aria-level=\"1\">Risiken und Belohnungen: Einige Bonusrunden bieten Spielern die M\u00f6glichkeit, ihren Einsatz zu erh\u00f6hen und im Gewinnfall die doppelte Belohnung zu erhalten.<\/li>\n<\/ul>\n<p>Bonusrunden tragen nicht nur zur Dynamik des Spiels bei, sondern schaffen auch einzigartige Spielm\u00f6glichkeiten, die das Spiel f\u00fcr Spieler aller Erfahrungsstufen noch attraktiver machen.<\/p>\n<h2>Strategien f\u00fcr Sommer-Blackjack<\/h2>\n<p>Blackjack Summer ist eine spannende Version des klassischen Blackjack-Spiels, die dem Spielverlauf einen Hauch von Sommerspa\u00df und Spannung verleihen soll. In diesem Artikel sehen wir uns an, welche Strategien Ihnen helfen k\u00f6nnen, Ihre Gewinnchancen zu erh\u00f6hen, indem Sie Sommerboni nutzen, Ihre Eins\u00e4tze richtig verwalten und sich darauf konzentrieren, auf der RocketPlay-Plattform verantwortungsbewusst zu spielen.<\/p>\n<h3>Sommerboni nutzen<\/h3>\n<p>Sommerboni spielen beim Summer Blackjack online eine wichtige Rolle, da sie das Spiel spannender und lukrativer machen. W\u00e4hrend des Sommers bieten viele Casinos den Spielern zus\u00e4tzliche Aktionen und Bonusprogramme an, die die Gewinnchancen erh\u00f6hen und es Ihnen erm\u00f6glichen, mit weniger Risiko zu wetten.<\/p>\n<ul>\n<li aria-level=\"1\">Anmeldeboni: Viele Spieleplattformen, darunter RocketPlay, bieten Boni f\u00fcr neue Spieler. Diese Boni k\u00f6nnen Ihnen helfen, ein anf\u00e4ngliches Chipguthaben anzusammeln und mit mehr Selbstvertrauen zu spielen.<\/li>\n<li aria-level=\"1\">Spezielle Sommeraktionen: Im Sommer gibt es h\u00e4ufig Aktionen und Sonderangebote, wie beispielsweise den Blackjack Summer Marathon, bei dem Sie zus\u00e4tzliche Chips, Belohnungen oder die Chance, um Jackpots zu k\u00e4mpfen, gewinnen k\u00f6nnen.<\/li>\n<li aria-level=\"1\">Sommerturniere: Einige Casinos veranstalten Sommer-Blackjack-Turniere, bei denen Spieler gegeneinander antreten und einzigartige Preise gewinnen k\u00f6nnen.<\/li>\n<\/ul>\n<p>Die Nutzung der Sommerboni ist eine gro\u00dfartige Gelegenheit, Ihr Chipguthaben zu erh\u00f6hen und Ihre Spielzeit zu verl\u00e4ngern, sodass Sie Blackjack im Sommer besser erlernen und meistern k\u00f6nnen.<\/p>\n<p><img loading=\"lazy\" decoding=\"async\" class=\"aligncenter  wp-image-6292\" src=\"https:\/\/rocketplay-online.com\/wp-content\/uploads\/2024\/11\/blackjack-summer-2.jpg\" alt=\"Blackjack Summer 2\" width=\"815\" height=\"454\" srcset=\"https:\/\/rocketplay-online.com\/wp-content\/uploads\/2024\/11\/blackjack-summer-2.jpg 1539w, https:\/\/rocketplay-online.com\/wp-content\/uploads\/2024\/11\/blackjack-summer-2-300x167.jpg 300w, https:\/\/rocketplay-online.com\/wp-content\/uploads\/2024\/11\/blackjack-summer-2-1024x571.jpg 1024w, https:\/\/rocketplay-online.com\/wp-content\/uploads\/2024\/11\/blackjack-summer-2-768x428.jpg 768w, https:\/\/rocketplay-online.com\/wp-content\/uploads\/2024\/11\/blackjack-summer-2-1536x856.jpg 1536w\" sizes=\"auto, (max-width: 815px) 100vw, 815px\" \/><\/p>\n<h3>Richtiges Wettmanagement<\/h3>\n<p>Ein gutes Wettmanagement ist beim Blackjack Summer der Schl\u00fcssel zu einem erfolgreichen und sicheren Spiel. So behalten Sie die Kontrolle \u00fcber Ihr Budget und minimieren Risiken.<\/p>\n<ul>\n<li aria-level=\"1\">Budgetplanung: Legen Sie einen H\u00f6chstbetrag fest, den Sie f\u00fcr das Spiel ausgeben m\u00f6chten, und halten Sie sich strikt an diesen Plan. Dies sch\u00fctzt Sie vor unn\u00f6tigen finanziellen Verlusten.<\/li>\n<li aria-level=\"1\">Wetten Sie mit Bedacht: Beginnen Sie mit Mindesteins\u00e4tzen, um sich mit dem Spiel und seinen Besonderheiten vertraut zu machen. Mit zunehmender Erfahrung k\u00f6nnen Sie Ihre Eins\u00e4tze schrittweise erh\u00f6hen.<\/li>\n<li aria-level=\"1\">Martingale-Strategie anwenden: Wer seine Eins\u00e4tze lieber systematisch steigert, f\u00fcr den kann die Martingale-Strategie hilfreich sein: Bei einem Verlust wird der Einsatz verdoppelt, bei einem Gewinn wird er auf den urspr\u00fcnglichen Einsatz zur\u00fcckgesetzt.<\/li>\n<\/ul>\n<p>Die Verwendung dieser Strategien tr\u00e4gt nicht nur dazu bei, Ihr Gameplay zu verbessern, sondern macht es auch besser organisiert und unterhaltsamer.<\/p>\n<h2>Tipps f\u00fcr verantwortungsvolles Spielen bei RocketPlay<\/h2>\n<p>Verantwortungsvolles Spielen ist die Grundlage f\u00fcr ein sicheres und angenehmes Erlebnis. RocketPlay bietet seinen Benutzern viele Tools zur Kontrolle ihres Gl\u00fccksspiels und zur Verwaltung ihres Budgets. Hier sind einige Richtlinien, die Ihnen helfen, Summer Blackjack zu genie\u00dfen, ohne unn\u00f6tige Risiken einzugehen.<\/p>\n<h4>Zeitkontrolle<\/h4>\n<p>Um M\u00fcdigkeit und Konzentrationsmangel zu vermeiden, sollten Sie die Spielzeit begrenzen. Legen Sie Zeitlimits f\u00fcr Ihre Spielsitzungen fest, z. B. dass Sie nicht l\u00e4nger als eine Stunde am St\u00fcck spielen. Dadurch vermeiden Sie auch impulsives Wetten und behalten eine n\u00fcchterne Einstellung zum Spiel.<\/p>\n<h4>Legen Sie Einzahlungslimits fest<\/h4>\n<p>RocketPlay bietet die M\u00f6glichkeit, Einzahlungslimits festzulegen, was den Spielern hilft, ihre Ausgaben zu kontrollieren. Das Festlegen von Limits ist eine praktische M\u00f6glichkeit, ein Gleichgewicht zu halten und voreilige Ausgaben zu vermeiden.<\/p>\n<h4>Verwenden des Modus \u201eSelbstausschluss\u201c<\/h4>\n<p>Wenn ein Spieler das Gef\u00fchl hat, dass das Gl\u00fccksspiel sein Leben zu beeintr\u00e4chtigen beginnt, bietet RocketPlay die M\u00f6glichkeit, den Zugriff auf sein Spielkonto vor\u00fcbergehend zu sperren. In diesem Modus k\u00f6nnen Sie Ihre Gl\u00fccksspielaktivit\u00e4ten kontrollieren und ein Gleichgewicht zwischen Unterhaltung und echtem Leben aufrechterhalten.<\/p>\n<h2>Abschluss<\/h2>\n<p>Blackjack Summer ist nicht nur ein Spiel, sondern eine einzigartige Gelegenheit, die Atmosph\u00e4re des Sommers zu genie\u00dfen, w\u00e4hrend Sie Ihr Lieblings-Blackjack spielen. Durch die Nutzung von Boni und geeigneten Wettmanagementstrategien k\u00f6nnen Sie Ihre Erfolgschancen erh\u00f6hen und jede Runde genie\u00dfen. Indem sie die Richtlinien f\u00fcr verantwortungsbewusstes Spielen befolgen, k\u00f6nnen Spieler das Spiel sicher genie\u00dfen und gleichzeitig ihr Budget verwalten und ihre Zeit kontrollieren.<\/p>\n","protected":false},"excerpt":{"rendered":"<p>Summer Blackjack ist ein einzigartiges Spielerlebnis, das die Spannung des klassischen Blackjack mit einer Sommeratmosph\u00e4re verbindet. Das Spiel bietet die M\u00f6glichkeit, in eine Welt voller Spa\u00df einzutauchen und gleichzeitig die Elemente des Gl\u00fccksspiels zu genie\u00dfen. In diesem Artikel werden wir uns die Funktionen dieser aufregenden Version von Blackjack, ihr Thema und die Vorteile ansehen, die&#8230;<\/p>\n","protected":false},"author":1,"featured_media":0,"parent":1438,"menu_order":0,"comment_status":"closed","ping_status":"closed","template":"","meta":{"_acf_changed":false,"_kad_post_transparent":"default","_kad_post_title":"default","_kad_post_layout":"default","_kad_post_sidebar_id":"","_kad_post_content_style":"default","_kad_post_vertical_padding":"default","_kad_post_feature":"","_kad_post_feature_position":"","_kad_post_header":false,"_kad_post_footer":false,"footnotes":""},"class_list":["post-6317","page","type-page","status-publish","hentry"],"acf":[],"rttpg_featured_image_url":null,"rttpg_author":{"display_name":"Oliver","author_link":"https:\/\/rocketplay-online.com\/de\/author\/pemvas95n89x\/"},"rttpg_comment":0,"rttpg_category":null,"rttpg_excerpt":"Summer Blackjack ist ein einzigartiges Spielerlebnis, das die Spannung des klassischen Blackjack mit einer Sommeratmosph\u00e4re verbindet. Das Spiel bietet die M\u00f6glichkeit, in eine Welt voller Spa\u00df einzutauchen und gleichzeitig die Elemente des Gl\u00fccksspiels zu genie\u00dfen. In diesem Artikel werden wir uns die Funktionen dieser aufregenden Version von Blackjack, ihr Thema und die Vorteile ansehen, die...","_links":{"self":[{"href":"https:\/\/rocketplay-online.com\/de\/wp-json\/wp\/v2\/pages\/6317","targetHints":{"allow":["GET"]}}],"collection":[{"href":"https:\/\/rocketplay-online.com\/de\/wp-json\/wp\/v2\/pages"}],"about":[{"href":"https:\/\/rocketplay-online.com\/de\/wp-json\/wp\/v2\/types\/page"}],"author":[{"embeddable":true,"href":"https:\/\/rocketplay-online.com\/de\/wp-json\/wp\/v2\/users\/1"}],"replies":[{"embeddable":true,"href":"https:\/\/rocketplay-online.com\/de\/wp-json\/wp\/v2\/comments?post=6317"}],"version-history":[{"count":2,"href":"https:\/\/rocketplay-online.com\/de\/wp-json\/wp\/v2\/pages\/6317\/revisions"}],"predecessor-version":[{"id":6319,"href":"https:\/\/rocketplay-online.com\/de\/wp-json\/wp\/v2\/pages\/6317\/revisions\/6319"}],"up":[{"embeddable":true,"href":"https:\/\/rocketplay-online.com\/de\/wp-json\/wp\/v2\/pages\/1438"}],"wp:attachment":[{"href":"https:\/\/rocketplay-online.com\/de\/wp-json\/wp\/v2\/media?parent=6317"}],"curies":[{"name":"wp","href":"https:\/\/api.w.org\/{rel}","templated":true}]}}