{"id":6103,"date":"2024-11-20T02:15:44","date_gmt":"2024-11-19T23:15:44","guid":{"rendered":"https:\/\/rocketplay-online.com\/blackjack\/halloween\/"},"modified":"2024-11-21T00:30:33","modified_gmt":"2024-11-20T21:30:33","slug":"halloween","status":"publish","type":"page","link":"https:\/\/rocketplay-online.com\/de\/blackjack\/halloween\/","title":{"rendered":"Blackjack Halloween \u00dcbersicht und Vorteile"},"content":{"rendered":"<p><span>Blackjack Halloween ist eine spannende Neuinterpretation des traditionellen Blackjack und bietet Spielern die M\u00f6glichkeit, in die unheimliche Atmosph\u00e4re von Halloween in ihr geliebtes Kartenspiel einzutauchen. Diese Version des beliebten Spiels kombiniert bekannte Blackjack-Mechaniken mit einem gruseligen Thema und ist damit sowohl f\u00fcr klassische Casino-Fans als auch f\u00fcr diejenigen interessant, die nach etwas Neuem und Anderem suchen. Der Hauptvorteil von Blackjack Halloween ist das Eintauchen in die Themenwelt, in der jedes Detail \u2013 vom visuellen Design bis zum Soundtrack \u2013 zur Schaffung einer einzigartigen Atmosph\u00e4re beitr\u00e4gt, was Halloween Blackjack zur perfekten Mischung aus gruseligem Spa\u00df und klassischem Gameplay macht.<\/span><\/p>\n<p><span>Blackjack Halloween bietet Spielern au\u00dferdem die M\u00f6glichkeit, spezielle Themenboni zu nutzen, die oft nur w\u00e4hrend eines bestimmten Zeitraums angeboten werden, normalerweise im Vorfeld von Halloween. Dazu k\u00f6nnen zus\u00e4tzliche Freispiele, erh\u00f6hte Auszahlungen und exklusive Aktionen geh\u00f6ren, die das Spiel nicht nur interessant, sondern auch profitabel machen.<\/span><\/p>\n<p><span>Dar\u00fcber hinaus sorgen einzigartige Spielelemente wie besondere Boni f\u00fcr bestimmte Kartenkombinationen oder unerwartete thematische Ereignisse f\u00fcr noch mehr Faszination und Spannung im Spiel und machen jedes Spiel wirklich unvorhersehbar.<\/span><\/p>\n<div class=\"go-btn-container\"><div class=\"tosh-btn\"><a href=\"\/go-casino\/\" target=\"_blank\" rel=\"noopener\">JETZT SPIELEN<\/a><\/div><\/div>\n<h2><span>Blackjack Halloween Thema und Design<\/span><\/h2>\n<p><span>Das Thema und das Design von Halloween Blackjack unterscheiden es wirklich von traditionellen Versionen des Spiels und bieten den Spielern ein einzigartig eindringliches und atmosph\u00e4risches Erlebnis. Jedes Detail des Designs wurde perfekt durchdacht: die Hintergrundmusik soll G\u00e4nsehaut verursachen, die unheimlichen Ger\u00e4usche von Schritten, sich \u00f6ffnenden T\u00fcren und fl\u00fcsterndem Wind. Die visuellen Effekte sind erstaunlich: leuchtend orange K\u00fcrbisse, Geister und Hexen begleiten jede Aktion des Spielers.<\/span><\/p>\n<p><span>Kartentische sind wie alte Grabsteine \u200b\u200bgestaltet und die Karten selbst sind mit Totenk\u00f6pfen, Flederm\u00e4usen und anderen unheimlichen Halloween-Symbolen geschm\u00fcckt, w\u00e4hrend der Halloween-Charakter des Blackjack-Dealers eine zus\u00e4tzliche Ebene thematischer Authentizit\u00e4t hinzuf\u00fcgt. Auff\u00e4llige Animationen und beeindruckende \u00dcberg\u00e4nge steigern die Spannung des Spiels. Dadurch entsteht eine immersive Umgebung, in der sich die Spieler wie in einem echten Casino f\u00fchlen und vom Halloween-Geist umh\u00fcllt sind. Jedes Designelement tr\u00e4gt zur gruseligen, mystischen Atmosph\u00e4re bei, die nicht nur durch die Optik, sondern auch durch \u00dcberraschungseffekte wie Schattenfiguren oder pl\u00f6tzliche Blitzeinschl\u00e4ge verst\u00e4rkt wird, die das dynamische Erlebnis intensivieren und die Spieler in einen wahren Halloween-Albtraum st\u00fcrzen.<\/span><\/p>\n<p><img loading=\"lazy\" decoding=\"async\" class=\"aligncenter wp-image-6072\" src=\"https:\/\/rocketplay-online.com\/wp-content\/uploads\/2024\/11\/blackjack-halloween-1.jpg\" alt=\"Blackjack Halloween 1\" width=\"822\" height=\"507\" srcset=\"https:\/\/rocketplay-online.com\/wp-content\/uploads\/2024\/11\/blackjack-halloween-1.jpg 1270w, https:\/\/rocketplay-online.com\/wp-content\/uploads\/2024\/11\/blackjack-halloween-1-300x185.jpg 300w, https:\/\/rocketplay-online.com\/wp-content\/uploads\/2024\/11\/blackjack-halloween-1-1024x631.jpg 1024w, https:\/\/rocketplay-online.com\/wp-content\/uploads\/2024\/11\/blackjack-halloween-1-768x473.jpg 768w\" sizes=\"auto, (max-width: 822px) 100vw, 822px\" \/><\/p>\n<h2><span>Funktionen von Blackjack Halloween<\/span><\/h2>\n<p><span>Blackjack Halloween bietet nicht nur ein einzigartiges Design, sondern auch mehrere besondere Funktionen, die es vom klassischen Blackjack unterscheiden:<\/span><\/p>\n<ul>\n<li aria-level=\"1\"><span>Themenkarten und -tische. In dieser Version des Spiels hat jede Karte ein einzigartiges Halloween-bezogenes Design. Dies verleiht dem Spiel visuelles Interesse und \u00e4sthetisches Vergn\u00fcgen.<\/span><\/li>\n<li aria-level=\"1\"><span>Atmosph\u00e4rische Musik. Jedes Spiel wird von dunkler Musik begleitet, die das Gef\u00fchl des Eintauchens in die Halloween-Atmosph\u00e4re verst\u00e4rkt.<\/span><\/li>\n<li aria-level=\"1\"><span>Sonderaktionen und Turniere. W\u00e4hrend Halloween veranstalten viele Online-Casinos Thementurniere mit erh\u00f6hten Auszahlungen oder Sonderpreisen f\u00fcr die Teilnehmer. Dies motiviert die Spieler, zum Spiel zur\u00fcckzukehren und um gro\u00dfe Preise zu k\u00e4mpfen.<\/span><\/li>\n<li aria-level=\"1\"><span>Einzigartige Boni. Zus\u00e4tzlich zu den \u00fcblichen Online-Casino-Boni bietet Halloween Blackjack h\u00e4ufig zus\u00e4tzliche thematische Belohnungen, wie z. B. exklusive Preise f\u00fcr das Erf\u00fcllen bestimmter Spielbedingungen, wodurch das Gameplay noch spannender und lohnender wird.<\/span><\/li>\n<\/ul>\n<p><span>Diese Funktionen machen Blackjack Halloween f\u00fcr Spieler nicht nur unterhaltsam, sondern auch profitabel, was sowohl neue als auch erfahrene Benutzer anzieht. Dar\u00fcber hinaus ist es erw\u00e4hnenswert, dass Halloween Blackjack oft zus\u00e4tzliche Sondersymbole auf den Karten enth\u00e4lt, die einzigartige Boni oder Multiplikatoren aktivieren k\u00f6nnen, was dem Spiel ein Element der \u00dcberraschung und strategischen Planung verleiht und es f\u00fcr Spieler, die nach neuen Emotionen und M\u00f6glichkeiten suchen, noch attraktiver macht.<\/span><\/p>\n<h2><span>\u00a0Wie spielt man Blackjack Halloween?<\/span><\/h2>\n<p><span>Blackjack Halloween zu spielen ist relativ unkompliziert, insbesondere f\u00fcr diejenigen, die bereits mit den klassischen Blackjack-Regeln vertraut sind, w\u00e4hrend der gruselige Twist f\u00fcr zus\u00e4tzliche Spannung sorgt. Die Grundregeln bleiben dieselben, aber wenn Sie Blackjack Halloween spielen, sorgt die unheimliche Atmosph\u00e4re f\u00fcr ein zus\u00e4tzliches Gef\u00fchl von Mysteri\u00f6sit\u00e4t und Unvorhersehbarkeit. Die Spieler treten gegen den Blackjack-Dealer Halloween an und streben 21 Punkte an, w\u00e4hrend sie sich auf ihre Intuition und Strategie verlassen, um die besten Entscheidungen zu treffen. In dieser Version k\u00f6nnen die Spieler jedoch auch auf thematische \u00dcberraschungen wie Bonuskarten oder mystische Ereignisse sto\u00dfen, die den Spielverlauf unerwartet ver\u00e4ndern und das Erlebnis noch unvorhersehbarer machen k\u00f6nnen.<\/span><\/p>\n<h3><span>Spielregeln<\/span><\/h3>\n<p><span>Blackjack Halloween folgt den Grundregeln von Blackjack, aber wenn Sie Blackjack Halloween spielen, bleibt das Ziel dasselbe: eine Hand mit Karten zu erhalten, deren Gesamtpunktzahl so nahe wie m\u00f6glich an 21 liegt, ohne diese Zahl zu \u00fcberschreiten. Wenn ein Spieler 21 Punkte \u00fcberschreitet, gilt dies als \u201eBust\u201c, was zu einem Verlust f\u00fchrt. Jede Karte hat ihren eigenen Wert: Zahlenkarten entsprechen ihrem numerischen Wert, w\u00e4hrend Bildkarten (Bube, Dame, K\u00f6nig) 10 Punkte wert sind. Ein Ass kann entweder 1 oder 11 Punkte z\u00e4hlen, je nachdem, was dem Spieler mehr n\u00fctzt.<\/span><\/p>\n<p><span>Das Spiel beginnt damit, dass jedem Teilnehmer zwei Karten ausgeteilt werden. Der Spieler kann entscheiden, ob er weitere Karten nimmt (Hit) oder bei seiner aktuellen Hand bleibt (Stand), um den Blackjack-Dealer im Halloween-Stil auszuspielen. Der Dealer zieht nach bestimmten Regeln normalerweise weitere Karten, bis er eine Hand mit 17 Punkten oder mehr erreicht.<\/span><\/p>\n<p><span>Blackjack Halloween sorgt f\u00fcr Atmosph\u00e4re und kleine thematisch passende Boni, wie zum Beispiel zuf\u00e4llige Halloween-Belohnungen f\u00fcr bestimmte Kartenkombinationen.<\/span><\/p>\n<div class=\"go-btn-container\"><div class=\"tosh-btn\"><a href=\"\/go-casino\/\" target=\"_blank\" rel=\"noopener\">JETZT SPIELEN<\/a><\/div><\/div>\n<h2><span>Themenbezogene Boni und Aktionen<\/span><\/h2>\n<p><span>Einer der Hauptvorteile von Blackjack Halloween sind die themenbezogenen Boni und Aktionen, die f\u00fcr eine begrenzte Zeit angeboten werden. Online-Casinos, insbesondere solche, die Blackjack Halloween online anbieten, versuchen, Spieler anzulocken, indem sie zus\u00e4tzliche Belohnungen und exklusive Preise in das Spielgeschehen einbauen, um das Erlebnis noch spannender und lohnender zu machen. Je nach Casino k\u00f6nnen diese Boni das Spielerlebnis erheblich verbessern.<\/span><\/p>\n<ul>\n<li aria-level=\"1\"><span>Willkommensboni. W\u00e4hrend der Halloween-Saison bieten viele Casinos neue Willkommensboni speziell f\u00fcr Spiele mit dem Thema des Feiertags an, darunter auch Blackjack Halloween.<\/span><\/li>\n<li aria-level=\"1\"><span>T\u00e4gliche und w\u00f6chentliche Aktionen. Spieler k\u00f6nnen zus\u00e4tzliche Belohnungen verdienen, indem sie w\u00e4hrend bestimmter Zeitr\u00e4ume spielen oder besondere Bedingungen erf\u00fcllen.<\/span><\/li>\n<li aria-level=\"1\"><span>H\u00f6here Auszahlungen. An Halloween bieten viele Casinos erh\u00f6hte Auszahlungen f\u00fcr bestimmte Kombinationen oder bestimmte Spiele an.<\/span><\/li>\n<\/ul>\n<h3><span>Wie nutzt man Halloween-Aktionen?<\/span><\/h3>\n<p><span>Um die Vorteile beim Online-Spielen von Blackjack Halloween zu maximieren, ist es wichtig, die Werbeaktionen des Online-Casinos genau zu beobachten und \u00fcber die neuesten Bonusangebote auf dem Laufenden zu bleiben. Die meisten Angebote, insbesondere diejenigen, die mit dem Spielen von Blackjack Halloween verbunden sind, erfordern von den Spielern, dass sie bestimmte Bedingungen erf\u00fcllen, wie z. B. die Eingabe von Promo-Codes bei Einzahlungen, die Einhaltung von Mindesteinsatzniveaus oder das Abschlie\u00dfen bestimmter Spielherausforderungen. Spieler werden ermutigt, den Bereich mit den Werbeaktionen regelm\u00e4\u00dfig zu \u00fcberpr\u00fcfen, um keine wertvollen Gelegenheiten zu verpassen. Es ist wichtig zu bedenken, dass Boni normalerweise f\u00fcr eine begrenzte Zeit verf\u00fcgbar sind und oft mit bestimmten Wettanforderungen verbunden sind.<\/span><\/p>\n<p><span>Um Ihr Spielerlebnis noch weiter zu verbessern, lohnt es sich auch, die Newsletter des Casinos zu abonnieren oder Benachrichtigungen zu aktivieren, um \u00fcber exklusive, zeitkritische Aktionen informiert zu bleiben, die m\u00f6glicherweise nicht breit beworben werden. Einige Casinos bieten sogar personalisierte Angebote oder limitierte Boni f\u00fcr Blackjack Halloween-Onlinespieler an, weshalb es wichtig ist, proaktiv nach diesen M\u00f6glichkeiten zu suchen. Wenn Sie sich au\u00dferdem die Zeit nehmen, die Gesch\u00e4ftsbedingungen jeder Aktion sorgf\u00e4ltig zu lesen, stellen Sie sicher, dass Sie die Wettanforderungen, Zeitlimits und alle anderen Einschr\u00e4nkungen vollst\u00e4ndig verstehen. So k\u00f6nnen Sie Ihre Vorteile maximieren und potenzielle Fallstricke vermeiden.<\/span><\/p>\n<h2><span>Tipps zum Blackjack Halloween-Spielen<\/span><\/h2>\n<p><span>Halloween Blackjack kann genauso strategisch sein wie klassisches Blackjack. Daher werden Spieler ermutigt, bew\u00e4hrte Strategien anzuwenden, um ihre Erfolgschancen zu verbessern:<\/span><\/p>\n<ul>\n<li aria-level=\"1\"><span>Verwenden Sie grundlegende Strategien. Die grundlegende Blackjack-Strategie ist auch beim Halloween-Blackjack \u00e4u\u00dferst effektiv. Lernen Sie, wann es am besten ist, eine zus\u00e4tzliche Karte zu nehmen und wann Sie stehen bleiben sollten, um Risiken zu minimieren und potenzielle Gewinne zu maximieren.<\/span><\/li>\n<li aria-level=\"1\"><span>Ber\u00fccksichtigen Sie die Eigenschaften von Boni. Die Nutzung von Boni kann das Gesamtergebnis des Spiels stark beeinflussen. Verpassen Sie also nicht die Chance, mit zus\u00e4tzlichem Geld zu spielen und so m\u00f6glicherweise Ihre Gewinnchancen zu erh\u00f6hen.<\/span><\/li>\n<li aria-level=\"1\"><span>Kontrollieren Sie Ihr Geld. Einer der wichtigsten Aspekte des verantwortungsvollen Spielens ist ein effektives Geldmanagement. Legen Sie f\u00fcr jede Sitzung ein striktes Limit fest und halten Sie sich daran, um unn\u00f6tige Verluste zu vermeiden.<\/span><\/li>\n<\/ul>\n<p><img loading=\"lazy\" decoding=\"async\" class=\"aligncenter wp-image-6080\" src=\"https:\/\/rocketplay-online.com\/wp-content\/uploads\/2024\/11\/blackjack-halloween-2.jpg\" alt=\"Blackjack Halloween 2\" width=\"820\" height=\"389\" srcset=\"https:\/\/rocketplay-online.com\/wp-content\/uploads\/2024\/11\/blackjack-halloween-2.jpg 883w, https:\/\/rocketplay-online.com\/wp-content\/uploads\/2024\/11\/blackjack-halloween-2-300x142.jpg 300w, https:\/\/rocketplay-online.com\/wp-content\/uploads\/2024\/11\/blackjack-halloween-2-768x364.jpg 768w\" sizes=\"auto, (max-width: 820px) 100vw, 820px\" \/><\/p>\n<h2><span>Wichtige Kriterien zur Auswahl eines seri\u00f6sen Casinos<\/span><\/h2>\n<p><span>Die Wahl eines zuverl\u00e4ssigen Casinos zum Spielen von Halloween-Blackjack ist ein entscheidender Schritt, um ein sicheres und angenehmes Spielerlebnis zu gew\u00e4hrleisten. Um sich vor m\u00f6glichen Betr\u00fcgereien zu sch\u00fctzen und ein reibungsloses Spielerlebnis zu gew\u00e4hrleisten, sollten Sie die folgenden Faktoren ber\u00fccksichtigen:<\/span><\/p>\n<ul>\n<li aria-level=\"1\"><span>Lizenz und Regulierung. W\u00e4hlen Sie ein Casino, das \u00fcber eine Lizenz von renommierten Regulierungsbeh\u00f6rden wie der Malta Gaming Authority (MGA) oder der UK Gambling Commission (UKGC) verf\u00fcgt. Dies stellt sicher, dass die Spiele fair und sicher sind.<\/span><\/li>\n<li aria-level=\"1\"><span>Ruf. Lesen Sie die Bewertungen anderer Spieler. Der Online-Ruf eines Casinos ist ein wichtiger Indikator f\u00fcr seine Zuverl\u00e4ssigkeit.<\/span><\/li>\n<li aria-level=\"1\"><span>Zahlungssysteme. Stellen Sie sicher, dass das Casino bequeme und zuverl\u00e4ssige Methoden zur Ein- und Auszahlung von Gewinnen anbietet.<\/span><\/li>\n<li aria-level=\"1\"><span>Bonusprogramme. Seri\u00f6se Casinos bieten gro\u00dfz\u00fcgige Boni mit fairen Bedingungen. Achten Sie auf die Wettanforderungen.<\/span><\/li>\n<\/ul>\n<h2><span>Wie kann man bei RocketPlay verantwortungsbewusst spielen?<\/span><\/h2>\n<p><span>RocketPlay ist ein vertrauensw\u00fcrdiges Online-Casino, in dem Spieler in die spannende Welt von Blackjack Halloween online eintauchen k\u00f6nnen und gleichzeitig verschiedene Tools nutzen k\u00f6nnen, um verantwortungsvolle Spielpraktiken sicherzustellen. Das Casino bietet Funktionen wie das Festlegen von Einzahlungslimits, Zeitlimits und die M\u00f6glichkeit zum Selbstausschluss, wodurch die Spieler die Kontrolle behalten und das Suchtrisiko verringert wird, sodass Gl\u00fccksspiel eine unterhaltsame Form der Unterhaltung bleibt.<\/span><\/p>\n<ul>\n<li aria-level=\"1\"><span>Legen Sie Einzahlungslimits fest. Bestimmen Sie den H\u00f6chstbetrag, den Sie f\u00fcr Gl\u00fccksspiele ausgeben k\u00f6nnen, und halten Sie sich daran.<\/span><\/li>\n<li aria-level=\"1\"><span>Verwenden Sie Timer. Behalten Sie die Zeit im Auge, die Sie mit Spielen verbringen, um zu vermeiden, dass Sie sich zu sehr hinrei\u00dfen lassen.<\/span><\/li>\n<li aria-level=\"1\"><span>Spielen Sie nicht aus Emotionen heraus. Wenn Sie das Gef\u00fchl haben, dass das Spiel Ihnen zu viel Stress oder Aufregung bereitet, machen Sie eine Pause.<\/span><\/li>\n<\/ul>\n<p><span>RocketPlay stellt au\u00dferdem sicher, dass seine Spieler Zugang zu Bildungsressourcen und Unterst\u00fctzungsdiensten f\u00fcr verantwortungsbewusstes Spielen haben, was sein Engagement f\u00fcr das Wohlergehen der Spieler weiter unterstreicht. Durch das Angebot detaillierter Anleitungen zum verantwortungsbewussten Spielen sowie direkter Links zu Organisationen, die Hilfe f\u00fcr problematische Spieler anbieten, schafft RocketPlay eine sicherere und transparentere Spielumgebung. Dar\u00fcber hinaus f\u00f6rdert das Casino regelm\u00e4\u00dfige Selbsteinsch\u00e4tzungen, damit die Spieler ihr eigenes Verhalten \u00fcberwachen und fr\u00fche Anzeichen von problematischem Spielen erkennen k\u00f6nnen. So wird sichergestellt, dass das Spielen eine unterhaltsame und ausgewogene Form der Unterhaltung bleibt.<\/span><\/p>\n<h2><span>Abschluss<\/span><\/h2>\n<p><span>Blackjack Halloween ist das perfekte Spiel f\u00fcr alle, die die Halloween-Atmosph\u00e4re in Kombination mit klassischen Blackjack-Regeln genie\u00dfen m\u00f6chten. Das einzigartige Design, die themenbezogenen Boni und die aufregende Atmosph\u00e4re machen Halloween Blackjack zu einer fantastischen Wahl f\u00fcr Anf\u00e4nger und erfahrene Spieler gleicherma\u00dfen. Dar\u00fcber hinaus ist es perfekt f\u00fcr alle, die nicht nur ein spannendes Gameplay suchen, sondern auch die M\u00f6glichkeit, vollst\u00e4ndig in eine mystische Welt einzutauchen, in der jede Runde voller Spannung und unerwarteter Wendungen ist, was Halloween Blackjack zu einem wirklich unvergesslichen Spielerlebnis macht.<\/span><\/p>\n","protected":false},"excerpt":{"rendered":"<p>Blackjack Halloween ist eine spannende Neuinterpretation des traditionellen Blackjack und bietet Spielern die M\u00f6glichkeit, in die unheimliche Atmosph\u00e4re von Halloween in ihr geliebtes Kartenspiel einzutauchen. Diese Version des beliebten Spiels kombiniert bekannte Blackjack-Mechaniken mit einem gruseligen Thema und ist damit sowohl f\u00fcr klassische Casino-Fans als auch f\u00fcr diejenigen interessant, die nach etwas Neuem und Anderem&#8230;<\/p>\n","protected":false},"author":1,"featured_media":0,"parent":1438,"menu_order":0,"comment_status":"closed","ping_status":"closed","template":"","meta":{"_acf_changed":false,"_kad_post_transparent":"default","_kad_post_title":"default","_kad_post_layout":"default","_kad_post_sidebar_id":"","_kad_post_content_style":"default","_kad_post_vertical_padding":"default","_kad_post_feature":"","_kad_post_feature_position":"","_kad_post_header":false,"_kad_post_footer":false,"footnotes":""},"class_list":["post-6103","page","type-page","status-publish","hentry"],"acf":[],"rttpg_featured_image_url":null,"rttpg_author":{"display_name":"Oliver","author_link":"https:\/\/rocketplay-online.com\/de\/author\/pemvas95n89x\/"},"rttpg_comment":0,"rttpg_category":null,"rttpg_excerpt":"Blackjack Halloween ist eine spannende Neuinterpretation des traditionellen Blackjack und bietet Spielern die M\u00f6glichkeit, in die unheimliche Atmosph\u00e4re von Halloween in ihr geliebtes Kartenspiel einzutauchen. Diese Version des beliebten Spiels kombiniert bekannte Blackjack-Mechaniken mit einem gruseligen Thema und ist damit sowohl f\u00fcr klassische Casino-Fans als auch f\u00fcr diejenigen interessant, die nach etwas Neuem und Anderem...","_links":{"self":[{"href":"https:\/\/rocketplay-online.com\/de\/wp-json\/wp\/v2\/pages\/6103","targetHints":{"allow":["GET"]}}],"collection":[{"href":"https:\/\/rocketplay-online.com\/de\/wp-json\/wp\/v2\/pages"}],"about":[{"href":"https:\/\/rocketplay-online.com\/de\/wp-json\/wp\/v2\/types\/page"}],"author":[{"embeddable":true,"href":"https:\/\/rocketplay-online.com\/de\/wp-json\/wp\/v2\/users\/1"}],"replies":[{"embeddable":true,"href":"https:\/\/rocketplay-online.com\/de\/wp-json\/wp\/v2\/comments?post=6103"}],"version-history":[{"count":2,"href":"https:\/\/rocketplay-online.com\/de\/wp-json\/wp\/v2\/pages\/6103\/revisions"}],"predecessor-version":[{"id":6105,"href":"https:\/\/rocketplay-online.com\/de\/wp-json\/wp\/v2\/pages\/6103\/revisions\/6105"}],"up":[{"embeddable":true,"href":"https:\/\/rocketplay-online.com\/de\/wp-json\/wp\/v2\/pages\/1438"}],"wp:attachment":[{"href":"https:\/\/rocketplay-online.com\/de\/wp-json\/wp\/v2\/media?parent=6103"}],"curies":[{"name":"wp","href":"https:\/\/api.w.org\/{rel}","templated":true}]}}