{"id":6054,"date":"2024-11-19T12:19:05","date_gmt":"2024-11-19T09:19:05","guid":{"rendered":"https:\/\/rocketplay-online.com\/blackjack\/free\/"},"modified":"2024-11-20T01:46:47","modified_gmt":"2024-11-19T22:46:47","slug":"free","status":"publish","type":"page","link":"https:\/\/rocketplay-online.com\/de\/blackjack\/free\/","title":{"rendered":"Kostenloses Blackjack: So spielen Sie online ohne Risiko"},"content":{"rendered":"<p><span>Kostenloses Blackjack online zu spielen ist eine gro\u00dfartige M\u00f6glichkeit, die Spannung des Spiels zu genie\u00dfen, ohne Geld zu riskieren. Es gibt sowohl neuen als auch erfahrenen Spielern die M\u00f6glichkeit, ihre Strategien zu testen, ihre F\u00e4higkeiten zu verbessern und das Spiel einfach nur zum Spa\u00df zu genie\u00dfen. Egal, ob Sie lernen m\u00f6chten, wie Blackjack funktioniert, sich mit den Regeln vertraut machen oder einfach nur Spa\u00df am Spiel haben m\u00f6chten, kostenloses Blackjack bietet eine hervorragende Plattform.<\/span><\/p>\n<p><span>In diesem Leitfaden untersuchen wir, warum kostenloses Blackjack sowohl f\u00fcr neue Spieler als auch f\u00fcr erfahrene Enthusiasten die ideale Wahl ist. Wir stellen Ihnen auch RocketPlay vor, ein beliebtes Online-Casino, in dem Sie kostenloses Blackjack spielen k\u00f6nnen, ohne Geld aufs Spiel zu setzen. Mit unserem \u00dcberblick erfahren Sie, wie Sie das Beste aus kostenlosem Blackjack herausholen und warum es bei Online-Casino-Fans eine immer beliebtere Option ist.<\/span><\/p>\n<div class=\"go-btn-container\"><div class=\"tosh-btn\"><a href=\"\/go-casino\/\" target=\"_blank\" rel=\"noopener\">JETZT SPIELEN<\/a><\/div><\/div>\n<h2><span>Kostenloser Blackjack-\u00dcberblick bei RocketPlay<\/span><\/h2>\n<p><span>RocketPlay ist ein bekanntes Online-Casino, das eine umfangreiche Sammlung von Blackjack-Spielen anbietet, darunter auch kostenlose Versionen. Diese Plattform macht es den Benutzern leicht, kostenlos Blackjack online zu spielen, ohne dass eine finanzielle Verpflichtung erforderlich ist. Sie bietet sowohl \u00dcbungsspiele als auch Optionen zum Spielen zum Spa\u00df, die zu einer Vielzahl von Spielstilen und Zielen passen.<\/span><\/p>\n<p><span>Einer der Hauptvorteile des kostenlosen Spielens bei RocketPlay ist der einfache Zugriff auf mehrere Spielvarianten. Sie finden Optionen wie klassische, Multi-Hand- und sogar Live-Dealer-Spiele. Jede Version bietet die M\u00f6glichkeit, verschiedene Regeln auszuprobieren und Strategien in einer risikofreien Umgebung zu entwickeln. Diese Flexibilit\u00e4t erm\u00f6glicht es den Spielern, ihre F\u00e4higkeiten auf eine Weise zu \u00fcben und zu verfeinern, die ihren Vorlieben am besten entspricht.<\/span><\/p>\n<p><span>Das kostenlose Blackjack-Spielen bei RocketPlay ist auch eine hervorragende Einf\u00fchrung in die Benutzeroberfl\u00e4che und die allgemeine Funktionalit\u00e4t der Plattform. Sie k\u00f6nnen ein Gef\u00fchl daf\u00fcr bekommen, wie das Casino funktioniert, wie Sie durch die Spielebibliothek navigieren und wie das Spielerlebnis ist \u2013 und das alles, ohne eine Einzahlung zu t\u00e4tigen. Dar\u00fcber hinaus bieten die kostenlosen Spiele von RocketPlay hochwertige Grafiken und eine reibungslose Leistung, sodass auch ohne Echtgeldeinsatz ein angenehmes Erlebnis gew\u00e4hrleistet ist.<\/span><\/p>\n<h3><span>Was ist kostenloses Blackjack?<\/span><\/h3>\n<p><span>Free ist im Wesentlichen dasselbe Spiel wie die klassische Version, aber mit einem wichtigen Unterschied: Sie setzen kein echtes Geld. Viele Online-Casinos, darunter RocketPlay, bieten kostenlose Spiele an, damit Spieler ein Gef\u00fchl f\u00fcr das Spiel bekommen, ihre Strategien \u00fcben und einfach die Spannung ohne finanzielles Risiko genie\u00dfen k\u00f6nnen. Die Mechanik, die Regeln und das Gameplay sind identisch mit dem Standardspiel, was bedeutet, dass Sie Erfahrung und Selbstvertrauen sammeln k\u00f6nnen, bevor Sie zu Spielen um echtes Geld wechseln, wenn Sie dies w\u00fcnschen.<\/span><\/p>\n<h3><span>Vorteile des kostenlosen Blackjack-Spielens<\/span><\/h3>\n<p><span>Es gibt zahlreiche Gr\u00fcnde, warum das kostenlose Spielen vorteilhaft sein kann, insbesondere f\u00fcr neue Spieler. Hier sind einige der wichtigsten Vorteile:<\/span><\/p>\n<ol>\n<li aria-level=\"1\"><span>Risikofreies \u00dcben: Einer der attraktivsten Aspekte des kostenlosen Spielens ist die M\u00f6glichkeit, zu \u00fcben, ohne Geld zu riskieren. Sie k\u00f6nnen Fehler machen, daraus lernen und Ihr Spiel verbessern, ohne finanzielle Konsequenzen zu bef\u00fcrchten.<\/span><\/li>\n<li aria-level=\"1\"><span>Strategieentwicklung: erfordert Geschick und Strategie, und die kostenlose Version erm\u00f6glicht es Ihnen, mit verschiedenen Strategien zu experimentieren, ohne dem Druck ausgesetzt zu sein, Geld zu verlieren.<\/span><\/li>\n<li aria-level=\"1\"><span>Unterhaltung: Auch wenn Sie sich nicht f\u00fcr Gl\u00fccksspiele interessieren, bietet Free eine unterhaltsame M\u00f6glichkeit, sich die Zeit zu vertreiben. Der Nervenkitzel des Spiels bleibt bestehen, auch ohne Geldeinsatz.<\/span><\/li>\n<li aria-level=\"1\"><span>Regeln verstehen: F\u00fcr Anf\u00e4nger ist die kostenlose Version eine gro\u00dfartige M\u00f6glichkeit, die Regeln und Dynamiken des Spiels ohne Stress zu lernen. RocketPlay bietet Versionen, die Ihnen helfen k\u00f6nnen, die Nuancen zu verstehen.<\/span><\/li>\n<li aria-level=\"1\"><span>Vertrauen aufbauen: Egal, ob Sie ein Neuling oder ein wiederkehrender Spieler sind, das kostenlose Spielen hilft Ihnen, Ihr Vertrauen aufzubauen, bevor Sie zu Spielen mit h\u00f6heren Eins\u00e4tzen \u00fcbergehen.<\/span><\/li>\n<\/ol>\n<p><img loading=\"lazy\" decoding=\"async\" class=\"aligncenter wp-image-5989\" src=\"https:\/\/rocketplay-online.com\/wp-content\/uploads\/2024\/11\/free-blackjack-1.jpg\" alt=\"Free Blackjack 1\" width=\"805\" height=\"374\" srcset=\"https:\/\/rocketplay-online.com\/wp-content\/uploads\/2024\/11\/free-blackjack-1.jpg 1504w, https:\/\/rocketplay-online.com\/wp-content\/uploads\/2024\/11\/free-blackjack-1-300x139.jpg 300w, https:\/\/rocketplay-online.com\/wp-content\/uploads\/2024\/11\/free-blackjack-1-1024x476.jpg 1024w, https:\/\/rocketplay-online.com\/wp-content\/uploads\/2024\/11\/free-blackjack-1-768x357.jpg 768w\" sizes=\"auto, (max-width: 805px) 100vw, 805px\" \/><\/p>\n<h3><span>So spielen Sie kostenloses Blackjack bei RocketPlay<\/span><\/h3>\n<p><span>Der kostenlose Einstieg bei RocketPlay ist ganz einfach. RocketPlay bietet eine benutzerfreundliche Erfahrung, die jedem Spieler den Einstieg in ein Spiel erleichtert. Hier ist eine Schritt-f\u00fcr-Schritt-Anleitung zum Einstieg ins Spiel:<\/span><\/p>\n<ol>\n<li aria-level=\"1\"><span>Besuchen Sie die RocketPlay-Website: Der erste Schritt besteht darin, die offizielle RocketPlay-Website aufzurufen. RocketPlay ist sowohl f\u00fcr den Desktop- als auch f\u00fcr den mobilen Einsatz optimiert, sodass Sie es auf jedem Ger\u00e4t kostenlos genie\u00dfen k\u00f6nnen.<\/span><\/li>\n<li aria-level=\"1\"><span>Registrieren oder als Gast spielen: Sie k\u00f6nnen sich zwar registrieren, um auf alle Funktionen von RocketPlay zuzugreifen, es ist jedoch oft m\u00f6glich, das Spiel auch ohne Konto kostenlos auszuprobieren. Suchen Sie nach Optionen, die es Ihnen erm\u00f6glichen, als Gast zu spielen.<\/span><\/li>\n<li aria-level=\"1\"><span>W\u00e4hlen Sie \u201eKostenlos\u201c: Sobald Sie auf der Plattform sind, navigieren Sie zum Spielebereich. Suchen Sie nach Spielen mit der Bezeichnung \u201eKostenlos\u201c oder \u201eDemomodus\u201c. RocketPlay bietet verschiedene Versionen an, von denen viele im Demomodus verf\u00fcgbar sind.<\/span><\/li>\n<li aria-level=\"1\"><span>Spielen Sie los: Klicken Sie auf das ausgew\u00e4hlte Spiel, um zu beginnen. Sie erhalten ein virtuelles Guthaben, das Sie f\u00fcr Wetten verwenden k\u00f6nnen, sodass Sie das Spiel genauso erleben k\u00f6nnen, als w\u00fcrden Sie mit echtem Geld spielen. Genie\u00dfen Sie das Spiel, experimentieren Sie mit Strategien und haben Sie Spa\u00df!<\/span><\/li>\n<\/ol>\n<h3><span>Verf\u00fcgbare Arten von kostenlosen Blackjack-Spielen<\/span><\/h3>\n<p><span>RocketPlay bietet verschiedene Arten von kostenlosen Spielen an, jedes mit seinem eigenen einzigartigen Twist. Hier sind einige beliebte Optionen, die Sie finden k\u00f6nnten:<\/span><\/p>\n<ul>\n<li aria-level=\"1\"><span>Classic: Dies ist die traditionelle Version des Spiels und ist oft im kostenlosen Modus verf\u00fcgbar. Classic folgt Standardregeln und ist eine gro\u00dfartige Option f\u00fcr Anf\u00e4nger und erfahrene Spieler gleicherma\u00dfen.<\/span><\/li>\n<li aria-level=\"1\"><span>European: \u00c4hnlich wie die klassische Version, aber mit leichten Regelabweichungen, ist European oft kostenlos erh\u00e4ltlich. Bei dieser Version werden normalerweise weniger Kartendecks verwendet, was die Gewinnchancen und die Strategie ver\u00e4ndern kann.<\/span><\/li>\n<li aria-level=\"1\"><span>Switch: Bei dieser Variante erhalten die Spieler zwei H\u00e4nde und k\u00f6nnen die obersten Karten untereinander tauschen. Mit kostenlosen Versionen k\u00f6nnen Sie diese strategische Option ohne finanzielle Verpflichtung ausprobieren.<\/span><\/li>\n<li aria-level=\"1\"><span>Progressiv: Mit dem zus\u00e4tzlichen progressiven Jackpot ist diese Version spannend und oft als kostenloses Spiel verf\u00fcgbar. Das Spielen im Demomodus ist eine gro\u00dfartige M\u00f6glichkeit, sich mit den Regeln vertraut zu machen, ohne echtes Geld zu setzen.<\/span><\/li>\n<\/ul>\n<h3><span>Tipps, um beim kostenlosen Blackjack das Beste herauszuholen<\/span><\/h3>\n<p><span>Kostenlos ist eine fantastische M\u00f6glichkeit, Ihr Spiel zu verbessern. Um das Beste aus Ihrem Spiel herauszuholen, sollten Sie einige Strategien im Hinterkopf behalten:<\/span><\/p>\n<ol>\n<li aria-level=\"1\"><span>Grundlegende Strategie \u00fcben: Lernen Sie die grundlegende Strategie, um den Hausvorteil zu minimieren. Mit Free k\u00f6nnen Sie diese Strategie ohne finanzielles Risiko anwenden und \u00fcben, was sie zu einer wertvollen Lernm\u00f6glichkeit macht.<\/span><\/li>\n<li aria-level=\"1\"><span>Konzentrieren Sie sich auf das Bankroll-Management: Auch wenn Sie nicht mit echtem Geld spielen, ist es wichtig, Ihr Bankroll-Management zu \u00fcben. Legen Sie f\u00fcr jede Spielsitzung ein Budget fest und tun Sie so, als w\u00fcrden Sie echtes Geld verwenden, um das Spielerlebnis zu verbessern.<\/span><\/li>\n<li aria-level=\"1\"><span>Experimentieren Sie mit Nebenwetten: Wenn Sie eine Version spielen, die Nebenwetten enth\u00e4lt, haben Sie bei kostenlosen Spielen die Freiheit, zu experimentieren, ohne Ihr eigenes Geld zu riskieren. Dies kann eine unterhaltsame M\u00f6glichkeit sein, Ihrem Spiel Abwechslung zu verleihen.<\/span><\/li>\n<li aria-level=\"1\"><span>Probieren Sie verschiedene Versionen aus: Bleiben Sie nicht bei einer kostenlosen Version. Probieren Sie verschiedene Typen aus, z. B. European oder Progressive, um ein umfassendes Verst\u00e4ndnis des Spiels und seiner Variationen zu erlangen.<\/span><\/li>\n<li aria-level=\"1\"><span>\u00dcberdenken Sie nicht: Denken Sie daran, dass Free unterhaltsam und lehrreich sein soll. Versuchen Sie nicht, jede Bewegung perfekt zu machen \u2013 entspannen Sie sich und haben Sie Spa\u00df!<\/span><\/li>\n<\/ol>\n<div class=\"go-btn-container\"><div class=\"tosh-btn\"><a href=\"\/go-casino\/\" target=\"_blank\" rel=\"noopener\">JETZT SPIELEN<\/a><\/div><\/div>\n<h3><span>Wann sollte man von Gratis- auf Echtgeld-Spiele umsteigen?<\/span><\/h3>\n<p><span>Kostenlos ist ein guter Ausgangspunkt, aber irgendwann sind Sie vielleicht neugierig und m\u00f6chten Spiele um echtes Geld ausprobieren. Hier sind einige Anzeichen daf\u00fcr, dass Sie bereit f\u00fcr den Wechsel sind:<\/span><\/p>\n<ul>\n<li aria-level=\"1\"><span>Vertrauen in die Strategie: Wenn Sie die grundlegende Strategie beherrschen und diese problemlos konsequent anwenden k\u00f6nnen, sind Sie m\u00f6glicherweise bereit f\u00fcr Spiele um echtes Geld.<\/span><\/li>\n<li aria-level=\"1\"><span>Vertrautheit mit den Regeln: Wenn Sie die Spielregeln kennen und ohne zu z\u00f6gern spielen k\u00f6nnen, ist dies ein weiteres Zeichen daf\u00fcr, dass Sie bereit sind, weiterzumachen.<\/span><\/li>\n<li aria-level=\"1\"><span>Bankroll-Management: Disziplin beim Setzen von Limits und Verwalten Ihres Bankrolls ist entscheidend. Kostenlos ist eine gro\u00dfartige M\u00f6glichkeit, dies zu \u00fcben, aber wenn Sie sich bereit f\u00fchlen, es mit echtem Geld anzuwenden, sollten Sie einen Wechsel in Erw\u00e4gung ziehen.<\/span><\/li>\n<\/ul>\n<h3><span>Warum RocketPlay kostenlos eine Top-Wahl ist<\/span><\/h3>\n<p><span>RocketPlays Engagement f\u00fcr die Zufriedenheit der Spieler macht es zu einer idealen Plattform f\u00fcr alle, die kostenlos spielen m\u00f6chten. Hier sind einige Gr\u00fcnde, warum RocketPlay heraussticht:<\/span><\/p>\n<ol>\n<li aria-level=\"1\"><span>Gro\u00dfe Auswahl an Spielen: Mit mehreren Versionen im kostenlosen Modus stellt RocketPlay sicher, dass jeder Spieler ein Spiel findet, das ihm Spa\u00df macht.<\/span><\/li>\n<li aria-level=\"1\"><span>Benutzerfreundliche Oberfl\u00e4che: Die Website von RocketPlay ist so gestaltet, dass sie selbst f\u00fcr Anf\u00e4nger einfach zu navigieren ist. Egal, ob Sie einen Computer oder ein mobiles Ger\u00e4t verwenden, Sie werden ein reibungsloses Erlebnis haben.<\/span><\/li>\n<li aria-level=\"1\"><span>Vertrauensw\u00fcrdige Plattform: RocketPlay ist lizenziert und reguliert, um sicherzustellen, dass Ihr Spielerlebnis fair und sicher ist.<\/span><\/li>\n<li aria-level=\"1\"><span>Ausgezeichneter Kundensupport: Wenn Sie Fragen haben oder auf Probleme sto\u00dfen, steht Ihnen das Kundensupportteam von RocketPlay zur Verf\u00fcgung.<\/span><\/li>\n<\/ol>\n<h3><span>Abschlie\u00dfende Gedanken: Kostenloses Blackjack ohne Risiko genie\u00dfen<\/span><\/h3>\n<p><span>Kostenloses Blackjack online zu spielen, insbesondere auf einer Plattform wie RocketPlay, bietet eine unschlagbare Gelegenheit, das Spiel ohne Risiko zu erleben. Egal, ob Sie Ihre Strategie \u00fcben, das Spiel lernen oder einfach nur Spa\u00df haben, kostenlos bietet eine entspannte Umgebung f\u00fcr Spieler aller F\u00e4higkeitsstufen. Gehen Sie also zu RocketPlay, w\u00e4hlen Sie ein kostenloses Spiel und beginnen Sie noch heute zu spielen \u2013 kein Geldbeutel erforderlich!<\/span><\/p>\n<h3><span>Was sind die Vorteile des Spiels?<\/span><\/h3>\n<p><span>Einer der Hauptvorteile von kostenlosen Spielen ist die M\u00f6glichkeit, die Spielmechanik zu verstehen, bevor man um echte Eins\u00e4tze spielt. Kostenlose Spiele bieten eine lehrreiche Erfahrung und helfen den Spielern dabei:<\/span><\/p>\n<ul>\n<li aria-level=\"1\"><span>Machen Sie sich mit den Regeln vertraut.<\/span><\/li>\n<li aria-level=\"1\"><span>Probieren Sie verschiedene Strategien in einer risikofreien Umgebung aus.<\/span><\/li>\n<li aria-level=\"1\"><span>Bauen Sie Selbstvertrauen und Meisterung des Gameplays auf.<\/span><\/li>\n<\/ul>\n<p><span>Dar\u00fcber hinaus bieten kostenlose Spiele ein \u00e4hnliches Erlebnis wie Echtgeldspiele, sodass die Spieler gut vorbereitet sind, wenn sie zu letzteren wechseln. Das bedeutet, dass sie ihre F\u00e4higkeiten \u00fcben, Strategien verfeinern und verschiedene Varianten ausprobieren m\u00fcssen, um herauszufinden, welche am attraktivsten sind.<\/span><\/p>\n<p><img loading=\"lazy\" decoding=\"async\" class=\"aligncenter wp-image-5981\" src=\"https:\/\/rocketplay-online.com\/wp-content\/uploads\/2024\/11\/free-blackjack-2.jpg\" alt=\"Free Blackjack 2\" width=\"806\" height=\"497\" srcset=\"https:\/\/rocketplay-online.com\/wp-content\/uploads\/2024\/11\/free-blackjack-2.jpg 1328w, https:\/\/rocketplay-online.com\/wp-content\/uploads\/2024\/11\/free-blackjack-2-300x185.jpg 300w, https:\/\/rocketplay-online.com\/wp-content\/uploads\/2024\/11\/free-blackjack-2-1024x632.jpg 1024w, https:\/\/rocketplay-online.com\/wp-content\/uploads\/2024\/11\/free-blackjack-2-768x474.jpg 768w\" sizes=\"auto, (max-width: 806px) 100vw, 806px\" \/><\/p>\n<h3><span>Hauptunterschiede zum Spielen um echtes Geld<\/span><\/h3>\n<p><span>Die Aufregung kann Spieler oft dazu verleiten, sich in Echtgeldspiele zu st\u00fcrzen, ohne vorher die Regeln zu verstehen oder Strategien zu \u00fcben. Beim kostenlosen Spielen kann man Folgendes erleben:<\/span><\/p>\n<ol>\n<li aria-level=\"1\"><span>Risikofreies Spielen: Durch das kostenlose Spielen wird das finanzielle Risiko eliminiert, sodass sich die Spieler ganz auf den Spa\u00df und das Lernen konzentrieren k\u00f6nnen.<\/span><\/li>\n<li aria-level=\"1\"><span>Bessere Konzentration auf die Strategie: Ohne finanzielle Verluste k\u00f6nnen sich die Spieler auf das Verst\u00e4ndnis der Spieldynamik konzentrieren, vom Kartenz\u00e4hlen bis zum Beherrschen von Wettans\u00e4tzen.<\/span><\/li>\n<li aria-level=\"1\"><span>Stressfreie Sitzungen: Kostenloses Blackjack online bietet eine entspannende Alternative zu Spielen mit hohen Eins\u00e4tzen und erm\u00f6glicht es den Spielern, abzuschalten, ohne sich \u00fcber Verluste Gedanken machen zu m\u00fcssen.<\/span><\/li>\n<\/ol>\n<p><span>Bei RocketPlay unterscheiden sich kostenlose Online-Spiele von den Echtgeld-Versionen in Bezug auf die emotionale Beteiligung. Gewinnen oder Verlieren hat beim kostenlosen Spielen nicht die gleiche Auswirkung, was es zu einer geeigneten Wahl f\u00fcr alle macht, die das Spiel ungezwungen genie\u00dfen m\u00f6chten.<\/span><\/p>\n<h2><span>Wie spielt man kostenlos Blackjack?<\/span><\/h2>\n<p><span>Kostenlos zu spielen ist einfach, insbesondere auf Plattformen wie RocketPlay. Hier ist eine Schritt-f\u00fcr-Schritt-Anleitung f\u00fcr den Einstieg:<\/span><\/p>\n<h3><span>Spielregeln<\/span><\/h3>\n<p><span>Das Ziel ist einfach: Den Dealer schlagen, ohne \u00fcber 21 zu kommen. Hier ist eine grundlegende Aufschl\u00fcsselung:<\/span><\/p>\n<ol>\n<li aria-level=\"1\"><span>Kartenwerte: Zahlenkarten (2-10) haben den Nennwert, Bildkarten sind 10 Punkte wert und Asse k\u00f6nnen 1 oder 11 Punkte wert sein.<\/span><\/li>\n<li aria-level=\"1\"><span>Ziel: Erreichen Sie einen Handwert, der am n\u00e4chsten an 21 liegt, ohne ihn zu \u00fcberschreiten.<\/span><\/li>\n<li aria-level=\"1\"><span>Regeln f\u00fcr den Dealer: Der Dealer bleibt normalerweise bei 17 oder h\u00f6her stehen und muss bei niedrigeren Karten eine Karte ziehen.<\/span><\/li>\n<\/ol>\n<p><span>Wenn Spieler bei RocketPlay kostenlos Blackjack spielen, k\u00f6nnen sie diese Regeln in Aktion sehen. Die Plattform bietet auch Optionen wie kostenlose Blackjack-Regeln, die das Verst\u00e4ndnis verschiedener Wettdynamiken verbessern.<\/span><\/p>\n<h2><span>Arten von kostenlosem Blackjack<\/span><\/h2>\n<p><span>Bietet viele spannende Variationen und RocketPlay bietet eine Reihe von Optionen, um den unterschiedlichen Spielerpr\u00e4ferenzen gerecht zu werden. Egal, ob Sie klassische oder kostenlose Online-Blackjack-Spiele mit Wendungen m\u00f6gen, es ist f\u00fcr jeden etwas dabei.<\/span><\/p>\n<h3><span>Unterschiede zwischen den Versionen<\/span><\/h3>\n<p><span>Kostenlose Spiele gibt es in mehreren Versionen, jede mit ihren eigenen Regeln und Vorteilen. Einige beliebte Arten, die online verf\u00fcgbar sind, sind:<\/span><\/p>\n<ul>\n<li aria-level=\"1\"><span>Klassisch: Die traditionelle Version, bei der das Ziel weiterhin darin besteht, den Dealer mit einer Hand zu schlagen, die am n\u00e4chsten an 21 liegt.<\/span><\/li>\n<li aria-level=\"1\"><span>Europ\u00e4isch: \u00c4hnlich wie Klassisch, aber mit speziellen Regeln f\u00fcr die Aktionen des Dealers, wie z. B. Stehenbleiben bei einer weichen 17.<\/span><\/li>\n<li aria-level=\"1\"><span>Blackjack 21 Free: Legt den Schwerpunkt auf das klassische Gameplay und ist ideal f\u00fcr Anf\u00e4nger, die ohne Komplexit\u00e4t kostenlos Blackjack spielen m\u00f6chten.<\/span><\/li>\n<li aria-level=\"1\"><span>Kostenlose Wette: Diese Variante bietet kostenlose Wetten auf bestimmte H\u00e4nde, sodass Spieler die Blackjack-Regeln f\u00fcr kostenlose Wetten kostenlos testen k\u00f6nnen.<\/span><\/li>\n<\/ul>\n<p><span>Jede Variante f\u00fchrt subtile Regel\u00e4nderungen ein und indem sie kostenlos Blackjack online spielen, k\u00f6nnen die Spieler diese verschiedenen Versionen erkunden, um ihre bevorzugte zu finden.<\/span><\/p>\n<h3><span>Welches Blackjack-Spiel soll ich spielen?<\/span><\/h3>\n<p><span>Ber\u00fccksichtigen Sie bei der Auswahl des richtigen Spiels Ihre Ziele. Wenn Sie Anf\u00e4nger sind, beginnen Sie mit den klassischen kostenlosen Versionen von Blackjack 21, um die Grundlagen zu verstehen. F\u00fcr diejenigen, die einzigartige Strategien ausprobieren m\u00f6chten, erm\u00f6glichen die kostenlosen Wettregeln fortgeschrittenere Spiele ohne zus\u00e4tzliches Risiko. Die kostenlosen Blackjack-Spiele von RocketPlay bieten reichlich Abwechslung, um den Bed\u00fcrfnissen und F\u00e4higkeiten jedes Spielers gerecht zu werden.<\/span><\/p>\n<div class=\"go-btn-container\"><div class=\"tosh-btn\"><a href=\"\/go-casino\/\" target=\"_blank\" rel=\"noopener\">JETZT SPIELEN<\/a><\/div><\/div>\n<h2><span>Kann ich echtes Geld gewinnen?<\/span><\/h2>\n<p><span>Obwohl man mit kostenlosen Spielen nicht direkt echtes Geld verdienen kann, bietet es einen immensen Lernwert, der indirekt die zuk\u00fcnftige Leistung bei Spielen um echtes Geld verbessern kann. Beim kostenlosen Online-Blackjack k\u00f6nnen Spieler Strategien erlernen, die Chancen verstehen und ohne Angst vor Verlusten \u00fcben.<\/span><\/p>\n<p><span>Einige Online-Plattformen veranstalten gelegentlich Werbeaktionen oder Turniere, bei denen Spieler an Echtgeldspielen teilnehmen oder Belohnungen gewinnen k\u00f6nnen, indem sie ihre F\u00e4higkeiten in kostenlosen Sitzungen unter Beweis stellen. Beim kostenlosen Online-Spielen liegt der Schwerpunkt jedoch weiterhin auf dem Aufbau von F\u00e4higkeiten und dem Spa\u00df und nicht auf dem unmittelbaren finanziellen Gewinn.<\/span><\/p>\n<h2><span>So spielen Sie bei RocketPlay verantwortungsbewusst<\/span><\/h2>\n<p><span>Verantwortungsbewusstes Spielen ist ein Eckpfeiler der RocketPlay-Plattform, die Tools und Ressourcen bereitstellt, um sicherzustellen, dass die Spieler einen ausgewogenen Ansatz verfolgen. Hier sind einige Tipps f\u00fcr verantwortungsbewusstes Spielen:<\/span><\/p>\n<ol>\n<li aria-level=\"1\"><span>Legen Sie Zeitlimits fest: Begrenzen Sie die Dauer Ihrer Gaming-Sitzungen, um ein Burnout zu vermeiden.<\/span><\/li>\n<li aria-level=\"1\"><span>Legen Sie finanzielle Grenzen fest: Obwohl es bei kostenlosen Spielen nicht um echtes Geld geht, hilft Ihnen die Einhaltung dieser Disziplin dabei, verantwortungsvolle Entscheidungen zu treffen, wenn Sie zu Spielen um echtes Geld wechseln.<\/span><\/li>\n<li aria-level=\"1\"><span>Bleiben Sie aufmerksam: Gehen Sie jedes Spiel mit klarem Kopf an und vermeiden Sie Sitzungen, wenn Sie sich gestresst oder m\u00fcde f\u00fchlen.<\/span><\/li>\n<li aria-level=\"1\"><span>Ressourcen nutzen: RocketPlay bietet Ressourcen wie Selbstausschlussoptionen und Support-Hotlines f\u00fcr Spieler, die das Gef\u00fchl haben, dass sie Hilfe bei der Verwaltung ihres Gameplays ben\u00f6tigen.<\/span><\/li>\n<\/ol>\n<p><span>RocketPlays Engagement f\u00fcr verantwortungsvolles Gl\u00fccksspiel stellt sicher, dass jede Sitzung, ob kostenlos oder kostenpflichtig, eine positive Erfahrung ist.<\/span><\/p>\n<h2><span>H\u00e4ufig gestellte Fragen<\/span><\/h2>\n<h3><span>Kann ich kostenlos Blackjack spielen, ohne ein Konto zu erstellen?<\/span><\/h3>\n<p><span>Ja, RocketPlay bietet kostenlose Online-Blackjack-Optionen ohne Registrierung an. Spieler k\u00f6nnen kostenloses Online-Blackjack spielen, ohne ein Konto zu erstellen oder Einzahlungen zu t\u00e4tigen.<\/span><\/p>\n<h3><span>Welche Ger\u00e4te unterst\u00fctzen kostenloses Blackjack auf RocketPlay?<\/span><\/h3>\n<p><span>Das kostenlose Blackjack-Spiel von RocketPlay ist mit Desktop-, Mobil- und Tablet-Ger\u00e4ten kompatibel, sodass Spieler \u00fcberall kostenlos Blackjack online spielen k\u00f6nnen.<\/span><\/p>\n<h3><span>Unterscheiden sich die Regeln f\u00fcr Gratiswetten beim Blackjack von den regul\u00e4ren Regeln?<\/span><\/h3>\n<p><span>Ja, die Regeln f\u00fcr Gratiswetten beim Blackjack f\u00fchren einzigartige Optionen f\u00fcr das Platzieren kostenloser Wetten auf bestimmte H\u00e4nde ein und machen es so zu einer Variante, die risikoloses Spielen mit der M\u00f6glichkeit h\u00f6herer Gewinne erm\u00f6glicht.<\/span><\/p>\n<h3><span>Was ist die beste Strategie f\u00fcr kostenlose Online-Blackjack-Spiele?<\/span><\/h3>\n<p><span>Die beste Strategie h\u00e4ngt vom Spieltyp ab. Beim klassischen Spiel ist es hilfreich, sich auf grundlegende Strategietabellen zu konzentrieren, w\u00e4hrend bei Gratiswetten m\u00f6glicherweise ein flexiblerer Ansatz erforderlich ist.<\/span><\/p>\n<h3><span>Kann ich bei RocketPlay von kostenlosen Spielen zu Spielen um Echtgeld wechseln?<\/span><\/h3>\n<p><span>Ja, RocketPlay bietet einen nahtlosen \u00dcbergang von kostenlosen Spielen zu Echtgeldoptionen, sodass die Spieler das Gelernte in einer echten Wettumgebung anwenden k\u00f6nnen.<\/span><\/p>\n","protected":false},"excerpt":{"rendered":"<p>Kostenloses Blackjack online zu spielen ist eine gro\u00dfartige M\u00f6glichkeit, die Spannung des Spiels zu genie\u00dfen, ohne Geld zu riskieren. Es gibt sowohl neuen als auch erfahrenen Spielern die M\u00f6glichkeit, ihre Strategien zu testen, ihre F\u00e4higkeiten zu verbessern und das Spiel einfach nur zum Spa\u00df zu genie\u00dfen. Egal, ob Sie lernen m\u00f6chten, wie Blackjack funktioniert, sich&#8230;<\/p>\n","protected":false},"author":1,"featured_media":0,"parent":1438,"menu_order":0,"comment_status":"closed","ping_status":"closed","template":"","meta":{"_acf_changed":false,"_kad_post_transparent":"default","_kad_post_title":"default","_kad_post_layout":"default","_kad_post_sidebar_id":"","_kad_post_content_style":"default","_kad_post_vertical_padding":"default","_kad_post_feature":"","_kad_post_feature_position":"","_kad_post_header":false,"_kad_post_footer":false,"footnotes":""},"class_list":["post-6054","page","type-page","status-publish","hentry"],"acf":[],"rttpg_featured_image_url":null,"rttpg_author":{"display_name":"Oliver","author_link":"https:\/\/rocketplay-online.com\/de\/author\/pemvas95n89x\/"},"rttpg_comment":0,"rttpg_category":null,"rttpg_excerpt":"Kostenloses Blackjack online zu spielen ist eine gro\u00dfartige M\u00f6glichkeit, die Spannung des Spiels zu genie\u00dfen, ohne Geld zu riskieren. Es gibt sowohl neuen als auch erfahrenen Spielern die M\u00f6glichkeit, ihre Strategien zu testen, ihre F\u00e4higkeiten zu verbessern und das Spiel einfach nur zum Spa\u00df zu genie\u00dfen. Egal, ob Sie lernen m\u00f6chten, wie Blackjack funktioniert, sich...","_links":{"self":[{"href":"https:\/\/rocketplay-online.com\/de\/wp-json\/wp\/v2\/pages\/6054","targetHints":{"allow":["GET"]}}],"collection":[{"href":"https:\/\/rocketplay-online.com\/de\/wp-json\/wp\/v2\/pages"}],"about":[{"href":"https:\/\/rocketplay-online.com\/de\/wp-json\/wp\/v2\/types\/page"}],"author":[{"embeddable":true,"href":"https:\/\/rocketplay-online.com\/de\/wp-json\/wp\/v2\/users\/1"}],"replies":[{"embeddable":true,"href":"https:\/\/rocketplay-online.com\/de\/wp-json\/wp\/v2\/comments?post=6054"}],"version-history":[{"count":2,"href":"https:\/\/rocketplay-online.com\/de\/wp-json\/wp\/v2\/pages\/6054\/revisions"}],"predecessor-version":[{"id":6056,"href":"https:\/\/rocketplay-online.com\/de\/wp-json\/wp\/v2\/pages\/6054\/revisions\/6056"}],"up":[{"embeddable":true,"href":"https:\/\/rocketplay-online.com\/de\/wp-json\/wp\/v2\/pages\/1438"}],"wp:attachment":[{"href":"https:\/\/rocketplay-online.com\/de\/wp-json\/wp\/v2\/media?parent=6054"}],"curies":[{"name":"wp","href":"https:\/\/api.w.org\/{rel}","templated":true}]}}