{"id":5945,"date":"2024-11-19T00:44:16","date_gmt":"2024-11-18T21:44:16","guid":{"rendered":"https:\/\/rocketplay-online.com\/blackjack\/double-down\/"},"modified":"2024-11-19T01:03:55","modified_gmt":"2024-11-18T22:03:55","slug":"double-down","status":"publish","type":"page","link":"https:\/\/rocketplay-online.com\/de\/blackjack\/double-down\/","title":{"rendered":"Double Down beim Blackjack: Wie verdoppeln Sie Ihren Einsatz?"},"content":{"rendered":"<h2>Was ist Double Down beim Blackjack?<\/h2>\n<p>Double Down beim Blackjack ist eine spezielle Spielstrategie, deren Kern darin besteht, den urspr\u00fcnglichen Einsatz zu einem bestimmten Zeitpunkt im Spiel zu verdoppeln. Durch das Double Down verpflichtet sich der Spieler auch, nur eine weitere Karte zu nehmen, was diese Strategie riskant macht, aber mit der richtigen Herangehensweise sehr effektiv ist.<\/p>\n<h2>Regeln f\u00fcr Double Down Blackjack<\/h2>\n<p>Um die Double Down Blackjack-Strategie erfolgreich anzuwenden, ist es wichtig, ihre Grundregeln zu verstehen. Die Hauptbedingung ist, dass eine Verdoppelung des Einsatzes erst nach dem Austeilen der ersten beiden Karten m\u00f6glich ist. Au\u00dferdem kann der Spieler nur eine Karte erhalten, und dann ist der Dealer sofort an der Reihe.<\/p>\n<div class=\"go-btn-container\"><div class=\"tosh-btn\"><a href=\"\/go-casino\/\" target=\"_blank\" rel=\"noopener\">JETZT SPIELEN<\/a><\/div><\/div>\n<h2>Wann sollte man beim Blackjack verdoppeln?<\/h2>\n<p>Wann Sie beim Blackjack verdoppeln sollten, ist die Schl\u00fcsselfrage, die den Erfolg einer Strategie bestimmt. Die wichtigsten Situationen, in denen Sie verdoppeln sollten, sind:<\/p>\n<ol>\n<li aria-level=\"1\">10 oder 11 Punkte: Wenn ein Spieler 10 oder 11 Punkte hat, besteht eine hohe Wahrscheinlichkeit, dass die n\u00e4chste Karte die Kombination nahe an 21 bringt, was die Gewinnchancen erh\u00f6ht.<\/li>\n<li aria-level=\"1\">Die Karten des Dealers zeigen einen schwachen Wert (4, 5 oder 6): Dies ist ein Signal, dass es f\u00fcr den Dealer schwierig sein wird, eine starke Kombination zusammenzustellen.<\/li>\n<li aria-level=\"1\">Die Karten des Spielers ergeben einen weichen Betrag (z. B. 9): wenn die Kombination ein Ass enth\u00e4lt und 9 Punkte nicht \u00fcberschreitet.<\/li>\n<\/ol>\n<h2>Wie funktioniert Double Down beim Blackjack?<\/h2>\n<p>Beim Blackjack ist Double Down eine Entscheidung, die der Spieler im richtigen Moment des Spiels trifft. Sie erm\u00f6glicht es, den m\u00f6glichen Gewinn zu verdoppeln, erfordert aber die F\u00e4higkeit, die Risiken genau einzusch\u00e4tzen. Wenn ein Spieler beispielsweise bei einer Kombination verdoppelt, die bereits eine gute Erfolgsaussicht hat, erh\u00f6ht dies die Gewinnwahrscheinlichkeit erheblich.<\/p>\n<p><img loading=\"lazy\" decoding=\"async\" class=\"aligncenter\" src=\"https:\/\/rocketplay-online.com\/wp-content\/uploads\/2024\/11\/double-down-in-blackjack-1.jpg\" alt=\"Double Down in blackjack 1\" width=\"802\" height=\"451\" \/><\/p>\n<h2>Wie verdoppelt man beim Blackjack?<\/h2>\n<p>Wie verdoppelt man beim Blackjack? Folgen Sie einem einfachen Algorithmus:<\/p>\n<ol>\n<li aria-level=\"1\">Stellen Sie sicher, dass die Kombination zum Verdoppeln geeignet ist.<\/li>\n<li aria-level=\"1\">Doppelklicken oder tippen Sie auf die Schaltfl\u00e4che \u201eVerdoppeln\u201c auf dem Bildschirm, wenn Sie Online-Blackjack spielen.<\/li>\n<li aria-level=\"1\">F\u00fcgen Sie Ihrem Einsatz genau den gleichen Betrag hinzu wie Ihrem urspr\u00fcnglichen Einsatz.<\/li>\n<li aria-level=\"1\">Holen Sie sich eine zus\u00e4tzliche Karte und Ihr Zug ist beendet.<\/li>\n<\/ol>\n<h2>Wann sollte man beim Blackjack verdoppeln?<\/h2>\n<p>Wann beim Blackjack verdoppelt werden sollte, h\u00e4ngt von der Kenntnis der Kombinationen und Wahrscheinlichkeiten ab. Erfahrene Spieler tun dies, wenn ihre Chancen, den Dealer zu schlagen, \u00fcberdurchschnittlich hoch sind. Es ist auch n\u00fctzlich, den Spielstil des Dealers zu ber\u00fccksichtigen, bevor man verdoppelt.<\/p>\n<h2>Was muss man \u00fcber die Double-Down-Blackjack-Regeln wissen?<\/h2>\n<p>Die Regeln f\u00fcr Double Down Blackjack variieren je nach Blackjack-Variante und Casino. Es ist wichtig zu \u00fcberpr\u00fcfen:<\/p>\n<ul>\n<li aria-level=\"1\">Die Zul\u00e4ssigkeit des Verdoppelns nach einem Split (Kartenteilen).<\/li>\n<li aria-level=\"1\">Die M\u00f6glichkeit, bei weichen und harten H\u00e4nden zu verdoppeln.<\/li>\n<li aria-level=\"1\">Das Vorhandensein von Beschr\u00e4nkungen hinsichtlich der H\u00f6he des Einsatzes beim Verdoppeln.<\/li>\n<\/ul>\n<h2>So verwenden Sie Double Down<\/h2>\n<p>Double Down ist ein strategischer Blackjack-Trick, mit dem Sie Ihren urspr\u00fcnglichen Einsatz verdoppeln k\u00f6nnen, nachdem Sie die ersten beiden Karten erhalten haben. Im Gegenzug erh\u00e4lt der Spieler jedoch nur eine zus\u00e4tzliche Karte und dann ist der Dealer an der Reihe. Was ist Double Down beim Blackjack und wann wird es am besten eingesetzt? Double Down erh\u00f6ht nicht nur die m\u00f6glichen Gewinne, sondern bringt auch ein erhebliches Risiko mit sich, das genaue Berechnungen und Kenntnisse der Wahrscheinlichkeiten erfordert.<\/p>\n<p>Die Grundregeln von Double Down Blackjack sind einfach: Der Spieler verdoppelt nach den ersten beiden Karten und erh\u00e4lt nur eine weitere Karte. Wenn diese Technik jedoch relevant wird, muss der Spieler bereits die St\u00e4rke seiner Hand und die potenziellen Risiken kennen. Hier erfahren Sie, wie und wann Double Down beim Blackjack verwendet wird.<\/p>\n<div class=\"go-btn-container\"><div class=\"tosh-btn\"><a href=\"\/go-casino\/\" target=\"_blank\" rel=\"noopener\">JETZT SPIELEN<\/a><\/div><\/div>\n<h2>Wie kann man w\u00e4hrend des Spiels verdoppeln?<\/h2>\n<p>Um Blackjack Double Down erfolgreich zu nutzen, befolgen Sie diese Schritte:<\/p>\n<ol>\n<li aria-level=\"1\">Bewerten Sie Ihre Startkarten. Double Down wird am besten verwendet, wenn Sie eine Kombination mit insgesamt 10 oder 11 Punkten haben, da die Wahrscheinlichkeit, 21 (Blackjack) zu erreichen, ziemlich hoch ist.<\/li>\n<li aria-level=\"1\">Verdoppeln. Wenn Sie in einem Online-Casino spielen, dr\u00fccken Sie die Verdoppeln-Taste, um Ihren Einsatz zu verdoppeln. In landbasierten Casinos erh\u00f6hen Sie einfach den gleichen Betrag zu Ihrem Einsatz und teilen dem Dealer Ihre Entscheidung mit.<\/li>\n<li aria-level=\"1\">Eine zus\u00e4tzliche Karte nehmen. Nach der Verdoppelung des Einsatzes erh\u00e4lt der Spieler nur noch eine Karte. Danach ist der Dealer an der Reihe und Sie k\u00f6nnen f\u00fcr den Rest des Spiels keine weiteren Karten nehmen.<\/li>\n<\/ol>\n<p>Ein solcher Algorithmus hilft zu verstehen, wie man beim Blackjack verdoppelt und unn\u00f6tige Risiken vermeidet. Sie sollten sich auch mit den Regeln f\u00fcr das Verdoppeln von Blackjack vertraut machen, da einige Casinos m\u00f6glicherweise andere Regeln haben. Beispielsweise ist das Verdoppeln nach einem Split m\u00f6glicherweise nicht erlaubt oder nur bei einer bestimmten Anzahl von Punkten.<\/p>\n<h2>Wann sollte man den Einsatz verdoppeln?<\/h2>\n<p>Die wichtigste Strategiefrage ist, wann man beim Blackjack verdoppeln sollte. Um mit dem Verdoppeln die h\u00f6chste Gewinnwahrscheinlichkeit zu erzielen, ist es wichtig, Ihre Hand und die Karten des Dealers zu bewerten. Erfahrene Spieler empfehlen das Verdoppeln in den folgenden Situationen:<\/p>\n<ul>\n<li aria-level=\"1\">Ihre Karten ergeben 10 oder 11 Punkte. In diesem Fall besteht eine hohe Wahrscheinlichkeit, dass die n\u00e4chste Karte Sie n\u00e4her an 21 bringt.<\/li>\n<li aria-level=\"1\">Der Dealer hat eine schwache Karte (z. B. eine 5 oder 6). Die schwache Karte des Dealers erh\u00f6ht die Chance, dass er verliert.<\/li>\n<li aria-level=\"1\">Sie haben eine \u201eweiche\u201c Kombination. Eine weiche Hand ist, wenn Sie ein Ass haben, das als 1 oder 11 gespielt wird. Wenn Sie beispielsweise 17 Punkte mit einem Ass und einer Sechs haben, k\u00f6nnen Sie verdoppeln, da das Risiko eines Overcalls minimiert ist.<\/li>\n<\/ul>\n<p>Beim Blackjack ist Double Down die h\u00f6chste Gewinnwahrscheinlichkeit. Es ist wichtig, sich daran zu erinnern, dass ein falscher Einsatz von Double Down zu Verlusten f\u00fchren kann, insbesondere wenn die Karten des Spielers und des Dealers nicht den beschriebenen Bedingungen entsprechen.<\/p>\n<h2>Risiken von Double Down beim Blackjack bei RocketPlay<\/h2>\n<p>Double Down ist ein beliebter Blackjack-Spielzug, bei dem der Spieler seinen urspr\u00fcnglichen Einsatz verdoppeln kann, nachdem die ersten beiden Karten ausgeteilt wurden. In Online-Casinos wie RocketPlay kann dies besonders lukrativ sein, aber Double Down birgt auch einige Risiken. Was ist also Double Down beim Blackjack und welche Gefahren birgt es?<\/p>\n<p>Das Hauptrisiko beim Double Down beim Blackjack bei RocketPlay besteht darin, dass ein Spieler nach dem Verdoppeln nur eine zus\u00e4tzliche Karte ziehen kann. Dies bedeutet, dass ein unsachgem\u00e4\u00dfer Einsatz dieser Strategie zum Verlust des erh\u00f6hten Einsatzes f\u00fchren kann. Die Double Down Blackjack-Regeln besagen, dass das Verdoppeln nur unter den richtigen Bedingungen verwendet werden sollte, und es ist wichtig, vorsichtig zu sein, um potenzielle Verluste zu minimieren.<\/p>\n<h3>Wann sollte ich den Einsatz verdoppeln?<\/h3>\n<p>Auch die Frage, wann man beim Blackjack verdoppeln sollte, ist mit Risiken verbunden. Die wichtigsten Situationen zum Verdoppeln sind:<\/p>\n<ul>\n<li aria-level=\"1\">Kombinationen mit 10 oder 11 Punkten, wenn die n\u00e4chste Karte eine hohe Chance hat, eine starke Hand zu bilden.<\/li>\n<li aria-level=\"1\">Schwache Karten des Dealers (z. B. 4, 5 oder 6), was eine hohe Wahrscheinlichkeit bedeuten kann, gegen den Dealer zu verlieren.<\/li>\n<\/ul>\n<h2>H\u00e4ufige Fehler beim Blackjack mit Double Downs<\/h2>\n<p>Trotz der Vorteile kann es beim Blackjack Double Down auch zu Fehlern kommen, die dem Spieler erhebliche Verluste bescheren k\u00f6nnen. Es ist wichtig, die Regeln beim Blackjack Double Down zu verstehen und typische Fehler zu vermeiden. Zu den wichtigsten Fehlern geh\u00f6ren:<\/p>\n<ol>\n<li aria-level=\"1\">Verdoppeln, wenn die Karten eines Spielers schwach sind. Wenn Ihre Hand weniger als 10 Punkte hat, ist ein Verdoppeln selten gerechtfertigt.<\/li>\n<li aria-level=\"1\">Die Karten des Dealers ignorieren. Wenn der Dealer eine starke Karte hat, wie etwa eine 10 oder ein Ass, ist das Verdoppeln normalerweise nicht vorteilhaft.<\/li>\n<li aria-level=\"1\">Unkenntnis der Casinoregeln. Die Regeln f\u00fcr Double Down Blackjack k\u00f6nnen von Casino zu Casino, wie beispielsweise RocketPlay, unterschiedlich sein, und es ist wichtig, dies im Hinterkopf zu behalten.<\/li>\n<\/ol>\n<p><img loading=\"lazy\" decoding=\"async\" class=\"aligncenter\" src=\"https:\/\/rocketplay-online.com\/wp-content\/uploads\/2024\/11\/double-down-in-blackjack-2.jpg\" alt=\"Double Down in blackjack 2\" width=\"831\" height=\"564\" \/><\/p>\n<h2>Welche Fehler sollten Sie vermeiden?<\/h2>\n<p>Welche Fehler sollten Sie beim Verdoppeln beim Blackjack vermeiden? Um das Verdoppeln effektiv zu nutzen, vermeiden Sie die folgenden Fehler:<\/p>\n<ul>\n<li aria-level=\"1\">Ignorieren der Regeln und Limits. Jeder Spieler sollte die Blackjack Double Down-Regeln kennen, da es in einigen Spielen verboten ist, nach einem Split zu verdoppeln.<\/li>\n<li aria-level=\"1\">Untersch\u00e4tzung von Chancen und Berechnungen. Der richtige Einsatz von Double Down erfordert Geschick beim Berechnen von Wahrscheinlichkeiten. Das Verstehen des Double Downs beim Blackjack ist wichtig, um das Risiko zu minimieren und den Gewinn zu maximieren.<\/li>\n<\/ul>\n<h3>Tipps f\u00fcr den effektiven Einsatz von Double Down<\/h3>\n<p>Um beim Blackjack Fehler beim Verdoppeln zu vermeiden, wird Folgendes empfohlen:<\/p>\n<ul>\n<li aria-level=\"1\">Bewerten Sie die Karten auf Ihrer Hand und wissen Sie, wann ein Verdoppeln angebracht ist, beispielsweise bei 10 und 11.<\/li>\n<li aria-level=\"1\">Ber\u00fccksichtigen Sie die Karten des Dealers, insbesondere die schwachen Karten.<\/li>\n<li aria-level=\"1\">Informieren Sie sich vor dem Spielen \u00fcber Double Down beim Blackjack, damit Sie diese Strategie selbstbewusst anwenden k\u00f6nnen.<\/li>\n<\/ul>\n<p>Double Down ist eine effektive Technik, erfordert aber Vorsicht. Wenn Sie diese Tipps befolgen, k\u00f6nnen Sie Ihre Erfolgschancen erh\u00f6hen und h\u00e4ufige Fehler vermeiden.<\/p>\n<h2>Verantwortungsvolles Spielen bei RocketPlay<\/h2>\n<p>Double Down beim Blackjack ist eine Strategie, die es Ihnen erm\u00f6glicht, Ihren urspr\u00fcnglichen Einsatz zu verdoppeln, nachdem Sie die ersten beiden Karten erhalten haben. Dieser im RocketPlay Casino verf\u00fcgbare Zug kann Ihre Gewinne erh\u00f6hen, birgt jedoch auch erhebliche Risiken. Daher ist es wichtig, diese Taktik verantwortungsbewusst anzugehen. Sehen wir uns zun\u00e4chst an, was Double Down beim Blackjack ist und wann es verwendet werden sollte.<\/p>\n<h3>Wann ist es besser, den Einsatz zu verdoppeln?<\/h3>\n<p>Zu wissen, wann man beim Blackjack verdoppeln sollte, ist der Schl\u00fcssel zu einem erfolgreichen Spiel. Spieler empfehlen das Verdoppeln in den folgenden F\u00e4llen:<\/p>\n<ul>\n<li aria-level=\"1\">Wenn Ihre Kartensumme 10 oder 11 Punkte betr\u00e4gt. Das ist der perfekte Zeitpunkt zum Verdoppeln, da die Chance gro\u00df ist, dass die n\u00e4chste Karte einen Gewinn bringt.<\/li>\n<li aria-level=\"1\">Wenn der Dealer eine schwache Karte hat, beispielsweise eine 5 oder 6. Dies erh\u00f6ht die Chance, dass der Dealer verliert und erh\u00f6ht Ihre Gewinnwahrscheinlichkeit.<\/li>\n<\/ul>\n<div class=\"go-btn-container\"><div class=\"tosh-btn\"><a href=\"\/go-casino\/\" target=\"_blank\" rel=\"noopener\">JETZT SPIELEN<\/a><\/div><\/div>\n<h2>H\u00c4UFIG GESTELLTE FRAGEN<\/h2>\n<h3>Was ist Double Down Blackjack?<\/h3>\n<p>Double Down Blackjack ist ein Begriff, der den Vorgang des Verdoppelns beim Blackjack-Spiel beschreibt. Ein Spieler macht einen ersten Einsatz, erh\u00e4lt zwei Karten und entscheidet, ob er verdoppelt oder nur eine weitere Karte erh\u00e4lt. Double Down beim Blackjack ist ein riskanter Spielzug, der eine Bewertung der Karten des Spielers und des Dealers erfordert.<\/p>\n<h3>Wann sollte man den Einsatz verdoppeln?<\/h3>\n<p>Die Frage, wann man beim Blackjack verdoppeln sollte, stellt sich oft f\u00fcr Spieler, die die Strategie zu ihrem maximalen Vorteil nutzen m\u00f6chten. Der beste Zeitpunkt zum Verdoppeln ist, wenn Ihre Karten 10 oder 11 Punkte haben und die Karte des Dealers schwach ist.<\/p>\n<h3>Wie verdoppeln Sie Ihren Einsatz beim Blackjack?<\/h3>\n<p>Um zu verstehen, wie man beim Blackjack verdoppelt, ist es wichtig, sich an die Grundregeln zu erinnern. Dies geschieht normalerweise, nachdem die ersten beiden Karten ausgeteilt wurden. Der Spieler f\u00fcgt den gleichen Betrag zum urspr\u00fcnglichen Einsatz hinzu und erh\u00e4lt dann eine Karte. Es ist wichtig, sich vorher mit den Regeln f\u00fcr das Verdoppeln beim Blackjack vertraut zu machen, da diese von Casino zu Casino unterschiedlich sein k\u00f6nnen.<\/p>\n<h3>Welche Regeln muss ich beachten?<\/h3>\n<p>Die Blackjack Double Down Blackjack Regeln k\u00f6nnen von Casino zu Casino unterschiedlich sein. Die Grundregeln beinhalten:<\/p>\n<ol>\n<li aria-level=\"1\">Verbot des Verdoppelns nach einem Split.<\/li>\n<li aria-level=\"1\">Die M\u00f6glichkeit, nur bei bestimmten Punktwerten wie 9, 10 oder 11 zu verdoppeln.<\/li>\n<li aria-level=\"1\">Einige Casinos begrenzen m\u00f6glicherweise den Mindesteinsatz f\u00fcr das Verdoppeln.<\/li>\n<\/ol>\n<p>Indem Sie die Regeln eines bestimmten Casinos studieren, vermeiden Sie Fehler und minimieren Verluste.<\/p>\n<h2>Abschluss<\/h2>\n<p>Die Double-Down-Strategie beim Blackjack ist ein wirksames Mittel, um Ihre Gewinne zu steigern, erfordert jedoch einen verantwortungsvollen Ansatz. Beim Double-Down ist es wichtig, nicht nur die Karten zu studieren, sondern auch die Grundregeln des Double-Downs unter Ber\u00fccksichtigung der Risiken zu befolgen. Das Studium der Blackjack-Double-Down-Regeln hilft Ihnen, Double-Down richtig einzusetzen und Ihre Erfolgschancen zu erh\u00f6hen.<\/p>\n","protected":false},"excerpt":{"rendered":"<p>Was ist Double Down beim Blackjack? Double Down beim Blackjack ist eine spezielle Spielstrategie, deren Kern darin besteht, den urspr\u00fcnglichen Einsatz zu einem bestimmten Zeitpunkt im Spiel zu verdoppeln. Durch das Double Down verpflichtet sich der Spieler auch, nur eine weitere Karte zu nehmen, was diese Strategie riskant macht, aber mit der richtigen Herangehensweise sehr&#8230;<\/p>\n","protected":false},"author":1,"featured_media":0,"parent":1438,"menu_order":0,"comment_status":"closed","ping_status":"closed","template":"","meta":{"_acf_changed":false,"_kad_post_transparent":"default","_kad_post_title":"default","_kad_post_layout":"default","_kad_post_sidebar_id":"","_kad_post_content_style":"default","_kad_post_vertical_padding":"default","_kad_post_feature":"","_kad_post_feature_position":"","_kad_post_header":false,"_kad_post_footer":false,"footnotes":""},"class_list":["post-5945","page","type-page","status-publish","hentry"],"acf":[],"rttpg_featured_image_url":null,"rttpg_author":{"display_name":"Oliver","author_link":"https:\/\/rocketplay-online.com\/de\/author\/pemvas95n89x\/"},"rttpg_comment":0,"rttpg_category":null,"rttpg_excerpt":"Was ist Double Down beim Blackjack? Double Down beim Blackjack ist eine spezielle Spielstrategie, deren Kern darin besteht, den urspr\u00fcnglichen Einsatz zu einem bestimmten Zeitpunkt im Spiel zu verdoppeln. Durch das Double Down verpflichtet sich der Spieler auch, nur eine weitere Karte zu nehmen, was diese Strategie riskant macht, aber mit der richtigen Herangehensweise sehr...","_links":{"self":[{"href":"https:\/\/rocketplay-online.com\/de\/wp-json\/wp\/v2\/pages\/5945","targetHints":{"allow":["GET"]}}],"collection":[{"href":"https:\/\/rocketplay-online.com\/de\/wp-json\/wp\/v2\/pages"}],"about":[{"href":"https:\/\/rocketplay-online.com\/de\/wp-json\/wp\/v2\/types\/page"}],"author":[{"embeddable":true,"href":"https:\/\/rocketplay-online.com\/de\/wp-json\/wp\/v2\/users\/1"}],"replies":[{"embeddable":true,"href":"https:\/\/rocketplay-online.com\/de\/wp-json\/wp\/v2\/comments?post=5945"}],"version-history":[{"count":3,"href":"https:\/\/rocketplay-online.com\/de\/wp-json\/wp\/v2\/pages\/5945\/revisions"}],"predecessor-version":[{"id":5948,"href":"https:\/\/rocketplay-online.com\/de\/wp-json\/wp\/v2\/pages\/5945\/revisions\/5948"}],"up":[{"embeddable":true,"href":"https:\/\/rocketplay-online.com\/de\/wp-json\/wp\/v2\/pages\/1438"}],"wp:attachment":[{"href":"https:\/\/rocketplay-online.com\/de\/wp-json\/wp\/v2\/media?parent=5945"}],"curies":[{"name":"wp","href":"https:\/\/api.w.org\/{rel}","templated":true}]}}