{"id":5798,"date":"2024-11-10T18:48:46","date_gmt":"2024-11-10T15:48:46","guid":{"rendered":"https:\/\/rocketplay-online.com\/sportsbook-bonuses\/"},"modified":"2025-11-24T21:07:22","modified_gmt":"2025-11-24T18:07:22","slug":"sportsbook-bonuses","status":"publish","type":"page","link":"https:\/\/rocketplay-online.com\/de\/sportsbook-bonuses\/","title":{"rendered":"\u00dcbersicht \u00fcber Boni auf Sportwettenplattformen"},"content":{"rendered":"<p>Die Landschaft der Sportwetten ist dynamisch und entwickelt sich st\u00e4ndig weiter. Die Plattformen entwickeln sich st\u00e4ndig weiter, um Benutzer anzuziehen und zu halten. Diese Anreize verbessern nicht nur das Wett-Erlebnis, sondern bieten Wettenden auch vielf\u00e4ltige M\u00f6glichkeiten, ihre Gewinne zu maximieren. In diesem Leitfaden erkunden wir die facettenreiche Welt der von Online-Sportwettenanbietern angebotenen Boni und beschreiben ihre Arten, Vorteile und Best Practices f\u00fcr die Nutzung. Durch das Verst\u00e4ndnis der Nuancen dieser Anreize k\u00f6nnen Wettende fundierte Entscheidungen treffen und ihre Wettstrategie in einem wettbewerbsintensiven Markt optimieren.<\/p>\n<p><img loading=\"lazy\" decoding=\"async\" class=\"aligncenter wp-image-5406 lazy-loaded\" src=\"https:\/\/rocketplay-online.com\/wp-content\/uploads\/2024\/11\/overview-of-bonuses-on-sports-betting-platforms-1.png\" sizes=\"auto, (max-width: 800px) 100vw, 800px\" srcset=\"https:\/\/rocketplay-online.com\/wp-content\/uploads\/2024\/11\/overview-of-bonuses-on-sports-betting-platforms-1.png 1009w, https:\/\/rocketplay-online.com\/wp-content\/uploads\/2024\/11\/overview-of-bonuses-on-sports-betting-platforms-1-300x97.png 300w, https:\/\/rocketplay-online.com\/wp-content\/uploads\/2024\/11\/overview-of-bonuses-on-sports-betting-platforms-1-768x249.png 768w\" alt=\"\u00dcbersicht \u00fcber Boni auf Sportwetten-Plattformen 1\" width=\"800\" height=\"259\" data-lazy-type=\"image\" data-src=\"https:\/\/rocketplay-online.com\/wp-content\/uploads\/2024\/11\/overview-of-bonuses-on-sports-betting-platforms-1.png\" data-srcset=\"\" \/><\/p>\n<h2>Was sind Boni bei Buchmachern?<\/h2>\n<p>Sportwetten-Boni sind Werbeanreize, die von Wettplattformen angeboten werden, um die Benutzerbindung zu erh\u00f6hen, neue Anmeldungen zu f\u00f6rdern und bestehende Kunden zu halten. Diese Angebote gibt es in verschiedenen Formen und dienen sowohl den Buchmachern als auch den Wettenden als strategisches Instrument. Dadurch entsteht eine Win-Win-Situation, in der Online-Sportwetten-Boni mehr Benutzer anziehen und Wettende zus\u00e4tzliches Geld oder Belohnungen erhalten, um ihr Wett-Erlebnis zu verbessern. Egal, ob Sie ein Anf\u00e4nger sind, der das Wetten ausprobieren m\u00f6chte, oder ein erfahrener Wettender, der nach zus\u00e4tzlichem Wert sucht.<\/p>\n<div class=\"go-btn-container\"><div class=\"tosh-btn\"><a href=\"\/go-casino\/\" target=\"_blank\">BONUS ERHALTEN<\/a><\/div><\/div>\n<h3>Definition von Boni im Zusammenhang mit Buchmachern<\/h3>\n<p>Die besten Sportwetten-Anmeldeboni bei Buchmachern sind Werbeangebote, die das Engagement und die Loyalit\u00e4t der Kunden erh\u00f6hen sollen. Diese Angebote variieren stark in Art und Umfang, aber ihr Hauptzweck bleibt derselbe: Wettenden einen Mehrwert zu bieten. Ob durch Gratiswetten, verbesserte Quoten oder Cashback-Angebote \u2013 sie verschaffen sowohl neuen als auch erfahrenen Wettenden einen Vorteil bei ihren Wettbem\u00fchungen.<\/p>\n<h3>Vorteile der Verwendung von Boni<\/h3>\n<p>Die Nutzung von Anreizen bietet mehrere Vorteile. Erstens verringern sie das mit Wetten verbundene finanzielle Risiko, indem sie zus\u00e4tzliche Ressourcen zum Wetten bereitstellen. Dies kann insbesondere f\u00fcr Wettanf\u00e4nger attraktiv sein, die z\u00f6gern, ihr eigenes Geld zu riskieren. Dar\u00fcber hinaus k\u00f6nnen Angebote potenzielle Gewinne erh\u00f6hen, wodurch Wetten profitabler werden, als sie es unter Standardbedingungen w\u00e4ren. Schlie\u00dflich dienen sie als strategisches Instrument im Wettmanagement, da sie es Wettenden erm\u00f6glichen, ihre Risiken auf mehr Wetten oder verschiedene M\u00e4rkte zu verteilen.<\/p>\n\n\t<div class=\"alao-sidebar-box alao-sidebar-box--\">\n\t\t<a href=\"https:\/\/rocketplay-online.com\/go-casino\/\" class=\"alao-sidebar-box__link\">\n\t\t\t<span class=\"alao-sidebar-box__thumb\">\n\t\t\t\t<img decoding=\"async\" src=\"https:\/\/rocketplay-online.com\/wp-content\/uploads\/2022\/09\/second_bonus_nonlog.png\" alt=\"Bonus f\u00fcr die erste Einzahlung\">\n\t\t\t<\/span>\n\t\t\t<span class=\"alao-sidebar-box__info\">\n\t\t\t\t<span class=\"alao-sidebar-box__info-wrap\">\n\t\t\t\t\t<span class=\"alao-sidebar-box__head\">Bonus f\u00fcr die erste Einzahlung<\/span>\n\t\t\t\t\t<span class=\"alao-sidebar-box__desc\">100% + 100 FS F\u00dcR EINEN PERFEKTEN START<\/span>\n\t\t\t\t\t<span class=\"alao-sidebar-box__button\">Holen Sie Sich Jetzt<\/span>\n\t\t\t\t<\/span>\n\t\t\t<\/span>\n\t\t<\/a>\n\t<\/div>\n\n\t<style>\n\t\t.alao-sidebar-box {\n\t\t\tdisplay: block;\n\t\t\twidth: 100%;\n\t\t\tmargin-bottom: 24px;\n\t\t\toverflow: hidden;\n\t\t\tposition: relative;\n\t\t\tbackground: linear-gradient(270deg, rgb(140, 81, 255) 0%, rgb(140, 81, 255) calc(50% - 1500px), rgb(113, 45, 244) calc(50% - 750px), rgb(46, 15, 109) calc(50% + 750px), rgb(38, 7, 100) calc(50% + 1500px), rgb(38, 7, 100) 100%);\n\t\t\t-webkit-border-radius: 16px;\n\t\t\t-moz-border-radius: 16px;\n\t\t\tborder-radius: 16px;\n\t\t}\n\t\t.alao-sidebar-box--rose {\n\t\t\tbackground: linear-gradient(270deg, rgb(255, 62, 155) 0%, rgb(255, 62, 155) calc(50% - 1500px), rgb(253, 28, 136) calc(50% - 750px), rgb(91, 15, 108) calc(50% + 750px), rgb(60, 3, 73) calc(50% + 1500px), rgb(60, 3, 73) 100%);\n\t\t}\n\t\t.alao-sidebar-box--light-blue {\n\t\t\tbackground: linear-gradient(270deg, rgb(107, 250, 255) 0%, rgb(107, 250, 255) calc(50% - 1500px), rgb(33, 247, 252) calc(50% - 750px), rgb(25, 19, 183) calc(50% + 750px), rgb(16, 5, 146) calc(50% + 1500px), rgb(16, 5, 146) 100%);\n\t\t}\n\t\t.alao-sidebar-box__link {\n\t\t\tdisplay: block;\n\t\t\twidth: 100%;\n\t\t\theight: auto;\n\t\t\tpadding-top: 56px;\n\t\t\tpadding-bottom: 64px;\n\t\t\tposition: relative;\n\t\t\ttext-decoration: none;\n\t\t}\n\t\t.alao-sidebar-box__thumb {\n\t\t\tposition: absolute;\n\t\t\ttop: 0;\n\t\t\tleft: 0;\n\t\t\twidth: 100%;\n\t\t\theight: 100%;\n\t\t\toverflow: hidden;\n\t\t\tz-index: 5;\n\t\t}\n\t\t.alao-sidebar-box__thumb img {\n\t\t\tposition: absolute;\n\t\t\tbottom: -10%;\n\t\t\tright: -20%;\n\t\t\tdisplay: block;\n\t\t\tmax-width: 120%;\n\t\t\tmax-height: 100%;\n\t\t\ttransition: all .3s ease;\n\t\t}\n\t\t.alao-sidebar-box__link:hover .alao-sidebar-box__thumb img {\n\t\t\tbottom: 0;\n\t\t\tright: 0;\n\t\t}\n\t\t.alao-sidebar-box__info {\n\t\t\tdisplay: block;\n\t\t\twidth: 100%;\n\t\t\tz-index: 10;\n\t\t}\n\t\t.alao-sidebar-box__info-wrap {\n\t\t\tdisplay: flex;\n\t\t\tflex-wrap: wrap;\n\t\t\tflex-direction: column;\n\t\t\tjustify-content: center;\n\t\t\talign-items: flex-start;\n\t\t\twidth: 100%;\n\t\t\tmin-height: 100%;\n\t\t\tpadding: 24px;\n\t\t}\n\t\t.alao-sidebar-box__head {\n\t\t\tdisplay: block;\n\t\t\twidth: 100%;\n\t\t\tmargin-bottom: 0.2rem;\n\t\t\ttext-shadow: 1px 1px 4px rgba(0, 0, 0, .4);\n\t\t\tcolor: #fff;\n\t\t\tfont-size: 1rem;\n\t\t\tfont-weight: bold;\n\t\t\tline-height: 125%;\n\t\t}\n\t\t.alao-sidebar-box__desc {\n\t\t\tdisplay: block;\n\t\t\twidth: 100%;\n\t\t\tmargin-bottom: 8px;\n\t\t\ttext-shadow: 1px 1px 2px rgba(0, 0, 0, .6);\n\t\t\tcolor: #fdd835;\n\t\t\tfont-size: 1.4rem;\n\t\t\tfont-weight: bold;\n\t\t\tline-height: 110%;\n\t\t\ttext-transform: uppercase;\n\t\t}\n\t\t.alao-sidebar-box__button {\n\t\t\tdisplay: inline-block;\n\t\t\tbackground: linear-gradient(90deg,#ffa000,#ffff7b);\n\t\t\tpadding: 8px 12px;\n\t\t\tborder-radius: 16px;\n\t\t\tcolor: #000;\n\t\t\tfont-size: .75rem;\n\t\t\tfont-weight: bold;\n\t\t\tline-height: 135%;\n\t\t\ttext-transform: uppercase;\n\t\t}\n\t<\/style>\n\n\t\n<h2>Die wichtigsten Bonusarten bei Sportwettenanbietern<\/h2>\n<p>Sportwettenanbieter bieten eine Vielzahl der besten Anmeldeboni f\u00fcr Sportwettenanbieter an, die auf die unterschiedlichen Bed\u00fcrfnisse und Vorlieben der Wettenden zugeschnitten sind. Diese Geschenke k\u00f6nnen von gro\u00dfz\u00fcgigen Willkommensangeboten f\u00fcr neue Benutzer bis hin zu exklusiven Aktionen f\u00fcr treue Kunden reichen, wobei jedes Angebot einen bestimmten Zweck innerhalb des Wetterlebnisses erf\u00fcllt. Durch die Bereitstellung einer Reihe von Anreizarten schaffen Sportwettenanbieter eine ansprechende Umgebung, in der Benutzer die M\u00f6glichkeit haben, zu experimentieren, ihre Wettstrategien zu erweitern und ihre potenziellen Gewinne zu maximieren. Jede Angebotsart ist darauf ausgelegt, bestimmte Ziele zu erreichen, sei es, um neue Benutzer anzulocken, weitere Einzahlungen zu f\u00f6rdern oder einfach regelm\u00e4\u00dfige Aktivit\u00e4t zu belohnen.<\/p>\n<h3>\u00dcbersicht \u00fcber Sportereignisse zum Wetten<\/h3>\n<p>Sportwettenanbieter bieten eine gro\u00dfe Auswahl an Wettereignissen, jedes mit seinen eigenen Vorteilen. Von der Spitzenliga bis hin zu Nischenm\u00e4rkten. Wenn Wettende das spezifische Angebot f\u00fcr verschiedene Ereignisse verstehen, k\u00f6nnen sie strategisch entscheiden, wo und wie sie ihre Wetten platzieren, um den gr\u00f6\u00dftm\u00f6glichen Nutzen zu erzielen.<\/p>\n<h3>Willkommensbonus<\/h3>\n<p>Ein Sportwettenbonus wird normalerweise neuen Benutzern als Anreiz f\u00fcr die Anmeldung bei einem Sportwettenanbieter angeboten. Er entspricht oft einem bestimmten Prozentsatz der ersten Einzahlung und bietet neuen Wettenden zus\u00e4tzliche Mittel, um mit dem Wetten zu beginnen. Willkommensangebote sind f\u00fcr Sportwettenanbieter ein wichtiges Instrument zur Gewinnung neuer Kunden und k\u00f6nnen die erste Erfahrung eines Wettenden erheblich beeinflussen.<\/p>\n<h3>Bonus ohne Einzahlung<\/h3>\n<p>Im Gegensatz zum Willkommensangebot m\u00fcssen Wettende bei einem No Deposit-Angebot kein eigenes Geld einzahlen, um den Anreiz zu erhalten. Diese Art von Angebot ist besonders attraktiv, da es einen risikofreien Einstieg ins Wetten bietet und es Benutzern erm\u00f6glicht, die Plattform ohne finanzielle Verpflichtung auszuprobieren.<\/p>\n<h2>So w\u00e4hlen Sie den besten Sportwettenbonus aus<\/h2>\n<p>Um die besten Sportwettenboni online auszuw\u00e4hlen, reicht es nicht, nur den beworbenen Betrag zu betrachten. Um wirklich von diesen Anreizen zu profitieren, m\u00fcssen Wettende die mit jedem Anreiz verbundenen Gesch\u00e4ftsbedingungen ber\u00fccksichtigen, da diese den Wert des Angebots erheblich beeinflussen k\u00f6nnen. Beginnen Sie mit der Bewertung der Wettanforderungen, die angeben, wie oft der Betrag eingesetzt werden muss, bevor Gewinne abgehoben werden k\u00f6nnen. Niedrigere Wettanforderungen machen einen Anreiz im Allgemeinen attraktiver, da sie einen einfacheren Weg zur Auszahlung bieten. Informieren Sie sich au\u00dferdem \u00fcber Einschr\u00e4nkungen bei berechtigten Ereignissen oder Wettarten. Einige Angebote gelten m\u00f6glicherweise nur f\u00fcr bestimmte Sportarten, Ligen oder Quoten, was Ihre Flexibilit\u00e4t einschr\u00e4nkt, wenn Sie an Wetten auf ein breites Spektrum von Ereignissen interessiert sind.<\/p>\n<p>Ein weiterer wichtiger Faktor bei der Auswahl der besten Sportwetten-Anmeldeboni ist die G\u00fcltigkeitsdauer des Geschenks. Viele Angebote haben Ablaufdaten, sodass Benutzer die Wettanforderungen innerhalb eines festgelegten Zeitraums erf\u00fcllen m\u00fcssen. Eine l\u00e4ngere G\u00fcltigkeitsdauer bietet mehr Zeit, um die Bonusgelder strategisch f\u00fcr verschiedene Veranstaltungen einzusetzen, wodurch Ihre Chancen steigen, die Anforderungen ohne Eile zu erf\u00fcllen. Ber\u00fccksichtigen Sie schlie\u00dflich den allgemeinen Ruf und den Kundensupport der Plattform; ein gro\u00dfz\u00fcgiges Geschenk ist nur dann wertvoll, wenn der Sportwettenanbieter vertrauensw\u00fcrdig und zuverl\u00e4ssig ist. Das \u00dcberpr\u00fcfen von Benutzerbewertungen und Expertenmeinungen kann Aufschluss dar\u00fcber geben, wie reibungslos die Plattform Auszahlungen verarbeitet, insbesondere wenn es um Angebotsgewinne geht. Durch die Analyse dieser Faktoren k\u00f6nnen Sie die besten Sportwetten-Boni online ausw\u00e4hlen, die zu Ihrem Wettstil passen und Ihre potenziellen Gewinne maximieren.<\/p>\n<h3>Wettanforderungen<\/h3>\n<p>Um die besten Sportwettenboni auszuw\u00e4hlen, m\u00fcssen Sie die Wettanforderungen verstehen. Diese Anforderungen bestimmen, wie oft der Bonus eingesetzt werden muss, bevor Gewinne ausgezahlt werden k\u00f6nnen. Eine niedrigere Wettanforderung macht einen Bonus oft attraktiver, da es einfacher ist, die Geschenke in auszahlbares Bargeld umzuwandeln.<\/p>\n<h2>Beste Boni nach Kategorie<\/h2>\n<p>In der wettbewerbsintensiven Landschaft der Sportwetten werden Verg\u00fcnstigungen sorgf\u00e4ltig kategorisiert, um den unterschiedlichen Bed\u00fcrfnissen und Vorlieben der Benutzer gerecht zu werden. So k\u00f6nnen Wettende leichter die Online-Sportwetten-Boni finden, die auf ihren spezifischen Wettstil zugeschnitten sind. Zu den Kategorien k\u00f6nnen Geschenke f\u00fcr High Roller geh\u00f6ren, die Spielern, die gro\u00dfe Eins\u00e4tze t\u00e4tigen, erhebliche Belohnungen bieten, normalerweise in Form h\u00f6herer Einzahlungsquoten oder exklusiver Verg\u00fcnstigungen. Diese High Roller-Angebote richten sich an Spieler mit einem betr\u00e4chtlichen Budget und erm\u00f6glichen es ihnen, ihre Wettkraft bei mehreren Events oder Wetten mit hohen Eins\u00e4tzen zu maximieren. Eine weitere wertvolle Kategorie sind Angebote f\u00fcr Vielwetter, die oft als Treue- oder Aufladegeschenke konzipiert sind. Diese bieten Anreize f\u00fcr Benutzer, die sich konsequent mit der Plattform besch\u00e4ftigen, belohnen fortlaufende Aktivit\u00e4ten und verleihen wiederholten Einzahlungen einen zus\u00e4tzlichen Wert.<\/p>\n<p>Dar\u00fcber hinaus bieten viele Sportwettenanbieter ma\u00dfgeschneiderte Angebote f\u00fcr bestimmte Sportarten, Ligen oder hochkar\u00e4tige Events wie gro\u00dfe Fu\u00dfballturniere oder Basketball-Playoffs. Diese Sportwettenanbieter-Boni k\u00f6nnen von erh\u00f6hten Quoten bis hin zu ereignisspezifischen Gratiswetten reichen und sich an Benutzer richten, die Fans einer bestimmten Sportart sind oder bei Spielen mit hohen Eins\u00e4tzen Kapital schlagen m\u00f6chten. Die besten Sportwettenanbieter-Boni f\u00fcr ein gro\u00dfes Sportereignis k\u00f6nnen beispielsweise einzigartige Verg\u00fcnstigungen wie Cashback bei Verlusten oder erh\u00f6hte Quoten bieten, was neuen Benutzern einen attraktiven Grund gibt, sich anzumelden und ihr Gl\u00fcck zu versuchen. Indem sie Anreize in diese unterschiedlichen Kategorien einteilen, erleichtern Sportwettenanbieter es Wettenden, Aktionen auszuw\u00e4hlen, die zu ihren Wettgewohnheiten passen, sodass sie jeden Bonus basierend auf ihren individuellen Vorlieben optimal nutzen k\u00f6nnen.<\/p>\n<div class=\"go-btn-container\"><div class=\"tosh-btn\"><a href=\"\/go-casino\/\" target=\"_blank\">BONUS ERHALTEN<\/a><\/div><\/div>\n<h2>Boni auf Wettplattformen nutzen<\/h2>\n<p>Um den Wert von Online-Sportwetten-Boni zu maximieren, m\u00fcssen Wettende strategisch vorgehen und die Details jedes Angebots sorgf\u00e4ltig analysieren, bevor sie sich festlegen. Das Kleingedruckte, das sich oft in den Gesch\u00e4ftsbedingungen befindet, enth\u00fcllt wichtige Details wie die Mindestquoten, die die niedrigsten Quoten definieren, bei denen ein Geschenk verwendet werden kann. Dies zu verstehen ist entscheidend, da Wetten auf niedrigere Quoten als angegeben zur Disqualifizierung des Angebots f\u00fchren k\u00f6nnen, was zu verlorenen Vorteilen f\u00fchrt. Achten Sie au\u00dferdem auf das Ablaufdatum jedes Angebots \u2013 viele Angebote sind nur f\u00fcr einen bestimmten Zeitraum g\u00fcltig. Wenn Sie Ihre Wetten unter Ber\u00fccksichtigung dieser Fristen planen, stellen Sie sicher, dass die Geschenke vor Ablauf vollst\u00e4ndig genutzt werden, sodass Wettende ihre Wetten ohne Eile optimieren k\u00f6nnen.<\/p>\n<p>Marktbeschr\u00e4nkungen sind ein weiterer wichtiger Aspekt f\u00fcr die effektive Nutzung von Geschenken. Einige Sportwettenboni sind auf bestimmte Sportarten oder Ereignisse beschr\u00e4nkt, w\u00e4hrend andere die Nutzung auf bestimmte Wettarten wie Einzelwetten oder Akkumulatoren beschr\u00e4nken. Wenn Wettende diese Beschr\u00e4nkungen im Voraus kennen, k\u00f6nnen sie ihre Strategien besser planen und unangenehme \u00dcberraschungen beim Platzieren einer Wette vermeiden. Indem sie sich dieser wichtigen Aspekte bewusst sind und die besten Sportwettenboni online ausw\u00e4hlen, die ihren Vorlieben entsprechen, k\u00f6nnen Wettende die angebotenen Vorteile voll aussch\u00f6pfen. Dieser sorgf\u00e4ltige Ansatz erm\u00f6glicht es den Benutzern, ihre Gewinne zu maximieren, unn\u00f6tige Risiken zu reduzieren und ein lohnenderes Wett-Erlebnis auf ihren bevorzugten Plattformen zu genie\u00dfen.<\/p>\n<p><img loading=\"lazy\" decoding=\"async\" class=\"aligncenter wp-image-5398 lazy-loaded\" src=\"https:\/\/rocketplay-online.com\/wp-content\/uploads\/2024\/11\/overview-of-bonuses-on-sports-betting-platforms-2.png\" sizes=\"auto, (max-width: 800px) 100vw, 800px\" srcset=\"https:\/\/rocketplay-online.com\/wp-content\/uploads\/2024\/11\/overview-of-bonuses-on-sports-betting-platforms-2.png 1095w, https:\/\/rocketplay-online.com\/wp-content\/uploads\/2024\/11\/overview-of-bonuses-on-sports-betting-platforms-2-300x125.png 300w, https:\/\/rocketplay-online.com\/wp-content\/uploads\/2024\/11\/overview-of-bonuses-on-sports-betting-platforms-2-1024x426.png 1024w, https:\/\/rocketplay-online.com\/wp-content\/uploads\/2024\/11\/overview-of-bonuses-on-sports-betting-platforms-2-768x320.png 768w\" alt=\"\u00dcbersicht \u00fcber Boni auf Sportwettenplattformen 2\" width=\"800\" height=\"333\" data-lazy-type=\"image\" data-src=\"https:\/\/rocketplay-online.com\/wp-content\/uploads\/2024\/11\/overview-of-bonuses-on-sports-betting-platforms-2.png\" data-srcset=\"\" \/><\/p>\n<h2>H\u00e4ufig gestellte Fragen<\/h2>\n<h3>Was ist ein Sportwettenbonus?<\/h3>\n<p>Ein Sportwettengeschenk ist ein Werbeangebot von Wettplattformen, um neue Kunden zu gewinnen oder bestehende zu halten. Diese Angebote gibt es in verschiedenen Formen, wie z. B. die besten Sportwettenboni, Pr\u00e4mien ohne Einzahlung und Cashback-Angebote, die alle das Wetterlebnis verbessern sollen, indem sie den Wettenden zus\u00e4tzliche Mittel oder Anreize bieten.<\/p>\n<h3>Wie kann ich einen Sportwettenbonus beanspruchen?<\/h3>\n<p>Um die besten Sportwettenboni zu erhalten, m\u00fcssen in der Regel bestimmte Anforderungen erf\u00fcllt werden, z. B. die Er\u00f6ffnung eines Kontos, eine erste Einzahlung oder die Eingabe eines Promo-Codes. Einige Geschenke werden automatisch gutgeschrieben, w\u00e4hrend Sie f\u00fcr andere m\u00f6glicherweise eine Einwilligung einholen oder den Kundendienst kontaktieren m\u00fcssen. Lesen Sie die Allgemeinen Gesch\u00e4ftsbedingungen sorgf\u00e4ltig durch, um sicherzustellen, dass Sie sich f\u00fcr den Anreiz qualifizieren und alle Einschr\u00e4nkungen verstehen.<\/p>\n<h3>Was sind Wettanforderungen und warum sind sie wichtig?<\/h3>\n<p>Wettanforderungen sind von Sportwettenanbietern festgelegte Bedingungen, die vorschreiben, wie oft ein Angebotsbetrag eingesetzt werden muss, bevor er abgehoben werden kann. Beispielsweise w\u00fcrde eine 10-fache Wettanforderung f\u00fcr ein 50-Dollar-Angebot Wetten im Wert von 500 Dollar erfordern, bevor Sie Gewinne aus diesem Anreiz abheben k\u00f6nnen. Das Verst\u00e4ndnis dieser Anforderungen ist wichtig, um das Beste aus Ihrem Geschenk herauszuholen, da sie sich darauf auswirken k\u00f6nnen, wie schnell und einfach Sie auf Ihre Gewinne zugreifen k\u00f6nnen.<\/p>\n","protected":false},"excerpt":{"rendered":"<p>Die Landschaft der Sportwetten ist dynamisch und entwickelt sich st\u00e4ndig weiter. Die Plattformen entwickeln sich st\u00e4ndig weiter, um Benutzer anzuziehen und zu halten. Diese Anreize verbessern nicht nur das Wett-Erlebnis, sondern bieten Wettenden auch vielf\u00e4ltige M\u00f6glichkeiten, ihre Gewinne zu maximieren. In diesem Leitfaden erkunden wir die facettenreiche Welt der von Online-Sportwettenanbietern angebotenen Boni und beschreiben&#8230;<\/p>\n","protected":false},"author":1,"featured_media":0,"parent":0,"menu_order":0,"comment_status":"closed","ping_status":"closed","template":"","meta":{"_acf_changed":false,"_kad_post_transparent":"default","_kad_post_title":"default","_kad_post_layout":"default","_kad_post_sidebar_id":"","_kad_post_content_style":"default","_kad_post_vertical_padding":"default","_kad_post_feature":"","_kad_post_feature_position":"","_kad_post_header":false,"_kad_post_footer":false,"footnotes":""},"class_list":["post-5798","page","type-page","status-publish","hentry"],"acf":[],"rttpg_featured_image_url":null,"rttpg_author":{"display_name":"Oliver","author_link":"https:\/\/rocketplay-online.com\/de\/author\/pemvas95n89x\/"},"rttpg_comment":0,"rttpg_category":null,"rttpg_excerpt":"Die Landschaft der Sportwetten ist dynamisch und entwickelt sich st\u00e4ndig weiter. Die Plattformen entwickeln sich st\u00e4ndig weiter, um Benutzer anzuziehen und zu halten. Diese Anreize verbessern nicht nur das Wett-Erlebnis, sondern bieten Wettenden auch vielf\u00e4ltige M\u00f6glichkeiten, ihre Gewinne zu maximieren. In diesem Leitfaden erkunden wir die facettenreiche Welt der von Online-Sportwettenanbietern angebotenen Boni und beschreiben...","_links":{"self":[{"href":"https:\/\/rocketplay-online.com\/de\/wp-json\/wp\/v2\/pages\/5798","targetHints":{"allow":["GET"]}}],"collection":[{"href":"https:\/\/rocketplay-online.com\/de\/wp-json\/wp\/v2\/pages"}],"about":[{"href":"https:\/\/rocketplay-online.com\/de\/wp-json\/wp\/v2\/types\/page"}],"author":[{"embeddable":true,"href":"https:\/\/rocketplay-online.com\/de\/wp-json\/wp\/v2\/users\/1"}],"replies":[{"embeddable":true,"href":"https:\/\/rocketplay-online.com\/de\/wp-json\/wp\/v2\/comments?post=5798"}],"version-history":[{"count":3,"href":"https:\/\/rocketplay-online.com\/de\/wp-json\/wp\/v2\/pages\/5798\/revisions"}],"predecessor-version":[{"id":6716,"href":"https:\/\/rocketplay-online.com\/de\/wp-json\/wp\/v2\/pages\/5798\/revisions\/6716"}],"wp:attachment":[{"href":"https:\/\/rocketplay-online.com\/de\/wp-json\/wp\/v2\/media?parent=5798"}],"curies":[{"name":"wp","href":"https:\/\/api.w.org\/{rel}","templated":true}]}}