{"id":5792,"date":"2024-11-10T18:41:37","date_gmt":"2024-11-10T15:41:37","guid":{"rendered":"https:\/\/rocketplay-online.com\/best-online-casino-bonuses\/"},"modified":"2025-11-24T21:08:01","modified_gmt":"2025-11-24T18:08:01","slug":"best-online-casino-bonuses","status":"publish","type":"page","link":"https:\/\/rocketplay-online.com\/de\/best-online-casino-bonuses\/","title":{"rendered":"\u00dcbersicht der besten Online Casino Boni"},"content":{"rendered":"<p>In der spannenden Welt des Online-Gl\u00fccksspiels kann die Verlockung der besten Online-Casino-Boni Australiens unwiderstehlich sein. Diese Angebote sind eine zentrale Strategie, mit der Casinos neue Spieler anlocken und bestehende behalten wollen. Angesichts der F\u00fclle an verf\u00fcgbaren Optionen kann die Suche nach diesen Angeboten \u00fcberw\u00e4ltigend, aber potenziell profitabel sein. Dieser Leitfaden bietet einen umfassenden \u00dcberblick \u00fcber die verschiedenen Arten von Angeboten und wie diese Ihr Spielerlebnis verbessern k\u00f6nnen.<\/p>\n<p>Das Verst\u00e4ndnis der Struktur und des Nutzens dieser besten Boni im Online-Casino verschafft den Spielern nicht nur einen Vorteil, sondern bereichert auch ihre Spielsitzungen. Ob es sich um einen erheblichen anf\u00e4nglichen Bonus durch einen Willkommensbonus oder die Vorteile eines Treueprogramms handelt, das Wissen, was jedes Geschenk beinhaltet und wie man es am besten nutzt, kann Ihre Spielstrategie erheblich beeinflussen.<\/p>\n<div class=\"go-btn-container\"><div class=\"tosh-btn\"><a href=\"\/go-casino\/\" target=\"_blank\">BONUS ERHALTEN<\/a><\/div><\/div>\n<h2>Beliebte Arten von Casino-Boni<\/h2>\n<p>Die besten Online-Casino-Boni Australiens sind ein wichtiger Aspekt der Online-Gaming-Branche. Sie sollen Spieler anlocken und halten, indem sie verschiedene Anreize bieten, die das Spielerlebnis verbessern und die Gewinnchancen erh\u00f6hen. Diese Geschenke gibt es in verschiedenen Formen, die jeweils auf die unterschiedlichen Bed\u00fcrfnisse der Spieler und Phasen ihrer Casino-Reise zugeschnitten sind. Von Willkommenspaketen bis hin zu Treuepr\u00e4mien \u2013 das Verst\u00e4ndnis dieser Geschenke kann die Strategie und den Spielspa\u00df eines Spielers erheblich beeinflussen.<\/p>\n<p><img loading=\"lazy\" decoding=\"async\" class=\"aligncenter wp-image-5378 lazy-loaded\" src=\"https:\/\/rocketplay-online.com\/wp-content\/uploads\/2024\/11\/image-alt-tag_-best-casino-bonuses.jpg\" sizes=\"auto, (max-width: 800px) 100vw, 800px\" srcset=\"https:\/\/rocketplay-online.com\/wp-content\/uploads\/2024\/11\/image-alt-tag_-best-casino-bonuses.jpg 1024w, https:\/\/rocketplay-online.com\/wp-content\/uploads\/2024\/11\/image-alt-tag_-best-casino-bonuses-300x171.jpg 300w, https:\/\/rocketplay-online.com\/wp-content\/uploads\/2024\/11\/image-alt-tag_-best-casino-bonuses-768x439.jpg 768w\" alt=\"\u00dcbersicht der besten Online Casino Boni 1\" width=\"800\" height=\"457\" data-lazy-type=\"image\" data-src=\"https:\/\/rocketplay-online.com\/wp-content\/uploads\/2024\/11\/image-alt-tag_-best-casino-bonuses.jpg\" data-srcset=\"\" \/><\/p>\n<h3>Willkommensboni<\/h3>\n<p>Die besten Anmeldeboni f\u00fcr Online-Casinos sind normalerweise die gro\u00dfz\u00fcgigsten Angebote f\u00fcr neue Spieler. Sie bestehen normalerweise aus einem Match-Geschenk, bei dem das Casino den Betrag der ersten Einzahlung verdoppelt oder sogar verdreifacht. Dieser finanzielle Schub erm\u00f6glicht es den Spielern, ihre Spielzeit zu verl\u00e4ngern und eine gr\u00f6\u00dfere Auswahl an Spielen auszuprobieren. Die Wirksamkeit der besten Willkommensboni f\u00fcr Online-Casinos bei der Gewinnung neuer Benutzer liegt darin, dass sie ein betr\u00e4chtliches finanzielles Polster bieten, das die Hemmschwelle f\u00fcr neue Spieler senkt, sich ohne unmittelbares Risiko an Spielen mit hohen Eins\u00e4tzen zu beteiligen.<\/p>\n<p>Dar\u00fcber hinaus k\u00f6nnen die besten Boni eines Online-Casinos zus\u00e4tzliche Verg\u00fcnstigungen wie Freispiele an Spielautomaten oder kostenlose Teilnahmen an Turnieren beinhalten. Diese sind darauf ausgelegt, Neulingen das breite Spektrum der Casino-Aktivit\u00e4ten n\u00e4herzubringen, ihre erste Erfahrung zu verbessern und die Wahrscheinlichkeit ihrer fortgesetzten Teilnahme zu erh\u00f6hen.<\/p>\n\n\t<div class=\"alao-sidebar-box alao-sidebar-box--\">\n\t\t<a href=\"https:\/\/rocketplay-online.com\/go-casino\/\" class=\"alao-sidebar-box__link\">\n\t\t\t<span class=\"alao-sidebar-box__thumb\">\n\t\t\t\t<img decoding=\"async\" src=\"https:\/\/rocketplay-online.com\/wp-content\/uploads\/2022\/09\/second_bonus_nonlog.png\" alt=\"Bonus f\u00fcr die erste Einzahlung\">\n\t\t\t<\/span>\n\t\t\t<span class=\"alao-sidebar-box__info\">\n\t\t\t\t<span class=\"alao-sidebar-box__info-wrap\">\n\t\t\t\t\t<span class=\"alao-sidebar-box__head\">Bonus f\u00fcr die erste Einzahlung<\/span>\n\t\t\t\t\t<span class=\"alao-sidebar-box__desc\">100% + 100 FS F\u00dcR EINEN PERFEKTEN START<\/span>\n\t\t\t\t\t<span class=\"alao-sidebar-box__button\">Holen Sie Sich Jetzt<\/span>\n\t\t\t\t<\/span>\n\t\t\t<\/span>\n\t\t<\/a>\n\t<\/div>\n\n\t<style>\n\t\t.alao-sidebar-box {\n\t\t\tdisplay: block;\n\t\t\twidth: 100%;\n\t\t\tmargin-bottom: 24px;\n\t\t\toverflow: hidden;\n\t\t\tposition: relative;\n\t\t\tbackground: linear-gradient(270deg, rgb(140, 81, 255) 0%, rgb(140, 81, 255) calc(50% - 1500px), rgb(113, 45, 244) calc(50% - 750px), rgb(46, 15, 109) calc(50% + 750px), rgb(38, 7, 100) calc(50% + 1500px), rgb(38, 7, 100) 100%);\n\t\t\t-webkit-border-radius: 16px;\n\t\t\t-moz-border-radius: 16px;\n\t\t\tborder-radius: 16px;\n\t\t}\n\t\t.alao-sidebar-box--rose {\n\t\t\tbackground: linear-gradient(270deg, rgb(255, 62, 155) 0%, rgb(255, 62, 155) calc(50% - 1500px), rgb(253, 28, 136) calc(50% - 750px), rgb(91, 15, 108) calc(50% + 750px), rgb(60, 3, 73) calc(50% + 1500px), rgb(60, 3, 73) 100%);\n\t\t}\n\t\t.alao-sidebar-box--light-blue {\n\t\t\tbackground: linear-gradient(270deg, rgb(107, 250, 255) 0%, rgb(107, 250, 255) calc(50% - 1500px), rgb(33, 247, 252) calc(50% - 750px), rgb(25, 19, 183) calc(50% + 750px), rgb(16, 5, 146) calc(50% + 1500px), rgb(16, 5, 146) 100%);\n\t\t}\n\t\t.alao-sidebar-box__link {\n\t\t\tdisplay: block;\n\t\t\twidth: 100%;\n\t\t\theight: auto;\n\t\t\tpadding-top: 56px;\n\t\t\tpadding-bottom: 64px;\n\t\t\tposition: relative;\n\t\t\ttext-decoration: none;\n\t\t}\n\t\t.alao-sidebar-box__thumb {\n\t\t\tposition: absolute;\n\t\t\ttop: 0;\n\t\t\tleft: 0;\n\t\t\twidth: 100%;\n\t\t\theight: 100%;\n\t\t\toverflow: hidden;\n\t\t\tz-index: 5;\n\t\t}\n\t\t.alao-sidebar-box__thumb img {\n\t\t\tposition: absolute;\n\t\t\tbottom: -10%;\n\t\t\tright: -20%;\n\t\t\tdisplay: block;\n\t\t\tmax-width: 120%;\n\t\t\tmax-height: 100%;\n\t\t\ttransition: all .3s ease;\n\t\t}\n\t\t.alao-sidebar-box__link:hover .alao-sidebar-box__thumb img {\n\t\t\tbottom: 0;\n\t\t\tright: 0;\n\t\t}\n\t\t.alao-sidebar-box__info {\n\t\t\tdisplay: block;\n\t\t\twidth: 100%;\n\t\t\tz-index: 10;\n\t\t}\n\t\t.alao-sidebar-box__info-wrap {\n\t\t\tdisplay: flex;\n\t\t\tflex-wrap: wrap;\n\t\t\tflex-direction: column;\n\t\t\tjustify-content: center;\n\t\t\talign-items: flex-start;\n\t\t\twidth: 100%;\n\t\t\tmin-height: 100%;\n\t\t\tpadding: 24px;\n\t\t}\n\t\t.alao-sidebar-box__head {\n\t\t\tdisplay: block;\n\t\t\twidth: 100%;\n\t\t\tmargin-bottom: 0.2rem;\n\t\t\ttext-shadow: 1px 1px 4px rgba(0, 0, 0, .4);\n\t\t\tcolor: #fff;\n\t\t\tfont-size: 1rem;\n\t\t\tfont-weight: bold;\n\t\t\tline-height: 125%;\n\t\t}\n\t\t.alao-sidebar-box__desc {\n\t\t\tdisplay: block;\n\t\t\twidth: 100%;\n\t\t\tmargin-bottom: 8px;\n\t\t\ttext-shadow: 1px 1px 2px rgba(0, 0, 0, .6);\n\t\t\tcolor: #fdd835;\n\t\t\tfont-size: 1.4rem;\n\t\t\tfont-weight: bold;\n\t\t\tline-height: 110%;\n\t\t\ttext-transform: uppercase;\n\t\t}\n\t\t.alao-sidebar-box__button {\n\t\t\tdisplay: inline-block;\n\t\t\tbackground: linear-gradient(90deg,#ffa000,#ffff7b);\n\t\t\tpadding: 8px 12px;\n\t\t\tborder-radius: 16px;\n\t\t\tcolor: #000;\n\t\t\tfont-size: .75rem;\n\t\t\tfont-weight: bold;\n\t\t\tline-height: 135%;\n\t\t\ttext-transform: uppercase;\n\t\t}\n\t<\/style>\n\n\t\n<h3>Bonus ohne Einzahlung<\/h3>\n<p>Der Reiz der besten Online-Casino-Boni ohne Einzahlung liegt darin, dass sie neuen Spielern einen risikofreien Einstieg bieten. Dieses Geschenk wird ohne Einzahlung vergeben und bietet eine einzigartige Gelegenheit, Spiele auszuprobieren und ein echtes Gef\u00fchl f\u00fcr die Benutzeroberfl\u00e4che und Angebote des Casinos zu bekommen, ohne finanzielle Verpflichtungen einzugehen. Es ist ein beliebtes Mittel, um die Hemmschwelle abzubauen, die potenzielle neue Spieler m\u00f6glicherweise haben, wenn es darum geht, Geld einzuzahlen.<\/p>\n<p>Die besten Online-Casino-Anmeldeboni sind besonders attraktiv, weil sie kostenlose Spiele um echtes Geld anbieten, was ein unschlagbares Angebot f\u00fcr vorsichtige Neulinge oder diejenigen ist, die sich beim Online-Gl\u00fccksspiel noch nicht sicher sind. Diese Art von Angebot ermutigt die Spieler nicht nur, sich zu registrieren und sofort mit dem Spielen zu beginnen, sondern dient auch als vertrauensbildendes Mittel zwischen den Spielern.<\/p>\n<h3>Treueprogramme f\u00fcr Online-Casinos<\/h3>\n<p>Treueprogramme belohnen die Treue wiederkehrender Spieler und erkennen ihr kontinuierliches Spielen mit Punkten an, die gesammelt und gegen verschiedene Belohnungen eingel\u00f6st werden k\u00f6nnen. Diese Programme sind so strukturiert, dass sie auf die h\u00e4ufigen Besucher zugeschnitten sind und ihr Erlebnis bei jedem Besuch durch progressive Belohnungen verbessern, die alles von Cashback-Angeboten bis hin zu exklusiven VIP-Diensten umfassen k\u00f6nnen.<\/p>\n<p>Diese Programme sind ein Beweis f\u00fcr das Engagement f\u00fcr die Zufriedenheit der Spieler und ihr langfristiges Engagement. Durch das Angebot immer besserer Belohnungen erhalten Treueprogramme nicht nur eine aktive Spielerbasis, sondern f\u00f6rdern auch eine eingehendere Erkundung der verf\u00fcgbaren Spiele. Vielspieler profitieren von diesen Programmen, da sie sich wertgesch\u00e4tzt und gesch\u00e4tzt f\u00fchlen, was wiederum eine loyale Beziehung zwischen dem Spieler und dem Casino f\u00f6rdert.<\/p>\n<h2>Vorteile von Casino-Boni<\/h2>\n<p>Der Reiz der besten Boni in Online-Casinos liegt gr\u00f6\u00dftenteils in den greifbaren Vorteilen, die sie bieten, wie etwa der Verl\u00e4ngerung der Spieldauer und der M\u00f6glichkeit h\u00f6herer Gewinne. Indem diese Anreize die Einzahlung eines Spielers verdoppeln, erh\u00f6hen sie effektiv dessen Guthaben und erm\u00f6glichen so l\u00e4ngere Spielperioden. Dieses verl\u00e4ngerte Spielen erh\u00f6ht die Wahrscheinlichkeit, gr\u00f6\u00dfere Betr\u00e4ge zu gewinnen. Dar\u00fcber hinaus fungieren diese Angebote als finanzieller Puffer, sodass Spieler eine gr\u00f6\u00dfere Auswahl an Spielen ausprobieren und gleichzeitig ihr urspr\u00fcngliches Guthaben behalten k\u00f6nnen. Dies ist besonders vorteilhaft f\u00fcr Neulinge, die sich ohne erhebliches finanzielles Risiko mit verschiedenen Spielen vertraut machen m\u00f6chten.<\/p>\n<h3>Nachteile beim Erhalt von Casino-Boni<\/h3>\n<p>Trotz ihrer offensichtlichen Attraktivit\u00e4t sind die besten Online-Casino-Boni ohne Einzahlung nicht ohne Komplikationen. Die bedeutendsten davon sind die Wettanforderungen, die die anf\u00e4ngliche Freude \u00fcber ein Geschenk d\u00e4mpfen k\u00f6nnen. Diese Bedingungen verlangen von den Spielern, einen vorher festgelegten Geldbetrag zu setzen, bevor sie sich Gewinne auszahlen lassen k\u00f6nnen, die sie durch die Verwendung der angebotenen Gelder erzielt haben. In vielen F\u00e4llen sind diese Wettschwellen bemerkenswert hoch angesetzt, was es f\u00fcr die Spieler schwierig macht, sie ohne erhebliche Investitionen und Risiken zu erreichen, was den wahrgenommenen Wert des Geschenks selbst zunichte machen k\u00f6nnte.<\/p>\n<p>Dar\u00fcber hinaus k\u00f6nnen diese Angebote bei den Spielern manchmal ein falsches Sicherheitsgef\u00fchl hervorrufen und sie zu riskanteren Wetten oder weniger vorsichtigem Spiel verleiten. Die Bedingungen, die an die besten Online-Casino-Boni gekn\u00fcpft sind, k\u00f6nnen zudem komplex und restriktiv sein und die Arten der spielbaren Spiele oder die verf\u00fcgbaren Auszahlungsmethoden einschr\u00e4nken. Was also zun\u00e4chst wie ein attraktives Angebot aussieht, kann sich am Ende als weniger vorteilhaft oder sogar problematisch erweisen, je nach den konkreten Bedingungen. Daher ist es f\u00fcr die Spieler unerl\u00e4sslich, die damit verbundenen Anforderungen und Einschr\u00e4nkungen sorgf\u00e4ltig zu pr\u00fcfen und zu ber\u00fccksichtigen, bevor sie sich verpflichten.<\/p>\n<h2>Wie w\u00e4hlt man den besten Casino-Bonus aus?<\/h2>\n<p>Wenn ein Spieler in die Welt des Online-Gl\u00fccksspiels eintaucht, ist die Auswahl des richtigen Anreizes einer der strategischsten Schritte. Diese Entscheidung kann das gesamte Spielerlebnis und die m\u00f6glichen Gewinne stark beeinflussen. Es ist wichtig, nicht nur die H\u00f6he des Geschenks zu verstehen, sondern auch die damit verbundenen Bedingungen, wie z. B. Wettanforderungen und Spielberechtigung. In diesem Abschnitt f\u00fchren wir Sie durch die wichtigsten \u00dcberlegungen, die Sie bei der Auswahl der besten Online-Casinoboni beachten sollten, und helfen Ihnen, Angebote zu finden, die am besten zu Ihrem Spielstil passen und Ihr Spielpotenzial maximieren.<\/p>\n<h3>Wettanforderungen<\/h3>\n<p>Die Auswahl der vorteilhaftesten Online-Casinoboni h\u00e4ngt weitgehend von einem klaren Verst\u00e4ndnis ihrer Wettanforderungen ab. Diese Anforderungen legen das Spielvolumen fest, das erforderlich ist, um Bonusgeld in auszahlbares Geld umzuwandeln. Ein Anreiz mit niedrigeren Wettanforderungen ist in der Regel benutzerfreundlicher und erm\u00f6glicht es den Spielern, leichter auf ihre Gewinne zuzugreifen. Solche Angebote sind besonders wertvoll, da sie echte M\u00f6glichkeiten bieten, Ihr Guthaben ohne \u00fcberm\u00e4\u00dfiges Spielen zu erh\u00f6hen, was ein entscheidender Faktor f\u00fcr die Aufrechterhaltung eines gesunden Spielbudgets sein kann.<\/p>\n<p>Dar\u00fcber hinaus sind Anreize mit unkomplizierten Wettanforderungen tendenziell transparenter, sodass Spieler fundierte Entscheidungen \u00fcber den tats\u00e4chlichen Wert der Annahme eines Bonus treffen k\u00f6nnen. Spieler sollten nach Angeboten suchen, die ein hohes Belohnungspotenzial mit erreichbaren Durchspielkriterien in Einklang bringen und so die Wahrscheinlichkeit optimieren, von ihren Spielsitzungen zu profitieren. Dieser ausgewogene Ansatz kann die Zufriedenheit und Langlebigkeit eines Spielers erheblich beeinflussen.<\/p>\n<h2>Tipps zur optimalen Nutzung Ihres Casino-Bonus<\/h2>\n<p>Die Maximierung des Potenzials der besten Online-Casino-Boni kann Ihr Online-Gl\u00fccksspielerlebnis erheblich verbessern und Ihnen sowohl mehr Spielzeit als auch h\u00f6here Gewinnchancen bieten. Um jedoch wirklich von diesen Angeboten zu profitieren, ist ein strategischer Ansatz unerl\u00e4sslich. In diesem Abschnitt untersuchen wir praktische Tipps und Expertenstrategien, die Ihnen helfen k\u00f6nnen, Ihren Anreiz effektiv zu nutzen. Vom Verstehen des Kleingedruckten bis zur Auswahl der richtigen Spiele f\u00fcr den Einsatz als Anreiz sollen diese Tipps Sie dabei unterst\u00fctzen, jede angebotene Anreizm\u00f6glichkeit optimal zu nutzen. Egal, ob Sie ein erfahrener Spieler oder ein Neuling sind, diese Erkenntnisse werden Ihnen dabei helfen, Ihr Spielerlebnis zu erweitern und Ihre Erfolgschancen zu optimieren.<\/p>\n<p><img loading=\"lazy\" decoding=\"async\" class=\"aligncenter wp-image-5370 lazy-loaded\" src=\"https:\/\/rocketplay-online.com\/wp-content\/uploads\/2024\/11\/how-to-use-bonus-codes-for-uk-online-casino-bonuses.jpg\" sizes=\"auto, (max-width: 800px) 100vw, 800px\" srcset=\"https:\/\/rocketplay-online.com\/wp-content\/uploads\/2024\/11\/how-to-use-bonus-codes-for-uk-online-casino-bonuses.jpg 1600w, https:\/\/rocketplay-online.com\/wp-content\/uploads\/2024\/11\/how-to-use-bonus-codes-for-uk-online-casino-bonuses-300x169.jpg 300w, https:\/\/rocketplay-online.com\/wp-content\/uploads\/2024\/11\/how-to-use-bonus-codes-for-uk-online-casino-bonuses-1024x576.jpg 1024w, https:\/\/rocketplay-online.com\/wp-content\/uploads\/2024\/11\/how-to-use-bonus-codes-for-uk-online-casino-bonuses-768x432.jpg 768w, https:\/\/rocketplay-online.com\/wp-content\/uploads\/2024\/11\/how-to-use-bonus-codes-for-uk-online-casino-bonuses-1536x864.jpg 1536w\" alt=\"\u00dcbersicht der besten Online Casino Boni 2\" width=\"800\" height=\"450\" data-lazy-type=\"image\" data-src=\"https:\/\/rocketplay-online.com\/wp-content\/uploads\/2024\/11\/how-to-use-bonus-codes-for-uk-online-casino-bonuses.jpg\" data-srcset=\"\" \/><\/p>\n<h3>Bonusbedingungen<\/h3>\n<p>Um die Wirksamkeit der besten Online-Casino-Boni zu maximieren, ist ein umfassendes Verst\u00e4ndnis der Geschenkbedingungen unerl\u00e4sslich. Diese Bestimmungen umfassen eine Reihe von Bestimmungen, darunter, welche Spiele f\u00fcr Bonusspiele in Frage kommen, die maximalen Einsatzgr\u00f6\u00dfen und die G\u00fcltigkeitsdauer der Angebote selbst. Die Kenntnis dieser Faktoren ist entscheidend, da sie sich darauf auswirkt, wie und wo Sie das Geschenk verwenden k\u00f6nnen, was sich wiederum auf Ihre Gesamtstrategie und potenziellen Gewinne auswirkt.<\/p>\n<p>Indem sich ein Spieler mit diesen Details vertraut macht, kann er seinen Anreiz strategisch optimal nutzen, Gelegenheiten nutzen, die den Bedingungen entsprechen, und gleichzeitig h\u00e4ufige Fallstricke vermeiden, die den Anreiz zunichte machen k\u00f6nnten. Eine sorgf\u00e4ltige Pr\u00fcfung der Bedingungen stellt sicher, dass Spieler jede angebotene Bonusm\u00f6glichkeit optimal nutzen k\u00f6nnen, was zu einem lohnenderen und zufriedenstellenderen Online-Casino-Erlebnis f\u00fchrt. Das Verst\u00e4ndnis dieser Nuancen erm\u00f6glicht es Spielern, nicht nur mehr Spa\u00df am Spiel zu haben, sondern auch effektiv zu planen und jeden Anreiz in ein potenzielles gewinnbringendes Instrument zu verwandeln.<\/p>\n<h2>\u00dcbersicht der verf\u00fcgbaren Boni im RocketPlay Casino<\/h2>\n<p>RocketPlay Casino ist stolz darauf, eine breite Palette an Anreizen anzubieten, die f\u00fcr jeden Spielertyp etwas bieten, egal ob Neuling oder erfahrener Spieler. Die besten Willkommensboni der Online-Casinos sind besonders verlockend und bieten oft einen betr\u00e4chtlichen Bonus auf die erste Einzahlung sowie Freispiele an beliebten Spielautomaten. F\u00fcr Stammspieler implementiert RocketPlay ein dynamisches Treueprogramm, das konsequentes Spielen mit Punkten belohnt, die gegen eine Vielzahl von Verg\u00fcnstigungen eingetauscht werden k\u00f6nnen, darunter Angebote f\u00fcr Bargeld und zus\u00e4tzliche Spins.<\/p>\n<p>Das Casino aktualisiert sein Angebot regelm\u00e4\u00dfig und f\u00fchrt neue und spannende Angebote ein, die das Spielerlebnis frisch und spannend halten. RocketPlays Engagement f\u00fcr ein abwechslungsreiches Anreizportfolio stellt sicher, dass alle Spieler, unabh\u00e4ngig von ihren Wettpr\u00e4ferenzen oder der Gr\u00f6\u00dfe ihres Bankrolls, wertvolle M\u00f6glichkeiten finden, ihre Spielsitzungen zu verbessern und m\u00f6glicherweise ihre Gewinne zu steigern.<\/p>\n<div class=\"go-btn-container\"><div class=\"tosh-btn\"><a href=\"\/go-casino\/\" target=\"_blank\">BONUS ERHALTEN<\/a><\/div><\/div>\n<h2>Abschluss<\/h2>\n<p>Um die Landschaft der besten Online-Casino-Boni Australiens zu meistern, muss man nicht nur die verschiedenen verf\u00fcgbaren Anreizarten verstehen, sondern auch den strategischen Weitblick haben, um sie effektiv einzusetzen. Das Wissen um die Feinheiten der einzelnen Anreizarten sowie eine Einsch\u00e4tzung ihrer jeweiligen Vorteile und potenziellen Einschr\u00e4nkungen erm\u00f6glicht es den Spielern, Entscheidungen zu treffen, die ihre Spielergebnisse optimieren. Mit dem richtigen Ansatz kann der umsichtige Einsatz von Angeboten das Online-Gl\u00fccksspielerlebnis erheblich bereichern und sowohl verbesserte Spielm\u00f6glichkeiten als auch h\u00f6here Gewinnchancen bieten.<\/p>\n","protected":false},"excerpt":{"rendered":"<p>In der spannenden Welt des Online-Gl\u00fccksspiels kann die Verlockung der besten Online-Casino-Boni Australiens unwiderstehlich sein. Diese Angebote sind eine zentrale Strategie, mit der Casinos neue Spieler anlocken und bestehende behalten wollen. Angesichts der F\u00fclle an verf\u00fcgbaren Optionen kann die Suche nach diesen Angeboten \u00fcberw\u00e4ltigend, aber potenziell profitabel sein. Dieser Leitfaden bietet einen umfassenden \u00dcberblick \u00fcber&#8230;<\/p>\n","protected":false},"author":1,"featured_media":0,"parent":0,"menu_order":0,"comment_status":"closed","ping_status":"closed","template":"","meta":{"_acf_changed":false,"_kad_post_transparent":"default","_kad_post_title":"default","_kad_post_layout":"default","_kad_post_sidebar_id":"","_kad_post_content_style":"default","_kad_post_vertical_padding":"default","_kad_post_feature":"","_kad_post_feature_position":"","_kad_post_header":false,"_kad_post_footer":false,"footnotes":""},"class_list":["post-5792","page","type-page","status-publish","hentry"],"acf":[],"rttpg_featured_image_url":null,"rttpg_author":{"display_name":"Oliver","author_link":"https:\/\/rocketplay-online.com\/de\/author\/pemvas95n89x\/"},"rttpg_comment":0,"rttpg_category":null,"rttpg_excerpt":"In der spannenden Welt des Online-Gl\u00fccksspiels kann die Verlockung der besten Online-Casino-Boni Australiens unwiderstehlich sein. Diese Angebote sind eine zentrale Strategie, mit der Casinos neue Spieler anlocken und bestehende behalten wollen. Angesichts der F\u00fclle an verf\u00fcgbaren Optionen kann die Suche nach diesen Angeboten \u00fcberw\u00e4ltigend, aber potenziell profitabel sein. Dieser Leitfaden bietet einen umfassenden \u00dcberblick \u00fcber...","_links":{"self":[{"href":"https:\/\/rocketplay-online.com\/de\/wp-json\/wp\/v2\/pages\/5792","targetHints":{"allow":["GET"]}}],"collection":[{"href":"https:\/\/rocketplay-online.com\/de\/wp-json\/wp\/v2\/pages"}],"about":[{"href":"https:\/\/rocketplay-online.com\/de\/wp-json\/wp\/v2\/types\/page"}],"author":[{"embeddable":true,"href":"https:\/\/rocketplay-online.com\/de\/wp-json\/wp\/v2\/users\/1"}],"replies":[{"embeddable":true,"href":"https:\/\/rocketplay-online.com\/de\/wp-json\/wp\/v2\/comments?post=5792"}],"version-history":[{"count":3,"href":"https:\/\/rocketplay-online.com\/de\/wp-json\/wp\/v2\/pages\/5792\/revisions"}],"predecessor-version":[{"id":6733,"href":"https:\/\/rocketplay-online.com\/de\/wp-json\/wp\/v2\/pages\/5792\/revisions\/6733"}],"wp:attachment":[{"href":"https:\/\/rocketplay-online.com\/de\/wp-json\/wp\/v2\/media?parent=5792"}],"curies":[{"name":"wp","href":"https:\/\/api.w.org\/{rel}","templated":true}]}}