{"id":5787,"date":"2024-11-10T18:30:17","date_gmt":"2024-11-10T15:30:17","guid":{"rendered":"https:\/\/rocketplay-online.com\/sign-bonus\/"},"modified":"2025-11-24T21:03:23","modified_gmt":"2025-11-24T18:03:23","slug":"sign-bonus","status":"publish","type":"page","link":"https:\/\/rocketplay-online.com\/de\/sign-bonus\/","title":{"rendered":"Casino-Anmeldebonus-\u00dcberpr\u00fcfung"},"content":{"rendered":"<p>In der sich st\u00e4ndig weiterentwickelnden Welt des Online-Gamings entwickeln Casinos st\u00e4ndig neue Methoden, um Spieler anzulocken und ihr Spielerlebnis zu verbessern. Eines der effektivsten Tools, die sie dabei verwenden, ist der Anmeldebonus. Dieser Anreiz zieht nicht nur neue Spieler an, sondern verleiht ihrem Casino-Abenteuer auch eine zus\u00e4tzliche Spannung. Hier werden wir uns damit befassen, was ein kostenloser Anmeldebonus f\u00fcr Online-Casinos ist, wie er funktioniert und welche verschiedenen Arten es gibt. Wir werden auch die mit diesen Geschenken verbundenen Bedingungen untersuchen, wie sie sich von anderen Anreizen unterscheiden, und Tipps geben, wie man ihr Potenzial maximieren kann.<\/p>\n<div class=\"go-btn-container\"><div class=\"tosh-btn\"><a href=\"\/go-casino\/\" target=\"_blank\">BONUS ERHALTEN<\/a><\/div><\/div>\n<h2>Was ist ein Willkommensbonus?<\/h2>\n<p>In der wettbewerbsintensiven Landschaft des Online-Gl\u00fccksspiels ist ein Willkommensbonus ein wichtiger Anreiz, den Casinos bieten, um neue Mitglieder zu gewinnen. Diese Art von Bonus besteht normalerweise aus kostenlosem Guthaben, das dem Konto eines neuen Spielers unmittelbar nach der Registrierung gutgeschrieben wird. Das Willkommensgeschenk wird prominent auf der Landingpage des Casinos angezeigt und ist als herzliches Willkommensgeschenk gedacht, das es neuen Benutzern erm\u00f6glicht, verschiedene Spiele auszuprobieren, ohne dass eine Vorabinvestition erforderlich ist. Dieser strategische Vorteil ist nicht nur eine Geste der Gastfreundschaft, sondern auch eine hervorragende M\u00f6glichkeit f\u00fcr Spieler, ihr Abenteuer im Casino zu beginnen.<\/p>\n<p>Kostenlose Anmeldeboni in Online-Casinos variieren stark in Format und Umfang und sind alle so konzipiert, dass sie den einzigartigen Vorlieben und Spielstilen eines breiten Publikums entsprechen. Ob zus\u00e4tzliches Spielgeld oder die Chance auf Gratisdrehungen an den Spielautomaten \u2013 diese Belohnungen erm\u00f6glichen es den Spielern, ohne finanzielles Risiko durch das Angebot des Casinos zu navigieren.<\/p>\n<p>Was ist also ein Anmeldebonus? Der Reiz eines Anmeldebonus liegt in seiner F\u00e4higkeit, das Spielerlebnis sofort zu verbessern. F\u00fcr Neulinge bedeutet dies eine verbesserte Gelegenheit, mit einer finanziellen Reserve in die Casino-Umgebung einzutauchen. Solche Geschenke sind f\u00fcr Spieler von entscheidender Bedeutung, die ihre neue Spiellandschaft umfassend erkunden m\u00f6chten. Wenn Spieler die Mechanismen und das Potenzial eines Anmeldebonus verstehen, sind sie besser in der Lage, diesen Bonus optimal zu nutzen und so die Grundlage f\u00fcr ein potenziell profitables und unterhaltsames Casino-Erlebnis zu schaffen.<\/p>\n<p><img loading=\"lazy\" decoding=\"async\" class=\"aligncenter wp-image-5351 size-full lazy-loaded\" src=\"https:\/\/rocketplay-online.com\/wp-content\/uploads\/2024\/11\/2023-05-15_191956.png\" sizes=\"auto, (max-width: 674px) 100vw, 674px\" srcset=\"https:\/\/rocketplay-online.com\/wp-content\/uploads\/2024\/11\/2023-05-15_191956.png 674w, https:\/\/rocketplay-online.com\/wp-content\/uploads\/2024\/11\/2023-05-15_191956-300x141.png 300w\" alt=\"Casino-Anmeldebonus-Bewertung 1\" width=\"674\" height=\"316\" data-lazy-type=\"image\" data-src=\"https:\/\/rocketplay-online.com\/wp-content\/uploads\/2024\/11\/2023-05-15_191956.png\" data-srcset=\"\" \/><\/p>\n<h2>Wie funktioniert der Anmeldebonus in einem Casino?<\/h2>\n<p>Wenn sich ein Spieler bei einem Online-Casino anmeldet, hat er m\u00f6glicherweise Anspruch auf einen Anmeldebonus. Dieses Geschenk soll die ersten Phasen seines Spielerlebnisses angenehmer und potenziell profitabler machen. Der Prozess, diesen Vorteil zu erhalten, ist normalerweise unkompliziert: Nach Abschluss des Registrierungsprozesses und Erf\u00fcllung der ersten Kriterien werden die Pr\u00e4miengutschriften dem Konto des Spielers gutgeschrieben.<\/p>\n<h3>Bedingungen und Konditionen des Bonus<\/h3>\n<p>Jedes Casino mit kostenlosem Anmeldebonus hat seine eigenen Gesch\u00e4ftsbedingungen. Diese Regeln sind entscheidend, da sie die Wettanforderungen, die G\u00fcltigkeitsdauer des Bonus und die Spiele bestimmen, f\u00fcr die er verwendet werden kann. Das Verst\u00e4ndnis dieser Bedingungen ist f\u00fcr Spieler unerl\u00e4sslich, um sicherzustellen, dass sie das Beste aus ihren Vorteilen herausholen k\u00f6nnen, ohne unerwartete \u00dcberraschungen zu erleben.<\/p>\n<p>Die Bedingungen enthalten oft Wettanforderungen, die festlegen, wie oft der Geschenkbetrag durchgespielt werden muss, bevor Gewinne ausgezahlt werden k\u00f6nnen. Dies ist eine Sicherheitsma\u00dfnahme, mit der Casinos sicherstellen, dass die Belohnung ihren Zweck erf\u00fcllt, n\u00e4mlich das Spielerlebnis zu verbessern, und nicht nur als kostenloses Geld angesehen wird.<\/p>\n<div class=\"alao-sidebar-box alao-sidebar-box--\">\n\t<div class=\"alao-sidebar-box alao-sidebar-box--\">\n\t\t<a href=\"https:\/\/rocketplay-online.com\/go-casino\/\" class=\"alao-sidebar-box__link\">\n\t\t\t<span class=\"alao-sidebar-box__thumb\">\n\t\t\t\t<img decoding=\"async\" src=\"https:\/\/rocketplay-online.com\/wp-content\/uploads\/2022\/09\/second_bonus_nonlog.png\" alt=\"Bonus f\u00fcr die erste Einzahlung\">\n\t\t\t<\/span>\n\t\t\t<span class=\"alao-sidebar-box__info\">\n\t\t\t\t<span class=\"alao-sidebar-box__info-wrap\">\n\t\t\t\t\t<span class=\"alao-sidebar-box__head\">Bonus f\u00fcr die erste Einzahlung<\/span>\n\t\t\t\t\t<span class=\"alao-sidebar-box__desc\">100% + 100 FS F\u00dcR EINEN PERFEKTEN START<\/span>\n\t\t\t\t\t<span class=\"alao-sidebar-box__button\">Holen Sie Sich Jetzt<\/span>\n\t\t\t\t<\/span>\n\t\t\t<\/span>\n\t\t<\/a>\n\t<\/div>\n\n\t<style>\n\t\t.alao-sidebar-box {\n\t\t\tdisplay: block;\n\t\t\twidth: 100%;\n\t\t\tmargin-bottom: 24px;\n\t\t\toverflow: hidden;\n\t\t\tposition: relative;\n\t\t\tbackground: linear-gradient(270deg, rgb(140, 81, 255) 0%, rgb(140, 81, 255) calc(50% - 1500px), rgb(113, 45, 244) calc(50% - 750px), rgb(46, 15, 109) calc(50% + 750px), rgb(38, 7, 100) calc(50% + 1500px), rgb(38, 7, 100) 100%);\n\t\t\t-webkit-border-radius: 16px;\n\t\t\t-moz-border-radius: 16px;\n\t\t\tborder-radius: 16px;\n\t\t}\n\t\t.alao-sidebar-box--rose {\n\t\t\tbackground: linear-gradient(270deg, rgb(255, 62, 155) 0%, rgb(255, 62, 155) calc(50% - 1500px), rgb(253, 28, 136) calc(50% - 750px), rgb(91, 15, 108) calc(50% + 750px), rgb(60, 3, 73) calc(50% + 1500px), rgb(60, 3, 73) 100%);\n\t\t}\n\t\t.alao-sidebar-box--light-blue {\n\t\t\tbackground: linear-gradient(270deg, rgb(107, 250, 255) 0%, rgb(107, 250, 255) calc(50% - 1500px), rgb(33, 247, 252) calc(50% - 750px), rgb(25, 19, 183) calc(50% + 750px), rgb(16, 5, 146) calc(50% + 1500px), rgb(16, 5, 146) 100%);\n\t\t}\n\t\t.alao-sidebar-box__link {\n\t\t\tdisplay: block;\n\t\t\twidth: 100%;\n\t\t\theight: auto;\n\t\t\tpadding-top: 56px;\n\t\t\tpadding-bottom: 64px;\n\t\t\tposition: relative;\n\t\t\ttext-decoration: none;\n\t\t}\n\t\t.alao-sidebar-box__thumb {\n\t\t\tposition: absolute;\n\t\t\ttop: 0;\n\t\t\tleft: 0;\n\t\t\twidth: 100%;\n\t\t\theight: 100%;\n\t\t\toverflow: hidden;\n\t\t\tz-index: 5;\n\t\t}\n\t\t.alao-sidebar-box__thumb img {\n\t\t\tposition: absolute;\n\t\t\tbottom: -10%;\n\t\t\tright: -20%;\n\t\t\tdisplay: block;\n\t\t\tmax-width: 120%;\n\t\t\tmax-height: 100%;\n\t\t\ttransition: all .3s ease;\n\t\t}\n\t\t.alao-sidebar-box__link:hover .alao-sidebar-box__thumb img {\n\t\t\tbottom: 0;\n\t\t\tright: 0;\n\t\t}\n\t\t.alao-sidebar-box__info {\n\t\t\tdisplay: block;\n\t\t\twidth: 100%;\n\t\t\tz-index: 10;\n\t\t}\n\t\t.alao-sidebar-box__info-wrap {\n\t\t\tdisplay: flex;\n\t\t\tflex-wrap: wrap;\n\t\t\tflex-direction: column;\n\t\t\tjustify-content: center;\n\t\t\talign-items: flex-start;\n\t\t\twidth: 100%;\n\t\t\tmin-height: 100%;\n\t\t\tpadding: 24px;\n\t\t}\n\t\t.alao-sidebar-box__head {\n\t\t\tdisplay: block;\n\t\t\twidth: 100%;\n\t\t\tmargin-bottom: 0.2rem;\n\t\t\ttext-shadow: 1px 1px 4px rgba(0, 0, 0, .4);\n\t\t\tcolor: #fff;\n\t\t\tfont-size: 1rem;\n\t\t\tfont-weight: bold;\n\t\t\tline-height: 125%;\n\t\t}\n\t\t.alao-sidebar-box__desc {\n\t\t\tdisplay: block;\n\t\t\twidth: 100%;\n\t\t\tmargin-bottom: 8px;\n\t\t\ttext-shadow: 1px 1px 2px rgba(0, 0, 0, .6);\n\t\t\tcolor: #fdd835;\n\t\t\tfont-size: 1.4rem;\n\t\t\tfont-weight: bold;\n\t\t\tline-height: 110%;\n\t\t\ttext-transform: uppercase;\n\t\t}\n\t\t.alao-sidebar-box__button {\n\t\t\tdisplay: inline-block;\n\t\t\tbackground: linear-gradient(90deg,#ffa000,#ffff7b);\n\t\t\tpadding: 8px 12px;\n\t\t\tborder-radius: 16px;\n\t\t\tcolor: #000;\n\t\t\tfont-size: .75rem;\n\t\t\tfont-weight: bold;\n\t\t\tline-height: 135%;\n\t\t\ttext-transform: uppercase;\n\t\t}\n\t<\/style>\n\n\t<\/div>\n<h3>Unterschiede zu anderen Bonusarten<\/h3>\n<p>Anmeldegeschenke unterscheiden sich deutlich von anderen Werbeangeboten, die Casinos anbieten, wie etwa Aufladepr\u00e4mien oder Treuepr\u00e4mien. Letztere sind so strukturiert, dass sie das Engagement der aktuellen Mitglieder aufrechterhalten und ihnen Vorteile f\u00fcr ihr fortgesetztes Spielen bieten. Im Gegensatz dazu richtet sich ein Anmeldebonus speziell an Neukunden. Es handelt sich um ein einmaliges Angebot, das ausschlie\u00dflich zum Zeitpunkt der Registrierung bereitgestellt wird und neue Spieler anlocken soll, indem es ihnen einen Startvorteil bietet, ohne dass eine erste Einzahlung erforderlich ist.<\/p>\n<p>Dieses erste Angebot ist ein strategischer Schachzug der Casinos, um ihre Nutzerbasis zu erweitern. Es fungiert als verlockender K\u00f6der, der Spieler dazu bringen kann, sich anzumelden und einen Anmeldebonus auszuprobieren. F\u00fcr den Spieler stellt dieser Bonus eine unsch\u00e4tzbare Chance dar, seine Casino-Reise unter g\u00fcnstigen Bedingungen zu beginnen und so m\u00f6glicherweise seine Spielzeit und seinen allgemeinen Spa\u00df zu erh\u00f6hen, ohne sein Budget zu belasten.<\/p>\n<p>Dar\u00fcber hinaus kann der kostenlose Anmeldebonus eines Online-Casinos die Attraktivit\u00e4t eines Casinos f\u00fcr potenzielle Spieler erheblich steigern, indem er die Bereitschaft des Casinos unterstreicht, im Voraus einen Mehrwert zu bieten \u2013 ein Angebot, das es von der Konkurrenz abheben kann. Dieses besondere Merkmal des Anmeldebonus unterstreicht seine Rolle als wichtige Werbestrategie im Arsenal von Online-Casinos, die darauf abzielen, ein breiteres Publikum zu fesseln und von Anfang an eine treue Spielerbasis zu gewinnen.<\/p>\n<h2>Arten von Willkommensboni<\/h2>\n<p>Online-Casinos bieten eine Vielzahl von Anmeldegeschenken an, um den unterschiedlichen Anforderungen und Vorlieben ihrer Spieler gerecht zu werden. Zu diesen Anreizen geh\u00f6ren Optionen wie Anmeldeboni ohne Einzahlung, Einzahlungsboni und Freispielpakete, die jeweils einzigartige Vorteile bieten. Die Wahl des Bonus kann die Herangehensweise eines Spielers an die Spiele, die er spielt, und die Strategien, die er anwendet, stark beeinflussen. Beispielsweise k\u00f6nnen Spieler in einem Anmeldebonus ohne Einzahlung ohne anf\u00e4ngliche finanzielle Verpflichtung mit dem Spielen beginnen, was besonders f\u00fcr neue oder vorsichtige Spieler attraktiv ist.<\/p>\n<p>Dar\u00fcber hinaus erhalten Spieler durch Einzahlungsboni zus\u00e4tzliches Geld, das auf dem eingezahlten Betrag basiert. Diese Art von Bonus kann die Spielressourcen verdoppeln und so die Spielzeit verl\u00e4ngern und die Gewinnchancen erh\u00f6hen. Freispiele sind eine weitere beliebte Art von Anmeldebonus, die oft f\u00fcr bestimmte Slot-Spiele vorgesehen sind und es den Spielern erm\u00f6glichen, Spiele mit hohen Eins\u00e4tzen zu erleben, ohne das Risiko einzugehen, ihr eigenes Geld zu verlieren. Jede Art von Anmeldebonus ist darauf ausgelegt, das Casino-Erlebnis an die individuellen Vorlieben und Spielstile der Spieler anzupassen.<\/p>\n<h2>Wettanforderungen<\/h2>\n<p>Die mit einem Anmeldebonus verbundenen Wettanforderungen sind ein entscheidender Faktor bei der Bestimmung des Bonuswerts. Sie legen den Gesamtbetrag fest, der eingesetzt werden muss, bevor ein Spieler seine mit dem Geschenk verbundenen Gewinne abheben kann. Diese Anforderungen sind normalerweise ein Multiplikator des Bonuswerts und variieren stark von einem Casino zum anderen. Durch die Festlegung dieser Parameter stellen Casinos sicher, dass die Belohnungen wie vorgesehen verwendet werden \u2013 um das Spielerlebnis zu verbessern \u2013 und nicht sofort ausgezahlt werden.<\/p>\n<p>Es ist wichtig, dass Spieler die Wettanforderungen verstehen und bewerten, die mit jedem Casino mit Anmeldebonus verbunden sind. Hohe Wettanforderungen k\u00f6nnen es schwierig machen, greifbare Vorteile aus einem Bonus zu ziehen, insbesondere wenn die Premiumbedingungen auch den Zeitrahmen f\u00fcr die Erf\u00fcllung dieser Anforderungen begrenzen. Spieler sollten nach Verg\u00fcnstigungen mit angemessenen Wettanforderungen suchen, die die Belohnungsvorteile mit erreichbaren Durchspielkriterien in Einklang bringen, um sicherzustellen, dass sie den angebotenen Bonus optimal nutzen k\u00f6nnen.<\/p>\n<h2>Tipps zur Nutzung des Anmeldebonus<\/h2>\n<p>Um den vollen Nutzen aus einem Casino mit Anmeldebonus zu ziehen, ist es unerl\u00e4sslich, eine gut durchdachte Strategie zu verfolgen, bei der Sie einen geeigneten Bonus ausw\u00e4hlen, der zu Ihrem Spielstil passt. Es geht nicht nur darum, das gr\u00f6\u00dfte verf\u00fcgbare Geschenk zu ergattern; vielmehr ist es wichtig zu \u00fcberlegen, wie die Einzelheiten jedes Bonus Ihre Spielsitzungen verbessern k\u00f6nnen. Dazu geh\u00f6rt, das Kleingedruckte im Zusammenhang mit den Wettanforderungen zu verstehen und sich auf die Spiele zu konzentrieren, die diese Anforderungen am effizientesten erf\u00fcllen. Auf diese Weise stellen Sie sicher, dass Sie das Potenzial des Bonus voll aussch\u00f6pfen.<\/p>\n<p>Neben einer klugen Auswahl spielt auch die effektive Verwaltung Ihrer Bonusgelder eine entscheidende Rolle. Ein realistisches Budget f\u00fcr Spielaktivit\u00e4ten festzulegen ist ein praktischer Ansatz, um die Kontrolle \u00fcber Ihre Ausgaben zu behalten. Wenn Sie sich an dieses Budget halten, wird der Unterhaltungsaspekt des Gl\u00fccksspiels nicht zu einer finanziellen Belastung. Denken Sie daran, dass der Hauptzweck des Anmeldebonus darin besteht, Ihren Spielspa\u00df zu steigern, indem er Ihnen zus\u00e4tzliche Ressourcen zum Spielen zur Verf\u00fcgung stellt.<\/p>\n<p>Dar\u00fcber hinaus ist es von Vorteil, ein Protokoll Ihrer Spielergebnisse zu f\u00fchren, wenn Sie die Premium-Gelder verwenden. Diese Aufzeichnungen k\u00f6nnen Ihnen helfen, Ihre Leistung zu analysieren und Ihre Strategien entsprechend anzupassen. Wenn Sie darauf achten, wie Sie Ihren Bonus nutzen, k\u00f6nnen Sie Ihre Spielzeit verl\u00e4ngern, Ihren Spa\u00df steigern und m\u00f6glicherweise Ihre Gesamtrendite aus den Casinospielen steigern.<\/p>\n<p><img loading=\"lazy\" decoding=\"async\" class=\"aligncenter wp-image-5359 lazy-loaded\" src=\"https:\/\/rocketplay-online.com\/wp-content\/uploads\/2024\/11\/casino-bonus.jpg\" sizes=\"auto, (max-width: 800px) 100vw, 800px\" srcset=\"https:\/\/rocketplay-online.com\/wp-content\/uploads\/2024\/11\/casino-bonus.jpg 1200w, https:\/\/rocketplay-online.com\/wp-content\/uploads\/2024\/11\/casino-bonus-300x200.jpg 300w, https:\/\/rocketplay-online.com\/wp-content\/uploads\/2024\/11\/casino-bonus-1024x683.jpg 1024w, https:\/\/rocketplay-online.com\/wp-content\/uploads\/2024\/11\/casino-bonus-768x512.jpg 768w\" alt=\"Casino-Anmeldebonus-Bewertung 2\" width=\"800\" height=\"533\" data-lazy-type=\"image\" data-src=\"https:\/\/rocketplay-online.com\/wp-content\/uploads\/2024\/11\/casino-bonus.jpg\" data-srcset=\"\" \/><\/p>\n<h2>Registrieren Sie sich und sichern Sie sich Ihren Anmeldebonus!<\/h2>\n<p>Der Einstieg in Ihr Casino-Abenteuer wird durch den Registrierungsprozess vereinfacht, der unkompliziert und benutzerfreundlich gestaltet ist und neuen Spielern schnellen Zugriff auf die Angebote des Casinos, einschlie\u00dflich der Anmeldepr\u00e4mie, erm\u00f6glicht. Normalerweise umfasst dieser Prozess das Ausf\u00fcllen eines kurzen Formulars mit einigen grundlegenden pers\u00f6nlichen Informationen und das Abschlie\u00dfen der Registrierung in nur wenigen Schritten. Dank dieser schnellen Einrichtung k\u00f6nnen Sie fast sofort mit Ihren Lieblings-Casinospielen beginnen.<\/p>\n<p>Sobald Sie sich registriert haben, ist es ganz einfach, Ihren Anmeldebonus zu erhalten. Der Bonus wird Ihrem Konto normalerweise automatisch oder mit einer minimalen Anforderung gutgeschrieben, z. B. der Best\u00e4tigung Ihrer E-Mail-Adresse oder der Eingabe eines Aktionscodes. Dieser sofortige Zugriff auf Bonusgelder ist eine hervorragende M\u00f6glichkeit, die Vielfalt der vom Casino angebotenen Spiele zu erkunden, ohne zun\u00e4chst einen erheblichen Betrag Ihres eigenen Geldes einsetzen zu m\u00fcssen.<\/p>\n<p>Die Aktivierung der Belohnung gibt neuen Spielern eine wertvolle Gelegenheit, sich mit dem Casino-Layout, den Spielangeboten und der gesamten Spielumgebung vertraut zu machen. Dieser herzliche Empfang kann Ihr Wohlbefinden und Ihr Selbstvertrauen beim Navigieren in Online-Casinos erheblich steigern und Ihre ersten Erfahrungen so spannend wie m\u00f6glich gestalten.<\/p>\n<div class=\"go-btn-container\"><div class=\"tosh-btn\"><a href=\"\/go-casino\/\" target=\"_blank\">BONUS ERHALTEN<\/a><\/div><\/div>\n<h2>Abschluss<\/h2>\n<p>Der Reiz eines Anmeldegeschenks liegt letztlich darin, dass es Ihre erste Erfahrung in einem Online-Casino bereichern kann. Indem Sie sich gr\u00fcndlich mit den verschiedenen angebotenen Anmeldepr\u00e4mien vertraut machen, die damit verbundenen Bedingungen verstehen und ihre optimale Nutzung beherrschen, sind Sie in einer guten Position, um Ihr Spiel zu verbessern und Ihre Erfolgschancen zu erh\u00f6hen. Solche Verg\u00fcnstigungen sind so konzipiert, dass sie sowohl Anf\u00e4ngern als auch erfahrenen Spielern einen vorteilhaften Start in ihre Spielaktivit\u00e4ten erm\u00f6glichen.<\/p>\n<p>Wenn Sie die Anforderungen und strategischen Anwendungen dieser Verg\u00fcnstigungen kennen, k\u00f6nnen Sie den Unterhaltungswert und die potenzielle Rentabilit\u00e4t Ihrer Casino-Aktivit\u00e4ten erheblich steigern. Ob Sie nun einen Bonus ohne Einzahlung f\u00fcr einen risikofreien Start nutzen oder eine Einzahlungs\u00fcbereinstimmung verwenden, um Ihre spielbaren Mittel zu maximieren \u2013 wenn Sie wissen, wie Sie Ihren Anmeldebonus effektiv nutzen, kann das einen erheblichen Unterschied bei Ihren Spielergebnissen ausmachen.<\/p>\n","protected":false},"excerpt":{"rendered":"<p>In der sich st\u00e4ndig weiterentwickelnden Welt des Online-Gamings entwickeln Casinos st\u00e4ndig neue Methoden, um Spieler anzulocken und ihr Spielerlebnis zu verbessern. Eines der effektivsten Tools, die sie dabei verwenden, ist der Anmeldebonus. Dieser Anreiz zieht nicht nur neue Spieler an, sondern verleiht ihrem Casino-Abenteuer auch eine zus\u00e4tzliche Spannung. Hier werden wir uns damit befassen, was&#8230;<\/p>\n","protected":false},"author":1,"featured_media":0,"parent":0,"menu_order":0,"comment_status":"closed","ping_status":"closed","template":"","meta":{"_acf_changed":false,"_kad_post_transparent":"default","_kad_post_title":"default","_kad_post_layout":"default","_kad_post_sidebar_id":"","_kad_post_content_style":"default","_kad_post_vertical_padding":"default","_kad_post_feature":"","_kad_post_feature_position":"","_kad_post_header":false,"_kad_post_footer":false,"footnotes":""},"class_list":["post-5787","page","type-page","status-publish","hentry"],"acf":[],"rttpg_featured_image_url":null,"rttpg_author":{"display_name":"Oliver","author_link":"https:\/\/rocketplay-online.com\/de\/author\/pemvas95n89x\/"},"rttpg_comment":0,"rttpg_category":null,"rttpg_excerpt":"In der sich st\u00e4ndig weiterentwickelnden Welt des Online-Gamings entwickeln Casinos st\u00e4ndig neue Methoden, um Spieler anzulocken und ihr Spielerlebnis zu verbessern. Eines der effektivsten Tools, die sie dabei verwenden, ist der Anmeldebonus. Dieser Anreiz zieht nicht nur neue Spieler an, sondern verleiht ihrem Casino-Abenteuer auch eine zus\u00e4tzliche Spannung. Hier werden wir uns damit befassen, was...","_links":{"self":[{"href":"https:\/\/rocketplay-online.com\/de\/wp-json\/wp\/v2\/pages\/5787","targetHints":{"allow":["GET"]}}],"collection":[{"href":"https:\/\/rocketplay-online.com\/de\/wp-json\/wp\/v2\/pages"}],"about":[{"href":"https:\/\/rocketplay-online.com\/de\/wp-json\/wp\/v2\/types\/page"}],"author":[{"embeddable":true,"href":"https:\/\/rocketplay-online.com\/de\/wp-json\/wp\/v2\/users\/1"}],"replies":[{"embeddable":true,"href":"https:\/\/rocketplay-online.com\/de\/wp-json\/wp\/v2\/comments?post=5787"}],"version-history":[{"count":3,"href":"https:\/\/rocketplay-online.com\/de\/wp-json\/wp\/v2\/pages\/5787\/revisions"}],"predecessor-version":[{"id":6604,"href":"https:\/\/rocketplay-online.com\/de\/wp-json\/wp\/v2\/pages\/5787\/revisions\/6604"}],"wp:attachment":[{"href":"https:\/\/rocketplay-online.com\/de\/wp-json\/wp\/v2\/media?parent=5787"}],"curies":[{"name":"wp","href":"https:\/\/api.w.org\/{rel}","templated":true}]}}