{"id":5779,"date":"2024-11-10T16:16:44","date_gmt":"2024-11-10T13:16:44","guid":{"rendered":"https:\/\/rocketplay-online.com\/holiday-bonus\/"},"modified":"2025-04-02T16:42:51","modified_gmt":"2025-04-02T13:42:51","slug":"holiday-bonus","status":"publish","type":"page","link":"https:\/\/rocketplay-online.com\/de\/holiday-bonus\/","title":{"rendered":"Urlaubsbonus im Online Casino"},"content":{"rendered":"<p>Wenn die Festtagszeit n\u00e4her r\u00fcckt, bieten Online-Casinos eine Reihe verlockender Aktionen an, um Spieler anzulocken, wobei der Bonus als besonders verlockendes Angebot hervorsticht. Diese saisonalen Belohnungen sollen das Spielerlebnis in Zeiten, die traditionell von Feiern und Freizeit gepr\u00e4gt sind, noch spannender und spannender machen. Ob durch verbesserte Einzahlungsboni, Freispiele oder sogar den begehrten Feiertagsbonus ohne Einzahlung im Bitcoin-Casino \u2013 diese Pr\u00e4mien sollen nicht nur neue Spieler anlocken, sondern auch bestehenden Mitgliedern f\u00fcr ihre Treue danken und sie zum Weiterspielen anregen. Wenn man versteht, wie diese Belohnungen funktionieren, welche Arten es gibt und welche Strategien man optimal einsetzen kann, kann man das Spielerlebnis und die potenziellen Gewinne w\u00e4hrend der Saison erheblich verbessern. Dieser Leitfaden f\u00fchrt durch die festliche Welt der Online-Casino-Verg\u00fcnstigungen und vermittelt den Spielern das Wissen, wie sie diese saisonalen Belohnungen effektiv freischalten und maximieren k\u00f6nnen.<\/p>\n<div class=\"go-btn-container\"><div class=\"tosh-btn\"><a href=\"\/go-casino\/\" target=\"_blank\">BONUS ERHALTEN<\/a><\/div><\/div>\n<h2>Urlaubsgeld: Was ist das?<\/h2>\n<p>Premium ist im Kontext eines Online-Casinos eine saisonale Belohnung, die Spielern w\u00e4hrend der Festtage angeboten wird. Diese Verg\u00fcnstigungen sollen das Spielerlebnis verbessern, indem sie den Spielern zus\u00e4tzliche Anreize bieten, sich mit den Angeboten des Casinos zu besch\u00e4ftigen. Das Konzept einer Feiertagsbelohnung kann von Plattform zu Plattform unterschiedlich sein, aber normalerweise umfassen sie Freispiele, zus\u00e4tzliche Einzahlungsverg\u00fcnstigungen oder sogar einen Feiertag mit Bitcoin-Casino-Bonus ohne Einzahlung. Solche Aktionen sind eine gro\u00dfartige M\u00f6glichkeit f\u00fcr Casinos, neue Spieler anzulocken und das Interesse der bestehenden Spieler w\u00e4hrend der wettbewerbsintensiven Festtage aufrechtzuerhalten.<\/p>\n<p>Oftmals ist die Auszahlung eines Feiertagsbonus an eine bestimmte Jahreszeit wie Weihnachten, Neujahr oder Halloween gebunden. Dieser thematische Ansatz passt nicht nur gut zur festlichen Stimmung, sondern verleiht dem Spiel auch eine zus\u00e4tzliche Spannung. Spieler k\u00f6nnten sich von Casinos angezogen f\u00fchlen, die betr\u00e4chtliche Pr\u00e4mien anbieten, und suchen w\u00e4hrend der Feiertage nach den besten Angeboten. Es ist eine Marketingstrategie, die auch den Spielern zugutekommt, da sie ihnen mehr Gewinn- oder Spielchancen bietet.<\/p>\n<p><img loading=\"lazy\" decoding=\"async\" class=\"aligncenter wp-image-5322 lazy-loaded\" src=\"https:\/\/rocketplay-online.com\/wp-content\/uploads\/2024\/11\/holiday-bonus-in-online-casino-1.png\" sizes=\"auto, (max-width: 800px) 100vw, 800px\" srcset=\"https:\/\/rocketplay-online.com\/wp-content\/uploads\/2024\/11\/holiday-bonus-in-online-casino-1.png 1309w, https:\/\/rocketplay-online.com\/wp-content\/uploads\/2024\/11\/holiday-bonus-in-online-casino-1-300x130.png 300w, https:\/\/rocketplay-online.com\/wp-content\/uploads\/2024\/11\/holiday-bonus-in-online-casino-1-1024x445.png 1024w, https:\/\/rocketplay-online.com\/wp-content\/uploads\/2024\/11\/holiday-bonus-in-online-casino-1-768x334.png 768w\" alt=\"Urlaubsbonus im Online Casino 1\" width=\"800\" height=\"348\" data-lazy-type=\"image\" data-src=\"https:\/\/rocketplay-online.com\/wp-content\/uploads\/2024\/11\/holiday-bonus-in-online-casino-1.png\" data-srcset=\"\" \/><\/p>\n<h2>Die wichtigsten Arten von Urlaubsgeld<\/h2>\n<h3>Welcher Bonus ist der gro\u00dfz\u00fcgigste?<\/h3>\n<p>Wenn man \u00fcber die Gro\u00dfz\u00fcgigkeit einer Urlaubspr\u00e4mie spricht, ist es wichtig, die Vielfalt der verf\u00fcgbaren Verg\u00fcnstigungen zu ber\u00fccksichtigen. Einige Casinos bieten m\u00f6glicherweise einen betr\u00e4chtlichen Urlaubsbonus an, der eine \u00dcbereinstimmung der Einzahlung eines Spielers um einen bestimmten Prozentsatz beinhalten k\u00f6nnte. Andere bieten m\u00f6glicherweise einen Bitcoin-Casino-Urlaubsbonus ohne Einzahlung an, der es Spielern erm\u00f6glicht, ohne Anfangsinvestition zu wetten, was oft als eine der gro\u00dfz\u00fcgigsten Pr\u00e4mienarten angesehen wird, da es kein Risiko f\u00fcr die Gelder des Spielers darstellt.<\/p>\n<p>Die Gro\u00dfz\u00fcgigkeit einer Pr\u00e4mie h\u00e4ngt auch von den Wettanforderungen und der Leichtigkeit der Umwandlung der Pr\u00e4mie in Bargeld ab. Ein hoher Bonusprozentsatz ist verlockend, aber der wahre Wert wird nur dann realisiert, wenn die Bedingungen spielerfreundlich sind. In einigen F\u00e4llen sind die gro\u00dfz\u00fcgigsten Boni diejenigen, die flexible Bedingungen und eine h\u00f6here Chance bieten, den Bonus in auszahlbares Bargeld umzuwandeln.<\/p>\n\n\t<div class=\"alao-sidebar-box alao-sidebar-box--\">\n\t\t<a href=\"https:\/\/rocketplay-online.com\/go-casino\/\" class=\"alao-sidebar-box__link\">\n\t\t\t<span class=\"alao-sidebar-box__thumb\">\n\t\t\t\t<img decoding=\"async\" src=\"https:\/\/rocketplay-online.com\/wp-content\/uploads\/2022\/09\/second_bonus_nonlog.png\" alt=\"Bonus f\u00fcr die erste Einzahlung\">\n\t\t\t<\/span>\n\t\t\t<span class=\"alao-sidebar-box__info\">\n\t\t\t\t<span class=\"alao-sidebar-box__info-wrap\">\n\t\t\t\t\t<span class=\"alao-sidebar-box__head\">Bonus f\u00fcr die erste Einzahlung<\/span>\n\t\t\t\t\t<span class=\"alao-sidebar-box__desc\">100% + 100 FS F\u00dcR EINEN PERFEKTEN START<\/span>\n\t\t\t\t\t<span class=\"alao-sidebar-box__button\">Holen Sie Sich Jetzt<\/span>\n\t\t\t\t<\/span>\n\t\t\t<\/span>\n\t\t<\/a>\n\t<\/div>\n\n\t<style>\n\t\t.alao-sidebar-box {\n\t\t\tdisplay: block;\n\t\t\twidth: 100%;\n\t\t\tmargin-bottom: 24px;\n\t\t\toverflow: hidden;\n\t\t\tposition: relative;\n\t\t\tbackground: linear-gradient(270deg, rgb(140, 81, 255) 0%, rgb(140, 81, 255) calc(50% - 1500px), rgb(113, 45, 244) calc(50% - 750px), rgb(46, 15, 109) calc(50% + 750px), rgb(38, 7, 100) calc(50% + 1500px), rgb(38, 7, 100) 100%);\n\t\t\t-webkit-border-radius: 16px;\n\t\t\t-moz-border-radius: 16px;\n\t\t\tborder-radius: 16px;\n\t\t}\n\t\t.alao-sidebar-box--rose {\n\t\t\tbackground: linear-gradient(270deg, rgb(255, 62, 155) 0%, rgb(255, 62, 155) calc(50% - 1500px), rgb(253, 28, 136) calc(50% - 750px), rgb(91, 15, 108) calc(50% + 750px), rgb(60, 3, 73) calc(50% + 1500px), rgb(60, 3, 73) 100%);\n\t\t}\n\t\t.alao-sidebar-box--light-blue {\n\t\t\tbackground: linear-gradient(270deg, rgb(107, 250, 255) 0%, rgb(107, 250, 255) calc(50% - 1500px), rgb(33, 247, 252) calc(50% - 750px), rgb(25, 19, 183) calc(50% + 750px), rgb(16, 5, 146) calc(50% + 1500px), rgb(16, 5, 146) 100%);\n\t\t}\n\t\t.alao-sidebar-box__link {\n\t\t\tdisplay: block;\n\t\t\twidth: 100%;\n\t\t\theight: auto;\n\t\t\tpadding-top: 56px;\n\t\t\tpadding-bottom: 64px;\n\t\t\tposition: relative;\n\t\t\ttext-decoration: none;\n\t\t}\n\t\t.alao-sidebar-box__thumb {\n\t\t\tposition: absolute;\n\t\t\ttop: 0;\n\t\t\tleft: 0;\n\t\t\twidth: 100%;\n\t\t\theight: 100%;\n\t\t\toverflow: hidden;\n\t\t\tz-index: 5;\n\t\t}\n\t\t.alao-sidebar-box__thumb img {\n\t\t\tposition: absolute;\n\t\t\tbottom: -10%;\n\t\t\tright: -20%;\n\t\t\tdisplay: block;\n\t\t\tmax-width: 120%;\n\t\t\tmax-height: 100%;\n\t\t\ttransition: all .3s ease;\n\t\t}\n\t\t.alao-sidebar-box__link:hover .alao-sidebar-box__thumb img {\n\t\t\tbottom: 0;\n\t\t\tright: 0;\n\t\t}\n\t\t.alao-sidebar-box__info {\n\t\t\tdisplay: block;\n\t\t\twidth: 100%;\n\t\t\tz-index: 10;\n\t\t}\n\t\t.alao-sidebar-box__info-wrap {\n\t\t\tdisplay: flex;\n\t\t\tflex-wrap: wrap;\n\t\t\tflex-direction: column;\n\t\t\tjustify-content: center;\n\t\t\talign-items: flex-start;\n\t\t\twidth: 100%;\n\t\t\tmin-height: 100%;\n\t\t\tpadding: 24px;\n\t\t}\n\t\t.alao-sidebar-box__head {\n\t\t\tdisplay: block;\n\t\t\twidth: 100%;\n\t\t\tmargin-bottom: 0.2rem;\n\t\t\ttext-shadow: 1px 1px 4px rgba(0, 0, 0, .4);\n\t\t\tcolor: #fff;\n\t\t\tfont-size: 1rem;\n\t\t\tfont-weight: bold;\n\t\t\tline-height: 125%;\n\t\t}\n\t\t.alao-sidebar-box__desc {\n\t\t\tdisplay: block;\n\t\t\twidth: 100%;\n\t\t\tmargin-bottom: 8px;\n\t\t\ttext-shadow: 1px 1px 2px rgba(0, 0, 0, .6);\n\t\t\tcolor: #fdd835;\n\t\t\tfont-size: 1.4rem;\n\t\t\tfont-weight: bold;\n\t\t\tline-height: 110%;\n\t\t\ttext-transform: uppercase;\n\t\t}\n\t\t.alao-sidebar-box__button {\n\t\t\tdisplay: inline-block;\n\t\t\tbackground: linear-gradient(90deg,#ffa000,#ffff7b);\n\t\t\tpadding: 8px 12px;\n\t\t\tborder-radius: 16px;\n\t\t\tcolor: #000;\n\t\t\tfont-size: .75rem;\n\t\t\tfont-weight: bold;\n\t\t\tline-height: 135%;\n\t\t\ttext-transform: uppercase;\n\t\t}\n\t<\/style>\n\n\t\n<h2>Wie bekomme ich einen Bonus?<\/h2>\n<p>Um sich eine Urlaubspr\u00e4mie zu sichern, m\u00fcssen Spieler im Allgemeinen bestimmte Aktionen durchf\u00fchren, die sie f\u00fcr solche Pr\u00e4mien qualifizieren. Der erste Schritt ist h\u00e4ufig die Registrierung eines Kontos beim Online-Casino, gefolgt von der Aktivierung der Pr\u00e4mie \u00fcber einen daf\u00fcr vorgesehenen Aktionsbereich. Diese Aktivierung kann automatisch erfolgen oder die manuelle Eingabe eines vom Casino bereitgestellten Bonus-Aktionscodes f\u00fcr das Urlaubscasino erfordern. Dieser Schritt ist entscheidend, da er die Aktionen des Spielers direkt mit dem Pr\u00e4mienangebot verkn\u00fcpft und sicherstellt, dass die Pr\u00e4mien korrekt auf sein Konto angewendet werden.<\/p>\n<p>Neben der Registrierung und Aktivierung kann der Erhalt eines Bonus auch eine finanzielle Verpflichtung des Spielers erfordern, beispielsweise eine Einzahlung. Casinos legen oft einen Mindesteinzahlungsbetrag fest, um sich f\u00fcr die Pr\u00e4mie zu qualifizieren, und stellen so sicher, dass der Spieler aktiv zum wirtschaftlichen \u00d6kosystem des Casinos beitr\u00e4gt. Dar\u00fcber hinaus k\u00f6nnen Casinos w\u00e4hrend der Feiertage ihre Angebote erweitern, beispielsweise spezielle Urlaubsbonuspakete, die erh\u00f6hte Vorteile bieten, um h\u00f6here Einzahlungen und h\u00e4ufigeres Spielen zu f\u00f6rdern.<\/p>\n<h3>Allgemeine Gesch\u00e4ftsbedingungen f\u00fcr den Urlaubsbonus<\/h3>\n<p>Die mit der Auszahlung eines Urlaubsbonus verbundenen Gesch\u00e4ftsbedingungen sollen die Regeln und Anforderungen dieser Aktionen klar festlegen. Diese Richtlinien sind von grundlegender Bedeutung f\u00fcr die Bestimmung, wie Verg\u00fcnstigungen genutzt und sp\u00e4ter ausgezahlt werden k\u00f6nnen. Spieler m\u00fcssen diese Bedingungen gr\u00fcndlich lesen, um die Wettanforderungen zu verstehen, die vorgeben, wie oft ein Pr\u00e4mienbetrag durchgespielt werden muss, bevor Gewinne abgehoben werden k\u00f6nnen. Dieser Aspekt der Pr\u00e4mienbedingungen ist entscheidend, da er den tats\u00e4chlichen Wert der Pr\u00e4mie in Form von Bargeldgewinnen beeinflusst.<\/p>\n<p>Dar\u00fcber hinaus sind in den Gesch\u00e4ftsbedingungen alle Spielbeschr\u00e4nkungen, Wettlimits und der Beitrag verschiedener Spiele zu den Wettanforderungen aufgef\u00fchrt. Beispielsweise k\u00f6nnen Spielautomaten 100 % jedes Einsatzes zu den Anforderungen beitragen, w\u00e4hrend Tischspiele wie Blackjack m\u00f6glicherweise nur einen geringeren Prozentsatz beitragen. Solche Details helfen den Spielern, ihr Spiel strategisch zu planen, um das Beste aus ihrem Urlaubsgeld und ihren Bonuszahlungen herauszuholen.<\/p>\n<h4>G\u00fcltigkeitsdauer<\/h4>\n<p>Die G\u00fcltigkeitsdauer eines Bonus ist ein wichtiges Element, das Spieler verstehen m\u00fcssen, um das Beste aus ihren Vorteilen herauszuholen. Dieser Zeitrahmen bestimmt, wie lange der Bonus aktiv und nutzbar ist, wonach er verf\u00e4llt, wenn er nicht vollst\u00e4ndig genutzt wird. Spieler sollten bei Urlaubsgeld und Bonuszahlungen genau auf die Anfangs- und Enddaten der G\u00fcltigkeitsdauer achten, die normalerweise in den Bonusbedingungen hervorgehoben sind. Die Spielplanung um diese Daten herum ist wichtig, um den Vorteil voll auszunutzen, ohne das Risiko einzugehen, ihn zu verlieren.<\/p>\n<p>Bei saisonalen Werbeaktionen, wie z. B. einem Premium-Casino-Angebot, kann die G\u00fcltigkeitsdauer mit einer bestimmten Jahreszeit wie Weihnachten oder Neujahr zusammenfallen. Diese Zeitr\u00e4ume werden gew\u00e4hlt, um die Benutzerinteraktion zu Zeiten zu f\u00f6rdern, in denen die Spieler m\u00f6glicherweise aktiver online sind und nach Unterhaltung suchen. Casinos legen diese Zeitr\u00e4ume strategisch so aus, dass die Beteiligung und die Eins\u00e4tze der Spieler maximiert werden.<\/p>\n<p>Das Verst\u00e4ndnis der Bedeutung der G\u00fcltigkeitsdauer hilft den Spielern auch bei der Planung ihrer Spielsitzungen, insbesondere wenn sie die Wettanforderungen innerhalb des Belohnungszeitraums erf\u00fcllen m\u00f6chten. Eine effektive Verwaltung der Spielzeit kann die potenziellen Ertr\u00e4ge aus Urlaubsverg\u00fcnstigungen erheblich steigern, sodass sie nicht nur eine unterhaltsame Erg\u00e4nzung des Spielerlebnisses sind, sondern auch wertvolle M\u00f6glichkeiten f\u00fcr ernsthafte Spieler.<\/p>\n<h2>Spiele, bei denen der Urlaubsbonus genutzt wird<\/h2>\n<p>Casinos w\u00e4hlen die Spiele, die f\u00fcr Pr\u00e4mien in Frage kommen, sorgf\u00e4ltig aus, um den Spielerverkehr auf bestimmte Spiele zu lenken oder neue oder beliebte Titel hervorzuheben. Diese Spiele umfassen oft eine Mischung aus Spielautomaten, Videopoker und klassischen Tischspielen wie Blackjack und Roulette. Werbespiele k\u00f6nnen mit Feiertagsgrafiken und -themen geschm\u00fcckt sein, die den Spielern eine festliche Atmosph\u00e4re vermitteln und ihr Spielerlebnis angenehmer und festlicher machen. Diese sorgf\u00e4ltige Auswahl hilft Casinos dabei, eine frische und ansprechende Spielumgebung aufrechtzuerhalten, die mit der Feiertagsstimmung \u00fcbereinstimmt.<\/p>\n<p>Dar\u00fcber hinaus k\u00f6nnen Bonusangebote von Casinos an Feiertagen auch auf Live-Dealer-Spiele ausgedehnt werden, sodass Spieler die M\u00f6glichkeit haben, den Nervenkitzel des Echtzeit-Gamings mit dem zus\u00e4tzlichen Vorteil von Bonusanreizen zu erleben. Diese Integration von Bonussen in Live-Dealer-Spiele kann besonders w\u00e4hrend der Saison attraktiv sein, wenn die Spieler mehr Freizeit haben und nach spannenderen und interaktiveren Spielerlebnissen suchen. Casinos k\u00f6nnen auch Turniere oder spezielle Feiertagsveranstaltungen anbieten, bei denen diese Pr\u00e4mien genutzt werden k\u00f6nnen, was dem Spielrausch w\u00e4hrend der Feiertage einen Wettbewerbsvorteil verleiht.<\/p>\n<p>Die Strategie hinter der Auswahl bestimmter Spiele f\u00fcr Pr\u00e4mien besteht h\u00e4ufig darin, Spiele mit h\u00f6heren Hausvorteilen zu bewerben oder neue Spiele von Softwareanbietern vorzustellen, die Casinos voranbringen m\u00f6chten. Wenn Spieler den Auswahlprozess und die Arten von Spielen verstehen, die f\u00fcr die Verwendung des Urlaubsgeldbonus verf\u00fcgbar sind, k\u00f6nnen sie ihre Auswahl besser steuern und ihre Gewinnchancen erh\u00f6hen, w\u00e4hrend sie sich voll und ganz auf das vom Casino beworbene festliche Thema einlassen.<\/p>\n<p><img loading=\"lazy\" decoding=\"async\" class=\"aligncenter wp-image-5314 lazy-loaded\" src=\"https:\/\/rocketplay-online.com\/wp-content\/uploads\/2024\/11\/holiday-bonus-in-online-casino-2.png\" sizes=\"auto, (max-width: 800px) 100vw, 800px\" srcset=\"https:\/\/rocketplay-online.com\/wp-content\/uploads\/2024\/11\/holiday-bonus-in-online-casino-2.png 1121w, https:\/\/rocketplay-online.com\/wp-content\/uploads\/2024\/11\/holiday-bonus-in-online-casino-2-300x121.png 300w, https:\/\/rocketplay-online.com\/wp-content\/uploads\/2024\/11\/holiday-bonus-in-online-casino-2-1024x413.png 1024w, https:\/\/rocketplay-online.com\/wp-content\/uploads\/2024\/11\/holiday-bonus-in-online-casino-2-768x310.png 768w\" alt=\"Urlaubsbonus im Online Casino 2\" width=\"800\" height=\"323\" data-lazy-type=\"image\" data-src=\"https:\/\/rocketplay-online.com\/wp-content\/uploads\/2024\/11\/holiday-bonus-in-online-casino-2.png\" data-srcset=\"\" \/><\/p>\n<h2>Tipps zur Nutzung des Urlaubsgeldes<\/h2>\n<p>Um das Potenzial einer Pr\u00e4mie zu maximieren, sollten sich Spieler zun\u00e4chst mit den detaillierten Bedingungen des Bonus vertraut machen. Dazu geh\u00f6rt das Verst\u00e4ndnis der Wettanforderungen, der Mindesteinzahlung, die erforderlich ist, um sich f\u00fcr den Bonus zu qualifizieren, und aller m\u00f6glicherweise geltenden Spieleinschr\u00e4nkungen. Die Kenntnis dieser Details kann unangenehme \u00dcberraschungen vermeiden und Spielern helfen, ihre Spielaktivit\u00e4ten effektiver zu planen. Beispielsweise k\u00f6nnen einige Belohnungen hohe Durchspielanforderungen haben, die sie f\u00fcr Gelegenheitsspieler weniger vorteilhaft machen.<\/p>\n<p>Dar\u00fcber hinaus geh\u00f6rt zu einem klugen Umgang mit Urlaubsgeld und Bonuszahlungen, dass man sein Geld genau im Auge beh\u00e4lt. Das Setzen strikter Limits f\u00fcr Einzahlungsbetr\u00e4ge und Wetteins\u00e4tze kann dabei helfen, die finanzielle Kontrolle zu behalten und sicherzustellen, dass Gl\u00fccksspiel eine Freizeitbesch\u00e4ftigung bleibt. Spieler k\u00f6nnen w\u00e4hrend der Saison auch von der Festlegung von Verlustlimits oder Sitzungszeitlimits profitieren, um exzessives Gl\u00fccksspiel zu vermeiden, das durch die festliche Atmosph\u00e4re und die Verf\u00fcgbarkeit attraktiver Belohnungen angeregt wird.<\/p>\n<p>Dar\u00fcber hinaus ist es eine gute Strategie, sich bei der Verwendung von Urlaubsboni auf Spiele mit h\u00f6heren Return to Player (RTP)-Prozents\u00e4tzen zu konzentrieren. Die Wahl von Spielen mit h\u00f6heren RTPs kann m\u00f6glicherweise die Wahrscheinlichkeit eines Spielers erh\u00f6hen, mit seiner Premiumnutzung einen Gewinn zu erzielen. Auch die Teilnahme an Spielen, die den Spieler wirklich interessieren und unterhalten, kann das Gesamterlebnis erheblich verbessern, das Beste aus den saisonalen Aktionen herausholen und sicherstellen, dass das Gl\u00fccksspiel w\u00e4hrend der Saison eine Quelle der Freude bleibt.<\/p>\n<div class=\"go-btn-container\"><div class=\"tosh-btn\"><a href=\"\/go-casino\/\" target=\"_blank\">BONUS ERHALTEN<\/a><\/div><\/div>\n<h2>Abschluss<\/h2>\n<p>Die Festtage bringen eine Flut von Bonusaktionen mit sich, die das Online-Gl\u00fccksspielerlebnis deutlich verbessern k\u00f6nnen. Indem sie detaillierte und strategisch n\u00fctzliche Verg\u00fcnstigungen anbieten, ziehen Casinos nicht nur neue Spieler an, sondern halten auch ihre bestehenden Spieler bei Laune und unterhalten sie. Wenn Spieler wissen, wie sie diese Pr\u00e4mien effektiv nutzen k\u00f6nnen \u2013 durch sorgf\u00e4ltige Auswahl der Spiele, kluges Bankroll-Management und Einhaltung von Spiellimits \u2013, kann eine saisonale Aktion zu einem lohnenden Erlebnis werden.<\/p>\n<p>So verlockend diese Verg\u00fcnstigungen auch sind, die Bedeutung des verantwortungsvollen Spielens kann nicht genug betont werden. Die Weihnachtszeit sollte eine Zeit der Freude sein, und eine ausgewogene Einstellung zum Spielen stellt sicher, dass es positiv zur Fr\u00f6hlichkeit beitr\u00e4gt. Mit den richtigen Strategien k\u00f6nnen Spieler das Beste aus ihrem Weihnachtsgeldbonus machen und eine erfolgreiche und sch\u00f6ne Weihnachtszeit genie\u00dfen.<\/p>\n","protected":false},"excerpt":{"rendered":"<p>Wenn die Festtagszeit n\u00e4her r\u00fcckt, bieten Online-Casinos eine Reihe verlockender Aktionen an, um Spieler anzulocken, wobei der Bonus als besonders verlockendes Angebot hervorsticht. Diese saisonalen Belohnungen sollen das Spielerlebnis in Zeiten, die traditionell von Feiern und Freizeit gepr\u00e4gt sind, noch spannender und spannender machen. Ob durch verbesserte Einzahlungsboni, Freispiele oder sogar den begehrten Feiertagsbonus ohne&#8230;<\/p>\n","protected":false},"author":1,"featured_media":0,"parent":0,"menu_order":0,"comment_status":"closed","ping_status":"closed","template":"","meta":{"_acf_changed":false,"_kad_post_transparent":"default","_kad_post_title":"default","_kad_post_layout":"default","_kad_post_sidebar_id":"","_kad_post_content_style":"default","_kad_post_vertical_padding":"default","_kad_post_feature":"","_kad_post_feature_position":"","_kad_post_header":false,"_kad_post_footer":false,"footnotes":""},"class_list":["post-5779","page","type-page","status-publish","hentry"],"acf":[],"rttpg_featured_image_url":null,"rttpg_author":{"display_name":"Oliver","author_link":"https:\/\/rocketplay-online.com\/de\/author\/pemvas95n89x\/"},"rttpg_comment":0,"rttpg_category":null,"rttpg_excerpt":"Wenn die Festtagszeit n\u00e4her r\u00fcckt, bieten Online-Casinos eine Reihe verlockender Aktionen an, um Spieler anzulocken, wobei der Bonus als besonders verlockendes Angebot hervorsticht. Diese saisonalen Belohnungen sollen das Spielerlebnis in Zeiten, die traditionell von Feiern und Freizeit gepr\u00e4gt sind, noch spannender und spannender machen. Ob durch verbesserte Einzahlungsboni, Freispiele oder sogar den begehrten Feiertagsbonus ohne...","_links":{"self":[{"href":"https:\/\/rocketplay-online.com\/de\/wp-json\/wp\/v2\/pages\/5779","targetHints":{"allow":["GET"]}}],"collection":[{"href":"https:\/\/rocketplay-online.com\/de\/wp-json\/wp\/v2\/pages"}],"about":[{"href":"https:\/\/rocketplay-online.com\/de\/wp-json\/wp\/v2\/types\/page"}],"author":[{"embeddable":true,"href":"https:\/\/rocketplay-online.com\/de\/wp-json\/wp\/v2\/users\/1"}],"replies":[{"embeddable":true,"href":"https:\/\/rocketplay-online.com\/de\/wp-json\/wp\/v2\/comments?post=5779"}],"version-history":[{"count":3,"href":"https:\/\/rocketplay-online.com\/de\/wp-json\/wp\/v2\/pages\/5779\/revisions"}],"predecessor-version":[{"id":6622,"href":"https:\/\/rocketplay-online.com\/de\/wp-json\/wp\/v2\/pages\/5779\/revisions\/6622"}],"wp:attachment":[{"href":"https:\/\/rocketplay-online.com\/de\/wp-json\/wp\/v2\/media?parent=5779"}],"curies":[{"name":"wp","href":"https:\/\/api.w.org\/{rel}","templated":true}]}}