{"id":5775,"date":"2024-11-10T15:59:19","date_gmt":"2024-11-10T12:59:19","guid":{"rendered":"https:\/\/rocketplay-online.com\/bitcoin-casino-bonus\/"},"modified":"2025-11-24T21:10:49","modified_gmt":"2025-11-24T18:10:49","slug":"bitcoin-casino-bonus","status":"publish","type":"page","link":"https:\/\/rocketplay-online.com\/de\/bitcoin-casino-bonus\/","title":{"rendered":"Bitcoin Casino Bonus \u00dcbersicht"},"content":{"rendered":"<p>In der sich rasch entwickelnden Welt des Online-Gamings haben Kryptow\u00e4hrungen wie Crypto eine neue \u00c4ra des Gl\u00fccksspiels eingel\u00e4utet, wobei das Bitcoin-Bonus-Casino die F\u00fchrung \u00fcbernimmt. Diese Plattformen bieten \u00fcber ihre Premiumsysteme einzigartige Verg\u00fcnstigungen, die speziell darauf zugeschnitten sind, Benutzer digitaler W\u00e4hrungen anzuziehen und zu belohnen. Dieser Leitfaden befasst sich mit den verschiedenen Aspekten der Verg\u00fcnstigungen von Krypto-Casinos und erkl\u00e4rt ihre Art, Vorteile und wie Sie sie am besten nutzen k\u00f6nnen, um Ihr Online-Gaming-Erlebnis zu verbessern.<\/p>\n<div class=\"go-btn-container\"><div class=\"tosh-btn\"><a href=\"\/go-casino\/\" target=\"_blank\">BONUS ERHALTEN<\/a><\/div><\/div>\n<h2>Was ist ein Bitcoin-Casino-Bonus?<\/h2>\n<p>Eine Krypto-Casino-Pr\u00e4mie bezieht sich auf die Anreize, die Krypto-Gl\u00fccksspielseiten bieten, um neue Spieler anzulocken und bestehende zu halten. Diese Pr\u00e4mien \u00e4hneln den Werbeaktionen herk\u00f6mmlicher Online-Casinos, werden jedoch in Krypto oder anderen Kryptow\u00e4hrungen angeboten. Sie k\u00f6nnen von Krypto-Casino-Pr\u00e4mienangeboten ohne Einzahlung reichen, mit denen Spieler einen Vorteil erhalten, ohne Geld einzahlen zu m\u00fcssen, bis hin zu Willkommensbonuspaketen f\u00fcr Bitcoin-Casinos, die neue Spieler f\u00fcr ihre ersten Einzahlungen belohnen.<\/p>\n<p>Der Reiz eines Krypto-Casino-Anreizes liegt darin, dass er den Spielern einen zus\u00e4tzlichen Wert bietet und potenziell ihre Gewinnchancen erh\u00f6ht, indem sie von Anfang an mehr zum Spielen haben. Beispielsweise sind oft Bitcoin-Casino-Bonuscodes erforderlich, um diese Aktionen freizuschalten, weshalb es f\u00fcr Spieler wichtig ist, \u00fcber die neuesten Angebote auf dem Laufenden zu bleiben.<\/p>\n<p><img loading=\"lazy\" decoding=\"async\" class=\"aligncenter wp-image-5294 lazy-loaded\" src=\"https:\/\/rocketplay-online.com\/wp-content\/uploads\/2024\/11\/bitcoin-casino-bonus-overview.png\" sizes=\"auto, (max-width: 800px) 100vw, 800px\" srcset=\"https:\/\/rocketplay-online.com\/wp-content\/uploads\/2024\/11\/bitcoin-casino-bonus-overview.png 870w, https:\/\/rocketplay-online.com\/wp-content\/uploads\/2024\/11\/bitcoin-casino-bonus-overview-300x136.png 300w, https:\/\/rocketplay-online.com\/wp-content\/uploads\/2024\/11\/bitcoin-casino-bonus-overview-768x347.png 768w\" alt=\"Bitcoin Casino Bonus \u00dcbersicht 1\" width=\"800\" height=\"361\" data-lazy-type=\"image\" data-src=\"https:\/\/rocketplay-online.com\/wp-content\/uploads\/2024\/11\/bitcoin-casino-bonus-overview.png\" data-srcset=\"\" \/><\/p>\n<h2>Vorteile eines Bitcoin Bonus<\/h2>\n<p>Einer der gr\u00f6\u00dften Vorteile eines Bitcoin-Bonus-Casinos ist die verbesserte Privatsph\u00e4re und Sicherheit, die es bietet. F\u00fcr Transaktionen mit Kryptow\u00e4hrungen sind keine pers\u00f6nlichen Daten erforderlich, was das Risiko eines Identit\u00e4tsdiebstahls verringert. Dar\u00fcber hinaus k\u00f6nnen Krypto-Transaktionen kosteng\u00fcnstiger sein als Transaktionen mit herk\u00f6mmlichen W\u00e4hrungen, da sie Banken und andere Finanzintermedi\u00e4re umgehen und so m\u00f6glicherweise die Transaktionsgeb\u00fchren senken.<\/p>\n<p>Ein weiterer Vorteil ist die Geschwindigkeit der Transaktionen. Auszahlungen und Einzahlungen in Krypto-Casinos erfolgen in der Regel schneller als bei Fiat-W\u00e4hrungen. Das bedeutet, dass Spieler schneller auf ihre Gewinne zugreifen und diese bei Bedarf wieder in das Casino investieren k\u00f6nnen.<\/p>\n<h3>Nachteile des Bitcoin Bonus<\/h3>\n<p>Es gibt jedoch auch einige Nachteile, die zu ber\u00fccksichtigen sind. Der Wert eines Bitcoin-Casinobonus kann aufgrund der schwankenden Natur von Kryptow\u00e4hrungen sehr volatil sein. Diese Volatilit\u00e4t kann sich auf den tats\u00e4chlichen Wert des Bonus auswirken, der zum Zeitpunkt seiner Verwendung oder Auszahlung mehr oder weniger wert sein kann.<\/p>\n<p>Ein weiterer potenzieller Nachteil ist die Komplexit\u00e4t, die mit der Verwaltung und Speicherung von Kryptow\u00e4hrungen verbunden ist. Neue Benutzer finden den Prozess m\u00f6glicherweise entmutigend, was sie davon abhalten k\u00f6nnte, einen kostenlosen Bonus eines Bitcoin-Casinos zu nutzen. Dar\u00fcber hinaus bieten nicht alle Casinos umfassende Unterst\u00fctzung f\u00fcr Krypto-Belohnungen, was die Nutzung und den Genuss dieser Verg\u00fcnstigungen durch weniger technisch versierte Spieler einschr\u00e4nken k\u00f6nnte.<\/p>\n\n\t<div class=\"alao-sidebar-box alao-sidebar-box--\">\n\t\t<a href=\"https:\/\/rocketplay-online.com\/go-casino\/\" class=\"alao-sidebar-box__link\">\n\t\t\t<span class=\"alao-sidebar-box__thumb\">\n\t\t\t\t<img decoding=\"async\" src=\"https:\/\/rocketplay-online.com\/wp-content\/uploads\/2022\/09\/second_bonus_nonlog.png\" alt=\"Bonus f\u00fcr die erste Einzahlung\">\n\t\t\t<\/span>\n\t\t\t<span class=\"alao-sidebar-box__info\">\n\t\t\t\t<span class=\"alao-sidebar-box__info-wrap\">\n\t\t\t\t\t<span class=\"alao-sidebar-box__head\">Bonus f\u00fcr die erste Einzahlung<\/span>\n\t\t\t\t\t<span class=\"alao-sidebar-box__desc\">100% + 100 FS F\u00dcR EINEN PERFEKTEN START<\/span>\n\t\t\t\t\t<span class=\"alao-sidebar-box__button\">Holen Sie Sich Jetzt<\/span>\n\t\t\t\t<\/span>\n\t\t\t<\/span>\n\t\t<\/a>\n\t<\/div>\n\n\t<style>\n\t\t.alao-sidebar-box {\n\t\t\tdisplay: block;\n\t\t\twidth: 100%;\n\t\t\tmargin-bottom: 24px;\n\t\t\toverflow: hidden;\n\t\t\tposition: relative;\n\t\t\tbackground: linear-gradient(270deg, rgb(140, 81, 255) 0%, rgb(140, 81, 255) calc(50% - 1500px), rgb(113, 45, 244) calc(50% - 750px), rgb(46, 15, 109) calc(50% + 750px), rgb(38, 7, 100) calc(50% + 1500px), rgb(38, 7, 100) 100%);\n\t\t\t-webkit-border-radius: 16px;\n\t\t\t-moz-border-radius: 16px;\n\t\t\tborder-radius: 16px;\n\t\t}\n\t\t.alao-sidebar-box--rose {\n\t\t\tbackground: linear-gradient(270deg, rgb(255, 62, 155) 0%, rgb(255, 62, 155) calc(50% - 1500px), rgb(253, 28, 136) calc(50% - 750px), rgb(91, 15, 108) calc(50% + 750px), rgb(60, 3, 73) calc(50% + 1500px), rgb(60, 3, 73) 100%);\n\t\t}\n\t\t.alao-sidebar-box--light-blue {\n\t\t\tbackground: linear-gradient(270deg, rgb(107, 250, 255) 0%, rgb(107, 250, 255) calc(50% - 1500px), rgb(33, 247, 252) calc(50% - 750px), rgb(25, 19, 183) calc(50% + 750px), rgb(16, 5, 146) calc(50% + 1500px), rgb(16, 5, 146) 100%);\n\t\t}\n\t\t.alao-sidebar-box__link {\n\t\t\tdisplay: block;\n\t\t\twidth: 100%;\n\t\t\theight: auto;\n\t\t\tpadding-top: 56px;\n\t\t\tpadding-bottom: 64px;\n\t\t\tposition: relative;\n\t\t\ttext-decoration: none;\n\t\t}\n\t\t.alao-sidebar-box__thumb {\n\t\t\tposition: absolute;\n\t\t\ttop: 0;\n\t\t\tleft: 0;\n\t\t\twidth: 100%;\n\t\t\theight: 100%;\n\t\t\toverflow: hidden;\n\t\t\tz-index: 5;\n\t\t}\n\t\t.alao-sidebar-box__thumb img {\n\t\t\tposition: absolute;\n\t\t\tbottom: -10%;\n\t\t\tright: -20%;\n\t\t\tdisplay: block;\n\t\t\tmax-width: 120%;\n\t\t\tmax-height: 100%;\n\t\t\ttransition: all .3s ease;\n\t\t}\n\t\t.alao-sidebar-box__link:hover .alao-sidebar-box__thumb img {\n\t\t\tbottom: 0;\n\t\t\tright: 0;\n\t\t}\n\t\t.alao-sidebar-box__info {\n\t\t\tdisplay: block;\n\t\t\twidth: 100%;\n\t\t\tz-index: 10;\n\t\t}\n\t\t.alao-sidebar-box__info-wrap {\n\t\t\tdisplay: flex;\n\t\t\tflex-wrap: wrap;\n\t\t\tflex-direction: column;\n\t\t\tjustify-content: center;\n\t\t\talign-items: flex-start;\n\t\t\twidth: 100%;\n\t\t\tmin-height: 100%;\n\t\t\tpadding: 24px;\n\t\t}\n\t\t.alao-sidebar-box__head {\n\t\t\tdisplay: block;\n\t\t\twidth: 100%;\n\t\t\tmargin-bottom: 0.2rem;\n\t\t\ttext-shadow: 1px 1px 4px rgba(0, 0, 0, .4);\n\t\t\tcolor: #fff;\n\t\t\tfont-size: 1rem;\n\t\t\tfont-weight: bold;\n\t\t\tline-height: 125%;\n\t\t}\n\t\t.alao-sidebar-box__desc {\n\t\t\tdisplay: block;\n\t\t\twidth: 100%;\n\t\t\tmargin-bottom: 8px;\n\t\t\ttext-shadow: 1px 1px 2px rgba(0, 0, 0, .6);\n\t\t\tcolor: #fdd835;\n\t\t\tfont-size: 1.4rem;\n\t\t\tfont-weight: bold;\n\t\t\tline-height: 110%;\n\t\t\ttext-transform: uppercase;\n\t\t}\n\t\t.alao-sidebar-box__button {\n\t\t\tdisplay: inline-block;\n\t\t\tbackground: linear-gradient(90deg,#ffa000,#ffff7b);\n\t\t\tpadding: 8px 12px;\n\t\t\tborder-radius: 16px;\n\t\t\tcolor: #000;\n\t\t\tfont-size: .75rem;\n\t\t\tfont-weight: bold;\n\t\t\tline-height: 135%;\n\t\t\ttext-transform: uppercase;\n\t\t}\n\t<\/style>\n\n\t\n<h2>Wie funktioniert ein Bitcoin-Casino-Bonus?<\/h2>\n<p>Das Verst\u00e4ndnis der Mechanismen hinter einem Krypto-Casino-Anreiz ist f\u00fcr Spieler, die das Beste aus ihrem Online-Gl\u00fccksspielerlebnis machen m\u00f6chten, von entscheidender Bedeutung. Normalerweise erfordern diese Anreize, dass Benutzer w\u00e4hrend des Einzahlungsvorgangs bestimmte Bitcoin-Casino-Bonuscodes eingeben. Jeder Code ist mit einem bestimmten Anreizangebot verkn\u00fcpft und muss genau wie angegeben eingegeben werden, um g\u00fcltig zu sein.<\/p>\n<p>Beispielsweise kann ein typischer Bonuscode f\u00fcr ein Bitcoin-Casino ohne Einzahlung lediglich erfordern, dass sich ein Spieler registriert und sein Konto verifiziert, um den Anreiz zu erhalten, oft ohne dass eine Einzahlung erforderlich ist. Diese Art von Pr\u00e4mie ist besonders attraktiv, da sie kein Risiko f\u00fcr die Gelder des Spielers darstellt.<\/p>\n<h2>Worin besteht der Unterschied zu einem normalen Casino-Bonus?<\/h2>\n<p>Der Hauptunterschied zwischen einer Krypto-Casino-Belohnung und einem regul\u00e4ren Casino-Anreiz ist die W\u00e4hrung. Bitcoin-Bonus-Casinos werden in Kryptow\u00e4hrung angeboten, was zu schnelleren und sichereren Transaktionen f\u00fchren kann. Dar\u00fcber hinaus bieten Krypto-Casinos im Vergleich zu herk\u00f6mmlichen Online-Casinos aufgrund der geringeren Transaktionskosten, die mit Kryptow\u00e4hrungen verbunden sind, oft gro\u00dfz\u00fcgigere Pr\u00e4mien.<\/p>\n<p>Ein weiterer Unterschied besteht in den Bestimmungen, die diese Verg\u00fcnstigungen regeln. Krypto-Casinos unterliegen oft unterschiedlichen regulatorischen Rahmenbedingungen, die sich darauf auswirken k\u00f6nnen, wie Pr\u00e4mien verteilt und verwendet werden k\u00f6nnen. Es ist wichtig, dass Spieler diese Unterschiede verstehen, um voll und ganz von einem kostenlosen Bonus eines Bitcoin-Casinos zu profitieren.<\/p>\n<h2>Wie erh\u00e4lt man einen Bitcoin-Casino-Bonus?<\/h2>\n<p>Den besten Bonusvorteil f\u00fcr ein Bitcoin-Casino zu bekommen, ist im Allgemeinen unkompliziert. Der erste Schritt besteht darin, ein seri\u00f6ses Krypto-Casino zu finden, das die Art von Vorteil bietet, an der Sie interessiert sind. Nach der Anmeldung m\u00fcssen Sie m\u00f6glicherweise Ihr Konto verifizieren, um sich f\u00fcr bestimmte Vorteile zu qualifizieren, insbesondere f\u00fcr solche, f\u00fcr die keine Einzahlung erforderlich ist. Sobald Ihr Konto verifiziert ist, k\u00f6nnen Sie bei Ihrer ersten Einzahlung h\u00e4ufig einen Bonuscode f\u00fcr ein Bitcoin-Casino eingeben, um eine Willkommenspr\u00e4mie zu erhalten. Einige Websites schreiben die Pr\u00e4mie Ihrem Konto automatisch gut, w\u00e4hrend andere m\u00f6glicherweise eine manuelle Aktivierung im Bereich f\u00fcr Anreize oder Werbeaktionen erfordern.<\/p>\n<p>F\u00fcr Bonusangebote ohne Einzahlung von Bitcoin-Casinos m\u00fcssen Sie sich m\u00f6glicherweise nur registrieren und Ihre E-Mail-Adresse best\u00e4tigen, um sich zu qualifizieren. Diese Pr\u00e4mien sind besonders attraktiv, da sie eine risikofreie M\u00f6glichkeit bieten, mit dem Spielen zu beginnen. Es ist jedoch wichtig, die mit diesen Verg\u00fcnstigungen verbundenen Gesch\u00e4ftsbedingungen zu lesen, da m\u00f6glicherweise Wettanforderungen oder Grenzen f\u00fcr die maximalen Gewinne gelten, die Sie auszahlen k\u00f6nnen.<\/p>\n<p><img loading=\"lazy\" decoding=\"async\" class=\"aligncenter wp-image-5302 lazy-loaded\" src=\"https:\/\/rocketplay-online.com\/wp-content\/uploads\/2024\/11\/screenshot_914.png\" sizes=\"auto, (max-width: 800px) 100vw, 800px\" srcset=\"https:\/\/rocketplay-online.com\/wp-content\/uploads\/2024\/11\/screenshot_914.png 1068w, https:\/\/rocketplay-online.com\/wp-content\/uploads\/2024\/11\/screenshot_914-300x166.png 300w, https:\/\/rocketplay-online.com\/wp-content\/uploads\/2024\/11\/screenshot_914-1024x566.png 1024w, https:\/\/rocketplay-online.com\/wp-content\/uploads\/2024\/11\/screenshot_914-768x424.png 768w\" alt=\"Bitcoin Casino Bonus \u00dcbersicht 2\" width=\"800\" height=\"442\" data-lazy-type=\"image\" data-src=\"https:\/\/rocketplay-online.com\/wp-content\/uploads\/2024\/11\/screenshot_914.png\" data-srcset=\"\" \/><\/p>\n<h2>Empfehlungen bei der Verwendung von Bitcoin Casino Bonus<\/h2>\n<p>Wenn Sie das Potenzial des besten Bitcoin-Casinobonus aussch\u00f6pfen m\u00f6chten, ist es wichtig, die Landschaft mit einer strategischen Denkweise zu durchqueren, um Ihre Belohnungen zu optimieren. Hier sind einige differenzierte Strategien und Tipps, um Ihr Erlebnis zu verbessern und den Wert der Anreize, die Sie erhalten, zu maximieren:<\/p>\n<ul>\n<li aria-level=\"1\">Lesen Sie die Gesch\u00e4ftsbedingungen gr\u00fcndlich durch: Der grundlegendste Schritt zur effektiven Nutzung eines Krypto-Casino-Bonus besteht darin, die Gesch\u00e4ftsbedingungen sorgf\u00e4ltig zu lesen. Diese Dokumentation enth\u00e4lt nicht nur die Wettanforderungen, sondern auch alle Spielbeschr\u00e4nkungen, maximalen Einsatzlimits und Auszahlungsobergrenzen, die sich auf Ihr Spiel und den Nutzen des Bonus auswirken k\u00f6nnten. Wenn Sie diese Details verstehen, k\u00f6nnen Sie die beste Strategie entwickeln, um die Anforderungen ohne unvorhergesehene Hindernisse zu erf\u00fcllen.<\/li>\n<li aria-level=\"1\">Suchen Sie nach Pr\u00e4mien mit niedrigen Wettanforderungen: Pr\u00e4mien mit niedrigeren Wettanforderungen sind im Allgemeinen vorteilhafter, da Sie Ihre Gewinne schneller auszahlen k\u00f6nnen. Diese Art von Pr\u00e4mien kann Ihre Spielzeit erheblich verl\u00e4ngern, ohne dass Sie einen erheblichen Teil Ihres Geldes investieren m\u00fcssen. Das Erkennen und Nutzen dieser Angebote kann spielentscheidend sein, insbesondere f\u00fcr Vielspieler.<\/li>\n<li aria-level=\"1\">\u00dcberwachen Sie Ablaufdaten und Zeitlimits: Achten Sie auf die Ablaufdaten Ihrer Anreize. Viele Spieler \u00fcbersehen diesen Aspekt und verpassen die Gelegenheit, ihre Verg\u00fcnstigungen voll auszunutzen. Wenn Sie Erinnerungen f\u00fcr Bitcoin-Casino-Bonuscodes einrichten, um Ihre Anreize vor Ablauf zu nutzen, k\u00f6nnen Sie Hektik in letzter Minute vermeiden, die zu suboptimalen Spielentscheidungen f\u00fchren k\u00f6nnte.<\/li>\n<li aria-level=\"1\">Verstehen Sie die Auswirkungen der Volatilit\u00e4t von Kryptow\u00e4hrungen: Der Wert von Kryptow\u00e4hrungen kann innerhalb kurzer Zeitr\u00e4ume stark schwanken, was sich auf den tats\u00e4chlichen Wert Ihrer Verg\u00fcnstigungen auswirkt. Wenn Sie dazu in der Lage sind, kann es von Vorteil sein, Ihre Ein- und Auszahlungszeitpunkte entsprechend den Markttrends zu planen. Dieser Ansatz erfordert die \u00dcberwachung des Kryptow\u00e4hrungsmarktes oder das Festlegen von Warnungen f\u00fcr erhebliche Preis\u00e4nderungen, um den erh\u00f6hten Wert Ihrer Gewinne voll auszunutzen oder eine Auszahlung w\u00e4hrend eines Tiefs zu vermeiden.<\/li>\n<li aria-level=\"1\">Ber\u00fccksichtigen Sie die Beitragsraten verschiedener Spiele: Nicht alle Spiele tragen gleicherma\u00dfen zu den Wettanforderungen bei. Spielautomaten tragen m\u00f6glicherweise 100 % bei, w\u00e4hrend Tischspiele wie Blackjack m\u00f6glicherweise nur 10 % beitragen. Wenn Sie wissen, welche Spiele die besten Beitragsraten bieten, k\u00f6nnen Sie Ihre Wettanforderungen effizienter erf\u00fcllen.<\/li>\n<\/ul>\n<p>Wenn Sie diese erweiterten Empfehlungen befolgen, k\u00f6nnen Sie sicherstellen, dass jeder von Ihnen in Anspruch genommene Krypto-Casino-Anreiz optimal genutzt wird. Dadurch erh\u00f6ht sich sowohl Ihr Spa\u00df als auch Ihre Chancen auf gewinnbringende Spielesitzungen.<\/p>\n<h2>Weitere empfehlenswerte Boni<\/h2>\n<p>Abgesehen von den Verg\u00fcnstigungen von Krypto-Casinos bieten viele Casinos auch andere Arten von Aktionen an, wie Treueprogramme, Reload-Verg\u00fcnstigungen und Freispiele. Diese Pr\u00e4mien k\u00f6nnen einen zus\u00e4tzlichen Mehrwert bieten und Ihr Spielerlebnis verbessern. Der Vergleich verschiedener Angebote verschiedener Casinos kann Ihnen dabei helfen, die g\u00fcnstigsten Angebote zu finden.<\/p>\n<p>Insbesondere Treueprogramme belohnen Stammspieler mit Punkten, die in Guthaben umgewandelt oder zum Freischalten exklusiver Pr\u00e4mien genutzt werden k\u00f6nnen. Diese Programme sind darauf ausgelegt, eine langfristige Bindung an das Casino zu f\u00f6rdern.<\/p>\n<p style=\"text-align: center;\"><div class=\"go-btn-container\"><div class=\"tosh-btn\"><a href=\"\/go-casino\/\" target=\"_blank\">BONUS ERHALTEN<\/a><\/div><\/div><\/p>\n<h2>H\u00e4ufig gestellte Fragen<\/h2>\n<h3>Was ist ein Bitcoin-Casino-Bonus ohne Einzahlung?<\/h3>\n<p>Ein Bitcoin-Casino-Bonus ohne Einzahlung ist ein verlockendes Werbeangebot von Kryptow\u00e4hrungs-Casinos, bei dem Spieler entweder Bonusguthaben oder Freispiele erhalten, ohne dass sie dem Casino echtes Geld einsetzen m\u00fcssen. Diese Art von Vorteil ist besonders attraktiv, da sie neuen Spielern erm\u00f6glicht, das Angebot des Casinos zu erkunden und ohne finanzielles Risiko an Spielen teilzunehmen. Ein solcher Bonus ohne Einzahlung f\u00fcr Bitcoin-Casinos verbessert nicht nur das anf\u00e4ngliche Spielerlebnis, sondern bietet auch eine echte Chance, Geld zu gewinnen, w\u00e4hrend man die Grundlagen verschiedener Casinospiele lernt. Es ist eine ausgezeichnete Strategie f\u00fcr Casinos, um Neulinge anzulocken, die anfangs vielleicht z\u00f6gern, mit ihrem eigenen Geld zu spielen.<\/p>\n<h3>Wie beanspruche ich einen Bitcoin-Casino-Bonus?<\/h3>\n<p>Das Beanspruchen einer Krypto-Casino-Pr\u00e4mie umfasst normalerweise einige Schritte, die je nach den spezifischen Verfahren des Casinos leicht variieren k\u00f6nnen. Im Allgemeinen besteht der erste Schritt darin, ein Konto beim Casino zu erstellen. W\u00e4hrend der Registrierung oder des Einzahlungsvorgangs werden Sie m\u00f6glicherweise aufgefordert, einen Bitcoin-Casino-Bonuscode einzugeben, falls einer erforderlich ist. Diese Codes sollten genau wie angegeben eingegeben werden, h\u00e4ufig in einem daf\u00fcr vorgesehenen Feld \u201ePr\u00e4mie\u201c oder \u201ePromo-Code\u201c. Einige Casinos verlangen m\u00f6glicherweise keinen Pr\u00e4miencode und schreiben den Bonus stattdessen automatisch Ihrem Konto gut, sobald Sie die Teilnahmekriterien erf\u00fcllen, z. B. Ihr Konto verifizieren oder Ihre erste Einzahlung t\u00e4tigen. Stellen Sie immer sicher, dass Sie den Aktivierungsprozess verstehen, um die Bonusangebote voll ausnutzen zu k\u00f6nnen.<\/p>\n<h3>Sind Bitcoin-Casino-Boni nur f\u00fcr neue Spieler verf\u00fcgbar?<\/h3>\n<p>Zwar sind viele Bitcoin-Casino-Boni, wie Willkommens- oder Anmeldepr\u00e4mien, darauf ausgerichtet, neue Spieler anzulocken, doch zahlreiche Casinos belohnen auch ihre bestehenden Kunden. F\u00fcr treue Spieler bieten diese Casinos Reload-Verg\u00fcnstigungen, Cashback-Angebote und VIP-Programme, die konsequentes Spielen und hohe Wettums\u00e4tze belohnen sollen. Dar\u00fcber hinaus sind auch Sonderaktionen wie w\u00f6chentliche oder monatliche Wettbewerbe und Empfehlungspr\u00e4mien verf\u00fcgbar, die sicherstellen, dass langj\u00e4hrige Spieler viele Anreize haben, am Ball zu bleiben. Diese Bitcoin-Casino-Bonuscode-Angebote sind so konzipiert, dass sie jedem Spieler einen Mehrwert bieten, unabh\u00e4ngig von seiner Dauer im Casino, und so eine lohnende Spielumgebung f\u00fcr alle schaffen.<\/p>\n","protected":false},"excerpt":{"rendered":"<p>In der sich rasch entwickelnden Welt des Online-Gamings haben Kryptow\u00e4hrungen wie Crypto eine neue \u00c4ra des Gl\u00fccksspiels eingel\u00e4utet, wobei das Bitcoin-Bonus-Casino die F\u00fchrung \u00fcbernimmt. Diese Plattformen bieten \u00fcber ihre Premiumsysteme einzigartige Verg\u00fcnstigungen, die speziell darauf zugeschnitten sind, Benutzer digitaler W\u00e4hrungen anzuziehen und zu belohnen. Dieser Leitfaden befasst sich mit den verschiedenen Aspekten der Verg\u00fcnstigungen von&#8230;<\/p>\n","protected":false},"author":1,"featured_media":0,"parent":0,"menu_order":0,"comment_status":"closed","ping_status":"closed","template":"","meta":{"_acf_changed":false,"_kad_post_transparent":"default","_kad_post_title":"default","_kad_post_layout":"default","_kad_post_sidebar_id":"","_kad_post_content_style":"default","_kad_post_vertical_padding":"default","_kad_post_feature":"","_kad_post_feature_position":"","_kad_post_header":false,"_kad_post_footer":false,"footnotes":""},"class_list":["post-5775","page","type-page","status-publish","hentry"],"acf":[],"rttpg_featured_image_url":null,"rttpg_author":{"display_name":"Oliver","author_link":"https:\/\/rocketplay-online.com\/de\/author\/pemvas95n89x\/"},"rttpg_comment":0,"rttpg_category":null,"rttpg_excerpt":"In der sich rasch entwickelnden Welt des Online-Gamings haben Kryptow\u00e4hrungen wie Crypto eine neue \u00c4ra des Gl\u00fccksspiels eingel\u00e4utet, wobei das Bitcoin-Bonus-Casino die F\u00fchrung \u00fcbernimmt. Diese Plattformen bieten \u00fcber ihre Premiumsysteme einzigartige Verg\u00fcnstigungen, die speziell darauf zugeschnitten sind, Benutzer digitaler W\u00e4hrungen anzuziehen und zu belohnen. Dieser Leitfaden befasst sich mit den verschiedenen Aspekten der Verg\u00fcnstigungen von...","_links":{"self":[{"href":"https:\/\/rocketplay-online.com\/de\/wp-json\/wp\/v2\/pages\/5775","targetHints":{"allow":["GET"]}}],"collection":[{"href":"https:\/\/rocketplay-online.com\/de\/wp-json\/wp\/v2\/pages"}],"about":[{"href":"https:\/\/rocketplay-online.com\/de\/wp-json\/wp\/v2\/types\/page"}],"author":[{"embeddable":true,"href":"https:\/\/rocketplay-online.com\/de\/wp-json\/wp\/v2\/users\/1"}],"replies":[{"embeddable":true,"href":"https:\/\/rocketplay-online.com\/de\/wp-json\/wp\/v2\/comments?post=5775"}],"version-history":[{"count":3,"href":"https:\/\/rocketplay-online.com\/de\/wp-json\/wp\/v2\/pages\/5775\/revisions"}],"predecessor-version":[{"id":6578,"href":"https:\/\/rocketplay-online.com\/de\/wp-json\/wp\/v2\/pages\/5775\/revisions\/6578"}],"wp:attachment":[{"href":"https:\/\/rocketplay-online.com\/de\/wp-json\/wp\/v2\/media?parent=5775"}],"curies":[{"name":"wp","href":"https:\/\/api.w.org\/{rel}","templated":true}]}}