{"id":5771,"date":"2024-11-10T14:54:35","date_gmt":"2024-11-10T11:54:35","guid":{"rendered":"https:\/\/rocketplay-online.com\/cashback-bonus\/"},"modified":"2025-11-24T21:14:00","modified_gmt":"2025-11-24T18:14:00","slug":"cashback-bonus","status":"publish","type":"page","link":"https:\/\/rocketplay-online.com\/de\/cashback-bonus\/","title":{"rendered":"\u00dcbersicht \u00fcber den Casino-Cashback-Bonus"},"content":{"rendered":"<p>Der Reiz von Online-Casinos liegt nicht nur im Nervenkitzel des Spiels, sondern auch in den finanziellen Anreizen, die den Spielern geboten werden, unter denen der Casino-Cashback-Bonus besonders wichtig ist. Diese Art von Pr\u00e4mie ist zu einem Eckpfeiler von Treueprogrammen f\u00fcr Spieler geworden, die dazu dienen sollen, weiter zu spielen und gleichzeitig den Schmerz von Verlusten zu minimieren. Dieser umfassende Leitfaden befasst sich mit den verschiedenen Facetten des Casino-Bonus und zeigt, wie er sowohl als Spieleranreiz als auch als Marketinginstrument f\u00fcr Casinos dient.<\/p>\n<p><img loading=\"lazy\" decoding=\"async\" class=\"aligncenter wp-image-5275 lazy-loaded\" src=\"https:\/\/rocketplay-online.com\/wp-content\/uploads\/2024\/11\/casino-cashback-bonus-overview-2.png\" sizes=\"auto, (max-width: 800px) 100vw, 800px\" srcset=\"https:\/\/rocketplay-online.com\/wp-content\/uploads\/2024\/11\/casino-cashback-bonus-overview-2.png 1576w, https:\/\/rocketplay-online.com\/wp-content\/uploads\/2024\/11\/casino-cashback-bonus-overview-2-300x134.png 300w, https:\/\/rocketplay-online.com\/wp-content\/uploads\/2024\/11\/casino-cashback-bonus-overview-2-1024x457.png 1024w, https:\/\/rocketplay-online.com\/wp-content\/uploads\/2024\/11\/casino-cashback-bonus-overview-2-768x343.png 768w, https:\/\/rocketplay-online.com\/wp-content\/uploads\/2024\/11\/casino-cashback-bonus-overview-2-1536x686.png 1536w\" alt=\"Casino Cashback Bonus \u00dcbersicht 1\" width=\"800\" height=\"357\" data-lazy-type=\"image\" data-src=\"https:\/\/rocketplay-online.com\/wp-content\/uploads\/2024\/11\/casino-cashback-bonus-overview-2.png\" data-srcset=\"\" \/><\/p>\n<h2>Was ist ein Cashback-Bonus in einem Casino?<\/h2>\n<p>Im Wesentlichen bietet ein Bonus-Casino-Cashback den Spielern einen Prozentsatz ihrer Verluste in Form von Guthaben oder echtem Geld zur\u00fcck, was es zu einer beliebten Funktion unter den Spielern macht, die h\u00e4ufig Online-Casinos besuchen. Im Gegensatz zu den meisten Casino-Pr\u00e4mien, die eine Einzahlung erfordern und haupts\u00e4chlich das Spielen belohnen, belohnt ein Cashback-Bonus-Casino-Modell die Spieler einfach f\u00fcr ihre Teilnahme, unabh\u00e4ngig vom Ergebnis ihrer Wetten. Dieses Modell tr\u00e4gt dazu bei, das wahrgenommene Risiko des Gl\u00fccksspiels zu verringern und kann zu mehr Engagement und Zufriedenheit der Spieler f\u00fchren.<\/p>\n<p>Ein Hauptmerkmal der Casinopr\u00e4mie ist ihre F\u00e4higkeit, ein Gef\u00fchl von Sicherheit und Wert zu vermitteln und Spieler zu ermutigen, sich mit Spielen zu besch\u00e4ftigen, die sie sonst vielleicht nicht ausprobieren w\u00fcrden. Dieses psychologische Wohlbefinden ist entscheidend f\u00fcr die Kundenbindung und kann f\u00fcr Spieler ein entscheidender Faktor bei der Wahl zwischen verschiedenen Online-Casinos sein. Die Einfachheit, einen Cashback-Bonus f\u00fcr Online-Casinos zu erhalten, beseitigt auch einige Komplexit\u00e4ten, die mit anderen Pr\u00e4mien verbunden sind, die oft mit strengen Gesch\u00e4ftsbedingungen verbunden sind.<\/p>\n<div class=\"go-btn-container\"><div class=\"tosh-btn\"><a href=\"\/go-casino\/\" target=\"_blank\">BONUS ERHALTEN<\/a><\/div><\/div>\n<h2>Funktionsweise des Bonus<\/h2>\n<p>Das Verst\u00e4ndnis der komplizierten Funktionsweise des Casino-Bonus ist f\u00fcr Spieler, die ihr Spielerlebnis und ihre Finanzstrategie optimieren m\u00f6chten, von entscheidender Bedeutung. Dieser Abschnitt zielt darauf ab, den Prozess zu entmystifizieren, durch den diese Pr\u00e4mien in der dynamischen Umgebung von Online-Casinos berechnet, gutgeschrieben und verwendet werden. W\u00e4hrend wir uns mit den Mechanismen dieser beliebten Form von Spieleranreizen befassen, ist es wichtig, das durchdachte Design hinter jedem Element zu erkennen, das nicht nur darauf abzielt, die Spielerzufriedenheit zu steigern, sondern auch eine ausgewogene und ansprechende Spielplattform aufrechtzuerhalten.<\/p>\n<p>Der Casino-Bonus-Cashback funktioniert nach einer Reihe klar definierter Regeln, die vom Casino festgelegt wurden, um eine transparente Beziehung zum Spieler zu f\u00f6rdern. Diese Regeln bestimmen den Prozentsatz der Verluste, der zur\u00fcckerstattet wird, den Zeitpunkt dieser Entsch\u00e4digung und alle Voraussetzungen f\u00fcr die Berechtigung. Indem Casinos einen klaren Weg vom Verlust zur teilweisen R\u00fcckerstattung festlegen, schaffen sie ein zuverl\u00e4ssiges und attraktives Sicherheitsnetz, das zum Weiterspielen anregt, ohne den direkten Druck einzahlungsbasierter Verg\u00fcnstigungen. Hier werden alle Cashback-Casino-Boni auf diese Elemente aufgeschl\u00fcsselt, um ein umfassendes Verst\u00e4ndnis daf\u00fcr zu vermitteln, wie Cashback-Pr\u00e4mien funktionieren, wie sie sich von anderen Werbeangeboten unterscheiden und warum sie sowohl von Spielern als auch von Casinobetreibern hoch gesch\u00e4tzt werden.<\/p>\n\n\t<div class=\"alao-sidebar-box alao-sidebar-box--\">\n\t\t<a href=\"https:\/\/rocketplay-online.com\/go-casino\/\" class=\"alao-sidebar-box__link\">\n\t\t\t<span class=\"alao-sidebar-box__thumb\">\n\t\t\t\t<img decoding=\"async\" src=\"https:\/\/rocketplay-online.com\/wp-content\/uploads\/2022\/09\/second_bonus_nonlog.png\" alt=\"Bonus f\u00fcr die erste Einzahlung\">\n\t\t\t<\/span>\n\t\t\t<span class=\"alao-sidebar-box__info\">\n\t\t\t\t<span class=\"alao-sidebar-box__info-wrap\">\n\t\t\t\t\t<span class=\"alao-sidebar-box__head\">Bonus f\u00fcr die erste Einzahlung<\/span>\n\t\t\t\t\t<span class=\"alao-sidebar-box__desc\">100% + 100 FS F\u00dcR EINEN PERFEKTEN START<\/span>\n\t\t\t\t\t<span class=\"alao-sidebar-box__button\">Holen Sie Sich Jetzt<\/span>\n\t\t\t\t<\/span>\n\t\t\t<\/span>\n\t\t<\/a>\n\t<\/div>\n\n\t<style>\n\t\t.alao-sidebar-box {\n\t\t\tdisplay: block;\n\t\t\twidth: 100%;\n\t\t\tmargin-bottom: 24px;\n\t\t\toverflow: hidden;\n\t\t\tposition: relative;\n\t\t\tbackground: linear-gradient(270deg, rgb(140, 81, 255) 0%, rgb(140, 81, 255) calc(50% - 1500px), rgb(113, 45, 244) calc(50% - 750px), rgb(46, 15, 109) calc(50% + 750px), rgb(38, 7, 100) calc(50% + 1500px), rgb(38, 7, 100) 100%);\n\t\t\t-webkit-border-radius: 16px;\n\t\t\t-moz-border-radius: 16px;\n\t\t\tborder-radius: 16px;\n\t\t}\n\t\t.alao-sidebar-box--rose {\n\t\t\tbackground: linear-gradient(270deg, rgb(255, 62, 155) 0%, rgb(255, 62, 155) calc(50% - 1500px), rgb(253, 28, 136) calc(50% - 750px), rgb(91, 15, 108) calc(50% + 750px), rgb(60, 3, 73) calc(50% + 1500px), rgb(60, 3, 73) 100%);\n\t\t}\n\t\t.alao-sidebar-box--light-blue {\n\t\t\tbackground: linear-gradient(270deg, rgb(107, 250, 255) 0%, rgb(107, 250, 255) calc(50% - 1500px), rgb(33, 247, 252) calc(50% - 750px), rgb(25, 19, 183) calc(50% + 750px), rgb(16, 5, 146) calc(50% + 1500px), rgb(16, 5, 146) 100%);\n\t\t}\n\t\t.alao-sidebar-box__link {\n\t\t\tdisplay: block;\n\t\t\twidth: 100%;\n\t\t\theight: auto;\n\t\t\tpadding-top: 56px;\n\t\t\tpadding-bottom: 64px;\n\t\t\tposition: relative;\n\t\t\ttext-decoration: none;\n\t\t}\n\t\t.alao-sidebar-box__thumb {\n\t\t\tposition: absolute;\n\t\t\ttop: 0;\n\t\t\tleft: 0;\n\t\t\twidth: 100%;\n\t\t\theight: 100%;\n\t\t\toverflow: hidden;\n\t\t\tz-index: 5;\n\t\t}\n\t\t.alao-sidebar-box__thumb img {\n\t\t\tposition: absolute;\n\t\t\tbottom: -10%;\n\t\t\tright: -20%;\n\t\t\tdisplay: block;\n\t\t\tmax-width: 120%;\n\t\t\tmax-height: 100%;\n\t\t\ttransition: all .3s ease;\n\t\t}\n\t\t.alao-sidebar-box__link:hover .alao-sidebar-box__thumb img {\n\t\t\tbottom: 0;\n\t\t\tright: 0;\n\t\t}\n\t\t.alao-sidebar-box__info {\n\t\t\tdisplay: block;\n\t\t\twidth: 100%;\n\t\t\tz-index: 10;\n\t\t}\n\t\t.alao-sidebar-box__info-wrap {\n\t\t\tdisplay: flex;\n\t\t\tflex-wrap: wrap;\n\t\t\tflex-direction: column;\n\t\t\tjustify-content: center;\n\t\t\talign-items: flex-start;\n\t\t\twidth: 100%;\n\t\t\tmin-height: 100%;\n\t\t\tpadding: 24px;\n\t\t}\n\t\t.alao-sidebar-box__head {\n\t\t\tdisplay: block;\n\t\t\twidth: 100%;\n\t\t\tmargin-bottom: 0.2rem;\n\t\t\ttext-shadow: 1px 1px 4px rgba(0, 0, 0, .4);\n\t\t\tcolor: #fff;\n\t\t\tfont-size: 1rem;\n\t\t\tfont-weight: bold;\n\t\t\tline-height: 125%;\n\t\t}\n\t\t.alao-sidebar-box__desc {\n\t\t\tdisplay: block;\n\t\t\twidth: 100%;\n\t\t\tmargin-bottom: 8px;\n\t\t\ttext-shadow: 1px 1px 2px rgba(0, 0, 0, .6);\n\t\t\tcolor: #fdd835;\n\t\t\tfont-size: 1.4rem;\n\t\t\tfont-weight: bold;\n\t\t\tline-height: 110%;\n\t\t\ttext-transform: uppercase;\n\t\t}\n\t\t.alao-sidebar-box__button {\n\t\t\tdisplay: inline-block;\n\t\t\tbackground: linear-gradient(90deg,#ffa000,#ffff7b);\n\t\t\tpadding: 8px 12px;\n\t\t\tborder-radius: 16px;\n\t\t\tcolor: #000;\n\t\t\tfont-size: .75rem;\n\t\t\tfont-weight: bold;\n\t\t\tline-height: 135%;\n\t\t\ttext-transform: uppercase;\n\t\t}\n\t<\/style>\n\n\t\n<h3>Wie wird der Bonus gutgeschrieben?<\/h3>\n<p>Die Methode, mit der die Casinopr\u00e4mie gutgeschrieben wird, ist entscheidend f\u00fcr ihre Wirksamkeit und Attraktivit\u00e4t. Normalerweise wird der Bonus als fester Prozentsatz der Verluste berechnet, die \u00fcber einen bestimmten Zeitraum entstanden sind. Diese Berechnung kann automatisiert erfolgen oder manuelle Eingaben erfordern, wie z. B. die Eingabe eines Cashback-Casino-Bonuscodes. Die Unmittelbarkeit, mit der das Cashback gutgeschrieben wird, kann variieren. Einige Casinos bieten sofortige R\u00fcckerstattungen an, w\u00e4hrend andere w\u00f6chentlich oder monatlich R\u00fcckerstattungen vornehmen.<\/p>\n<p>In einigen F\u00e4llen bieten Casinos gestaffelte Belohnungen an, bei denen der Prozentsatz mit der Stufe des Spielers im Treueprogramm des Casinos steigt. Diese Methode f\u00f6rdert nicht nur h\u00e4ufigeres Spielen, sondern auch h\u00f6here Eins\u00e4tze, da die Spieler versuchen, h\u00f6here Rabattstufen zu erreichen. Die Einzelheiten, wie die Belohnung gutgeschrieben wird, k\u00f6nnen jedoch ihren wahrgenommenen Wert stark beeinflussen; sofortiges Cashback wird oft mehr gesch\u00e4tzt als Pr\u00e4mien, die verz\u00f6gert ausgezahlt werden oder zus\u00e4tzliche Schritte erfordern, um sie einzufordern.<\/p>\n<h2>Arten von Cashback-Boni<\/h2>\n<p>Casinos k\u00f6nnen ihr Bonusangebot diversifizieren, um den unterschiedlichen Vorlieben und Strategien der Spieler gerecht zu werden. Einige g\u00e4ngige Varianten sind zeitlich begrenzte Cashbacks, bei denen die Pr\u00e4mien zu bestimmten Stunden oder Tagen erh\u00f6ht werden, und spielspezifische Cashbacks, die die Spieler dazu ermutigen, neue oder weniger beliebte Spiele auszuprobieren. Dar\u00fcber hinaus kann die Einf\u00fchrung neuer Cashback-Casino-Bonusaktionen die Spielerbasis neu beleben und neue Kunden anziehen, die nach dem bestm\u00f6glichen Preis-Leistungs-Verh\u00e4ltnis suchen.<\/p>\n<p>Der All-Cashback-Casinobonus ist ein umfassendes Angebot, das Verluste bei allen Spielen abdeckt und somit den ultimativen Wert bietet. Diese Art ist besonders attraktiv f\u00fcr regelm\u00e4\u00dfige und Vielspieler, da sie ihre Chancen maximiert, einige Verluste wieder auszugleichen, unabh\u00e4ngig davon, welche Spiele sie spielen. Umgekehrt k\u00f6nnen gezielte Cashback-Casinobonusangebote dazu dienen, neue oder wenig gespielte Spiele zu bewerben und so die Marketingstrategien des Casinos auf Premiumangebote auszurichten.<\/p>\n<h2>Vor- und Nachteile des Cashback-Bonus<\/h2>\n<p>Der Hauptvorteil eines Cashback-Bonus im Online-Casino besteht darin, dass er die tats\u00e4chlichen Wettkosten senkt und so die Spielzeit effektiv verl\u00e4ngert, ohne dass zus\u00e4tzliche Einzahlungen erforderlich sind. Dies kann insbesondere bei einer Pechstr\u00e4hne von Vorteil sein, da der Cashback eine teilweise R\u00fcckerstattung bietet, die zum Weiterspielen ermutigen kann, ohne dass sofort zus\u00e4tzliche Mittel erforderlich sind.<\/p>\n<p>Der Nachteil liegt jedoch darin, dass die Spieler ihren Verlusten hinterherjagen. Da sie wissen, dass ein Teil ihrer Verluste zur\u00fcckerstattet wird, k\u00f6nnten einige Spieler mehr spielen, als sie sich leisten k\u00f6nnen, was zu ungesunden Spielgewohnheiten f\u00fchrt. Obwohl die Cashback-Pr\u00e4mie des Casinos lukrativ sein kann, wird sie normalerweise auf der Grundlage der Nettoverluste berechnet, was bedeutet, dass sie dem Casino zugutekommt, indem sie zum Weiterspielen anregt.<\/p>\n<h2>Wie bekomme ich einen Bonus?<\/h2>\n<p>Das Navigieren in der Welt der Online-Casino-Aktionen kann ebenso spannend wie lohnend sein, insbesondere wenn es darum geht, den Bonus zu nutzen. Wenn Sie wissen, wie Sie diese Pr\u00e4mien sichern und maximieren k\u00f6nnen, k\u00f6nnen Sie Ihr Spielerlebnis und Ihre Gesamtstrategie erheblich verbessern. Dieser Abschnitt f\u00fchrt Sie durch die wesentlichen Schritte, um sich nicht nur f\u00fcr diese Rabatte zu qualifizieren, sondern auch ihren Wert zu optimieren. Von der Erf\u00fcllung der Teilnahmekriterien bis hin zur strategischen Planung Ihres Spiels erfordert das Erhalten eines Casino-Bonus-Cashbacks mehr als nur Gl\u00fcck \u2013 es erfordert Einsicht und einen proaktiven Ansatz.<\/p>\n<p>Bevor wir uns in die Einzelheiten vertiefen, ist es wichtig zu erkennen, dass Cashback-Boni nicht nur dazu dienen, Verluste abzufedern, sondern auch ein taktischer Vorteil in Ihrem Gl\u00fccksspielarsenal sein k\u00f6nnen. Egal, ob Sie ein Stammspieler an den Tischen sind oder ein Neuling, der sein Geld aufbessern m\u00f6chte, wenn Sie wissen, wie Sie diese Verg\u00fcnstigungen effektiv beanspruchen und nutzen k\u00f6nnen, k\u00f6nnen Sie sich von den Gelegenheitsspielern abheben. Lassen Sie uns die Schl\u00fcsselfaktoren und Schritte untersuchen, die erforderlich sind, um das Potenzial der Belohnungen in Ihrem bevorzugten Online-Casino freizusetzen.<\/p>\n<h3>\u00dcbersicht der Cashback-Prozents\u00e4tze<\/h3>\n<p>Um sich f\u00fcr einen Bonus zu qualifizieren, m\u00fcssen Spieler normalerweise bestimmte Kriterien erf\u00fcllen, wie z. B. Mindestspiel- oder Einzahlungsanforderungen, die je nach Casino unterschiedlich sind. Der Prozentsatz kann ebenfalls variieren und liegt normalerweise zwischen 5 % und 25 %, abh\u00e4ngig vom Aktivit\u00e4tsniveau des Spielers und den spezifischen Casino-Richtlinien. Es ist wichtig, dass Spieler diese Details verstehen, da sie die erhaltenen Vorteile erheblich beeinflussen k\u00f6nnen.<\/p>\n<p>Spieler, die ihre Gewinne maximieren m\u00f6chten, sollten Casinos in Betracht ziehen, die h\u00f6here Prozents\u00e4tze anbieten, und pr\u00fcfen, ob der Bonus-Cashback des Casinos mit ihren typischen Spielgewohnheiten \u00fcbereinstimmt. Dar\u00fcber hinaus kann die Verwendung von Cashback-Bonuscodes des Casinos bei Bedarf sicherstellen, dass alle verf\u00fcgbaren Rabatte effektiv in Anspruch genommen werden.<\/p>\n<p><img loading=\"lazy\" decoding=\"async\" class=\"aligncenter wp-image-5283 lazy-loaded\" src=\"https:\/\/rocketplay-online.com\/wp-content\/uploads\/2024\/11\/casino-cashback-bonus-overview-1.png\" sizes=\"auto, (max-width: 800px) 100vw, 800px\" srcset=\"https:\/\/rocketplay-online.com\/wp-content\/uploads\/2024\/11\/casino-cashback-bonus-overview-1.png 1036w, https:\/\/rocketplay-online.com\/wp-content\/uploads\/2024\/11\/casino-cashback-bonus-overview-1-300x128.png 300w, https:\/\/rocketplay-online.com\/wp-content\/uploads\/2024\/11\/casino-cashback-bonus-overview-1-1024x437.png 1024w, https:\/\/rocketplay-online.com\/wp-content\/uploads\/2024\/11\/casino-cashback-bonus-overview-1-768x328.png 768w\" alt=\"Casino Cashback Bonus \u00dcbersicht 2\" width=\"800\" height=\"341\" data-lazy-type=\"image\" data-src=\"https:\/\/rocketplay-online.com\/wp-content\/uploads\/2024\/11\/casino-cashback-bonus-overview-1.png\" data-srcset=\"\" \/><\/p>\n<h2>Verf\u00fcgbare Boni im Rocketplay Casino<\/h2>\n<p>Rocketplay Casino hebt sich auf dem Online-Gaming-Markt durch eine vielseitige Palette von Cashback-Casino-Bonusangeboten ab, die auf eine Vielzahl von Spielerpr\u00e4ferenzen und Spielstilen abzielen. Das Casino passt seine Werbeaktionen kontinuierlich an die sich entwickelnden Bed\u00fcrfnisse und Interessen seiner Kunden an und stellt sicher, dass sowohl neue Cashback-Casino-Bonus- als auch erfahrene Spieler bei jeder Spielsitzung etwas finden. In diesem Abschnitt wird die vielf\u00e4ltige Palette der im Rocketplay Casino verf\u00fcgbaren Belohnungen untersucht und hervorgehoben, wie jede einzelne darauf ausgelegt ist, das Spielerlebnis zu verbessern und die Spielerzufriedenheit zu maximieren.<\/p>\n<p>Rocketplay ist f\u00fcr seinen dynamischen Ansatz bei Verg\u00fcnstigungen bekannt und bietet oft erh\u00f6hte Preise w\u00e4hrend spezieller Aktionszeitr\u00e4ume wie Feiertagen, Spieleinf\u00fchrungen oder gro\u00dfen Sportereignissen an. Diese Aktionen sind nicht nur zeitlich so angelegt, dass sie Spannung erzeugen, sondern auch strategisch so gestaltet, dass sie mit Zeiten \u00fcbereinstimmen, in denen die Spieler m\u00f6glicherweise aktiver online sind. So k\u00f6nnen beispielsweise die Belohnungen erh\u00f6ht werden, um mit der Ver\u00f6ffentlichung neuer Cashback-Casino-Bonusspiele zusammenzufallen, was die Spieler dazu ermutigt, die neuesten Erg\u00e4nzungen auszuprobieren, ohne einen erheblichen finanziellen Verlust bef\u00fcrchten zu m\u00fcssen.<\/p>\n<div class=\"go-btn-container\"><div class=\"tosh-btn\"><a href=\"\/go-casino\/\" target=\"_blank\">BONUS ERHALTEN<\/a><\/div><\/div>\n<h2>Abschluss<\/h2>\n<p>Der Casino-Cashback-Bonus ist mehr als nur ein Werbemittel; er ist ein strategisches Element, das das Online-Gl\u00fccksspiel-\u00d6kosystem verbessert, indem es Loyalit\u00e4t f\u00f6rdert und die Zufriedenheit der Spieler steigert. Dieses Bonussystem dient als Puffer gegen die unvermeidlichen Verluste, die beim Gl\u00fccksspiel auftreten, und bietet eine zus\u00e4tzliche finanzielle Sicherheit und einen Anreiz f\u00fcr die Spieler, dem Casino treu zu bleiben. Sowohl f\u00fcr Gelegenheitsspieler als auch f\u00fcr High Roller kann die Verlockung, einige Verluste wieder wettzumachen, das Gl\u00fccksspiel angenehmer und psychologisch lohnender machen.<\/p>\n<p>In einem wettbewerbsintensiven Markt k\u00f6nnen sich Casinos, die erhebliche Verg\u00fcnstigungen anbieten, von der Konkurrenz abheben und ein breiteres Publikum ansprechen. Spieler, die sonst angesichts der Aussicht auf gro\u00dfe Verluste z\u00f6gern w\u00fcrden, werden eher weiterspielen, wenn sie wissen, dass sie einen Teil ihres Einsatzes zur\u00fcckbekommen. Dar\u00fcber hinaus k\u00f6nnen diese Belohnungen das Casino von einem Ort potenzieller finanzieller Verluste in einen Ort ausgedehnter Unterhaltung verwandeln. Der psychologische Trost, den Boni bieten, kann nicht genug betont werden; sie senken die emotionalen Eins\u00e4tze verlorener Spiele erheblich und erm\u00f6glichen es den Spielern, den Nervenkitzel des Spiels mit weniger finanziellen Sorgen zu genie\u00dfen.<\/p>\n<p>Die Wirksamkeit eines Cashback-Casino-Bonuscodes h\u00e4ngt jedoch stark davon ab, wie gut die Spieler ihn verstehen und nutzen. Erfahrene Spieler, die wissen, wie sie Boni in ihre Spielstrategien integrieren k\u00f6nnen, k\u00f6nnen diese Angebote optimal nutzen und eine ansonsten ausgeglichene oder verlustreiche Sitzung in eine potenziell gewinnbringende verwandeln. F\u00fcr Spieler ist es entscheidend, nicht nur nach Casinos zu suchen, die hohe Prozents\u00e4tze anbieten, sondern auch die Bedingungen zu verstehen, die f\u00fcr diese Verg\u00fcnstigungen gelten.<\/p>\n","protected":false},"excerpt":{"rendered":"<p>Der Reiz von Online-Casinos liegt nicht nur im Nervenkitzel des Spiels, sondern auch in den finanziellen Anreizen, die den Spielern geboten werden, unter denen der Casino-Cashback-Bonus besonders wichtig ist. Diese Art von Pr\u00e4mie ist zu einem Eckpfeiler von Treueprogrammen f\u00fcr Spieler geworden, die dazu dienen sollen, weiter zu spielen und gleichzeitig den Schmerz von Verlusten&#8230;<\/p>\n","protected":false},"author":1,"featured_media":0,"parent":0,"menu_order":0,"comment_status":"closed","ping_status":"closed","template":"","meta":{"_acf_changed":false,"_kad_post_transparent":"default","_kad_post_title":"default","_kad_post_layout":"default","_kad_post_sidebar_id":"","_kad_post_content_style":"default","_kad_post_vertical_padding":"default","_kad_post_feature":"","_kad_post_feature_position":"","_kad_post_header":false,"_kad_post_footer":false,"footnotes":""},"class_list":["post-5771","page","type-page","status-publish","hentry"],"acf":[],"rttpg_featured_image_url":null,"rttpg_author":{"display_name":"Oliver","author_link":"https:\/\/rocketplay-online.com\/de\/author\/pemvas95n89x\/"},"rttpg_comment":0,"rttpg_category":null,"rttpg_excerpt":"Der Reiz von Online-Casinos liegt nicht nur im Nervenkitzel des Spiels, sondern auch in den finanziellen Anreizen, die den Spielern geboten werden, unter denen der Casino-Cashback-Bonus besonders wichtig ist. Diese Art von Pr\u00e4mie ist zu einem Eckpfeiler von Treueprogrammen f\u00fcr Spieler geworden, die dazu dienen sollen, weiter zu spielen und gleichzeitig den Schmerz von Verlusten...","_links":{"self":[{"href":"https:\/\/rocketplay-online.com\/de\/wp-json\/wp\/v2\/pages\/5771","targetHints":{"allow":["GET"]}}],"collection":[{"href":"https:\/\/rocketplay-online.com\/de\/wp-json\/wp\/v2\/pages"}],"about":[{"href":"https:\/\/rocketplay-online.com\/de\/wp-json\/wp\/v2\/types\/page"}],"author":[{"embeddable":true,"href":"https:\/\/rocketplay-online.com\/de\/wp-json\/wp\/v2\/users\/1"}],"replies":[{"embeddable":true,"href":"https:\/\/rocketplay-online.com\/de\/wp-json\/wp\/v2\/comments?post=5771"}],"version-history":[{"count":3,"href":"https:\/\/rocketplay-online.com\/de\/wp-json\/wp\/v2\/pages\/5771\/revisions"}],"predecessor-version":[{"id":6596,"href":"https:\/\/rocketplay-online.com\/de\/wp-json\/wp\/v2\/pages\/5771\/revisions\/6596"}],"wp:attachment":[{"href":"https:\/\/rocketplay-online.com\/de\/wp-json\/wp\/v2\/media?parent=5771"}],"curies":[{"name":"wp","href":"https:\/\/api.w.org\/{rel}","templated":true}]}}