{"id":5767,"date":"2024-11-10T00:40:58","date_gmt":"2024-11-09T21:40:58","guid":{"rendered":"https:\/\/rocketplay-online.com\/welcome-bonus\/"},"modified":"2025-11-24T21:10:09","modified_gmt":"2025-11-24T18:10:09","slug":"welcome-bonus","status":"publish","type":"page","link":"https:\/\/rocketplay-online.com\/de\/welcome-bonus\/","title":{"rendered":"Casino Willkommensbonus \u00dcbersicht"},"content":{"rendered":"<p>Der Nervenkitzel, einem neuen Online-Casino beizutreten, geht oft mit verlockenden Angeboten einher, die speziell darauf ausgelegt sind, neue Spieler willkommen zu hei\u00dfen. Der Willkommensbonus des Casinos soll den Spielern zus\u00e4tzliches Geld, Freispiele oder eine Kombination aus beidem bieten, sodass sie das Casino erkunden und verschiedene Spiele ohne gro\u00dfes finanzielles Risiko ausprobieren k\u00f6nnen. Diese Vorteile sollen das Spielerlebnis verbessern und den Spielern einen Vorsprung beim Entdecken der Angebote eines Online-Casinos verschaffen. Bei so vielen verf\u00fcgbaren Optionen kann ein umfassendes Verst\u00e4ndnis dieser Vorteile den Spielern helfen, das Beste aus ihren Willkommensboni herauszuholen.<\/p>\n<p>Einer der attraktivsten Aspekte des besten Casino-Willkommensbonus ist sein Potenzial, Ihre ersten Einzahlungen deutlich zu steigern und Sie in einigen F\u00e4llen sogar ohne Einzahlung zu belohnen. Von Einzahlungsboni bis hin zu Freispielen und mehr bietet jede Art von Willkommensbonus etwas Einzigartiges. Dieser Leitfaden f\u00fchrt Sie durch die verschiedenen Arten von Willkommensangeboten, erkl\u00e4rt, wie sie funktionieren, und hilft Ihnen, ihre Bedingungen zu verstehen, damit Sie das Angebot ausw\u00e4hlen k\u00f6nnen, das am besten zu Ihrem Spielstil passt.<\/p>\n<div class=\"go-btn-container\"><div class=\"tosh-btn\"><a href=\"\/go-casino\/\" target=\"_blank\">BONUS ERHALTEN<\/a><\/div><\/div>\n<h2>Arten von Casino-Willkommensboni<\/h2>\n<p>Wenn Sie einem neuen Online-Casino beitreten, finden Sie eine Vielzahl von Willkommensangeboten, die auf unterschiedliche Spielstile und Vorlieben zugeschnitten sind. Das Willkommensangebot des Casinos ist oft die erste Einf\u00fchrung in die Werbeaktionen des Casinos und kann den Spielern einen sofortigen Vorteil verschaffen, indem es zus\u00e4tzliches Geld, Freispiele oder beides bietet, um das Spiel zu verl\u00e4ngern und das Erlebnis zu verbessern. Von den klassischen Ersteinzahlungsvorteilen bis hin zu Vorteilen ohne Einzahlung und Freispielen bietet jede Art einzigartige Vorteile, die auf Spieler mit unterschiedlichen Interessen und Risikostufen zugeschnitten sind.<\/p>\n<p>Manche Spieler f\u00fchlen sich von den Willkommensbonus-Angeboten ohne Einzahlung angezogen, die es ihnen erm\u00f6glichen, ohne anf\u00e4ngliche finanzielle Verpflichtung mit dem Spielen zu beginnen. Andere bevorzugen m\u00f6glicherweise eine hohe Ersteinzahlungs\u00fcbereinstimmung, die zus\u00e4tzliches Geld zu ihrer Ersteinzahlung bietet und so ihr Guthaben von Anfang an maximiert. In diesem Abschnitt werden wir jede Art von Willkommensbonus-Angebot von Online-Casinos aufschl\u00fcsseln und erkl\u00e4ren, wie sie funktionieren und was Sie in Bezug auf Wert, Wettanforderungen und Vorteile erwarten k\u00f6nnen. Wenn Sie die Nuancen der einzelnen Vorteilsarten verstehen, k\u00f6nnen Sie entscheiden, welche am besten zu Ihren Vorlieben und Ihrem Spielstil passt.<\/p>\n<p><img loading=\"lazy\" decoding=\"async\" class=\"aligncenter wp-image-5263 lazy-loaded\" src=\"https:\/\/rocketplay-online.com\/wp-content\/uploads\/2024\/11\/casino-welcome-bonus-1.png\" sizes=\"auto, (max-width: 800px) 100vw, 800px\" srcset=\"https:\/\/rocketplay-online.com\/wp-content\/uploads\/2024\/11\/casino-welcome-bonus-1.png 1456w, https:\/\/rocketplay-online.com\/wp-content\/uploads\/2024\/11\/casino-welcome-bonus-1-300x89.png 300w, https:\/\/rocketplay-online.com\/wp-content\/uploads\/2024\/11\/casino-welcome-bonus-1-1024x305.png 1024w, https:\/\/rocketplay-online.com\/wp-content\/uploads\/2024\/11\/casino-welcome-bonus-1-768x229.png 768w\" alt=\"Casino Willkommensbonus 1\" width=\"800\" height=\"238\" data-lazy-type=\"image\" data-src=\"https:\/\/rocketplay-online.com\/wp-content\/uploads\/2024\/11\/casino-welcome-bonus-1.png\" data-srcset=\"\" \/><\/p>\n<h3>Ersteinzahlungsbonus<\/h3>\n<p>Eine der h\u00e4ufigsten Arten von Casino-Willkommensboni ist der Ersteinzahlungsbonus. Dieser Bonus entspricht normalerweise einem Prozentsatz Ihrer ersten Einzahlung und stellt Ihnen zus\u00e4tzliches Geld zum Spielen zur Verf\u00fcgung. Wenn ein Casino beispielsweise einen 100 %-Bonus bis zu 200 $ anbietet, bedeutet dies, dass Sie bei einer Einzahlung von 100 $ weitere 100 $ erhalten, sodass Sie insgesamt 200 $ zum Spielen haben. Mit diesem Willkommensbonus k\u00f6nnen Spieler \u00fcber ein gr\u00f6\u00dferes Guthaben verf\u00fcgen und haben mehr M\u00f6glichkeiten, verschiedene Spiele auszuprobieren.<\/p>\n<p>Der Ersteinzahlungsbonus ist beliebt, da er Spielern, die bereit sind, zun\u00e4chst Geld einzuzahlen, einen erheblichen Vorteil bietet. Dieser Bonus ist h\u00e4ufig mit Wettanforderungen verbunden, d. h. Spieler m\u00fcssen den Bonusbetrag eine bestimmte Anzahl von Malen einsetzen, bevor er abgehoben werden kann. Wenn Sie die Bedingungen jedoch genau verstehen, kann dies eine hervorragende M\u00f6glichkeit sein, Ihr Spielpotenzial zu maximieren.<\/p>\n\n\t<div class=\"alao-sidebar-box alao-sidebar-box--\">\n\t\t<a href=\"https:\/\/rocketplay-online.com\/go-casino\/\" class=\"alao-sidebar-box__link\">\n\t\t\t<span class=\"alao-sidebar-box__thumb\">\n\t\t\t\t<img decoding=\"async\" src=\"https:\/\/rocketplay-online.com\/wp-content\/uploads\/2022\/09\/second_bonus_nonlog.png\" alt=\"Bonus f\u00fcr die erste Einzahlung\">\n\t\t\t<\/span>\n\t\t\t<span class=\"alao-sidebar-box__info\">\n\t\t\t\t<span class=\"alao-sidebar-box__info-wrap\">\n\t\t\t\t\t<span class=\"alao-sidebar-box__head\">Bonus f\u00fcr die erste Einzahlung<\/span>\n\t\t\t\t\t<span class=\"alao-sidebar-box__desc\">100% + 100 FS F\u00dcR EINEN PERFEKTEN START<\/span>\n\t\t\t\t\t<span class=\"alao-sidebar-box__button\">Holen Sie Sich Jetzt<\/span>\n\t\t\t\t<\/span>\n\t\t\t<\/span>\n\t\t<\/a>\n\t<\/div>\n\n\t<style>\n\t\t.alao-sidebar-box {\n\t\t\tdisplay: block;\n\t\t\twidth: 100%;\n\t\t\tmargin-bottom: 24px;\n\t\t\toverflow: hidden;\n\t\t\tposition: relative;\n\t\t\tbackground: linear-gradient(270deg, rgb(140, 81, 255) 0%, rgb(140, 81, 255) calc(50% - 1500px), rgb(113, 45, 244) calc(50% - 750px), rgb(46, 15, 109) calc(50% + 750px), rgb(38, 7, 100) calc(50% + 1500px), rgb(38, 7, 100) 100%);\n\t\t\t-webkit-border-radius: 16px;\n\t\t\t-moz-border-radius: 16px;\n\t\t\tborder-radius: 16px;\n\t\t}\n\t\t.alao-sidebar-box--rose {\n\t\t\tbackground: linear-gradient(270deg, rgb(255, 62, 155) 0%, rgb(255, 62, 155) calc(50% - 1500px), rgb(253, 28, 136) calc(50% - 750px), rgb(91, 15, 108) calc(50% + 750px), rgb(60, 3, 73) calc(50% + 1500px), rgb(60, 3, 73) 100%);\n\t\t}\n\t\t.alao-sidebar-box--light-blue {\n\t\t\tbackground: linear-gradient(270deg, rgb(107, 250, 255) 0%, rgb(107, 250, 255) calc(50% - 1500px), rgb(33, 247, 252) calc(50% - 750px), rgb(25, 19, 183) calc(50% + 750px), rgb(16, 5, 146) calc(50% + 1500px), rgb(16, 5, 146) 100%);\n\t\t}\n\t\t.alao-sidebar-box__link {\n\t\t\tdisplay: block;\n\t\t\twidth: 100%;\n\t\t\theight: auto;\n\t\t\tpadding-top: 56px;\n\t\t\tpadding-bottom: 64px;\n\t\t\tposition: relative;\n\t\t\ttext-decoration: none;\n\t\t}\n\t\t.alao-sidebar-box__thumb {\n\t\t\tposition: absolute;\n\t\t\ttop: 0;\n\t\t\tleft: 0;\n\t\t\twidth: 100%;\n\t\t\theight: 100%;\n\t\t\toverflow: hidden;\n\t\t\tz-index: 5;\n\t\t}\n\t\t.alao-sidebar-box__thumb img {\n\t\t\tposition: absolute;\n\t\t\tbottom: -10%;\n\t\t\tright: -20%;\n\t\t\tdisplay: block;\n\t\t\tmax-width: 120%;\n\t\t\tmax-height: 100%;\n\t\t\ttransition: all .3s ease;\n\t\t}\n\t\t.alao-sidebar-box__link:hover .alao-sidebar-box__thumb img {\n\t\t\tbottom: 0;\n\t\t\tright: 0;\n\t\t}\n\t\t.alao-sidebar-box__info {\n\t\t\tdisplay: block;\n\t\t\twidth: 100%;\n\t\t\tz-index: 10;\n\t\t}\n\t\t.alao-sidebar-box__info-wrap {\n\t\t\tdisplay: flex;\n\t\t\tflex-wrap: wrap;\n\t\t\tflex-direction: column;\n\t\t\tjustify-content: center;\n\t\t\talign-items: flex-start;\n\t\t\twidth: 100%;\n\t\t\tmin-height: 100%;\n\t\t\tpadding: 24px;\n\t\t}\n\t\t.alao-sidebar-box__head {\n\t\t\tdisplay: block;\n\t\t\twidth: 100%;\n\t\t\tmargin-bottom: 0.2rem;\n\t\t\ttext-shadow: 1px 1px 4px rgba(0, 0, 0, .4);\n\t\t\tcolor: #fff;\n\t\t\tfont-size: 1rem;\n\t\t\tfont-weight: bold;\n\t\t\tline-height: 125%;\n\t\t}\n\t\t.alao-sidebar-box__desc {\n\t\t\tdisplay: block;\n\t\t\twidth: 100%;\n\t\t\tmargin-bottom: 8px;\n\t\t\ttext-shadow: 1px 1px 2px rgba(0, 0, 0, .6);\n\t\t\tcolor: #fdd835;\n\t\t\tfont-size: 1.4rem;\n\t\t\tfont-weight: bold;\n\t\t\tline-height: 110%;\n\t\t\ttext-transform: uppercase;\n\t\t}\n\t\t.alao-sidebar-box__button {\n\t\t\tdisplay: inline-block;\n\t\t\tbackground: linear-gradient(90deg,#ffa000,#ffff7b);\n\t\t\tpadding: 8px 12px;\n\t\t\tborder-radius: 16px;\n\t\t\tcolor: #000;\n\t\t\tfont-size: .75rem;\n\t\t\tfont-weight: bold;\n\t\t\tline-height: 135%;\n\t\t\ttext-transform: uppercase;\n\t\t}\n\t<\/style>\n\n\t\n<h3>Bonus ohne Einzahlung<\/h3>\n<p>Ein Bonus ohne Einzahlung ist eine der attraktivsten Arten von Willkommensangeboten, die ein Casino ohne Einzahlung anbietet, da keine Ersteinzahlung erforderlich ist. Diese Art von Willkommensbonus erm\u00f6glicht es den Spielern, sofort nach der Registrierung mit dem Spielen zu beginnen und bietet ihnen einen kleinen Bonusbetrag oder Freispiele. Diese Art von Vorteil ist perfekt f\u00fcr Anf\u00e4nger oder vorsichtige Spieler, die das Spiel ohne finanzielle Verpflichtung testen m\u00f6chten.<\/p>\n<p>Obwohl der Bonus ohne Einzahlung normalerweise kleiner ist als Angebote auf Einzahlungsbasis, bietet er einen risikofreien Einstieg in die Angebote des Casinos. Dieser Bonus hat oft h\u00f6here Wettanforderungen als Einzahlungsboni, bleibt aber eine gro\u00dfartige Option f\u00fcr Spieler, die ein Online-Casino mit Willkommensbonus erkunden m\u00f6chten, ohne ihr eigenes Geld zu investieren.<\/p>\n<h3>Freispiele<\/h3>\n<p>Ein weiteres beliebtes Willkommensangebot in Casinos sind Freispiele, die oft als Teil eines Willkommenspakets oder als eigenst\u00e4ndiger Vorteil gew\u00e4hrt werden. Diese Freispiele werden im Allgemeinen f\u00fcr bestimmte Spielautomaten angeboten, sodass Spieler beliebte Titel ausprobieren k\u00f6nnen, ohne eigenes Geld auszugeben. Freispiele sind eine gro\u00dfartige M\u00f6glichkeit f\u00fcr neue Spieler, die Auswahl an Spielautomaten zu erkunden und ein Gef\u00fchl f\u00fcr die Spielmechanik zu bekommen, w\u00e4hrend sie m\u00f6glicherweise auch echtes Geld gewinnen.<\/p>\n<p>Freispiele werden h\u00e4ufig mit anderen Vorteilen wie Einzahlungsboni als Teil eines Willkommenspakets kombiniert. Sie sind ideal f\u00fcr Slot-Enthusiasten, die das Slot-Angebot des Online-Casinos ausprobieren m\u00f6chten, und bieten ein Willkommensangebot, das ihnen einen Vorgeschmack auf die Action geben soll. Diese Art von Vorteil erm\u00f6glicht es den Spielern auch, sich mit der Benutzeroberfl\u00e4che und den Funktionen des Casinos vertraut zu machen.<\/p>\n<h2>Wie funktioniert der Willkommensbonus?<\/h2>\n<p>Um das Beste aus dem Willkommensbonus eines Online-Casinos herauszuholen, ist es wichtig zu verstehen, wie er funktioniert. Normalerweise wird der Vorteil bei der Registrierung oder nach einer ersten Einzahlung aktiviert. Nach der Aktivierung k\u00f6nnen Spieler die Bonusgelder oder Freispiele f\u00fcr berechtigte Spiele im Casino verwenden. Allerdings gelten f\u00fcr jedes Casino mit Willkommensbonus bestimmte Gesch\u00e4ftsbedingungen, wie z. B. Wettanforderungen, maximale Einsatzlimits und Spielbeschr\u00e4nkungen.<\/p>\n<p>Spieler m\u00fcssen sich dieser Anforderungen bewusst sein, da eine Nichterf\u00fcllung zum Verlust des Vorteils f\u00fchren kann. Einige der besten Willkommensbonusangebote f\u00fcr Casinos haben niedrigere Wettanforderungen, sodass sie leichter in echtes Geld umgewandelt werden k\u00f6nnen. \u00dcberpr\u00fcfen Sie immer die Vorteilsbedingungen, bevor Sie ein Angebot in Anspruch nehmen, um sicherzustellen, dass es Ihren Spielpr\u00e4ferenzen entspricht.<\/p>\n<h2>Vor- und Nachteile des Willkommensbonus<\/h2>\n<p>Das Willkommensangebot des Online-Casinos bietet mehrere Vorteile, darunter zus\u00e4tzliches Spielgeld, Freispiele und die M\u00f6glichkeit, verschiedene Spiele auszuprobieren. Diese Vorteile erm\u00f6glichen es den Spielern, ihr Spielerlebnis zu erweitern und das Casino gr\u00fcndlicher zu erkunden. Sie bringen jedoch auch bestimmte Nachteile mit sich, wie z. B. Wettanforderungen und Einschr\u00e4nkungen bei berechtigten Spielen. Das Abw\u00e4gen dieser Vor- und Nachteile kann den Spielern dabei helfen, zu entscheiden, ob ein Willkommensangebot eines Casinos ihren Vorlieben entspricht.<\/p>\n<p>Obwohl der Vorteil f\u00fcr neue Spieler einen erheblichen Vorteil darstellen kann, ist es wichtig, sich \u00fcber seine Einschr\u00e4nkungen im Klaren zu sein. Wettanforderungen, zeitliche Beschr\u00e4nkungen und maximale Auszahlungslimits sind alles Faktoren, die ber\u00fccksichtigt werden m\u00fcssen. Durch sorgf\u00e4ltige \u00dcberpr\u00fcfung dieser Bedingungen k\u00f6nnen Spieler die Vorteile eines Willkommensangebots ohne unerwartete R\u00fcckschl\u00e4ge genie\u00dfen.<\/p>\n<h2>Nutzungsbedingungen des Willkommensbonus<\/h2>\n<p>Jedes Casino mit Willkommensbonus hat bestimmte Gesch\u00e4ftsbedingungen, die die Spieler einhalten m\u00fcssen. Diese Bedingungen beschreiben oft Wettanforderungen, zul\u00e4ssige Spiele und Ablaufdaten. Wettanforderungen beziehen sich darauf, wie oft Spieler den Bonusbetrag einsetzen m\u00fcssen, bevor er auszahlbar wird. Eine 30-fache Wettanforderung f\u00fcr einen Bonus von 100 $ bedeutet beispielsweise, dass der Spieler 3.000 $ einsetzen muss, um die Bedingungen zu erf\u00fcllen.<\/p>\n<p>Zus\u00e4tzlich zu den Wettanforderungen gelten einige Vorteile m\u00f6glicherweise nur f\u00fcr bestimmte Spiele oder haben ein maximales Wettlimit. Spieler sollten die Bedingungen immer sorgf\u00e4ltig lesen, um sicherzustellen, dass sie verstehen, wie der beste Casino-Willkommensbonus funktioniert und welche Einschr\u00e4nkungen gelten k\u00f6nnen.<\/p>\n<p><img loading=\"lazy\" decoding=\"async\" class=\"aligncenter wp-image-5255 lazy-loaded\" src=\"https:\/\/rocketplay-online.com\/wp-content\/uploads\/2024\/11\/casino-welcome-bonus-2.png\" sizes=\"auto, (max-width: 800px) 100vw, 800px\" srcset=\"https:\/\/rocketplay-online.com\/wp-content\/uploads\/2024\/11\/casino-welcome-bonus-2.png 1390w, https:\/\/rocketplay-online.com\/wp-content\/uploads\/2024\/11\/casino-welcome-bonus-2-300x155.png 300w, https:\/\/rocketplay-online.com\/wp-content\/uploads\/2024\/11\/casino-welcome-bonus-2-1024x527.png 1024w, https:\/\/rocketplay-online.com\/wp-content\/uploads\/2024\/11\/casino-welcome-bonus-2-768x396.png 768w\" alt=\"Casino Willkommensbonus 2\" width=\"800\" height=\"412\" data-lazy-type=\"image\" data-src=\"https:\/\/rocketplay-online.com\/wp-content\/uploads\/2024\/11\/casino-welcome-bonus-2.png\" data-srcset=\"\" \/><\/p>\n<h3>Wie bekommt man es?<\/h3>\n<p>Um einen Willkommensbonus in einem Casino zu erhalten, ist der Vorgang normalerweise unkompliziert. Zun\u00e4chst m\u00fcssen die Spieler ein Konto bei dem Casino er\u00f6ffnen, das den Vorteil anbietet. Nach der Registrierung m\u00fcssen sie sich m\u00f6glicherweise f\u00fcr den Vorteil anmelden oder bei Bedarf einen Promo-Code eingeben. Einige Vorteile werden bei der Registrierung automatisch gutgeschrieben, w\u00e4hrend f\u00fcr andere eine entsprechende Einzahlung erforderlich ist.<\/p>\n<p>Um ein Casino-Willkommensangebot erfolgreich in Anspruch nehmen zu k\u00f6nnen, sollten Spieler alle vom Casino vorgegebenen zus\u00e4tzlichen Schritte befolgen, wie z. B. die Verifizierung ihres Kontos. Sobald diese Schritte abgeschlossen sind, kann der Vorteil normalerweise sofort genutzt werden.<\/p>\n<h2>Tipps f\u00fcr Casino-Anf\u00e4nger<\/h2>\n<p>Der Einstieg in die Welt der Online-Casinos kann \u00fcberw\u00e4ltigend sein, aber ein paar wichtige Tipps k\u00f6nnen Anf\u00e4ngern zum Erfolg verhelfen. Erstens sollten Spieler Casinos mit klaren, g\u00fcnstigen Bonusbedingungen w\u00e4hlen, insbesondere wenn es um Willkommensangebote von Online-Casinos geht. Wenn Spieler die Bedingungen jedes Bonus verstehen, k\u00f6nnen sie sp\u00e4tere \u00dcberraschungen vermeiden.<\/p>\n<p>Dar\u00fcber hinaus sollten Anf\u00e4nger ein Budget festlegen und sich daran halten. Willkommensbonusangebote von Online-Casinos k\u00f6nnen zwar zus\u00e4tzliche Mittel bereitstellen, aber verantwortungsvolle Spielgewohnheiten sind unerl\u00e4sslich. Indem sie im Rahmen ihrer M\u00f6glichkeiten spielen und sich an Spiele halten, die ihnen Spa\u00df machen, k\u00f6nnen neue Spieler das Beste aus ihrer Erfahrung machen, ohne unn\u00f6tigen Stress.<\/p>\n<div class=\"go-btn-container\"><div class=\"tosh-btn\"><a href=\"\/go-casino\/\" target=\"_blank\">BONUS ERHALTEN<\/a><\/div><\/div>\n<h2>H\u00e4ufig gestellte Fragen<\/h2>\n<h3>Welche Art von Willkommensbonus ist f\u00fcr neue Spieler am besten?<\/h3>\n<p>Das beste Casino-Willkommensangebot f\u00fcr neue Spieler h\u00e4ngt von den individuellen Vorlieben ab. Manche Spieler bevorzugen vielleicht einen gro\u00dfen Bonus f\u00fcr die erste Einzahlung, der ihnen einen betr\u00e4chtlichen Betrag zum Spielen bieten kann. Andere bevorzugen vielleicht ein Willkommensangebot ohne Einzahlung, das es ihnen erm\u00f6glicht, ohne anf\u00e4ngliche finanzielle Verpflichtung mit dem Spielen zu beginnen.<\/p>\n<h3>Kann ich meinen Willkommensbonus sofort abheben?<\/h3>\n<p>Im Allgemeinen k\u00f6nnen Sie den Willkommensbonus eines Online-Casinos nicht sofort abheben. Die meisten Willkommensangebote sind mit Wettanforderungen verbunden, d. h. Sie m\u00fcssen einen bestimmten Betrag setzen, bevor Sie Gewinne aus dem Bonus abheben k\u00f6nnen. Lesen Sie immer die Bonusbedingungen, um diese Anforderungen zu verstehen.<\/p>\n<h3>Gibt es f\u00fcr alle Spiele Willkommensboni?<\/h3>\n<p>Nicht alle Spiele sind f\u00fcr den Willkommensbonus des Casinos berechtigt. Einige Casinos beschr\u00e4nken die Nutzung des Vorteils auf bestimmte Spiele, insbesondere Spielautomaten, w\u00e4hrend andere bestimmte Spiele mit hohen Gewinnchancen ausschlie\u00dfen. Lesen Sie unbedingt die in den Vorteilsbedingungen aufgef\u00fchrten berechtigten Spiele durch, um sicherzustellen, dass Sie wissen, wo Sie Ihren Willkommensbonus nutzen k\u00f6nnen.<\/p>\n<h3>Wie oft kann ich einen Casino-Willkommensbonus beanspruchen?<\/h3>\n<p>Die meisten Willkommensangebote von Online-Casinos sind nur einmal pro neuem Spielerkonto verf\u00fcgbar, da sie zur Begr\u00fc\u00dfung neuer Benutzer gedacht sind. Viele Casinos bieten jedoch zus\u00e4tzliche Aktionen und Vorteile f\u00fcr wiederkehrende Spieler, daher lohnt es sich, nach dem Willkommensangebot nach laufenden Angeboten zu suchen.<\/p>\n<h3>Wie w\u00e4hle ich den besten Willkommensbonus aus?<\/h3>\n<p>Die Wahl des besten Willkommensbonus eines Casinos h\u00e4ngt davon ab, was Ihnen am wichtigsten ist. Wenn Sie nach einer risikofreien Option suchen, k\u00f6nnte ein Willkommensbonus ohne Einzahlung eines Casinos ideal sein. Wenn Sie Ihre erste Einzahlung maximieren m\u00f6chten, suchen Sie nach einem hohen prozentualen Match-Bonus mit g\u00fcnstigen Konditionen. Lesen Sie die Bonusbedingungen immer sorgf\u00e4ltig durch, um diejenige zu finden, die zu Ihrem Spielstil passt.<\/p>\n","protected":false},"excerpt":{"rendered":"<p>Der Nervenkitzel, einem neuen Online-Casino beizutreten, geht oft mit verlockenden Angeboten einher, die speziell darauf ausgelegt sind, neue Spieler willkommen zu hei\u00dfen. Der Willkommensbonus des Casinos soll den Spielern zus\u00e4tzliches Geld, Freispiele oder eine Kombination aus beidem bieten, sodass sie das Casino erkunden und verschiedene Spiele ohne gro\u00dfes finanzielles Risiko ausprobieren k\u00f6nnen. Diese Vorteile sollen&#8230;<\/p>\n","protected":false},"author":1,"featured_media":0,"parent":0,"menu_order":0,"comment_status":"closed","ping_status":"closed","template":"","meta":{"_acf_changed":false,"_kad_post_transparent":"default","_kad_post_title":"default","_kad_post_layout":"default","_kad_post_sidebar_id":"","_kad_post_content_style":"default","_kad_post_vertical_padding":"default","_kad_post_feature":"","_kad_post_feature_position":"","_kad_post_header":false,"_kad_post_footer":false,"footnotes":""},"class_list":["post-5767","page","type-page","status-publish","hentry"],"acf":[],"rttpg_featured_image_url":null,"rttpg_author":{"display_name":"Oliver","author_link":"https:\/\/rocketplay-online.com\/de\/author\/pemvas95n89x\/"},"rttpg_comment":0,"rttpg_category":null,"rttpg_excerpt":"Der Nervenkitzel, einem neuen Online-Casino beizutreten, geht oft mit verlockenden Angeboten einher, die speziell darauf ausgelegt sind, neue Spieler willkommen zu hei\u00dfen. Der Willkommensbonus des Casinos soll den Spielern zus\u00e4tzliches Geld, Freispiele oder eine Kombination aus beidem bieten, sodass sie das Casino erkunden und verschiedene Spiele ohne gro\u00dfes finanzielles Risiko ausprobieren k\u00f6nnen. Diese Vorteile sollen...","_links":{"self":[{"href":"https:\/\/rocketplay-online.com\/de\/wp-json\/wp\/v2\/pages\/5767","targetHints":{"allow":["GET"]}}],"collection":[{"href":"https:\/\/rocketplay-online.com\/de\/wp-json\/wp\/v2\/pages"}],"about":[{"href":"https:\/\/rocketplay-online.com\/de\/wp-json\/wp\/v2\/types\/page"}],"author":[{"embeddable":true,"href":"https:\/\/rocketplay-online.com\/de\/wp-json\/wp\/v2\/users\/1"}],"replies":[{"embeddable":true,"href":"https:\/\/rocketplay-online.com\/de\/wp-json\/wp\/v2\/comments?post=5767"}],"version-history":[{"count":3,"href":"https:\/\/rocketplay-online.com\/de\/wp-json\/wp\/v2\/pages\/5767\/revisions"}],"predecessor-version":[{"id":6613,"href":"https:\/\/rocketplay-online.com\/de\/wp-json\/wp\/v2\/pages\/5767\/revisions\/6613"}],"wp:attachment":[{"href":"https:\/\/rocketplay-online.com\/de\/wp-json\/wp\/v2\/media?parent=5767"}],"curies":[{"name":"wp","href":"https:\/\/api.w.org\/{rel}","templated":true}]}}