{"id":5745,"date":"2024-11-15T23:30:18","date_gmt":"2024-11-15T20:30:18","guid":{"rendered":"https:\/\/rocketplay-online.com\/blackjack\/christmas\/"},"modified":"2025-04-10T13:41:44","modified_gmt":"2025-04-10T10:41:44","slug":"christmas","status":"publish","type":"page","link":"https:\/\/rocketplay-online.com\/de\/blackjack\/christmas\/","title":{"rendered":"Blackjack Weihnachten: ein festliches Spiel f\u00fcr Spieler"},"content":{"rendered":"<p>Blackjack Christmas ist eine einzigartige Feiertagsversion des klassischen Kartenspiels, die Neujahrszauber und eine Atmosph\u00e4re voller Spa\u00df ins Spiel bringt. Dank der Vielfalt an festlichen Dekorationen, besonderen Boni und Sonderregeln ist diese Version von Blackjack w\u00e4hrend der Winterferien bei Spielern beliebt geworden. Es ist sowohl f\u00fcr Anf\u00e4nger als auch f\u00fcr erfahrene Spieler geeignet, die die Aufregung der Neujahrsstimmung sp\u00fcren m\u00f6chten. Egal, ob Sie zum Spa\u00df spielen oder einen Gewinn erzielen m\u00f6chten, Blackjack Christmas verspricht unz\u00e4hlige unvergessliche Momente voller festlicher Aufregung. Blackjack Christmas bietet dank festlicher Boni und Aktionen, die Ihre Erfolgschancen deutlich erh\u00f6hen, auch einzigartige Gewinnm\u00f6glichkeiten. Dar\u00fcber hinaus kann eine gut getimte Blackjack Christmas-Wette Ihre Gewinnchancen weiter erh\u00f6hen, da viele Casinos w\u00e4hrend der Festtage exklusive Feiertagspr\u00e4mien f\u00fcr strategische Wetten anbieten.<\/p>\n<div class=\"go-btn-container\"><div class=\"tosh-btn\"><a href=\"\/go-casino\/\" target=\"_blank\" rel=\"noopener\">JETZT SPIELEN<\/a><\/div><\/div>\n<h2>Regeln f\u00fcr Blackjack zu Weihnachten<\/h2>\n<p>Die Regeln von Christmas Blackjack \u00e4hneln weitgehend denen des klassischen Blackjack, aber es wurden festliche Feiertagselemente eingebaut, um das Spiel noch spannender und fesselnder zu gestalten. Es ist wichtig zu wissen, dass Blackjack Christmas das Hauptziel des Spiels beibeh\u00e4lt \u2013 die Summe der Punkte so nah wie m\u00f6glich an 21 zu bringen, diesen Wert jedoch nicht zu \u00fcberschreiten. Dennoch verleihen Elemente wie Themenkarten, spezielle Boni und einzigartige Aktionsbedingungen dem Spiel eine besondere Atmosph\u00e4re, die perfekt zu den Neujahrsfeiertagen passt. Spieler k\u00f6nnen das Spiel genie\u00dfen, indem sie nicht nur die \u00fcblichen Regeln befolgen, sondern auch neue Funktionen nutzen, die jedes Spiel zu etwas Besonderem machen.<\/p>\n<p>Dar\u00fcber hinaus k\u00f6nnen bei einigen Versionen von Blackjack Christmas spezielle Runden mit Feiertagsthema eingef\u00fchrt werden, bei denen die Spieler durch das Erf\u00fcllen bestimmter Bedingungen w\u00e4hrend des Spiels die Chance haben, zus\u00e4tzliche Preise oder Boni zu gewinnen, was das Erlebnis noch spannender macht.<\/p>\n<h2>Grundregeln<\/h2>\n<p>Die Grundregeln von Weihnachts-Blackjack \u00e4hneln stark denen des traditionellen Blackjack, mit einem festlichen Twist, der f\u00fcr zus\u00e4tzliche Spannung sorgt. Der Spieler erh\u00e4lt zwei Karten und das Ziel ist es, die Punktesumme zu erreichen, die am n\u00e4chsten an 21 liegt, diese aber nicht \u00fcberschreitet. Der Dealer erh\u00e4lt ebenfalls zwei Karten und der Spieler muss entscheiden, ob er anh\u00e4lt, eine weitere Karte zieht oder verdoppelt. Wenn der Spieler oder der Dealer mit den ersten beiden Karten (z. B. einem Ass und zehn Punkten) 21 Punkte erreicht, wird dies als \u201eBlackjack\u201c bezeichnet und eine solche Kombination bringt einen sofortigen Gewinn. Im Falle eines Overcalls (die Summe der Karten ist gr\u00f6\u00dfer als 21) verliert der Spieler automatisch.<\/p>\n<p>In der Feiertagsversion des Spiels gibt es jedoch angenehme \u00dcberraschungen. Karten k\u00f6nnen beispielsweise mit Neujahrssymbolen verziert werden \u2013 Schneeflocken, Christbaumkugeln oder Bildern des Weihnachtsmanns. Dies hat keinen Einfluss auf die Spielmechanik, schafft aber eine Atmosph\u00e4re voller Spa\u00df und Festlichkeit. Dar\u00fcber hinaus k\u00f6nnen Spieler spezielle Boni f\u00fcr das Erreichen bestimmter Kartenkombinationen erhalten, was ebenfalls f\u00fcr Spannung sorgt.<\/p>\n<p>Zus\u00e4tzlich zur festlichen Atmosph\u00e4re kann eine gut getimte Blackjack-Weihnachtswette die Spannung und die m\u00f6glichen Gewinne w\u00e4hrend des Spiels deutlich steigern. Diese Wetten k\u00f6nnen mit speziellen Feiertagsboni oder Multiplikatoren verbunden sein, wodurch jede Hand noch spannender wird. Wenn Sie beispielsweise bestimmte Kartenkombinationen mit Bezug zum Feiertagsthema erreichen, k\u00f6nnen Sie zus\u00e4tzliche Boni, Gratiswetten oder h\u00f6here Auszahlungen freischalten. Solche Funktionen f\u00fcgen eine zus\u00e4tzliche Strategieebene hinzu, da die Spieler diese festlichen Gelegenheiten nutzen k\u00f6nnen, um ihre Gewinne zu maximieren, w\u00e4hrend sie die einzigartigen Feiertagsdekorationen und \u00dcberraschungen im Spiel genie\u00dfen.<\/p>\n<p><img loading=\"lazy\" decoding=\"async\" class=\"aligncenter\" src=\"https:\/\/rocketplay-online.com\/wp-content\/uploads\/2024\/11\/blackjack-christmas-1.jpg\" alt=\"Blackjack Christmas 1\" width=\"859\" height=\"478\" \/><\/p>\n<h2>Funktionen von Blackjack Christmas<\/h2>\n<p>Eines der herausragenden Merkmale von Blackjack Christmas ist sein lebendiger, festlicher Feiertagsstil, der das gesamte Spielerlebnis verbessert. Viele Online-Casinos gestalten die Spieloberfl\u00e4che im Weihnachts- und Neujahrsstil. Karten, Tische und Dealer sind in Weihnachtsfarben gehalten, was das Spiel noch unterhaltsamer macht. Festliche Musik und Animationen tragen ebenfalls zur Feiertagsatmosph\u00e4re bei und versetzen die Spieler in ein Neujahrsm\u00e4rchen.<\/p>\n<p>Ein weiteres wichtiges Merkmal ist das Vorhandensein einzigartiger Boni und Aktionen, die in der regul\u00e4ren Version des Spiels nicht verf\u00fcgbar sind. Spieler k\u00f6nnen unter bestimmten Bedingungen Feiertagsboni in Form von Chips, Gratiswetten oder sogar Cashbacks erhalten. Diese Elemente machen Weihnachts-Blackjack nicht nur zu einem aufregenden Erlebnis, sondern auch zu einer \u00e4u\u00dferst lohnenden Gelegenheit f\u00fcr Gl\u00fccksspielbegeisterte, die festlichen Spa\u00df suchen. Einige Casinos f\u00fcgen auch spezielle \u201eFeiertagskarten\u201c hinzu, die Ihnen die M\u00f6glichkeit geben, zus\u00e4tzliche Boni zu erhalten, wenn bestimmte Kombinationen herausfallen, was dem Spiel ein Element der \u00dcberraschung und Spannung verleiht.<\/p>\n<h2>Blackjack Weihnachten: Boni und Aktionen<\/h2>\n<p>Blackjack Christmas zieht Spieler nicht nur mit seinem spannenden Gameplay an, sondern auch mit seinen gro\u00dfz\u00fcgigen Feiertagsboni und -aktionen, was Blackjack Christmas online w\u00e4hrend der Wintersaison besonders attraktiv macht. Einer der Hauptvorteile dieser Version sind die Sonderangebote, die nur w\u00e4hrend der Festtage erscheinen. Casinos erstellen aktiv eine Vielzahl von Boni und Aktionen, um die Feiertagsstimmung zu betonen und ein \u00dcberraschungselement hinzuzuf\u00fcgen, \u00e4hnlich wie das Auspacken von Geschenken unter dem Weihnachtsbaum.<\/p>\n<p>Bei diesen Feiertagsaktionen kann es sich entweder um einmalige Boni f\u00fcr die Erf\u00fcllung bestimmter Bedingungen oder um langfristige Angebote handeln, die die gesamte Weihnachts- und Neujahrszeit \u00fcber g\u00fcltig sind. So k\u00f6nnen Spieler beispielsweise f\u00fcr jede Einzahlung w\u00e4hrend der Feiertage Boni erhalten oder exklusive Promo-Codes verwenden, um auf Gratiswetten oder erh\u00f6hte Cashbacks zuzugreifen. Ein bemerkenswertes Merkmal solcher Aktionen ist ihre begrenzte Verf\u00fcgbarkeit, was das Interesse der Spieler steigert und sie zur Teilnahme ermutigt, bevor die Angebote ablaufen.<\/p>\n<p>Casinos gestalten diese Feiertagsaktionen speziell so, dass die Spieler immer wieder kommen und eine wahrhaft festliche Atmosph\u00e4re schaffen, die das Erlebnis spannend und freudig macht. Zus\u00e4tzlich zu den \u00fcblichen Einzahlungsboni oder Gratiswetten k\u00f6nnen Spieler exklusive Geschenke erhalten, wie z. B. die Teilnahme an Gewinnspielen, bei denen sie wertvolle Belohnungen wie Elektronik, Geschenkkarten oder sogar Urlaubspakete gewinnen k\u00f6nnen. Diese Elemente machen das Spiel noch unterhaltsamer und verwandeln jede Sitzung in ein spannendes Abenteuer.<\/p>\n<p>Besonders hervorzuheben sind die exklusiven Feiertagsturniere, die in dieser Saison zu einem wichtigen Bestandteil vieler Casinos geworden sind. Bei diesen Wettbewerben k\u00f6nnen Spieler um betr\u00e4chtliche Geldpreise und zus\u00e4tzliche Boni k\u00e4mpfen. Diese Turniere beinhalten oft einzigartige Bedingungen, die f\u00fcr zus\u00e4tzliche Spannung sorgen \u2013 beispielsweise das Sammeln von Bonuspunkten f\u00fcr das Erf\u00fcllen von Missionen mit Feiertagsthema oder das Erreichen bestimmter Kartenkombinationen, die mit den Neujahrsfeiern verbunden sind. Die Teilnahme an diesen Turnieren verleiht dem Spiel mehr Intensit\u00e4t, und der Wettbewerbsgeist treibt die Spannung auf ein neues Niveau.<\/p>\n<p>Zus\u00e4tzlich zu diesen festlichen Aktionen k\u00f6nnen Sie Ihre Chancen auf noch lukrativere Gewinne deutlich erh\u00f6hen, wenn Sie w\u00e4hrend der Feiertage eine strategische Blackjack-Weihnachtswette platzieren. Viele Casinos bieten spezielle Wettanreize, die speziell an Feiertagsthemen gebunden sind, wie z. B. erh\u00f6hte Auszahlungen f\u00fcr bestimmte festliche Kartenkombinationen oder zus\u00e4tzliche Boni f\u00fcr h\u00f6here Eins\u00e4tze w\u00e4hrend bestimmter Aktionen. Dies erh\u00f6ht nicht nur den Nervenkitzel jeder Wette, sondern sorgt auch f\u00fcr ein dynamischeres Spielerlebnis, bei dem sorgf\u00e4ltige Wettentscheidungen zu noch gr\u00f6\u00dferen Feiertagsgewinnen f\u00fchren k\u00f6nnen. Die zeitlich begrenzte Natur dieser Angebote motiviert die Spieler, den Moment zu nutzen und ihre Wettstrategien zu optimieren, sodass sich jede Sitzung wie eine einzigartige und aufregende Gelegenheit anf\u00fchlt, vom Feiertagsgeist zu profitieren.<\/p>\n<p>Somit beh\u00e4lt Blackjack Christmas nicht nur die klassische Spielmechanik bei, sondern f\u00fcgt auch viele M\u00f6glichkeiten f\u00fcr zus\u00e4tzliche Gewinne hinzu. Jeder Spieler kann in diesen Feiertagsaktionen etwas Besonderes f\u00fcr sich finden, was das Spiel nicht nur unterhaltsam, sondern auch zu einer lukrativen Gelegenheit macht. Schlie\u00dflich verleihen Feiertagsboni und Turniere dem Spiel eine Atmosph\u00e4re der Freude, \u00dcberraschungen und echten Feiertagsstimmung, was die Teilnahme an Blackjack Christmas f\u00fcr alle Gl\u00fccksspielbegeisterten besonders attraktiv macht.<\/p>\n<div class=\"go-btn-container\"><div class=\"tosh-btn\"><a href=\"\/go-casino\/\" target=\"_blank\" rel=\"noopener\">JOUER MAINTENANT<\/a><\/div><\/div>\n<h3>Wie erhalte und verwende ich Boni?<\/h3>\n<p>Das Erhalten von Boni beim Weihnachts-Blackjack ist ein relativ unkomplizierter Vorgang, insbesondere w\u00e4hrend der Neujahrsfeiertage, wenn Casinos aktiv eine Vielzahl von festlichen Aktionen durchf\u00fchren. Um Boni beim Weihnachts-Blackjack online zu erhalten, m\u00fcssen Sie normalerweise eine der folgenden Bedingungen erf\u00fcllen: sich im Casino registrieren, Ihre erste Einzahlung t\u00e4tigen, an einer speziellen Feiertagsaktion teilnehmen oder w\u00e4hrend des Spiels eine bestimmte Kartenkombination erreichen. Viele Casinos bieten Gratiswetten oder doppelte Einzahlungen an, wodurch das Spiel noch spannender wird.<\/p>\n<p>Boni k\u00f6nnen auf verschiedene Weise genutzt werden: Einige kommen in Form von zus\u00e4tzlichen Chips oder Freispielen, die im Spiel verwendet werden k\u00f6nnen, w\u00e4hrend andere das Risiko verringern, indem sie teilweise R\u00fcckerstattungen bei Verlusten anbieten. Dies gibt den Spielern mehr Freiheit und Vertrauen, insbesondere wenn sie um echtes Geld spielen. Es ist wichtig, die Bedingungen der Boni sorgf\u00e4ltig zu pr\u00fcfen, damit Sie diese festlichen Aktionen nicht verpassen.<\/p>\n<h3>\u00a0\u00dcbersicht aller verf\u00fcgbaren Boni<\/h3>\n<p>Bei Blackjack Christmas gibt es verschiedene Bonusarten, die das Spiel noch spannender machen:<\/p>\n<ol>\n<li aria-level=\"1\">Boni ohne Einzahlung sind eine der beliebtesten Arten von Aktionen. Dabei erhalten die Spieler einen kleinen Betrag zum Spielen, ohne dass eine Einzahlung erforderlich ist. Dies ist eine gro\u00dfartige M\u00f6glichkeit, ohne Risiko mit dem Spielen zu beginnen.<\/li>\n<li aria-level=\"1\">Bonus f\u00fcr die erste Einzahlung \u2013 wenn Sie Ihre erste Einzahlung t\u00e4tigen, bietet das Casino an, den Betrag Ihrer Einzahlung zu verdoppeln oder sogar zu verdreifachen. Dies erh\u00f6ht die Gewinnchancen und erm\u00f6glicht es den Spielern, l\u00e4nger im Spiel zu bleiben.<\/li>\n<li aria-level=\"1\">Cashback-Boni \u2013 durch die R\u00fcckerstattung eines Teils der verlorenen Mittel k\u00f6nnen Sie Verluste minimieren. Dies ist insbesondere f\u00fcr Neulinge relevant, die sich ihrer F\u00e4higkeiten noch nicht sicher sind.<\/li>\n<li aria-level=\"1\">Freespins und Freebets \u2013 kostenlose Wetten und Spins, die zum Testen von Strategien oder einfach zum Spa\u00df verwendet werden k\u00f6nnen, ohne dass das Risiko besteht, Ihr Geld zu verlieren.<\/li>\n<\/ol>\n<h2>Strategien zum Blackjack-Spielen w\u00e4hrend der Ferienzeit<\/h2>\n<p>Wenn es um Strategien f\u00fcr Weihnachts-Blackjack geht, ist es wichtig, im Hinterkopf zu behalten, dass die festliche Neujahrsatmosph\u00e4re Ihre gewohnte Konzentration st\u00f6ren und zu emotionalen Wettentscheidungen f\u00fchren kann. Der richtige Ansatz und Einsatz von Strategien kann Ihnen jedoch nicht nur dabei helfen, Spa\u00df zu haben, sondern auch zu gewinnen. Eine wichtige Strategie besteht darin, Boni sinnvoll einzusetzen. W\u00e4hrend der Festtage bieten Casinos oft doppelte Einzahlungen an, daher ist es wichtig, solche Gelegenheiten sinnvoll zu nutzen, Ihr Guthaben zu erh\u00f6hen und bew\u00e4hrten Taktiken zu folgen.<\/p>\n<p>Trotz der festlichen Atmosph\u00e4re sollten Sie au\u00dferdem die Grundprinzipien des Bankroll-Managements nicht vergessen. Wenn Sie wissen, wie Sie Ihre Eins\u00e4tze kontrollieren und rechtzeitig aufh\u00f6ren, k\u00f6nnen Sie Ihre Spielsitzung verl\u00e4ngern und das Verlustrisiko verringern. Spieler, die strenge Regeln f\u00fcr das Geldmanagement befolgen, gewinnen auf lange Sicht oft mehr. Dar\u00fcber hinaus sollten Sie impulsive Eins\u00e4tze vermeiden und der Feiertagsstimmung nachgeben und sich immer an einen vorgefertigten Spielplan halten, um Risiken zu minimieren und die Chancen auf stabile Gewinne zu erh\u00f6hen.<\/p>\n<p><img loading=\"lazy\" decoding=\"async\" class=\"aligncenter\" src=\"https:\/\/rocketplay-online.com\/wp-content\/uploads\/2024\/11\/blackjack-christmas-2.jpg\" alt=\"Blackjack Christmas 2\" width=\"705\" height=\"694\" \/><\/p>\n<h2>Verschiedene Feiertags-Blackjack-Varianten<\/h2>\n<p>W\u00e4hrend der Neujahrsferienzeit erscheinen in den Casinos mehrere festliche Versionen von Blackjack Christmas Online, jede mit ihren eigenen einzigartigen Funktionen. Santa\u2019s Blackjack ist beispielsweise ein Spiel, bei dem die Dealer und Karten im Weihnachtsstil dekoriert sind und Schneeflocken und Christbaumschmuck die Tische schm\u00fccken. Holiday 21 bietet Spielern zus\u00e4tzliche Boni f\u00fcr bestimmte Kartenkombinationen, was das Spiel noch spannender macht.<\/p>\n<p>Jede Variante bietet ein unverwechselbares Erlebnis, daher werden die Spieler ermutigt, verschiedene Versionen auszuprobieren, um die zu finden, die ihnen am besten gef\u00e4llt. Was diese Variationen von Blackjack Christmas Online so besonders macht, ist nicht nur ihr festliches visuelles Design, sondern auch die zus\u00e4tzlichen Gewinnchancen, die die Feiertagsversionen noch attraktiver machen.<\/p>\n<p>Einige Varianten beinhalten auch spezielle Feiertagsaufgaben, deren Erf\u00fcllung den Spielern zus\u00e4tzliche Boni oder Zugang zu exklusiven Aktionen einbringen kann, was dem festlichen Spielerlebnis eine neue Ebene der Interaktion und Spannung verleiht.<\/p>\n<h2>Abschluss<\/h2>\n<p>Blackjack Christmas ist die perfekte M\u00f6glichkeit, Spannung mit Neujahrsstimmung zu verbinden. Festliche Aktionen, einzigartige Boni und festliche Dekorationen machen Blackjack Christmas online zu einem besonderen Spiel w\u00e4hrend der Winterferien. Trotz der aufregenden visuellen Effekte und verlockenden Boni ist es jedoch wichtig, daran zu denken, dass eine gut platzierte Blackjack Christmas-Wette einen strategischen Ansatz und eine umsichtige Verwaltung Ihres Geldes erfordert. Blackjack Christmas wird Ihnen ein gro\u00dfartiges Erlebnis bieten, insbesondere wenn Sie alle M\u00f6glichkeiten nutzen, die die Weihnachtszeit zu bieten hat!<\/p>\n","protected":false},"excerpt":{"rendered":"<p>Blackjack Christmas ist eine einzigartige Feiertagsversion des klassischen Kartenspiels, die Neujahrszauber und eine Atmosph\u00e4re voller Spa\u00df ins Spiel bringt. Dank der Vielfalt an festlichen Dekorationen, besonderen Boni und Sonderregeln ist diese Version von Blackjack w\u00e4hrend der Winterferien bei Spielern beliebt geworden. Es ist sowohl f\u00fcr Anf\u00e4nger als auch f\u00fcr erfahrene Spieler geeignet, die die Aufregung&#8230;<\/p>\n","protected":false},"author":1,"featured_media":0,"parent":1438,"menu_order":0,"comment_status":"closed","ping_status":"closed","template":"","meta":{"_acf_changed":false,"_kad_post_transparent":"default","_kad_post_title":"default","_kad_post_layout":"default","_kad_post_sidebar_id":"","_kad_post_content_style":"default","_kad_post_vertical_padding":"default","_kad_post_feature":"","_kad_post_feature_position":"","_kad_post_header":false,"_kad_post_footer":false,"footnotes":""},"class_list":["post-5745","page","type-page","status-publish","hentry"],"acf":[],"rttpg_featured_image_url":null,"rttpg_author":{"display_name":"Oliver","author_link":"https:\/\/rocketplay-online.com\/de\/author\/pemvas95n89x\/"},"rttpg_comment":0,"rttpg_category":null,"rttpg_excerpt":"Blackjack Christmas ist eine einzigartige Feiertagsversion des klassischen Kartenspiels, die Neujahrszauber und eine Atmosph\u00e4re voller Spa\u00df ins Spiel bringt. Dank der Vielfalt an festlichen Dekorationen, besonderen Boni und Sonderregeln ist diese Version von Blackjack w\u00e4hrend der Winterferien bei Spielern beliebt geworden. Es ist sowohl f\u00fcr Anf\u00e4nger als auch f\u00fcr erfahrene Spieler geeignet, die die Aufregung...","_links":{"self":[{"href":"https:\/\/rocketplay-online.com\/de\/wp-json\/wp\/v2\/pages\/5745","targetHints":{"allow":["GET"]}}],"collection":[{"href":"https:\/\/rocketplay-online.com\/de\/wp-json\/wp\/v2\/pages"}],"about":[{"href":"https:\/\/rocketplay-online.com\/de\/wp-json\/wp\/v2\/types\/page"}],"author":[{"embeddable":true,"href":"https:\/\/rocketplay-online.com\/de\/wp-json\/wp\/v2\/users\/1"}],"replies":[{"embeddable":true,"href":"https:\/\/rocketplay-online.com\/de\/wp-json\/wp\/v2\/comments?post=5745"}],"version-history":[{"count":2,"href":"https:\/\/rocketplay-online.com\/de\/wp-json\/wp\/v2\/pages\/5745\/revisions"}],"predecessor-version":[{"id":5747,"href":"https:\/\/rocketplay-online.com\/de\/wp-json\/wp\/v2\/pages\/5745\/revisions\/5747"}],"up":[{"embeddable":true,"href":"https:\/\/rocketplay-online.com\/de\/wp-json\/wp\/v2\/pages\/1438"}],"wp:attachment":[{"href":"https:\/\/rocketplay-online.com\/de\/wp-json\/wp\/v2\/media?parent=5745"}],"curies":[{"name":"wp","href":"https:\/\/api.w.org\/{rel}","templated":true}]}}