{"id":5695,"date":"2024-11-14T21:21:11","date_gmt":"2024-11-14T18:21:11","guid":{"rendered":"https:\/\/rocketplay-online.com\/blackjack\/american\/"},"modified":"2024-11-14T22:14:17","modified_gmt":"2024-11-14T19:14:17","slug":"american","status":"publish","type":"page","link":"https:\/\/rocketplay-online.com\/de\/blackjack\/american\/","title":{"rendered":"Amerikanisches Blackjack: \u00dcberblick und"},"content":{"rendered":"<p>American Twenty-One ist eine der beliebtesten Varianten des klassischen Kartenspiels, das Spieler auf der ganzen Welt fasziniert. Mit seinen unkomplizierten Regeln, der M\u00f6glichkeit, Strategien umzusetzen, und dem geringen Hausvorteil spricht es sowohl Anf\u00e4nger als auch erfahrene Profis an. Diese Version des Spiels, einschlie\u00dflich American Blackjack Online, unterscheidet sich von anderen Blackjack-Varianten durch ihre einzigartigen Funktionen und Sonderregeln, die wir in diesem Artikel untersuchen werden. Lassen Sie uns herausfinden, was American Twenty-One auszeichnet und wie Sie auf der RocketPlay-Plattform darin brillieren k\u00f6nnen.<\/p>\n<p>Die gro\u00dfe Anziehungskraft des amerikanischen Blackjack liegt nicht nur in seinem zeitlosen Ursprung, sondern auch in seinem dynamischen Tempo und den zahlreichen Entscheidungsm\u00f6glichkeiten, die es bietet. Jede Hand sorgt f\u00fcr zus\u00e4tzliche Spannung und erfordert von den Spielern, die sich f\u00fcr amerikanisches Blackjack entscheiden, eine Mischung aus Gl\u00fcck und strategischem Denken. Ein Schl\u00fcsselelement seiner Anziehungskraft liegt in seiner Flexibilit\u00e4t, die es den Spielern erm\u00f6glicht, ihre Taktik ihrem pers\u00f6nlichen Stil anzupassen. Diese Anpassungsf\u00e4higkeit macht das Spiel f\u00fcr vorsichtige Spieler, die Z\u00fcge mit geringem Risiko bevorzugen, ebenso fesselnd wie f\u00fcr diejenigen, die lieber All-In gehen, um gr\u00f6\u00dfere Gewinne zu erzielen. Um in diesem Spiel wirklich zu gl\u00e4nzen, kann das Verstehen und Anwenden einer effektiven amerikanischen Blackjack-Strategie Ihre Erfolgschancen am Tisch erheblich steigern.<\/p>\n<div class=\"go-btn-container\"><div class=\"tosh-btn\"><a href=\"\/go-casino\/\" target=\"_blank\" rel=\"noopener\">JETZT SPIELEN<\/a><\/div><\/div>\n<h2>\u00dcbersicht \u00fcber das Spiel bei RocketPlay<\/h2>\n<p>RocketPlay ist ein hochmodernes Online-Casino, das Spielern eine gro\u00dfe Auswahl an Gl\u00fccksspielen bietet, darunter mehrere Varianten des Kartenspiels Twenty One. Die Plattform bietet mehrere Versionen von American Blackjack, darunter American Blackjack online kostenlos, sodass jeder Spieler ein Spiel ausw\u00e4hlen kann, das seinem K\u00f6nnen und seinen Vorlieben entspricht. F\u00fcr diejenigen, die American Blackjack spielen m\u00f6chten, bietet RocketPlay ein nahtloses Erlebnis mit fairen Spielbedingungen, schneller Wettabwicklung und einer intuitiven Benutzeroberfl\u00e4che, die sowohl f\u00fcr Mobil- als auch f\u00fcr Desktop-Ger\u00e4te optimiert ist. Es ist das perfekte Ziel f\u00fcr Twenty One-Enthusiasten, die ein nahtloses und unterhaltsames Spielerlebnis suchen.<\/p>\n<h3>Hauptvorteile des Spielens bei RocketPlay:<\/h3>\n<ul>\n<li aria-level=\"1\">Eine gro\u00dfe Auswahl an amerikanischen Twenty-One-Tischen mit unterschiedlichen Einsatzlimits.<\/li>\n<li aria-level=\"1\">Die M\u00f6glichkeit, um echtes Geld zu spielen oder im kostenlosen Demomodus zu \u00fcben.<\/li>\n<li aria-level=\"1\">Gro\u00dfz\u00fcgige Boni und Sonderangebote sowohl f\u00fcr neue als auch f\u00fcr regul\u00e4re Benutzer.<\/li>\n<li aria-level=\"1\">Ein sicheres Datenschutzsystem und schnelle Auszahlungen von Gewinnen.<\/li>\n<\/ul>\n<h2>Regeln des amerikanischen Blackjack<\/h2>\n<p>Wie bei anderen Versionen des Spiels geht es bei American Twenty-One darum, eine Kartensumme zu erreichen, die so nahe wie m\u00f6glich an 21 Punkte herankommt, ohne diese Grenze zu \u00fcberschreiten. Beim American Blackjack online m\u00fcssen die Spieler, genau wie bei der traditionellen Version, den Dealer ausspielen, der einem strengen Satz vordefinierter Regeln folgt. Diese Mischung aus Strategie und Gl\u00fcck schafft eine dynamische Umgebung, in der geschickte Entscheidungen entscheidend sind, um den Dealer auszutricksen und sich den Sieg im Spiel zu sichern. Die Entwicklung einer soliden American Blackjack-Strategie erm\u00f6glicht es den Spielern, ihre Erfolgschancen zu maximieren und gleichzeitig die Unw\u00e4gbarkeiten jeder Hand zu meistern.<\/p>\n<p>Grundregeln des amerikanischen Blackjack:<\/p>\n<ul>\n<li aria-level=\"1\">Das Spiel wird mit einem oder mehreren Standardkartenstapeln mit je 52 Karten gespielt.<\/li>\n<li aria-level=\"1\">Jeder Spieler erh\u00e4lt zwei Karten und der Dealer erh\u00e4lt ebenfalls zwei Karten, wobei eine Karte aufgedeckt ist.<\/li>\n<li aria-level=\"1\">Die Spieler k\u00f6nnen w\u00e4hlen, ob sie eine weitere Karte nehmen (Hit), bei ihrer aktuellen Hand bleiben (Stand), Double Down spielen oder die Karten teilen m\u00f6chten, wenn sie den gleichen Wert haben.<\/li>\n<li aria-level=\"1\">Eine Besonderheit des amerikanischen Blackjack besteht darin, dass der Dealer bei einer Gesamtsumme von 21 (aus den ersten beiden Karten) pr\u00fcft, ob die aufgedeckte Karte ein Ass oder eine 10-Punkte-Karte ist.<\/li>\n<li aria-level=\"1\">Der Dealer muss so lange Karten ziehen, bis seine Hand mindestens 17 Punkte erreicht.<\/li>\n<li aria-level=\"1\">Erreicht ein Spieler mit den ersten beiden Karten 21 Punkte, spricht man von einer \u201enat\u00fcrlichen 21\u201c und die Hand gewinnt mit einer Quote von 3:2.<\/li>\n<\/ul>\n<p>Diese amerikanischen Blackjack-Regeln schaffen eine spannende Atmosph\u00e4re, in der sowohl Gl\u00fcck als auch Strategie eine wichtige Rolle spielen, was das Spiel zu einem Favoriten f\u00fcr Spieler aller F\u00e4higkeitsstufen macht.<\/p>\n<p><img loading=\"lazy\" decoding=\"async\" class=\"aligncenter wp-image-5675\" src=\"https:\/\/rocketplay-online.com\/wp-content\/uploads\/2024\/11\/american-blackjack-1.jpg\" alt=\"American Blackjack 1\" width=\"844\" height=\"457\" srcset=\"https:\/\/rocketplay-online.com\/wp-content\/uploads\/2024\/11\/american-blackjack-1.jpg 1135w, https:\/\/rocketplay-online.com\/wp-content\/uploads\/2024\/11\/american-blackjack-1-300x162.jpg 300w, https:\/\/rocketplay-online.com\/wp-content\/uploads\/2024\/11\/american-blackjack-1-1024x554.jpg 1024w, https:\/\/rocketplay-online.com\/wp-content\/uploads\/2024\/11\/american-blackjack-1-768x415.jpg 768w\" sizes=\"auto, (max-width: 844px) 100vw, 844px\" \/><\/p>\n<h2>Arten des amerikanischen Blackjack<\/h2>\n<p>American Twenty-One ist in verschiedenen Versionen erh\u00e4ltlich, die jeweils unterschiedliche Regeln und Spielformate bieten, die das gesamte Spielerlebnis stark beeinflussen k\u00f6nnen. Diese Vielfalt erm\u00f6glicht es den Spielern, die Version auszuw\u00e4hlen, die ihren Erwartungen und ihrem strategischen Ansatz am besten entspricht, einschlie\u00dflich American Blackjack Online Free. Das Verst\u00e4ndnis der Regeln von American Blackjack ist entscheidend, da jede Variante unterschiedliche Merkmale mit sich bringt, die die Taktik und Entscheidungsfindung der Spieler beeinflussen k\u00f6nnen. Einige Versionen verwenden beispielsweise zus\u00e4tzliche Decks oder bieten spezielle Bonuswetten, was f\u00fcr zus\u00e4tzliche Spannung und Komplexit\u00e4t sorgt. Dar\u00fcber hinaus bieten bestimmte Varianten spielerfreundlichere Optionen, wie z. B. die M\u00f6glichkeit, bei jeder Hand zu verdoppeln oder Paare erneut zu teilen. Diese breite Palette an Formaten stellt sicher, dass jeder Spieler das ideale Gleichgewicht zwischen Risiko und Ertrag finden kann, was American Twenty-One zu einem \u00e4u\u00dferst vielseitigen und ansprechenden Spiel macht, das eine breite Palette von Spielern anspricht. Letztendlich bietet das Erkunden von Blackjack American Online eine bequeme M\u00f6glichkeit, diese aufregenden Variationen zu erleben und Ihre Strategie bequem von zu Hause aus zu verfeinern.<\/p>\n<h3>Die wichtigsten Blackjack-Arten<\/h3>\n<p>Die wichtigsten Varianten von Twenty-One bieten eine Vielzahl spannender Formate, jedes mit einzigartigen Funktionen und Spieldynamiken:<\/p>\n<ul>\n<li aria-level=\"1\">Klassisches amerikanisches Blackjack: Dies ist die Standardversion, bei der die Spieler nach den Grundregeln des Spiels gegen den Dealer antreten. Es ist die einfachste Form, ideal f\u00fcr diejenigen, die ein traditionelles Spielerlebnis bevorzugen.<\/li>\n<li aria-level=\"1\">Multi-Hand Twenty-One: Bei dieser Variante k\u00f6nnen die Spieler mehrere H\u00e4nde gleichzeitig verwalten, was strategische Tiefe verleiht und die Gewinnchancen in einer einzigen Runde erh\u00f6ht. Diese Version f\u00fchrt eine Ebene der Komplexit\u00e4t und Spannung ein, da die Spieler mehrere H\u00e4nde gleichzeitig jonglieren m\u00fcssen.<\/li>\n<li aria-level=\"1\">Progressiver Jackpot Twenty-One: Ein spannendes Format, bei dem ein Teil jedes Einsatzes zu einem gemeinsamen Jackpot beitr\u00e4gt und den Spielern unter bestimmten Bedingungen die Chance gibt, einen betr\u00e4chtlichen Gewinn zu erzielen. Diese Variante sorgt f\u00fcr zus\u00e4tzliche Spannung, da die Spieler neben dem regul\u00e4ren Spiel auch nach potenziell lebensver\u00e4ndernden Preisen suchen.<\/li>\n<li aria-level=\"1\">Live Dealer Twenty-One: Diese immersive Version erm\u00f6glicht es den Spielern, per Live-Video-Streaming mit einem echten Croupier zu interagieren. Sie imitiert das Gef\u00fchl eines landbasierten Casinos und bietet eine authentische Atmosph\u00e4re und Echtzeit-Engagement \u2013 \u200b\u200bperfekt f\u00fcr diejenigen, die eine geselligere und dynamischere Spielumgebung genie\u00dfen.<\/li>\n<\/ul>\n<p>Dar\u00fcber hinaus k\u00f6nnen die Unterschiede zwischen europ\u00e4ischem und amerikanischem Blackjack f\u00fcr Spieler, die ihre Optionen abw\u00e4gen, das Spielerlebnis erheblich beeinflussen, da jede Version unterschiedliche Regeln und Strategien aufweist, die auf unterschiedliche Vorlieben und F\u00e4higkeitsstufen zugeschnitten sind. Das Erkunden des amerikanischen Blackjacks online bietet eine bequeme M\u00f6glichkeit, diese Variationen kennenzulernen und gleichzeitig Ihre F\u00e4higkeiten in einer dynamischen und zug\u00e4nglichen Umgebung zu verbessern.<\/p>\n<div class=\"go-btn-container\"><div class=\"tosh-btn\"><a href=\"\/go-casino\/\" target=\"_blank\" rel=\"noopener\">JETZT SPIELEN<\/a><\/div><\/div>\n<h2>Strategien zum Spielen von amerikanischem Blackjack<\/h2>\n<p>Spieler des amerikanischen Blackjack k\u00f6nnen verschiedene Strategien anwenden, um ihre Gewinnchancen zu verbessern, darunter Techniken, die speziell f\u00fcr kostenlose Online-Versionen des amerikanischen Blackjack entwickelt wurden. Zentral f\u00fcr diese Ans\u00e4tze ist ein solides Verst\u00e4ndnis der Wahrscheinlichkeiten und die F\u00e4higkeit, optimale Entscheidungen basierend auf den einzigartigen Umst\u00e4nden am Tisch zu treffen. Egal, ob Sie echtes Geld setzen oder kostenloses amerikanisches Blackjack ausprobieren, das Beherrschen wichtiger Taktiken kann Ihr Spiel erheblich verbessern. Ein grundlegender Bestandteil einer effektiven Strategie f\u00fcr amerikanisches Blackjack ist ein gr\u00fcndliches Verst\u00e4ndnis der mathematischen Wahrscheinlichkeiten und eine sorgf\u00e4ltige Analyse jeder Hand. Indem Sie Ihre Erfolgschancen genau einsch\u00e4tzen \u2013 und dabei sowohl Ihre Karten als auch die des Dealers ber\u00fccksichtigen \u2013 k\u00f6nnen Sie fundiertere Entscheidungen treffen. Spielz\u00fcge wie Verdoppeln oder das Teilen von Paaren k\u00f6nnen das Ergebnis des Spiels stark beeinflussen. Erfahrenere Spieler wenden h\u00e4ufig fortgeschrittene Techniken wie Kartenz\u00e4hlen oder adaptive Strategien an, wodurch sie eine gr\u00f6\u00dfere Kontrolle \u00fcber das Spiel haben und weniger auf reines Gl\u00fcck angewiesen sind. Diese Vielfalt an Taktiken macht das Spiel nicht nur spannend, sondern auch intellektuell anregend und erfordert st\u00e4ndige Aufmerksamkeit und Konzentration.<\/p>\n<ul>\n<li aria-level=\"1\">Die Basisstrategie ist eine Zusammenstellung mathematisch fundierter Entscheidungen, die darauf abzielen, Verluste zu minimieren und die Erfolgschancen zu erh\u00f6hen. Sie gibt Richtlinien vor, wann man eine zus\u00e4tzliche Karte nehmen sollte und wann man am besten stehen bleibt.<\/li>\n<li aria-level=\"1\">Kartenz\u00e4hlen ist eine Strategie, die von erfahrenen Spielern eingesetzt wird, um die ausgeteilten Karten zu verfolgen und vorherzusagen, welche Karten wahrscheinlich als n\u00e4chstes auftauchen. Beim amerikanischen Blackjack wird diese Taktik schwieriger, da oft mehrere Kartendecks verwendet werden, was eine zus\u00e4tzliche Komplexit\u00e4tsebene hinzuf\u00fcgt.<\/li>\n<li aria-level=\"1\">Das Bankroll-Management ist ein wesentlicher Aspekt jeder Strategie. Um erhebliche finanzielle R\u00fcckschl\u00e4ge zu vermeiden, ist es wichtig, dass Sie sich selbst strikte Wettlimits setzen und diese einhalten.<\/li>\n<\/ul>\n<p><img loading=\"lazy\" decoding=\"async\" class=\"aligncenter wp-image-5667\" src=\"https:\/\/rocketplay-online.com\/wp-content\/uploads\/2024\/11\/american-blackjack-2.jpg\" alt=\"American Blackjack 2\" width=\"821\" height=\"501\" srcset=\"https:\/\/rocketplay-online.com\/wp-content\/uploads\/2024\/11\/american-blackjack-2.jpg 1157w, https:\/\/rocketplay-online.com\/wp-content\/uploads\/2024\/11\/american-blackjack-2-300x183.jpg 300w, https:\/\/rocketplay-online.com\/wp-content\/uploads\/2024\/11\/american-blackjack-2-1024x625.jpg 1024w, https:\/\/rocketplay-online.com\/wp-content\/uploads\/2024\/11\/american-blackjack-2-768x469.jpg 768w\" sizes=\"auto, (max-width: 821px) 100vw, 821px\" \/><\/p>\n<h2>Boni und Aktionen beim amerikanischen Blackjack<\/h2>\n<p>RocketPlay begeistert seine Spieler immer wieder mit einer Reihe verlockender Boni und Aktionen, die Ihre Gewinnchancen beim amerikanischen Blackjack erh\u00f6hen und die Spannung des Spielerlebnisses steigern sollen. Egal, ob Sie ein Neuling oder ein erfahrener Spieler sind, das breite Angebot von RocketPlay ist auf Spieler aller Niveaus zugeschnitten. Wenn Sie unbedingt amerikanisches Blackjack spielen m\u00f6chten, bieten Ihnen diese Boni zus\u00e4tzliche M\u00f6glichkeiten, Ihre Gewinne zu steigern und verschiedene Strategien auszuprobieren. Hier sind einige herausragende Aktionen, von denen Sie profitieren k\u00f6nnen:<\/p>\n<ul>\n<li aria-level=\"1\">Willkommensbonus: Dieser Bonus wird neuen Spielern gew\u00e4hrt, wenn sie sich anmelden und ihre erste Einzahlung t\u00e4tigen. Er verschafft Ihnen ein erh\u00f6htes Startkapital und mehr Chancen zum Spielen und Gewinnen.<\/li>\n<li aria-level=\"1\">Cashback: Mit dieser Funktion k\u00f6nnen Spieler einen Teil ihrer Verluste zur\u00fcckerhalten, die Auswirkungen erfolgloser Wetten abfedern und ein Sicherheitsnetz f\u00fcr zuk\u00fcnftige Spiele bieten.<\/li>\n<li aria-level=\"1\">W\u00f6chentliche Aktionen: RocketPlay bietet seinen aktivsten Benutzern regelm\u00e4\u00dfig Sonderaktionen, darunter Freispiele, Bonusguthaben und erh\u00f6hte Gewinnwahrscheinlichkeiten, sodass immer ein spannender Anreiz verf\u00fcgbar ist.<\/li>\n<li aria-level=\"1\">Treueprogramm: Spieler sammeln mit jedem Einsatz Punkte, die sie gegen Boni eintauschen oder in echtes Geld umwandeln k\u00f6nnen. So erhalten sie Belohnungen f\u00fcr langfristiges Engagement und noch mehr M\u00f6glichkeiten, ihr Spielerlebnis zu maximieren.<\/li>\n<\/ul>\n<p>Dar\u00fcber hinaus kann das Erkunden der Nuancen von europ\u00e4ischem und amerikanischem Blackjack f\u00fcr diejenigen, die ihr Verst\u00e4ndnis des Spiels vertiefen m\u00f6chten, wertvolle Erkenntnisse liefern, die Ihren strategischen Ansatz und Ihren allgemeinen Spielspa\u00df verbessern. Wenn Sie amerikanisches Blackjack online spielen, k\u00f6nnen Sie diese Aktionen effektiv nutzen und so ein bereicherndes Spielerlebnis sicherstellen.<\/p>\n<h2>Tipps f\u00fcr RocketPlay-Neulinge<\/h2>\n<p>Wenn Sie neu bei American Twenty-One auf RocketPlay sind, k\u00f6nnen die folgenden hilfreichen Tipps Ihr Lernerlebnis erheblich verbessern und Ihre Erfolgschancen erh\u00f6hen:<\/p>\n<ul>\n<li aria-level=\"1\">Beginnen Sie mit der Demoversion: Bevor Sie echtes Geld einsetzen, \u00fcben Sie mit der kostenlosen Version des Spiels. So k\u00f6nnen Sie sich mit den Regeln des amerikanischen Blackjacks vertraut machen und ohne finanzielles Risiko mit verschiedenen Strategien experimentieren.<\/li>\n<li aria-level=\"1\">Beherrschen Sie die Grundstrategie: Nehmen Sie sich die Zeit, die Kernstrategien zu studieren und zu verstehen, die Ihnen helfen, in verschiedenen Spielszenarien kluge Entscheidungen zu treffen und so letztendlich den Hausvorteil zu verringern.<\/li>\n<li aria-level=\"1\">Legen Sie klare Grenzen fest: Legen Sie sowohl eine maximale Einsatzh\u00f6he als auch ein Zeitlimit f\u00fcr jede Spielsitzung fest, um sich vor zu hohen Ausgaben zu sch\u00fctzen und ein effektives Bankroll-Management sicherzustellen.<\/li>\n<li aria-level=\"1\">Behalten Sie ein gleichm\u00e4\u00dfiges, \u00fcberlegtes Tempo bei: Vermeiden Sie es, Ihre Z\u00fcge zu \u00fcberst\u00fcrzen. Wenn Sie sich die Zeit nehmen, jede Entscheidung sorgf\u00e4ltig zu durchdenken und die Situation einzusch\u00e4tzen, k\u00f6nnen Sie Risiken minimieren und auf lange Sicht bessere Ergebnisse erzielen. Wenn Sie sich au\u00dferdem bereit f\u00fchlen, echte Wetten abzuschlie\u00dfen, kann der \u00dcbergang zu amerikanischem Blackjack mit echtem Geld eine spannende M\u00f6glichkeit sein, Ihre F\u00e4higkeiten anzuwenden und m\u00f6glicherweise gr\u00f6\u00dfere Gewinne einzufahren.<\/li>\n<\/ul>\n<h2>Tipps f\u00fcr verantwortungsbewusstes Spielen bei RocketPlay<\/h2>\n<p>Es ist wichtig, sich daran zu erinnern, dass Gl\u00fccksspiel als eine Form der Unterhaltung angesehen werden sollte und nicht als eine L\u00f6sung f\u00fcr finanzielle Schwierigkeiten oder eine garantierte M\u00f6glichkeit, Geld zu verdienen. Diese Perspektive ist wichtig, egal ob Sie sich f\u00fcr amerikanische Blackjack-Spiele um echtes Geld entscheiden oder amerikanisches Blackjack kostenlos ausprobieren. Hier sind einige wichtige Tipps f\u00fcr verantwortungsbewusstes Gl\u00fccksspiel:<\/p>\n<ul>\n<li aria-level=\"1\">Legen Sie ein Budget fest: Spielen Sie immer im Rahmen Ihrer finanziellen M\u00f6glichkeiten und verwenden Sie nur den Betrag, den Sie bereit sind zu verlieren.<\/li>\n<li aria-level=\"1\">Vermeiden Sie es, Verlusten hinterherzulaufen: Wenn Sie einen Verlust erleiden, widerstehen Sie der Versuchung, sofort zu versuchen, Ihr Geld zur\u00fcckzuerhalten, da dies zu noch gr\u00f6\u00dferen finanziellen Schwierigkeiten f\u00fchren kann.<\/li>\n<li aria-level=\"1\">Nutzen Sie Tools zur Selbstregulierung: RocketPlay bietet Funktionen wie das Festlegen von Wettlimits und die Beschr\u00e4nkung der Spielzeit, die Ihnen dabei helfen, die Kontrolle \u00fcber Ihre Spielgewohnheiten zu behalten und der Entstehung einer Spielsucht vorzubeugen.<\/li>\n<li aria-level=\"1\">Erkennen Sie, wann Sie eine Pause einlegen m\u00fcssen: Wenn das Gl\u00fccksspiel f\u00fcr Sie eher eine Stressquelle als ein Vergn\u00fcgen ist oder wenn es beginnt, sich negativ auf andere Bereiche Ihres Lebens auszuwirken, ist es wichtig, dass Sie eine Pause einlegen oder ganz mit dem Spielen aufh\u00f6ren, um weiteren Schaden zu vermeiden.<\/li>\n<\/ul>\n<p>Dar\u00fcber hinaus kann das Verst\u00e4ndnis der wichtigsten Unterschiede im Spielverlauf und den Regeln zwischen europ\u00e4ischem und amerikanischem Blackjack Ihr Erlebnis verbessern und Ihnen helfen, am Tisch fundiertere Entscheidungen zu treffen.<\/p>\n<div class=\"go-btn-container\"><div class=\"tosh-btn\"><a href=\"\/go-casino\/\" target=\"_blank\" rel=\"noopener\">JETZT SPIELEN<\/a><\/div><\/div>\n<h2>Abschluss<\/h2>\n<p>American Twenty-One ist ein spannendes und strategiereiches Spiel, das Gl\u00fcck und Geschick meisterhaft ausbalanciert und den Spielern so ein fesselndes Erlebnis bietet. Auf der RocketPlay-Plattform haben Spieler die unglaubliche M\u00f6glichkeit, online in American Blackjack einzutauchen und dieses klassische Kartenspiel in einer Vielzahl von Variationen, mit aufregenden Boni und attraktiven Werbeangeboten zu erleben. Egal, ob Sie ein Neuling oder ein erfahrener Spieler sind, die Verwendung intelligenter Strategien und verantwortungsvolles Spielen werden sowohl Ihren Spa\u00df als auch Ihren Erfolg beim American Twenty-One steigern.<\/p>\n<p>American Twenty-One ist mehr als ein Gl\u00fccksspiel; es ist ein echter Test f\u00fcr Ihr kritisches Denkverm\u00f6gen und Ihre F\u00e4higkeit, strategische, gut informierte Entscheidungen zu treffen. F\u00fcr diejenigen, die American Blackjack spielen m\u00f6chten, verbessert RocketPlay das Erlebnis, indem es eine intuitive, benutzerfreundliche Oberfl\u00e4che sowie die Flexibilit\u00e4t bietet, zwischen traditionellen und modernen Versionen von Blackjack zu w\u00e4hlen. Dar\u00fcber hinaus bietet eine breite Palette von Bonusaktionen noch mehr M\u00f6glichkeiten, Ihre Gewinne zu steigern und mit verschiedenen Strategien zu experimentieren. Wenn Sie Vertrauen in Ihre F\u00e4higkeiten gewinnen, kann der \u00dcbergang zu American Blackjack um echtes Geld eine aufregende M\u00f6glichkeit sein, Ihr Wissen anzuwenden und dabei m\u00f6glicherweise betr\u00e4chtliche Gewinne einzufahren. Unabh\u00e4ngig von Ihrem Kenntnisstand wird das \u00dcben verantwortungsvollen Spielens und der Einsatz intelligenter Strategien Ihr Spiel nicht nur aufregend und lohnend, sondern auch sicher und unterhaltsam machen.<\/p>\n","protected":false},"excerpt":{"rendered":"<p>American Twenty-One ist eine der beliebtesten Varianten des klassischen Kartenspiels, das Spieler auf der ganzen Welt fasziniert. Mit seinen unkomplizierten Regeln, der M\u00f6glichkeit, Strategien umzusetzen, und dem geringen Hausvorteil spricht es sowohl Anf\u00e4nger als auch erfahrene Profis an. Diese Version des Spiels, einschlie\u00dflich American Blackjack Online, unterscheidet sich von anderen Blackjack-Varianten durch ihre einzigartigen Funktionen&#8230;<\/p>\n","protected":false},"author":1,"featured_media":0,"parent":1438,"menu_order":0,"comment_status":"closed","ping_status":"closed","template":"","meta":{"_acf_changed":false,"_kad_post_transparent":"default","_kad_post_title":"default","_kad_post_layout":"default","_kad_post_sidebar_id":"","_kad_post_content_style":"default","_kad_post_vertical_padding":"default","_kad_post_feature":"","_kad_post_feature_position":"","_kad_post_header":false,"_kad_post_footer":false,"footnotes":""},"class_list":["post-5695","page","type-page","status-publish","hentry"],"acf":[],"rttpg_featured_image_url":null,"rttpg_author":{"display_name":"Oliver","author_link":"https:\/\/rocketplay-online.com\/de\/author\/pemvas95n89x\/"},"rttpg_comment":0,"rttpg_category":null,"rttpg_excerpt":"American Twenty-One ist eine der beliebtesten Varianten des klassischen Kartenspiels, das Spieler auf der ganzen Welt fasziniert. Mit seinen unkomplizierten Regeln, der M\u00f6glichkeit, Strategien umzusetzen, und dem geringen Hausvorteil spricht es sowohl Anf\u00e4nger als auch erfahrene Profis an. Diese Version des Spiels, einschlie\u00dflich American Blackjack Online, unterscheidet sich von anderen Blackjack-Varianten durch ihre einzigartigen Funktionen...","_links":{"self":[{"href":"https:\/\/rocketplay-online.com\/de\/wp-json\/wp\/v2\/pages\/5695","targetHints":{"allow":["GET"]}}],"collection":[{"href":"https:\/\/rocketplay-online.com\/de\/wp-json\/wp\/v2\/pages"}],"about":[{"href":"https:\/\/rocketplay-online.com\/de\/wp-json\/wp\/v2\/types\/page"}],"author":[{"embeddable":true,"href":"https:\/\/rocketplay-online.com\/de\/wp-json\/wp\/v2\/users\/1"}],"replies":[{"embeddable":true,"href":"https:\/\/rocketplay-online.com\/de\/wp-json\/wp\/v2\/comments?post=5695"}],"version-history":[{"count":3,"href":"https:\/\/rocketplay-online.com\/de\/wp-json\/wp\/v2\/pages\/5695\/revisions"}],"predecessor-version":[{"id":5698,"href":"https:\/\/rocketplay-online.com\/de\/wp-json\/wp\/v2\/pages\/5695\/revisions\/5698"}],"up":[{"embeddable":true,"href":"https:\/\/rocketplay-online.com\/de\/wp-json\/wp\/v2\/pages\/1438"}],"wp:attachment":[{"href":"https:\/\/rocketplay-online.com\/de\/wp-json\/wp\/v2\/media?parent=5695"}],"curies":[{"name":"wp","href":"https:\/\/api.w.org\/{rel}","templated":true}]}}