{"id":5593,"date":"2024-11-09T16:08:46","date_gmt":"2024-11-09T13:08:46","guid":{"rendered":"https:\/\/rocketplay-online.com\/high-roller-bonus\/"},"modified":"2025-11-24T21:13:12","modified_gmt":"2025-11-24T18:13:12","slug":"high-roller-bonus","status":"publish","type":"page","link":"https:\/\/rocketplay-online.com\/de\/high-roller-bonus\/","title":{"rendered":"\u00dcbersicht zum High Roller Bonus"},"content":{"rendered":"<p>Der High Roller Bonus ist ein einzigartiges Angebot f\u00fcr Spieler, die gerne hoch wetten. Dieser Vorteil wurde speziell f\u00fcr High-Stakes-Enthusiasten entwickelt und ist mehr als nur ein Bonus; er ist ein Tor zu gehobenen Spielerlebnissen, das sich an ernsthafte Spieler richtet, die gerne hohe Betr\u00e4ge setzen. Im Gegensatz zu typischen Werbeaktionen bietet ein High Roller-Vorteil zus\u00e4tzliche Vorteile, h\u00f6here Auszahlungslimits und exklusive Angebote, die das Online-Casino-Erlebnis insgesamt erheblich aufwerten.<\/p>\n<p>Egal, ob Sie Tischspiele, Spielautomaten oder Live-Dealer-Optionen m\u00f6gen, dieser Bonus stellt sicher, dass Sie jeden Einsatz mit verst\u00e4rkten Belohnungen und Anreizen maximieren. F\u00fcr viele bietet der High Roller Casino-Willkommensbonus nicht nur einen fantastischen Ausgangspunkt, sondern unterst\u00fctzt auch das weitere Spielen mit zus\u00e4tzlichen Credits. Wenn Sie die Vor- und Nachteile dieser Vorteile verstehen, kann dies Ihre Spielstrategie erheblich beeinflussen und zu einem optimierten Casino-Erlebnis mit lohnenden Gewinnen f\u00fchren.<\/p>\n<div class=\"go-btn-container\"><div class=\"tosh-btn\"><a href=\"\/go-casino\/\" target=\"_blank\">BONUS ERHALTEN<\/a><\/div><\/div>\n<h2>Was ist ein High Roller-Bonus?<\/h2>\n<p>Ein High Roller-Bonus ist eine Belohnung f\u00fcr Spieler, die gerne \u00fcberdurchschnittlich hohe Eins\u00e4tze t\u00e4tigen. Er wurde speziell f\u00fcr erfahrene Spieler entwickelt, die sich einen Vorteil verschaffen m\u00f6chten. Diese Vorteile sind im Allgemeinen darauf ausgelegt, das Spielerlebnis durch Mehrwert in Form von zus\u00e4tzlichem Spielgeld, Freispielen oder Cashback-Angeboten zu verbessern. Oft ist dieser Vorteil ausschlie\u00dflich f\u00fcr Spieler verf\u00fcgbar, die bestimmte Einzahlungs- oder Wettkriterien erf\u00fcllen, was mit der hohen Einsatznatur des Vorteils selbst \u00fcbereinstimmt.<\/p>\n<p><img loading=\"lazy\" decoding=\"async\" class=\"aligncenter wp-image-5236\" src=\"https:\/\/rocketplay-online.com\/wp-content\/uploads\/2024\/11\/overview-of-high-roller-bonus.png\" alt=\"Overview of High Roller bonus 1\" width=\"800\" height=\"367\" srcset=\"https:\/\/rocketplay-online.com\/wp-content\/uploads\/2024\/11\/overview-of-high-roller-bonus.png 1324w, https:\/\/rocketplay-online.com\/wp-content\/uploads\/2024\/11\/overview-of-high-roller-bonus-300x138.png 300w, https:\/\/rocketplay-online.com\/wp-content\/uploads\/2024\/11\/overview-of-high-roller-bonus-1024x469.png 1024w, https:\/\/rocketplay-online.com\/wp-content\/uploads\/2024\/11\/overview-of-high-roller-bonus-768x352.png 768w\" sizes=\"auto, (max-width: 800px) 100vw, 800px\" \/><\/p>\n<p>F\u00fcr Spieler, die ein luxuri\u00f6seres Spielerlebnis suchen, ist der High Roller Casino Bonus ohne Einzahlung eine attraktive Option. Damit k\u00f6nnen High-Stake-Spieler Premium-Spiele ohne eine erste Einzahlung ausprobieren und erhalten von Anfang an einen Vorgeschmack auf die Vorteile der Elite. Mit Funktionen, die speziell auf Gro\u00dfverdiener zugeschnitten sind, werten diese Vorteile das traditionelle Casino-Erlebnis auf und machen es zu einem lukrativeren und spannenderen Erlebnis.<\/p>\n\n\t<div class=\"alao-sidebar-box alao-sidebar-box--\">\n\t\t<a href=\"https:\/\/rocketplay-online.com\/go-casino\/\" class=\"alao-sidebar-box__link\">\n\t\t\t<span class=\"alao-sidebar-box__thumb\">\n\t\t\t\t<img decoding=\"async\" src=\"https:\/\/rocketplay-online.com\/wp-content\/uploads\/2022\/09\/second_bonus_nonlog.png\" alt=\"Ersteinzahlungsbonus\">\n\t\t\t<\/span>\n\t\t\t<span class=\"alao-sidebar-box__info\">\n\t\t\t\t<span class=\"alao-sidebar-box__info-wrap\">\n\t\t\t\t\t<span class=\"alao-sidebar-box__head\">Ersteinzahlungsbonus<\/span>\n\t\t\t\t\t<span class=\"alao-sidebar-box__desc\">100% + 100 FS F\u00dcR EINEN PERFEKTEN START<\/span>\n\t\t\t\t\t<span class=\"alao-sidebar-box__button\">Holen Sie Sich Jetzt<\/span>\n\t\t\t\t<\/span>\n\t\t\t<\/span>\n\t\t<\/a>\n\t<\/div>\n\n\t<style>\n\t\t.alao-sidebar-box {\n\t\t\tdisplay: block;\n\t\t\twidth: 100%;\n\t\t\tmargin-bottom: 24px;\n\t\t\toverflow: hidden;\n\t\t\tposition: relative;\n\t\t\tbackground: linear-gradient(270deg, rgb(140, 81, 255) 0%, rgb(140, 81, 255) calc(50% - 1500px), rgb(113, 45, 244) calc(50% - 750px), rgb(46, 15, 109) calc(50% + 750px), rgb(38, 7, 100) calc(50% + 1500px), rgb(38, 7, 100) 100%);\n\t\t\t-webkit-border-radius: 16px;\n\t\t\t-moz-border-radius: 16px;\n\t\t\tborder-radius: 16px;\n\t\t}\n\t\t.alao-sidebar-box--rose {\n\t\t\tbackground: linear-gradient(270deg, rgb(255, 62, 155) 0%, rgb(255, 62, 155) calc(50% - 1500px), rgb(253, 28, 136) calc(50% - 750px), rgb(91, 15, 108) calc(50% + 750px), rgb(60, 3, 73) calc(50% + 1500px), rgb(60, 3, 73) 100%);\n\t\t}\n\t\t.alao-sidebar-box--light-blue {\n\t\t\tbackground: linear-gradient(270deg, rgb(107, 250, 255) 0%, rgb(107, 250, 255) calc(50% - 1500px), rgb(33, 247, 252) calc(50% - 750px), rgb(25, 19, 183) calc(50% + 750px), rgb(16, 5, 146) calc(50% + 1500px), rgb(16, 5, 146) 100%);\n\t\t}\n\t\t.alao-sidebar-box__link {\n\t\t\tdisplay: block;\n\t\t\twidth: 100%;\n\t\t\theight: auto;\n\t\t\tpadding-top: 56px;\n\t\t\tpadding-bottom: 64px;\n\t\t\tposition: relative;\n\t\t\ttext-decoration: none;\n\t\t}\n\t\t.alao-sidebar-box__thumb {\n\t\t\tposition: absolute;\n\t\t\ttop: 0;\n\t\t\tleft: 0;\n\t\t\twidth: 100%;\n\t\t\theight: 100%;\n\t\t\toverflow: hidden;\n\t\t\tz-index: 5;\n\t\t}\n\t\t.alao-sidebar-box__thumb img {\n\t\t\tposition: absolute;\n\t\t\tbottom: -10%;\n\t\t\tright: -20%;\n\t\t\tdisplay: block;\n\t\t\tmax-width: 120%;\n\t\t\tmax-height: 100%;\n\t\t\ttransition: all .3s ease;\n\t\t}\n\t\t.alao-sidebar-box__link:hover .alao-sidebar-box__thumb img {\n\t\t\tbottom: 0;\n\t\t\tright: 0;\n\t\t}\n\t\t.alao-sidebar-box__info {\n\t\t\tdisplay: block;\n\t\t\twidth: 100%;\n\t\t\tz-index: 10;\n\t\t}\n\t\t.alao-sidebar-box__info-wrap {\n\t\t\tdisplay: flex;\n\t\t\tflex-wrap: wrap;\n\t\t\tflex-direction: column;\n\t\t\tjustify-content: center;\n\t\t\talign-items: flex-start;\n\t\t\twidth: 100%;\n\t\t\tmin-height: 100%;\n\t\t\tpadding: 24px;\n\t\t}\n\t\t.alao-sidebar-box__head {\n\t\t\tdisplay: block;\n\t\t\twidth: 100%;\n\t\t\tmargin-bottom: 0.2rem;\n\t\t\ttext-shadow: 1px 1px 4px rgba(0, 0, 0, .4);\n\t\t\tcolor: #fff;\n\t\t\tfont-size: 1rem;\n\t\t\tfont-weight: bold;\n\t\t\tline-height: 125%;\n\t\t}\n\t\t.alao-sidebar-box__desc {\n\t\t\tdisplay: block;\n\t\t\twidth: 100%;\n\t\t\tmargin-bottom: 8px;\n\t\t\ttext-shadow: 1px 1px 2px rgba(0, 0, 0, .6);\n\t\t\tcolor: #fdd835;\n\t\t\tfont-size: 1.4rem;\n\t\t\tfont-weight: bold;\n\t\t\tline-height: 110%;\n\t\t\ttext-transform: uppercase;\n\t\t}\n\t\t.alao-sidebar-box__button {\n\t\t\tdisplay: inline-block;\n\t\t\tbackground: linear-gradient(90deg,#ffa000,#ffff7b);\n\t\t\tpadding: 8px 12px;\n\t\t\tborder-radius: 16px;\n\t\t\tcolor: #000;\n\t\t\tfont-size: .75rem;\n\t\t\tfont-weight: bold;\n\t\t\tline-height: 135%;\n\t\t\ttext-transform: uppercase;\n\t\t}\n\t<\/style>\n\n\t\n<h2>Merkmale des High Roller-Bonus<\/h2>\n<p>Der High Roller-Casinobonus ist vollgepackt mit einzigartigen Merkmalen, die ihn von anderen Angeboten abheben. Ein wichtiges Merkmal ist der gro\u00dfz\u00fcgige Bonusbetrag, der in der Regel viel h\u00f6her ist als bei Standardangeboten. High Roller-Vorteile sind oft mit h\u00f6heren Limits f\u00fcr die maximalen und minimalen Einzahlungsbetr\u00e4ge verbunden, sodass sie f\u00fcr diejenigen zug\u00e4nglich sind, die bereit sind, gr\u00f6\u00dfere Eins\u00e4tze zu t\u00e4tigen. Sie umfassen auch Verg\u00fcnstigungen wie engagierten Kundensupport, schnellere Auszahlungen und Zugang zu exklusiven Spielen oder Events.<\/p>\n<p>Ein weiteres attraktives Merkmal ist der High Roller-Bonus ohne Einzahlung, der es Spielern erm\u00f6glicht, den Nervenkitzel des Spielens mit hohen Eins\u00e4tzen zu erleben, ohne dass eine Vorauszahlung erforderlich ist. Diese Art von Vorteil gibt Spielern die M\u00f6glichkeit, das Casino zu testen und zu sehen, ob es ihren Vorlieben entspricht, bevor sie echtes Geld einsetzen. Mit erweiterten Funktionen und ma\u00dfgeschneiderten Verg\u00fcnstigungen bieten diese Vorteile nicht nur Anreize, sondern belohnen auch das Spielen mit hohen Eins\u00e4tzen auf eine Weise, die von Standardangeboten nicht erreicht wird.<\/p>\n<h3>Warum sollte ich den High Roller-Bonus erhalten?<\/h3>\n<p>Die Entscheidung f\u00fcr einen High Roller-Vorteil bringt mehrere Vorteile mit sich, die Ihr Spielerlebnis erheblich bereichern k\u00f6nnen. Zum einen sorgt der beste High Roller-Casinobonus f\u00fcr eine gro\u00dfz\u00fcgige Aufstockung Ihres Guthabens, sodass Sie mehr Spielraum haben und Ihre Chancen auf gro\u00dfe Gewinne steigen. Dieses zus\u00e4tzliche Kapital ist besonders bei Spielen mit h\u00f6herer Varianz von Vorteil, wie etwa bei Spielautomaten oder progressiven Jackpots, bei denen ein gr\u00f6\u00dferes Guthaben zu betr\u00e4chtlichen Gewinnen f\u00fchren kann.<\/p>\n<p>Dar\u00fcber hinaus gew\u00e4hrt der High Roller-Bonus des Online-Casinos Zugang zu exklusiven Features und Events, wie etwa privaten Turnieren oder VIP-Tischen f\u00fcr Tischspiele. F\u00fcr diejenigen, die Spiele wie Roulette m\u00f6gen, bietet der Roulette High Roller-Bonus zus\u00e4tzliche M\u00f6glichkeiten, wirkungsvolle Wetten abzuschlie\u00dfen, sodass Sie Ihr Spiel f\u00fcr potenziell h\u00f6here Gewinne nutzen k\u00f6nnen. Im Wesentlichen kommen diese Vorteile den Bed\u00fcrfnissen von High-Stake-Spielern entgegen, indem sie \u00fcberlegene Belohnungen bieten, die zu ihrem Spielstil passen.<\/p>\n<h2>\u00dcbersicht \u00fcber den Erhalt des Bonus<\/h2>\n<p>Das Sichern eines High Roller Casino-Bonuscodes ist normalerweise unkompliziert, kann aber bestimmte Aktionen erfordern, wie z. B. die Registrierung auf einer bestimmten Plattform oder eine erste Einzahlung, die den erforderlichen Mindestbetrag erf\u00fcllt. Sobald sie berechtigt sind, m\u00fcssen Spieler normalerweise w\u00e4hrend ihrer Registrierung oder Einzahlung einen Code eingeben, um den Vorteil zu aktivieren. Es ist wichtig, dass Sie sich f\u00fcr ein seri\u00f6ses Online-Casino entschieden haben, da dies garantiert, dass Ihr Vorteil nahtlos gutgeschrieben wird.<\/p>\n<p>Einige Casinos bieten auch High Roller Casino-Vorteile ohne Einzahlung als Anreiz f\u00fcr neue High-Stakes-Spieler an. Dadurch k\u00f6nnen Spieler exklusive Spiele und hochkar\u00e4tige Spins genie\u00dfen, ohne eine erste Einzahlung leisten zu m\u00fcssen, was eine fantastische Gelegenheit darstellt, die Angebote der Plattform kennenzulernen. Nach der Aktivierung k\u00f6nnen Spieler ihre Vorteile bei einer Vielzahl von Spielen genie\u00dfen, darunter Spielautomaten, Tischspiele und Live-Dealer-Erlebnisse.<\/p>\n<h2>Bonusbedingungen<\/h2>\n<p>Das Verst\u00e4ndnis der Bedingungen eines High Roller Casino-Bonus ist wichtig, um \u00dcberraschungen zu vermeiden. Diese Vorteile sind im Allgemeinen mit bestimmten Wettanforderungen verbunden, was bedeutet, dass die Spieler einen bestimmten Betrag einsetzen m\u00fcssen, bevor sie ihre Gewinne abheben k\u00f6nnen. Die Kenntnis dieser Bedingungen hilft dabei, realistische Erwartungen zu setzen und Bankrolls effizient zu verwalten.<\/p>\n<p>Beispielsweise kann ein High Roller-Casino-Willkommensbonus eine Mindesteinzahlung in einer bestimmten H\u00f6he erfordern, um das Angebot vollst\u00e4ndig zu aktivieren. Es ist wichtig, die Bedingungen gr\u00fcndlich zu lesen, da sie nicht nur die Wettanforderungen, sondern auch die Spielberechtigung, das Ablaufdatum des Vorteils und die Auszahlungslimits beschreiben, um sicherzustellen, dass die Spieler ihre Vorteile effektiv maximieren k\u00f6nnen.<\/p>\n<h2>Vorteile des High Roller-Bonus<\/h2>\n<p>Der High Roller-Bonus ohne Einzahlung bietet zahlreiche Vorteile, die speziell f\u00fcr High-Stake-Spieler attraktiv sind. Indem er Ihre erste Einzahlung erheblich erh\u00f6ht, k\u00f6nnen Sie l\u00e4nger spielen und mehr wetten, was beides zu h\u00f6heren potenziellen Gewinnen f\u00fchren kann. Dar\u00fcber hinaus beinhaltet er oft exklusive Belohnungen, wie h\u00f6here Cashback-Prozents\u00e4tze und Einladungen zu VIP-exklusiven Events oder Turnieren.<\/p>\n<h3>Nutzungsbedingungen<\/h3>\n<p>Bevor Sie loslegen, lesen Sie sich unbedingt die Bedingungen f\u00fcr alle High Roller-Boni ohne Einzahlung oder Werbeaktionen durch. Diese Bedingungen umfassen normalerweise Wettanforderungen, teilnahmeberechtigte Spiele und einen bestimmten Zeitraum, innerhalb dessen das Bonusgeld verwendet werden muss. Wenn Sie sich mit diesen Bedingungen vertraut machen, ist ein reibungsloseres Erlebnis gew\u00e4hrleistet und die Spieler k\u00f6nnen fundierte Entscheidungen dar\u00fcber treffen, wie sie ihren Vorteil am besten nutzen.<\/p>\n<p><img loading=\"lazy\" decoding=\"async\" class=\"aligncenter wp-image-5244\" src=\"https:\/\/rocketplay-online.com\/wp-content\/uploads\/2024\/11\/overview-of-high-roller-bonus-2.png\" alt=\"Overview of High Roller bonus 2\" width=\"800\" height=\"340\" srcset=\"https:\/\/rocketplay-online.com\/wp-content\/uploads\/2024\/11\/overview-of-high-roller-bonus-2.png 1039w, https:\/\/rocketplay-online.com\/wp-content\/uploads\/2024\/11\/overview-of-high-roller-bonus-2-300x127.png 300w, https:\/\/rocketplay-online.com\/wp-content\/uploads\/2024\/11\/overview-of-high-roller-bonus-2-1024x435.png 1024w, https:\/\/rocketplay-online.com\/wp-content\/uploads\/2024\/11\/overview-of-high-roller-bonus-2-768x326.png 768w\" sizes=\"auto, (max-width: 800px) 100vw, 800px\" \/><\/p>\n<h3>Mindesteinzahlung zum Spielen<\/h3>\n<p>Die meisten High Roller-Vorteile sind mit einer Mindesteinzahlungsschwelle verbunden, die Spieler erreichen m\u00fcssen, um die Vorteile nutzen zu k\u00f6nnen. Dieser Betrag ist im Allgemeinen h\u00f6her als die Standardpr\u00e4mien, was den exklusiven Charakter des besten High Roller-Casinobonus widerspiegelt. Durch das Erf\u00fcllen dieser Einzahlungsanforderung schalten Spieler betr\u00e4chtliche Vorteilsbetr\u00e4ge frei, die zu einem spannenderen und lohnenderen Casinoerlebnis f\u00fchren k\u00f6nnen.<\/p>\n<h2>Wie erhalte ich den High Roller-Bonus?<\/h2>\n<p>Um einen High Roller-Bonus zu erhalten, m\u00fcssen Spieler zun\u00e4chst ein Konto bei einem Casino registrieren, das diese exklusive Aktion anbietet. Die Registrierung ist normalerweise unkompliziert, aber Spieler sollten darauf achten, ein seri\u00f6ses Casino auszuw\u00e4hlen, das zu ihrem Spielstil und ihren Zielen passt. Nach der Registrierung m\u00fcssen Spieler h\u00e4ufig eine Einzahlung t\u00e4tigen, die die vom Casino festgelegte Mindestanforderung erf\u00fcllt, die normalerweise h\u00f6her ist als die Standardvorteilsschwellen. Diese Einzahlung aktiviert den Vorteil und erm\u00f6glicht es den Spielern, auf zus\u00e4tzliche Mittel zuzugreifen, die ihr Spielerlebnis verbessern. Bei einigen Casinos kann es auch einen High Roller-Casinobonuscode geben, der bei der Registrierung oder Einzahlung eingegeben werden muss, um den Bonus vollst\u00e4ndig zu aktivieren.<\/p>\n<p>Casinos k\u00f6nnen den High Roller-Bonus des Online-Casinos entweder als Teil eines anf\u00e4nglichen Willkommenspakets oder als wiederkehrende Aktion f\u00fcr wiederkehrende High-Stakes-Spieler anbieten. Diese Flexibilit\u00e4t erm\u00f6glicht es neuen Spielern, die Vorteile sofort zu erleben, w\u00e4hrend treue Spieler fortlaufende Vorteile genie\u00dfen k\u00f6nnen. Spieler sollten sich der individuellen Anforderungen und Bedingungen jedes Casinos bewusst sein, da diese zwischen den Plattformen erheblich variieren k\u00f6nnen. In jedem Fall maximieren High Roller-Vorteile das Wettpotenzial und erh\u00f6hen den Nervenkitzel des Spiels, was sie ideal f\u00fcr diejenigen macht, die auf wirkungsvollere Wetten mit hohen Eins\u00e4tzen abzielen. Diese Bonusstruktur soll das Spielerlebnis verbessern und das Gew\u00f6hnliche in ein au\u00dfergew\u00f6hnliches Casino-Erlebnis verwandeln.<\/p>\n<div class=\"go-btn-container\"><div class=\"tosh-btn\"><a href=\"\/go-casino\/\" target=\"_blank\">BONUS ERHALTEN<\/a><\/div><\/div>\n<h2>Fazit<\/h2>\n<p>Der High Roller-Casino-Bonus ohne Einzahlung und der High Roller-Casino-Bonus sind unsch\u00e4tzbare Verm\u00f6genswerte f\u00fcr Spieler, die lieber mit h\u00f6heren Eins\u00e4tzen spielen und nach betr\u00e4chtlichen Belohnungen suchen. Durch das vollst\u00e4ndige Verst\u00e4ndnis der spezifischen Bedingungen, die mit jedem Bonus verbunden sind, k\u00f6nnen Spieler ihre Vorteile maximieren und potenzielle Fallstricke vermeiden. Die Wahl eines seri\u00f6sen Online-Casinos mit transparenten Richtlinien ist entscheidend, da dies ein reibungsloses Spielerlebnis mit fairem und zuverl\u00e4ssigem Vorteilsmanagement gew\u00e4hrleistet. F\u00fcr Spieler, die intensives Gameplay genie\u00dfen, bilden diese Vorteile die Grundlage f\u00fcr ein umfassendes und potenziell lukratives Spielabenteuer.<\/p>\n<p>Diese Bonusse sind besonders f\u00fcr Spieler geeignet, die mehr als nur das Standard-Casino-Erlebnis suchen. High Roller-Vorteile sind oft mit zus\u00e4tzlichen Vorteilen verbunden, wie z. B. schnelleren Auszahlungszeiten, exklusivem Kundensupport und Zugang zu VIP-Events und Turnieren, die alle zu einem erstklassigeren Erlebnis beitragen. Mit Optionen wie Werbeaktionen und den besten High Roller-Casino-Bonusangeboten k\u00f6nnen Spieler Boni ausw\u00e4hlen, die zu ihren bevorzugten Spielen und Strategien passen. Diese Anpassungsf\u00e4higkeit macht den High Roller-Vorteil zu einem vielseitigen Tool f\u00fcr ernsthafte Spieler, die das Beste aus ihren High-Stakes-Investitionen machen m\u00f6chten.<\/p>\n","protected":false},"excerpt":{"rendered":"<p>Der High Roller Bonus ist ein einzigartiges Angebot f\u00fcr Spieler, die gerne hoch wetten. Dieser Vorteil wurde speziell f\u00fcr High-Stakes-Enthusiasten entwickelt und ist mehr als nur ein Bonus; er ist ein Tor zu gehobenen Spielerlebnissen, das sich an ernsthafte Spieler richtet, die gerne hohe Betr\u00e4ge setzen. Im Gegensatz zu typischen Werbeaktionen bietet ein High Roller-Vorteil&#8230;<\/p>\n","protected":false},"author":1,"featured_media":0,"parent":0,"menu_order":0,"comment_status":"closed","ping_status":"closed","template":"","meta":{"_acf_changed":false,"_kad_post_transparent":"default","_kad_post_title":"default","_kad_post_layout":"default","_kad_post_sidebar_id":"","_kad_post_content_style":"default","_kad_post_vertical_padding":"default","_kad_post_feature":"","_kad_post_feature_position":"","_kad_post_header":false,"_kad_post_footer":false,"footnotes":""},"class_list":["post-5593","page","type-page","status-publish","hentry"],"acf":[],"rttpg_featured_image_url":null,"rttpg_author":{"display_name":"Oliver","author_link":"https:\/\/rocketplay-online.com\/de\/author\/pemvas95n89x\/"},"rttpg_comment":0,"rttpg_category":null,"rttpg_excerpt":"Der High Roller Bonus ist ein einzigartiges Angebot f\u00fcr Spieler, die gerne hoch wetten. Dieser Vorteil wurde speziell f\u00fcr High-Stakes-Enthusiasten entwickelt und ist mehr als nur ein Bonus; er ist ein Tor zu gehobenen Spielerlebnissen, das sich an ernsthafte Spieler richtet, die gerne hohe Betr\u00e4ge setzen. Im Gegensatz zu typischen Werbeaktionen bietet ein High Roller-Vorteil...","_links":{"self":[{"href":"https:\/\/rocketplay-online.com\/de\/wp-json\/wp\/v2\/pages\/5593","targetHints":{"allow":["GET"]}}],"collection":[{"href":"https:\/\/rocketplay-online.com\/de\/wp-json\/wp\/v2\/pages"}],"about":[{"href":"https:\/\/rocketplay-online.com\/de\/wp-json\/wp\/v2\/types\/page"}],"author":[{"embeddable":true,"href":"https:\/\/rocketplay-online.com\/de\/wp-json\/wp\/v2\/users\/1"}],"replies":[{"embeddable":true,"href":"https:\/\/rocketplay-online.com\/de\/wp-json\/wp\/v2\/comments?post=5593"}],"version-history":[{"count":3,"href":"https:\/\/rocketplay-online.com\/de\/wp-json\/wp\/v2\/pages\/5593\/revisions"}],"predecessor-version":[{"id":6727,"href":"https:\/\/rocketplay-online.com\/de\/wp-json\/wp\/v2\/pages\/5593\/revisions\/6727"}],"wp:attachment":[{"href":"https:\/\/rocketplay-online.com\/de\/wp-json\/wp\/v2\/media?parent=5593"}],"curies":[{"name":"wp","href":"https:\/\/api.w.org\/{rel}","templated":true}]}}