{"id":5584,"date":"2024-11-13T02:58:47","date_gmt":"2024-11-12T23:58:47","guid":{"rendered":"https:\/\/rocketplay-online.com\/blackjack\/247-game\/"},"modified":"2024-11-13T20:46:08","modified_gmt":"2024-11-13T17:46:08","slug":"247-game","status":"publish","type":"page","link":"https:\/\/rocketplay-online.com\/de\/blackjack\/247-game\/","title":{"rendered":"Spielen Sie Blackjack 247 online"},"content":{"rendered":"<p>Online-Blackjack ist f\u00fcr viele Casino-Enthusiasten weltweit zu einem beliebten Zeitvertreib geworden. Aufgrund des einfachen Zugangs und des spannenden Gameplays spielen viele Spieler Blackjack 247 jetzt lieber online, um sich zu unterhalten und gro\u00dfe Gewinne zu erzielen. Die M\u00f6glichkeit, jederzeit und \u00fcberall spielen zu k\u00f6nnen, macht es zu einer attraktiven Option, insbesondere im Vergleich zu den physischen Einschr\u00e4nkungen von herk\u00f6mmlichen Casinos. In diesem umfassenden Leitfaden werden wir uns eingehend mit Blackjack 247 befassen, einer speziellen Online-Variante, die Sie bei RocketPlay genie\u00dfen k\u00f6nnen, und untersuchen, wie es sich von traditionellen Blackjack-Spielen unterscheidet. Egal, ob Sie ein Anf\u00e4nger sind, der nach kostenlosen Blackjack 247-Spielen sucht, oder ein erfahrener Spieler, der seine Strategie verfeinern m\u00f6chte, dieser Leitfaden hat f\u00fcr jeden etwas zu bieten.<\/p>\n<p>Das Online-Spielen von Blackjack 247 hat die Art und Weise ver\u00e4ndert, wie Fans dieses zeitlose Kartenspiel genie\u00dfen. Dank der Bequemlichkeit von Online-Gaming-Plattformen wie RocketPlay k\u00f6nnen Spieler jetzt jederzeit und von \u00fcberall aus in die Action eintauchen, ohne auf ein physisches Casino oder einen Spieleabend zu Hause warten zu m\u00fcssen. Blackjack 247 bietet rund um die Uhr Zugriff auf eine Vielzahl von Tischen, Spielformaten und -stilen, sodass immer ein Platz f\u00fcr Sie frei ist. Diese Zug\u00e4nglichkeit, kombiniert mit dem immersiven Erlebnis, das Online-Casinos bieten, macht es einfacher denn je, Ihre F\u00e4higkeiten zu sch\u00e4rfen, neue Strategien zu erkunden und den Nervenkitzel jeder ausgeteilten Hand zu genie\u00dfen.<\/p>\n<p>Egal, ob Sie ein erfahrener Profi oder ein kompletter Anf\u00e4nger sind, die Online-Landschaft bietet f\u00fcr jedes Niveau etwas. F\u00fcr Neulinge bietet der Blackjack 247-Bereich von RocketPlay interaktive Tutorials und hilfreiche Tipps. Erfahrene Spieler k\u00f6nnen sich in der Zwischenzeit mit herausfordernden Varianten, Turnieren und Tischen mit hohen Eins\u00e4tzen beweisen. Die Flexibilit\u00e4t des Online-Spiels in Kombination mit der enormen Vielfalt hat Online-Blackjack zu einem festen Bestandteil des digitalen Spielens gemacht und unsere Herangehensweise an traditionelle Casino-Erlebnisse neu definiert.<\/p>\n<div class=\"go-btn-container\"><div class=\"tosh-btn\"><a href=\"\/go-casino\/\" target=\"_blank\" rel=\"noopener\">JETZT SPIELEN<\/a><\/div><\/div>\n<h2>Blackjack 247 Spiel\u00fcbersicht bei RocketPlay<\/h2>\n<p>RocketPlay Casino bietet eine gro\u00dfe Auswahl an Spielen, aber eine der spannendsten Optionen ist Blackjack 247. Diese Version von Blackjack bietet ein rasantes, spannendes Erlebnis, das Sie stundenlang fesseln kann. Egal, ob Sie lieber um echtes Geld spielen oder Ihr Gl\u00fcck bei 247 kostenlosem Blackjack versuchen m\u00f6chten, bevor Sie Wetten platzieren, RocketPlay hat das Richtige f\u00fcr Sie.<\/p>\n<p>RocketPlay stellt sicher, dass Spieler aller Erfahrungsstufen ihre Blackjack-Angebote genie\u00dfen k\u00f6nnen. Neulinge k\u00f6nnen 247 kostenlos Blackjack online ausprobieren, um ihre F\u00e4higkeiten zu \u00fcben, w\u00e4hrend fortgeschrittenere Spieler direkt in 247-Blackjack-Spiele mit hohen Eins\u00e4tzen eintauchen k\u00f6nnen. Diese Vielseitigkeit macht 247 Blackjack zu einer der attraktivsten Optionen f\u00fcr jeden Fan von Online-Gl\u00fccksspielen.<\/p>\n<p>RocketPlay Casino verleiht dem Blackjack 247-Erlebnis eine einzigartige Note und kombiniert fortschrittliche Technologie mit klassischem Gameplay f\u00fcr ein unvergleichliches Erlebnis. Die Benutzeroberfl\u00e4che der Plattform ist benutzerfreundlich und verf\u00fcgt \u00fcber intuitive Bedienelemente, die Navigation und Gameplay reibungslos und reaktionsschnell machen. Beim Betreten des Bereichs finden Spieler mehrere Versionen des Spiels, darunter klassisches Blackjack, europ\u00e4isches Blackjack und moderne Varianten wie Speed, bei denen die Runden schneller und intensiver sind.<\/p>\n<h2>Was ist Blackjack 247?<\/h2>\n<p>Blackjack 247 ist eine Online-Variante des klassischen Spiels, die rund um die Uhr verf\u00fcgbar ist, sodass Spieler das Spiel zu jeder Tages- und Nachtzeit genie\u00dfen k\u00f6nnen. Das Spiel kombiniert die traditionellen Regeln mit einigen einzigartigen Funktionen, die es dynamischer und f\u00fcr alle Spielertypen zug\u00e4nglicher machen. 247 Blackjack von RocketPlay Casino erm\u00f6glicht nahtlose \u00dcberg\u00e4nge zwischen \u00dcbungsspielen mit niedrigen Eins\u00e4tzen und Wetten mit hohen Eins\u00e4tzen, sodass f\u00fcr jeden etwas dabei ist, unabh\u00e4ngig von Ihrer Erfahrung oder Ihrem Budget.<\/p>\n<p><img loading=\"lazy\" decoding=\"async\" class=\"aligncenter\" src=\"https:\/\/rocketplay-online.com\/wp-content\/uploads\/2024\/11\/blackjack-247-1.jpg\" alt=\"Blackjack 247 1\" width=\"776\" height=\"570\" \/><\/p>\n<h2>Wie unterscheidet sich dieses Spiel vom normalen Blackjack?<\/h2>\n<p>247 Blackjack folgt zwar den Grundprinzipien des klassischen Spiels, unterscheidet sich jedoch in einigen wichtigen Punkten:<\/p>\n<ol>\n<li aria-level=\"1\">Verf\u00fcgbarkeit: Im Gegensatz zu traditionellen Blackjack-Spielen, bei denen es zeitliche Einschr\u00e4nkungen geben kann, ist das Online-Spiel rund um die Uhr verf\u00fcgbar. Sie m\u00fcssen nicht auf einen Tisch oder einen Dealer warten \u2013 Sie k\u00f6nnen jederzeit direkt ins Geschehen einsteigen.<\/li>\n<li aria-level=\"1\">Geschwindigkeit: Eines der herausragenden Merkmale von 247 Blackjack-Spielen ist das Tempo. Diese Spiele laufen tendenziell schneller ab als normale Spiele, sodass die Spieler mehr H\u00e4nde pro Stunde spielen k\u00f6nnen. Dies macht es ideal f\u00fcr diejenigen, die ein schnelles, hochintensives Gameplay bevorzugen.<\/li>\n<li aria-level=\"1\">Kostenlose Spieloptionen: Anders als in einem herk\u00f6mmlichen Casino gibt es hier Spiele, bei denen kein echtes Geld auf dem Spiel steht. So k\u00f6nnen neue Spieler die Regeln ohne finanzielles Risiko lernen und leichter Vertrauen aufbauen, bevor sie sich in Spiele um echtes Geld st\u00fcrzen.<\/li>\n<li aria-level=\"1\">Online-Funktionen: Online-Funktionen wie Boni, Aktionen und Mehrspielermodi verbessern das Erlebnis. Im Gegensatz zu normalen Casinos bieten diese Spiele oft zus\u00e4tzliche Anreize wie t\u00e4gliche Herausforderungen, Bestenlisten und Belohnungen f\u00fcr Vielspieler.<\/li>\n<\/ol>\n<h2>Wie spielt man Blackjack 247?<\/h2>\n<p>Das Online-Spielen folgt den Grundprinzipien des klassischen Spiels, bietet aber auch einige Besonderheiten, die f\u00fcr den Online-Charakter spezifisch sind. Lassen Sie uns aufschl\u00fcsseln, wie diese spannende Variante gespielt wird.<\/p>\n<h2>Schritt-f\u00fcr-Schritt-Anleitung zum Spielen<\/h2>\n<ol>\n<li aria-level=\"1\">Richten Sie Ihr Konto ein: Zuerst m\u00fcssen Sie ein Konto bei RocketPlay Casino erstellen. Sobald Sie sich angemeldet haben, k\u00f6nnen Sie die verschiedenen Optionen erkunden, darunter kostenloses Blackjack 247 oder Spiele um echtes Geld.<\/li>\n<li aria-level=\"1\">W\u00e4hlen Sie Ihr Spiel: Navigieren Sie zu diesem Abschnitt und w\u00e4hlen Sie aus der Liste der verf\u00fcgbaren Spiele aus. Sie k\u00f6nnen entweder kostenlos spielen oder Geld einzahlen, um an Echtgeldspielen teilzunehmen.<\/li>\n<li aria-level=\"1\">Platzieren Sie Ihre Wette: Bevor das Spiel beginnt, m\u00fcssen Sie Ihre Wette platzieren. Sie k\u00f6nnen Ihren Einsatz basierend auf Ihrem Budget und Ihrer Risikobereitschaft w\u00e4hlen.<\/li>\n<li aria-level=\"1\">Erhalten Sie Ihre Karten: Wie traditionell beginnt das Spiel, wenn Sie und der Dealer zwei Karten erhalten. Ihr Ziel ist es, einen Handwert zu haben, der so nah wie m\u00f6glich an 21 liegt, ohne ihn zu \u00fcberschreiten.<\/li>\n<li aria-level=\"1\">Machen Sie Ihren Zug: Sie k\u00f6nnen w\u00e4hlen, ob Sie ziehen (eine weitere Karte nehmen) oder stehen (Ihre aktuelle Hand behalten) m\u00f6chten. Dar\u00fcber hinaus haben Sie je nach den ausgeteilten Karten m\u00f6glicherweise die M\u00f6glichkeit, zu verdoppeln, zu teilen oder eine Versicherung abzuschlie\u00dfen.<\/li>\n<li aria-level=\"1\">Bestimmen Sie das Ergebnis: Sobald Sie Ihren Zug beendet haben, deckt der Dealer seine Karten auf. Wenn Ihre Hand n\u00e4her an 21 liegt als die des Dealers oder wenn der Dealer \u00fcber 21 liegt, gewinnen Sie die Runde.<\/li>\n<li aria-level=\"1\">Fordern Sie Ihre Gewinne an: Wenn Sie gewinnen, wird Ihr Gewinn Ihrem Konto gutgeschrieben. Sie k\u00f6nnen jederzeit weiterspielen oder Ihr Guthaben abheben.<\/li>\n<\/ol>\n<div class=\"go-btn-container\"><div class=\"tosh-btn\"><a href=\"\/go-casino\/\" target=\"_blank\" rel=\"noopener\">JETZT SPIELEN<\/a><\/div><\/div>\n<h2>Vor- und Nachteile des Spiels<\/h2>\n<p>Wie bei jedem Spiel gibt es Vor- und Nachteile.<\/p>\n<h3>Vorteile:<\/h3>\n<ul>\n<li aria-level=\"1\">24\/7-Verf\u00fcgbarkeit: Wie der Name schon sagt, k\u00f6nnen Sie jederzeit spielen, ohne auf einen Dealer oder einen Tisch warten zu m\u00fcssen.<\/li>\n<li aria-level=\"1\">Rasante Action: Das schnellere Tempo des Spiels bedeutet, dass Sie mehr H\u00e4nde in k\u00fcrzerer Zeit abschlie\u00dfen k\u00f6nnen, was f\u00fcr ein dynamischeres Erlebnis sorgt.<\/li>\n<li aria-level=\"1\">Kostenlose Spieloptionen: Die Verf\u00fcgbarkeit von 247 kostenlosen Blackjack-Spielen bedeutet, dass Sie ohne finanzielles Risiko \u00fcben k\u00f6nnen.<\/li>\n<li aria-level=\"1\">Bequemlichkeit: Sie k\u00f6nnen bequem von zu Hause oder unterwegs mit einem Mobilger\u00e4t spielen.<\/li>\n<\/ul>\n<h3>Nachteile:<\/h3>\n<ul>\n<li aria-level=\"1\">Potenzial f\u00fcr schnelle Verluste: Das schnellere Spieltempo bedeutet, dass Sie auch schneller Geld verlieren k\u00f6nnen, wenn Sie nicht aufpassen.<\/li>\n<li aria-level=\"1\">Eingeschr\u00e4nkte soziale Interaktion: Einige Online-Versionen bieten zwar Chat-Funktionen, dies ist jedoch nicht dasselbe wie die pers\u00f6nliche Interaktion in einem echten Casino.<\/li>\n<li aria-level=\"1\">Internetabh\u00e4ngigkeit: Sie ben\u00f6tigen eine zuverl\u00e4ssige Internetverbindung, um das Spiel ohne Unterbrechungen genie\u00dfen zu k\u00f6nnen.<\/li>\n<\/ul>\n<h2>Strategien f\u00fcr erfolgreiches Spiel bei Blackjack 247<\/h2>\n<p>Obwohl es sich um ein Gl\u00fccksspiel handelt, k\u00f6nnen Sie Ihre Gewinnchancen durch den Einsatz intelligenter Strategien erh\u00f6hen. Hier sind einige Tipps, die Ihnen dabei helfen, erfolgreich zu sein:<\/p>\n<ol>\n<li aria-level=\"1\">Grundlegende Strategie verstehen: Lernen Sie die grundlegende Strategie, die Ihnen den statistisch besten Zug f\u00fcr jede m\u00f6gliche Handkombination verr\u00e4t. Dies wird dazu beitragen, den Hausvorteil zu verringern.<\/li>\n<li aria-level=\"1\">Verwalten Sie Ihr Geld: Legen Sie ein Budget fest, bevor Sie mit dem Spielen beginnen, und halten Sie sich daran. Zu wissen, wann man aufh\u00f6ren sollte, ist entscheidend f\u00fcr den langfristigen Erfolg.<\/li>\n<li aria-level=\"1\">Beginnen Sie mit kostenlosen Spielen: Wenn Sie neu im Spiel sind, spielen Sie rund um die Uhr kostenlos Blackjack online, um Ihre F\u00e4higkeiten zu \u00fcben, ohne echtes Geld zu riskieren.<\/li>\n<li aria-level=\"1\">Setzen Sie Boni sinnvoll ein: Nutzen Sie alle von RocketPlay angebotenen Boni oder Aktionen, um Ihre Spielzeit zu verl\u00e4ngern.<\/li>\n<li aria-level=\"1\">Wissen, wann man verdoppeln sollte: Durch Verdoppeln k\u00f6nnen Sie Ihre Auszahlung erheblich steigern, Sie sollten es jedoch nur tun, wenn Sie ein starkes Blatt haben, beispielsweise 10 oder 11.<\/li>\n<\/ol>\n<p><img loading=\"lazy\" decoding=\"async\" class=\"aligncenter\" src=\"https:\/\/rocketplay-online.com\/wp-content\/uploads\/2024\/11\/blackjack-247-2.jpg\" alt=\"Blackjack 247 2\" width=\"829\" height=\"391\" \/><\/p>\n<h2>Sicherheitstipps zum Online-Spielen<\/h2>\n<p>247 Blackjack online zu spielen macht Spa\u00df und ist praktisch, aber es ist wichtig, Vorkehrungen zu treffen, um Ihre Sicherheit zu gew\u00e4hrleisten.<\/p>\n<ol>\n<li aria-level=\"1\">Verwenden Sie vertrauensw\u00fcrdige Casinos: Spielen Sie immer in seri\u00f6sen Casinos wie RocketPlay, die lizenziert und reguliert sind.<\/li>\n<li aria-level=\"1\">Sichere Zahlungen: Stellen Sie sicher, dass das Casino sichere Zahlungsmethoden und Verschl\u00fcsselung zum Schutz Ihrer Finanzinformationen anbietet.<\/li>\n<li aria-level=\"1\">Limits festlegen: Legen Sie Einzahlungslimits fest, um zu hohe Ausgaben zu vermeiden und Ihr Geld zu sch\u00fctzen.<\/li>\n<\/ol>\n<h2>Tipps f\u00fcr Anf\u00e4nger bei Blackjack 247<\/h2>\n<ol>\n<li aria-level=\"1\">Fangen Sie klein an: Spielen Sie zun\u00e4chst kostenlos Blackjack 247, um sich ohne finanzielles Risiko mit dem Spiel vertraut zu machen.<\/li>\n<li aria-level=\"1\">Lernen Sie die Regeln: Machen Sie sich mit den Regeln vertraut, bevor Sie in Echtgeldspiele eintauchen. Zu wissen, wann man ziehen, stehen oder verdoppeln sollte, ist der Schl\u00fcssel zum Erfolg.<\/li>\n<li aria-level=\"1\">\u00dcben Sie sich in Geduld: St\u00fcrzen Sie sich nicht in Spiele mit hohen Eins\u00e4tzen. Nehmen Sie sich Zeit, um Vertrauen aufzubauen, indem Sie zuerst 247 kostenlose Blackjack-Spiele spielen.<\/li>\n<\/ol>\n<h2>Verantwortungsvolles Spielen bei RocketPlay<\/h2>\n<p>Gl\u00fccksspiel kann Spa\u00df machen, aber es ist wichtig, verantwortungsbewusst zu spielen. RocketPlay bietet verschiedene Tools, die Spielern dabei helfen, verantwortungsbewusst zu spielen:<\/p>\n<ol>\n<li aria-level=\"1\">Selbstausschluss: Wenn Sie das Gef\u00fchl haben, dass Sie eine Pause brauchen, k\u00f6nnen Sie sich bei RocketPlay vor\u00fcbergehend oder dauerhaft von der Plattform ausschlie\u00dfen.<\/li>\n<li aria-level=\"1\">Einzahlungslimits: Legen Sie t\u00e4gliche, w\u00f6chentliche oder monatliche Einzahlungslimits fest, um Ihre Ausgaben zu kontrollieren.<\/li>\n<li aria-level=\"1\">Zeitmanagement: Behalten Sie im Auge, wie viel Zeit Sie mit Spielen verbringen. Legen Sie Erinnerungen fest, um Pausen einzulegen und sich bei Bedarf zur\u00fcckzuziehen.<\/li>\n<li aria-level=\"1\">Suchen Sie bei Bedarf Hilfe: Wenn Sie das Gef\u00fchl haben, dass Gl\u00fccksspiel zu einem Problem wird, wenden Sie sich an Selbsthilfegruppen wie Gamblers Anonymous.<\/li>\n<\/ol>\n<div class=\"go-btn-container\"><div class=\"tosh-btn\"><a href=\"\/go-casino\/\" target=\"_blank\" rel=\"noopener\">JETZT SPIELEN<\/a><\/div><\/div>\n<h2>Abschluss<\/h2>\n<p>247 Blackjack online bei RocketPlay bietet eine spannende und zug\u00e4ngliche M\u00f6glichkeit, jederzeit Spa\u00df zu haben. Mit Optionen f\u00fcr kostenloses und Echtgeldspiel k\u00f6nnen Spieler das Spiel in ihrem eigenen Tempo spielen. Egal, ob Sie ein Anf\u00e4nger sind, der mit 247 kostenlosem Blackjack die Grundlagen lernt, oder ein erfahrener Spieler, der bei 247 Blackjack-Onlinespielen auf gro\u00dfe Gewinne aus ist, es ist f\u00fcr jeden etwas dabei.<\/p>\n<p>Wenn Sie die hier beschriebenen Strategien und Sicherheitstipps befolgen, k\u00f6nnen Sie Ihre Erfolgschancen beim kostenlosen Online-Blackjack rund um die Uhr maximieren. Denken Sie vor allem daran, verantwortungsbewusst zu spielen und den Nervenkitzel des Spiels zu genie\u00dfen!<\/p>\n","protected":false},"excerpt":{"rendered":"<p>Online-Blackjack ist f\u00fcr viele Casino-Enthusiasten weltweit zu einem beliebten Zeitvertreib geworden. Aufgrund des einfachen Zugangs und des spannenden Gameplays spielen viele Spieler Blackjack 247 jetzt lieber online, um sich zu unterhalten und gro\u00dfe Gewinne zu erzielen. Die M\u00f6glichkeit, jederzeit und \u00fcberall spielen zu k\u00f6nnen, macht es zu einer attraktiven Option, insbesondere im Vergleich zu den&#8230;<\/p>\n","protected":false},"author":1,"featured_media":0,"parent":1438,"menu_order":0,"comment_status":"closed","ping_status":"closed","template":"","meta":{"_acf_changed":false,"_kad_post_transparent":"default","_kad_post_title":"default","_kad_post_layout":"default","_kad_post_sidebar_id":"","_kad_post_content_style":"default","_kad_post_vertical_padding":"default","_kad_post_feature":"","_kad_post_feature_position":"","_kad_post_header":false,"_kad_post_footer":false,"footnotes":""},"class_list":["post-5584","page","type-page","status-publish","hentry"],"acf":[],"rttpg_featured_image_url":null,"rttpg_author":{"display_name":"Oliver","author_link":"https:\/\/rocketplay-online.com\/de\/author\/pemvas95n89x\/"},"rttpg_comment":0,"rttpg_category":null,"rttpg_excerpt":"Online-Blackjack ist f\u00fcr viele Casino-Enthusiasten weltweit zu einem beliebten Zeitvertreib geworden. Aufgrund des einfachen Zugangs und des spannenden Gameplays spielen viele Spieler Blackjack 247 jetzt lieber online, um sich zu unterhalten und gro\u00dfe Gewinne zu erzielen. Die M\u00f6glichkeit, jederzeit und \u00fcberall spielen zu k\u00f6nnen, macht es zu einer attraktiven Option, insbesondere im Vergleich zu den...","_links":{"self":[{"href":"https:\/\/rocketplay-online.com\/de\/wp-json\/wp\/v2\/pages\/5584","targetHints":{"allow":["GET"]}}],"collection":[{"href":"https:\/\/rocketplay-online.com\/de\/wp-json\/wp\/v2\/pages"}],"about":[{"href":"https:\/\/rocketplay-online.com\/de\/wp-json\/wp\/v2\/types\/page"}],"author":[{"embeddable":true,"href":"https:\/\/rocketplay-online.com\/de\/wp-json\/wp\/v2\/users\/1"}],"replies":[{"embeddable":true,"href":"https:\/\/rocketplay-online.com\/de\/wp-json\/wp\/v2\/comments?post=5584"}],"version-history":[{"count":3,"href":"https:\/\/rocketplay-online.com\/de\/wp-json\/wp\/v2\/pages\/5584\/revisions"}],"predecessor-version":[{"id":5587,"href":"https:\/\/rocketplay-online.com\/de\/wp-json\/wp\/v2\/pages\/5584\/revisions\/5587"}],"up":[{"embeddable":true,"href":"https:\/\/rocketplay-online.com\/de\/wp-json\/wp\/v2\/pages\/1438"}],"wp:attachment":[{"href":"https:\/\/rocketplay-online.com\/de\/wp-json\/wp\/v2\/media?parent=5584"}],"curies":[{"name":"wp","href":"https:\/\/api.w.org\/{rel}","templated":true}]}}