{"id":5458,"date":"2024-11-11T21:39:55","date_gmt":"2024-11-11T18:39:55","guid":{"rendered":"https:\/\/rocketplay-online.com\/blackjack\/21-game\/"},"modified":"2024-11-11T22:49:51","modified_gmt":"2024-11-11T19:49:51","slug":"21-game","status":"publish","type":"page","link":"https:\/\/rocketplay-online.com\/de\/blackjack\/21-game\/","title":{"rendered":"Blackjack 21: Spielgrundlagen und Gewinnstrategien"},"content":{"rendered":"<h2>21 Spielbeschreibung<\/h2>\n<h3>Was ist Blackjack 21?<\/h3>\n<p>21 ist ein beliebtes Kartenspiel, bei dem es darum geht, eine Kartensumme zu erreichen, die 21 ergibt oder so nah wie m\u00f6glich an diese Zahl herankommt, ohne sie zu \u00fcberschreiten. Das Spiel wird h\u00e4ufig in Casinos gespielt und ist in einem Online-Format verf\u00fcgbar, sodass Spieler zwischen Live-Tischen und kostenlosen Versionen w\u00e4hlen k\u00f6nnen. Bei Blackjack 21 k\u00e4mpfen die Spieler nicht gegeneinander, sondern gegen den Dealer, was das Spiel interessant und aufregend macht.<\/p>\n<h3>Grundregeln und Kartenwert<\/h3>\n<p>Karten in 21 haben folgende Werte: Karten von 2 bis 10 entsprechen ihrem Nennwert, \u201eBilder\u201c (Bube, Dame, K\u00f6nig) bringen jeweils 10 Punkte und das Ass kann je nach aktuellem Betrag entweder 1 oder 11 Punkte wert sein. Das Wesentliche des Spiels besteht darin, zu versuchen, \u201e21\u201c oder so nah wie m\u00f6glich an diese Zahl zu kommen, um den Dealer zu schlagen.<\/p>\n<div class=\"go-btn-container\"><div class=\"tosh-btn\"><a href=\"\/go-casino\/\" target=\"_blank\" rel=\"noopener\">JETZT SPIELEN<\/a><\/div><\/div>\n<h2>Spiel\u00fcbersicht: Geschichte und Grundregeln<\/h2>\n<h3>Eine kurze Geschichte und Herkunft<\/h3>\n<p>Auch bekannt als 21 Blackjack, hat eine lange Geschichte. Es hat seinen Ursprung in Europa und wurde im fr\u00fchen 20. Jahrhundert in Amerika popul\u00e4r. Heute ist 21 eines der beliebtesten Casinospiele der Welt und in verschiedenen Formaten erh\u00e4ltlich, wie klassisch, online und in der beliebten Variante \u2013 Spanish 21.<\/p>\n<h3>Wie spielt man Blackjack 21? Grundlegende Schritte und Tipps<\/h3>\n<p>Wer wissen m\u00f6chte, wie man 21 Blackjack spielt, sollte sich ein paar einfache Regeln merken. Zu Beginn des Spiels erh\u00e4lt jeder Spieler zwei Karten, und der Dealer teilt sich selbst ebenfalls zwei Karten aus, von denen eine verdeckt bleibt. Der Spieler kann je nach aktueller Punktezahl auf der Hand w\u00e4hlen, ob er \u201eziehen\u201c oder \u201estehen\u201c m\u00f6chte. Es ist wichtig, die Regeln von Blackjack 21 zu verstehen, da sie die Strategie und die Gewinnchancen beeinflussen k\u00f6nnen.<\/p>\n<h3>Funktionen und Vorteile der Online-Version<\/h3>\n<p>Dank moderner Technologie k\u00f6nnen Spieler 21 online spielen und dabei sowohl kostenlose als auch Cash-Games ausprobieren. Beim kostenlosen Online-21 k\u00f6nnen Sie Strategien \u00fcben, ohne Geld zu riskieren. Es ist besonders n\u00fctzlich f\u00fcr Anf\u00e4nger, die die Grundregeln lernen m\u00f6chten, oder f\u00fcr erfahrene Spieler, die ihre F\u00e4higkeiten verbessern m\u00f6chten.<\/p>\n<p><img loading=\"lazy\" decoding=\"async\" class=\"aligncenter\" src=\"https:\/\/rocketplay-online.com\/wp-content\/uploads\/2024\/11\/blackjack-21-1.jpg\" alt=\"Blackjack 21 1\" width=\"749\" height=\"418\" \/><\/p>\n<h2>Blackjack 21 Regeln bei RocketPlay<\/h2>\n<h3>Machen Sie sich mit den Regeln vertraut<\/h3>\n<p>21 ist eines der beliebtesten Kartenspiele, die im RocketPlay Casino zu finden sind. Die Regeln von Blackjack 21 sind nicht kompliziert, aber f\u00fcr ein erfolgreiches Spiel ist es wichtig, die Nuancen zu kennen. Das Ziel ist es, eine Kartensumme von 21 zu erreichen oder n\u00e4her an diesen Wert heranzukommen als der Dealer, ohne ihn zu \u00fcberschreiten. Zu Beginn des Spiels erh\u00e4lt der Spieler zwei Karten und entscheidet, ob er weitere Karten nimmt oder beim aktuellen Betrag bleibt.<\/p>\n<h3>Kartenwert bei Blackjack 21<\/h3>\n<p>Die Kenntnis des Kartenwertes ist die Grundlage des Erfolgs. Karten von 2 bis 10 sind so viele Punkte wert, wie sie gekennzeichnet sind. K\u00f6nig, Dame und Bube bringen jeweils 10 Punkte, w\u00e4hrend das Ass entweder 1 oder 11 Punkte wert sein kann, je nachdem, was f\u00fcr den Spieler g\u00fcnstiger ist. Solche Regeln machen das Spiel sehr dynamisch und strategisch wertvoll.<\/p>\n<h3>Wie spielt man Blackjack 21 online?<\/h3>\n<h3>Grundlagen f\u00fcr Online-Einsteiger<\/h3>\n<p>F\u00fcr Anf\u00e4nger, die 21 online spielen, ist es wichtig, einige Grundlagen zu verstehen. Hier ist eine Kurzanleitung, wie man 21 Blackjack bei RocketPlay spielt:<\/p>\n<ol>\n<li aria-level=\"1\">Wetten. Zu Beginn des Spiels wird eine Wette platziert.<\/li>\n<li aria-level=\"1\">Karten austeilen. Der Spieler und der Geber erhalten jeweils zwei Karten.<\/li>\n<li aria-level=\"1\">Aktion des Spielers. Sie k\u00f6nnen w\u00e4hlen, ob Sie \u201eziehen\u201c, \u201estehen\u201c, \u201everdoppeln\u201c oder in manchen F\u00e4llen \u201eteilen\u201c m\u00f6chten, wenn Sie ein Paar erhalten.<\/li>\n<li aria-level=\"1\">Aktion des Dealers. Der Dealer deckt seine Karte auf und zieht, bis er 17 Punkte erreicht.<\/li>\n<\/ol>\n<p>Diese Grundregeln helfen dem Spieler, die Grundlagen zu verstehen und am Online-Spiel teilzunehmen.<\/p>\n<div class=\"go-btn-container\"><div class=\"tosh-btn\"><a href=\"\/go-casino\/\" target=\"_blank\" rel=\"noopener\">JETZT SPIELEN<\/a><\/div><\/div>\n<h3>Kostenlose Versionen des Spiels<\/h3>\n<p>F\u00fcr diejenigen, die \u00fcben m\u00f6chten, steht kostenloses Online-21 zur Verf\u00fcgung. Dieses Format erm\u00f6glicht es Ihnen, die Regeln und Strategien kostenlos auszuprobieren, ohne Geld zu riskieren. Kostenlose Versionen helfen Ihnen, die Dynamik besser zu verstehen und Ihre F\u00e4higkeiten zu sch\u00e4rfen, bevor Sie mit Wetten um echtes Geld fortfahren.<\/p>\n<h2>Grundlegende Gewinnstrategien<\/h2>\n<h3>Grundlegende Strategie anwenden<\/h3>\n<p>Um beim 21 Blackjack-Spiel erfolgreich zu sein, ist es wichtig, eine grundlegende Strategie zu erlernen, die Ihnen sagt, wann Sie zus\u00e4tzliche Karten ziehen, verdoppeln oder aufh\u00f6ren sollten. Diese Strategie basiert auf mathematischen Berechnungen und hilft, den Vorteil des Casinos zu verringern. Indem ein Spieler lernt, sie anzuwenden, kann er seine Gewinnchancen erheblich erh\u00f6hen.<\/p>\n<h3>Unterschiede zwischen klassischem und spanischem 21<\/h3>\n<p>Eine interessante Variante des Spiels ist Spanish 21 vs. Blackjack. Bei Spanish 21 werden die Zehner aus dem Stapel entfernt, wodurch es schwieriger wird, 21 zu erreichen. Diese Version bietet jedoch auch zus\u00e4tzliche Funktionen wie die Verdoppelung Ihres Einsatzes und Bonusauszahlungen, wodurch das Spiel abwechslungsreicher wird.<\/p>\n<h3>Tipps f\u00fcr Anf\u00e4nger<\/h3>\n<p>Hier einige Tipps f\u00fcr Anf\u00e4nger:<\/p>\n<ul>\n<li aria-level=\"1\">Lernen Sie die Regeln \u2013 wenn Sie die Regeln von Blackjack 21 verstehen und die grundlegende Strategie anwenden, k\u00f6nnen Sie h\u00e4ufige Fehler vermeiden.<\/li>\n<li aria-level=\"1\">\u00dcben Sie mit kostenlosen Spielen \u2013 das Erlernen der Regeln und Strategien beginnt man am besten mit einer kostenlosen Version.<\/li>\n<li aria-level=\"1\">Legen Sie ein Budget fest \u2013 es ist wichtig, dass Sie Ihre Ausgaben kontrollieren und verantwortungsbewusst spielen k\u00f6nnen.<\/li>\n<\/ul>\n<p>Diese Empfehlungen helfen jedem, der lernen m\u00f6chte, wie man 21 spielt und erfolgreich ist.<\/p>\n<h3>Vorteile von Online<\/h3>\n<p>Spieler, die Blackjack 21 lieber online spielen, k\u00f6nnen das Spiel zu jeder beliebigen Zeit genie\u00dfen. Das Online-Format erm\u00f6glicht Ihnen die Wahl zwischen der Standardversion und dem kostenlosen Online-21, was Ihnen die M\u00f6glichkeit gibt, die Regeln zu lernen und verschiedene Strategien ohne Risiko auszuprobieren.<\/p>\n<h2>\u00dcberblick \u00fcber die grundlegenden Strategien des Spiels<\/h2>\n<h3>Grundlegende Strategie<\/h3>\n<p>Die Grundstrategie ist der Schl\u00fcssel zum Erfolg bei 21. Sie besteht aus mathematisch \u00fcberpr\u00fcften Aktionen, die den Vorteil des Casinos minimieren. Wenn Spieler die Blackjack 21-Regeln kennen, k\u00f6nnen sie fundierte Entscheidungen dar\u00fcber treffen, ob sie ziehen, stehen bleiben, verdoppeln oder teilen. Diese Entscheidungen h\u00e4ngen von den Karten in der Hand des Spielers und der vom Dealer aufgedeckten Karte ab.<\/p>\n<p><img loading=\"lazy\" decoding=\"async\" class=\"aligncenter\" src=\"https:\/\/rocketplay-online.com\/wp-content\/uploads\/2024\/11\/blackjack-21-2.jpg\" alt=\"Blackjack 21 2\" width=\"737\" height=\"441\" \/><\/p>\n<h3>Vergleich zwischen Spanish 21 und Classic<\/h3>\n<p>Es gibt verschiedene Varianten, wie zum Beispiel Spanish 21. Bei Spanish 21 werden alle Zehner aus dem Stapel entfernt, was das Spiel anspruchsvoller macht, aber es gibt spezielle Boni und zus\u00e4tzliche Gewinnm\u00f6glichkeiten. Es ist wichtig zu wissen, dass diese Version eine andere Strategie erfordert als die klassische.<\/p>\n<h3>Anwendung des Kartenz\u00e4hlsystems<\/h3>\n<p>Das Kartenz\u00e4hlsystem ist eine fortgeschrittene Strategie, bei der die Anzahl der im Deck verbleibenden Karten eines bestimmten Werts im Auge behalten wird. Obwohl diese Technik in vielen Casinos verboten ist, wird sie von erfahrenen Spielern beim 21-Blackjack-Spiel immer noch verwendet, um die Gewinnchancen zu verbessern. Das Kartenz\u00e4hlen ist in landbasierten Casinos besonders effektiv, in der Online-Version ist es jedoch nur in begrenztem Umfang anwendbar.<\/p>\n<h2>Risiken und Belohnungen des Spiels<\/h2>\n<h3>Die Vorteile und Risiken des Spiels<\/h3>\n<p>21 kombiniert ein Element aus Risiko und Strategie und bietet Spielern mit der richtigen Herangehensweise potenziell hohe Gewinne. Es ist wichtig zu wissen, dass es sich um ein Spiel mit variablen Gewinnchancen handelt und dass der Ausgang trotz Kenntnis der Regeln von Blackjack 21 immer ungewiss ist.<\/p>\n<p>Die Hauptrisiken des Spiels:<\/p>\n<ol>\n<li aria-level=\"1\">Casino-Vorteil. Auch wenn die Strategie richtig angewendet wird, hat das Casino immer noch einen mathematischen Vorteil.<\/li>\n<li aria-level=\"1\">M\u00f6gliche Verluste. Das schnelle Spieltempo kann zu einem schnellen Geldverlust f\u00fchren, wenn der Spieler sein Budget nicht im Griff hat.<\/li>\n<li aria-level=\"1\">Emotionaler Faktor. Die M\u00f6glichkeit schneller Gewinne kann f\u00fcr Aufregung sorgen und Grenzen vergessen lassen.<\/li>\n<\/ol>\n<h3>Der Reiz des Online-<\/h3>\n<p>Spieler entscheiden sich immer h\u00e4ufiger f\u00fcr Blackjack 21 online, was ihnen die M\u00f6glichkeit gibt, das Spiel jederzeit und \u00fcberall zu genie\u00dfen. Online gibt es kostenlose Versionen wie Free Online 21, bei denen Spieler ihre Strategien \u00fcben und \u00fcben k\u00f6nnen, ohne ihr Budget zu riskieren. Es ist eine gro\u00dfartige M\u00f6glichkeit, die Grundlagen des Spiels zu verstehen, verschiedene Ans\u00e4tze auszuprobieren und sich auf Wetten mit echtem Geld vorzubereiten.<\/p>\n<div class=\"go-btn-container\"><div class=\"tosh-btn\"><a href=\"\/go-casino\/\" target=\"_blank\" rel=\"noopener\">JETZT SPIELEN<\/a><\/div><\/div>\n<h2>M\u00f6glichkeiten, bei RocketPlay verantwortungsbewusst zu spielen<\/h2>\n<h3>Grunds\u00e4tze des verantwortungsvollen Spielens<\/h3>\n<p>RocketPlay Casino betont die Bedeutung von verantwortungsbewusstem Spielen. Wenn Spieler die Grundlagen des verantwortungsbewussten Spielens befolgen, k\u00f6nnen sie den Prozess genie\u00dfen, ohne ihre finanzielle Situation oder emotionale Gesundheit zu gef\u00e4hrden. F\u00fcr diejenigen, die gerade erst anfangen und nach Tipps zum Spielen von 21 Blackjack suchen, ist es wichtig, ein paar einfache Regeln zu befolgen:<\/p>\n<ol>\n<li aria-level=\"1\">Setzen Sie Grenzen. Bestimmen Sie den H\u00f6chstbetrag, den Sie ausgeben m\u00f6chten, und \u00fcberschreiten Sie ihn nicht.<\/li>\n<li aria-level=\"1\">Verwenden Sie kostenlose Versionen. F\u00fcr Anf\u00e4nger ist es sinnvoll, mit kostenlosem Online-21 zu beginnen, um die Regeln zu verstehen und die Strategie zu lernen.<\/li>\n<li aria-level=\"1\">Kontrollieren Sie den Spielzeitpunkt. Blackjack kann s\u00fcchtig machen, aber es ist wichtig, Pausen einzulegen und sich nicht von der Aufregung mitrei\u00dfen zu lassen.<\/li>\n<\/ol>\n<h3>Die Vorteile von \u00dcbung und kostenlosen Spielen<\/h3>\n<p>Kostenlose Spiele erm\u00f6glichen es Anf\u00e4ngern, die Regeln von Blackjack 21 zu lernen und grundlegende Strategien ohne Risiko zu \u00fcben. Dieser Ansatz gibt Ihnen die M\u00f6glichkeit, Ihre F\u00e4higkeiten zu verbessern, verschiedene Techniken zu testen und sich auf das Spiel um echte Eins\u00e4tze vorzubereiten. RocketPlay bietet eine gro\u00dfe Auswahl an kostenlosen Spielen, sodass sich alle Spieler mit den M\u00f6glichkeiten von 21 Blackjack-Spielen vertraut machen und fundierte Entscheidungen treffen k\u00f6nnen, wenn sie mit dem Wetten fortfahren.<\/p>\n<h2>Verschiedene Variationen des 21 Blackjack-Spiels<\/h2>\n<h3>Klassik 21<\/h3>\n<p>21 ist eines der beliebtesten Kartenspiele und bietet den Spielern eine interessante Kombination aus Gl\u00fcck und Strategie. Bei dieser Version von Blackjack m\u00fcssen die Spieler 21 Punkte oder so nah wie m\u00f6glich daran kommen, ohne diese Zahl zu \u00fcberschreiten, um den Dealer zu schlagen. Die Kenntnis der Blackjack 21-Regeln hilft, Fehler zu vermeiden und Strategien zu entwickeln.<\/p>\n<h3>Spanish 21 vs. Blackjack<\/h3>\n<p>Spanish 21 ist eine beliebte Variante, die sich vom klassischen Spiel unterscheidet. Dabei werden die Zehner aus dem Stapel entfernt, was es etwas schwieriger macht, 21 zu erreichen, aber das Spiel gleicht dies mit vielen Bonusoptionen aus, wie z. B. der M\u00f6glichkeit, Ihre Eins\u00e4tze nach dem Teilen zu verdoppeln, und einem Sonderbonus f\u00fcr bestimmte Kombinationen. Der Vergleich von Spanish 21 und Blackjack ist wichtig, um eine Variante auszuw\u00e4hlen, die zum Stil des Spielers passt.<\/p>\n<h3>Online-Blackjack und seine Vorteile<\/h3>\n<p>Heutzutage wird Blackjack 21 online immer beliebter und Sie k\u00f6nnen es von \u00fcberall auf der Welt spielen. Das Online-Format bietet Standard- und kostenlose Versionen des Spiels, wie z. B. kostenloses Online-21-Blackjack, sodass Anf\u00e4nger die Regeln lernen und ohne finanzielles Risiko \u00fcben k\u00f6nnen. Dies ist eine bequeme M\u00f6glichkeit, das 21-Spiel zu meistern und Ihre Strategie zu \u00fcben, bevor Sie zu echten Eins\u00e4tzen \u00fcbergehen.<\/p>\n<h2>H\u00e4ufige Fehler in 21<\/h2>\n<h3>Mangelnde Kenntnis der Regeln<\/h3>\n<p>Ein h\u00e4ufiger Fehler ist, dass man spielt, ohne alles verstanden zu haben. Beispielsweise \u00fcberlegen Spieler m\u00f6glicherweise nicht, wann es rentabler ist, zu verdoppeln oder beim aktuellen Betrag stehen zu bleiben. Um diesen Fehler zu vermeiden, ist es wichtig, die Regeln von Blackjack 21 zu lernen und einer grundlegenden Strategie zu folgen, die darauf ausgelegt ist, den Vorteil des Casinos zu maximieren.<\/p>\n<h3>Grundlegende Strategie ignorieren<\/h3>\n<p>Obwohl es wie ein einfaches Spiel aussieht, befolgen viele Spieler keine grundlegende Strategie, was ihre Gewinnchancen erheblich verringert. Der Einsatz einer Strategie ist beim 21 Blackjack-Spiel besonders wichtig, da es auf mathematisch fundierten Entscheidungen basiert, die die optimalen Z\u00fcge bestimmen.<\/p>\n<h3>\u00dcberm\u00e4\u00dfiges Selbstvertrauen beim Kartenz\u00e4hlen<\/h3>\n<p>Kartenz\u00e4hlen ist eine g\u00e4ngige Taktik in landbasierten Casinos, aber online ist sie nicht immer effektiv. Einige Spieler \u00fcbersch\u00e4tzen diese Strategie und verlieren, weil Online-Casinos Zufallszahlengeneratoren und h\u00e4ufiges Kartenmischen verwenden, was Z\u00e4hlversuche zunichte macht.<\/p>\n<p><img loading=\"lazy\" decoding=\"async\" class=\"aligncenter\" src=\"https:\/\/rocketplay-online.com\/wp-content\/uploads\/2024\/11\/blackjack-21-3.jpg\" alt=\"Blackjack 21 3\" width=\"632\" height=\"632\" \/><\/p>\n<h2>H\u00c4UFIG GESTELLTE FRAGEN<\/h2>\n<h3>Wie unterscheiden sich die Regeln von Blackjack von denen anderer Spiele?<\/h3>\n<p>Im Gegensatz zu vielen anderen Kartenspielen geht es bei 21 darum, 21 Punkte zu erreichen. Die Regeln erlauben es den Spielern, zu verdoppeln, Karten zu teilen und manchmal aufzugeben, was f\u00fcr Abwechslung und strategische Entscheidungen sorgt. Diese Blackjack 21-Regeln machen das Spiel einzigartig und interessant f\u00fcr Spieler mit unterschiedlichen F\u00e4higkeiten.<\/p>\n<h3>Wo kann ich kostenlos Blackjack spielen?<\/h3>\n<p>Viele Online-Casinos bieten kostenloses Online-21 an, sodass Spieler das Spiel ohne Risiko \u00fcben und besser verstehen k\u00f6nnen. Dies ist eine gro\u00dfartige Gelegenheit, das Spiel zu meistern und sich auf Wetten mit echtem Geld vorzubereiten.<\/p>\n<h3>Wie lernt man 21 Blackjack?<\/h3>\n<p>Wenn Sie lernen m\u00f6chten, wie man 21 Blackjack spielt, beginnen Sie mit dem Erlernen der Grundregeln und Strategien. Das \u00dcben in kostenlosen Versionen und das Studium der Empfehlungen von Profis wird Ihnen helfen, Ihre F\u00e4higkeiten deutlich zu verbessern und die Grundprinzipien des Spiels zu verstehen.<\/p>\n<h3>Was ist der Unterschied zwischen klassischem Blackjack und Spanish 21?<\/h3>\n<p>Spanish 21 unterscheidet sich in der Zusammensetzung des Decks und dem Vorhandensein von Bonusauszahlungen, was das Spiel interessanter und herausfordernder macht. Spanish 21 hat keine Zehner, was es schwieriger macht, 21 zu erreichen, Ihnen aber erm\u00f6glicht, Boni f\u00fcr spezielle Kartenkombinationen zu erhalten.<\/p>\n","protected":false},"excerpt":{"rendered":"<p>21 Spielbeschreibung Was ist Blackjack 21? 21 ist ein beliebtes Kartenspiel, bei dem es darum geht, eine Kartensumme zu erreichen, die 21 ergibt oder so nah wie m\u00f6glich an diese Zahl herankommt, ohne sie zu \u00fcberschreiten. Das Spiel wird h\u00e4ufig in Casinos gespielt und ist in einem Online-Format verf\u00fcgbar, sodass Spieler zwischen Live-Tischen und kostenlosen&#8230;<\/p>\n","protected":false},"author":1,"featured_media":0,"parent":1438,"menu_order":0,"comment_status":"closed","ping_status":"closed","template":"","meta":{"_acf_changed":false,"_kad_post_transparent":"default","_kad_post_title":"default","_kad_post_layout":"default","_kad_post_sidebar_id":"","_kad_post_content_style":"default","_kad_post_vertical_padding":"default","_kad_post_feature":"","_kad_post_feature_position":"","_kad_post_header":false,"_kad_post_footer":false,"footnotes":""},"class_list":["post-5458","page","type-page","status-publish","hentry"],"acf":[],"rttpg_featured_image_url":null,"rttpg_author":{"display_name":"Oliver","author_link":"https:\/\/rocketplay-online.com\/de\/author\/pemvas95n89x\/"},"rttpg_comment":0,"rttpg_category":null,"rttpg_excerpt":"21 Spielbeschreibung Was ist Blackjack 21? 21 ist ein beliebtes Kartenspiel, bei dem es darum geht, eine Kartensumme zu erreichen, die 21 ergibt oder so nah wie m\u00f6glich an diese Zahl herankommt, ohne sie zu \u00fcberschreiten. Das Spiel wird h\u00e4ufig in Casinos gespielt und ist in einem Online-Format verf\u00fcgbar, sodass Spieler zwischen Live-Tischen und kostenlosen...","_links":{"self":[{"href":"https:\/\/rocketplay-online.com\/de\/wp-json\/wp\/v2\/pages\/5458","targetHints":{"allow":["GET"]}}],"collection":[{"href":"https:\/\/rocketplay-online.com\/de\/wp-json\/wp\/v2\/pages"}],"about":[{"href":"https:\/\/rocketplay-online.com\/de\/wp-json\/wp\/v2\/types\/page"}],"author":[{"embeddable":true,"href":"https:\/\/rocketplay-online.com\/de\/wp-json\/wp\/v2\/users\/1"}],"replies":[{"embeddable":true,"href":"https:\/\/rocketplay-online.com\/de\/wp-json\/wp\/v2\/comments?post=5458"}],"version-history":[{"count":2,"href":"https:\/\/rocketplay-online.com\/de\/wp-json\/wp\/v2\/pages\/5458\/revisions"}],"predecessor-version":[{"id":5463,"href":"https:\/\/rocketplay-online.com\/de\/wp-json\/wp\/v2\/pages\/5458\/revisions\/5463"}],"up":[{"embeddable":true,"href":"https:\/\/rocketplay-online.com\/de\/wp-json\/wp\/v2\/pages\/1438"}],"wp:attachment":[{"href":"https:\/\/rocketplay-online.com\/de\/wp-json\/wp\/v2\/media?parent=5458"}],"curies":[{"name":"wp","href":"https:\/\/api.w.org\/{rel}","templated":true}]}}