{"id":3544,"date":"2024-01-18T17:27:26","date_gmt":"2024-01-18T14:27:26","guid":{"rendered":"https:\/\/rocketplay-online.com\/underage-gaming-policy\/"},"modified":"2025-11-24T21:08:40","modified_gmt":"2025-11-24T18:08:40","slug":"underage-gaming-policy","status":"publish","type":"page","link":"https:\/\/rocketplay-online.com\/de\/underage-gaming-policy\/","title":{"rendered":"Spielrichtlinie f\u00fcr Minderj\u00e4hrige"},"content":{"rendered":"<div id=\"wppb-builder-container\" class=\"wppb-builder-container\">                <div  class=\"wppb-row-parent  wppb-row-1705588062354 \"  >\n\t\t\t\t\t\n\t\t\t\t\t\t\t\t\t\t\n\t\t\t\t\t\t\t\t\t\t\n\t\t\t\t\t<div class=\"wppb-container \">\n\t\t\t\t\t\t\t\t\t\t\t\t\t\n                        <div class=\"wppb-row\">\n\t\t\t\t\t\t\t                                    <div  class=\"wppb-column-parent wppb-column-parent-view wppb-col-1705588062353  \"  >\n                                        <div class=\"wppb-column\">\n\t\t\t\t\t\n\t\t\t\t\t\t\t\t\t\t\t\n                                            <div class=\"wppb-builder-addons\">\n\t\t\t\t\t\t\t\t\t\t\t\t<div class='wppb-builder-addon wppb-addon-1705588386863'  data-addon-id='1705588386863'><div class='wppb-addon'><div class=\"wppb-text-block-addon\"><div class=\"wppb-text-block-content 0\"><p>In der dynamischen Welt des Online-Gl\u00fccksspiels gilt RocketPlay Casino als Leuchtturm der Unterhaltung und bietet Spielern auf der ganzen Welt ein aufregendes Spielerlebnis. Trotz des Nervenkitzels und der Aufregung legt das Casino jedoch gr\u00f6\u00dften Wert auf verantwortungsvolles Spielen und geht insbesondere auf das Problem des Gl\u00fccksspiels von Minderj\u00e4hrigen ein. RocketPlay Casino ist sich der Bedeutung des Schutzes des Wohlergehens junger Menschen bewusst. Es hat eine umfassende Richtlinie zum Spielen von Minderj\u00e4hrigen eingef\u00fchrt, um eine sichere und angenehme Umgebung f\u00fcr alle Spieler zu schaffen.<\/p><h2>ENGAGEMENT F\u00dcR DAS WOHLBEFINDEN DER SPIELER<\/h2><p>Das Engagement von RocketPlay Casino f\u00fcr das Wohlbefinden der Spieler geht \u00fcber die Grenzen des Spielbereichs hinaus. Das Casino erkennt an, dass Gl\u00fccksspiel eine Form der Unterhaltung f\u00fcr Erwachsene ist und nicht f\u00fcr Personen unter dem gesetzlichen Mindestalter f\u00fcr Gl\u00fccksspiele geeignet ist. Um dieser Verpflichtung gerecht zu werden, hat RocketPlay Casino eine strenge Richtlinie zum Spielen von Minderj\u00e4hrigen eingef\u00fchrt, die den gesetzlichen Bestimmungen entspricht und \u00fcber die Branchenstandards hinausgeht.<\/p><h2>VERIFIKATIONSVERFAHREN<\/h2><p>Einer der Eckpfeiler der Richtlinie zum Spielen von Minderj\u00e4hrigen im RocketPlay Casino sind die sorgf\u00e4ltigen \u00dcberpr\u00fcfungsverfahren, die w\u00e4hrend des Registrierungsprozesses durchgef\u00fchrt werden. Bevor ein Spieler ein Konto erstellen kann, muss er genaue und \u00fcberpr\u00fcfbare Informationen, einschlie\u00dflich des Alters, angeben. RocketPlay setzt modernste Altersverifizierungstechnologie ein, um sicherzustellen, dass nur Personen Zugang zur Plattform erhalten, die das gesetzliche Mindestalter f\u00fcr Gl\u00fccksspiele erreicht haben.<\/p><h2>Dokumentarischer Beweis<\/h2><p>RocketPlay Casino kann dokumentarische Beweise zur Best\u00e4tigung des Alters eines Spielers verlangen, um den Verifizierungsprozess zu unterst\u00fctzen. Dazu kann die Vorlage einer Kopie eines amtlichen Ausweisdokuments, beispielsweise eines F\u00fchrerscheins oder Reisepasses, geh\u00f6ren. Durch die Implementierung dieser zus\u00e4tzlichen Pr\u00fcfebene m\u00f6chte RocketPlay Casino keinen Spielraum f\u00fcr Fehler lassen und sicherstellen, dass die Spieleplattform ausschlie\u00dflich f\u00fcr Erwachsene zug\u00e4nglich bleibt.<\/p><h2>BILDUNG UND BEWUSSTSEIN<\/h2><p>RocketPlay Casino ist sich der Bedeutung von Bildung f\u00fcr die F\u00f6rderung verantwortungsvollen Spielverhaltens bewusst. Das Casino f\u00f6rdert aktiv das Bewusstsein f\u00fcr die Risiken des Gl\u00fccksspiels durch Minderj\u00e4hrige \u00fcber verschiedene Kan\u00e4le, darunter seine Website, Newsletter und Social-Media-Plattformen. Informationen \u00fcber das gesetzliche Mindestalter f\u00fcr Gl\u00fccksspiele, die m\u00f6glichen Folgen des Gl\u00fccksspiels f\u00fcr Minderj\u00e4hrige sowie Ressourcen f\u00fcr die Suche nach Hilfe bei Problemen im Zusammenhang mit Gl\u00fccksspielen stehen den Spielern jederzeit zur Verf\u00fcgung.<\/p><h2>Kindersicherungs- und Filtersoftware<\/h2><p>RocketPlay Casino erkennt an, dass die Beteiligung der Eltern von entscheidender Bedeutung ist, um das Gl\u00fccksspiel von Minderj\u00e4hrigen zu verhindern, und ermutigt Eltern, verf\u00fcgbare Tools wie Kindersicherung und Filtersoftware zu nutzen. Diese Tools k\u00f6nnen dazu beitragen, den Zugriff auf Online-Gl\u00fccksspielseiten, einschlie\u00dflich RocketPlay Casino, einzuschr\u00e4nken und so Minderj\u00e4hrige daran zu hindern, sich an Gl\u00fccksspielaktivit\u00e4ten zu beteiligen. Das Casino bietet Informationen zu empfohlener Filtersoftware, um Eltern dabei zu helfen, ihre Kinder vor unangemessenen Inhalten zu sch\u00fctzen.<\/p><h2>STRENGE KONTO\u00dcBERWACHUNG<\/h2><p>RocketPlay Casino verwendet fortschrittliche \u00dcberwachungssysteme, um Unregelm\u00e4\u00dfigkeiten im Spielerverhalten zu erkennen. Dazu geh\u00f6rt die Identifizierung von Mustern, die auf das Spielen von Minderj\u00e4hrigen hinweisen. Wenn verd\u00e4chtige Aktivit\u00e4ten festgestellt werden, beh\u00e4lt sich das Casino das Recht vor, das Konto bis zur weiteren Untersuchung zu sperren. Dieser proaktive Ansatz sch\u00fctzt Minderj\u00e4hrige und sorgt f\u00fcr eine faire und sichere Spielumgebung f\u00fcr alle Spieler.<\/p><h2>ZUSAMMENARBEIT MIT REGULIERUNGSBEH\u00d6RDEN<\/h2><p>RocketPlay Casino arbeitet eng mit den Aufsichtsbeh\u00f6rden zusammen, um \u00fcber die neuesten Entwicklungen in der Spielpr\u00e4vention von Minderj\u00e4hrigen auf dem Laufenden zu bleiben. Durch die Ausrichtung seiner Praktiken an regulatorischen Richtlinien stellt das Casino die Einhaltung der Gesetze sicher und tr\u00e4gt zu den gemeinsamen Bem\u00fchungen bei, das Gl\u00fccksspiel von Minderj\u00e4hrigen auf breiterer Ebene zu bek\u00e4mpfen. Regelm\u00e4\u00dfige Audits und Bewertungen werden durchgef\u00fchrt, um die Wirksamkeit der Richtlinie zum Spielen von Minderj\u00e4hrigen zu \u00fcberpr\u00fcfen und notwendige Verbesserungen vorzunehmen.<\/p><h2>NULL TOLERANZ BEI VERST\u00d6SSEN<\/h2><p>RocketPlay Casino verfolgt eine Null-Toleranz-Richtlinie f\u00fcr Verst\u00f6\u00dfe gegen seine Richtlinie zum Spielen von Minderj\u00e4hrigen. Angenommen, es wird festgestellt, dass ein Spieler falsche Angaben zu seinem Alter gemacht oder sich an Gl\u00fccksspielen f\u00fcr Minderj\u00e4hrige beteiligt hat. In diesem Fall werden strenge Disziplinarma\u00dfnahmen ergriffen, einschlie\u00dflich der Sperrung des Kontos und m\u00f6glicher rechtlicher Konsequenzen. Diese feste Haltung unterstreicht das unersch\u00fctterliche Engagement des Casinos f\u00fcr die Schaffung einer sicheren und verantwortungsvollen Spielumgebung.<\/p><h2>ENGAGEMENT F\u00dcR DIE GEMEINSCHAFT<\/h2><p>Zus\u00e4tzlich zu den internen Ma\u00dfnahmen arbeitet RocketPlay Casino aktiv mit der Gaming-Community zusammen, um das Bewusstsein f\u00fcr die Verhinderung des Gl\u00fccksspiels durch Minderj\u00e4hrige zu sch\u00e4rfen. Das Casino arbeitet mit Branchenorganisationen, gemeinn\u00fctzigen Organisationen und Bildungseinrichtungen zusammen, um seine Botschaft zu verbreiten und zur Entwicklung branchenweiter Best Practices beizutragen. Durch die F\u00f6rderung eines Gef\u00fchls der gemeinsamen Verantwortung m\u00f6chte RocketPlay Casino ein Gaming-\u00d6kosystem schaffen, in dem alle Beteiligten zusammenarbeiten, um schutzbed\u00fcrftige Personen zu sch\u00fctzen.<\/p><p>Die Richtlinien zum Spielen von Minderj\u00e4hrigen verdeutlichen das Engagement des RocketPlay Casinos f\u00fcr die F\u00f6rderung einer Kultur des verantwortungsvollen Spielens. Durch strenge Verifizierungsverfahren, Aufkl\u00e4rungsinitiativen, die Zusammenarbeit mit Regulierungsbeh\u00f6rden und die Verpflichtung zu Null Toleranz strebt das Casino danach, eine f\u00fchrende Rolle dabei zu \u00fcbernehmen, dass seine Plattform weiterhin eine Unterhaltungsquelle ausschlie\u00dflich f\u00fcr Erwachsene darstellt. Durch die Priorisierung des Wohlergehens der Spieler und die Einhaltung h\u00f6chster Integrit\u00e4tsstandards setzt RocketPlay Casino einen Ma\u00dfstab f\u00fcr die Branche und zeigt, dass ein aufregendes Spielerlebnis mit einem verantwortungsvollen Ansatz beim Gl\u00fccksspiel einhergehen kann.<\/p><\/div><\/div><\/div><\/div>                                            <\/div>\n                                        <\/div>\n                                    <\/div>\n\t\t\t\t\t\t\t\t\t                        <\/div>\n\n                    <\/div>\n                <\/div>\n\t\t\t\t<\/div>","protected":false},"excerpt":{"rendered":"<p>In der dynamischen Welt des Online-Gl\u00fccksspiels gilt RocketPlay Casino als Leuchtturm der Unterhaltung und bietet Spielern auf der ganzen Welt ein aufregendes Spielerlebnis. Trotz des Nervenkitzels und der Aufregung legt das Casino jedoch gr\u00f6\u00dften Wert auf verantwortungsvolles Spielen und geht insbesondere auf das Problem des Gl\u00fccksspiels von Minderj\u00e4hrigen ein. RocketPlay Casino ist sich der Bedeutung&#8230;<\/p>\n","protected":false},"author":1,"featured_media":0,"parent":0,"menu_order":0,"comment_status":"closed","ping_status":"closed","template":"","meta":{"_acf_changed":false,"_kad_post_transparent":"default","_kad_post_title":"default","_kad_post_layout":"default","_kad_post_sidebar_id":"","_kad_post_content_style":"default","_kad_post_vertical_padding":"default","_kad_post_feature":"","_kad_post_feature_position":"","_kad_post_header":false,"_kad_post_footer":false,"footnotes":""},"class_list":["post-3544","page","type-page","status-publish","hentry"],"acf":[],"rttpg_featured_image_url":null,"rttpg_author":{"display_name":"Oliver","author_link":"https:\/\/rocketplay-online.com\/de\/author\/pemvas95n89x\/"},"rttpg_comment":0,"rttpg_category":null,"rttpg_excerpt":"In der dynamischen Welt des Online-Gl\u00fccksspiels gilt RocketPlay Casino als Leuchtturm der Unterhaltung und bietet Spielern auf der ganzen Welt ein aufregendes Spielerlebnis. Trotz des Nervenkitzels und der Aufregung legt das Casino jedoch gr\u00f6\u00dften Wert auf verantwortungsvolles Spielen und geht insbesondere auf das Problem des Gl\u00fccksspiels von Minderj\u00e4hrigen ein. RocketPlay Casino ist sich der Bedeutung...","_links":{"self":[{"href":"https:\/\/rocketplay-online.com\/de\/wp-json\/wp\/v2\/pages\/3544","targetHints":{"allow":["GET"]}}],"collection":[{"href":"https:\/\/rocketplay-online.com\/de\/wp-json\/wp\/v2\/pages"}],"about":[{"href":"https:\/\/rocketplay-online.com\/de\/wp-json\/wp\/v2\/types\/page"}],"author":[{"embeddable":true,"href":"https:\/\/rocketplay-online.com\/de\/wp-json\/wp\/v2\/users\/1"}],"replies":[{"embeddable":true,"href":"https:\/\/rocketplay-online.com\/de\/wp-json\/wp\/v2\/comments?post=3544"}],"version-history":[{"count":1,"href":"https:\/\/rocketplay-online.com\/de\/wp-json\/wp\/v2\/pages\/3544\/revisions"}],"predecessor-version":[{"id":3545,"href":"https:\/\/rocketplay-online.com\/de\/wp-json\/wp\/v2\/pages\/3544\/revisions\/3545"}],"wp:attachment":[{"href":"https:\/\/rocketplay-online.com\/de\/wp-json\/wp\/v2\/media?parent=3544"}],"curies":[{"name":"wp","href":"https:\/\/api.w.org\/{rel}","templated":true}]}}