{"id":3541,"date":"2024-01-18T16:42:34","date_gmt":"2024-01-18T13:42:34","guid":{"rendered":"https:\/\/rocketplay-online.com\/terms-conditions\/"},"modified":"2024-11-27T13:52:18","modified_gmt":"2024-11-27T10:52:18","slug":"terms-conditions","status":"publish","type":"page","link":"https:\/\/rocketplay-online.com\/de\/terms-conditions\/","title":{"rendered":"Gesch\u00e4ftsbedingungen"},"content":{"rendered":"<div id=\"wppb-builder-container\" class=\"wppb-builder-container\">                <div  class=\"wppb-row-parent  wppb-row-1705585386617 \"  >\n\t\t\t\t\t\n\t\t\t\t\t\t\t\t\t\t\n\t\t\t\t\t\t\t\t\t\t\n\t\t\t\t\t<div class=\"wppb-container \">\n\t\t\t\t\t\t\t\t\t\t\t\t\t\n                        <div class=\"wppb-row\">\n\t\t\t\t\t\t\t                                    <div  class=\"wppb-column-parent wppb-column-parent-view wppb-col-1705585386616  \"  >\n                                        <div class=\"wppb-column\">\n\t\t\t\t\t\n\t\t\t\t\t\t\t\t\t\t\t\n                                            <div class=\"wppb-builder-addons\">\n\t\t\t\t\t\t\t\t\t\t\t\t<div class='wppb-builder-addon wppb-addon-1705585408028'  data-addon-id='1705585408028'><div class='wppb-addon'><div class=\"wppb-text-block-addon\"><div class=\"wppb-text-block-content 0\"><p>Willkommen im RocketPlay Casino, einer aufregenden Online-Gaming-Plattform, die den Spielern eine spannende und sichere Umgebung bieten soll. Bevor Sie Ihre Gaming-Reise beginnen, ist es wichtig, sich mit unseren Allgemeinen Gesch\u00e4ftsbedingungen vertraut zu machen. Dieses Dokument beschreibt die Regeln und Vorschriften, die Ihre Interaktion mit RocketPlay Casino regeln und ein faires und angenehmes Spielerlebnis f\u00fcr alle gew\u00e4hrleisten.<\/p><h2>Teilnahmeberechtigung und Registrierung<\/h2><p>Bevor Sie in die aufregende Welt von RocketPlay Casino eintauchen, stellen Sie sicher, dass Sie die Teilnahmekriterien erf\u00fcllen. Spieler m\u00fcssen mindestens 18 Jahre alt sein oder das in ihrem Land gesetzliche Mindestalter erreicht haben. Dar\u00fcber hinaus kann es sein, dass Einwohner bestimmter L\u00e4nder aufgrund gesetzlicher Beschr\u00e4nkungen nicht auf unsere Plattform zugreifen k\u00f6nnen, und es liegt in der Verantwortung des Spielers, die \u00f6rtlichen Gesetze einzuhalten.<\/p><p>Um sich zu registrieren, m\u00fcssen Benutzer genaue und aktuelle Informationen angeben. Dazu geh\u00f6ren eine g\u00fcltige E-Mail-Adresse, ein Benutzername und ein Passwort. Spieler sind f\u00fcr die Wahrung der Vertraulichkeit ihrer Kontoinformationen verantwortlich und d\u00fcrfen ihre Anmeldedaten nicht an Dritte weitergeben.<\/p><h2>VERANTWORTUNGSBEWUSSTES SPIELEN<\/h2><p>RocketPlay Casino setzt sich daf\u00fcr ein, verantwortungsvolles Spielen zu f\u00f6rdern und das Wohlergehen unserer Spieler zu gew\u00e4hrleisten. Wir stellen verschiedene Tools zur Verf\u00fcgung, mit denen Benutzer ihre Spielaktivit\u00e4ten verwalten k\u00f6nnen, z. B. Einzahlungslimits, Erinnerungen an die Sitzungszeit und Selbstausschlussoptionen. Spieler werden ermutigt, Limits festzulegen, die ihrem Budget entsprechen, und bei Bedarf Pausen einzulegen.<\/p><p>Wenn Sie das Gef\u00fchl haben, dass Ihre Spielgewohnheiten problematisch werden, bietet RocketPlay Casino Ressourcen f\u00fcr die Suche nach professioneller Hilfe. Wir arbeiten mit renommierten Organisationen zusammen, die sich der Unterst\u00fctzung von Einzelpersonen bei Problemen im Zusammenhang mit Gl\u00fccksspielen widmen.<\/p><h2>Ein- und Auszahlungen<\/h2><p>Spieler k\u00f6nnen ihr Konto \u00fcber verschiedene Zahlungsmethoden aufladen, um die gesamte Palette der RocketPlay Casino-Spiele zu genie\u00dfen. Dazu k\u00f6nnen Kredit-\/Debitkarten, E-Wallets und andere sichere Zahlungsoptionen geh\u00f6ren. Es ist wichtig zu beachten, dass Einzahlungen von einem Konto erfolgen m\u00fcssen, das auf den Namen des Spielers lautet, und Transaktionen Dritter sind strengstens untersagt.<\/p><p>Auszahlungen werden vorbehaltlich einer \u00dcberpr\u00fcfung umgehend bearbeitet. Von Spielern kann die Vorlage von Ausweisdokumenten verlangt werden, um die Sicherheit ihrer Konten zu gew\u00e4hrleisten und betr\u00fcgerische Aktivit\u00e4ten zu verhindern. RocketPlay Casino verpflichtet sich zur Wahrung der Vertraulichkeit der Benutzerinformationen und setzt strenge Sicherheitsma\u00dfnahmen ein, um Finanztransaktionen zu sch\u00fctzen.<\/p><h2>SPIELREGELN UND FAIR PLAY<\/h2><p>RocketPlay Casino bietet verschiedene Spiele an, die jeweils spezifischen Regeln und Vorschriften unterliegen. Die Spieler m\u00fcssen sich mit den Regeln jedes Spiels vertraut machen, um ihr Spielerlebnis zu verbessern und ein faires Spiel zu gew\u00e4hrleisten. Die Ergebnisse aller Spiele werden von einem Zufallszahlengenerator (RNG) ermittelt, um unvoreingenommene Ergebnisse zu gew\u00e4hrleisten.<\/p><p>Den Spielern ist es untersagt, externe Ger\u00e4te, Software oder Strategien zu verwenden, die ihnen einen unfairen Vorteil verschaffen k\u00f6nnten. Ein Versto\u00df gegen diese Regel kann zur Sperrung oder Schlie\u00dfung des Spielerkontos f\u00fchren. RocketPlay Casino ist der Aufrechterhaltung einer fairen und transparenten Spielumgebung f\u00fcr alle Benutzer verpflichtet.<\/p><h2>BONUS UND AKTIONEN<\/h2><p>Bei RocketPlay Casino glauben wir daran, unsere Spieler mit aufregenden Boni und Werbeaktionen zu belohnen. Es ist jedoch wichtig, die mit diesen Angeboten verbundenen Bedingungen zu verstehen. Zu den Bonusbedingungen k\u00f6nnen Wettanforderungen, Ablaufdaten und bestimmte Spielbeitr\u00e4ge geh\u00f6ren. Spieler m\u00fcssen diese Bedingungen sorgf\u00e4ltig lesen und verstehen, um ihre Boni zu maximieren.<\/p><p>Der Missbrauch von Boni, einschlie\u00dflich, aber nicht beschr\u00e4nkt auf Bonusjagd oder betr\u00fcgerische Aktivit\u00e4ten, wird nicht toleriert. RocketPlay Casino beh\u00e4lt sich das Recht vor, Boni und Gewinne aus Bonusmissbrauch f\u00fcr ung\u00fcltig zu erkl\u00e4ren.<\/p><h2>K\u00dcNDIGUNG UND SUSPENSION DES KONTOS<\/h2><p>RocketPlay Casino beh\u00e4lt sich das Recht vor, Spielerkonten zu k\u00fcndigen oder zu sperren, wenn ein Betrugsverdacht, ein Versto\u00df gegen die Nutzungsbedingungen oder eine andere Aktivit\u00e4t vorliegt, die als sch\u00e4dlich f\u00fcr die Integrit\u00e4t der Plattform angesehen wird. Spieler m\u00fcssen die Allgemeinen Gesch\u00e4ftsbedingungen regelm\u00e4\u00dfig lesen, um \u00fcber Aktualisierungen oder \u00c4nderungen auf dem Laufenden zu bleiben.<\/p><p>Im Falle einer Kontoschlie\u00dfung h\u00e4lt sich RocketPlay Casino an seine Richtlinien zum Abheben von Geldern und stellt sicher, dass alle verbleibenden Guthaben umgehend an den Spieler zur\u00fcckgezahlt werden.<\/p><h2>PRIVATSPH\u00c4RE UND SICHERHEIT<\/h2><p>Die Wahrung der Privatsph\u00e4re und Sicherheit der Spielerinformationen hat bei RocketPlay Casino h\u00f6chste Priorit\u00e4t. Wir setzen fortschrittliche Verschl\u00fcsselungstechnologien ein, um pers\u00f6nliche und finanzielle Daten zu sch\u00fctzen. Spieler k\u00f6nnen unsere Datenschutzrichtlinie lesen, um zu verstehen, wie ihre Daten erfasst, verwendet und gesch\u00fctzt werden.<\/p><p>Durch die Nutzung von RocketPlay Casino stimmen Spieler der Verarbeitung ihrer Daten gem\u00e4\u00df unserer Datenschutzrichtlinie zu. Es empfiehlt sich, regelm\u00e4\u00dfig nach Aktualisierungen zu suchen, um \u00fcber etwaige \u00c4nderungen in der Datenverarbeitungspraxis auf dem Laufenden zu bleiben.<\/p><p>RocketPlay Casino ist bestrebt, Spielern auf der ganzen Welt eine fesselnde und sichere Spielumgebung zu bieten. Durch die Einhaltung unserer Allgemeinen Gesch\u00e4ftsbedingungen tragen Spieler dazu bei, eine faire, verantwortungsvolle und unterhaltsame Gaming-Community zu schaffen. Wir empfehlen allen Benutzern, dieses Dokument sorgf\u00e4ltig zu lesen und sich zur Kl\u00e4rung an unser Kundensupport-Team zu wenden. Lasst das Gaming-Abenteuer beginnen!<\/p><\/div><\/div><\/div><\/div>                                            <\/div>\n                                        <\/div>\n                                    <\/div>\n\t\t\t\t\t\t\t\t\t                        <\/div>\n\n                    <\/div>\n                <\/div>\n\t\t\t\t<\/div>","protected":false},"excerpt":{"rendered":"<p>Willkommen im RocketPlay Casino, einer aufregenden Online-Gaming-Plattform, die den Spielern eine spannende und sichere Umgebung bieten soll. Bevor Sie Ihre Gaming-Reise beginnen, ist es wichtig, sich mit unseren Allgemeinen Gesch\u00e4ftsbedingungen vertraut zu machen. Dieses Dokument beschreibt die Regeln und Vorschriften, die Ihre Interaktion mit RocketPlay Casino regeln und ein faires und angenehmes Spielerlebnis f\u00fcr alle&#8230;<\/p>\n","protected":false},"author":1,"featured_media":0,"parent":0,"menu_order":0,"comment_status":"closed","ping_status":"closed","template":"","meta":{"_acf_changed":false,"_kad_post_transparent":"default","_kad_post_title":"default","_kad_post_layout":"default","_kad_post_sidebar_id":"","_kad_post_content_style":"default","_kad_post_vertical_padding":"default","_kad_post_feature":"","_kad_post_feature_position":"","_kad_post_header":false,"_kad_post_footer":false,"footnotes":""},"class_list":["post-3541","page","type-page","status-publish","hentry"],"acf":[],"rttpg_featured_image_url":null,"rttpg_author":{"display_name":"Oliver","author_link":"https:\/\/rocketplay-online.com\/de\/author\/pemvas95n89x\/"},"rttpg_comment":0,"rttpg_category":null,"rttpg_excerpt":"Willkommen im RocketPlay Casino, einer aufregenden Online-Gaming-Plattform, die den Spielern eine spannende und sichere Umgebung bieten soll. Bevor Sie Ihre Gaming-Reise beginnen, ist es wichtig, sich mit unseren Allgemeinen Gesch\u00e4ftsbedingungen vertraut zu machen. Dieses Dokument beschreibt die Regeln und Vorschriften, die Ihre Interaktion mit RocketPlay Casino regeln und ein faires und angenehmes Spielerlebnis f\u00fcr alle...","_links":{"self":[{"href":"https:\/\/rocketplay-online.com\/de\/wp-json\/wp\/v2\/pages\/3541","targetHints":{"allow":["GET"]}}],"collection":[{"href":"https:\/\/rocketplay-online.com\/de\/wp-json\/wp\/v2\/pages"}],"about":[{"href":"https:\/\/rocketplay-online.com\/de\/wp-json\/wp\/v2\/types\/page"}],"author":[{"embeddable":true,"href":"https:\/\/rocketplay-online.com\/de\/wp-json\/wp\/v2\/users\/1"}],"replies":[{"embeddable":true,"href":"https:\/\/rocketplay-online.com\/de\/wp-json\/wp\/v2\/comments?post=3541"}],"version-history":[{"count":1,"href":"https:\/\/rocketplay-online.com\/de\/wp-json\/wp\/v2\/pages\/3541\/revisions"}],"predecessor-version":[{"id":3542,"href":"https:\/\/rocketplay-online.com\/de\/wp-json\/wp\/v2\/pages\/3541\/revisions\/3542"}],"wp:attachment":[{"href":"https:\/\/rocketplay-online.com\/de\/wp-json\/wp\/v2\/media?parent=3541"}],"curies":[{"name":"wp","href":"https:\/\/api.w.org\/{rel}","templated":true}]}}