{"id":3510,"date":"2024-01-18T16:33:35","date_gmt":"2024-01-18T13:33:35","guid":{"rendered":"https:\/\/rocketplay-online.com\/responsible-gaming\/"},"modified":"2024-11-22T00:55:44","modified_gmt":"2024-11-21T21:55:44","slug":"responsible-gaming","status":"publish","type":"page","link":"https:\/\/rocketplay-online.com\/de\/responsible-gaming\/","title":{"rendered":"Verantwortungsvolles Spielen"},"content":{"rendered":"<div id=\"wppb-builder-container\" class=\"wppb-builder-container\">                <div  class=\"wppb-row-parent  wppb-row-1705584828923 \"  >\n\t\t\t\t\t\n\t\t\t\t\t\t\t\t\t\t\n\t\t\t\t\t\t\t\t\t\t\n\t\t\t\t\t<div class=\"wppb-container \">\n\t\t\t\t\t\t\t\t\t\t\t\t\t\n                        <div class=\"wppb-row\">\n\t\t\t\t\t\t\t                                    <div  class=\"wppb-column-parent wppb-column-parent-view wppb-col-1705584828922  \"  >\n                                        <div class=\"wppb-column\">\n\t\t\t\t\t\n\t\t\t\t\t\t\t\t\t\t\t\n                                            <div class=\"wppb-builder-addons\">\n\t\t\t\t\t\t\t\t\t\t\t\t<div class='wppb-builder-addon wppb-addon-1705584889477'  data-addon-id='1705584889477'><div class='wppb-addon'><div class=\"wppb-text-block-addon\"><div class=\"wppb-text-block-content 0\"><p>In der schnelllebigen Welt des Online-Gl\u00fccksspiels zeichnet sich RocketPlay Casino nicht nur durch seine spannenden Spiele und innovativen Funktionen aus, sondern auch durch sein unersch\u00fctterliches Engagement f\u00fcr verantwortungsvolles Spielen. RocketPlay Casino ist sich der Bedeutung der Aufrechterhaltung einer sicheren und angenehmen Umgebung bewusst und hat ein umfassendes, zuverl\u00e4ssiges Spielsystem implementiert, das das Wohlbefinden der Spieler in den Vordergrund stellt und ein positives Spielerlebnis gew\u00e4hrleistet.<\/p><h2>EIN PROAKTIVER ANSATZ ZUM SPIELERSCHUTZ<\/h2><p>RocketPlay Casino nimmt eine proaktive Haltung zum Spielerschutz ein, indem es strenge Ma\u00dfnahmen ergreift, um potenzielle Probleme im Zusammenhang mit \u00fcberm\u00e4\u00dfigem Gl\u00fccksspiel zu verhindern und anzugehen. Das Casino setzt modernste Technologien und robuste Systeme ein, um das Spielerverhalten zu \u00fcberwachen und fr\u00fchzeitig Anzeichen problematischer Spielmuster zu erkennen. Durch kontinuierliche \u00dcberwachung kann RocketPlay zeitnah eingreifen und m\u00f6glicherweise gef\u00e4hrdeten Spielern die notwendige Unterst\u00fctzung bieten.<\/p><h2>TRANSPARENTE INFORMATIONEN UND RESSOURCEN<\/h2><p>Verantwortungsvolles Spielen beginnt mit informierten Spielern. RocketPlay Casino ist sich der Bedeutung von Transparenz bewusst und stellt auf seiner Plattform transparente Informationen \u00fcber verantwortungsvolle Spielpraktiken zur Verf\u00fcgung. Auf der Website werden vor allem Ressourcen wie Selbstbewertungstools vorgestellt, die es den Spielern erm\u00f6glichen, ihre Spielgewohnheiten objektiv zu bewerten. Dar\u00fcber hinaus bietet RocketPlay detaillierte Informationen zum Festlegen von Zeit- und Geldlimits, sodass Spieler fundierte Entscheidungen \u00fcber ihre Spielaktivit\u00e4ten treffen k\u00f6nnen.<\/p><h2>GRENZEN SETZEN F\u00dcR EIN AUSGEWOGENES ERLEBNIS<\/h2><p>Eines der Hauptmerkmale von RocketPlay Casino ist die Betonung der vom Spieler kontrollierten Limits. Spieler k\u00f6nnen t\u00e4gliche, w\u00f6chentliche oder monatliche Einzahlungslimits festlegen und so sicherstellen, dass sie innerhalb der Budgetbeschr\u00e4nkungen bleiben. Diese proaktive Ma\u00dfnahme beugt impulsivem Verhalten vor und f\u00f6rdert ein ausgewogenes Spielerlebnis. Das Casino bietet auch Optionen zum Selbstausschluss, sodass Spieler eine Spielpause einlegen k\u00f6nnen, wenn sie einen Schritt zur\u00fccktreten und ihre Gewohnheiten \u00fcberdenken m\u00fcssen.<\/p><h2>BILDUNGSINITIATIVEN ZUM VERANTWORTUNGSBEWUSSTEN SPIELEN<\/h2><p>RocketPlay Casino hat Bildungsinitiativen zur weiteren F\u00f6rderung verantwortungsbewussten Spielens umgesetzt, um das Bewusstsein f\u00fcr potenzielle Risiken im Zusammenhang mit \u00fcberm\u00e4\u00dfigem Gl\u00fccksspiel zu sch\u00e4rfen. Durch informative Artikel, Blogbeitr\u00e4ge und interaktive Inhalte k\u00f6nnen Spieler Einblicke in verantwortungsvolle Spielpraktiken gewinnen und erfahren, wie wichtig es ist, eine gesunde Beziehung zum Gl\u00fccksspiel aufrechtzuerhalten. Durch die F\u00f6rderung einer Kultur des Bewusstseins m\u00f6chte RocketPlay den Spielern die M\u00f6glichkeit geben, verantwortungsvolle Entscheidungen zu treffen und gleichzeitig den Nervenkitzel von Casinospielen zu genie\u00dfen.<\/p><h2>ZUSAMMENARBEIT MIT UNTERST\u00dcTZUNGSORGANISATIONEN<\/h2><p>RocketPlay Casino versteht, dass verantwortungsvolles Spielen eine gemeinsame Anstrengung ist. Das Casino arbeitet aktiv mit seri\u00f6sen Organisationen und Selbsthilfegruppen zusammen, die sich mit Gl\u00fccksspielproblemen befassen. Durch die Zusammenarbeit mit diesen Unternehmen stellt RocketPlay sicher, dass seine Spieler Zugang zu professionellen Unterst\u00fctzungs- und Beratungsdiensten haben. Dieser kollaborative Ansatz st\u00e4rkt das Engagement des Casinos, eine sichere und unterst\u00fctzende Spielumgebung zu schaffen.<\/p><h2>ALTERS\u00dcBERPR\u00dcFUNG UND STRENGE EINHALTUNG DER VORSCHRIFTEN<\/h2><p>Sicherzustellen, dass nur Personen im gesetzlichen Mindestalter Zugang zur Plattform haben, ist ein grundlegender Aspekt des verantwortungsvollen Spielens. RocketPlay Casino verwendet robuste Altersverifizierungsprozesse, um sicherzustellen, dass alle Spieler \u00fcber der gesetzlichen Altersgrenze liegen. Dar\u00fcber hinaus h\u00e4lt sich das Casino strikt an lokale und internationale Vorschriften und h\u00e4lt bei seinem Betrieb die h\u00f6chsten Standards an Integrit\u00e4t und Rechtm\u00e4\u00dfigkeit ein.<\/p><h2>F\u00d6RDERUNG VERANTWORTUNGSVOLLER ZUGLIEDERUNGEN<\/h2><p>RocketPlay Casino weitet sein Engagement f\u00fcr verantwortungsvolles Spielen \u00fcber die Grenzen seiner Plattform hinaus aus. Das Casino f\u00f6rdert aktiv eine verantwortungsvolle Zusammenarbeit mit Marketingpartnern und verbundenen Unternehmen. RocketPlay schafft ein Gl\u00fccksspiel-\u00d6kosystem, das durch die F\u00f6rderung verantwortungsvoller Werbepraktiken das Wohlergehen der Spieler \u00fcber aggressive Marketingstrategien stellt.<\/p><h2>Kontinuierliche \u00dcberwachung und Anpassung<\/h2><p>Die Gaming-Landschaft ist dynamisch und RocketPlay Casino erkennt die Notwendigkeit einer kontinuierlichen \u00dcberwachung und Anpassung seiner Ma\u00dfnahmen zum verantwortungsvollen Spielen. Das Casino \u00fcberpr\u00fcft und aktualisiert seine Richtlinien regelm\u00e4\u00dfig und ber\u00fccksichtigt dabei technologische Fortschritte und Best Practices der Branche. Dieses Engagement, bei Initiativen zum verantwortungsvollen Spielen an der Spitze zu bleiben, stellt sicher, dass RocketPlay Casino weiterhin f\u00fchrend bei der F\u00f6rderung des Wohlergehens der Spieler bleibt.<\/p><h2>DAS SPIELERLEBNIS VERANTWORTUNGSVOLL ERH\u00d6HEN<\/h2><p>Das Engagement von RocketPlay Casino f\u00fcr verantwortungsvolles Spielen zeichnet es als zuverl\u00e4ssiges und spielerorientiertes Online-Casino aus. Durch einen vielschichtigen Ansatz, der Spielerschulung, strenge \u00dcberwachung, Zusammenarbeit mit Support-Organisationen und kontinuierliche Selbstbewertung umfasst, schafft RocketPlay eine Umgebung, in der Spieler die Spannung des Online-Gl\u00fccksspiels verantwortungsvoll genie\u00dfen k\u00f6nnen.<\/p><p>In einer Welt, in der Unterhaltung und Verantwortung manchmal aufeinanderprallen, ist RocketPlay Casino ein Leuchtturm und zeigt, dass ein spannendes Spielerlebnis harmonisch mit Spielerschutz einhergehen kann. Durch sein unersch\u00fctterliches Engagement f\u00fcr verantwortungsvolles Spielen m\u00f6chte RocketPlay Casino die Online-Gaming-Landschaft neu definieren und sicherstellen, dass die Reise jedes Spielers aufregend, sicher und nachhaltig ist.<\/p><\/div><\/div><\/div><\/div>                                            <\/div>\n                                        <\/div>\n                                    <\/div>\n\t\t\t\t\t\t\t\t\t                        <\/div>\n\n                    <\/div>\n                <\/div>\n\t\t\t\t<\/div>","protected":false},"excerpt":{"rendered":"<p>In der schnelllebigen Welt des Online-Gl\u00fccksspiels zeichnet sich RocketPlay Casino nicht nur durch seine spannenden Spiele und innovativen Funktionen aus, sondern auch durch sein unersch\u00fctterliches Engagement f\u00fcr verantwortungsvolles Spielen. RocketPlay Casino ist sich der Bedeutung der Aufrechterhaltung einer sicheren und angenehmen Umgebung bewusst und hat ein umfassendes, zuverl\u00e4ssiges Spielsystem implementiert, das das Wohlbefinden der Spieler&#8230;<\/p>\n","protected":false},"author":1,"featured_media":0,"parent":0,"menu_order":0,"comment_status":"closed","ping_status":"closed","template":"","meta":{"_acf_changed":false,"_kad_post_transparent":"default","_kad_post_title":"default","_kad_post_layout":"default","_kad_post_sidebar_id":"","_kad_post_content_style":"default","_kad_post_vertical_padding":"default","_kad_post_feature":"","_kad_post_feature_position":"","_kad_post_header":false,"_kad_post_footer":false,"footnotes":""},"class_list":["post-3510","page","type-page","status-publish","hentry"],"acf":[],"rttpg_featured_image_url":null,"rttpg_author":{"display_name":"Oliver","author_link":"https:\/\/rocketplay-online.com\/de\/author\/pemvas95n89x\/"},"rttpg_comment":0,"rttpg_category":null,"rttpg_excerpt":"In der schnelllebigen Welt des Online-Gl\u00fccksspiels zeichnet sich RocketPlay Casino nicht nur durch seine spannenden Spiele und innovativen Funktionen aus, sondern auch durch sein unersch\u00fctterliches Engagement f\u00fcr verantwortungsvolles Spielen. RocketPlay Casino ist sich der Bedeutung der Aufrechterhaltung einer sicheren und angenehmen Umgebung bewusst und hat ein umfassendes, zuverl\u00e4ssiges Spielsystem implementiert, das das Wohlbefinden der Spieler...","_links":{"self":[{"href":"https:\/\/rocketplay-online.com\/de\/wp-json\/wp\/v2\/pages\/3510","targetHints":{"allow":["GET"]}}],"collection":[{"href":"https:\/\/rocketplay-online.com\/de\/wp-json\/wp\/v2\/pages"}],"about":[{"href":"https:\/\/rocketplay-online.com\/de\/wp-json\/wp\/v2\/types\/page"}],"author":[{"embeddable":true,"href":"https:\/\/rocketplay-online.com\/de\/wp-json\/wp\/v2\/users\/1"}],"replies":[{"embeddable":true,"href":"https:\/\/rocketplay-online.com\/de\/wp-json\/wp\/v2\/comments?post=3510"}],"version-history":[{"count":1,"href":"https:\/\/rocketplay-online.com\/de\/wp-json\/wp\/v2\/pages\/3510\/revisions"}],"predecessor-version":[{"id":3511,"href":"https:\/\/rocketplay-online.com\/de\/wp-json\/wp\/v2\/pages\/3510\/revisions\/3511"}],"wp:attachment":[{"href":"https:\/\/rocketplay-online.com\/de\/wp-json\/wp\/v2\/media?parent=3510"}],"curies":[{"name":"wp","href":"https:\/\/api.w.org\/{rel}","templated":true}]}}