{"id":3486,"date":"2024-01-18T16:54:56","date_gmt":"2024-01-18T13:54:56","guid":{"rendered":"https:\/\/rocketplay-online.com\/privacy-policy\/"},"modified":"2024-11-27T03:34:58","modified_gmt":"2024-11-27T00:34:58","slug":"privacy-policy","status":"publish","type":"page","link":"https:\/\/rocketplay-online.com\/de\/privacy-policy\/","title":{"rendered":"Datenschutzrichtlinien"},"content":{"rendered":"<div id=\"wppb-builder-container\" class=\"wppb-builder-container\">                <div  class=\"wppb-row-parent  wppb-row-1705586120747 \"  >\n\t\t\t\t\t\n\t\t\t\t\t\t\t\t\t\t\n\t\t\t\t\t\t\t\t\t\t\n\t\t\t\t\t<div class=\"wppb-container \">\n\t\t\t\t\t\t\t\t\t\t\t\t\t\n                        <div class=\"wppb-row\">\n\t\t\t\t\t\t\t                                    <div  class=\"wppb-column-parent wppb-column-parent-view wppb-col-1705586120746  \"  >\n                                        <div class=\"wppb-column\">\n\t\t\t\t\t\n\t\t\t\t\t\t\t\t\t\t\t\n                                            <div class=\"wppb-builder-addons\">\n\t\t\t\t\t\t\t\t\t\t\t\t<div class='wppb-builder-addon wppb-addon-1705586131744'  data-addon-id='1705586131744'><div class='wppb-addon'><div class=\"wppb-text-block-addon\"><div class=\"wppb-text-block-content 0\"><p>Im RocketPlay Casino legen wir gro\u00dfen Wert auf die Privatsph\u00e4re und Sicherheit unserer Benutzer. Diese Datenschutzrichtlinien umrei\u00dfen unsere Ma\u00dfnahmen zum Schutz Ihrer pers\u00f6nlichen Daten und gew\u00e4hrleisten ein sicheres und angenehmes Spielerlebnis. Durch die Nutzung unserer Dienste erkl\u00e4ren Sie sich mit den in dieser Richtlinie aufgef\u00fchrten Bedingungen einverstanden.<\/p><h2>SAMMLUNG UND VERWENDUNG VON INFORMATIONEN<\/h2><p>Pers\u00f6nliche Informationen: Um Ihnen ein nahtloses Spielerlebnis zu bieten, kann das RocketPlay Casino bestimmte pers\u00f6nliche Informationen sammeln. Dazu geh\u00f6ren unter anderem Ihr Name, Ihre E-Mail-Adresse, Kontaktinformationen und Zahlungsinformationen. Seien Sie versichert, dass wir nur Daten f\u00fcr die Kontoverwaltung und Transaktionsverarbeitung sammeln.<\/p><p>Nicht-personenbezogene Informationen: Zus\u00e4tzlich zu den pers\u00f6nlichen Daten k\u00f6nnen wir auch nicht-pers\u00f6nliche Daten erfassen, wie z. B. Ihren Ger\u00e4tetyp, Browserinformationen und Ihre IP-Adresse. Diese Informationen helfen uns, unsere Dienste zu verbessern, Inhalte anzupassen und Ihr Spielerlebnis zu verbessern.<\/p><h2>WIE WIR IHRE INFORMATIONEN VERWENDEN<\/h2><p>Kontoverwaltung: Ihre pers\u00f6nlichen Daten sind f\u00fcr die Erstellung, \u00dcberpr\u00fcfung und Verwaltung Ihres Kontos unerl\u00e4sslich. Dies gew\u00e4hrleistet die Sicherheit und Integrit\u00e4t Ihres RocketPlay Casino Kontos, so dass Sie unsere Spiele ohne Unterbrechungen genie\u00dfen k\u00f6nnen.<\/p><p>Kommunikation: Wir k\u00f6nnen Ihre Kontaktdaten verwenden, um Ihnen wichtige Updates, Aktionen und kontobezogene Informationen mitzuteilen. Sie haben die M\u00f6glichkeit, sich jederzeit von der Werbekommunikation abzumelden.<\/p><p>Transaktionsverarbeitung: Das RocketPlay Casino ben\u00f6tigt bestimmte Zahlungsinformationen, um Ein- und Auszahlungen zu erm\u00f6glichen. Seien Sie versichert, dass wir Sicherheitsma\u00dfnahmen nach Industriestandard verwenden, um Ihre finanziellen Daten w\u00e4hrend der Transaktionen zu sch\u00fctzen.<\/p><p>Verbesserung der Benutzererfahrung: Nicht-pers\u00f6nliche Informationen sind entscheidend f\u00fcr die Verbesserung unserer Dienstleistungen. Wir k\u00f6nnen unsere Spiele und Funktionen durch die Analyse des Benutzerverhaltens und der Vorlieben anpassen, um ein pers\u00f6nlicheres und angenehmeres Spielerlebnis zu bieten.<\/p><h2>WEITERGABE VON INFORMATIONEN<\/h2><p>Drittpartei-Partner: RocketPlay Casino kann mit vertrauensw\u00fcrdigen Drittpartnern zusammenarbeiten, um bestimmte Dienstleistungen wie Zahlungsabwicklung oder Kundensupport zu erbringen. Wir stellen sicher, dass diese Partner in solchen F\u00e4llen strenge Datenschutz- und Sicherheitsstandards einhalten.<\/p><p>Einhaltung der Gesetze: Wir k\u00f6nnen Ihre Daten offenlegen, wenn dies durch Gesetze, Vorschriften oder rechtliche Verfahren erforderlich ist. Dazu geh\u00f6rt die Beantwortung rechtm\u00e4\u00dfiger Anfragen von Regierungsbeh\u00f6rden oder der Schutz unserer Rechte, unserer Privatsph\u00e4re, unserer Sicherheit oder unseres Eigentums.<\/p><p>Gesch\u00e4fts\u00fcbertragungen: Im Falle einer Fusion, einer \u00dcbernahme oder eines Verkaufs von Verm\u00f6genswerten k\u00f6nnen Ihre Daten an das \u00fcbernehmende Unternehmen \u00fcbertragen werden. Wir werden Sie \u00fcber derartige \u00c4nderungen informieren und den weiteren Schutz Ihrer Daten sicherstellen.<\/p><h2>SICHERHEITSMASSNAHMEN<\/h2><p>Daten Verschl\u00fcsselung: Das RocketPlay Casino verwendet robuste Verschl\u00fcsselungsprotokolle, um Ihre pers\u00f6nlichen und finanziellen Informationen zu sch\u00fctzen. Dadurch wird sichergestellt, dass Ihre Daten w\u00e4hrend der \u00dcbertragung und Speicherung vertraulich bleiben.<\/p><p>Zugangskontrollen: Der Zugriff auf Ihre pers\u00f6nlichen Daten ist nur f\u00fcr autorisiertes Personal m\u00f6glich. Wir setzen strenge Zugangskontrollen ein und \u00fcberpr\u00fcfen unsere Systeme regelm\u00e4\u00dfig, um unbefugten Zugriff zu verhindern.<\/p><p>Sichere Zahlungsabwicklung: Unsere Zahlungsverarbeitungssysteme entsprechen den Industriestandards und nutzen sichere und verschl\u00fcsselte Kan\u00e4le, um Ihre Finanzdaten w\u00e4hrend der Transaktionen zu sch\u00fctzen.<\/p><p>Regelm\u00e4\u00dfige Sicherheitspr\u00fcfungen: Um den sich entwickelnden Cyber-Bedrohungen immer einen Schritt voraus zu sein, f\u00fchrt das RocketPlay Casino regelm\u00e4\u00dfige Sicherheitspr\u00fcfungen durch. Dieser proaktive Ansatz stellt sicher, dass unsere Sicherheitsma\u00dfnahmen robust und effektiv bleiben.<\/p><h2>COOKIES UND TRACKING-TECHNOLOGIEN<\/h2><p>Cookie-Verwendung: RocketPlay Casino kann Cookies und \u00e4hnliche Tracking-Technologien verwenden, um die Benutzererfahrung zu verbessern und Informationen \u00fcber die Nutzung der Website zu sammeln. Cookies helfen uns, unsere Dienste zu verbessern und personalisierte Inhalte anzubieten.<\/p><p>Abmelden: Sie k\u00f6nnen die Cookie-Pr\u00e4ferenzen \u00fcber Ihre Browser-Einstellungen steuern. Bitte beachten Sie jedoch, dass die Deaktivierung von Cookies bestimmte Merkmale und Funktionen unserer Website beeintr\u00e4chtigen kann.<\/p><h2>DATENSCHUTZ F\u00dcR KINDER<\/h2><p>RocketPlay Casino ist f\u00fcr Benutzer gedacht, die 18 Jahre oder \u00e4lter sind. Wir sammeln oder verarbeiten nicht wissentlich pers\u00f6nliche Informationen von Personen unter 18 Jahren. Wenn Sie glauben, dass ein Minderj\u00e4hriger uns seine Daten zur Verf\u00fcgung gestellt hat, setzen Sie sich bitte sofort mit uns in Verbindung, um eine schnelle L\u00f6sung zu finden.<\/p><h2>AKTUALISIERUNGEN DER DATENSCHUTZRICHTLINIEN<\/h2><p>RocketPlay Casino beh\u00e4lt sich das Recht vor, diese Datenschutzrichtlinien regelm\u00e4\u00dfig zu aktualisieren. Wir empfehlen Ihnen, diese Richtlinie regelm\u00e4\u00dfig zu lesen, um dar\u00fcber informiert zu bleiben, wie wir Ihre Daten sammeln, verwenden und sch\u00fctzen.<\/p><h2>KONTAKTINFORMATIONEN<\/h2><p>Wenn Sie Fragen, Bedenken oder W\u00fcnsche bez\u00fcglich unserer Datenschutzrichtlinien haben, wenden Sie sich bitte an unser Datenschutzteam. Wir verpflichten uns, Ihre Anfragen umgehend zu bearbeiten und die Sicherheit Ihrer pers\u00f6nlichen Daten zu gew\u00e4hrleisten.<\/p><p>Zusammenfassend l\u00e4sst sich sagen, dass RocketPlay Casino sich verpflichtet hat, eine sichere und angenehme Spielumgebung zu bieten. Unsere Datenschutzrichtlinien spiegeln unser Engagement f\u00fcr Transparenz, Datenschutz und kontinuierliche Verbesserung beim Schutz Ihrer Privatsph\u00e4re wider. Vielen Dank, dass Sie RocketPlay Casino als Ihre bevorzugte Spielplattform gew\u00e4hlt haben.<\/p><\/div><\/div><\/div><\/div>                                            <\/div>\n                                        <\/div>\n                                    <\/div>\n\t\t\t\t\t\t\t\t\t                        <\/div>\n\n                    <\/div>\n                <\/div>\n\t\t\t\t<\/div>","protected":false},"excerpt":{"rendered":"<p>Im RocketPlay Casino legen wir gro\u00dfen Wert auf die Privatsph\u00e4re und Sicherheit unserer Benutzer. Diese Datenschutzrichtlinien umrei\u00dfen unsere Ma\u00dfnahmen zum Schutz Ihrer pers\u00f6nlichen Daten und gew\u00e4hrleisten ein sicheres und angenehmes Spielerlebnis. Durch die Nutzung unserer Dienste erkl\u00e4ren Sie sich mit den in dieser Richtlinie aufgef\u00fchrten Bedingungen einverstanden.SAMMLUNG UND VERWENDUNG VON INFORMATIONENPers\u00f6nliche Informationen: Um Ihnen ein&#8230;<\/p>\n","protected":false},"author":1,"featured_media":0,"parent":0,"menu_order":0,"comment_status":"closed","ping_status":"closed","template":"","meta":{"_acf_changed":false,"_kad_post_transparent":"default","_kad_post_title":"default","_kad_post_layout":"default","_kad_post_sidebar_id":"","_kad_post_content_style":"default","_kad_post_vertical_padding":"default","_kad_post_feature":"","_kad_post_feature_position":"","_kad_post_header":false,"_kad_post_footer":false,"footnotes":""},"class_list":["post-3486","page","type-page","status-publish","hentry"],"acf":[],"rttpg_featured_image_url":null,"rttpg_author":{"display_name":"Oliver","author_link":"https:\/\/rocketplay-online.com\/de\/author\/pemvas95n89x\/"},"rttpg_comment":0,"rttpg_category":null,"rttpg_excerpt":"Im RocketPlay Casino legen wir gro\u00dfen Wert auf die Privatsph\u00e4re und Sicherheit unserer Benutzer. Diese Datenschutzrichtlinien umrei\u00dfen unsere Ma\u00dfnahmen zum Schutz Ihrer pers\u00f6nlichen Daten und gew\u00e4hrleisten ein sicheres und angenehmes Spielerlebnis. Durch die Nutzung unserer Dienste erkl\u00e4ren Sie sich mit den in dieser Richtlinie aufgef\u00fchrten Bedingungen einverstanden.SAMMLUNG UND VERWENDUNG VON INFORMATIONENPers\u00f6nliche Informationen: Um Ihnen ein...","_links":{"self":[{"href":"https:\/\/rocketplay-online.com\/de\/wp-json\/wp\/v2\/pages\/3486","targetHints":{"allow":["GET"]}}],"collection":[{"href":"https:\/\/rocketplay-online.com\/de\/wp-json\/wp\/v2\/pages"}],"about":[{"href":"https:\/\/rocketplay-online.com\/de\/wp-json\/wp\/v2\/types\/page"}],"author":[{"embeddable":true,"href":"https:\/\/rocketplay-online.com\/de\/wp-json\/wp\/v2\/users\/1"}],"replies":[{"embeddable":true,"href":"https:\/\/rocketplay-online.com\/de\/wp-json\/wp\/v2\/comments?post=3486"}],"version-history":[{"count":1,"href":"https:\/\/rocketplay-online.com\/de\/wp-json\/wp\/v2\/pages\/3486\/revisions"}],"predecessor-version":[{"id":3487,"href":"https:\/\/rocketplay-online.com\/de\/wp-json\/wp\/v2\/pages\/3486\/revisions\/3487"}],"wp:attachment":[{"href":"https:\/\/rocketplay-online.com\/de\/wp-json\/wp\/v2\/media?parent=3486"}],"curies":[{"name":"wp","href":"https:\/\/api.w.org\/{rel}","templated":true}]}}