{"id":3460,"date":"2024-01-18T17:42:20","date_gmt":"2024-01-18T14:42:20","guid":{"rendered":"https:\/\/rocketplay-online.com\/kyc-policy\/"},"modified":"2024-11-22T00:29:01","modified_gmt":"2024-11-21T21:29:01","slug":"kyc-policy","status":"publish","type":"page","link":"https:\/\/rocketplay-online.com\/de\/kyc-policy\/","title":{"rendered":"KYC-Richtlinie"},"content":{"rendered":"<div id=\"wppb-builder-container\" class=\"wppb-builder-container\">                <div  class=\"wppb-row-parent  wppb-row-1705588966398 \"  >\n\t\t\t\t\t\n\t\t\t\t\t\t\t\t\t\t\n\t\t\t\t\t\t\t\t\t\t\n\t\t\t\t\t<div class=\"wppb-container \">\n\t\t\t\t\t\t\t\t\t\t\t\t\t\n                        <div class=\"wppb-row\">\n\t\t\t\t\t\t\t                                    <div  class=\"wppb-column-parent wppb-column-parent-view wppb-col-1705588966397  \"  >\n                                        <div class=\"wppb-column\">\n\t\t\t\t\t\n\t\t\t\t\t\t\t\t\t\t\t\n                                            <div class=\"wppb-builder-addons\">\n\t\t\t\t\t\t\t\t\t\t\t\t<div class='wppb-builder-addon wppb-addon-1705589028807'  data-addon-id='1705589028807'><div class='wppb-addon'><div class=\"wppb-text-block-addon\"><div class=\"wppb-text-block-content 0\"><p>Die KYC-Richtlinie des RocketPlay Casinos ist ein Eckpfeiler seiner Verpflichtung, die h\u00f6chsten Standards der Sicherheit und Integrit\u00e4t aufrechtzuerhalten. KYC ist eine beh\u00f6rdliche Anforderung, die darauf abzielt, die Identit\u00e4t der Spieler zu verifizieren und dadurch das Risiko von betr\u00fcgerischen Aktivit\u00e4ten wie Geldw\u00e4sche, Identit\u00e4tsdiebstahl und Gl\u00fccksspiel f\u00fcr Minderj\u00e4hrige zu vermindern. Die Richtlinie schafft einen Rahmen, der nicht nur die gesetzlichen Verpflichtungen erf\u00fcllt, sondern auch das Wohlergehen der Spielgemeinschaft in den Vordergrund stellt.<\/p><h2>SPIELER\u00dcBERPR\u00dcFUNGSPROZESS<\/h2><p>Der KYC-Prozess im RocketPlay Casino ist eine nahtlose und benutzerfreundliche Erfahrung. Bei der Registrierung m\u00fcssen die Spieler grundlegende pers\u00f6nliche Informationen angeben, einschlie\u00dflich ihres vollst\u00e4ndigen Namens, Geburtsdatums, ihrer Adresse und ihrer Kontaktdaten. Diese Informationen werden verschl\u00fcsselt und sicher gespeichert, wobei strenge Datenschutzstandards eingehalten werden.<\/p><p>Um den Verifizierungsprozess abzuschlie\u00dfen, werden die Spieler gebeten, zus\u00e4tzliche Dokumente einzureichen. Dazu geh\u00f6ren ein amtlicher Ausweis, ein Adressnachweis (z. B. eine Rechnung eines Versorgungsunternehmens oder ein Kontoauszug) und in einigen F\u00e4llen ein Nachweis der Zahlungsmethode. Der Verifizierungsprozess verl\u00e4uft in der Regel z\u00fcgig, so dass die Spieler das Spielerlebnis mit minimaler Unterbrechung genie\u00dfen k\u00f6nnen.<\/p><h2>BEDEUTUNG VON KYC BEI DER BETRUGSPR\u00c4VENTION<\/h2><p>Die KYC-Richtlinie im RocketPlay Casino dient als robuste Abschreckung gegen betr\u00fcgerische Aktivit\u00e4ten innerhalb des Gl\u00fccksspiel-\u00d6kosystems. Durch die \u00dcberpr\u00fcfung der Identit\u00e4t jedes Spielers kann das Casino sicher sein, dass die Person, die an den Spielaktivit\u00e4ten teilnimmt, diejenige ist, die sie vorgibt zu sein. Dies sch\u00fctzt die Spieler vor m\u00f6glichem Identit\u00e4tsdiebstahl und das Casino vor Finanzbetrug und anderen illegalen Aktivit\u00e4ten.<\/p><p>Das Casino setzt fortschrittliche Technologien und Verfahren ein, um Identit\u00e4tsbetrug zu erkennen und zu verhindern. Die regelm\u00e4\u00dfige Aktualisierung und Verbesserung dieser Sicherheitsma\u00dfnahmen hat f\u00fcr das RocketPlay Casino oberste Priorit\u00e4t, um den aufkommenden Bedrohungen in der Online-Gl\u00fccksspiellandschaft einen Schritt voraus zu sein.<\/p><h2>F\u00d6RDERUNG DES VERANTWORTUNGSVOLLEN SPIELENS<\/h2><p>\u00dcber die blo\u00dfe Einhaltung von Vorschriften hinaus betrachtet das RocketPlay Casino KYC als ein Werkzeug zur F\u00f6rderung des verantwortungsvollen Spielens. Durch die Best\u00e4tigung des Alters und der Identit\u00e4t der Spieler verfolgt das Casino einen proaktiven Ansatz, um das Spielen von Minderj\u00e4hrigen zu verhindern. Dieses Engagement steht im Einklang mit den allgemeinen Bem\u00fchungen der Branche, ein sicheres und angenehmes Spielumfeld f\u00fcr Erwachsene zu schaffen und gleichzeitig Minderj\u00e4hrige vor den potenziellen Sch\u00e4den des Gl\u00fccksspiels zu sch\u00fctzen.<\/p><p>Zus\u00e4tzlich zur Altersverifizierung nutzt das RocketPlay Casino Verhaltensanalysen, um potentiell problematische Spielverhaltensmuster zu identifizieren. Spieler, die Anzeichen von exzessivem oder zwanghaftem Gl\u00fccksspiel zeigen, k\u00f6nnen zur Intervention und Unterst\u00fctzung markiert werden. Das Casino stellt Ressourcen f\u00fcr verantwortungsbewusstes Spielen zur Verf\u00fcgung, einschlie\u00dflich Optionen zum Selbstausschluss und Links zu Hilfsorganisationen f\u00fcr diejenigen, die Hilfe suchen.<\/p><h2>DATENSCHUTZ UND PRIVATSPH\u00c4RE<\/h2><p>Das RocketPlay Casino legt gro\u00dfen Wert auf den Datenschutz und die Sicherheit der Spielerinformationen. Alle Daten, die w\u00e4hrend des KYC-Prozesses gesammelt werden, werden mit \u00e4u\u00dferster Vertraulichkeit behandelt und in \u00dcbereinstimmung mit den branchenf\u00fchrenden Datenschutzstandards gespeichert. Das Casino setzt Verschl\u00fcsselungsprotokolle und Zugangskontrollen ein, um Spielerdaten vor unbefugtem Zugriff oder Missbrauch zu sch\u00fctzen.<\/p><p>Die Spieler k\u00f6nnen sicher sein, dass ihre Informationen nur zur Identit\u00e4ts\u00fcberpr\u00fcfung und in strikter \u00dcbereinstimmung mit den geltenden Datenschutzgesetzen verwendet werden. Die Transparenz der Datenverarbeitungspraktiken des RocketPlay Casinos ist grundlegend f\u00fcr das Vertrauen der Spielergemeinschaft.<\/p><h2>KONTINUIERLICHE VERBESSERUNG UND EINHALTUNG<\/h2><p>Das RocketPlay Casino hat sich verpflichtet, an der Spitze der besten KYC-Praktiken und regulatorischen Anforderungen zu bleiben, w\u00e4hrend sich die Online-Gl\u00fccksspiellandschaft weiterentwickelt. Die KYC-Richtlinie des Casinos ist ein lebendiges Dokument, das regelm\u00e4\u00dfig \u00fcberpr\u00fcft und aktualisiert wird, um sicherzustellen, dass es effektiv bleibt und mit den neuesten Industriestandards \u00fcbereinstimmt.<\/p><p>Die Einhaltung der regulatorischen Anforderungen ist f\u00fcr das RocketPlay Casino nicht verhandelbar. Das Casino unterh\u00e4lt eine offene Kommunikation mit den relevanten Beh\u00f6rden und passt seine KYC-Prozesse entsprechend an, um die gesetzlichen Verpflichtungen zu erf\u00fcllen oder zu \u00fcbertreffen. Diese Verpflichtung sch\u00fctzt nicht nur das Casino und seine Spieler, sondern tr\u00e4gt auch zur allgemeinen Integrit\u00e4t der Online-Gl\u00fccksspielindustrie bei.<\/p><p>Die KYC-Politik des RocketPlay Casinos ist ein Beweis f\u00fcr sein unersch\u00fctterliches Engagement, eine sichere, transparente und verantwortungsvolle Spielumgebung zu bieten. Durch die Implementierung strenger Spieler\u00fcberpr\u00fcfungsprozesse, den Einsatz fortschrittlicher Technologie zur Betrugspr\u00e4vention und die F\u00f6rderung verantwortungsbewusster Spielpraktiken ist das Casino bestrebt, ein Online-Gl\u00fccksspielerlebnis zu schaffen, das die Spieler vertrauensvoll genie\u00dfen k\u00f6nnen. W\u00e4hrend sich die Gl\u00fccksspiellandschaft weiter entwickelt, bleibt das RocketPlay Casino standhaft in seiner Verpflichtung, die h\u00f6chsten Standards der Branche in Bezug auf Sicherheit und Integrit\u00e4t aufrechtzuerhalten.<\/p><\/div><\/div><\/div><\/div>                                            <\/div>\n                                        <\/div>\n                                    <\/div>\n\t\t\t\t\t\t\t\t\t                        <\/div>\n\n                    <\/div>\n                <\/div>\n\t\t\t\t<\/div>","protected":false},"excerpt":{"rendered":"<p>Die KYC-Richtlinie des RocketPlay Casinos ist ein Eckpfeiler seiner Verpflichtung, die h\u00f6chsten Standards der Sicherheit und Integrit\u00e4t aufrechtzuerhalten. KYC ist eine beh\u00f6rdliche Anforderung, die darauf abzielt, die Identit\u00e4t der Spieler zu verifizieren und dadurch das Risiko von betr\u00fcgerischen Aktivit\u00e4ten wie Geldw\u00e4sche, Identit\u00e4tsdiebstahl und Gl\u00fccksspiel f\u00fcr Minderj\u00e4hrige zu vermindern. Die Richtlinie schafft einen Rahmen, der nicht&#8230;<\/p>\n","protected":false},"author":1,"featured_media":0,"parent":0,"menu_order":0,"comment_status":"closed","ping_status":"closed","template":"","meta":{"_acf_changed":false,"_kad_post_transparent":"default","_kad_post_title":"default","_kad_post_layout":"default","_kad_post_sidebar_id":"","_kad_post_content_style":"default","_kad_post_vertical_padding":"default","_kad_post_feature":"","_kad_post_feature_position":"","_kad_post_header":false,"_kad_post_footer":false,"footnotes":""},"class_list":["post-3460","page","type-page","status-publish","hentry"],"acf":[],"rttpg_featured_image_url":null,"rttpg_author":{"display_name":"Oliver","author_link":"https:\/\/rocketplay-online.com\/de\/author\/pemvas95n89x\/"},"rttpg_comment":0,"rttpg_category":null,"rttpg_excerpt":"Die KYC-Richtlinie des RocketPlay Casinos ist ein Eckpfeiler seiner Verpflichtung, die h\u00f6chsten Standards der Sicherheit und Integrit\u00e4t aufrechtzuerhalten. KYC ist eine beh\u00f6rdliche Anforderung, die darauf abzielt, die Identit\u00e4t der Spieler zu verifizieren und dadurch das Risiko von betr\u00fcgerischen Aktivit\u00e4ten wie Geldw\u00e4sche, Identit\u00e4tsdiebstahl und Gl\u00fccksspiel f\u00fcr Minderj\u00e4hrige zu vermindern. Die Richtlinie schafft einen Rahmen, der nicht...","_links":{"self":[{"href":"https:\/\/rocketplay-online.com\/de\/wp-json\/wp\/v2\/pages\/3460","targetHints":{"allow":["GET"]}}],"collection":[{"href":"https:\/\/rocketplay-online.com\/de\/wp-json\/wp\/v2\/pages"}],"about":[{"href":"https:\/\/rocketplay-online.com\/de\/wp-json\/wp\/v2\/types\/page"}],"author":[{"embeddable":true,"href":"https:\/\/rocketplay-online.com\/de\/wp-json\/wp\/v2\/users\/1"}],"replies":[{"embeddable":true,"href":"https:\/\/rocketplay-online.com\/de\/wp-json\/wp\/v2\/comments?post=3460"}],"version-history":[{"count":1,"href":"https:\/\/rocketplay-online.com\/de\/wp-json\/wp\/v2\/pages\/3460\/revisions"}],"predecessor-version":[{"id":3461,"href":"https:\/\/rocketplay-online.com\/de\/wp-json\/wp\/v2\/pages\/3460\/revisions\/3461"}],"wp:attachment":[{"href":"https:\/\/rocketplay-online.com\/de\/wp-json\/wp\/v2\/media?parent=3460"}],"curies":[{"name":"wp","href":"https:\/\/api.w.org\/{rel}","templated":true}]}}