{"id":3436,"date":"2024-01-18T17:36:20","date_gmt":"2024-01-18T14:36:20","guid":{"rendered":"https:\/\/rocketplay-online.com\/gdpr-policy\/"},"modified":"2025-04-10T13:23:46","modified_gmt":"2025-04-10T10:23:46","slug":"gdpr-policy","status":"publish","type":"page","link":"https:\/\/rocketplay-online.com\/de\/gdpr-policy\/","title":{"rendered":"GDPR-Richtlinie"},"content":{"rendered":"<div id=\"wppb-builder-container\" class=\"wppb-builder-container\">                <div  class=\"wppb-row-parent  wppb-row-1705588594297 \"  >\n\t\t\t\t\t\n\t\t\t\t\t\t\t\t\t\t\n\t\t\t\t\t\t\t\t\t\t\n\t\t\t\t\t<div class=\"wppb-container \">\n\t\t\t\t\t\t\t\t\t\t\t\t\t\n                        <div class=\"wppb-row\">\n\t\t\t\t\t\t\t                                    <div  class=\"wppb-column-parent wppb-column-parent-view wppb-col-1705588594296  \"  >\n                                        <div class=\"wppb-column\">\n\t\t\t\t\t\n\t\t\t\t\t\t\t\t\t\t\t\n                                            <div class=\"wppb-builder-addons\">\n\t\t\t\t\t\t\t\t\t\t\t\t<div class='wppb-builder-addon wppb-addon-1705588652272'  data-addon-id='1705588652272'><div class='wppb-addon'><div class=\"wppb-text-block-addon\"><div class=\"wppb-text-block-content 0\"><p>In der dynamischen Welt des Online-Gl\u00fccksspiels zeichnet sich das RocketPlay Casino nicht nur durch seine spannenden Spiele und fesselnden Erlebnisse aus, sondern auch durch sein unerm\u00fcdliches Engagement zum Schutz Ihrer Privatsph\u00e4re. Wir bei RocketPlay wissen, wie wichtig es ist, Ihre pers\u00f6nlichen Daten zu sch\u00fctzen und wir halten uns strikt an die General Data Protection Regulation (GDPR), um sicherzustellen, dass Ihr Spielerlebnis angenehm und sicher bleibt.<\/p><h2>GDPR-KONFORMIT\u00c4T: IHRE PRIVATSPH\u00c4RE STEHT AN ERSTER STELLE<\/h2><p>Das RocketPlay Casino hat sich der Einhaltung der Grunds\u00e4tze der GDPR verschrieben, einer umfassenden Datenschutzverordnung, die dem Einzelnen eine gr\u00f6\u00dfere Kontrolle \u00fcber seine Daten erm\u00f6glicht. Unser Engagement geht \u00fcber die blo\u00dfe Einhaltung hinaus; wir sehen die GDPR als einen Eckpfeiler beim Aufbau von Vertrauen und Transparenz zwischen uns und unseren gesch\u00e4tzten Spielern.<\/p><h2>WELCHE PERS\u00d6NLICHEN DATEN SAMMELN WIR?<\/h2><p>Um Ihnen das bestm\u00f6gliche Spielerlebnis zu bieten, sammelt RocketPlay Casino bestimmte pers\u00f6nliche Daten. Diese Informationen beinhalten, sind aber nicht beschr\u00e4nkt auf Ihren Namen, Ihre Email Adresse, Kontaktdetails und Ger\u00e4teinformationen. Wir versichern Ihnen, dass die gesammelten Daten ausschlie\u00dflich f\u00fcr betriebliche Zwecke, Kontoverwaltung und zur Verbesserung der Qualit\u00e4t unserer Dienstleistungen verwendet werden.<\/p><h2>WIE WIR IHRE DATEN VERWENDEN<\/h2><p>RocketPlay Casino verwendet Ihre Daten, um Ihr Spielerlebnis zu individualisieren und Ihnen personalisierte Empfehlungen, Promotionen und Boni anzubieten, die auf Ihre Vorlieben abgestimmt sind. Diese Daten sind auch entscheidend f\u00fcr die Betrugspr\u00e4vention, um eine sichere Spielumgebung f\u00fcr alle unsere Spieler zu gew\u00e4hrleisten. Seien Sie versichert, dass Ihre Daten niemals ohne Ihre Zustimmung an Dritte weitergegeben werden.<\/p><h2>DATENSICHERHEITSMASSNAHMEN<\/h2><p>Im RocketPlay Casino nehmen wir die Sicherheit Ihrer Daten sehr ernst. Wir verwenden hochmoderne Verschl\u00fcsselungstechnologien, um Ihre Daten vor unbefugtem Zugriff zu sch\u00fctzen und sicherzustellen, dass Ihr Spielvergn\u00fcgen unterhaltsam und sicher bleibt. Unser engagiertes Team von Cybersecurity-Experten \u00fcberwacht und aktualisiert st\u00e4ndig unsere Sicherheitsprotokolle, um den sich entwickelnden Bedrohungen voraus zu sein.<\/p><h2>IHRE RECHTE UNTER GDPR<\/h2><p>RocketPlay Casino respektiert Ihre Rechte unter der GDPR. Sie k\u00f6nnen Ihre Daten jederzeit einsehen, korrigieren oder l\u00f6schen. Wir bieten Ihnen benutzerfreundliche Tools in Ihren Kontoeinstellungen, um diese Aktionen zu erleichtern und Ihnen die Kontrolle \u00fcber Ihre Daten zu geben. Dar\u00fcber hinaus k\u00f6nnen Sie sich von Marketingmitteilungen abmelden, so dass Sie die Freiheit haben, den Grad der Beteiligung zu w\u00e4hlen, der Ihren Pr\u00e4ferenzen entspricht.<\/p><h2>COOKIES UND TRACKING-TECHNOLOGIEN<\/h2><p>RocketPlay Casino verwendet Cookies und \u00e4hnliche Tracking-Technologien, um Ihr Benutzererlebnis zu verbessern. Diese Technologien helfen uns zu verstehen, wie Sie mit unserer Plattform interagieren und erm\u00f6glichen es uns, diese kontinuierlich zu verbessern. Sie k\u00f6nnen Ihre Cookie-Pr\u00e4ferenzen \u00fcber Ihre Browser-Einstellungen verwalten, um sicherzustellen, dass Sie die Informationen, die durch diese Technologien geteilt werden, kontrollieren.<\/p><h2>KOOPERATIONEN MIT DRITTEN<\/h2><p>In bestimmten F\u00e4llen kann das RocketPlay Casino mit Drittanbietern zusammenarbeiten, um bestimmte Funktionalit\u00e4ten bereitzustellen. Seien Sie versichert, dass alle Daten, die mit diesen Partnern geteilt werden, in \u00dcbereinstimmung mit der GDPR sind. Wir pr\u00fcfen unsere Partner sorgf\u00e4ltig, um sicherzustellen, dass sie unser Engagement f\u00fcr den Datenschutz teilen und garantieren, dass Ihre pers\u00f6nlichen Daten bei allen Kooperationen sicher bleiben.<\/p><h2>DATENSPEICHERUNG UND L\u00d6SCHUNG<\/h2><p>RocketPlay Casino speichert Ihre Daten nur so lange wie n\u00f6tig, um die Zwecke zu erf\u00fcllen, f\u00fcr die sie gesammelt wurden. Sollten Sie sich entscheiden, Ihr Konto zu l\u00f6schen, werden Ihre Daten umgehend und dauerhaft aus unseren Systemen entfernt, wobei Ihr Recht auf Vergessenwerden respektiert wird.<\/p><h2>DATENSCHUTZ F\u00dcR KINDER<\/h2><p>RocketPlay Casino h\u00e4lt sich strikt an die gesetzlichen Bestimmungen bez\u00fcglich des Alters f\u00fcr Online-Spiele. Wir sammeln oder verarbeiten nicht wissentlich pers\u00f6nliche Informationen von Personen unter 18 Jahren. Unsere robusten Alters\u00fcberpr\u00fcfungsprozesse stellen sicher, dass nur berechtigte Personen in das aufregende RocketPlay Casino einsteigen k\u00f6nnen.<\/p><h2>KONTINUIERLICHE AKTUALISIERUNGEN DER COMPLIANCE<\/h2><p>Die Datenschutzlandschaft entwickelt sich st\u00e4ndig weiter, und das RocketPlay Casino ist bestrebt, mit allen relevanten Vorschriften Schritt zu halten. Wir aktualisieren regelm\u00e4\u00dfig unsere Richtlinien und Verfahren, um \u00c4nderungen in den Datenschutzgesetzen zu reflektieren und sicherzustellen, dass die Privatsph\u00e4re unserer Spieler immer nach den h\u00f6chsten Standards gewahrt wird.<\/p><h2>KONTAKTIEREN SIE UNS F\u00dcR WEITERE INFORMATIONEN<\/h2><p>Wenn Sie Fragen oder Bedenken bez\u00fcglich RocketPlay Casino's GDPR Politik haben oder wie wir Ihre Daten behandeln, ist unser engagiertes Support-Team f\u00fcr Sie da. Sie k\u00f6nnen uns \u00fcber die Kontaktdaten auf unserer Website kontaktieren, und wir werden uns umgehend um Ihre Anfragen k\u00fcmmern.<\/p><h2>EIN SICHERER HAFEN F\u00dcR SPIELBEGEISTERTE<\/h2><p>RocketPlay Casino verpflichtet sich, eine sichere und angenehme Spielumgebung zu bieten. Unsere GDPR-Richtlinie ist nicht nur eine gesetzliche Verpflichtung; sie ist ein Beweis f\u00fcr unser Engagement, Vertrauen und Transparenz mit unseren Spielern zu f\u00f6rdern. Wenn Sie sich auf Ihr Spielabenteuer im RocketPlay Casino einlassen, k\u00f6nnen Sie sicher sein, dass Ihre Privatsph\u00e4re f\u00fcr uns oberste Priorit\u00e4t hat, und wir werden auch weiterhin die Messlatte f\u00fcr den Datenschutz im Online-Gl\u00fccksspiel h\u00f6her legen.<\/p><\/div><\/div><\/div><\/div>                                            <\/div>\n                                        <\/div>\n                                    <\/div>\n\t\t\t\t\t\t\t\t\t                        <\/div>\n\n                    <\/div>\n                <\/div>\n\t\t\t\t<\/div>","protected":false},"excerpt":{"rendered":"<p>In der dynamischen Welt des Online-Gl\u00fccksspiels zeichnet sich das RocketPlay Casino nicht nur durch seine spannenden Spiele und fesselnden Erlebnisse aus, sondern auch durch sein unerm\u00fcdliches Engagement zum Schutz Ihrer Privatsph\u00e4re. Wir bei RocketPlay wissen, wie wichtig es ist, Ihre pers\u00f6nlichen Daten zu sch\u00fctzen und wir halten uns strikt an die General Data Protection Regulation&#8230;<\/p>\n","protected":false},"author":1,"featured_media":0,"parent":0,"menu_order":0,"comment_status":"closed","ping_status":"closed","template":"","meta":{"_acf_changed":false,"_kad_post_transparent":"default","_kad_post_title":"default","_kad_post_layout":"default","_kad_post_sidebar_id":"","_kad_post_content_style":"default","_kad_post_vertical_padding":"default","_kad_post_feature":"","_kad_post_feature_position":"","_kad_post_header":false,"_kad_post_footer":false,"footnotes":""},"class_list":["post-3436","page","type-page","status-publish","hentry"],"acf":[],"rttpg_featured_image_url":null,"rttpg_author":{"display_name":"Oliver","author_link":"https:\/\/rocketplay-online.com\/de\/author\/pemvas95n89x\/"},"rttpg_comment":0,"rttpg_category":null,"rttpg_excerpt":"In der dynamischen Welt des Online-Gl\u00fccksspiels zeichnet sich das RocketPlay Casino nicht nur durch seine spannenden Spiele und fesselnden Erlebnisse aus, sondern auch durch sein unerm\u00fcdliches Engagement zum Schutz Ihrer Privatsph\u00e4re. Wir bei RocketPlay wissen, wie wichtig es ist, Ihre pers\u00f6nlichen Daten zu sch\u00fctzen und wir halten uns strikt an die General Data Protection Regulation...","_links":{"self":[{"href":"https:\/\/rocketplay-online.com\/de\/wp-json\/wp\/v2\/pages\/3436","targetHints":{"allow":["GET"]}}],"collection":[{"href":"https:\/\/rocketplay-online.com\/de\/wp-json\/wp\/v2\/pages"}],"about":[{"href":"https:\/\/rocketplay-online.com\/de\/wp-json\/wp\/v2\/types\/page"}],"author":[{"embeddable":true,"href":"https:\/\/rocketplay-online.com\/de\/wp-json\/wp\/v2\/users\/1"}],"replies":[{"embeddable":true,"href":"https:\/\/rocketplay-online.com\/de\/wp-json\/wp\/v2\/comments?post=3436"}],"version-history":[{"count":1,"href":"https:\/\/rocketplay-online.com\/de\/wp-json\/wp\/v2\/pages\/3436\/revisions"}],"predecessor-version":[{"id":3437,"href":"https:\/\/rocketplay-online.com\/de\/wp-json\/wp\/v2\/pages\/3436\/revisions\/3437"}],"wp:attachment":[{"href":"https:\/\/rocketplay-online.com\/de\/wp-json\/wp\/v2\/media?parent=3436"}],"curies":[{"name":"wp","href":"https:\/\/api.w.org\/{rel}","templated":true}]}}