{"id":3412,"date":"2024-01-18T15:40:40","date_gmt":"2024-01-18T12:40:40","guid":{"rendered":"https:\/\/rocketplay-online.com\/contact-us\/"},"modified":"2024-11-22T00:38:21","modified_gmt":"2024-11-21T21:38:21","slug":"contact-us","status":"publish","type":"page","link":"https:\/\/rocketplay-online.com\/de\/contact-us\/","title":{"rendered":"Kontaktieren Sie uns"},"content":{"rendered":"<div id=\"wppb-builder-container\" class=\"wppb-builder-container\">                <div  class=\"wppb-row-parent  wppb-row-1705581652273 \"  >\n\t\t\t\t\t\n\t\t\t\t\t\t\t\t\t\t\n\t\t\t\t\t\t\t\t\t\t\n\t\t\t\t\t<div class=\"wppb-container \">\n\t\t\t\t\t\t\t\t\t\t\t\t\t\n                        <div class=\"wppb-row\">\n\t\t\t\t\t\t\t                                    <div  class=\"wppb-column-parent wppb-column-parent-view wppb-col-1705581652272  \"  >\n                                        <div class=\"wppb-column\">\n\t\t\t\t\t\n\t\t\t\t\t\t\t\t\t\t\t\n                                            <div class=\"wppb-builder-addons\">\n\t\t\t\t\t\t\t\t\t\t\t\t<div class='wppb-builder-addon wppb-addon-1705581707642'  data-addon-id='1705581707642'><div class='wppb-addon'><div class=\"wppb-text-block-addon\"><div class=\"wppb-text-block-content 0\"><p>RocketPlay Casino hebt sich als ein Leuchtturm der Spannung und Unterhaltung im aufregenden Reich der Online Casinos ab. Unser robustes und benutzerfreundliches Kontaktsystem ist das Herzst\u00fcck unserer Verpflichtung, ein unvergleichliches Spielerlebnis zu bieten. Ganz gleich, ob Sie Fragen zu unseren Spielen haben, auf technische Probleme sto\u00dfen oder uns Ihr Feedback mitteilen m\u00f6chten, unsere Kontaktplattform stellt sicher, dass Ihre Stimme geh\u00f6rt wird und Ihre Anliegen umgehend bearbeitet werden.<\/p><h2>NAVIGATION AUF DER ROCKETPLAY KONTAKTSEITE<\/h2><p>Wir bei RocketPlay Casino glauben an Einfachheit und Effizienz. Das Navigieren auf unserer Kontaktseite ist ein Kinderspiel und stellt sicher, dass die Spieler m\u00fchelos mit unserem Support-Team in Kontakt treten k\u00f6nnen. Die Seite ist strategisch aufgebaut und bietet einen einfachen Zugang zu verschiedenen Kommunikationswegen. Vom Live-Chat-Support bis zur E-Mail-Unterst\u00fctzung haben wir den Prozess gestrafft, um Ihre Interaktion mit RocketPlay so nahtlos wie m\u00f6glich zu gestalten.<\/p><h2>LIVE-CHAT: SOFORTIGE UNTERST\u00dcTZUNG AUF KNOPFDRUCK<\/h2><p>Unsere Live-Chat-Funktion ist eine gro\u00dfe Hilfe f\u00fcr alle, die sofortige Unterst\u00fctzung ben\u00f6tigen. Diese Echtzeit-Chat-Option befindet sich an prominenter Stelle auf der Kontakt-Seite und verbindet Sie direkt mit unseren sachkundigen Support-Mitarbeitern. Ganz gleich, ob Sie Probleme mit einem Spiel haben, Fragen zu Werbeaktionen haben oder Hilfe bei der Navigation auf unserer Plattform ben\u00f6tigen, der Live-Chat sorgt f\u00fcr schnelle und pers\u00f6nliche L\u00f6sungen. Unser Support-Team steht Ihnen rund um die Uhr zur Verf\u00fcgung und sorgt daf\u00fcr, dass Ihr Spielerlebnis nie durch Unklarheiten unterbrochen wird.<\/p><h2>E-MAIL-SUPPORT: UMFASSENDE UND DETAILLIERTE ANTWORTEN<\/h2><p>Wenn Sie eine detailliertere oder asynchrone Interaktion bevorzugen, bietet RocketPlay Casino ein robustes E-Mail-Supportsystem. Unsere spezielle Support-E-Mail-Adresse ist auf der Kontakt-Seite gut sichtbar angegeben, so dass Sie Ihre Fragen oder Bedenken jederzeit einreichen k\u00f6nnen. Unser engagiertes Team von Support-Fachleuten \u00fcberwacht sorgf\u00e4ltig den Posteingang und bietet umfassende und detaillierte Antworten, die auf Ihre Bed\u00fcrfnisse zugeschnitten sind. Von kontobezogenen Fragen bis hin zu technischen Problemen ist f\u00fcr unser Team kein Problem zu gro\u00df oder zu klein, um es zu l\u00f6sen.<\/p><h2>FAQ-BEREICH: SOFORTIGE ANTWORTEN AUF H\u00c4UFIGE FRAGEN<\/h2><p>RocketPlay Casino wei\u00df, wie wichtig Zeit ist, und wir bem\u00fchen uns, sofortige Antworten auf h\u00e4ufige Fragen in unserem umfassenden FAQ-Bereich zu geben. Bevor Sie sich an unser Support-Team wenden, k\u00f6nnen Sie in diesem Bereich L\u00f6sungen f\u00fcr h\u00e4ufig auftretende Probleme finden. Die FAQ-Seite wird regelm\u00e4\u00dfig aktualisiert, um auf neue Anfragen und Herausforderungen einzugehen und den Spielern die Informationen an die Hand zu geben, die sie ben\u00f6tigen, um ihr Spielerlebnis zu verbessern.<\/p><h2>ENGAGEMENT IN DEN SOZIALEN MEDIEN: VERBINDUNG \u00dcBER DIE PLATTFORM HINAUS<\/h2><p>RocketPlay Casino glaubt daran, eine lebendige und engagierte Gemeinschaft zu f\u00f6rdern. Unsere Kontaktseite enth\u00e4lt Links zu unseren offiziellen Social Media Konten, die es den Spielern erm\u00f6glichen, mit uns in Kontakt zu treten. Egal ob Sie Facebook, Twitter oder Instagram bevorzugen, unsere Social Media Kan\u00e4le sind nicht nur Plattformen f\u00fcr Updates, sondern auch Orte, an denen Sie uns erreichen, Ihre Erfahrungen teilen und sich mit anderen Spielbegeisterten verbinden k\u00f6nnen.<\/p><h2>TELEFONSUPPORT: EIN DIREKTER DRAHT ZUR UNTERST\u00dcTZUNG<\/h2><p>Da wir wissen, wie wichtig eine direkte und unmittelbare Kommunikation ist, bietet RocketPlay Casino eine spezielle Telefon-Support-Option an. Auf unserer Kontakt-Seite finden Sie die notwendigen Details, um unser Support-Team per Telefon zu erreichen. Diese Option ist besonders vorteilhaft f\u00fcr dringende Angelegenheiten, die ein Gespr\u00e4ch in Echtzeit erfordern. Unsere geschulten Fachleute sind bereit, Ihnen zu helfen und sicherzustellen, dass Ihre RocketPlay Erfahrung reibungslos und angenehm ist.<\/p><h2>FEEDBACK-FORMULAR: DIE ZUKUNFT VON ROCKETPLAY MITGESTALTEN<\/h2><p>RocketPlay Casino sch\u00e4tzt die Meinungen und Erfahrungen seiner Spieler. Unsere Kontakt-Seite bietet ein benutzerfreundliches Feedback-Formular, um eine offene Kommunikation und kontinuierliche Verbesserung zu f\u00f6rdern. Bitte teilen Sie uns Ihre Gedanken, Vorschl\u00e4ge oder Bedenken mit und seien Sie versichert, dass Ihr Input in unseren laufenden Bem\u00fchungen, das Spielerlebnis f\u00fcr alle RocketPlay-Enthusiasten zu verbessern, ber\u00fccksichtigt wird.<\/p><h2>IHRE REISE MIT DEM ROCKETPLAY CASINO BEGINNT MIT DEM KONTAKT ZU UNS<\/h2><p>Das RocketPlay Casino Kontaktsystem ist nicht nur eine Kundenunterst\u00fctzungsfunktion; es ist eine Verpflichtung, ein ganzheitliches Spielerlebnis zu bieten. Von sofortigem Live-Chat-Support bis hin zu ausf\u00fchrlicher E-Mail-Hilfe haben wir einen vielseitigen Ansatz entwickelt, um den unterschiedlichen Bed\u00fcrfnissen unserer Spieler gerecht zu werden. Unsere Kontaktseite ist mehr als nur ein Kommunikationsportal; es ist eine Br\u00fccke, die Sie mit einer Welt des nahtlosen Spielens, unvergleichlicher Unterst\u00fctzung und einer Gemeinschaft, die Ihren Beitrag sch\u00e4tzt, verbindet. Kommen Sie zu uns ins RocketPlay Casino, und lassen Sie Ihre Spielreise von Exzellenz, Innovation und einem Engagement f\u00fcr Ihre Zufriedenheit bestimmt sein.<\/p><\/div><\/div><\/div><\/div>                                            <\/div>\n                                        <\/div>\n                                    <\/div>\n\t\t\t\t\t\t\t\t\t                        <\/div>\n\n                    <\/div>\n                <\/div>\n\t\t\t\t<\/div>","protected":false},"excerpt":{"rendered":"<p>RocketPlay Casino hebt sich als ein Leuchtturm der Spannung und Unterhaltung im aufregenden Reich der Online Casinos ab. Unser robustes und benutzerfreundliches Kontaktsystem ist das Herzst\u00fcck unserer Verpflichtung, ein unvergleichliches Spielerlebnis zu bieten. Ganz gleich, ob Sie Fragen zu unseren Spielen haben, auf technische Probleme sto\u00dfen oder uns Ihr Feedback mitteilen m\u00f6chten, unsere Kontaktplattform stellt&#8230;<\/p>\n","protected":false},"author":1,"featured_media":0,"parent":0,"menu_order":0,"comment_status":"closed","ping_status":"closed","template":"","meta":{"_acf_changed":false,"_kad_post_transparent":"default","_kad_post_title":"default","_kad_post_layout":"default","_kad_post_sidebar_id":"","_kad_post_content_style":"default","_kad_post_vertical_padding":"default","_kad_post_feature":"","_kad_post_feature_position":"","_kad_post_header":false,"_kad_post_footer":false,"footnotes":""},"class_list":["post-3412","page","type-page","status-publish","hentry"],"acf":[],"rttpg_featured_image_url":null,"rttpg_author":{"display_name":"Oliver","author_link":"https:\/\/rocketplay-online.com\/de\/author\/pemvas95n89x\/"},"rttpg_comment":0,"rttpg_category":null,"rttpg_excerpt":"RocketPlay Casino hebt sich als ein Leuchtturm der Spannung und Unterhaltung im aufregenden Reich der Online Casinos ab. Unser robustes und benutzerfreundliches Kontaktsystem ist das Herzst\u00fcck unserer Verpflichtung, ein unvergleichliches Spielerlebnis zu bieten. Ganz gleich, ob Sie Fragen zu unseren Spielen haben, auf technische Probleme sto\u00dfen oder uns Ihr Feedback mitteilen m\u00f6chten, unsere Kontaktplattform stellt...","_links":{"self":[{"href":"https:\/\/rocketplay-online.com\/de\/wp-json\/wp\/v2\/pages\/3412","targetHints":{"allow":["GET"]}}],"collection":[{"href":"https:\/\/rocketplay-online.com\/de\/wp-json\/wp\/v2\/pages"}],"about":[{"href":"https:\/\/rocketplay-online.com\/de\/wp-json\/wp\/v2\/types\/page"}],"author":[{"embeddable":true,"href":"https:\/\/rocketplay-online.com\/de\/wp-json\/wp\/v2\/users\/1"}],"replies":[{"embeddable":true,"href":"https:\/\/rocketplay-online.com\/de\/wp-json\/wp\/v2\/comments?post=3412"}],"version-history":[{"count":1,"href":"https:\/\/rocketplay-online.com\/de\/wp-json\/wp\/v2\/pages\/3412\/revisions"}],"predecessor-version":[{"id":3413,"href":"https:\/\/rocketplay-online.com\/de\/wp-json\/wp\/v2\/pages\/3412\/revisions\/3413"}],"wp:attachment":[{"href":"https:\/\/rocketplay-online.com\/de\/wp-json\/wp\/v2\/media?parent=3412"}],"curies":[{"name":"wp","href":"https:\/\/api.w.org\/{rel}","templated":true}]}}