{"id":3388,"date":"2024-01-18T17:52:24","date_gmt":"2024-01-18T14:52:24","guid":{"rendered":"https:\/\/rocketplay-online.com\/bonus-policy\/"},"modified":"2025-11-24T21:04:01","modified_gmt":"2025-11-24T18:04:01","slug":"bonus-policy","status":"publish","type":"page","link":"https:\/\/rocketplay-online.com\/de\/bonus-policy\/","title":{"rendered":"Bonus Politik"},"content":{"rendered":"<div id=\"wppb-builder-container\" class=\"wppb-builder-container\">                <div  class=\"wppb-row-parent  wppb-row-1705589559402 \"  >\n\t\t\t\t\t\n\t\t\t\t\t\t\t\t\t\t\n\t\t\t\t\t\t\t\t\t\t\n\t\t\t\t\t<div class=\"wppb-container \">\n\t\t\t\t\t\t\t\t\t\t\t\t\t\n                        <div class=\"wppb-row\">\n\t\t\t\t\t\t\t                                    <div  class=\"wppb-column-parent wppb-column-parent-view wppb-col-1705589559401  \"  >\n                                        <div class=\"wppb-column\">\n\t\t\t\t\t\n\t\t\t\t\t\t\t\t\t\t\t\n                                            <div class=\"wppb-builder-addons\">\n\t\t\t\t\t\t\t\t\t\t\t\t<div class='wppb-builder-addon wppb-addon-1705589614455'  data-addon-id='1705589614455'><div class='wppb-addon'><div class=\"wppb-text-block-addon\"><div class=\"wppb-text-block-content 0\"><p>Das RocketPlay Casino zeichnet sich durch seine vielf\u00e4ltige Spielauswahl, seine hochmoderne Technologie und seine gro\u00dfz\u00fcgige und transparente Bonuspolitik aus. Die Feinheiten des Bonussystems zu verstehen ist entscheidend f\u00fcr Spieler, die ihr Spielerlebnis maximieren wollen. In diesem umfassenden Leitfaden gehen wir auf die Bonuspolitik von RocketPlay ein und erforschen die verschiedenen angebotenen Boni und deren Bedingungen und Konditionen.<\/p><h2>WILLKOMMENSBONUS: STARTEN SIE IHR ROCKETPLAY ABENTEUER<\/h2><p>Das RocketPlay Casino begr\u00fc\u00dft neue Spieler mit einem verlockenden Willkommensbonus, der ihnen einen Vorsprung auf ihrer Spielreise verschaffen soll. Nach der Anmeldung und der ersten Einzahlung k\u00f6nnen die Spieler einen prozentualen Bonus genie\u00dfen und erhalten oft zus\u00e4tzliche Freispiele f\u00fcr beliebte Slotspiele. Das ist ein raketenartiger Schub, um die Spannung zu erh\u00f6hen, und je mehr Sie einzahlen, desto gr\u00f6\u00dfer sind die Belohnungen.<\/p><h2>RELOAD-BONUSSE: DEN SCHWUNG AUFRECHTERHALTEN<\/h2><p>RocketPlay Casino bietet Reload Boni f\u00fcr erfahrene Spieler an, um den Spielschwung aufrechtzuerhalten. Diese Boni sind in der Regel an bestimmten Wochentagen oder im Rahmen von Sonderaktionen erh\u00e4ltlich. Indem sie ihre Konten w\u00e4hrend dieser Zeitr\u00e4ume aufladen, k\u00f6nnen die Spieler zus\u00e4tzliche Gelder oder Freispiele genie\u00dfen und so sicherstellen, dass der Nervenkitzel des Spielens bei RocketPlay nie nachl\u00e4sst.<\/p><h2>VIP-PROGRAMM: DER GRIFF NACH DEN STERNEN<\/h2><p>Das RocketPlay Casino nimmt die Loyalit\u00e4t seiner Spieler ernst und belohnt sie durch ein hervorragendes VIP Programm. W\u00e4hrend die Spieler durch die VIP Stufen aufsteigen, schalten sie immer attraktivere Verg\u00fcnstigungen frei, wie z.B. personalisierte Kontomanager, schnellere Auszahlungszeiten und exklusiven Zugang zu High-Stakes Turnieren. Das VIP Programm ist ein Beweis f\u00fcr RocketPlay's Engagement, die engagiertesten Spieler anzuerkennen und zu sch\u00e4tzen.<\/p><h2>WETTANFORDERUNGEN: ENTH\u00dcLLUNG DES KLEINGEDRUCKTEN<\/h2><p>W\u00e4hrend Boni Ihr Spielerlebnis noch aufregender machen, m\u00fcssen Sie sich \u00fcber die damit verbundenen Wettanforderungen im Klaren sein. Das RocketPlay Casino hat vern\u00fcnftige Wettbedingungen eingef\u00fchrt, um ein faires Spielfeld zu gew\u00e4hrleisten. Bevor Sie sich Bonusgewinne auszahlen lassen k\u00f6nnen, m\u00fcssen Sie den Bonusbetrag eine bestimmte Anzahl von Malen umsetzen. Dies ist eine Standardpraxis in der Online-Casino-Branche, und RocketPlay sorgt f\u00fcr Transparenz, indem es diese Anforderungen in seiner Bonuspolitik klar darlegt.<\/p><h2>SPIELBEITR\u00c4GE: SMART SPIELEN<\/h2><p>Nicht alle Spiele tragen gleicherma\u00dfen zur Erf\u00fcllung der Wettanforderungen bei. RocketPlay Casino weist den verschiedenen Spielkategorien unterschiedliche Prozents\u00e4tze zu. W\u00e4hrend Spielautomaten zum Beispiel 100% beitragen, tragen Tischspiele wie Blackjack oder Roulette nur einen Bruchteil bei. Das Verst\u00e4ndnis dieser Spielbeitr\u00e4ge ist entscheidend f\u00fcr Spieler, die die Wettanforderungen effizient erf\u00fcllen wollen. Die Bonuspolitik bietet eine umfassende Liste, die den Spielern hilft, ihre Spielstrategie entsprechend zu gestalten.<\/p><h2>ZEITLIMITEN: RENNEN GEGEN DIE UHR<\/h2><p>Die Bonuspolitik von RocketPlay beinhaltet Zeitlimits, um das Spielerlebnis dynamisch zu halten. Die Spieler m\u00fcssen die Wettanforderungen innerhalb eines bestimmten Zeitrahmens erf\u00fcllen, in der Regel Tage oder Wochen. Diese zeitliche Beschr\u00e4nkung verleiht den Spielern ein Element der Dringlichkeit und dr\u00e4ngt sie dazu, das Beste aus ihren Boni zu machen. Dies ist eine faire Praxis, die sicherstellt, dass Bonusse ein spannender Anreiz bleiben, ohne auf unbestimmte Zeit zu verweilen.<\/p><h2>BONUS CODES: DEN BELOHNUNGSCODE KNACKEN<\/h2><p>RocketPlay Casino verwendet oft Bonuscodes, um exklusive Aktionen freizuschalten. Diese Codes, in der Regel eine Kombination aus Buchstaben und Zahlen, k\u00f6nnen w\u00e4hrend des Einzahlungsvorgangs eingegeben werden, um bestimmte Boni zu erhalten. Behalten Sie die Werbe-E-Mails, Website-Banner oder Social Media-Kan\u00e4le von RocketPlay im Auge, um diese begehrten Codes zu entdecken und zus\u00e4tzliche Belohnungen freizuschalten.<\/p><h2>CASHBACK-BONUSSE: WEICHE LANDUNG<\/h2><p>Selbst in der unvorhersehbaren Welt des Online-Gl\u00fccksspiels bietet das RocketPlay Casino seinen Spielern Cashback-Boni an. Diese Boni bieten ein Sicherheitsnetz, indem sie einen Prozentsatz der Verluste an den Spieler zur\u00fcckgeben. Egal, ob Sie gerade eine Gl\u00fccksstr\u00e4hne haben oder ein bisschen Pech, der Cashback Bonus stellt sicher, dass Ihr Spielerlebnis angenehm bleibt, da ein Teil Ihrer Verluste auf Ihr Konto zur\u00fcckflie\u00dft.<\/p><h2>VERANTWORTUNGSVOLLES SPIELEN: EINE PRIORIT\u00c4T F\u00dcR ROCKETPLAY<\/h2><p>RocketPlay Casino legt gro\u00dfen Wert auf verantwortungsbewusstes Spielen und ermutigt seine Spieler, die Plattform verantwortungsvoll zu nutzen. Die Bonusrichtlinien beinhalten Ma\u00dfnahmen zur Verhinderung von Bonusmissbrauch und umrei\u00dfen die Konsequenzen bei Verst\u00f6\u00dfen gegen die Bedingungen. RocketPlay ist bestrebt, eine sichere und angenehme Umgebung f\u00fcr alle Spieler zu schaffen, indem es verantwortungsvolle Spielpraktiken f\u00f6rdert.<\/p><h2>MIT DER BONUSPOLITIK VON ROCKETPLAY ZU NEUEN H\u00d6HEN AUFSTEIGEN<\/h2><p>In der riesigen Galaxie der Online-Casinos sticht RocketPlay durch seine beeindruckende Spielauswahl und sein Engagement hervor, den Spielern ein lohnendes und faires Spielerlebnis zu bieten. Die Bonuspolitik spiegelt dieses Engagement wider und bietet verschiedene Boni mit transparenten Bedingungen an. Egal, ob Sie ein neuer Spieler sind, der sein Abenteuer bei RocketPlay beginnt, oder ein erfahrener VIP, der nach den Sternen greift, die Bonuspolitik von RocketPlay stellt sicher, dass Ihre Reise mit Aufregung und reichlichen Belohnungen gef\u00fcllt ist.<\/p><\/div><\/div><\/div><\/div>                                            <\/div>\n                                        <\/div>\n                                    <\/div>\n\t\t\t\t\t\t\t\t\t                        <\/div>\n\n                    <\/div>\n                <\/div>\n\t\t\t\t<\/div>","protected":false},"excerpt":{"rendered":"<p>Das RocketPlay Casino zeichnet sich durch seine vielf\u00e4ltige Spielauswahl, seine hochmoderne Technologie und seine gro\u00dfz\u00fcgige und transparente Bonuspolitik aus. Die Feinheiten des Bonussystems zu verstehen ist entscheidend f\u00fcr Spieler, die ihr Spielerlebnis maximieren wollen. In diesem umfassenden Leitfaden gehen wir auf die Bonuspolitik von RocketPlay ein und erforschen die verschiedenen angebotenen Boni und deren Bedingungen&#8230;<\/p>\n","protected":false},"author":1,"featured_media":0,"parent":0,"menu_order":0,"comment_status":"closed","ping_status":"closed","template":"","meta":{"_acf_changed":false,"_kad_post_transparent":"default","_kad_post_title":"default","_kad_post_layout":"default","_kad_post_sidebar_id":"","_kad_post_content_style":"default","_kad_post_vertical_padding":"default","_kad_post_feature":"","_kad_post_feature_position":"","_kad_post_header":false,"_kad_post_footer":false,"footnotes":""},"class_list":["post-3388","page","type-page","status-publish","hentry"],"acf":[],"rttpg_featured_image_url":null,"rttpg_author":{"display_name":"Oliver","author_link":"https:\/\/rocketplay-online.com\/de\/author\/pemvas95n89x\/"},"rttpg_comment":0,"rttpg_category":null,"rttpg_excerpt":"Das RocketPlay Casino zeichnet sich durch seine vielf\u00e4ltige Spielauswahl, seine hochmoderne Technologie und seine gro\u00dfz\u00fcgige und transparente Bonuspolitik aus. Die Feinheiten des Bonussystems zu verstehen ist entscheidend f\u00fcr Spieler, die ihr Spielerlebnis maximieren wollen. In diesem umfassenden Leitfaden gehen wir auf die Bonuspolitik von RocketPlay ein und erforschen die verschiedenen angebotenen Boni und deren Bedingungen...","_links":{"self":[{"href":"https:\/\/rocketplay-online.com\/de\/wp-json\/wp\/v2\/pages\/3388","targetHints":{"allow":["GET"]}}],"collection":[{"href":"https:\/\/rocketplay-online.com\/de\/wp-json\/wp\/v2\/pages"}],"about":[{"href":"https:\/\/rocketplay-online.com\/de\/wp-json\/wp\/v2\/types\/page"}],"author":[{"embeddable":true,"href":"https:\/\/rocketplay-online.com\/de\/wp-json\/wp\/v2\/users\/1"}],"replies":[{"embeddable":true,"href":"https:\/\/rocketplay-online.com\/de\/wp-json\/wp\/v2\/comments?post=3388"}],"version-history":[{"count":1,"href":"https:\/\/rocketplay-online.com\/de\/wp-json\/wp\/v2\/pages\/3388\/revisions"}],"predecessor-version":[{"id":3389,"href":"https:\/\/rocketplay-online.com\/de\/wp-json\/wp\/v2\/pages\/3388\/revisions\/3389"}],"wp:attachment":[{"href":"https:\/\/rocketplay-online.com\/de\/wp-json\/wp\/v2\/media?parent=3388"}],"curies":[{"name":"wp","href":"https:\/\/api.w.org\/{rel}","templated":true}]}}