{"id":3364,"date":"2024-01-18T17:47:26","date_gmt":"2024-01-18T14:47:26","guid":{"rendered":"https:\/\/rocketplay-online.com\/aml-policy\/"},"modified":"2025-11-24T21:00:46","modified_gmt":"2025-11-24T18:00:46","slug":"aml-policy","status":"publish","type":"page","link":"https:\/\/rocketplay-online.com\/de\/aml-policy\/","title":{"rendered":"AML-Politik"},"content":{"rendered":"<div id=\"wppb-builder-container\" class=\"wppb-builder-container\">                <div  class=\"wppb-row-parent  wppb-row-1705589272453 \"  >\n\t\t\t\t\t\n\t\t\t\t\t\t\t\t\t\t\n\t\t\t\t\t\t\t\t\t\t\n\t\t\t\t\t<div class=\"wppb-container \">\n\t\t\t\t\t\t\t\t\t\t\t\t\t\n                        <div class=\"wppb-row\">\n\t\t\t\t\t\t\t                                    <div  class=\"wppb-column-parent wppb-column-parent-view wppb-col-1705589272452  \"  >\n                                        <div class=\"wppb-column\">\n\t\t\t\t\t\n\t\t\t\t\t\t\t\t\t\t\t\n                                            <div class=\"wppb-builder-addons\">\n\t\t\t\t\t\t\t\t\t\t\t\t<div class='wppb-builder-addon wppb-addon-1705589314401'  data-addon-id='1705589314401'><div class='wppb-addon'><div class=\"wppb-text-block-addon\"><div class=\"wppb-text-block-content 0\"><p>In der schnelllebigen Welt des Online-Gl\u00fccksspiels zeichnet sich das RocketPlay Casino nicht nur durch seine spannenden Spiele und seine benutzerfreundliche Oberfl\u00e4che aus, sondern auch durch sein unerm\u00fcdliches Engagement f\u00fcr die Aufrechterhaltung der h\u00f6chsten Standards in Bezug auf Integrit\u00e4t und Sicherheit. Das Herzst\u00fcck von RocketPlay's operativem Rahmen ist eine umfassende Anti-Geldw\u00e4sche-Politik (AML), die die Plattform vor illegalen finanziellen Aktivit\u00e4ten sch\u00fctzt und gleichzeitig eine sichere und angenehme Spielumgebung f\u00fcr alle Benutzer gew\u00e4hrleistet.<\/p><h2>SICHERHEIT UND INTEGRIT\u00c4T AN ERSTER STELLE<\/h2><p>RocketPlay Casino ist sich der Schwere der Geldw\u00e4sche und der potenziellen Risiken f\u00fcr die Online-Gl\u00fccksspielindustrie bewusst. Als verantwortungsvolle Spielplattform haben wir eine robuste AML-Politik implementiert, um verd\u00e4chtige Aktivit\u00e4ten, die auf unserer Plattform auftreten k\u00f6nnen, zu erkennen, zu verhindern und zu melden. Unsere Verpflichtung zu den h\u00f6chsten ethischen Standards sorgt f\u00fcr ein sicheres und transparentes Spielerlebnis.<\/p><h2>SORGFALTSPFLICHT GEGEN\u00dcBER KUNDEN (CDD)<\/h2><p>Bei RocketPlay wenden wir einen gr\u00fcndlichen Customer Due Diligence (CDD) Prozess an, um die Identit\u00e4t unserer Nutzer zu \u00fcberpr\u00fcfen. Dies beinhaltet das Sammeln und \u00dcberpr\u00fcfen von pers\u00f6nlichen Informationen, wie z.B. einem amtlichen Ausweis, einem Adressnachweis und anderen relevanten Dokumenten. Durch die Durchf\u00fchrung einer sorgf\u00e4ltigen CDD k\u00f6nnen wir sicherstellen, dass unsere Plattform f\u00fcr echte Spieler sicher bleibt und gleichzeitig das Risiko der Geldw\u00e4sche verringert wird.<\/p><h2>TRANSAKTIONS\u00dcBERWACHUNG UND BERICHTERSTATTUNG<\/h2><p>Das RocketPlay Casino setzt fortschrittliche Transaktions\u00fcberwachungssysteme ein, die die Benutzeraktivit\u00e4ten in Echtzeit analysieren. Ungew\u00f6hnliche Muster, signifikante Transaktionen oder Abweichungen vom typischen Verhalten eines Benutzers l\u00f6sen Warnungen f\u00fcr weitere Untersuchungen aus. Unser engagiertes AML-Team arbeitet gewissenhaft an der Auswertung dieser Warnungen und meldet verd\u00e4chtige Aktivit\u00e4ten an die zust\u00e4ndigen Beh\u00f6rden, wie es das Gesetz vorschreibt. Durch diesen proaktiven Ansatz wird sichergestellt, dass potenzielle Geldw\u00e4scheaktivit\u00e4ten schnell erkannt und behandelt werden.<\/p><h2>RISIKOBEWERTUNG UND -MINDERUNG<\/h2><p>Das Verst\u00e4ndnis der Risikolandschaft ist entscheidend f\u00fcr die Bek\u00e4mpfung der Geldw\u00e4sche. RocketPlay bewertet und aktualisiert seine Risikobewertungsverfahren kontinuierlich, um den sich entwickelnden Bedrohungen immer einen Schritt voraus zu sein. Durch die Kategorisierung von Nutzern auf der Grundlage von Risikoprofilen k\u00f6nnen wir geeignete Ma\u00dfnahmen ergreifen, um potenzielle Risiken im Zusammenhang mit Geldw\u00e4sche zu minimieren. Dieser risikobasierte Ansatz erm\u00f6glicht es uns, Ressourcen effektiv zuzuweisen und uns auf Bereiche zu konzentrieren, die von gr\u00f6\u00dferer Bedeutung sind.<\/p><h2>MITARBEITERSCHULUNG UND -SENSIBILISIERUNG<\/h2><p>RocketPlay Casino ist sich bewusst, dass die Effektivit\u00e4t unserer AML-Politik von dem Wissen und der Wachsamkeit unseres Teams abh\u00e4ngt. Wir investieren in regelm\u00e4\u00dfige Schulungen, um unsere Mitarbeiter \u00fcber die neuesten Trends in Sachen Geldw\u00e4sche und die damit verbundenen Risiken zu informieren. Durch die F\u00f6rderung einer Kultur des Bewusstseins bef\u00e4higen wir unsere Mitarbeiter, verd\u00e4chtige Aktivit\u00e4ten sofort zu erkennen und zu melden, wodurch eine zus\u00e4tzliche Verteidigungsschicht gegen illegale Finanzaktivit\u00e4ten geschaffen wird.<\/p><h2>EINHALTUNG DER GLOBALEN AML-VORSCHRIFTEN<\/h2><p>RocketPlay Casino arbeitet in strikter \u00dcbereinstimmung mit den internationalen AML-Vorschriften. Wir halten uns \u00fcber Aktualisierungen und \u00c4nderungen der AML-Gesetze auf dem Laufenden und passen unsere Richtlinien und Verfahren entsprechend an. Diese Verpflichtung zur Einhaltung der Vorschriften sch\u00fctzt unsere Plattform und tr\u00e4gt zu den Bem\u00fchungen der gesamten Branche bei, die h\u00f6chsten Integrit\u00e4tsstandards aufrechtzuerhalten.<\/p><h2>ZUSAMMENARBEIT MIT DEN AUFSICHTSBEH\u00d6RDEN<\/h2><p>Zus\u00e4tzlich zur Einhaltung der AML-Vorschriften arbeitet das RocketPlay Casino aktiv mit Regulierungsbeh\u00f6rden und Strafverfolgungsbeh\u00f6rden zusammen. Wir glauben an die F\u00f6rderung einer transparenten und kooperativen Beziehung mit diesen Einrichtungen, um Informationen zu teilen und zum globalen Kampf gegen Geldw\u00e4sche beizutragen. Dieser kooperative Ansatz unterstreicht unser Engagement, ein sicheres und vertrauensw\u00fcrdiges Online-Gaming-\u00d6kosystem zu schaffen.<\/p><h2>F\u00d6RDERUNG EINES VERANTWORTUNGSVOLLEN FINANZVERHALTENS<\/h2><p>Das RocketPlay Casino hat sich verpflichtet, verantwortungsvolles Spiel- und Finanzverhalten zu f\u00f6rdern. Wir kl\u00e4ren unsere Nutzer \u00fcber die mit Geldw\u00e4sche verbundenen Risiken auf und f\u00f6rdern ein verantwortungsvolles Finanzverhalten. Indem wir eine Gemeinschaft von informierten und verantwortungsbewussten Spielern f\u00f6rdern, tragen wir zu den kollektiven Bem\u00fchungen bei, die Integrit\u00e4t der Online-Gl\u00fccksspielindustrie zu erhalten.<\/p><h2>TRANSPARENTE KOMMUNIKATION<\/h2><p>Offene und transparente Kommunikation ist entscheidend, um Vertrauen bei unseren Nutzern aufzubauen. RocketPlay Casino stellt sicher, dass unsere AML Politik f\u00fcr alle Benutzer leicht zug\u00e4nglich ist. Wir stellen klare und pr\u00e4zise Informationen \u00fcber unsere Verfahren zur Verf\u00fcgung und betonen die Wichtigkeit der Zusammenarbeit mit unseren Benutzern bei der Aufrechterhaltung einer sicheren Spielumgebung.<\/p><h2>AUFRECHTERHALTUNG DER INTEGRIT\u00c4T DES ONLINE-GL\u00dcCKSSPIELS<\/h2><p>Das RocketPlay Casino steht als Leuchtturm f\u00fcr Sicherheit und Integrit\u00e4t in der dynamischen Welt des Online-Gl\u00fccksspiels. Unsere umfassende AML-Politik, die die Sorgfaltspflicht gegen\u00fcber Kunden, die \u00dcberwachung von Transaktionen, die Risikobewertung, die Schulung von Mitarbeitern und die Zusammenarbeit mit den Regulierungsbeh\u00f6rden umfasst, spiegelt unser unersch\u00fctterliches Engagement bei der Bek\u00e4mpfung von Geldw\u00e4sche wider. Indem wir den h\u00f6chsten ethischen Standards den Vorrang geben und an der Spitze der Einhaltung von Vorschriften bleiben, schafft das RocketPlay Casino ein sicheres und angenehmes Spielerlebnis f\u00fcr Spieler auf der ganzen Welt und tr\u00e4gt zur allgemeinen Gesundheit und Reputation der Online-Gl\u00fccksspielindustrie bei.<\/p><\/div><\/div><\/div><\/div>                                            <\/div>\n                                        <\/div>\n                                    <\/div>\n\t\t\t\t\t\t\t\t\t                        <\/div>\n\n                    <\/div>\n                <\/div>\n\t\t\t\t<\/div>","protected":false},"excerpt":{"rendered":"<p>In der schnelllebigen Welt des Online-Gl\u00fccksspiels zeichnet sich das RocketPlay Casino nicht nur durch seine spannenden Spiele und seine benutzerfreundliche Oberfl\u00e4che aus, sondern auch durch sein unerm\u00fcdliches Engagement f\u00fcr die Aufrechterhaltung der h\u00f6chsten Standards in Bezug auf Integrit\u00e4t und Sicherheit. Das Herzst\u00fcck von RocketPlay&#8217;s operativem Rahmen ist eine umfassende Anti-Geldw\u00e4sche-Politik (AML), die die Plattform vor&#8230;<\/p>\n","protected":false},"author":1,"featured_media":0,"parent":0,"menu_order":0,"comment_status":"closed","ping_status":"closed","template":"","meta":{"_acf_changed":false,"_kad_post_transparent":"default","_kad_post_title":"default","_kad_post_layout":"default","_kad_post_sidebar_id":"","_kad_post_content_style":"default","_kad_post_vertical_padding":"default","_kad_post_feature":"","_kad_post_feature_position":"","_kad_post_header":false,"_kad_post_footer":false,"footnotes":""},"class_list":["post-3364","page","type-page","status-publish","hentry"],"acf":[],"rttpg_featured_image_url":null,"rttpg_author":{"display_name":"Oliver","author_link":"https:\/\/rocketplay-online.com\/de\/author\/pemvas95n89x\/"},"rttpg_comment":0,"rttpg_category":null,"rttpg_excerpt":"In der schnelllebigen Welt des Online-Gl\u00fccksspiels zeichnet sich das RocketPlay Casino nicht nur durch seine spannenden Spiele und seine benutzerfreundliche Oberfl\u00e4che aus, sondern auch durch sein unerm\u00fcdliches Engagement f\u00fcr die Aufrechterhaltung der h\u00f6chsten Standards in Bezug auf Integrit\u00e4t und Sicherheit. Das Herzst\u00fcck von RocketPlay's operativem Rahmen ist eine umfassende Anti-Geldw\u00e4sche-Politik (AML), die die Plattform vor...","_links":{"self":[{"href":"https:\/\/rocketplay-online.com\/de\/wp-json\/wp\/v2\/pages\/3364","targetHints":{"allow":["GET"]}}],"collection":[{"href":"https:\/\/rocketplay-online.com\/de\/wp-json\/wp\/v2\/pages"}],"about":[{"href":"https:\/\/rocketplay-online.com\/de\/wp-json\/wp\/v2\/types\/page"}],"author":[{"embeddable":true,"href":"https:\/\/rocketplay-online.com\/de\/wp-json\/wp\/v2\/users\/1"}],"replies":[{"embeddable":true,"href":"https:\/\/rocketplay-online.com\/de\/wp-json\/wp\/v2\/comments?post=3364"}],"version-history":[{"count":1,"href":"https:\/\/rocketplay-online.com\/de\/wp-json\/wp\/v2\/pages\/3364\/revisions"}],"predecessor-version":[{"id":3365,"href":"https:\/\/rocketplay-online.com\/de\/wp-json\/wp\/v2\/pages\/3364\/revisions\/3365"}],"wp:attachment":[{"href":"https:\/\/rocketplay-online.com\/de\/wp-json\/wp\/v2\/media?parent=3364"}],"curies":[{"name":"wp","href":"https:\/\/api.w.org\/{rel}","templated":true}]}}