{"id":3312,"date":"2024-01-18T14:56:47","date_gmt":"2024-01-18T11:56:47","guid":{"rendered":"https:\/\/rocketplay-online.com\/about-us\/"},"modified":"2025-04-10T13:35:37","modified_gmt":"2025-04-10T10:35:37","slug":"about-us","status":"publish","type":"page","link":"https:\/\/rocketplay-online.com\/de\/about-us\/","title":{"rendered":"\u00dcber uns"},"content":{"rendered":"<div id=\"wppb-builder-container\" class=\"wppb-builder-container\">                <div  class=\"wppb-row-parent  wppb-row-1705579021000 \"  >\n\t\t\t\t\t\n\t\t\t\t\t\t\t\t\t\t\n\t\t\t\t\t\t\t\t\t\t\n\t\t\t\t\t<div class=\"wppb-container \">\n\t\t\t\t\t\t\t\t\t\t\t\t\t\n                        <div class=\"wppb-row\">\n\t\t\t\t\t\t\t                                    <div  class=\"wppb-column-parent wppb-column-parent-view wppb-col-1705579020999  \"  >\n                                        <div class=\"wppb-column\">\n\t\t\t\t\t\n\t\t\t\t\t\t\t\t\t\t\t\n                                            <div class=\"wppb-builder-addons\">\n\t\t\t\t\t\t\t\t\t\t\t\t<div class='wppb-builder-addon wppb-addon-1705579150841'  data-addon-id='1705579150841'><div class='wppb-addon'><div class=\"wppb-text-block-addon\"><div class=\"wppb-text-block-content 0\"><p>Willkommen im RocketPlay Casino, wo der Nervenkitzel des Spielens neue H\u00f6hen erreicht. Treten Sie ein in eine Welt voller Aufregung und Unterhaltung, w\u00e4hrend wir Sie durch unser innovatives Online Casino f\u00fchren. Bei RocketPlay sind wir nicht nur eine weitere Spielplattform; wir sind ein Ziel f\u00fcr diejenigen, die aufregende Abenteuer und unvergleichlichen Spa\u00df suchen.<\/p><h2>UNSERE MISSION: IHR SPIELERLEBNIS ZU VERBESSERN<\/h2><p>Im RocketPlay Casino ist unsere Mission einfach und doch tiefgr\u00fcndig: ein un\u00fcbertroffenes Spielerlebnis zu bieten, das selbst die Erwartungen der anspruchsvollsten Spieler \u00fcbertrifft. Wir haben uns dazu verpflichtet, ein Online-Casino zu schaffen, das \u00fcber das Gew\u00f6hnliche hinausgeht, indem wir Innovation, Technologie und die Leidenschaft f\u00fcr das Spielen vereinen, um ein au\u00dfergew\u00f6hnliches Abenteuer zu bieten.<\/p><h2>INNOVATIVE SPIELPLATTFORM<\/h2><p>RocketPlay ist mehr als nur ein Casino; es ist ein Zentrum der Innovation. Wir setzen modernste Technologie ein, um Ihnen ein nahtloses und intensives Spielerlebnis zu bieten. Unsere Plattform ist mit benutzerfreundlichen Schnittstellen ausgestattet, die sicherstellen, dass sowohl erfahrene Spieler als auch Neulinge leicht navigieren k\u00f6nnen. Mit einer vielf\u00e4ltigen Auswahl an Spielen und hochmodernen Funktionen sind wir hier, um die Art und Weise, wie Sie Online-Gl\u00fccksspiele wahrnehmen, neu zu definieren.<\/p><h2>UN\u00dcBERTROFFENE SPIELAUSWAHL<\/h2><p>Tauchen Sie ein in eine Welt der unendlichen M\u00f6glichkeiten mit RocketPlay's umfangreicher Spielesammlung. Von klassischen Favoriten bis hin zu den neuesten Ver\u00f6ffentlichungen haben wir eine Sammlung zusammengestellt, die alle Geschm\u00e4cker und Vorlieben anspricht. Egal, ob Sie ein Spielautomaten-Enthusiast, ein Poker-Profi oder ein Fan von Live-Dealer-Spielen sind, unsere Plattform hat f\u00fcr jeden etwas zu bieten. Erwarten Sie nichts Geringeres als die besten Titel von renommierten Spieleentwicklern, die Ihnen mit jedem Klick ein erstklassiges Spielerlebnis garantieren.<\/p><h2>SICHERHEIT UND SCHUTZ: IHR SEELENFRIEDEN<\/h2><p>Ihre Sicherheit ist unsere Priorit\u00e4t. RocketPlay Casino setzt modernste Sicherheitsma\u00dfnahmen ein, um sicherzustellen, dass Ihr Spielerlebnis spannend und sicher ist. Wir verwenden die neueste Verschl\u00fcsselungstechnologie, um Ihre pers\u00f6nlichen und finanziellen Informationen zu sch\u00fctzen, damit Sie beruhigt die aufregende Welt des Online-Spiels erkunden k\u00f6nnen.<\/p><h2>VERFECHTER DES VERANTWORTUNGSVOLLEN SPIELENS<\/h2><p>Wir bei RocketPlay verstehen die Bedeutung von verantwortungsvollem Spielen. Wir f\u00f6rdern ein sicheres und zuverl\u00e4ssiges Spielumfeld und ermutigen Spieler, unsere Plattform verantwortungsvoll zu nutzen. Mit Einzahlungslimits, Time-Out-Optionen und Selbstausschluss-Tools geben wir unseren Nutzern die M\u00f6glichkeit, ihre Spielaktivit\u00e4ten auf eine Weise zu verwalten, die ihren Bed\u00fcrfnissen entspricht.<\/p><h2>ROCKET REWARDS: ERH\u00d6HEN SIE IHRE REISE<\/h2><p>Begeben Sie sich auf eine Reise mit Rocket Rewards, unserem exklusiven Treueprogramm, das Ihr Spielerlebnis aufwertet. Sammeln Sie Punkte mit jeder Wette und schalten Sie aufregende Belohnungen frei, von Cashback-Anreizen bis hin zu exklusiven Boni und VIP-Vorteilen. Bei RocketPlay glauben wir daran, unsere treuen Spieler zu belohnen und sicherzustellen, dass jeder Moment auf unserer Plattform mit Aufregung und Mehrwert gef\u00fcllt ist.<\/p><h2>24\/7 KUNDENBETREUUNG: IHR PARTNER IM SPIEL<\/h2><p>Ihre Zufriedenheit ist unsere Verpflichtung. Das RocketPlay Casino verf\u00fcgt \u00fcber ein engagiertes Kundensupport-Team, das 24\/7 f\u00fcr Sie da ist, um Ihnen bei allen Fragen und Anliegen zu helfen. Egal, ob Sie Fragen zu einem Spiel haben, technische Probleme auftreten oder Sie eine Anleitung zum verantwortungsbewussten Spielen ben\u00f6tigen, unser Support-Team ist hier, um Ihre nahtlose und angenehme Erfahrung mit uns zu gew\u00e4hrleisten.<\/p><h2>SPITZENTECHNOLOGIE: NAHTLOSES GAMEPLAY<\/h2><p>RocketPlay ist an der Spitze der technologischen Innovation. Unsere Plattform wird von hochmoderner Software angetrieben, die ein nahtloses Spiel auf verschiedenen Ger\u00e4ten gew\u00e4hrleistet. Egal, ob du lieber auf deinem Desktop, Tablet oder Handy spielst, RocketPlay passt sich deinen Vorlieben an und liefert dir hochwertige Grafiken und unterbrechungsfreies Gameplay, egal wo du bist.<\/p><h2>COMMUNITY UND SOZIALES ENGAGEMENT<\/h2><p>Treten Sie der RocketPlay-Community bei und verbinden Sie sich mit gleichgesinnten Spielern aus der ganzen Welt. Auf unserer Plattform geht es nicht nur um individuelles Spielen, sondern um den Aufbau einer Community, die die Leidenschaft f\u00fcr spannende Abenteuer teilt. Tauschen Sie sich mit anderen Spielern aus, nehmen Sie an Turnieren teil und erleben Sie den sozialen Aspekt des Spielens wie nie zuvor.<\/p><h2>DIE ZUKUNFT DES SPIELENS BEGINNT HIER<\/h2><p>Im RocketPlay Casino geht es nicht nur um die Gegenwart, sondern auch um die Zukunft des Spielens. Da sich die Technologie weiterentwickelt und neue Trends auftauchen, haben wir uns verpflichtet, der Kurve voraus zu sein und unseren Spielern stets ein au\u00dfergew\u00f6hnliches Erlebnis zu bieten. Die Reise mit RocketPlay ist dynamisch, entwickelt sich st\u00e4ndig weiter und ist mit endlosen M\u00f6glichkeiten gef\u00fcllt.<\/p><h2>AUFBRUCH IN EINE WELT VOLLER AUFREGUNG<\/h2><p>Das RocketPlay Casino ist ein Leuchtturm der Spannung und Innovation in der Welt der Online-Spiele. Unser Engagement f\u00fcr Exzellenz, Sicherheit und ein unvergleichliches Spielerlebnis zeichnet uns aus. Schlie\u00dfen Sie sich uns an, wenn wir die Grenzen des M\u00f6glichen verschieben und den Nervenkitzel des Spielens f\u00fcr Spieler weltweit entfachen. RocketPlay Kasino: Hier h\u00f6rt das Abenteuer nie auf und die Aufregung kennt keine Grenzen.<\/p><\/div><\/div><\/div><\/div>                                            <\/div>\n                                        <\/div>\n                                    <\/div>\n\t\t\t\t\t\t\t\t\t                        <\/div>\n\n                    <\/div>\n                <\/div>\n\t\t\t\t<\/div>","protected":false},"excerpt":{"rendered":"<p>Willkommen im RocketPlay Casino, wo der Nervenkitzel des Spielens neue H\u00f6hen erreicht. Treten Sie ein in eine Welt voller Aufregung und Unterhaltung, w\u00e4hrend wir Sie durch unser innovatives Online Casino f\u00fchren. Bei RocketPlay sind wir nicht nur eine weitere Spielplattform; wir sind ein Ziel f\u00fcr diejenigen, die aufregende Abenteuer und unvergleichlichen Spa\u00df suchen.UNSERE MISSION: IHR&#8230;<\/p>\n","protected":false},"author":1,"featured_media":0,"parent":0,"menu_order":0,"comment_status":"closed","ping_status":"closed","template":"","meta":{"_acf_changed":false,"_kad_post_transparent":"default","_kad_post_title":"default","_kad_post_layout":"default","_kad_post_sidebar_id":"","_kad_post_content_style":"default","_kad_post_vertical_padding":"default","_kad_post_feature":"","_kad_post_feature_position":"","_kad_post_header":false,"_kad_post_footer":false,"footnotes":""},"class_list":["post-3312","page","type-page","status-publish","hentry"],"acf":[],"rttpg_featured_image_url":null,"rttpg_author":{"display_name":"Oliver","author_link":"https:\/\/rocketplay-online.com\/de\/author\/pemvas95n89x\/"},"rttpg_comment":0,"rttpg_category":null,"rttpg_excerpt":"Willkommen im RocketPlay Casino, wo der Nervenkitzel des Spielens neue H\u00f6hen erreicht. Treten Sie ein in eine Welt voller Aufregung und Unterhaltung, w\u00e4hrend wir Sie durch unser innovatives Online Casino f\u00fchren. Bei RocketPlay sind wir nicht nur eine weitere Spielplattform; wir sind ein Ziel f\u00fcr diejenigen, die aufregende Abenteuer und unvergleichlichen Spa\u00df suchen.UNSERE MISSION: IHR...","_links":{"self":[{"href":"https:\/\/rocketplay-online.com\/de\/wp-json\/wp\/v2\/pages\/3312","targetHints":{"allow":["GET"]}}],"collection":[{"href":"https:\/\/rocketplay-online.com\/de\/wp-json\/wp\/v2\/pages"}],"about":[{"href":"https:\/\/rocketplay-online.com\/de\/wp-json\/wp\/v2\/types\/page"}],"author":[{"embeddable":true,"href":"https:\/\/rocketplay-online.com\/de\/wp-json\/wp\/v2\/users\/1"}],"replies":[{"embeddable":true,"href":"https:\/\/rocketplay-online.com\/de\/wp-json\/wp\/v2\/comments?post=3312"}],"version-history":[{"count":1,"href":"https:\/\/rocketplay-online.com\/de\/wp-json\/wp\/v2\/pages\/3312\/revisions"}],"predecessor-version":[{"id":3313,"href":"https:\/\/rocketplay-online.com\/de\/wp-json\/wp\/v2\/pages\/3312\/revisions\/3313"}],"wp:attachment":[{"href":"https:\/\/rocketplay-online.com\/de\/wp-json\/wp\/v2\/media?parent=3312"}],"curies":[{"name":"wp","href":"https:\/\/api.w.org\/{rel}","templated":true}]}}