{"id":2994,"date":"2023-01-10T18:20:23","date_gmt":"2023-01-10T15:20:23","guid":{"rendered":"https:\/\/rocketplay-online.com\/live-roulette\/"},"modified":"2025-04-02T17:35:34","modified_gmt":"2025-04-02T14:35:34","slug":"live-roulette","status":"publish","type":"page","link":"https:\/\/rocketplay-online.com\/de\/live-roulette\/","title":{"rendered":"Live-Roulette-Casino bei Rocket Play Review"},"content":{"rendered":"<p>Eine gro\u00dfe Anzahl von Spielern mag Roulette Live f\u00fcr die M\u00f6glichkeit, so schnell wie m\u00f6glich in das Spiel einzusteigen und perfektes Geld zu verdienen. Es ist ein einfacher Freizeittyp mit gro\u00dfen Gewinnen und Siegen. Probieren Sie verschiedene Spielvarianten aus, Spa\u00df und jede Menge Preisgeld sind garantiert.<\/p>\n<p><img loading=\"lazy\" decoding=\"async\" class=\"aligncenter wp-image-3957\" src=\"https:\/\/rocketplay-online.com\/wp-content\/uploads\/2024\/01\/roulette-wheel-glimmers-amidst-bustling-casino-floor.jpg\" alt=\"Live Roulette Casino\" width=\"800\" height=\"448\" srcset=\"https:\/\/rocketplay-online.com\/wp-content\/uploads\/2024\/01\/roulette-wheel-glimmers-amidst-bustling-casino-floor.jpg 1000w, https:\/\/rocketplay-online.com\/wp-content\/uploads\/2024\/01\/roulette-wheel-glimmers-amidst-bustling-casino-floor-300x168.jpg 300w, https:\/\/rocketplay-online.com\/wp-content\/uploads\/2024\/01\/roulette-wheel-glimmers-amidst-bustling-casino-floor-768x430.jpg 768w\" sizes=\"auto, (max-width: 800px) 100vw, 800px\" \/><\/p>\n<h2>SOFTWARE UND SPIELEREIHE<\/h2>\n<p>Die perfekte Live-Roulette-Strategie zu finden, ist schwer genug, aber Sie k\u00f6nnen es versuchen. Verschiedene Softwareentwickler bieten unterschiedliche Spielbedingungen an. Finden Sie den perfekten Tisch f\u00fcr sich und fangen Sie an, Spa\u00df zu haben.<\/p>\n<p>Sie k\u00f6nnen auch die Funktionen des Spiels genauer erkunden, um wertvollere Erfahrungen zu sammeln und im Live-Roulette-Spiel eine gro\u00dfe Summe zu verdienen. Versuchen Sie, die perfekten Roulette-Variationen f\u00fcr Sie zu finden. Einige Spieler m\u00f6gen beispielsweise eine schnelle Runde, bei der der Ball nur ein paar Mal gedreht wird.<\/p>\n<h2>LIVE-ROULETTE-REGELN<\/h2>\n<p>Sie k\u00f6nnen direkt nach der Registrierung mit dem Spielen von Live Roulette beginnen. Aber wir empfehlen Ihnen, zuerst die Regeln zu lesen. Zum Beispiel die Quoten f\u00fcr jedes der m\u00f6glichen Ergebnisse. Sie sollten auch m\u00f6gliche Wettkombinationen studieren, um Ihre Gewinnchancen zu erh\u00f6hen. Versuchen Sie, alle Ihnen zur Verf\u00fcgung stehenden Taktiken anzuwenden.<\/p>\n<div class=\"go-btn-container\"><div class=\"tosh-btn\"><a href=\"\/go-casino\/\" target=\"_blank\" rel=\"noopener\">JETZT SPIELEN<\/a><\/div><\/div>\n<h2>BANKEN<\/h2>\n<p>In den meisten F\u00e4llen m\u00fcssen Sie beim Casino Online Roulette Live eine Einzahlung t\u00e4tigen, um mit dem Spielen zu beginnen. Das Casino verf\u00fcgt \u00fcber ein ausgezeichnetes Online-Banking-System, das Ihnen hilft, Einzahlungen vorzunehmen und Geld auf Ihr Guthaben zu bekommen:<\/p>\n<ul>\n<li>Wallets f\u00fcr Kryptow\u00e4hrungen. Dies ist eine moderne und schnelle M\u00f6glichkeit, Ihr Konto aufzuladen, die sich am besten f\u00fcr Benutzer eignet, die zumindest ein wenig Anonymit\u00e4t wahren m\u00f6chten. Au\u00dferdem k\u00f6nnen Sie in diesem Fall Ihr Konto sofort mit einem erheblichen Betrag aufladen;<\/li>\n<li>Zahlungssysteme. Die klassische Art der Einzahlung mit durchschnittlichen Provisionen und schneller Gutschrift. Die Auszahlung kann in Abst\u00e4nden von 1-3 Werktagen erfolgen. Machen Sie sich zun\u00e4chst mit den Provisionen des Dienstes vertraut, um w\u00e4hrend des Spiels nicht \u00fcberrascht zu werden.<\/li>\n<li>Bankkarten. Die konservative Art der Einzahlung zeichnet sich durch eine l\u00e4ngere Gutschriftsdauer aus. Meistens f\u00e4llt keine Provision an, aber die Auszahlung kann bis zu 5 Werktage dauern.<\/li>\n<\/ul>\n<p>Lesen Sie die Bedingungen aller Optionen sorgf\u00e4ltig durch und w\u00e4hlen Sie diejenige aus, die am besten zu Ihnen passt. Dadurch wird es viel effizienter, das gesamte verf\u00fcgbare Geld zu verwenden und das beste Live-Roulette optimal zu genie\u00dfen. Sie k\u00f6nnen alle Systeme im Kassenbereich oder in Ihrem Men\u00fc auf der Casino-Website ausprobieren.<\/p>\n<h2>LIVE-ROULETTE-SPIELARTEN<\/h2>\n<p><img loading=\"lazy\" decoding=\"async\" class=\"aligncenter wp-image-3966\" src=\"https:\/\/rocketplay-online.com\/wp-content\/uploads\/2024\/01\/close-up-casino-roulette.jpg\" alt=\"Live Roulette Casino 2\" width=\"800\" height=\"534\" srcset=\"https:\/\/rocketplay-online.com\/wp-content\/uploads\/2024\/01\/close-up-casino-roulette.jpg 1000w, https:\/\/rocketplay-online.com\/wp-content\/uploads\/2024\/01\/close-up-casino-roulette-300x200.jpg 300w, https:\/\/rocketplay-online.com\/wp-content\/uploads\/2024\/01\/close-up-casino-roulette-768x512.jpg 768w\" sizes=\"auto, (max-width: 800px) 100vw, 800px\" \/><\/p>\n<p>Beim Online-Roulette Live k\u00f6nnen Sie mit Ihren Kombinationen eine unglaublich positive Erfahrung machen. In dieser Hinsicht ist die Hauptregel, den richtigen Tisch f\u00fcr Ihr anderes Spiel zu w\u00e4hlen. Sie k\u00f6nnen sich in zwei Hauptparametern erheblich unterscheiden:<\/p>\n<ul>\n<li>die Anzahl der Spieler. Dies ist ein wesentlicher Indikator f\u00fcr Live Roulette Australia, da die F\u00e4higkeit zum Chatten davon abh\u00e4ngt. Der Chatraum ist manchmal f\u00fcr riesige Tische geschlossen, und es ist nicht einfach, Fragen zu stellen, weil es zu viele Nachrichten gibt. Deshalb setzen sich manche User lieber an leere Tische und plaudern pers\u00f6nlich mit dem Dealer;<\/li>\n<li>den maximalen und minimalen Einsatzbetrag. Dank dieser Parameter k\u00f6nnen Sie geeignete Gegner f\u00fcr sich finden, die ungef\u00e4hr das gleiche Budget haben wie Sie. In diesem Fall m\u00fcssen Sie keine gro\u00dfartigen Wetten erwarten, und es wird im Allgemeinen einfacher sein, mit Ihrem Budget zu spielen.<\/li>\n<\/ul>\n<p>Es gibt auch andere Varianten des Online-Roulettes, unter denen die Variante mit zwei Nullen im Trend liegt. Versuchen Sie, die perfekte Option f\u00fcr sich selbst zu finden und probieren Sie verschiedene M\u00f6glichkeiten aus. Auf diese Weise ist es am einfachsten, sich f\u00fcr den Finaltisch Ihres Spiels zu entscheiden.<\/p>\n<div class=\"go-btn-container\"><div class=\"tosh-btn\"><a href=\"\/go-casino\/\" target=\"_blank\" rel=\"noopener\">JETZT SPIELEN<\/a><\/div><\/div>\n<h2>FAZIT<\/h2>\n<p>Zusammenfassend l\u00e4sst sich sagen, dass Roulette Live eine gro\u00dfartige M\u00f6glichkeit ist, eine gro\u00dfartige Zeit zu verbringen und mit jeder Kombination, die Sie zusammenstellen, Spa\u00df zu haben. Sie k\u00f6nnen verschiedene Strategien und Taktiken ausprobieren, um die perfekte f\u00fcr Sie zu finden. Nutzen Sie alle Vorteile von Online-Casinos und verdienen Sie jetzt eine gro\u00dfe Summe Geld auf Ihrem Konto.<\/p>\n","protected":false},"excerpt":{"rendered":"<p>Eine gro\u00dfe Anzahl von Spielern mag Roulette Live f\u00fcr die M\u00f6glichkeit, so schnell wie m\u00f6glich in das Spiel einzusteigen und perfektes Geld zu verdienen. Es ist ein einfacher Freizeittyp mit gro\u00dfen Gewinnen und Siegen. Probieren Sie verschiedene Spielvarianten aus, Spa\u00df und jede Menge Preisgeld sind garantiert. SOFTWARE UND SPIELEREIHE Die perfekte Live-Roulette-Strategie zu finden, ist&#8230;<\/p>\n","protected":false},"author":1,"featured_media":0,"parent":0,"menu_order":0,"comment_status":"closed","ping_status":"closed","template":"","meta":{"_acf_changed":false,"_kad_post_transparent":"default","_kad_post_title":"default","_kad_post_layout":"default","_kad_post_sidebar_id":"","_kad_post_content_style":"default","_kad_post_vertical_padding":"default","_kad_post_feature":"","_kad_post_feature_position":"","_kad_post_header":false,"_kad_post_footer":false,"footnotes":""},"class_list":["post-2994","page","type-page","status-publish","hentry"],"acf":[],"rttpg_featured_image_url":null,"rttpg_author":{"display_name":"Oliver","author_link":"https:\/\/rocketplay-online.com\/de\/author\/pemvas95n89x\/"},"rttpg_comment":0,"rttpg_category":null,"rttpg_excerpt":"Eine gro\u00dfe Anzahl von Spielern mag Roulette Live f\u00fcr die M\u00f6glichkeit, so schnell wie m\u00f6glich in das Spiel einzusteigen und perfektes Geld zu verdienen. Es ist ein einfacher Freizeittyp mit gro\u00dfen Gewinnen und Siegen. Probieren Sie verschiedene Spielvarianten aus, Spa\u00df und jede Menge Preisgeld sind garantiert. SOFTWARE UND SPIELEREIHE Die perfekte Live-Roulette-Strategie zu finden, ist...","_links":{"self":[{"href":"https:\/\/rocketplay-online.com\/de\/wp-json\/wp\/v2\/pages\/2994","targetHints":{"allow":["GET"]}}],"collection":[{"href":"https:\/\/rocketplay-online.com\/de\/wp-json\/wp\/v2\/pages"}],"about":[{"href":"https:\/\/rocketplay-online.com\/de\/wp-json\/wp\/v2\/types\/page"}],"author":[{"embeddable":true,"href":"https:\/\/rocketplay-online.com\/de\/wp-json\/wp\/v2\/users\/1"}],"replies":[{"embeddable":true,"href":"https:\/\/rocketplay-online.com\/de\/wp-json\/wp\/v2\/comments?post=2994"}],"version-history":[{"count":4,"href":"https:\/\/rocketplay-online.com\/de\/wp-json\/wp\/v2\/pages\/2994\/revisions"}],"predecessor-version":[{"id":6683,"href":"https:\/\/rocketplay-online.com\/de\/wp-json\/wp\/v2\/pages\/2994\/revisions\/6683"}],"wp:attachment":[{"href":"https:\/\/rocketplay-online.com\/de\/wp-json\/wp\/v2\/media?parent=2994"}],"curies":[{"name":"wp","href":"https:\/\/api.w.org\/{rel}","templated":true}]}}