{"id":2990,"date":"2023-01-10T18:33:48","date_gmt":"2023-01-10T15:33:48","guid":{"rendered":"https:\/\/rocketplay-online.com\/live-poker\/"},"modified":"2025-04-02T17:30:34","modified_gmt":"2025-04-02T14:30:34","slug":"live-poker","status":"publish","type":"page","link":"https:\/\/rocketplay-online.com\/de\/live-poker\/","title":{"rendered":"Live-Poker bei Rocket Play im Test"},"content":{"rendered":"<p>Der entscheidende Vorteil von Live Poker ist, dass Sie einzigartige Strategien und Taktiken anwenden k\u00f6nnen, um Ihre Ziele zu erreichen. Meistens hat der Spieler ein kleines Guthaben und viele Spielm\u00f6glichkeiten, um Geld zu verdienen. Sie k\u00f6nnen Ihre Kartenkombinationen von klassischen Boni bis hin zu speziellen Runden im Spiel verwenden. Lassen Sie uns dar\u00fcber sprechen, wie Sie mehr als andere auf der Website gewinnen k\u00f6nnen.<\/p>\n<p><img loading=\"lazy\" decoding=\"async\" class=\"aligncenter wp-image-3976\" src=\"https:\/\/rocketplay-online.com\/wp-content\/uploads\/2024\/01\/friends-playing-poker-together.jpg\" alt=\"Live poker Rocket Play\" width=\"800\" height=\"534\" srcset=\"https:\/\/rocketplay-online.com\/wp-content\/uploads\/2024\/01\/friends-playing-poker-together.jpg 1000w, https:\/\/rocketplay-online.com\/wp-content\/uploads\/2024\/01\/friends-playing-poker-together-300x200.jpg 300w, https:\/\/rocketplay-online.com\/wp-content\/uploads\/2024\/01\/friends-playing-poker-together-768x512.jpg 768w\" sizes=\"auto, (max-width: 800px) 100vw, 800px\" \/><\/p>\n<h2>WIE MAN BEGINNT, LIVE POKER BEI ROCKET PLAY ZU SPIELEN<\/h2>\n<p>Das erste, was Sie tun m\u00fcssen, um Live Poker Australia auszuprobieren, ist die Erstellung eines pers\u00f6nlichen Kontos. Auf diese Weise k\u00f6nnen Sie nicht nur Ihren Fortschritt speichern, sondern auch um echtes Geld spielen. Am einfachsten geht das auf der Homepage:<\/p>\n<ol>\n<li>Gehen Sie auf die Seite und klicken Sie auf Registrieren. Geben Sie dann Ihre pers\u00f6nlichen Daten ein und erhalten Sie Zugang zu Ihrem Konto.<\/li>\n<li>Dann k\u00f6nnen Sie die Speisekarte der Kasse beliebig hinterlegen. Lesen Sie die Einzahlungsbedingungen und Geb\u00fchreninformationen, damit Sie nicht versehentlich weniger Geld erhalten, als Sie erwartet haben.<\/li>\n<li>Gehen Sie als N\u00e4chstes zum Online-Spielekatalog und w\u00e4hlen Sie die Pokeroption aus, die individuell zu Ihnen passt.<\/li>\n<\/ol>\n<p>Wir empfehlen Ihnen, Ihre Identit\u00e4t so bald wie m\u00f6glich zu \u00fcberpr\u00fcfen. Dies erm\u00f6glicht der Verwaltung, Ihr Konto im Falle eines Hackings zu sch\u00fctzen, und er\u00f6ffnet neue Boni, h\u00f6here Limits und alle M\u00f6glichkeiten, Geld von Ihrem Konto abzuheben.<\/p>\n<h2>DIE BESTEN LIVE-POKERSPIELE<\/h2>\n<p>Einige der besten Live-Poker-Favoriten sind klassisches Poker, Poker f\u00fcr drei und Texas Hold&#8217;em. Versuchen Sie, alle aktuellen Angebote zu nutzen und das maximale Geld zu verdienen. So hast du den Dreh viel schneller raus und lernst die Regeln und m\u00f6glichen Kombinationen beim Spielen.<\/p>\n<div class=\"go-btn-container\"><div class=\"tosh-btn\"><a href=\"\/go-casino\/\" target=\"_blank\" rel=\"noopener\">JETZT SPIELEN<\/a><\/div><\/div>\n<h2>BONI UND AKTIONEN<\/h2>\n<p>Denken Sie bei der Erkundung der besten Live-Pokerspiele daran, dass es eine gro\u00dfe Anzahl zus\u00e4tzlicher Boni und Werbeaktionen gibt. Diese werden Ihnen helfen, Ihr Einkommen zu steigern und das Spiel mit einem kleineren Budget besser zu verstehen. Folgende Boni k\u00f6nnen wir Ihnen empfehlen:<\/p>\n<ul>\n<li>Geld zur\u00fcck.<\/li>\n<li>Turniere.<\/li>\n<li>kostenlose Wette.<\/li>\n<\/ul>\n<p>Probieren Sie alle Werbeangebote aus, um das Beste aus Ihrem Spiel herauszuholen.<\/p>\n<p><img loading=\"lazy\" decoding=\"async\" class=\"aligncenter wp-image-3986\" src=\"https:\/\/rocketplay-online.com\/wp-content\/uploads\/2024\/01\/person-having-fun-while-playing-poker-with-friends-1.jpg\" alt=\"Live poker Rocket Play 2\" width=\"800\" height=\"534\" srcset=\"https:\/\/rocketplay-online.com\/wp-content\/uploads\/2024\/01\/person-having-fun-while-playing-poker-with-friends-1.jpg 1000w, https:\/\/rocketplay-online.com\/wp-content\/uploads\/2024\/01\/person-having-fun-while-playing-poker-with-friends-1-300x200.jpg 300w, https:\/\/rocketplay-online.com\/wp-content\/uploads\/2024\/01\/person-having-fun-while-playing-poker-with-friends-1-768x512.jpg 768w\" sizes=\"auto, (max-width: 800px) 100vw, 800px\" \/><\/p>\n<h2>SOFTWARE<\/h2>\n<p>Live-Poker-Tipps beinhalten die Wahl des richtigen Anbieters. Dies ist ein notwendiges Verfahren, um sicherzustellen, dass Sie die richtigen Bedingungen erhalten. Schlie\u00dflich legt der Spieltischentwickler die Quoten, die Gewinnchance, bestimmte Kombinationen und einzigartige Regeln fest. Studieren Sie die Angebote auf der offiziellen Casino-Website und w\u00e4hlen Sie die am besten geeignete Option.<\/p>\n<h2>FAQ<\/h2>\n<p>Wir haben eine Datenbank mit Antworten auf h\u00e4ufig gestellte Fragen unserer Experten zusammengestellt, insbesondere f\u00fcr Live-Poker-Fans. Erfahren Sie weitere hilfreiche Informationen, bevor Sie um echtes Geld spielen, und verdienen Sie sofort gro\u00dfe Summen auf Ihrem Konto.<\/p>\n<h3>WELCHE TAKTIK SOLLTE MAN IM SPIEL ANWENDEN?<\/h3>\n<p>Das Beste, was Sie beim Live-Online-Poker tun k\u00f6nnen, ist, den Demo-Modus an einem Video-Slot auszuprobieren, um Ihr Gl\u00fcck und Ihre M\u00f6glichkeiten zu testen. Sie werden in der Lage sein, viel zu lernen und die Essenz der Funktionsweise grundlegender Kombinationen zu verstehen. Dies wird Ihnen auch helfen zu lernen, wie Sie Ihre Emotionen kontrollieren k\u00f6nnen, was der Haupttrumpf w\u00e4hrend der Unterhaltung sein wird.<\/p>\n<h3>WELCHE F\u00c4HIGKEITEN SIND BEIM POKER AM N\u00dcTZLICHSTEN?<\/h3>\n<p>Zun\u00e4chst m\u00fcssen Sie mit Ihren Emotionen und Ihrer Disziplin arbeiten, um die gew\u00e4hlte Strategie nicht zu gef\u00e4hrden. Es ist notwendig, jede Ihrer Handlungen zu kontrollieren und nach und nach klar nach vorne zu streben. Dies wird Ihnen helfen, viel vorsichtiger mit Ihrem Kapital umzugehen und die Mittel richtig zwischen den unmittelbaren Zielen zu verteilen.<\/p>\n<h3>WIE VIEL GELD BRAUCHE ICH, UM DAS SPIEL ZU STARTEN?<\/h3>\n<p>Meistens brauchen Anf\u00e4nger nicht einmal 20 $, um zu lernen, wie man spielt und sich an ihren Einnahmen erfreuen. Probieren Sie verschiedene Strategien und Taktiken aus, mit denen Sie Ihre Leistung verbessern k\u00f6nnen. Im Demo-Modus m\u00fcssen Sie kein Geld ausgeben und k\u00f6nnen so praktische Erfahrungen sammeln. Probieren Sie es aus und Sie werden garantiert gro\u00dfe Geldsummen gewinnen.<\/p>\n","protected":false},"excerpt":{"rendered":"<p>Der entscheidende Vorteil von Live Poker ist, dass Sie einzigartige Strategien und Taktiken anwenden k\u00f6nnen, um Ihre Ziele zu erreichen. Meistens hat der Spieler ein kleines Guthaben und viele Spielm\u00f6glichkeiten, um Geld zu verdienen. Sie k\u00f6nnen Ihre Kartenkombinationen von klassischen Boni bis hin zu speziellen Runden im Spiel verwenden. Lassen Sie uns dar\u00fcber sprechen, wie&#8230;<\/p>\n","protected":false},"author":1,"featured_media":0,"parent":0,"menu_order":0,"comment_status":"closed","ping_status":"closed","template":"","meta":{"_acf_changed":false,"_kad_post_transparent":"default","_kad_post_title":"default","_kad_post_layout":"default","_kad_post_sidebar_id":"","_kad_post_content_style":"default","_kad_post_vertical_padding":"default","_kad_post_feature":"","_kad_post_feature_position":"","_kad_post_header":false,"_kad_post_footer":false,"footnotes":""},"class_list":["post-2990","page","type-page","status-publish","hentry"],"acf":[],"rttpg_featured_image_url":null,"rttpg_author":{"display_name":"Oliver","author_link":"https:\/\/rocketplay-online.com\/de\/author\/pemvas95n89x\/"},"rttpg_comment":0,"rttpg_category":null,"rttpg_excerpt":"Der entscheidende Vorteil von Live Poker ist, dass Sie einzigartige Strategien und Taktiken anwenden k\u00f6nnen, um Ihre Ziele zu erreichen. Meistens hat der Spieler ein kleines Guthaben und viele Spielm\u00f6glichkeiten, um Geld zu verdienen. Sie k\u00f6nnen Ihre Kartenkombinationen von klassischen Boni bis hin zu speziellen Runden im Spiel verwenden. Lassen Sie uns dar\u00fcber sprechen, wie...","_links":{"self":[{"href":"https:\/\/rocketplay-online.com\/de\/wp-json\/wp\/v2\/pages\/2990","targetHints":{"allow":["GET"]}}],"collection":[{"href":"https:\/\/rocketplay-online.com\/de\/wp-json\/wp\/v2\/pages"}],"about":[{"href":"https:\/\/rocketplay-online.com\/de\/wp-json\/wp\/v2\/types\/page"}],"author":[{"embeddable":true,"href":"https:\/\/rocketplay-online.com\/de\/wp-json\/wp\/v2\/users\/1"}],"replies":[{"embeddable":true,"href":"https:\/\/rocketplay-online.com\/de\/wp-json\/wp\/v2\/comments?post=2990"}],"version-history":[{"count":4,"href":"https:\/\/rocketplay-online.com\/de\/wp-json\/wp\/v2\/pages\/2990\/revisions"}],"predecessor-version":[{"id":6675,"href":"https:\/\/rocketplay-online.com\/de\/wp-json\/wp\/v2\/pages\/2990\/revisions\/6675"}],"wp:attachment":[{"href":"https:\/\/rocketplay-online.com\/de\/wp-json\/wp\/v2\/media?parent=2990"}],"curies":[{"name":"wp","href":"https:\/\/api.w.org\/{rel}","templated":true}]}}