{"id":2986,"date":"2023-01-10T17:45:53","date_gmt":"2023-01-10T14:45:53","guid":{"rendered":"https:\/\/rocketplay-online.com\/live-casino\/real-money\/"},"modified":"2025-04-02T17:25:51","modified_gmt":"2025-04-02T14:25:51","slug":"real-money","status":"publish","type":"page","link":"https:\/\/rocketplay-online.com\/de\/live-casino\/real-money\/","title":{"rendered":"Live-Casino-Echtgeld bei Rocket Play Review"},"content":{"rendered":"<p>Der Hauptvorteil von Live-Online-Casino-Echtgeld besteht darin, dass sich jeder an Wetten um echtes Geld versuchen und eine gro\u00dfe Summe direkt auf sein Konto gewinnen kann. Sie k\u00f6nnen auch verschiedene Strategien und Taktiken ausprobieren, die allen Spielern zur Verf\u00fcgung stehen. Bevor Sie beginnen, wird empfohlen, sich den Demo-Modus anzusehen und gro\u00dfe Preise zu gewinnen.<\/p>\n<p><img loading=\"lazy\" decoding=\"async\" class=\"aligncenter wp-image-3996\" src=\"https:\/\/rocketplay-online.com\/wp-content\/uploads\/2024\/01\/live-cas-reak-money-1.png\" alt=\"Live casino real money\" width=\"800\" height=\"378\" srcset=\"https:\/\/rocketplay-online.com\/wp-content\/uploads\/2024\/01\/live-cas-reak-money-1.png 1693w, https:\/\/rocketplay-online.com\/wp-content\/uploads\/2024\/01\/live-cas-reak-money-1-300x142.png 300w, https:\/\/rocketplay-online.com\/wp-content\/uploads\/2024\/01\/live-cas-reak-money-1-1024x484.png 1024w, https:\/\/rocketplay-online.com\/wp-content\/uploads\/2024\/01\/live-cas-reak-money-1-768x363.png 768w, https:\/\/rocketplay-online.com\/wp-content\/uploads\/2024\/01\/live-cas-reak-money-1-1536x726.png 1536w\" sizes=\"auto, (max-width: 800px) 100vw, 800px\" \/><\/p>\n<h2>LIVE CASINO MOBILES GAMING<\/h2>\n<p>Alle Benutzer k\u00f6nnen sich im Live-Online-Casino um echtes Geld am\u00fcsieren, nicht nur von ihrem PC, sondern auch \u00fcber ein Smartphone. Es gen\u00fcgt, eine einfache Anweisung zu befolgen:<\/p>\n<ol>\n<li>Registrieren Sie ein pers\u00f6nliches Konto auf der offiziellen Website des Casinos und geben Sie Ihre pers\u00f6nlichen Daten ein.<\/li>\n<li>Gehen Sie zur Anwendungsseite und laden Sie die Installationsdatei auf Ihr Smartphone herunter.<\/li>\n<li>\u00d6ffnen Sie die Datei, warten Sie auf die Installation und nutzen Sie dann alle Vorteile des mobilen Spielens.<\/li>\n<\/ol>\n<p>Der Hauptvorteil dieses Formats von Casinospielen besteht darin, dass Sie unabh\u00e4ngig vom Zugriff auf einen PC echtes Geld gewinnen k\u00f6nnen. Sie k\u00f6nnen sich w\u00e4hrend eines Spaziergangs oder einer langen Zugfahrt mit Spielautomaten oder anderen Gl\u00fccksspielen vergn\u00fcgen. Sie k\u00f6nnen auch die mobile Version verwenden, die direkt von Ihrem Browser aus ge\u00f6ffnet wird und auch auf preisg\u00fcnstigen Smartphones hervorragend funktioniert.<\/p>\n<div class=\"go-btn-container\"><div class=\"tosh-btn\"><a href=\"\/go-casino\/\" target=\"_blank\" rel=\"noopener\">JETZT SPIELEN<\/a><\/div><\/div>\n<h2>ROCKET PLAY LIVE CASINO ECHTGELD-BONI UND AKTIONEN<\/h2>\n<p>In den meisten F\u00e4llen wollen Echtgeld-Live-Casino-Benutzer mehr Spielm\u00f6glichkeiten f\u00fcr ihre Einnahmen. Zu diesem Zweck bietet das Gl\u00fccksspielunternehmen die Teilnahme an verschiedenen Aktionen und Boni an. Jedes ist f\u00fcr jeden auf einer separaten Seite mit Sonderangeboten verf\u00fcgbar.<\/p>\n<p>Am meisten erinnern sich die Spieler an die folgenden Promotion-Events:<\/p>\n<ul>\n<li>Geld zur\u00fcck.<\/li>\n<li>kostenlose Wetten.<\/li>\n<li>M\u00f6glichkeit, die H\u00f6he der Kaution zu erh\u00f6hen.<\/li>\n<\/ul>\n<p>Versuchen Sie, noch mehr Belohnungen zu erhalten, indem Sie den Werbe-Newsletter des Casinos w\u00e4hrend der Registrierung oder in Ihrem Kabinett abonnieren. Auf diese Weise k\u00f6nnen Sie die neuesten Nachrichten erfahren und spezielle Promo-Codes f\u00fcr aktives Spielen erhalten. Sie k\u00f6nnen es jetzt versuchen.<\/p>\n<h2>SOFTWARE<\/h2>\n<p>Sie k\u00f6nnen im Live Casino in mehreren verschiedenen Spielen gleichzeitig um echtes Geld spielen. Ihr wesentlicher Unterschied ist nicht das Thema, wie es auf den ersten Blick scheinen mag, und der Entwickler. Das Unternehmen beeinflusst die Anzahl der Boni, Spielsymbole, Kombinationen und Linien sowie die Anzahl der Gewinne. Sie k\u00f6nnen jeden Anbieter auf der offiziellen Website ausprobieren. Gehen Sie zum Katalogbereich und w\u00e4hlen Sie ein geeignetes Spielformat.<\/p>\n<p><img loading=\"lazy\" decoding=\"async\" class=\"aligncenter wp-image-4005\" src=\"https:\/\/rocketplay-online.com\/wp-content\/uploads\/2024\/01\/live-cas-reak-money-2.png\" alt=\"Live casino real money 2\" width=\"800\" height=\"499\" srcset=\"https:\/\/rocketplay-online.com\/wp-content\/uploads\/2024\/01\/live-cas-reak-money-2.png 1338w, https:\/\/rocketplay-online.com\/wp-content\/uploads\/2024\/01\/live-cas-reak-money-2-300x187.png 300w, https:\/\/rocketplay-online.com\/wp-content\/uploads\/2024\/01\/live-cas-reak-money-2-1024x639.png 1024w, https:\/\/rocketplay-online.com\/wp-content\/uploads\/2024\/01\/live-cas-reak-money-2-768x479.png 768w\" sizes=\"auto, (max-width: 800px) 100vw, 800px\" \/><\/p>\n<h2>KUNDENDIENST<\/h2>\n<p>Unter anderem haben Sie im besten Live Casino um echtes Geld immer die M\u00f6glichkeit, sich Hilfe und Unterst\u00fctzung in fast allen f\u00fcr Sie relevanten Angelegenheiten zu holen. Speziell f\u00fcr dieses Casino wird eine ganze Abteilung von Spezialisten eingestellt. Sie k\u00f6nnen sie per E-Mail, Online-Chat oder Telefonnummer kontaktieren. Die Kommunikation mit dem Support-Team per Chat ist am effektivsten, damit die Antworten schnell und umfassend sind.<\/p>\n<div class=\"go-btn-container\"><div class=\"tosh-btn\"><a href=\"\/go-casino\/\" target=\"_blank\" rel=\"noopener\">JETZT SPIELEN<\/a><\/div><\/div>\n<h2>FAQ<\/h2>\n<p>Die Experten haben eine kleine Basis von Antworten auf beliebte Fragen f\u00fcr unsere Leser zusammengestellt. Dies wird Ihnen helfen, die richtigen L\u00f6sungen f\u00fcr Ihre Probleme zu finden und jetzt gro\u00dfe Geldsummen zu verdienen.<\/p>\n<h3>WIE BEGINNE ICH ZU SPIELEN?<\/h3>\n<p>Am einfachsten ist es, sich auf der offiziellen Seite zu registrieren. Vergewissern Sie sich, dass Sie Ihr Volumen erh\u00f6hen und kein Geld bei Abhebungen verlieren. Sie sollten auch die Aktionsseite besuchen, um weitere sch\u00f6ne Geschenke auf Ihr Konto zu bekommen.<\/p>\n<h3>WIE VIEL GELD BEN\u00d6TIGEN SIE F\u00dcR WETTEN?<\/h3>\n<p>F\u00fcr den Anfang reichen die 15-20 $, die Sie f\u00fcr ein paar Mindesteins\u00e4tze ben\u00f6tigen. Dadurch werden Sie in der Lage sein, Ihr Potenzial zu verstehen und einige klassische Strategien auszuprobieren. Finden Sie das perfekte Spieltempo f\u00fcr sich selbst und verdienen Sie Dutzende Male mehr.<\/p>\n<h3>WAS IST DER UNTERSCHIED ZWISCHEN EINEM LIVE-SPIEL UND EINEM REGELM\u00c4SSIGEN SPIEL?<\/h3>\n<p>Zuallererst Ihre Emotionen und die Atmosph\u00e4re echter Aufregung. Die meisten Benutzer teilen ihre Gewinne gerne mit anderen Spielern und erhalten mehr Belohnungen auf ihren Konten. Es erm\u00f6glicht Ihnen auch, Ihre Leistung zu verbessern und eine gro\u00dfe Geldsumme direkt auf Ihr Konto zu gewinnen.<\/p>\n","protected":false},"excerpt":{"rendered":"<p>Der Hauptvorteil von Live-Online-Casino-Echtgeld besteht darin, dass sich jeder an Wetten um echtes Geld versuchen und eine gro\u00dfe Summe direkt auf sein Konto gewinnen kann. Sie k\u00f6nnen auch verschiedene Strategien und Taktiken ausprobieren, die allen Spielern zur Verf\u00fcgung stehen. Bevor Sie beginnen, wird empfohlen, sich den Demo-Modus anzusehen und gro\u00dfe Preise zu gewinnen. LIVE CASINO&#8230;<\/p>\n","protected":false},"author":1,"featured_media":0,"parent":1533,"menu_order":0,"comment_status":"closed","ping_status":"closed","template":"","meta":{"_acf_changed":false,"_kad_post_transparent":"default","_kad_post_title":"default","_kad_post_layout":"default","_kad_post_sidebar_id":"","_kad_post_content_style":"default","_kad_post_vertical_padding":"default","_kad_post_feature":"","_kad_post_feature_position":"","_kad_post_header":false,"_kad_post_footer":false,"footnotes":""},"class_list":["post-2986","page","type-page","status-publish","hentry"],"acf":[],"rttpg_featured_image_url":null,"rttpg_author":{"display_name":"Oliver","author_link":"https:\/\/rocketplay-online.com\/de\/author\/pemvas95n89x\/"},"rttpg_comment":0,"rttpg_category":null,"rttpg_excerpt":"Der Hauptvorteil von Live-Online-Casino-Echtgeld besteht darin, dass sich jeder an Wetten um echtes Geld versuchen und eine gro\u00dfe Summe direkt auf sein Konto gewinnen kann. Sie k\u00f6nnen auch verschiedene Strategien und Taktiken ausprobieren, die allen Spielern zur Verf\u00fcgung stehen. Bevor Sie beginnen, wird empfohlen, sich den Demo-Modus anzusehen und gro\u00dfe Preise zu gewinnen. LIVE CASINO...","_links":{"self":[{"href":"https:\/\/rocketplay-online.com\/de\/wp-json\/wp\/v2\/pages\/2986","targetHints":{"allow":["GET"]}}],"collection":[{"href":"https:\/\/rocketplay-online.com\/de\/wp-json\/wp\/v2\/pages"}],"about":[{"href":"https:\/\/rocketplay-online.com\/de\/wp-json\/wp\/v2\/types\/page"}],"author":[{"embeddable":true,"href":"https:\/\/rocketplay-online.com\/de\/wp-json\/wp\/v2\/users\/1"}],"replies":[{"embeddable":true,"href":"https:\/\/rocketplay-online.com\/de\/wp-json\/wp\/v2\/comments?post=2986"}],"version-history":[{"count":4,"href":"https:\/\/rocketplay-online.com\/de\/wp-json\/wp\/v2\/pages\/2986\/revisions"}],"predecessor-version":[{"id":6667,"href":"https:\/\/rocketplay-online.com\/de\/wp-json\/wp\/v2\/pages\/2986\/revisions\/6667"}],"up":[{"embeddable":true,"href":"https:\/\/rocketplay-online.com\/de\/wp-json\/wp\/v2\/pages\/1533"}],"wp:attachment":[{"href":"https:\/\/rocketplay-online.com\/de\/wp-json\/wp\/v2\/media?parent=2986"}],"curies":[{"name":"wp","href":"https:\/\/api.w.org\/{rel}","templated":true}]}}