{"id":2982,"date":"2023-01-10T18:15:20","date_gmt":"2023-01-10T15:15:20","guid":{"rendered":"https:\/\/rocketplay-online.com\/live-casino\/app\/"},"modified":"2025-11-24T21:00:12","modified_gmt":"2025-11-24T18:00:12","slug":"app","status":"publish","type":"page","link":"https:\/\/rocketplay-online.com\/de\/live-casino\/app\/","title":{"rendered":"Live-Casino-App bei Rocket Play \u00dcbersicht"},"content":{"rendered":"<p>Oft glauben Spieler nicht einmal, dass sie aufgrund des fehlenden PCs viel weniger verdienen, als sie k\u00f6nnten. Sie k\u00f6nnen die Live Casino App f\u00fcr viele weitere Boni und Geschenke nutzen. Sie k\u00f6nnen die App jetzt auf Ihr Smartphone herunterladen und Kombinationen von Karten oder Symbolen auf Ihrem mobilen Ger\u00e4t sammeln. Die mobile Version funktioniert auch.<\/p>\n<p><img loading=\"lazy\" decoding=\"async\" class=\"aligncenter wp-image-4036\" src=\"https:\/\/rocketplay-online.com\/wp-content\/uploads\/2024\/01\/generative-ai-casino-sports-betting-smartphone.jpg\" alt=\"Rocket Play app\" width=\"800\" height=\"449\" srcset=\"https:\/\/rocketplay-online.com\/wp-content\/uploads\/2024\/01\/generative-ai-casino-sports-betting-smartphone.jpg 1000w, https:\/\/rocketplay-online.com\/wp-content\/uploads\/2024\/01\/generative-ai-casino-sports-betting-smartphone-300x168.jpg 300w, https:\/\/rocketplay-online.com\/wp-content\/uploads\/2024\/01\/generative-ai-casino-sports-betting-smartphone-768x431.jpg 768w\" sizes=\"auto, (max-width: 800px) 100vw, 800px\" \/><\/p>\n<h2>LIVE-CASINO-APP-BONI<\/h2>\n<p>Der wesentliche Vorteil der besten Live Casino App ist die M\u00f6glichkeit, viele coole Boni auf Ihr Konto zu bekommen. Die Verwaltung ist daran interessiert, dass Spieler st\u00e4ndig wetten und Spa\u00df auf der Casino-Website haben. Deshalb k\u00f6nnen Sie von Ihrem Smartphone aus Geschenke erhalten wie:<\/p>\n<ul>\n<li>Cashback auf das Konto.<\/li>\n<li>kostenlose Wette.<\/li>\n<li>zus\u00e4tzliche Geschenke.<\/li>\n<\/ul>\n<p>Sie k\u00f6nnen auch einzigartige Promo-Codes verwenden, die regelm\u00e4\u00dfig im Werbe-Newsletter des offiziellen Casinos erscheinen. Aktivieren Sie das Kontrollk\u00e4stchen bei der Registrierung oder in Ihrem Schrank, um alle Vorteile eines solchen Spiels zu nutzen. Auf diese Weise k\u00f6nnen Sie Ihr Guthaben erh\u00f6hen und angenehme Emotionen aus Gewinnen ziehen.<\/p>\n<div class=\"go-btn-container\"><div class=\"tosh-btn\"><a href=\"\/go-casino\/\" target=\"_blank\" rel=\"noopener\">JETZT SPIELEN<\/a><\/div><\/div>\n<h2>SOFTWARE<\/h2>\n<p>Auf der offiziellen Website des Casinos finden Sie viele Spieleanbieter, die Sie mit verschiedenen Spielen und der M\u00f6glichkeit, ein einzigartiges Unterhaltungserlebnis zu haben, begeistern. In den meisten F\u00e4llen ist der entscheidende Unterschied das Thema des Spiels und die Gewinnchance. Probieren Sie verschiedene Tischoptionen aus und kombinieren Sie die beste Kartenkombination in Ihrem Lieblings-Poker oder Baccarat. Vergessen Sie auch nicht die M\u00f6glichkeit, Roulette zu spielen.<\/p>\n<h2>LIVE-CASINO-APP-SPIELE<\/h2>\n<p>Im Allgemeinen ist die Live Casino App Android in gro\u00dfen Mengen auf jedem Ger\u00e4t verf\u00fcgbar. Zum Spielen ben\u00f6tigen Sie Folgendes:<\/p>\n<ul>\n<li>stabiles Internet;<\/li>\n<li>ein Ger\u00e4t mit einem Touchscreen, einschlie\u00dflich eines Tablets;<\/li>\n<li>ca. 50 MB freier Speicherplatz auf Ihrem Smartphone.<\/li>\n<\/ul>\n<p>Auf diese Weise k\u00f6nnen Sie das Spiel genie\u00dfen und gro\u00dfe Summen direkt auf Ihr Konto gewinnen. Deshalb beginnen immer mehr Benutzer, Spa\u00df in der mobilen Version oder \u00fcber die App zu haben. Roulette, Baccarat, Poker und andere Kartenspiele sind verf\u00fcgbar. Sie k\u00f6nnen beim Blackjack Hunderte und Tausende von Dollar gewinnen, wenn Sie das Spiel lernen und die beste Kombination kombinieren.<\/p>\n<p><img loading=\"lazy\" decoding=\"async\" class=\"aligncenter wp-image-4045\" src=\"https:\/\/rocketplay-online.com\/wp-content\/uploads\/2024\/01\/online-gambling-casino-concept-hand-holding-device-with-lottery-casino-cover-1.jpg\" alt=\"Rocket Play app 2\" width=\"800\" height=\"400\" srcset=\"https:\/\/rocketplay-online.com\/wp-content\/uploads\/2024\/01\/online-gambling-casino-concept-hand-holding-device-with-lottery-casino-cover-1.jpg 1000w, https:\/\/rocketplay-online.com\/wp-content\/uploads\/2024\/01\/online-gambling-casino-concept-hand-holding-device-with-lottery-casino-cover-1-300x150.jpg 300w, https:\/\/rocketplay-online.com\/wp-content\/uploads\/2024\/01\/online-gambling-casino-concept-hand-holding-device-with-lottery-casino-cover-1-768x384.jpg 768w\" sizes=\"auto, (max-width: 800px) 100vw, 800px\" \/><\/p>\n<h2>VORTEILE LIVE CASINO APP<\/h2>\n<p>Zu den Hauptvorteilen der Live Casino Online-App geh\u00f6ren viele verf\u00fcgbare Spiele und Boni. Die Smartphone-Version ist nicht gek\u00fcrzt, sodass Sie auch den vollen Funktionsumfang erhalten. Sie k\u00f6nnen Geld abheben, den technischen Support kontaktieren und sogar alle Navigationsmen\u00fcs nutzen. Dieses vollwertige Casino in Ihrer Tasche wird alle Gl\u00fccksspiel- und Wettbegeisterten ansprechen.<\/p>\n<div class=\"go-btn-container\"><div class=\"tosh-btn\"><a href=\"\/go-casino\/\" target=\"_blank\" rel=\"noopener\">JETZT SPIELEN<\/a><\/div><\/div>\n<h2>FAQ<\/h2>\n<p>F\u00fcr Neueinsteiger haben wir eine kleine Basis hilfreicher Informationen zusammengestellt, mit denen Sie zus\u00e4tzliche Pr\u00e4mien erhalten und mehr Geld verdienen k\u00f6nnen. Versuchen Sie, die erworbenen F\u00e4higkeiten und Kenntnisse einzusetzen, um die Rentabilit\u00e4t des Spiels zu steigern.<\/p>\n<h3>WIE VIEL GELD BRAUCHE ICH, UM \u00dcBER MEIN SMARTPHONE ZU SPIELEN?<\/h3>\n<p>Mit der Live Casino App k\u00f6nnen Sie Zehntausende von Dollar verdienen. Dank der mobilen Version k\u00f6nnen Sie Spa\u00df und eine betr\u00e4chtliche finanzielle Belohnung erhalten. Probieren Sie verschiedene Taktiken und Strategien aus, um eine gro\u00dfe Summe auf Ihr Konto zu bringen.<\/p>\n<h3>WELCHE TAKTIK SIND AUF DEM SMARTPHONE VERF\u00dcGBAR?<\/h3>\n<p>Spieler sind in ihrer Strategiewahl auf ihren Smartphones nicht eingeschr\u00e4nkt. Sie k\u00f6nnen ohne zus\u00e4tzliches Training und die aufw\u00e4ndige Sitzung des Geldverdienens mit dem klassischen Spiel beginnen. Probieren Sie verschiedene Strategievarianten aus und schonen Sie Ihr Kapital, damit Sie nicht ohne Geld dastehen.<\/p>\n<h3>WIE KONTAKTIERE ICH DEN SUPPORT PER TELEFON?<\/h3>\n<p>Sie k\u00f6nnen einen Einspruch \u00fcber den Online-Chat Ihres Smartphones auf dem Hauptbildschirm senden. Die Funktion ist rund um die Uhr verf\u00fcgbar, sodass Sie garantiert Hilfe bekommen und aktiv spielen k\u00f6nnen. Sie werden auch die Nuancen des Spiels verstehen. Eine Handynummer oder E-Mail ist ebenfalls verf\u00fcgbar.<\/p>\n","protected":false},"excerpt":{"rendered":"<p>Oft glauben Spieler nicht einmal, dass sie aufgrund des fehlenden PCs viel weniger verdienen, als sie k\u00f6nnten. Sie k\u00f6nnen die Live Casino App f\u00fcr viele weitere Boni und Geschenke nutzen. Sie k\u00f6nnen die App jetzt auf Ihr Smartphone herunterladen und Kombinationen von Karten oder Symbolen auf Ihrem mobilen Ger\u00e4t sammeln. Die mobile Version funktioniert auch&#8230;.<\/p>\n","protected":false},"author":1,"featured_media":0,"parent":1533,"menu_order":0,"comment_status":"closed","ping_status":"closed","template":"","meta":{"_acf_changed":false,"_kad_post_transparent":"default","_kad_post_title":"default","_kad_post_layout":"default","_kad_post_sidebar_id":"","_kad_post_content_style":"default","_kad_post_vertical_padding":"default","_kad_post_feature":"","_kad_post_feature_position":"","_kad_post_header":false,"_kad_post_footer":false,"footnotes":""},"class_list":["post-2982","page","type-page","status-publish","hentry"],"acf":[],"rttpg_featured_image_url":null,"rttpg_author":{"display_name":"Oliver","author_link":"https:\/\/rocketplay-online.com\/de\/author\/pemvas95n89x\/"},"rttpg_comment":0,"rttpg_category":null,"rttpg_excerpt":"Oft glauben Spieler nicht einmal, dass sie aufgrund des fehlenden PCs viel weniger verdienen, als sie k\u00f6nnten. Sie k\u00f6nnen die Live Casino App f\u00fcr viele weitere Boni und Geschenke nutzen. Sie k\u00f6nnen die App jetzt auf Ihr Smartphone herunterladen und Kombinationen von Karten oder Symbolen auf Ihrem mobilen Ger\u00e4t sammeln. Die mobile Version funktioniert auch....","_links":{"self":[{"href":"https:\/\/rocketplay-online.com\/de\/wp-json\/wp\/v2\/pages\/2982","targetHints":{"allow":["GET"]}}],"collection":[{"href":"https:\/\/rocketplay-online.com\/de\/wp-json\/wp\/v2\/pages"}],"about":[{"href":"https:\/\/rocketplay-online.com\/de\/wp-json\/wp\/v2\/types\/page"}],"author":[{"embeddable":true,"href":"https:\/\/rocketplay-online.com\/de\/wp-json\/wp\/v2\/users\/1"}],"replies":[{"embeddable":true,"href":"https:\/\/rocketplay-online.com\/de\/wp-json\/wp\/v2\/comments?post=2982"}],"version-history":[{"count":4,"href":"https:\/\/rocketplay-online.com\/de\/wp-json\/wp\/v2\/pages\/2982\/revisions"}],"predecessor-version":[{"id":6659,"href":"https:\/\/rocketplay-online.com\/de\/wp-json\/wp\/v2\/pages\/2982\/revisions\/6659"}],"up":[{"embeddable":true,"href":"https:\/\/rocketplay-online.com\/de\/wp-json\/wp\/v2\/pages\/1533"}],"wp:attachment":[{"href":"https:\/\/rocketplay-online.com\/de\/wp-json\/wp\/v2\/media?parent=2982"}],"curies":[{"name":"wp","href":"https:\/\/api.w.org\/{rel}","templated":true}]}}