{"id":2978,"date":"2023-01-10T18:00:21","date_gmt":"2023-01-10T15:00:21","guid":{"rendered":"https:\/\/rocketplay-online.com\/live-casino\/free\/"},"modified":"2025-11-24T21:01:22","modified_gmt":"2025-11-24T18:01:22","slug":"free","status":"publish","type":"page","link":"https:\/\/rocketplay-online.com\/de\/live-casino\/free\/","title":{"rendered":"Kostenloses Live-Casino bei Rocket Play Review"},"content":{"rendered":"<p>Eine gro\u00dfe Anzahl von Vorteilen erhalten die Spieler von Casino Live kostenlos, da sie verschiedene Versionen der Spiele ausprobieren k\u00f6nnen, ohne eine Einzahlung zu leisten. Diese einzigartige Gelegenheit ist dank des kritischen Demomodus verf\u00fcgbar, den die Casinoverwaltung entwickelt hat. Nutzen Sie Ihre Chance, verschiedene Taktiken und Strategien auszuprobieren, um mehr Geld zu verdienen und das Spiel zu genie\u00dfen.<\/p>\n<p><img loading=\"lazy\" decoding=\"async\" class=\"aligncenter wp-image-4025\" src=\"https:\/\/rocketplay-online.com\/wp-content\/uploads\/2024\/01\/jack-spade-heart-ace-card-with-casino-chips-stack-green-poker-table.jpg\" alt=\"Kostenloses Live-Casino bei Rocket Play Review\" width=\"800\" height=\"534\" srcset=\"https:\/\/rocketplay-online.com\/wp-content\/uploads\/2024\/01\/jack-spade-heart-ace-card-with-casino-chips-stack-green-poker-table.jpg 1000w, https:\/\/rocketplay-online.com\/wp-content\/uploads\/2024\/01\/jack-spade-heart-ace-card-with-casino-chips-stack-green-poker-table-300x200.jpg 300w, https:\/\/rocketplay-online.com\/wp-content\/uploads\/2024\/01\/jack-spade-heart-ace-card-with-casino-chips-stack-green-poker-table-768x512.jpg 768w\" sizes=\"auto, (max-width: 800px) 100vw, 800px\" \/><\/p>\n<h2>ALLES, WAS SIE \u00dcBER DAS KOSTENLOSE LIVE-CASINO-SPIEL WISSEN M\u00dcSSEN<\/h2>\n<p>Das erste, was zu verstehen ist, ist, dass der kostenlose Live-Casino-Bonus eine hervorragende Gelegenheit f\u00fcr jeden Anf\u00e4nger ist, eine gro\u00dfe Geldsumme zu verdienen. Ein Online-Spiel mit einem Live-Dealer beinhaltet eine m\u00f6gliche Kommunikation und andere Benutzer im Chat. Deshalb k\u00f6nnen hier viele Leute die besten Ergebnisse zeigen und mal mehr verdienen. Dies ist eine ausgezeichnete Gelegenheit, um mit Ihren Gewinnen anzugeben und mit beeindruckenden Ergebnissen zu prahlen.<\/p>\n<p>Sie sollten sich auch der Vorteile des Spiels bewusst sein:<\/p>\n<ul>\n<li>es ist m\u00f6glich, eine gro\u00dfe Geldsumme zu gewinnen;<\/li>\n<li>es findet eine Kommunikation mit anderen Benutzern statt;<\/li>\n<li>die Limits f\u00fcr den maximalen Einsatz sind umfassender.<\/li>\n<\/ul>\n<p>All dies erm\u00f6glicht es Ihnen, mehr zu verdienen und eine aufregendere Zeit zu haben.<\/p>\n<div class=\"go-btn-container\"><div class=\"tosh-btn\"><a href=\"\/go-casino\/\" target=\"_blank\" rel=\"noopener\">JETZT SPIELEN<\/a><\/div><\/div>\n<h2>WARUM KOSTENLOS LIVE CASINO ONLINE SPIELEN?<\/h2>\n<p>Bei Casino Live online free lohnt es sich, zumindest wegen der einzigartigen Atmosph\u00e4re von Aufregung und Freude, Spa\u00df zu haben. Alle werden \u00fcber ihre Gewinne und Erfolge sprechen; Daher m\u00f6chte der Spieler eine solche Geschichte erz\u00e4hlen. Und wenn es jetzt nicht existiert, wird der Benutzer versuchen, es zu bauen.<\/p>\n<p>Sie k\u00f6nnen Ihre Gewinne durch die M\u00f6glichkeit, verschiedene Spiele zu spielen, steigern. Roulette, Blackjack und Baccarat sind die Grundausstattung eines jeden Gl\u00fccksspiel-Enthusiasten. Viel Spa\u00df und Erfahrung jetzt.<\/p>\n<h2>VOR-UND NACHTEILE<\/h2>\n<p>Es lohnt sich zumindest wegen der folgenden Vorteile, mit dem kostenlosen Online-Spielen von Live Casino zu beginnen:<\/p>\n<ul>\n<li>Sie k\u00f6nnen Ihre Gewinne steigern, indem Sie neue Taktiken und Strategien entwickeln;<\/li>\n<li>w\u00e4hrend des Spiels nicht den Hauptbetrag ausgeben;<\/li>\n<li>Es besteht die M\u00f6glichkeit, unsch\u00e4tzbare Erfahrungen im Spiel zu sammeln und diese dann zu nutzen.<\/li>\n<\/ul>\n<p>Der einzige Nachteil ist, dass Sie kein echtes Geld gewinnen k\u00f6nnen. Aber auch das ist nur vor\u00fcbergehend, denn es wird einfach sein, Ihr Wissen in Zukunft anzuwenden, um um Geld zu spielen. Nutzen Sie die M\u00f6glichkeit, kostenlos zu lernen, um mehr zu erreichen.<\/p>\n<p><img loading=\"lazy\" decoding=\"async\" class=\"aligncenter wp-image-4016\" src=\"https:\/\/rocketplay-online.com\/wp-content\/uploads\/2024\/01\/2222.png\" alt=\"Kostenloses Live-Casino bei Rocket Play Review 2\" width=\"800\" height=\"351\" srcset=\"https:\/\/rocketplay-online.com\/wp-content\/uploads\/2024\/01\/2222.png 1391w, https:\/\/rocketplay-online.com\/wp-content\/uploads\/2024\/01\/2222-300x132.png 300w, https:\/\/rocketplay-online.com\/wp-content\/uploads\/2024\/01\/2222-1024x449.png 1024w, https:\/\/rocketplay-online.com\/wp-content\/uploads\/2024\/01\/2222-768x337.png 768w\" sizes=\"auto, (max-width: 800px) 100vw, 800px\" \/><\/p>\n<h2>FAZIT<\/h2>\n<p>Zusammenfassend l\u00e4sst sich sagen, dass das beste kostenlose Live Casino eine gro\u00dfe Aufgabe f\u00fcr alle Benutzer ist. Sie m\u00fcssen lernen, Ihre Finanzen richtig zu verwalten und lernen, Ihre Emotionen zu kontrollieren, damit Sie \u00f6fter gewinnen und sich nicht aufregen, wenn Sie Pech haben. Dank des Demo-Modus k\u00f6nnen Sie auch Ihre Taktik oder Strategie erstellen. Versuchen Sie jetzt Ihr Gl\u00fcck und Ihre F\u00e4higkeiten.<\/p>\n<h2>FAQ<\/h2>\n<p>Unsere Experten helfen Neulingen, Casino Live free zu verstehen. Sie sollten einen kleinen Block mit Antworten auf die h\u00e4ufigsten Fragen lesen, der Ihnen hilft, die Essenz des Spiels zu verstehen und triviale Fehler zu vermeiden.<\/p>\n<h3>WIE VIEL GELD WIRD ES BRAUCHEN, DAS SPIEL ZU SPIELEN?<\/h3>\n<p>Sie k\u00f6nnen im Live Casino kostenlos spielen und viel Geld verdienen, sobald Sie anfangen, um echtes Geld zu spielen. Der springende Punkt ist, dass Sie mit Spa\u00df Erfahrungen und wertvolle F\u00e4higkeiten sammeln, die Sie in Zukunft leicht anwenden k\u00f6nnen. Sie m\u00fcssen keine Einzahlung t\u00e4tigen, um verschiedene Gl\u00fccksspiele kostenlos auszuprobieren.<\/p>\n<h3>KANN ICH CHEATS VERWENDEN?<\/h3>\n<p>Nein, Sie m\u00fcssen ehrlich handeln, um eine Sperrung Ihres Kontos zu vermeiden. Profitieren Sie dabei von Expertentipps und einzigartigen Strategien. Sie k\u00f6nnen auch verschiedene Taktiken ausprobieren, um mehr zu verdienen und schlie\u00dflich Ihr Spiel zu genie\u00dfen.<\/p>\n<h3>WIE KONTAKTIEREN SIE DEN SUPPORT F\u00dcR KOSTENLOSE CASINO-SPIELE?<\/h3>\n<p>Der einfachste Weg, den technischen Support zu kontaktieren, ist \u00fcber den Online-Chat direkt auf der Website. Schreiben Sie Ihre Anfrage und w\u00e4hlen Sie den Problembereich aus, damit Spezialisten Ihnen schneller helfen k\u00f6nnen. Geben Sie alle Informationen an, die Sie ben\u00f6tigen, um eine detaillierte Antwort zu erhalten. Sie k\u00f6nnen auch einen Einspruch per E-Mail oder Telefonnummer schreiben.<\/p>\n","protected":false},"excerpt":{"rendered":"<p>Eine gro\u00dfe Anzahl von Vorteilen erhalten die Spieler von Casino Live kostenlos, da sie verschiedene Versionen der Spiele ausprobieren k\u00f6nnen, ohne eine Einzahlung zu leisten. Diese einzigartige Gelegenheit ist dank des kritischen Demomodus verf\u00fcgbar, den die Casinoverwaltung entwickelt hat. Nutzen Sie Ihre Chance, verschiedene Taktiken und Strategien auszuprobieren, um mehr Geld zu verdienen und das&#8230;<\/p>\n","protected":false},"author":1,"featured_media":0,"parent":1533,"menu_order":0,"comment_status":"closed","ping_status":"closed","template":"","meta":{"_acf_changed":false,"_kad_post_transparent":"default","_kad_post_title":"default","_kad_post_layout":"default","_kad_post_sidebar_id":"","_kad_post_content_style":"default","_kad_post_vertical_padding":"default","_kad_post_feature":"","_kad_post_feature_position":"","_kad_post_header":false,"_kad_post_footer":false,"footnotes":""},"class_list":["post-2978","page","type-page","status-publish","hentry"],"acf":[],"rttpg_featured_image_url":null,"rttpg_author":{"display_name":"Oliver","author_link":"https:\/\/rocketplay-online.com\/de\/author\/pemvas95n89x\/"},"rttpg_comment":0,"rttpg_category":null,"rttpg_excerpt":"Eine gro\u00dfe Anzahl von Vorteilen erhalten die Spieler von Casino Live kostenlos, da sie verschiedene Versionen der Spiele ausprobieren k\u00f6nnen, ohne eine Einzahlung zu leisten. Diese einzigartige Gelegenheit ist dank des kritischen Demomodus verf\u00fcgbar, den die Casinoverwaltung entwickelt hat. Nutzen Sie Ihre Chance, verschiedene Taktiken und Strategien auszuprobieren, um mehr Geld zu verdienen und das...","_links":{"self":[{"href":"https:\/\/rocketplay-online.com\/de\/wp-json\/wp\/v2\/pages\/2978","targetHints":{"allow":["GET"]}}],"collection":[{"href":"https:\/\/rocketplay-online.com\/de\/wp-json\/wp\/v2\/pages"}],"about":[{"href":"https:\/\/rocketplay-online.com\/de\/wp-json\/wp\/v2\/types\/page"}],"author":[{"embeddable":true,"href":"https:\/\/rocketplay-online.com\/de\/wp-json\/wp\/v2\/users\/1"}],"replies":[{"embeddable":true,"href":"https:\/\/rocketplay-online.com\/de\/wp-json\/wp\/v2\/comments?post=2978"}],"version-history":[{"count":4,"href":"https:\/\/rocketplay-online.com\/de\/wp-json\/wp\/v2\/pages\/2978\/revisions"}],"predecessor-version":[{"id":6651,"href":"https:\/\/rocketplay-online.com\/de\/wp-json\/wp\/v2\/pages\/2978\/revisions\/6651"}],"up":[{"embeddable":true,"href":"https:\/\/rocketplay-online.com\/de\/wp-json\/wp\/v2\/pages\/1533"}],"wp:attachment":[{"href":"https:\/\/rocketplay-online.com\/de\/wp-json\/wp\/v2\/media?parent=2978"}],"curies":[{"name":"wp","href":"https:\/\/api.w.org\/{rel}","templated":true}]}}