{"id":2974,"date":"2023-01-10T18:41:52","date_gmt":"2023-01-10T15:41:52","guid":{"rendered":"https:\/\/rocketplay-online.com\/sport-betting\/"},"modified":"2025-04-07T11:54:57","modified_gmt":"2025-04-07T08:54:57","slug":"sport-betting","status":"publish","type":"page","link":"https:\/\/rocketplay-online.com\/de\/sport-betting\/","title":{"rendered":"Sportwetten Bewertung"},"content":{"rendered":"<p>In jedem Casino sind Sportwetten eine der Hauptrichtungen. Es erfreut Benutzer weltweit und erm\u00f6glicht es ihnen, gro\u00dfe Summen direkt auf ihren Konten zu verdienen. Der Hauptvorteil besteht darin, dass Sie das Spiel der Athleten analysieren und in Ruhe wetten k\u00f6nnen. Alles h\u00e4ngt allein von Ihrem Gl\u00fcck und Ihrer F\u00e4higkeit ab, den richtigen Moment zu ergreifen. Vergessen Sie nicht die Funktion der R\u00fcckgabe eines Teils der Wette, um zumindest einen Teil des Geldes aus einer m\u00f6glicherweise verlorenen Wette zu erhalten.<\/p>\n<p><img loading=\"lazy\" decoding=\"async\" class=\"aligncenter wp-image-3849\" src=\"https:\/\/rocketplay-online.com\/wp-content\/uploads\/2024\/01\/soccer-bet-concept-with-football-players-during-match-e1706700376763.jpg\" alt=\"Sport Betting\" width=\"800\" height=\"622\" srcset=\"https:\/\/rocketplay-online.com\/wp-content\/uploads\/2024\/01\/soccer-bet-concept-with-football-players-during-match-e1706700376763.jpg 1000w, https:\/\/rocketplay-online.com\/wp-content\/uploads\/2024\/01\/soccer-bet-concept-with-football-players-during-match-e1706700376763-300x233.jpg 300w, https:\/\/rocketplay-online.com\/wp-content\/uploads\/2024\/01\/soccer-bet-concept-with-football-players-during-match-e1706700376763-768x597.jpg 768w\" sizes=\"auto, (max-width: 800px) 100vw, 800px\" \/><\/p>\n<h2>SPORTWETTEN-LEITFADEN F\u00dcR ANF\u00c4NGER<\/h2>\n<p>Viele Einsteiger in das Online-Gl\u00fccksspiel achten auf die M\u00f6glichkeit, eine Sportwetten-App zu nutzen. Dank der Entwickler und Administratoren kann jeder sowohl auf der offiziellen Website wetten als auch eine separate Anwendung auf dem Smartphone ausprobieren. Versuchen Sie, die Vorteile des Online-Spiels zu nutzen und gewinnen Sie eine gro\u00dfe Geldsumme direkt auf Ihr Konto.<\/p>\n<p>Eine kleine Anleitung von professionellen Spielern kann Neulingen dabei helfen:<\/p>\n<ul>\n<li>Versuchen Sie zun\u00e4chst, die Schnellregistrierung und die Anfangsboni zu nutzen. Das Unternehmen gibt Ihnen gerne ein paar hundert Dollar, wenn Sie die Gelegenheit richtig nutzen. Die einzige Regel besteht darin, die Spiel- und Wettregeln zu lernen, um nicht versehentlich alle Ihre Ersparnisse zu verlieren;<\/li>\n<li>Wenn Sie noch Anf\u00e4nger sind, lohnt es sich, die Wetten in einem speziellen Demo-Modus ohne echtes Geld auszuprobieren. In diesem Plan k\u00f6nnen Sie es als separate Sportwetten-Website von den Entwicklern des urspr\u00fcnglichen Spielportals verwenden. Schreiben Sie also Ihre Vorhersagen auf Papier und sehen Sie sich dann das Ergebnis an. Es mag wie ein langweiliges Spielformat erscheinen, aber dank dieser Strategie k\u00f6nnen Sie Erfahrungen sammeln und lernen, wie Sie Ihr Geld verteilen;<\/li>\n<li>Versuchen Sie unmittelbar nach dem Erstellen eines pers\u00f6nlichen Kontos, einen speziellen Modus zu verwenden und Ihre Finanzen im Voraus zuzuweisen. Bestimmen Sie die f\u00fcr Sie passenden Mindestquoten zum Wetten. Und berechnen Sie auch die durchschnittliche H\u00f6he der Eins\u00e4tze in Geld, damit Sie in Zukunft weniger Zeit mit dem Z\u00e4hlen von Gewinnen und Verlusten verbringen.<\/li>\n<\/ul>\n<p>Und nat\u00fcrlich muss jeder Spieler, der etwas auf sich h\u00e4lt, die detailliertesten Statistiken \u00fcber sein Spiel f\u00fchren. Es ist notwendig, das verlorene und gewonnene Geld ehrlich zu ber\u00fccksichtigen, um es beim Wetten nicht zu \u00fcbertreiben. Viele spiels\u00fcchtige Nutzer k\u00f6nnen solche Statistiken nicht einsehen und verlieren daher weiterhin und regen sich st\u00e4ndig auf. Denken Sie daran, dass Gl\u00fccksspiel f\u00fcr lange Zeit Unterhaltung und kein Job ist.<\/p>\n<div class=\"go-btn-container\"><div class=\"tosh-btn\"><a href=\"\/go-casino\/\" target=\"_blank\" rel=\"noopener\">JETZT SPIELEN<\/a><\/div><\/div>\n<h2>WIE FUNKTIONIEREN SPORTWETTEN?<\/h2>\n<p>Australische Sportwetten sind ein komplexer Mechanismus, der Online-Casinos vollst\u00e4ndig kontrolliert. Es berechnet automatische Quoten f\u00fcr jedes Ereignis. Wenn Sie 100 $ bei einer Quote von 1,7 setzen, erhalten Sie 170 $ Einkommen und 70 $ Nettogewinn. Dies ist eine ausgezeichnete Gelegenheit, mehr Geld auf Ihrem Konto zu verdienen.<\/p>\n<p>Gleichzeitig k\u00f6nnen Sie das einzigartige Navigationssystem auf der offiziellen Website nutzen und die richtige Sportart f\u00fcr sich ausw\u00e4hlen. Alle Ereignisse werden automatisch hinzugef\u00fcgt. Darunter sind sowohl einzigartige Matches mit den gro\u00dfen Stars als auch klassische Matches in den Top-3-Ligen, bei denen fast niemand die Spieler kennt. Die Quoten variieren stark je nach Favoriten des Spiels, sodass Sie die perfekte Wette f\u00fcr sich finden k\u00f6nnen.<\/p>\n<p>Au\u00dferdem sollte bedacht werden, dass die besten Sportwetten bestimmte Einschr\u00e4nkungen beinhalten, die als Limits bezeichnet werden. Dies sind eindeutige Werte, die die Verwaltung f\u00fcr jedes Spiel festlegt. Je nach Veranstaltung k\u00f6nnen Sie einen begrenzten Geldbetrag setzen. F\u00fcr das beste Match des Jahres in einem gro\u00dfen Turnier k\u00f6nnen Sie sogar 100.000 $ setzen. Auf der anderen Seite wird es nicht einfach sein, auch nur 1.000 Dollar auf ein College-Fu\u00dfballspiel zu setzen.<\/p>\n<p>Manchmal k\u00f6nnen Benutzer zus\u00e4tzliche Vorteile erhalten, indem sie ein einzigartiges System von VIPs und Boni verwenden. Die Verwaltung kann die Limits f\u00fcr Benutzer vor\u00fcbergehend oder dauerhaft erh\u00f6hen. Dazu k\u00f6nnen Sie das \u00dcberpr\u00fcfungsverfahren des pers\u00f6nlichen Kontos durchlaufen oder mit gro\u00dfen Wetten beginnen. Sie k\u00f6nnen eine solche M\u00f6glichkeit auch beim technischen Support beantragen, aber die Entscheidung, die Limits zu erh\u00f6hen, bleibt immer der Verwaltung der Online-Site \u00fcberlassen.<\/p>\n<h2>TIPPS UND STRATEGIEN<\/h2>\n<p><img loading=\"lazy\" decoding=\"async\" class=\"aligncenter wp-image-3859\" src=\"https:\/\/rocketplay-online.com\/wp-content\/uploads\/2024\/01\/sports-betting-american-football-player-appearing-from-smartphone-field-money-shower.jpg\" alt=\"Sport Betting 2\" width=\"800\" height=\"534\" srcset=\"https:\/\/rocketplay-online.com\/wp-content\/uploads\/2024\/01\/sports-betting-american-football-player-appearing-from-smartphone-field-money-shower.jpg 1000w, https:\/\/rocketplay-online.com\/wp-content\/uploads\/2024\/01\/sports-betting-american-football-player-appearing-from-smartphone-field-money-shower-300x200.jpg 300w, https:\/\/rocketplay-online.com\/wp-content\/uploads\/2024\/01\/sports-betting-american-football-player-appearing-from-smartphone-field-money-shower-768x512.jpg 768w\" sizes=\"auto, (max-width: 800px) 100vw, 800px\" \/><\/p>\n<p>Pr\u00e4sentieren Sie Ihre Sportwetten-Prognosen. Es ist notwendig, spezifische Empfehlungen der besten Spieler der Welt zu ber\u00fccksichtigen. Dadurch k\u00f6nnen Sie weniger Geld verlieren und h\u00e4ufiger gewinnen. Hier sind einige solcher Tipps:<\/p>\n<ul>\n<li>Anf\u00e4nger sollten versuchen, mehr Boni von der Verwaltung zu bekommen. Meistens erhalten Sie sogar f\u00fcr die Registrierung ein kleines Geschenk.<\/li>\n<li>Setzen Sie nicht sofort Ihr gesamtes Geld ein, auch nicht bei einem Event mit Quoten von 1,1. Oft sind solche Matches unerwartet passend f\u00fcr Ihre Gegner, was bedeutet, dass Sie das Ma\u00df immer kennen sollten;<\/li>\n<li>empfehlen, dass Sie sich sofort mit den Regeln und Standards der Gl\u00fccksspielseite vertraut machen, auf der Sie wetten werden. Dadurch k\u00f6nnen Sie Missverst\u00e4ndnisse vermeiden und mehr Gewinn erzielen.<\/li>\n<\/ul>\n<p>Es wird auch empfohlen, das Verifizierungsverfahren zu durchlaufen und alle Vorteile der Online-Site zu nutzen.<\/p>\n<h2>FAZIT<\/h2>\n<p>Fazit: Spitzensportwetten sind nur m\u00f6glich, wenn Sie alle Ihre Strategien im Detail ausarbeiten. Versuchen Sie, ohne Geld zu spielen und fahren Sie erst danach mit gro\u00dfen Eins\u00e4tzen fort. In diesem Fall k\u00f6nnen Sie Ihr Hobby zum geldwerten Vergn\u00fcgen machen und eine gro\u00dfe Summe direkt auf Ihr Konto bekommen. Fangen Sie gleich an und Sie werden mit dem Ergebnis garantiert zufrieden sein!<\/p>\n<div class=\"go-btn-container\"><div class=\"tosh-btn\"><a href=\"\/go-casino\/\" target=\"_blank\" rel=\"noopener\">JETZT SPIELEN<\/a><\/div><\/div>\n<h2>FAQ<\/h2>\n<p>Wir haben viele Fragen gesammelt, die Anf\u00e4nger stellen, speziell f\u00fcr Sie. So hast du den Dreh raus und verdienst viel schneller gro\u00dfe Summen!<\/p>\n<h3>KANN ICH OHNE GELD WETTEN?<\/h3>\n<p>Ja, Sie k\u00f6nnen den Demo-Modus auf einigen Websites verwenden. Andernfalls empfiehlt es sich, den Betrag, die Quoten und das Ergebnis des Spiels auf einem Zettel zu notieren. Sie k\u00f6nnen die Ergebnisse analysieren und einige Statistiken zu Ihren Spielen erhalten.<\/p>\n<h3>WIE MELDE ICH MICH F\u00dcR EINE WETTSITE AN?<\/h3>\n<p>Klicken Sie einfach auf die Schaltfl\u00e4che &#8222;Registrieren&#8220; und geben Sie Ihre pers\u00f6nlichen Daten ein. Achten Sie darauf, dass sie authentisch sind. Nur dann k\u00f6nnen Sie auf das Spiel zugreifen und Ihr Guthaben f\u00fcr Wetten schnell auff\u00fcllen.<\/p>\n<h3>WO FINDE ICH DIE BESTEN WETTUNTERNEHMEN?<\/h3>\n<p>Wir empfehlen Ihnen, unseren Abschnitt \u00fcber Sportwetten-Tipps zu lesen, um das richtige Unternehmen f\u00fcr Sie zu finden. Nur so kann man einigerma\u00dfen schnell und effizient mit dem Zocken beginnen, ohne Zeit mit destruktiven Projekten zu verschwenden. Finden Sie Ihre ideale Nische und verdienen Sie gro\u00dfe Summen.<\/p>\n","protected":false},"excerpt":{"rendered":"<p>In jedem Casino sind Sportwetten eine der Hauptrichtungen. Es erfreut Benutzer weltweit und erm\u00f6glicht es ihnen, gro\u00dfe Summen direkt auf ihren Konten zu verdienen. Der Hauptvorteil besteht darin, dass Sie das Spiel der Athleten analysieren und in Ruhe wetten k\u00f6nnen. Alles h\u00e4ngt allein von Ihrem Gl\u00fcck und Ihrer F\u00e4higkeit ab, den richtigen Moment zu ergreifen&#8230;.<\/p>\n","protected":false},"author":1,"featured_media":0,"parent":0,"menu_order":0,"comment_status":"closed","ping_status":"closed","template":"","meta":{"_acf_changed":false,"_kad_post_transparent":"default","_kad_post_title":"default","_kad_post_layout":"default","_kad_post_sidebar_id":"","_kad_post_content_style":"default","_kad_post_vertical_padding":"default","_kad_post_feature":"","_kad_post_feature_position":"","_kad_post_header":false,"_kad_post_footer":false,"footnotes":""},"class_list":["post-2974","page","type-page","status-publish","hentry"],"acf":[],"rttpg_featured_image_url":null,"rttpg_author":{"display_name":"Oliver","author_link":"https:\/\/rocketplay-online.com\/de\/author\/pemvas95n89x\/"},"rttpg_comment":0,"rttpg_category":null,"rttpg_excerpt":"In jedem Casino sind Sportwetten eine der Hauptrichtungen. Es erfreut Benutzer weltweit und erm\u00f6glicht es ihnen, gro\u00dfe Summen direkt auf ihren Konten zu verdienen. Der Hauptvorteil besteht darin, dass Sie das Spiel der Athleten analysieren und in Ruhe wetten k\u00f6nnen. Alles h\u00e4ngt allein von Ihrem Gl\u00fcck und Ihrer F\u00e4higkeit ab, den richtigen Moment zu ergreifen....","_links":{"self":[{"href":"https:\/\/rocketplay-online.com\/de\/wp-json\/wp\/v2\/pages\/2974","targetHints":{"allow":["GET"]}}],"collection":[{"href":"https:\/\/rocketplay-online.com\/de\/wp-json\/wp\/v2\/pages"}],"about":[{"href":"https:\/\/rocketplay-online.com\/de\/wp-json\/wp\/v2\/types\/page"}],"author":[{"embeddable":true,"href":"https:\/\/rocketplay-online.com\/de\/wp-json\/wp\/v2\/users\/1"}],"replies":[{"embeddable":true,"href":"https:\/\/rocketplay-online.com\/de\/wp-json\/wp\/v2\/comments?post=2974"}],"version-history":[{"count":4,"href":"https:\/\/rocketplay-online.com\/de\/wp-json\/wp\/v2\/pages\/2974\/revisions"}],"predecessor-version":[{"id":6848,"href":"https:\/\/rocketplay-online.com\/de\/wp-json\/wp\/v2\/pages\/2974\/revisions\/6848"}],"wp:attachment":[{"href":"https:\/\/rocketplay-online.com\/de\/wp-json\/wp\/v2\/media?parent=2974"}],"curies":[{"name":"wp","href":"https:\/\/api.w.org\/{rel}","templated":true}]}}