{"id":2970,"date":"2023-01-10T18:51:52","date_gmt":"2023-01-10T15:51:52","guid":{"rendered":"https:\/\/rocketplay-online.com\/football\/"},"modified":"2025-11-24T21:12:29","modified_gmt":"2025-11-24T18:12:29","slug":"football","status":"publish","type":"page","link":"https:\/\/rocketplay-online.com\/de\/sport-betting\/football\/","title":{"rendered":"Die besten Websites f\u00fcr Fu\u00dfballwetten"},"content":{"rendered":"<p>Die beliebteste Richtung eines jeden Wettunternehmens ist das Wetten auf Fu\u00dfball. Die M\u00f6glichkeit, eine gro\u00dfe Geldsumme auf Ihr Lieblingsteam zu setzen und schnell zu gewinnen, dreht sich um Fu\u00dfball. Mehr als zweihundert Spiele t\u00e4glich und st\u00e4ndige Boni f\u00fcr aktive Kunden. Das Unternehmen unterst\u00fctzt Spieler, daher empfehlen wir Ihnen, sich \u00fcber Fu\u00dfballwetten zu informieren und gro\u00dfe Summen auf Ihrem Konto zu verdienen.<\/p>\n<p><img loading=\"lazy\" decoding=\"async\" class=\"aligncenter wp-image-3809\" src=\"https:\/\/rocketplay-online.com\/wp-content\/uploads\/2024\/01\/online-bet-analytics-statistics-soccer-game.jpg\" alt=\"Football Betting\" width=\"800\" height=\"414\" srcset=\"https:\/\/rocketplay-online.com\/wp-content\/uploads\/2024\/01\/online-bet-analytics-statistics-soccer-game.jpg 1000w, https:\/\/rocketplay-online.com\/wp-content\/uploads\/2024\/01\/online-bet-analytics-statistics-soccer-game-300x155.jpg 300w, https:\/\/rocketplay-online.com\/wp-content\/uploads\/2024\/01\/online-bet-analytics-statistics-soccer-game-768x397.jpg 768w\" sizes=\"auto, (max-width: 800px) 100vw, 800px\" \/><\/p>\n<h2>WIE MAN AUF FUSSBALL WETTET<\/h2>\n<p>Viele moderne Gl\u00fccksspielsportarten, die Sie auf einer Casino- oder Buchmacherseite f\u00fcr kostenlose Fu\u00dfballwetten erhalten k\u00f6nnen. Mit dieser Spezialwette k\u00f6nnen Sie echtes Geld gewinnen, ohne Ihr Kapital zu riskieren. Sie sollten in einer solchen Situation so vorsichtig wie m\u00f6glich sein, da es m\u00f6glich ist, regelm\u00e4\u00dfig mit dem Spielen zu beginnen.<\/p>\n<p>In den meisten F\u00e4llen k\u00f6nnen Sie nur dann eine hervorragende Belohnung f\u00fcr Ihr Konto erhalten, wenn Sie sich auf der offiziellen Website des Gl\u00fccksspielunternehmens registriert haben. Bevor Sie ein Konto er\u00f6ffnen, denken Sie daran, dass Sie die Allgemeinen Gesch\u00e4ftsbedingungen des Spiels sorgf\u00e4ltig lesen und erst danach mit dem Wetten beginnen m\u00fcssen. Nutzen Sie aktiv alle Spielfunktionen und Sie werden erfolgreich sein.<\/p>\n<p>Wir empfehlen, ein paar einfache Empfehlungen von Experten zu befolgen, die Ihnen helfen, effizienter zu spielen:<\/p>\n<ul>\n<li>Ihr gesamtes Kapital sollte nicht auf jeweils ein Ergebnis gesetzt werden. Wenn Sie dies tun, bedeutet dies, dass Sie eine spezifische Adrenalinsucht und den Wunsch zu gewinnen haben. Es ist ratsam, Ihre Werte zu \u00fcberdenken und mit jeder Wette verantwortungsvoll umzugehen;<\/li>\n<li>Es ist am besten, das gesamte Wettangebot des Buchmachers sorgf\u00e4ltig zu studieren, um die Hauptmerkmale des Spiels zu verstehen und die perfekte Option f\u00fcr sich selbst auszuw\u00e4hlen. Verwenden Sie einfach diese einfache Regel, und Sie erhalten garantiert eine Belohnung auf Ihrem Konto. Probieren Sie es gleich aus;<\/li>\n<li>Achten Sie beim Wetten auf Ihre Emotionen, damit Sie nichts Dummes tun. Die meisten Anf\u00e4nger verlieren dadurch ihr Kapital. Deshalb empfehlen wir Ihnen, mehrere Varianten des Spiels gleichzeitig auszuprobieren und erst danach Ihre Gewinnstrategie zu entwickeln.<\/li>\n<\/ul>\n<p>Au\u00dferdem empfehlen wir Ihnen, das Kontoverifizierungsverfahren zu bestehen, um auf alle Arten von Wetten und Fu\u00dfballwetten-Apps zugreifen zu k\u00f6nnen. Auf diese Weise k\u00f6nnen Sie der Verwaltung Ihre Dokumente zur Verf\u00fcgung stellen, um Zugang zu Online-Spielen zu erhalten und die maximalen und minimalen Wetteinsatzlimits zu erh\u00f6hen. Versuchen Sie, es zu verwenden, um Ihre Ergebnisse und Gewinne zu verbessern.<\/p>\n<div class=\"go-btn-container\"><div class=\"tosh-btn\"><a href=\"\/go-casino\/\" target=\"_blank\" rel=\"noopener\">JETZT SPIELEN<\/a><\/div><\/div>\n<h2>FUSSBALL-WETTSTRATEGIE<\/h2>\n<p>Die Auswahl der perfekten Fu\u00dfball-Wettstrategien ist ziemlich schwierig. Viele Spezialisten finden ihre Nische und bleiben darin, indem sie nur auf eine bestimmte Art von Wettbewerb wetten. Manche m\u00f6gen Topspiele mit klaren Favoriten und verdienen mit Quoten von 1,2-1,5, w\u00e4hrend andere sich auf Remis in den mittleren Ligen konzentrieren. Manche setzen sogar auf Hochschulmannschaften, denn Erfolg ist \u00fcberall m\u00f6glich.<\/p>\n<p>Wir empfehlen Ihnen jedoch, alle m\u00f6glichen Wettoptionen in Betracht zu ziehen und die maximale Belohnung f\u00fcr Ihr Konto zu erhalten:<\/p>\n<ul>\n<li>Probieren Sie Fu\u00dfball-Livewetten aus, denn Sie k\u00f6nnen eine Wette abschlie\u00dfen, wenn Sie wissen, wer der Favorit ist;<\/li>\n<li>Berechnen Sie den Betrag Ihrer Wette immer im Voraus, damit Sie nicht zu viel setzen;<\/li>\n<li>\u00dcberweisen Sie regelm\u00e4\u00dfig Ihre Gewinne auf Ihr Konto, damit Sie den Geschmack des Sieges sp\u00fcren und Ihre Belohnung erhalten.<\/li>\n<\/ul>\n<p>Achte immer darauf, dass du deine Emotionen kontrollierst und befolge die Strategie strikt.<\/p>\n<p><img loading=\"lazy\" decoding=\"async\" class=\"aligncenter wp-image-3818\" src=\"https:\/\/rocketplay-online.com\/wp-content\/uploads\/2024\/01\/dollars-soccer-ball-sports-betting-soccer-betting-gambling-bookmaker-big-win.jpg\" alt=\"Football Betting 2\" width=\"800\" height=\"533\" srcset=\"https:\/\/rocketplay-online.com\/wp-content\/uploads\/2024\/01\/dollars-soccer-ball-sports-betting-soccer-betting-gambling-bookmaker-big-win.jpg 1000w, https:\/\/rocketplay-online.com\/wp-content\/uploads\/2024\/01\/dollars-soccer-ball-sports-betting-soccer-betting-gambling-bookmaker-big-win-300x200.jpg 300w, https:\/\/rocketplay-online.com\/wp-content\/uploads\/2024\/01\/dollars-soccer-ball-sports-betting-soccer-betting-gambling-bookmaker-big-win-768x511.jpg 768w\" sizes=\"auto, (max-width: 800px) 100vw, 800px\" \/><\/p>\n<h2>FAZIT<\/h2>\n<p>Online-Fu\u00dfballwetten sind ein komplexer Beruf, der Anstrengung und analytische F\u00e4higkeiten erfordert. Sie k\u00f6nnen hohe Ergebnisse erzielen und echtes Geld verdienen, indem Sie alle m\u00f6glichen Taktiken und Strategien kombinieren. Wir empfehlen die Registrierung eines pers\u00f6nlichen Kontos auf einer der besten Wettwebsites. Danach zahlen Sie gro\u00dfe Summen auf Ihr Konto ein und verdienen sie.<\/p>\n<div class=\"go-btn-container\"><div class=\"tosh-btn\"><a href=\"\/go-casino\/\" target=\"_blank\" rel=\"noopener\">JETZT SPIELEN<\/a><\/div><\/div>\n<h2>H\u00e4ufig gestellte Fragen zu Fu\u00dfballwetten<\/h2>\n<p>Speziell f\u00fcr Leser haben wir einige beliebte Fragen und Antworten von Experten zusammengestellt. Erkunden Sie die hilfreichen Informationen und beginnen Sie, viel mehr mit Ihren Wettf\u00e4higkeiten zu verdienen und einen mutma\u00dflichen Gewinner auszuw\u00e4hlen.<\/p>\n<h3>WAS SIND DIE BESTEN SPIELE F\u00dcR FUSSBALLWETTEN?<\/h3>\n<p>Viele Fu\u00dfball Wett Tipps k\u00f6nnen Neulingen gegeben werden. Es ist jedoch schwierig, eine solche Frage vollst\u00e4ndig zu beantworten. Wir empfehlen, zun\u00e4chst nur beliebte Spiele aus bew\u00e4hrten Ligen zu verwenden. Dank dessen werden Sie nicht auf Betr\u00fcger oder Spieler ohne Motivation sto\u00dfen. Solche Spieler k\u00f6nnen nicht bestochen werden, was bedeutet, dass alles so ehrlich wie m\u00f6glich ablaufen wird.<\/p>\n<h3>WIE VIEL KANN ICH AUF FUSSBALL WETTEN?<\/h3>\n<p>Der Mindesteinsatz kann nur einen Dollar betragen und der H\u00f6chsteinsatz kann mehr als zehntausend Dollar betragen. Es h\u00e4ngt alles von den Limits ab, die von der Verwaltung des Gl\u00fccksspielunternehmens f\u00fcr dieses Ereignis festgelegt wurden. Kult-Matches mit Ronaldo und Messi k\u00f6nnen auf mehrere hunderttausend Dollar begrenzt sein. Bei einem Studentenspiel ist es unwahrscheinlich, dass Sie mehr als tausend gleichzeitig setzen k\u00f6nnen.<\/p>\n<h3>WOHER WEISS ICH, WER GEWINNT?<\/h3>\n<p>Wir empfehlen Ihnen, sich zun\u00e4chst auf Ihre Wetten zu konzentrieren und nur auf die Ereignisse, bei denen Sie sich sicher sind. Das macht die besten Fu\u00dfballwetten garantiert unm\u00f6glich, weil niemand das Endspiel kennt. Versuchen Sie, das Spiel verschiedener Athleten und Nationalmannschaften zu analysieren und schauen Sie sich dann ihre bisherigen Ergebnisse und ihre aktuelle Motivation an. Dies kann Ihnen helfen, den wahren Favoriten des Spiels zu erkennen.<\/p>\n","protected":false},"excerpt":{"rendered":"<p>Die beliebteste Richtung eines jeden Wettunternehmens ist das Wetten auf Fu\u00dfball. Die M\u00f6glichkeit, eine gro\u00dfe Geldsumme auf Ihr Lieblingsteam zu setzen und schnell zu gewinnen, dreht sich um Fu\u00dfball. Mehr als zweihundert Spiele t\u00e4glich und st\u00e4ndige Boni f\u00fcr aktive Kunden. Das Unternehmen unterst\u00fctzt Spieler, daher empfehlen wir Ihnen, sich \u00fcber Fu\u00dfballwetten zu informieren und gro\u00dfe&#8230;<\/p>\n","protected":false},"author":1,"featured_media":0,"parent":2974,"menu_order":0,"comment_status":"closed","ping_status":"closed","template":"","meta":{"_acf_changed":false,"_kad_post_transparent":"default","_kad_post_title":"default","_kad_post_layout":"default","_kad_post_sidebar_id":"","_kad_post_content_style":"default","_kad_post_vertical_padding":"default","_kad_post_feature":"","_kad_post_feature_position":"","_kad_post_header":false,"_kad_post_footer":false,"footnotes":""},"class_list":["post-2970","page","type-page","status-publish","hentry"],"acf":[],"rttpg_featured_image_url":null,"rttpg_author":{"display_name":"Oliver","author_link":"https:\/\/rocketplay-online.com\/de\/author\/pemvas95n89x\/"},"rttpg_comment":0,"rttpg_category":null,"rttpg_excerpt":"Die beliebteste Richtung eines jeden Wettunternehmens ist das Wetten auf Fu\u00dfball. Die M\u00f6glichkeit, eine gro\u00dfe Geldsumme auf Ihr Lieblingsteam zu setzen und schnell zu gewinnen, dreht sich um Fu\u00dfball. Mehr als zweihundert Spiele t\u00e4glich und st\u00e4ndige Boni f\u00fcr aktive Kunden. Das Unternehmen unterst\u00fctzt Spieler, daher empfehlen wir Ihnen, sich \u00fcber Fu\u00dfballwetten zu informieren und gro\u00dfe...","_links":{"self":[{"href":"https:\/\/rocketplay-online.com\/de\/wp-json\/wp\/v2\/pages\/2970","targetHints":{"allow":["GET"]}}],"collection":[{"href":"https:\/\/rocketplay-online.com\/de\/wp-json\/wp\/v2\/pages"}],"about":[{"href":"https:\/\/rocketplay-online.com\/de\/wp-json\/wp\/v2\/types\/page"}],"author":[{"embeddable":true,"href":"https:\/\/rocketplay-online.com\/de\/wp-json\/wp\/v2\/users\/1"}],"replies":[{"embeddable":true,"href":"https:\/\/rocketplay-online.com\/de\/wp-json\/wp\/v2\/comments?post=2970"}],"version-history":[{"count":4,"href":"https:\/\/rocketplay-online.com\/de\/wp-json\/wp\/v2\/pages\/2970\/revisions"}],"predecessor-version":[{"id":6791,"href":"https:\/\/rocketplay-online.com\/de\/wp-json\/wp\/v2\/pages\/2970\/revisions\/6791"}],"up":[{"embeddable":true,"href":"https:\/\/rocketplay-online.com\/de\/wp-json\/wp\/v2\/pages\/2974"}],"wp:attachment":[{"href":"https:\/\/rocketplay-online.com\/de\/wp-json\/wp\/v2\/media?parent=2970"}],"curies":[{"name":"wp","href":"https:\/\/api.w.org\/{rel}","templated":true}]}}