{"id":2966,"date":"2023-01-10T19:04:29","date_gmt":"2023-01-10T16:04:29","guid":{"rendered":"https:\/\/rocketplay-online.com\/horse-racing\/"},"modified":"2025-04-07T15:37:07","modified_gmt":"2025-04-07T12:37:07","slug":"horse-racing","status":"publish","type":"page","link":"https:\/\/rocketplay-online.com\/de\/sport-betting\/horse-racing\/","title":{"rendered":"Wetten auf Pferderennen"},"content":{"rendered":"<p>Die meisten Benutzer setzen gerne auf Pferderennen, um die M\u00f6glichkeit zu haben, eine der \u00e4ltesten Sportarten zu ber\u00fchren. Versuchen Sie zuerst, sich f\u00fcr das beste Pferd oder einen Video-Slot mit \u00e4hnlicher Unterhaltung zu entscheiden. Setzen Sie Geld und sehen Sie sich das Rennen an, bei dem Sie sicherlich Gl\u00fcck haben werden. Und worauf Sie bei Ihren Wetten achten sollten, verraten wir Ihnen gleich.<\/p>\n<p><img loading=\"lazy\" decoding=\"async\" class=\"aligncenter wp-image-3789\" src=\"https:\/\/rocketplay-online.com\/wp-content\/uploads\/2024\/01\/woman-grass.jpg\" alt=\"Horse Racing \" width=\"800\" height=\"534\" srcset=\"https:\/\/rocketplay-online.com\/wp-content\/uploads\/2024\/01\/woman-grass.jpg 1000w, https:\/\/rocketplay-online.com\/wp-content\/uploads\/2024\/01\/woman-grass-300x200.jpg 300w, https:\/\/rocketplay-online.com\/wp-content\/uploads\/2024\/01\/woman-grass-768x512.jpg 768w\" sizes=\"auto, (max-width: 800px) 100vw, 800px\" \/><\/p>\n<h2>WIE MAN AUF PFERDERENNEN WETTEN KANN<\/h2>\n<p>Wir empfehlen Ihnen, nach einer schnellen Registrierung auf der offiziellen Website kostenlose Pferderennwetten zu erhalten:<\/p>\n<ol>\n<li>Erstellen Sie ein pers\u00f6nliches Konto und geben Sie Informationen \u00fcber sich selbst ein, t\u00e4tigen Sie dann eine Einzahlung und gehen Sie zum Abschnitt mit der Wettlinie.<\/li>\n<li>W\u00e4hlen Sie die perfekte Meisterschaft f\u00fcr Sie. Beide Amateurrennen finden t\u00e4glich statt, und weitere Titelrennen m\u00fcssen warten.<\/li>\n<li>Geben Sie Ihren Einsatzbetrag ein und warten Sie auf das Ergebnis.<\/li>\n<\/ol>\n<p>Anf\u00e4nger m\u00fcssen die Wettlinie mit den m\u00f6glichen Optionen studieren, um zu gewinnen. Es ist m\u00f6glich, auf ein einzelnes Pferd oder mehrere Ergebnisse gleichzeitig zu wetten. Sie k\u00f6nnen auch versuchen, die Reihenfolge der Ankunft der Teilnehmer am Ziel zu erraten, aber diese Art von Wetten ist zehnmal komplizierter als die \u00fcblichen. Auch das Preisgeld ist deutlich h\u00f6her.<\/p>\n<h2>DIE BESTEN PFERDERENNEN-WETTEN-SEITEN<\/h2>\n<p>Am beliebtesten waren Wetten auf Pferderennen in Australien, weil Pferderennen st\u00e4ndig viele Fans um sich versammelt. Versuchen Sie, die besten Seiten zu erkunden, die wir Ihnen zum Spielen anbieten. Dazu geh\u00f6ren RedDog, Slots Empire, Winport und viele andere. W\u00e4hlen Sie mit Bedacht und lesen Sie die Bedingungen der Vereinbarung immer sorgf\u00e4ltig durch, damit Sie sp\u00e4ter keine Probleme haben, Geld abzuheben.<\/p>\n<p>Sie k\u00f6nnen auch Folgendes ausprobieren:<\/p>\n<ul>\n<li>Profitieren Sie von einzigartigen Strategien aus unseren Bewertungen und erhalten Sie mehr Gewinne;<\/li>\n<li>Sehen Sie sich einzigartige Analysen von Reitern und Pferden an, um \u00f6fter zu gewinnen;<\/li>\n<li>Verwenden Sie die verf\u00fcgbaren Quotenstatistiken direkt auf der offiziellen Website.<\/li>\n<\/ul>\n<p>All dies wird ihre Leistung verbessern und als positives Ergebnis mehr Gewinne erzielen.<\/p>\n<div class=\"go-btn-container\"><div class=\"tosh-btn\"><a href=\"\/go-casino\/\" target=\"_blank\" rel=\"noopener\">JETZT SPIELEN<\/a><\/div><\/div>\n<h2>BELIEBTE WETTEREIGNISSE<\/h2>\n<p>Um die besten Wetten auf Pferderennen zu erhalten, sollten Sie die Casino-Website aktiv \u00fcberwachen. Versuchen Sie, die verschiedenen Optionen des Bonusprogramms zu nutzen, die immer auf der offiziellen Website verf\u00fcgbar sind. Dazu haben wir einige der besten Angebote herausgesucht, damit Sie sich schnell orientieren k\u00f6nnen.<\/p>\n<p>Wir empfehlen Ihnen auch, an speziellen Turnieren teilzunehmen, die von einzelnen Plattformen reguliert werden. Dadurch k\u00f6nnen Sie viel mehr verdienen und Ihre Pr\u00e4mie auf Ihr Konto \u00fcberweisen. Verwenden Sie solche Systeme der Casino-Verwaltung, um Ihre Preise zu erh\u00f6hen und belohnt zu werden.<\/p>\n<p>Besondere Erw\u00e4hnung verdient eine Pferdewetten-App, die allen Spielern zur Verf\u00fcgung steht. Versuchen Sie, direkt von Ihrem Smartphone zu wetten und sehen Sie sich die Rennen online an. Dies wird Ihnen helfen, mehrere Ergebnisvarianten zu verwenden und Ihren Einsatz spontan zu \u00e4ndern, um einen Gewinn zu garantieren.<\/p>\n<h2>CHORSE RACING CHANCEN UND TIPPS<\/h2>\n<p>Unter den wichtigsten Tipps zum Wetten auf Pferderennen k\u00f6nnen wir Ihnen Folgendes geben:<\/p>\n<ul>\n<li>Achten Sie w\u00e4hrend des Spiels so genau wie m\u00f6glich auf Ihr Guthaben, um einen gro\u00dfen Geldbetrag zu erhalten und nicht alle Ersparnisse aufgrund von Emotionen zu verlieren.<\/li>\n<li>Teilen Sie Ihr Kapital h\u00e4ufiger im Voraus zwischen den Wetten auf, damit Sie bei Live-Events keine \u00fcberst\u00fcrzten Aktionen ausf\u00fchren. Dies wird Ihnen helfen, Ihre Ausgaben und Einnahmen zu kontrollieren;<\/li>\n<li>Lesen Sie immer Analysen und versuchen Sie, das Endergebnis des Rennens vorherzusagen. Nur so kann man gewinnen, nicht blind handeln.<\/li>\n<\/ul>\n<p>Nutzen Sie alle Expertenempfehlungen und Sie k\u00f6nnen das letzte Rennen gewinnen. Studieren Sie w\u00e4hrend des Spiels auch das klassische Quotensystem, da es sich direkt auf Ihre Gewinne auswirkt. Wenn Sie beispielsweise 200 $ zu einer Quote von 1,5 setzen, erhalten Sie 100 $ Nettoerl\u00f6s, wenn Sie gewinnen. Wenn Sie diese Zeile verstehen, werden Sie w\u00e4hrend des Spiels garantiert alles andere herausfinden k\u00f6nnen.<\/p>\n<p><img loading=\"lazy\" decoding=\"async\" class=\"aligncenter wp-image-3799\" src=\"https:\/\/rocketplay-online.com\/wp-content\/uploads\/2024\/01\/equestrian-sport-young-girl-rides-horse-championship.jpg\" alt=\"Horse Racing 2\" width=\"800\" height=\"534\" srcset=\"https:\/\/rocketplay-online.com\/wp-content\/uploads\/2024\/01\/equestrian-sport-young-girl-rides-horse-championship.jpg 1000w, https:\/\/rocketplay-online.com\/wp-content\/uploads\/2024\/01\/equestrian-sport-young-girl-rides-horse-championship-300x200.jpg 300w, https:\/\/rocketplay-online.com\/wp-content\/uploads\/2024\/01\/equestrian-sport-young-girl-rides-horse-championship-768x512.jpg 768w\" sizes=\"auto, (max-width: 800px) 100vw, 800px\" \/><\/p>\n<h2>FAQ<\/h2>\n<p>Wir haben Antworten auf die beliebtesten Fragen der Benutzer gesammelt. Anf\u00e4nger k\u00f6nnen hilfreiche Informationen lesen und sofort von ihren Prognosef\u00e4higkeiten profitieren. Probieren Sie es aus, es wird Ihnen garantiert gefallen.<\/p>\n<div class=\"go-btn-container\"><div class=\"tosh-btn\"><a href=\"\/go-casino\/\" target=\"_blank\" rel=\"noopener\">JETZT SPIELEN<\/a><\/div><\/div>\n<h3>WAS SIND DIE BESTEN PFERDERRENNEN, AUS DEN SIE F\u00dcR WETTEN AUSW\u00c4HLEN K\u00d6NNEN?<\/h3>\n<p>Pferderennen sind eine uralte Wettart, die seit dem Mittelalter beliebt ist. Aus diesem Grund empfehlen wir Anf\u00e4ngern, sich zuerst an der Kategorie der Live-Pferdewetten zu versuchen. In diesem Fall k\u00f6nnen Sie das Spiel ansehen und erst nach dem Start des Rennens wetten. Sie k\u00f6nnen Ihre Meinung \u00e4ndern und mit gr\u00f6\u00dferer Wahrscheinlichkeit gewinnen.<\/p>\n<h3>WIE VIEL KANN ICH AUF PFERDERENNEN WETTEN?<\/h3>\n<p>Auf jede Veranstaltung k\u00f6nnen riesige Summen gesetzt werden, da die Verwaltung des Wettunternehmens oder Casinos aktive Benutzer in jeder Hinsicht ermutigt. Sie k\u00f6nnen oft unterschiedliche Quoten und Limits f\u00fcr die Betr\u00e4ge f\u00fcr verschiedene Spiele finden. Einige sind bei den Benutzern beliebt und erm\u00f6glichen es Ihnen daher, viel mehr zu setzen. Und andere werden nur von Ihnen beobachtet, und ein Einsatz von 100 $ ist das Maximum.<\/p>\n<h3>WOHER WISSEN SIE, WELCHES PFERD ZUERST KOMMT?<\/h3>\n<p>Es ist im Voraus nicht leicht zu verstehen, sodass auch Profis manchmal Geld verlieren. Aber Sie k\u00f6nnen mehr \u00fcber jedes Pferd und jeden Reiter erfahren, um Geld auf den Favoriten zu setzen. Wir empfehlen au\u00dferdem, das Spiel live zu sehen, damit Sie mehr Informationen vor sich haben. Wetten Sie mit Bedacht!<\/p>\n","protected":false},"excerpt":{"rendered":"<p>Die meisten Benutzer setzen gerne auf Pferderennen, um die M\u00f6glichkeit zu haben, eine der \u00e4ltesten Sportarten zu ber\u00fchren. Versuchen Sie zuerst, sich f\u00fcr das beste Pferd oder einen Video-Slot mit \u00e4hnlicher Unterhaltung zu entscheiden. Setzen Sie Geld und sehen Sie sich das Rennen an, bei dem Sie sicherlich Gl\u00fcck haben werden. Und worauf Sie bei&#8230;<\/p>\n","protected":false},"author":1,"featured_media":0,"parent":2974,"menu_order":0,"comment_status":"closed","ping_status":"closed","template":"","meta":{"_acf_changed":false,"_kad_post_transparent":"default","_kad_post_title":"default","_kad_post_layout":"default","_kad_post_sidebar_id":"","_kad_post_content_style":"default","_kad_post_vertical_padding":"default","_kad_post_feature":"","_kad_post_feature_position":"","_kad_post_header":false,"_kad_post_footer":false,"footnotes":""},"class_list":["post-2966","page","type-page","status-publish","hentry"],"acf":[],"rttpg_featured_image_url":null,"rttpg_author":{"display_name":"Oliver","author_link":"https:\/\/rocketplay-online.com\/de\/author\/pemvas95n89x\/"},"rttpg_comment":0,"rttpg_category":null,"rttpg_excerpt":"Die meisten Benutzer setzen gerne auf Pferderennen, um die M\u00f6glichkeit zu haben, eine der \u00e4ltesten Sportarten zu ber\u00fchren. Versuchen Sie zuerst, sich f\u00fcr das beste Pferd oder einen Video-Slot mit \u00e4hnlicher Unterhaltung zu entscheiden. Setzen Sie Geld und sehen Sie sich das Rennen an, bei dem Sie sicherlich Gl\u00fcck haben werden. Und worauf Sie bei...","_links":{"self":[{"href":"https:\/\/rocketplay-online.com\/de\/wp-json\/wp\/v2\/pages\/2966","targetHints":{"allow":["GET"]}}],"collection":[{"href":"https:\/\/rocketplay-online.com\/de\/wp-json\/wp\/v2\/pages"}],"about":[{"href":"https:\/\/rocketplay-online.com\/de\/wp-json\/wp\/v2\/types\/page"}],"author":[{"embeddable":true,"href":"https:\/\/rocketplay-online.com\/de\/wp-json\/wp\/v2\/users\/1"}],"replies":[{"embeddable":true,"href":"https:\/\/rocketplay-online.com\/de\/wp-json\/wp\/v2\/comments?post=2966"}],"version-history":[{"count":6,"href":"https:\/\/rocketplay-online.com\/de\/wp-json\/wp\/v2\/pages\/2966\/revisions"}],"predecessor-version":[{"id":6866,"href":"https:\/\/rocketplay-online.com\/de\/wp-json\/wp\/v2\/pages\/2966\/revisions\/6866"}],"up":[{"embeddable":true,"href":"https:\/\/rocketplay-online.com\/de\/wp-json\/wp\/v2\/pages\/2974"}],"wp:attachment":[{"href":"https:\/\/rocketplay-online.com\/de\/wp-json\/wp\/v2\/media?parent=2966"}],"curies":[{"name":"wp","href":"https:\/\/api.w.org\/{rel}","templated":true}]}}