{"id":2962,"date":"2023-01-10T19:27:37","date_gmt":"2023-01-10T16:27:37","guid":{"rendered":"https:\/\/rocketplay-online.com\/mma\/"},"modified":"2025-04-03T12:23:17","modified_gmt":"2025-04-03T09:23:17","slug":"mma","status":"publish","type":"page","link":"https:\/\/rocketplay-online.com\/de\/sport-betting\/mma\/","title":{"rendered":"MMA-Wettbewertung"},"content":{"rendered":"<p>Der entscheidende Vorteil von MMA-Wetten besteht darin, dass Benutzer Geld setzen und eine gro\u00dfe Geldsumme direkt auf ihr Konto gewinnen k\u00f6nnen. Auf der offiziellen Website des Unternehmens k\u00f6nnen Sie ein passendes Match ausw\u00e4hlen, Ihren pers\u00f6nlichen Favoriten ermitteln und gewinnen. Die Hauptsache ist, mit Bedacht zu wetten, und wir werden Ihnen in unserem Testbericht sagen, wie das geht.<\/p>\n<h2>WIE MAN AUF MMA-K\u00c4MPFE WETTET<\/h2>\n<p><img loading=\"lazy\" decoding=\"async\" class=\"aligncenter wp-image-3770\" src=\"https:\/\/rocketplay-online.com\/wp-content\/uploads\/2024\/01\/mma-fighters-professional-ring-fighting-championship.jpg\" alt=\"MMA Betting\" width=\"800\" height=\"500\" srcset=\"https:\/\/rocketplay-online.com\/wp-content\/uploads\/2024\/01\/mma-fighters-professional-ring-fighting-championship.jpg 1000w, https:\/\/rocketplay-online.com\/wp-content\/uploads\/2024\/01\/mma-fighters-professional-ring-fighting-championship-300x188.jpg 300w, https:\/\/rocketplay-online.com\/wp-content\/uploads\/2024\/01\/mma-fighters-professional-ring-fighting-championship-768x480.jpg 768w\" sizes=\"auto, (max-width: 800px) 100vw, 800px\" \/><\/p>\n<p>Der einfachste Weg, MMA-Wetttipps zu erhalten, ist \u00fcber die offizielle Website eines Casinos oder Wettunternehmens. Viele davon finden Sie in unseren Testberichten und auf der Website. Versuchen Sie, ein pers\u00f6nliches Konto auf der offiziellen Website zu erstellen:<\/p>\n<ol>\n<li>Das erste, was Sie tun m\u00fcssen, ist, zur Spieleseite zu gehen und zu versuchen, auf die Registrierungsschaltfl\u00e4che zu klicken. Das Formular zum Erstellen eines pers\u00f6nlichen Kontos befindet sich h\u00e4ufig in der oberen rechten Ecke.<\/li>\n<li>Geben Sie danach Ihre pers\u00f6nlichen Daten ein und fahren Sie mit dem n\u00e4chsten Schritt fort. Das System fordert Sie m\u00f6glicherweise auf, Ihre Adresse oder andere pers\u00f6nliche Informationen einzugeben.<\/li>\n<li>Gehen Sie zu Ihrem Konto und zahlen Sie den Betrag ein, der Ihnen erlaubt ist.<\/li>\n<\/ol>\n<p>Danach k\u00f6nnen Sie auf die Startseite gehen und den Abschnitt mit der Wettlinie finden. W\u00e4hlen Sie die passende Option f\u00fcr sich selbst und beginnen Sie, an Ihrer F\u00e4higkeit zu verdienen, das Ergebnis eines bestimmten Spiels vorherzusagen. Die Nutzung beliebter MMA-Wettseiten ist die einzige M\u00f6glichkeit, die perfekte f\u00fcr Sie zu finden und gro\u00dfe Geldsummen zu verdienen. Probieren Sie auch die mobile Version aus, um auch unterwegs oder zu Fu\u00df Geld zu verdienen.<\/p>\n<div class=\"go-btn-container\"><div class=\"tosh-btn\"><a href=\"\/go-casino\/\" target=\"_blank\" rel=\"noopener\">JETZT SPIELEN<\/a><\/div><\/div>\n<h2>DIE BELIEBTESTEN MMA-WETTEN<\/h2>\n<p>Benutzer weltweit bevorzugen das beste Ereignis und Ergebnis, auf das sie ihr Geld setzen. Wir empfehlen Ihnen, verschiedene Optionen auszuprobieren und die beste f\u00fcr sich auszuw\u00e4hlen. Und daf\u00fcr m\u00fcssen Sie die gesamte Sportwettenbranche im Detail studieren und Ihre Chance nutzen, eine gro\u00dfe Summe Geld zu verdienen.<\/p>\n<p>Benutzer setzen oft auf den Knockout oder Knockdown dieses oder jenes Spielers. Round-Robin-Wetten sind ebenfalls sehr beliebt. MMA-Wetten Australien Die Tatsache, dass die Ergebnisse sehr unterschiedlich sind, macht es jedoch lohnenswert, sich um Ihre Versicherung zu k\u00fcmmern. Verteilen Sie Ihr Geld einfach mit Bedacht, damit Sie Ihre Belohnung direkt auf Ihr Konto erhalten k\u00f6nnen. Dank dessen werden Sie keine Probleme haben, gro\u00dfe Geldsummen abzuheben.<\/p>\n<h2>MMA-WETTSTRATEGIEN<\/h2>\n<p>Das Beste ist, dass MMA-Sportwetten mit einer detaillierten Studie aller Regeln und Merkmale des Spiels beginnen. Viele Online-Ressourcen k\u00f6nnen Sie \u00fcber zus\u00e4tzliche Siegbedingungen und verschiedene Ergebnisvarianten informieren. Achten Sie daher auf die vielen verf\u00fcgbaren Wetten und w\u00e4hlen Sie die besten aus.<\/p>\n<p><img loading=\"lazy\" decoding=\"async\" class=\"aligncenter wp-image-3779\" src=\"https:\/\/rocketplay-online.com\/wp-content\/uploads\/2024\/01\/two-professional-mma-fighters-boxing-isolated-white-studio.jpg\" alt=\"MMA Betting 2\" width=\"800\" height=\"500\" srcset=\"https:\/\/rocketplay-online.com\/wp-content\/uploads\/2024\/01\/two-professional-mma-fighters-boxing-isolated-white-studio.jpg 1000w, https:\/\/rocketplay-online.com\/wp-content\/uploads\/2024\/01\/two-professional-mma-fighters-boxing-isolated-white-studio-300x188.jpg 300w, https:\/\/rocketplay-online.com\/wp-content\/uploads\/2024\/01\/two-professional-mma-fighters-boxing-isolated-white-studio-768x480.jpg 768w\" sizes=\"auto, (max-width: 800px) 100vw, 800px\" \/><\/p>\n<p>Gl\u00fccksspielexperten geben einige wesentliche Tipps, die Ihnen helfen werden, schon bald eine gro\u00dfe Summe auf die Wetten zu bekommen:<\/p>\n<ol>\n<li>Versuchen Sie sofort nach der Registrierung, die Bonusseite des Casinos oder Wettunternehmens zu \u00fcberpr\u00fcfen. Dort sollten Geschenke nur f\u00fcr Sie versteckt sein, die Ihnen helfen, schneller loszulegen und eine gro\u00dfe Summe Geld direkt auf Ihr Konto zu verdienen.<\/li>\n<li>Verwenden Sie die Anweisungen und speziellen Regelb\u00fccher f\u00fcr Anf\u00e4nger. Es lohnt sich, die wesentlichen Funktionen des Spiels noch einmal zu lesen, selbst wenn Sie ein Profi sind. Einige Ergebnisse von Spielen sind zun\u00e4chst m\u00f6glicherweise nicht offensichtlich, aber Sie werden es verstehen k\u00f6nnen, wenn Sie die verschiedenen Abschnitte der Website-Regeln sorgf\u00e4ltig studieren.<\/li>\n<li>Sehr oft kann das Endergebnis des Spiels unerwartet und sehr unterhaltsam sein. Deshalb setzen erfahrene Spieler nicht zu viel Geld auf einmal. Es ist notwendig, ihre Ressourcen richtig zu verwalten und rechtzeitig anzuhalten, wenn die Situation dies erfordert.<\/li>\n<\/ol>\n<p>Fangen Sie gleich an zu spielen und gewinnen Sie garantiert. Achten Sie einfach mehr auf die Analyse und kontrollieren Sie Ihre Wetten. Dadurch k\u00f6nnen Sie viele Fehler vermeiden und die gr\u00f6\u00dften Gewinne erzielen. Registrieren Sie jetzt ein pers\u00f6nliches Konto und erleben Sie alle Vorteile des Online-Gl\u00fccksspiels.<\/p>\n<div class=\"go-btn-container\"><div class=\"tosh-btn\"><a href=\"\/go-casino\/\" target=\"_blank\" rel=\"noopener\">JETZT SPIELEN<\/a><\/div><\/div>\n<h2>MMA-FAQ<\/h2>\n<p>Speziell f\u00fcr unsere Leser haben wir eine kleine Datenbank mit Antworten auf die beliebtesten Fragen vorbereitet. Auf diese Weise k\u00f6nnen Sie schneller mit dem Wetten beginnen, ohne Zeit mit der Suche nach Informationen zu verschwenden.<\/p>\n<h3>WAS SIND DIE BESTEN MATCHES F\u00dcR WETTEN BEI MMA?<\/h3>\n<p>Erstens ist es notwendig, sich von den MMA-Wettquoten leiten zu lassen, um jede Wette rentabel und produktiv zu machen. Versuchen Sie, die einzigartige Benutzeroberfl\u00e4che der Online-Site zu verwenden, die Sie schnell mit dem richtigen Spiel und der richtigen Anzahl von Wetten auffordert.<\/p>\n<h3>WIE VIEL KANN ICH AUF MMA WETTEN?<\/h3>\n<p>Es h\u00e4ngt vom Spiel ab, da der Buchmacher unterschiedliche Quoten geben kann. Wenn es sich um ber\u00fchmte K\u00e4mpfer handelt, kann der Betrag Zehn- oder sogar Hunderttausende von Dollar erreichen. Bei Amateurk\u00e4mpfen k\u00f6nnen sogar tausend Dollar ein Problem sein. Basieren Sie es auch auf Ihren F\u00e4higkeiten basierend auf dem aktuellen Budget f\u00fcr das Spiel.<\/p>\n<h3>WOHER WEISS ICH, WELCHER K\u00c4MPFER GEWINNT?<\/h3>\n<p>Am einfachsten ist es, alle m\u00f6glichen Faktoren zu analysieren und den wahrscheinlichsten Gewinner zu finden. Sie k\u00f6nnen sich die vergangenen Verdienste der Athleten ansehen, das zuletzt gespielte Turnier finden und die pers\u00f6nlichen Treffen der K\u00e4mpfer sehen. Analysieren Sie das Spiel, finden Sie das ideale Ergebnis aus den Vorschl\u00e4gen und beginnen Sie mit dem Wetten.<\/p>\n","protected":false},"excerpt":{"rendered":"<p>Der entscheidende Vorteil von MMA-Wetten besteht darin, dass Benutzer Geld setzen und eine gro\u00dfe Geldsumme direkt auf ihr Konto gewinnen k\u00f6nnen. Auf der offiziellen Website des Unternehmens k\u00f6nnen Sie ein passendes Match ausw\u00e4hlen, Ihren pers\u00f6nlichen Favoriten ermitteln und gewinnen. Die Hauptsache ist, mit Bedacht zu wetten, und wir werden Ihnen in unserem Testbericht sagen, wie&#8230;<\/p>\n","protected":false},"author":1,"featured_media":0,"parent":2974,"menu_order":0,"comment_status":"closed","ping_status":"closed","template":"","meta":{"_acf_changed":false,"_kad_post_transparent":"default","_kad_post_title":"default","_kad_post_layout":"default","_kad_post_sidebar_id":"","_kad_post_content_style":"default","_kad_post_vertical_padding":"default","_kad_post_feature":"","_kad_post_feature_position":"","_kad_post_header":false,"_kad_post_footer":false,"footnotes":""},"class_list":["post-2962","page","type-page","status-publish","hentry"],"acf":[],"rttpg_featured_image_url":null,"rttpg_author":{"display_name":"Oliver","author_link":"https:\/\/rocketplay-online.com\/de\/author\/pemvas95n89x\/"},"rttpg_comment":0,"rttpg_category":null,"rttpg_excerpt":"Der entscheidende Vorteil von MMA-Wetten besteht darin, dass Benutzer Geld setzen und eine gro\u00dfe Geldsumme direkt auf ihr Konto gewinnen k\u00f6nnen. Auf der offiziellen Website des Unternehmens k\u00f6nnen Sie ein passendes Match ausw\u00e4hlen, Ihren pers\u00f6nlichen Favoriten ermitteln und gewinnen. Die Hauptsache ist, mit Bedacht zu wetten, und wir werden Ihnen in unserem Testbericht sagen, wie...","_links":{"self":[{"href":"https:\/\/rocketplay-online.com\/de\/wp-json\/wp\/v2\/pages\/2962","targetHints":{"allow":["GET"]}}],"collection":[{"href":"https:\/\/rocketplay-online.com\/de\/wp-json\/wp\/v2\/pages"}],"about":[{"href":"https:\/\/rocketplay-online.com\/de\/wp-json\/wp\/v2\/types\/page"}],"author":[{"embeddable":true,"href":"https:\/\/rocketplay-online.com\/de\/wp-json\/wp\/v2\/users\/1"}],"replies":[{"embeddable":true,"href":"https:\/\/rocketplay-online.com\/de\/wp-json\/wp\/v2\/comments?post=2962"}],"version-history":[{"count":4,"href":"https:\/\/rocketplay-online.com\/de\/wp-json\/wp\/v2\/pages\/2962\/revisions"}],"predecessor-version":[{"id":6807,"href":"https:\/\/rocketplay-online.com\/de\/wp-json\/wp\/v2\/pages\/2962\/revisions\/6807"}],"up":[{"embeddable":true,"href":"https:\/\/rocketplay-online.com\/de\/wp-json\/wp\/v2\/pages\/2974"}],"wp:attachment":[{"href":"https:\/\/rocketplay-online.com\/de\/wp-json\/wp\/v2\/media?parent=2962"}],"curies":[{"name":"wp","href":"https:\/\/api.w.org\/{rel}","templated":true}]}}