{"id":2958,"date":"2023-01-10T19:09:20","date_gmt":"2023-01-10T16:09:20","guid":{"rendered":"https:\/\/rocketplay-online.com\/cricket\/"},"modified":"2025-11-24T21:11:31","modified_gmt":"2025-11-24T18:11:31","slug":"cricket","status":"publish","type":"page","link":"https:\/\/rocketplay-online.com\/de\/sport-betting\/cricket\/","title":{"rendered":"Online-Cricket-Wettbewertung"},"content":{"rendered":"<p>Die Fans von Cricket-Wetten wetten nicht so viel, und daher werden Ihnen die Quoten gefallen. Dar\u00fcber hinaus kann jeder einen Willkommensbonus erhalten und die Vorteile jeder einzelnen Wette erh\u00f6hen. Versuchen Sie jetzt zu spielen und eine gro\u00dfe Summe zu gewinnen, und wir werden Ihnen genau sagen, wie Sie die offizielle Website des Wettunternehmens nutzen m\u00fcssen.<\/p>\n<p><img loading=\"lazy\" decoding=\"async\" class=\"aligncenter wp-image-3830\" src=\"https:\/\/rocketplay-online.com\/wp-content\/uploads\/2024\/01\/high-angle-hand-holding-smartphone.jpg\" alt=\"Cricket Betting\" width=\"800\" height=\"542\" srcset=\"https:\/\/rocketplay-online.com\/wp-content\/uploads\/2024\/01\/high-angle-hand-holding-smartphone.jpg 1000w, https:\/\/rocketplay-online.com\/wp-content\/uploads\/2024\/01\/high-angle-hand-holding-smartphone-300x203.jpg 300w, https:\/\/rocketplay-online.com\/wp-content\/uploads\/2024\/01\/high-angle-hand-holding-smartphone-768x520.jpg 768w\" sizes=\"auto, (max-width: 800px) 100vw, 800px\" \/><\/p>\n<h2>DIE BELIEBTESTEN CRICKET-WETTBEWERBE<\/h2>\n<p>In den meisten F\u00e4llen werden kostenlose Cricket-Wetten zur ersten Wette des Benutzers auf der offiziellen Website oder dem Buchmacher des Casinos. Die Seite freut sich, Spielern zu erlauben, sich in einem kleinen Demo-Modus zu versuchen. Au\u00dferdem kann echtes Geld gewonnen werden, ohne zu investieren, da Sie bei einer solchen Wette nichts verlieren.<\/p>\n<p>Cricket ist auch ber\u00fchmt f\u00fcr seine einzigartigen Turniere, die Millionen von Zuschauern begeistern. Sehen Sie sich ein Online-Weltturnier an und sehen Sie die Anzahl der Fans. Es lohnt sich, auf diese Spiele zu wetten, da die Gewinnchance h\u00f6her ist und es fast keine Begrenzung des Betrags gibt.<\/p>\n<p>Vergessen Sie nicht die einzigartigen Turniere f\u00fcr Benutzer, an denen Sie mit der Cricket-Wett-App teilnehmen k\u00f6nnen. Jeder kann Wetten platzieren und Punkte sammeln, die er gegen coole Geschenke und Sonderpreise eintauschen kann. Dar\u00fcber hinaus k\u00f6nnen Sie Cashback, eine teilweise R\u00fcckerstattung oder einen Bonus auf Ihre n\u00e4chste Einzahlung erhalten.<\/p>\n<h2>WIE MAN WETTET<\/h2>\n<p>Es ist einfach, beim Online-Wett-Cricket zu gewinnen, da es im Internet viele Analysen und zug\u00e4ngliche Informationen gibt. Sie k\u00f6nnen jeden Spieler studieren und die Gewinnchancen f\u00fcr den Favoriten oder den Au\u00dfenseiter absch\u00e4tzen. Nutzen Sie alle Tools des Online-Casinos, um den maximalen Vorteil f\u00fcr sich auf Ihr Konto zu bekommen.<\/p>\n<p>Am einfachsten ist es, eine Wette abzuschlie\u00dfen, nachdem Sie sich auf der Website der Gl\u00fccksspielorganisation registriert haben:<\/p>\n<ol>\n<li>Geben Sie pers\u00f6nliche Informationen ein und er\u00f6ffnen Sie ein Konto, verwenden Sie dann eine der Einzahlungsmethoden. Mit einer aktiven Einzahlung k\u00f6nnen Sie echtes Geld verdienen.<\/li>\n<li>Gehen Sie \u00fcber die Seitennavigation zum Bereich Sportdisziplin und w\u00e4hlen Sie ein passendes Spiel aus. Je mehr betitelte Athleten daran teilnehmen, desto h\u00f6her wird die Liga der Veranstaltung betrachtet.<\/li>\n<li>Platzieren Sie Ihre Wette auf eines der Dutzenden von Ergebnissen, die jedem auf der Website zur Verf\u00fcgung stehen. Merken Sie sich Ihre Wahl und schreiben Sie das Ergebnis der Wette auf.<\/li>\n<\/ol>\n<p>Nur wenn Sie Ihre Statistiken f\u00fchren, k\u00f6nnen Sie mehr Geld verdienen. Vergessen Sie nicht, das Verifizierungsverfahren zu durchlaufen, um vollen Zugriff auf die Funktionalit\u00e4t der Online-Plattform zu erhalten. Versuchen Sie, die maximale Anzahl an Boni und Geschenken zu nutzen, um mehr zu verdienen.<\/p>\n<div class=\"go-btn-container\"><div class=\"tosh-btn\"><a href=\"\/go-casino\/\" target=\"_blank\" rel=\"noopener\">JETZT SPIELEN<\/a><\/div><\/div>\n<h2>ARTEN VON CRICKET-FORMATEN, AUF DIE GEWETET WERDEN KANN<\/h2>\n<p>Am h\u00e4ufigsten sind bei Cricket-Wetten in Australien mehrere klassische Wettarten zu finden. Sieg oder Niederlage einer bestimmten Mannschaft, ein Unentschieden oder ein Showdown nach Punkten. Sie k\u00f6nnen auch auf ein einzigartiges Ergebnis nach Art der Anzahl der Kicks eines der Spieler wetten. Die Hauptsache ist, alle Aspekte des Spiels im Detail zu studieren und letztendlich die beste Option f\u00fcr sich selbst zu w\u00e4hlen.<\/p>\n<h2>DIE BESTEN CRICKET-WETTEN-APPS<\/h2>\n<p>In den meisten F\u00e4llen kann Sportwetten Cricket dies auch von einem mobilen Ger\u00e4t aus tun. In diesem Fall muss die Wahl zwischen den \u00fcblichen Programmen von Casinos und Buchmachern oder einer separaten Anwendung mit ihrer Funktionalit\u00e4t getroffen werden. Wir haben die besten Optionen aufgelistet, daher empfehlen wir Ihnen, sie auszuprobieren und mehr Geld auf Ihrem Konto zu verdienen.<\/p>\n<p><img loading=\"lazy\" decoding=\"async\" class=\"aligncenter wp-image-3839\" src=\"https:\/\/rocketplay-online.com\/wp-content\/uploads\/2024\/01\/man-betting-sports.jpg\" alt=\"Cricket Betting 2\" width=\"800\" height=\"534\" srcset=\"https:\/\/rocketplay-online.com\/wp-content\/uploads\/2024\/01\/man-betting-sports.jpg 1000w, https:\/\/rocketplay-online.com\/wp-content\/uploads\/2024\/01\/man-betting-sports-300x200.jpg 300w, https:\/\/rocketplay-online.com\/wp-content\/uploads\/2024\/01\/man-betting-sports-768x512.jpg 768w\" sizes=\"auto, (max-width: 800px) 100vw, 800px\" \/><\/p>\n<p>Wir empfehlen Ihnen, die einzigartigen Spielfunktionen der Online-Plattform zu nutzen, um die perfekte Anwendung f\u00fcr Sie zu finden. Zu den bekanntesten geh\u00f6ren die M\u00f6glichkeiten:<\/p>\n<ul>\n<li>Einzahlen oder Abheben Ihrer Gewinne direkt von Ihrem Smartphone;<\/li>\n<li>sehen Sie sich die gesamte Wettreihe und m\u00f6gliche Ergebnisse an, um sich f\u00fcr Ihre Wette zu entscheiden;<\/li>\n<li>Verwenden Sie Live-Streaming und sehen Sie sich das Spiel direkt von Ihrem Telefon aus an.<\/li>\n<\/ul>\n<p>All dies wird Ihnen helfen, Ihre Aufgaben besser zu erledigen und mehrmals mehr Geld auf Ihrem Konto zu verdienen. Sie k\u00f6nnen mehr Preise erhalten, wenn Sie verschiedene Strategien und Taktiken ausprobieren.<\/p>\n<div class=\"go-btn-container\"><div class=\"tosh-btn\"><a href=\"\/go-casino\/\" target=\"_blank\" rel=\"noopener\">JETZT SPIELEN<\/a><\/div><\/div>\n<h2>FAQ<\/h2>\n<p>Viele Neulinge finden es schwierig, die offizielle Seite sofort zu verstehen und beginnen, gro\u00dfe Summen auf dem Konto zu verdienen. Aus diesem Grund empfehlen viele Benutzer, unseren Abschnitt mit Antworten auf die h\u00e4ufigsten Fragen zu studieren. Dies wird Ihnen helfen, einen viel besseren Start in Ihre Wettkarriere zu haben.<\/p>\n<h3>WAS SIND DIE BESTEN SPIELE F\u00dcR CRICKET-WETTEN?<\/h3>\n<p>Eine gro\u00dfe Anzahl von Benutzern w\u00e4hlt zuerst Live-Cricket-Wetten, um zu versuchen, sich selbst zu \u00fcbertreffen. Nutzen Sie verschiedene Wettm\u00f6glichkeiten und schauen Sie sich um. Versuchen Sie, die Benutzeroberfl\u00e4che der Website im Detail zu studieren und die Wettlinie und die vorgeschlagenen Ergebnisse zu verstehen. Schlie\u00dflich ist jedes Match individuell, daher empfiehlt es sich, diejenigen auszuw\u00e4hlen, bei denen Sie die Athleten bereits kennen.<\/p>\n<h3>WIE VIEL KANN ICH AUF CRICKET WETTEN?<\/h3>\n<p>Je nach Spiel kann der H\u00f6chstbetrag variieren. Versuchen Sie, unsere Theorie zu testen, und besuchen Sie die offizielle Website des Unternehmens. W\u00e4hlen Sie danach zuerst Amateur-Events und dann gro\u00dfe Turniere. Auf letzteres k\u00f6nnen Sie mehr setzen, da die Ergebnisse vorhersehbar sind.<\/p>\n<h3>WOHER WEISS ICH, WER GEWINNT?<\/h3>\n<p>Nur ein Gl\u00fccksspielprofi kann den Gewinner des Spiels im Voraus sehen. Sie k\u00f6nnen dem jedoch nahe kommen, wenn Sie versuchen, alle kritischen Faktoren des Spiels zu analysieren. Verwenden Sie verschiedene Ressourcen und Websites mit Diagrammen und zus\u00e4tzlichen Informationen. Sie k\u00f6nnen sogar die sozialen Netzwerke der Athleten finden, um zu sehen, wie sie f\u00fcr das Spiel eingerichtet sind.<\/p>\n","protected":false},"excerpt":{"rendered":"<p>Die Fans von Cricket-Wetten wetten nicht so viel, und daher werden Ihnen die Quoten gefallen. Dar\u00fcber hinaus kann jeder einen Willkommensbonus erhalten und die Vorteile jeder einzelnen Wette erh\u00f6hen. Versuchen Sie jetzt zu spielen und eine gro\u00dfe Summe zu gewinnen, und wir werden Ihnen genau sagen, wie Sie die offizielle Website des Wettunternehmens nutzen m\u00fcssen&#8230;.<\/p>\n","protected":false},"author":1,"featured_media":0,"parent":2974,"menu_order":0,"comment_status":"closed","ping_status":"closed","template":"","meta":{"_acf_changed":false,"_kad_post_transparent":"default","_kad_post_title":"default","_kad_post_layout":"default","_kad_post_sidebar_id":"","_kad_post_content_style":"default","_kad_post_vertical_padding":"default","_kad_post_feature":"","_kad_post_feature_position":"","_kad_post_header":false,"_kad_post_footer":false,"footnotes":""},"class_list":["post-2958","page","type-page","status-publish","hentry"],"acf":[],"rttpg_featured_image_url":null,"rttpg_author":{"display_name":"Oliver","author_link":"https:\/\/rocketplay-online.com\/de\/author\/pemvas95n89x\/"},"rttpg_comment":0,"rttpg_category":null,"rttpg_excerpt":"Die Fans von Cricket-Wetten wetten nicht so viel, und daher werden Ihnen die Quoten gefallen. Dar\u00fcber hinaus kann jeder einen Willkommensbonus erhalten und die Vorteile jeder einzelnen Wette erh\u00f6hen. Versuchen Sie jetzt zu spielen und eine gro\u00dfe Summe zu gewinnen, und wir werden Ihnen genau sagen, wie Sie die offizielle Website des Wettunternehmens nutzen m\u00fcssen....","_links":{"self":[{"href":"https:\/\/rocketplay-online.com\/de\/wp-json\/wp\/v2\/pages\/2958","targetHints":{"allow":["GET"]}}],"collection":[{"href":"https:\/\/rocketplay-online.com\/de\/wp-json\/wp\/v2\/pages"}],"about":[{"href":"https:\/\/rocketplay-online.com\/de\/wp-json\/wp\/v2\/types\/page"}],"author":[{"embeddable":true,"href":"https:\/\/rocketplay-online.com\/de\/wp-json\/wp\/v2\/users\/1"}],"replies":[{"embeddable":true,"href":"https:\/\/rocketplay-online.com\/de\/wp-json\/wp\/v2\/comments?post=2958"}],"version-history":[{"count":4,"href":"https:\/\/rocketplay-online.com\/de\/wp-json\/wp\/v2\/pages\/2958\/revisions"}],"predecessor-version":[{"id":6815,"href":"https:\/\/rocketplay-online.com\/de\/wp-json\/wp\/v2\/pages\/2958\/revisions\/6815"}],"up":[{"embeddable":true,"href":"https:\/\/rocketplay-online.com\/de\/wp-json\/wp\/v2\/pages\/2974"}],"wp:attachment":[{"href":"https:\/\/rocketplay-online.com\/de\/wp-json\/wp\/v2\/media?parent=2958"}],"curies":[{"name":"wp","href":"https:\/\/api.w.org\/{rel}","templated":true}]}}