{"id":2954,"date":"2023-01-10T19:16:43","date_gmt":"2023-01-10T16:16:43","guid":{"rendered":"https:\/\/rocketplay-online.com\/tennis\/"},"modified":"2025-04-03T12:31:46","modified_gmt":"2025-04-03T09:31:46","slug":"tennis","status":"publish","type":"page","link":"https:\/\/rocketplay-online.com\/de\/sport-betting\/tennis\/","title":{"rendered":"Tenniswetten Bewertung"},"content":{"rendered":"<p>Meistens ziehen Tenniswetten Fans gro\u00dfer Gewinne an. Die Tennisweltstars sind hier versammelt und bereit, regelm\u00e4\u00dfig zu gewinnen. Sie sollten die Schnittstelle der offiziellen Website mit Wetten studieren und eine Wette mit dem Buchmacher abschlie\u00dfen. Die Gewinne k\u00f6nnen direkt auf Ihr Konto \u00fcberwiesen werden.<\/p>\n<div class=\"go-btn-container\"><div class=\"tosh-btn\"><a href=\"\/go-casino\/\" target=\"_blank\" rel=\"noopener\">JETZT SPIELEN<\/a><\/div><\/div>\n<h2>DIE BESTEN TENNIS-WETTSTELLEN<\/h2>\n<p>Viele Tipps f\u00fcr Tenniswetten beginnen mit einer Empfehlung, die besten Spieleseiten f\u00fcr Ihre Wetten auszuw\u00e4hlen. Es sollte darauf geachtet werden, dass das Casino alle Vorteile hat, seinen Spielern Boni gibt und faire Gewinnchancen bei Veranstaltungen bietet. Fangen Sie gleich an zu spielen, und Sie werden garantiert Erfolg haben, indem Sie eine gro\u00dfe Geldsumme auf Ihr Konto gewinnen.<\/p>\n<p><img loading=\"lazy\" decoding=\"async\" class=\"aligncenter wp-image-3713\" src=\"https:\/\/rocketplay-online.com\/wp-content\/uploads\/2024\/01\/tennis-girl-professional-tennis-court.jpg\" alt=\"Tennis Betting\" width=\"800\" height=\"500\" srcset=\"https:\/\/rocketplay-online.com\/wp-content\/uploads\/2024\/01\/tennis-girl-professional-tennis-court.jpg 1000w, https:\/\/rocketplay-online.com\/wp-content\/uploads\/2024\/01\/tennis-girl-professional-tennis-court-300x188.jpg 300w, https:\/\/rocketplay-online.com\/wp-content\/uploads\/2024\/01\/tennis-girl-professional-tennis-court-768x480.jpg 768w\" sizes=\"auto, (max-width: 800px) 100vw, 800px\" \/><\/p>\n<p>Sie k\u00f6nnen oft verschiedene Wettoptionen ausprobieren und sich f\u00fcr die beste Seite entscheiden. Aber darunter sind Slots Empire, RedDog und Winport. Hier erwarten Sie fantastische Geschenkprogramme f\u00fcr Spieler und eine umfangreiche Reihe m\u00f6glicher Ergebnisse.<\/p>\n<p>Spieler k\u00f6nnen auch neue Wetten ausprobieren und den Gewinner direkt w\u00e4hrend des Spiels bestimmen. In diesem Fall wird das Erraten des Gewinners im Tennis leichter zug\u00e4nglich, was bedeutet, dass Sie problemlos einen gro\u00dfen Gewinn einfahren und Ihre Karriere in Ruhe starten k\u00f6nnen. Machen Sie sich unbedingt mit den Wettregeln vertraut, damit es in Zukunft keine Probleme gibt, wenn Sie versuchen, Geld von Ihrem Konto abzuheben. \u00dcberpr\u00fcfen Sie auch die ausgew\u00e4hlten Gl\u00fccksspielseiten, um keine Fehler zu machen.<\/p>\n<h2>WIE MAN AUF TENNIS WETTEN KANN<\/h2>\n<p>Das erste, was wir Ihnen empfehlen, ist, kostenlose Tenniswetten zu nutzen, um eine Gewinnchance zu erhalten. Gleichzeitig k\u00f6nnen Sie nicht verlieren, da das Casino daf\u00fcr gesorgt hat, Sie f\u00fcr den verlorenen Geldbetrag zu entsch\u00e4digen. Trotzdem sollten Sie alle Funktionen solcher Wetten sorgf\u00e4ltig studieren, um in Zukunft keine Probleme zu haben.<\/p>\n<p>Generell geht jeder Anf\u00e4nger vor der ersten Wette ungef\u00e4hr gleich vor:<\/p>\n<ol>\n<li>Erstellen Sie ein pers\u00f6nliches Konto auf der offiziellen Online-Gl\u00fccksspielseite des Unternehmens und best\u00e4tigen Sie Ihren Wunsch, an Bonusziehungen teilzunehmen. Stellen Sie sicher, dass Sie die korrekten Informationen angeben, um das \u00dcberpr\u00fcfungsverfahren in Zukunft problemlos zu bestehen.<\/li>\n<li>Sie k\u00f6nnen jederzeit \u00fcber ein spezielles Kassenmen\u00fc einzahlen. Versuchen Sie, daf\u00fcr mehrere Optionen zu verwenden, und w\u00e4hlen Sie die perfekte aus. Lesen Sie unbedingt die Einzahlungsbedingungen, um weitere Boni zu erhalten.<\/li>\n<li>Gehen Sie mit bereits auf Ihrem Konto gutgeschriebenem Geld auf die Website des Unternehmens und w\u00e4hlen Sie das richtige Spiel aus, auf das Sie wetten m\u00f6chten. Auf der Hauptseite sehen Sie die beliebtesten Gewinnm\u00f6glichkeiten. Achten Sie darauf, die Einsatzlimits im Hinterkopf zu behalten, damit Sie den Betrag einsetzen k\u00f6nnen, den Sie urspr\u00fcnglich setzen wollten.<\/li>\n<\/ol>\n<p>Jetzt kennen Sie die Schritte, um so viel Geld wie m\u00f6glich zu sammeln. Profitieren Sie davon und gewinnen Sie.<\/p>\n<div class=\"go-btn-container\"><div class=\"tosh-btn\"><a href=\"\/go-casino\/\" target=\"_blank\" rel=\"noopener\">JETZT SPIELEN<\/a><\/div><\/div>\n<h2>TENNISQUOTEN VERSTEHEN<\/h2>\n<p>Sie k\u00f6nnen die Tennis-Wett-App verwenden, um mehr zu gewinnen und Ihre Geschenke zu erhalten. Sie k\u00f6nnen nur \u00fcber die hohen Gewinnchancen sprechen, wenn Sie alle Spielfunktionen nutzen. W\u00e4hlen Sie die perfekte Strategie und fangen Sie an, mehr Gewinne auf Ihrem Konto zu erzielen.<\/p>\n<p>Die Quoten im Tennis sind ziemlich einfach, sodass Sie sich nicht lange damit auseinandersetzen m\u00fcssen. Wenn Sie beispielsweise eine Wette von 100 $ bei einer Quote von 1,8 abschlie\u00dfen, erhalten Sie am Ende einen Gewinn von 80 $. Und Ihr Gesamtguthaben betr\u00e4gt 180 $. Bald k\u00f6nnen Sie Ihre Gewinne in Sekundenschnelle bestimmen und die einzigartigen Funktionen des Gl\u00fccksspielunternehmens bei Tennis-Online-Wetten genie\u00dfen.<\/p>\n<h2>TENNISWETTEN WETTARTEN<\/h2>\n<p><img loading=\"lazy\" decoding=\"async\" class=\"aligncenter wp-image-3722\" src=\"https:\/\/rocketplay-online.com\/wp-content\/uploads\/2024\/01\/people-bet-soccer-game-match-internet.jpg\" alt=\"Tennis Betting 2\" width=\"800\" height=\"534\" srcset=\"https:\/\/rocketplay-online.com\/wp-content\/uploads\/2024\/01\/people-bet-soccer-game-match-internet.jpg 1000w, https:\/\/rocketplay-online.com\/wp-content\/uploads\/2024\/01\/people-bet-soccer-game-match-internet-300x200.jpg 300w, https:\/\/rocketplay-online.com\/wp-content\/uploads\/2024\/01\/people-bet-soccer-game-match-internet-768x512.jpg 768w\" sizes=\"auto, (max-width: 800px) 100vw, 800px\" \/><\/p>\n<p>Wir empfehlen, es so sorgf\u00e4ltig wie m\u00f6glich als Tennis-Wettstrategie zu verwenden, um Ihr Geld nicht zu verlieren. Es gibt einige wichtige Tipps von den Experten:<\/p>\n<ul>\n<li>Teile dein Guthaben immer auf, damit du nicht alles auf einmal verlierst;<\/li>\n<li>F\u00fchren Sie Statistiken \u00fcber Gewinne und Verluste, um die Situation vollst\u00e4ndig zu verstehen;<\/li>\n<li>versuchen Sie, mehr auf den Demo-Modus und die M\u00f6glichkeit der Analyse zu achten, nicht auf die Wetten selbst.<\/li>\n<\/ul>\n<p>Nur so k\u00f6nnen Sie Ihr Kapital maximieren und viel mehr Geld verdienen.<\/p>\n<div class=\"go-btn-container\"><div class=\"tosh-btn\"><a href=\"\/go-casino\/\" target=\"_blank\" rel=\"noopener\">JETZT SPIELEN<\/a><\/div><\/div>\n<h2>FAQ<\/h2>\n<p>Wir haben eine kleine Anzahl beliebter Fragen gesammelt, deren Antworten Anf\u00e4nger oft suchen. Erkunden Sie den Abschnitt und beginnen Sie sofort mit dem Spielen auf der offiziellen Website, anstatt viele Wettinformationen lesen zu m\u00fcssen.<\/p>\n<h3>WAS SIND DIE BESTEN MATCHES F\u00dcR TENNISWETTEN?<\/h3>\n<p>Wir empfehlen den Spielern, zun\u00e4chst auf die Kategorie Live-Tenniswetten zu achten. Auf diese Weise k\u00f6nnen Sie die Technik der Spieler schnell lernen, sich fr\u00fchere Ergebnisse ansehen und das relevanteste Ereignis f\u00fcr sich selbst ausw\u00e4hlen. Die Quoten variieren jedoch w\u00e4hrend des Spiels erheblich, wetten Sie also mit Bedacht und mit der Erwartung zu gewinnen.<\/p>\n<h3>WIE VIEL KANN ICH AUF TENNIS WETTEN?<\/h3>\n<p>Viel h\u00e4ngt von der Website und der Veranstaltung ab, die Sie w\u00e4hlen. Sie k\u00f6nnen sich mit den ersten vertraut machen, insbesondere f\u00fcr Ihre besten Tennis-Wettseiten. Aber Sie m\u00fcssen die Sportindustrie studieren und bestimmte Spiele zwischen Spielern untersuchen. Mit Spitzensportlern k\u00f6nnen Sie Hunderte Male mehr setzen als auf ein Amateurspiel.<\/p>\n<h3>WOHER WISSEN WIR, WER DIE MEISTEN PUNKTE BEKOMMT?<\/h3>\n<p>Wir empfehlen, sich nicht zu viele Gedanken dar\u00fcber zu machen, da es unm\u00f6glich ist, das Ergebnis im Voraus zuverl\u00e4ssig zu kennen. Sie k\u00f6nnen jedoch die verschiedenen Ereignisse und vergangenen Verdienste der Tennisspieler analysieren. Auf dieser Grundlage k\u00f6nnen Sie Ihr Fazit ziehen und einen Favoriten ausw\u00e4hlen, der heute gewinnen wird. Es ist besser, zun\u00e4chst auf kleine Betr\u00e4ge zu setzen, damit Sie nach und nach mehr \u00fcber Ihr Spiel und die wichtigsten Merkmale der Sportart erfahren.<\/p>\n","protected":false},"excerpt":{"rendered":"<p>Meistens ziehen Tenniswetten Fans gro\u00dfer Gewinne an. Die Tennisweltstars sind hier versammelt und bereit, regelm\u00e4\u00dfig zu gewinnen. Sie sollten die Schnittstelle der offiziellen Website mit Wetten studieren und eine Wette mit dem Buchmacher abschlie\u00dfen. Die Gewinne k\u00f6nnen direkt auf Ihr Konto \u00fcberwiesen werden. DIE BESTEN TENNIS-WETTSTELLEN Viele Tipps f\u00fcr Tenniswetten beginnen mit einer Empfehlung, die&#8230;<\/p>\n","protected":false},"author":1,"featured_media":0,"parent":2974,"menu_order":0,"comment_status":"closed","ping_status":"closed","template":"","meta":{"_acf_changed":false,"_kad_post_transparent":"default","_kad_post_title":"default","_kad_post_layout":"default","_kad_post_sidebar_id":"","_kad_post_content_style":"default","_kad_post_vertical_padding":"default","_kad_post_feature":"","_kad_post_feature_position":"","_kad_post_header":false,"_kad_post_footer":false,"footnotes":""},"class_list":["post-2954","page","type-page","status-publish","hentry"],"acf":[],"rttpg_featured_image_url":null,"rttpg_author":{"display_name":"Oliver","author_link":"https:\/\/rocketplay-online.com\/de\/author\/pemvas95n89x\/"},"rttpg_comment":0,"rttpg_category":null,"rttpg_excerpt":"Meistens ziehen Tenniswetten Fans gro\u00dfer Gewinne an. Die Tennisweltstars sind hier versammelt und bereit, regelm\u00e4\u00dfig zu gewinnen. Sie sollten die Schnittstelle der offiziellen Website mit Wetten studieren und eine Wette mit dem Buchmacher abschlie\u00dfen. Die Gewinne k\u00f6nnen direkt auf Ihr Konto \u00fcberwiesen werden. DIE BESTEN TENNIS-WETTSTELLEN Viele Tipps f\u00fcr Tenniswetten beginnen mit einer Empfehlung, die...","_links":{"self":[{"href":"https:\/\/rocketplay-online.com\/de\/wp-json\/wp\/v2\/pages\/2954","targetHints":{"allow":["GET"]}}],"collection":[{"href":"https:\/\/rocketplay-online.com\/de\/wp-json\/wp\/v2\/pages"}],"about":[{"href":"https:\/\/rocketplay-online.com\/de\/wp-json\/wp\/v2\/types\/page"}],"author":[{"embeddable":true,"href":"https:\/\/rocketplay-online.com\/de\/wp-json\/wp\/v2\/users\/1"}],"replies":[{"embeddable":true,"href":"https:\/\/rocketplay-online.com\/de\/wp-json\/wp\/v2\/comments?post=2954"}],"version-history":[{"count":3,"href":"https:\/\/rocketplay-online.com\/de\/wp-json\/wp\/v2\/pages\/2954\/revisions"}],"predecessor-version":[{"id":6823,"href":"https:\/\/rocketplay-online.com\/de\/wp-json\/wp\/v2\/pages\/2954\/revisions\/6823"}],"up":[{"embeddable":true,"href":"https:\/\/rocketplay-online.com\/de\/wp-json\/wp\/v2\/pages\/2974"}],"wp:attachment":[{"href":"https:\/\/rocketplay-online.com\/de\/wp-json\/wp\/v2\/media?parent=2954"}],"curies":[{"name":"wp","href":"https:\/\/api.w.org\/{rel}","templated":true}]}}