{"id":1533,"date":"2022-06-13T20:45:05","date_gmt":"2022-06-13T17:45:05","guid":{"rendered":"https:\/\/rocketplay-online.com\/live-casino\/"},"modified":"2025-11-24T21:05:23","modified_gmt":"2025-11-24T18:05:23","slug":"live-casino","status":"publish","type":"page","link":"https:\/\/rocketplay-online.com\/de\/live-casino\/","title":{"rendered":"Live-Unterhaltung im RocketPlay Live-Casino"},"content":{"rendered":"<p>Willkommen in der fantastischen Welt der Live Dealer Spiele im RocketPlay Live Casino. Online-Casinos sind eine neue Form des Online-Gl\u00fccksspiels, wo Sie das authentische Gef\u00fchl der traditionellen landgest\u00fctzten Casinos erleben k\u00f6nnen. RocketPlay Live Casino Deutschland bietet eine Vielzahl von Casino-Tischspielen wie Roulette, Baccarat, Blackjack und Poker mit freundlichen und erfahrenen Dealern.<\/p>\n<p><img loading=\"lazy\" decoding=\"async\" class=\"aligncenter wp-image-4055\" src=\"https:\/\/rocketplay-online.com\/wp-content\/uploads\/2024\/01\/33.png\" alt=\"RocketPlay live casino\" width=\"800\" height=\"379\" srcset=\"https:\/\/rocketplay-online.com\/wp-content\/uploads\/2024\/01\/33.png 1662w, https:\/\/rocketplay-online.com\/wp-content\/uploads\/2024\/01\/33-300x142.png 300w, https:\/\/rocketplay-online.com\/wp-content\/uploads\/2024\/01\/33-1024x485.png 1024w, https:\/\/rocketplay-online.com\/wp-content\/uploads\/2024\/01\/33-768x364.png 768w, https:\/\/rocketplay-online.com\/wp-content\/uploads\/2024\/01\/33-1536x727.png 1536w\" sizes=\"auto, (max-width: 800px) 100vw, 800px\" \/><\/p>\n<h2>WAS BEDEUTET LIVE-CASINO?<\/h2>\n<p>Wo ist die Grenze zwischen einem Live-Casino und einem automatisierten Online-Casino? Ein Live-Casino imitiert die menschliche Note, die ein Spieler in einem echten Casino erleben kann. In einem Live-Casino spielen Sie grunds\u00e4tzlich gegen einen professionellen Dealer und nicht gegen einen Computer.<\/p>\n<p>Online-Casinos k\u00f6nnen den Reiz der blinkenden Lichter und des Publikumsklatschens bei gro\u00dfen Gewinnen vermissen lassen. Wir bieten jedoch den klassischen Komfort von Online-Casinos mit unseren Moderatoren, die in Echtzeit mit Ihnen chatten k\u00f6nnen.<\/p>\n<p>Unsere Live-Spiele finden in Studios statt, die Live-Dealer-Videomaterial und effiziente elektronische Datenverarbeitung kombinieren. W\u00e4hrend wir alle Details f\u00fcr Sie erledigen, k\u00f6nnen Sie in einem virtuellen Spielsaal mit Spielern aus der ganzen Welt wetten!<\/p>\n<p>Unsere Live-Studios verf\u00fcgen \u00fcber eine Multikamera-Funktion, die es den Spielern erm\u00f6glicht, den Tisch aus verschiedenen Blickwinkeln zu betrachten. Freuen Sie sich auf Nahaufnahmen von Karten, Visitenkarten und Weitwinkeleinstellungen. Jedes Spiel wird von Kameras aus verschiedenen Winkeln aufgezeichnet und zur sp\u00e4teren Wiedergabe gespeichert.<\/p>\n<p>Was auch immer Sie in unserer RocketPlay Live-Casino-Bonusspiel-Kollektion spielen m\u00f6chten, wir stellen sicher, dass Sie die h\u00f6chste Qualit\u00e4t an iGaming-Erfahrung erhalten!<\/p>\n<div class=\"go-btn-container\"><div class=\"tosh-btn\"><a href=\"\/go-casino\/\" target=\"_blank\" rel=\"noopener\">JETZT SPIELEN<\/a><\/div><\/div>\n<h2>WIE FUNKTIONIERT ES?<\/h2>\n<p>Nachdem Online-Casinos in den fr\u00fchen 90er Jahren auf den Markt kamen, wurde 2003 eine neue Innovation eingef\u00fchrt, um Casinospiele f\u00fcr die Spieler interessanter und unterhaltsamer zu machen. Der RocketPlay Live-Casino-<a href=\"https:\/\/rocketplay-online.com\/de\/bonus\/\">Willkommensbonus<\/a> sorgt daf\u00fcr, dass die Spieler eine Casino-\u00e4hnliche Atmosph\u00e4re erleben. Es hat drei Hauptbereiche, die es Ihnen erm\u00f6glichen, Spa\u00df in Echtzeit zu haben:<\/p>\n<ul>\n<li style=\"font-weight: 400;\" aria-level=\"1\">Die optische Zeichenerkennung oder Texterkennung gilt als eines der wichtigsten Merkmale von Live-Casinos. Die OCR-Technologie erm\u00f6glicht Ihnen ein interaktives Erlebnis beim Spielen.<\/li>\n<li style=\"font-weight: 400;\" aria-level=\"1\">Webcams zeichnen alles auf, was w\u00e4hrend des Spiels passiert. Mit der Kamera k\u00f6nnen Sie auch sehen, was auf der anderen Seite des Bildschirms passiert. In den Anf\u00e4ngen der Live-Casinos wurden gro\u00dfe Kameras verwendet, um alles aufzuzeichnen.<\/li>\n<li style=\"font-weight: 400;\" aria-level=\"1\">Game Control Unit (GCU) &#8211; Die GCU ist wahrscheinlich das wichtigste Merkmal eines Live-Casinos. Dieses System unterst\u00fctzt den Dealer bei der Steuerung des Spiels, h\u00e4lt das Spiel am Laufen und gibt es an die Spieler weiter.<\/li>\n<li style=\"font-weight: 400;\" aria-level=\"1\">Live-Dealer vervollst\u00e4ndigen das gesamte Spielerlebnis in Echtzeit. Die Dealer werden geschult, bevor sie live mit den Spielern spielen d\u00fcrfen. Bei RocketPlay sind unsere Dealer geschulte Profis, die Ihr Spielerlebnis angenehm gestalten werden.<\/li>\n<\/ul>\n<p>Der Tisch und die R\u00e4der, die in Live-Casinos verwendet werden, bestehen aus Messger\u00e4ten, die die Spielergebnisse in f\u00fcr Sie zug\u00e4ngliche Informationen umwandeln k\u00f6nnen.<\/p>\n<p>Die Monitore sind ein Kanal, \u00fcber den sich der Spieler und der Dealer gegenseitig sehen k\u00f6nnen. So k\u00f6nnen Sie und der Croupier miteinander interagieren. Au\u00dferdem kann der Geber auf diese Weise Eins\u00e4tze aufzeichnen und Runden abschlie\u00dfen. \u00dcber die Monitore k\u00f6nnen der Spieler und der Dealer auch \u00fcber den Live-Chat kommunizieren.<\/p>\n<p><img loading=\"lazy\" decoding=\"async\" class=\"aligncenter wp-image-4064\" src=\"https:\/\/rocketplay-online.com\/wp-content\/uploads\/2024\/01\/2546.png\" alt=\"RocketPlay live casino 2\" width=\"800\" height=\"344\" srcset=\"https:\/\/rocketplay-online.com\/wp-content\/uploads\/2024\/01\/2546.png 1385w, https:\/\/rocketplay-online.com\/wp-content\/uploads\/2024\/01\/2546-300x129.png 300w, https:\/\/rocketplay-online.com\/wp-content\/uploads\/2024\/01\/2546-1024x441.png 1024w, https:\/\/rocketplay-online.com\/wp-content\/uploads\/2024\/01\/2546-768x330.png 768w\" sizes=\"auto, (max-width: 800px) 100vw, 800px\" \/><\/p>\n<h2>SPIELE, DIE SIE IN UNSEREM LIVE-CASINO SPIELEN K\u00d6NNEN<\/h2>\n<p>Sie k\u00f6nnen in unserem Live-Casino eine gro\u00dfe Auswahl unserer Tischspiele kostenlos spielen. Sie k\u00f6nnen diese Spiele live mit unseren erfahrenen und freundlichen Dealern genie\u00dfen.<\/p>\n<h2>LIVE-CASINO-LOBBY<\/h2>\n<p>Sie k\u00f6nnen ganz einfach Ihre Wahl aus unserer Auswahl an Spielen treffen. Mit unserer einfach zu navigierenden RocketPlay Live-Casino-Bonus-Lobby k\u00f6nnen Sie das Spielgeschehen an den einzelnen Tischen leicht verfolgen. Sie k\u00f6nnen in der Lobby auch einfach zwischen den Spielen wechseln, wann immer Sie wollen.<\/p>\n<p>Andere Informationen, die in der Lobby zur Verf\u00fcgung gestellt werden k\u00f6nnen, sind die Anzahl der Spieler, die pro Tisch erlaubt sind und bereits im Spiel sind. Die Mindest- und H\u00f6chsteins\u00e4tze sind ebenfalls f\u00fcr jeden Tisch angegeben. Einige Tische haben auch bestimmte Zeitlimits, die in der Lobby zu sehen sind.<\/p>\n<p>Bevor Sie sich entscheiden, ob Sie Blackjack oder Bakkarat spielen m\u00f6chten, sollten Sie sich die grundlegenden Spielregeln an den Tischen ansehen, denn sie k\u00f6nnen sich von dem unterscheiden, was Sie vielleicht erwarten!<\/p>\n<h2>LIVE BACCARAT<\/h2>\n<p>Baccarat war das erste Spiel, das in Casinos mit Live-Dealern weit verbreitet war. Es ist auch als Lieblingsspiel der High Roller bekannt, weil es so einfach zu spielen ist. Das traditionelle Spiel Baccarat Punto Banco wird oft auf unserer Website angeboten. Es gibt sowohl Tische mit mehreren Sitzpl\u00e4tzen als auch Einzelspielertische.<\/p>\n<p>Baccarat hat ein sehr einfaches Spielprinzip, bei dem Sie Ihre Karten nicht selbst Deutsch m\u00fcssen. Statt auf Ihr eigenes Blatt zu setzen, m\u00fcssen Sie auf das Spiel Spieler gegen Banker setzen, bei dem eine Gesamtzahl von Karten gesucht wird, die gleich oder nahe an neun (9) ist. Sie k\u00f6nnen auch auf ein Unentschieden wetten, mit den niedrigsten Quoten, aber den h\u00f6chsten Gewinnen.<\/p>\n<p>Die verschiedenen Arten, die in unserem <a href=\"https:\/\/rocketplay-online.com\/de\/casino\/\">Casino<\/a> zur Verf\u00fcgung stehen, unterscheiden sich auch leicht in ihren Regeln. Das bedeutet, dass Sie sich mit ihnen vertraut machen sollten, bevor Sie eine Spielsession beginnen. Die Regeln und Quoten f\u00fcr jede Option k\u00f6nnen von Casino zu Casino variieren. Lesen Sie unbedingt die Beschreibung, bevor Sie den Raum betreten und Ihr echtes Geld setzen.<\/p>\n<div class=\"go-btn-container\"><div class=\"tosh-btn\"><a href=\"\/go-casino\/\" target=\"_blank\" rel=\"noopener\">JETZT SPIELEN<\/a><\/div><\/div>\n<h2>LIVE-KASINO HOLD&#8217;EM<\/h2>\n<p>Spielen Sie die beliebteste Pokervariante bei RocketPlay mit unserem High-Tech Live Casino. Live-Casino-Dealer f\u00fcr RocketPlay Live-Casino-Pokerspiele sind ein wenig anders. Sie sind nicht wie die traditionellen Pokerspiele, die man in normalen Online-Pokerr\u00e4umen findet.<\/p>\n<p>Das liegt daran, dass die Spieler gegen das Haus antreten m\u00fcssen, nicht gegen andere Spieler. Wenn Sie gegen andere Spieler spielen m\u00f6chten, nehmen Sie an einem Online-Pokerturnier teil. Au\u00dferdem werden die Deals in Echtzeit abgewickelt und nicht durch Computersoftware simuliert.<\/p>\n<p>RocketPlay-Softwareanbieter wie Evolution Gaming und Playtech bieten einige der besten Pokerspiele, die Sie online finden k\u00f6nnen. Das liegt daran, dass ihre Live-Pokerspiele besondere Merkmale aufweisen.<\/p>\n<p>Bei einigen Spielen erhalten Sie mit dem Ante-Einsatz einige Taschenkarten. Sie k\u00f6nnen auch einen Blick auf den Flop werfen.<\/p>\n<p>Wenn Sie sich entscheiden mitzugehen, k\u00f6nnen Sie sich die Karten des Dealers, den River und den Turn ansehen. Ihre Auszahlung h\u00e4ngt von Ihrem Blatt ab. Einige andere Funktionen erm\u00f6glichen es den Spielern auch, nach dem Flop, Turn oder River zu checken oder zu erh\u00f6hen.<\/p>\n<p>Funktionen wie diese bieten den Spielern ein neues Pokererlebnis. Erwarten Sie, dass diese weit vom \u00dcblichen abweicht. Beim Poker und seinen Varianten wird normalerweise geblufft.<\/p>\n<h2>LIVE-ROULIETTE<\/h2>\n<p>Es wird ein einziger Roulettetisch verwendet, und der Dealer kann sogar eine unbegrenzte Anzahl von Spielanfragen bearbeiten. Das bedeutet, dass Sie sofort spielen k\u00f6nnen, wenn Sie sich bei Ihrem Konto anmelden.<\/p>\n<p>Die beliebtesten Roulette-Optionen sind bei RocketPlay verf\u00fcgbar. Die meisten Spieler spielen in der Regel europ\u00e4isches Roulette. Die anderen Varianten, wie franz\u00f6sisches und amerikanisches Roulette, sind auch bei Spielern beliebt, die die zus\u00e4tzliche Herausforderung m\u00f6gen.<\/p>\n<p>Es gibt keinen Unterschied zwischen den R\u00e4dern und Tischen, die in den meisten landbasierten und Online-Casinos verf\u00fcgbar sind. Das Ziel des Spiels sollte dasselbe bleiben. Sie sollten jedoch wissen, dass die drei Optionen unterschiedliche Auszahlungsquoten und Vorteile haben.<\/p>\n<p><img loading=\"lazy\" decoding=\"async\" class=\"aligncenter wp-image-179\" src=\"https:\/\/rocketplay-online.com\/wp-content\/uploads\/2022\/06\/1-4.jpeg\" alt=\"\" width=\"850\" height=\"567\" srcset=\"https:\/\/rocketplay-online.com\/wp-content\/uploads\/2022\/06\/1-4.jpeg 1224w, https:\/\/rocketplay-online.com\/wp-content\/uploads\/2022\/06\/1-4-300x200.jpeg 300w, https:\/\/rocketplay-online.com\/wp-content\/uploads\/2022\/06\/1-4-1024x683.jpeg 1024w, https:\/\/rocketplay-online.com\/wp-content\/uploads\/2022\/06\/1-4-768x512.jpeg 768w\" sizes=\"auto, (max-width: 850px) 100vw, 850px\" \/><\/p>\n<h2>LIVE BLACKJACK<\/h2>\n<p>RocketPlay Live Casino ohne Einzahlungsbonus hat Blackjack unter den verf\u00fcgbaren Optionen, die seine Spieler spielen k\u00f6nnen. Die beliebtesten Arten von Live-Blackjack sind der klassische Mehrspielertisch mit sieben Pl\u00e4tzen und einer mit mehreren Optionen. Letzterer ist jedoch f\u00fcr Spieler, die ein traditionelles Blackjack-Spiel bevorzugen, nicht sehr attraktiv.<\/p>\n","protected":false},"excerpt":{"rendered":"<p>Willkommen in der fantastischen Welt der Live Dealer Spiele im RocketPlay Live Casino. Online-Casinos sind eine neue Form des Online-Gl\u00fccksspiels, wo Sie das authentische Gef\u00fchl der traditionellen landgest\u00fctzten Casinos erleben k\u00f6nnen. RocketPlay Live Casino Deutschland bietet eine Vielzahl von Casino-Tischspielen wie Roulette, Baccarat, Blackjack und Poker mit freundlichen und erfahrenen Dealern. WAS BEDEUTET LIVE-CASINO? Wo&#8230;<\/p>\n","protected":false},"author":1,"featured_media":0,"parent":0,"menu_order":0,"comment_status":"closed","ping_status":"closed","template":"","meta":{"_acf_changed":false,"_kad_post_transparent":"default","_kad_post_title":"default","_kad_post_layout":"default","_kad_post_sidebar_id":"","_kad_post_content_style":"default","_kad_post_vertical_padding":"default","_kad_post_feature":"","_kad_post_feature_position":"","_kad_post_header":false,"_kad_post_footer":false,"footnotes":""},"class_list":["post-1533","page","type-page","status-publish","hentry"],"acf":[],"rttpg_featured_image_url":null,"rttpg_author":{"display_name":"Oliver","author_link":"https:\/\/rocketplay-online.com\/de\/author\/pemvas95n89x\/"},"rttpg_comment":0,"rttpg_category":null,"rttpg_excerpt":"Willkommen in der fantastischen Welt der Live Dealer Spiele im RocketPlay Live Casino. Online-Casinos sind eine neue Form des Online-Gl\u00fccksspiels, wo Sie das authentische Gef\u00fchl der traditionellen landgest\u00fctzten Casinos erleben k\u00f6nnen. RocketPlay Live Casino Deutschland bietet eine Vielzahl von Casino-Tischspielen wie Roulette, Baccarat, Blackjack und Poker mit freundlichen und erfahrenen Dealern. WAS BEDEUTET LIVE-CASINO? Wo...","_links":{"self":[{"href":"https:\/\/rocketplay-online.com\/de\/wp-json\/wp\/v2\/pages\/1533","targetHints":{"allow":["GET"]}}],"collection":[{"href":"https:\/\/rocketplay-online.com\/de\/wp-json\/wp\/v2\/pages"}],"about":[{"href":"https:\/\/rocketplay-online.com\/de\/wp-json\/wp\/v2\/types\/page"}],"author":[{"embeddable":true,"href":"https:\/\/rocketplay-online.com\/de\/wp-json\/wp\/v2\/users\/1"}],"replies":[{"embeddable":true,"href":"https:\/\/rocketplay-online.com\/de\/wp-json\/wp\/v2\/comments?post=1533"}],"version-history":[{"count":5,"href":"https:\/\/rocketplay-online.com\/de\/wp-json\/wp\/v2\/pages\/1533\/revisions"}],"predecessor-version":[{"id":6642,"href":"https:\/\/rocketplay-online.com\/de\/wp-json\/wp\/v2\/pages\/1533\/revisions\/6642"}],"wp:attachment":[{"href":"https:\/\/rocketplay-online.com\/de\/wp-json\/wp\/v2\/media?parent=1533"}],"curies":[{"name":"wp","href":"https:\/\/api.w.org\/{rel}","templated":true}]}}