{"id":1523,"date":"2022-09-20T17:09:45","date_gmt":"2022-09-20T14:09:45","guid":{"rendered":"https:\/\/rocketplay-online.com\/loyalty-program\/"},"modified":"2025-11-24T21:06:39","modified_gmt":"2025-11-24T18:06:39","slug":"loyalty-program","status":"publish","type":"page","link":"https:\/\/rocketplay-online.com\/de\/loyalty-program\/","title":{"rendered":"Treueprogramm: Was ist die Besonderheit eines Casino Bonus?"},"content":{"rendered":"<p>Im Bereich des Online-Gamings zeichnen sich Casinos h\u00e4ufig durch verschiedene Werbestrategien aus, wobei das Casino-Treueprogramm eine zentrale Rolle spielt. Diese Programme sind so konzipiert, dass sie Stammspielern eine Reihe von Vorteilen bieten und routinem\u00e4\u00dfiges Spielen in eine Reihe fortlaufender Belohnungen verwandeln. In dieser Untersuchung werden wir uns mit den Einzelheiten dieser Programme befassen und detailliert beschreiben, wie sie funktionieren, welche Arten von Belohnungen sie bieten und wie Sie davon profitieren k\u00f6nnen. Egal, ob Sie ein erfahrener Spieler oder neu in der Online-Casino-Szene sind, das Verst\u00e4ndnis dieser Programme kann Ihr Spielerlebnis erheblich verbessern.<\/p>\n<div class=\"go-btn-container\"><div class=\"tosh-btn\"><a href=\"\/go-casino\/\" target=\"_blank\">BONUS ERHALTEN<\/a><\/div><\/div>\n<h2>Beschreibung des Casino-Treueprogramms<\/h2>\n<p>Das Wesentliche am besten Casino-Treueprogramm liegt in seiner F\u00e4higkeit, Spieler nicht nur f\u00fcr ihre Gewinne oder Verluste zu belohnen, sondern auch f\u00fcr ihre Treue zum Casino. Jeder Einsatz, jedes gespielte Spiel und jede get\u00e4tigte Einzahlung tr\u00e4gt zum Status eines Spielers innerhalb des Programms bei. W\u00e4hrend Spieler die verschiedenen Stufen des Programms durchlaufen, werden die Verg\u00fcnstigungen und Belohnungen immer lukrativer und reichen von Freispielen und Bargeldboni bis hin zu exklusiven Eventeinladungen und personalisiertem Kundenservice. Dieser Rahmen stellt sicher, dass das Engagement jedes Spielers anerkannt und belohnt wird, was eine tiefere Verbindung zwischen dem Spieler und dem Casino f\u00f6rdert.<\/p>\n<p><img loading=\"lazy\" decoding=\"async\" class=\"aligncenter wp-image-5179 lazy-loaded\" src=\"https:\/\/rocketplay-online.com\/wp-content\/uploads\/2024\/11\/loyalty-program.png\" sizes=\"auto, (max-width: 800px) 100vw, 800px\" srcset=\"https:\/\/rocketplay-online.com\/wp-content\/uploads\/2024\/11\/loyalty-program.png 1475w, https:\/\/rocketplay-online.com\/wp-content\/uploads\/2024\/11\/loyalty-program-300x145.png 300w, https:\/\/rocketplay-online.com\/wp-content\/uploads\/2024\/11\/loyalty-program-1024x494.png 1024w, https:\/\/rocketplay-online.com\/wp-content\/uploads\/2024\/11\/loyalty-program-768x370.png 768w\" alt=\"Treueprogramm: Was ist die Besonderheit eines Casino Bonus 1\" width=\"800\" height=\"386\" data-lazy-type=\"image\" data-src=\"https:\/\/rocketplay-online.com\/wp-content\/uploads\/2024\/11\/loyalty-program.png\" data-srcset=\"\" \/><\/p>\n<p>Die Struktur eines Casinos mit Treueprogramm ist unkompliziert und dennoch lohnend. Basierend auf dem eingesetzten Geldbetrag werden Punkte gesammelt, die dann gegen verschiedene Belohnungen eingetauscht oder zum Aufstieg auf der Treueleiter verwendet werden k\u00f6nnen. Das ultimative Ziel besteht darin, das allgemeine Casino-Erlebnis des Spielers zu verbessern und jedes Spiel spannender und lohnender zu gestalten. Das Programm ist auf alle Spielerniveaus zugeschnitten, vom Anf\u00e4nger bis zum High Roller, und stellt sicher, dass jeder in seiner fortgesetzten Schirmherrschaft Wert und Anerkennung findet.<\/p>\n<p>Neben materiellen Belohnungen bietet das beste Casino-Treueprogramm auch immaterielle Vorteile, wie ein Gef\u00fchl der Zugeh\u00f6rigkeit und Anerkennung. Regelm\u00e4\u00dfige Spieler f\u00fchlen sich wertgesch\u00e4tzt und als Teil einer exklusiven Community, was ihren allgemeinen Spielspa\u00df und ihre Zufriedenheit deutlich steigern kann. Dieser psychologische Aspekt dient nicht nur dazu, Spieler zu binden, sondern sie auch zu ermutigen, Botschafter des Casinos zu werden und ihre positiven Erfahrungen mit anderen zu teilen.<\/p>\n<h2>Wie funktioniert das Treueprogramm in einem Casino?<\/h2>\n<p>Im Kern funktioniert das Treueprogramm des Casinos nach einem einfachen Prinzip: Je mehr Sie spielen, desto mehr verdienen Sie. Dieses System motiviert nicht nur dazu, h\u00e4ufiger zu spielen, sondern auch, dem Casino \u00fcber einen l\u00e4ngeren Zeitraum treu zu bleiben. Jede Stufe der Treuestufe bringt ihre eigenen Vorteile mit sich und die Spieler m\u00fcssen bestimmte Wettschwellen erreichen, um aufzusteigen. Dieses abgestufte System stellt sicher, dass die Belohnungen dem Aktivit\u00e4tsniveau und der Verbundenheit des Spielers mit dem Casino entsprechen, wodurch das Spielerlebnis sowohl lohnend als auch aufregend wird.<\/p>\n<p>Dar\u00fcber hinaus l\u00e4sst sich das beste Treueprogramm eines Online-Casinos nahtlos in die Spieloberfl\u00e4che des Casinos integrieren, sodass die Spieler ihren Fortschritt problemlos verfolgen und genau wissen k\u00f6nnen, wie nah sie an der n\u00e4chsten Belohnungsstufe sind. Transparenz dar\u00fcber, wie Punkte gesammelt und eingel\u00f6st werden, ist entscheidend, um das Vertrauen und Engagement der Spieler aufrechtzuerhalten. Diese Transparenz wird durch regelm\u00e4\u00dfige Updates und Mitteilungen des Casinos verst\u00e4rkt, sodass die Spieler \u00fcber bevorstehende Aktionen informiert werden und wissen, wie sie ihr Belohnungspotenzial maximieren k\u00f6nnen.<\/p>\n<p>Die Dynamik eines Casinos mit Treueprogramm wird durch Sonderaktionen und exklusive Turniere, die nur Mitgliedern zur Verf\u00fcgung stehen, noch weiter bereichert. Diese Events bieten zus\u00e4tzliche M\u00f6glichkeiten, Punkte zu sammeln, und bieten den Spielern eine Plattform, um in einer freundlichen Umgebung zu konkurrieren. Solche Initiativen sorgen nicht nur f\u00fcr ein Element von Spa\u00df und Wettbewerb, sondern tragen auch zum Aufbau einer Community unter den Spielern bei.<\/p>\n\n\t<div class=\"alao-sidebar-box alao-sidebar-box--\">\n\t\t<a href=\"https:\/\/rocketplay-online.com\/go-casino\/\" class=\"alao-sidebar-box__link\">\n\t\t\t<span class=\"alao-sidebar-box__thumb\">\n\t\t\t\t<img decoding=\"async\" src=\"https:\/\/rocketplay-online.com\/wp-content\/uploads\/2022\/09\/second_bonus_nonlog.png\" alt=\"Ersteinzahlungsbonus\">\n\t\t\t<\/span>\n\t\t\t<span class=\"alao-sidebar-box__info\">\n\t\t\t\t<span class=\"alao-sidebar-box__info-wrap\">\n\t\t\t\t\t<span class=\"alao-sidebar-box__head\">Ersteinzahlungsbonus<\/span>\n\t\t\t\t\t<span class=\"alao-sidebar-box__desc\">100% + 100 FS F\u00dcR EINEN PERFEKTEN START<\/span>\n\t\t\t\t\t<span class=\"alao-sidebar-box__button\">Holen Sie Sich Jetzt<\/span>\n\t\t\t\t<\/span>\n\t\t\t<\/span>\n\t\t<\/a>\n\t<\/div>\n\n\t<style>\n\t\t.alao-sidebar-box {\n\t\t\tdisplay: block;\n\t\t\twidth: 100%;\n\t\t\tmargin-bottom: 24px;\n\t\t\toverflow: hidden;\n\t\t\tposition: relative;\n\t\t\tbackground: linear-gradient(270deg, rgb(140, 81, 255) 0%, rgb(140, 81, 255) calc(50% - 1500px), rgb(113, 45, 244) calc(50% - 750px), rgb(46, 15, 109) calc(50% + 750px), rgb(38, 7, 100) calc(50% + 1500px), rgb(38, 7, 100) 100%);\n\t\t\t-webkit-border-radius: 16px;\n\t\t\t-moz-border-radius: 16px;\n\t\t\tborder-radius: 16px;\n\t\t}\n\t\t.alao-sidebar-box--rose {\n\t\t\tbackground: linear-gradient(270deg, rgb(255, 62, 155) 0%, rgb(255, 62, 155) calc(50% - 1500px), rgb(253, 28, 136) calc(50% - 750px), rgb(91, 15, 108) calc(50% + 750px), rgb(60, 3, 73) calc(50% + 1500px), rgb(60, 3, 73) 100%);\n\t\t}\n\t\t.alao-sidebar-box--light-blue {\n\t\t\tbackground: linear-gradient(270deg, rgb(107, 250, 255) 0%, rgb(107, 250, 255) calc(50% - 1500px), rgb(33, 247, 252) calc(50% - 750px), rgb(25, 19, 183) calc(50% + 750px), rgb(16, 5, 146) calc(50% + 1500px), rgb(16, 5, 146) 100%);\n\t\t}\n\t\t.alao-sidebar-box__link {\n\t\t\tdisplay: block;\n\t\t\twidth: 100%;\n\t\t\theight: auto;\n\t\t\tpadding-top: 56px;\n\t\t\tpadding-bottom: 64px;\n\t\t\tposition: relative;\n\t\t\ttext-decoration: none;\n\t\t}\n\t\t.alao-sidebar-box__thumb {\n\t\t\tposition: absolute;\n\t\t\ttop: 0;\n\t\t\tleft: 0;\n\t\t\twidth: 100%;\n\t\t\theight: 100%;\n\t\t\toverflow: hidden;\n\t\t\tz-index: 5;\n\t\t}\n\t\t.alao-sidebar-box__thumb img {\n\t\t\tposition: absolute;\n\t\t\tbottom: -10%;\n\t\t\tright: -20%;\n\t\t\tdisplay: block;\n\t\t\tmax-width: 120%;\n\t\t\tmax-height: 100%;\n\t\t\ttransition: all .3s ease;\n\t\t}\n\t\t.alao-sidebar-box__link:hover .alao-sidebar-box__thumb img {\n\t\t\tbottom: 0;\n\t\t\tright: 0;\n\t\t}\n\t\t.alao-sidebar-box__info {\n\t\t\tdisplay: block;\n\t\t\twidth: 100%;\n\t\t\tz-index: 10;\n\t\t}\n\t\t.alao-sidebar-box__info-wrap {\n\t\t\tdisplay: flex;\n\t\t\tflex-wrap: wrap;\n\t\t\tflex-direction: column;\n\t\t\tjustify-content: center;\n\t\t\talign-items: flex-start;\n\t\t\twidth: 100%;\n\t\t\tmin-height: 100%;\n\t\t\tpadding: 24px;\n\t\t}\n\t\t.alao-sidebar-box__head {\n\t\t\tdisplay: block;\n\t\t\twidth: 100%;\n\t\t\tmargin-bottom: 0.2rem;\n\t\t\ttext-shadow: 1px 1px 4px rgba(0, 0, 0, .4);\n\t\t\tcolor: #fff;\n\t\t\tfont-size: 1rem;\n\t\t\tfont-weight: bold;\n\t\t\tline-height: 125%;\n\t\t}\n\t\t.alao-sidebar-box__desc {\n\t\t\tdisplay: block;\n\t\t\twidth: 100%;\n\t\t\tmargin-bottom: 8px;\n\t\t\ttext-shadow: 1px 1px 2px rgba(0, 0, 0, .6);\n\t\t\tcolor: #fdd835;\n\t\t\tfont-size: 1.4rem;\n\t\t\tfont-weight: bold;\n\t\t\tline-height: 110%;\n\t\t\ttext-transform: uppercase;\n\t\t}\n\t\t.alao-sidebar-box__button {\n\t\t\tdisplay: inline-block;\n\t\t\tbackground: linear-gradient(90deg,#ffa000,#ffff7b);\n\t\t\tpadding: 8px 12px;\n\t\t\tborder-radius: 16px;\n\t\t\tcolor: #000;\n\t\t\tfont-size: .75rem;\n\t\t\tfont-weight: bold;\n\t\t\tline-height: 135%;\n\t\t\ttext-transform: uppercase;\n\t\t}\n\t<\/style>\n\n\t\n<h2>Boni f\u00fcr Stammspieler<\/h2>\n<p>Stammspieler sind das R\u00fcckgrat jedes erfolgreichen Online-Casinos mit VIP-Treueprogrammvorteilen. Um ihr Engagement zu honorieren, bieten Casinos oft ma\u00dfgeschneiderte Boni an, die das Spielerlebnis deutlich verbessern k\u00f6nnen. Diese Boni k\u00f6nnen h\u00f6here Auszahlungslimits, niedrigere Wettanforderungen und Zugang zu exklusiven Spielen umfassen. Je mehr ein Spieler mit dem Casino interagiert, desto besser werden normalerweise diese Boni und bieten einen anhaltenden Anreiz, weiterzuspielen und treu zu bleiben.<\/p>\n<p>Zus\u00e4tzlich zu den Standardboni bietet das Casino des VIP-Treueprogramms m\u00f6glicherweise \u00dcberraschungspr\u00e4mien wie zuf\u00e4llige Bargeldabhebungen oder kostenlose Turnierteilnahmen an, die dem regul\u00e4ren Spiel ein Element der Spannung und Unvorhersehbarkeit verleihen. Diese \u00dcberraschungen tragen dazu bei, dass das Spielerlebnis frisch und spannend bleibt, und ermutigen die Spieler, sich regelm\u00e4\u00dfig anzumelden und zu spielen.<\/p>\n<h2>Vorteile f\u00fcr Mitglieder des Treueprogramms<\/h2>\n<p>Die Mitgliedschaft in einem Treueprogramm eines Casinos er\u00f6ffnet eine Welt voller Vorteile, die \u00fcber die \u00fcblichen Verg\u00fcnstigungen des Online-Gamings hinausgehen. Diese Vorteile sollen den Mitgliedern das Gef\u00fchl geben, gesch\u00e4tzt und wertgesch\u00e4tzt zu werden, und zwar mit Belohnungen, die ihren Vorlieben und Spielstilen entsprechen. So k\u00f6nnen sich die Mitglieder beispielsweise \u00fcber einen personalisierten Kundenservice freuen, bei dem ihnen ein engagierter Kundenbetreuer immer zur Seite steht, um bei Fragen oder Problemen zu helfen.<\/p>\n<p>Dar\u00fcber hinaus k\u00f6nnen h\u00f6here Stufen im besten Casino-Treueprogramm Vorteile wie verbesserte Comp-Point-Umrechnungskurse bieten, die es den Spielern erm\u00f6glichen, schneller als normal Boni zu verdienen. Solche Vorteile bereichern nicht nur das Spielerlebnis, sondern bauen auch eine st\u00e4rkere emotionale Verbindung zwischen dem Casino und seinen treuesten Spielern auf.<\/p>\n<h2>Wie nehme ich am Treueprogramm teil?<\/h2>\n<p>Der Beitritt zu einem Online-Casino mit VIP-Treueprogrammvorteilen ist normalerweise unkompliziert. Die meisten Casinos registrieren Spieler automatisch, wenn sie sich anmelden und ihre erste Einzahlung t\u00e4tigen. Von da an geht es nur noch darum, Punkte zu sammeln, die normalerweise durch regelm\u00e4\u00dfiges Spielen verdient werden. Es ist wichtig, dass die Spieler die spezifischen Regeln und Anforderungen zum Sammeln von Punkten in ihrem ausgew\u00e4hlten Casino verstehen, da diese von Ort zu Ort erheblich variieren k\u00f6nnen.<\/p>\n<p>Einige der besten Treueprogramme von Online-Casinos bieten High Rollern oder besonders h\u00e4ufigen Spielern m\u00f6glicherweise auch einen schnelleren Weg zu h\u00f6heren Stufen des Treueprogramms. Das Verst\u00e4ndnis dieser Wege kann f\u00fcr diejenigen von entscheidender Bedeutung sein, die den Nutzen ihrer Spielaktivit\u00e4ten maximieren m\u00f6chten.<\/p>\n<p><img loading=\"lazy\" decoding=\"async\" class=\"aligncenter wp-image-5187 lazy-loaded\" src=\"https:\/\/rocketplay-online.com\/wp-content\/uploads\/2024\/11\/loyalty-program2.png\" sizes=\"auto, (max-width: 800px) 100vw, 800px\" srcset=\"https:\/\/rocketplay-online.com\/wp-content\/uploads\/2024\/11\/loyalty-program2.png 1230w, https:\/\/rocketplay-online.com\/wp-content\/uploads\/2024\/11\/loyalty-program2-300x158.png 300w, https:\/\/rocketplay-online.com\/wp-content\/uploads\/2024\/11\/loyalty-program2-1024x538.png 1024w, https:\/\/rocketplay-online.com\/wp-content\/uploads\/2024\/11\/loyalty-program2-768x403.png 768w\" alt=\"Treueprogramm: Was ist die Besonderheit eines Casino Bonus 2\" width=\"800\" height=\"420\" data-lazy-type=\"image\" data-src=\"https:\/\/rocketplay-online.com\/wp-content\/uploads\/2024\/11\/loyalty-program2.png\" data-srcset=\"\" \/><\/p>\n<h2>Tipps f\u00fcr Anf\u00e4nger zum Erhalt von Boni<\/h2>\n<p>F\u00fcr Neulinge im Casino des VIP-Treueprogramms kann die Vielfalt der Boni und die Art und Weise, wie man sie erh\u00e4lt, entmutigend wirken. Es ist wichtig, zun\u00e4chst die mit jedem Bonus verbundenen Gesch\u00e4ftsbedingungen gr\u00fcndlich durchzulesen. Dies kann dazu beitragen, Missverst\u00e4ndnisse dar\u00fcber zu vermeiden, wie Boni verdient und wie sie verwendet werden k\u00f6nnen. Anf\u00e4nger sollten auch genau auf die Wettanforderungen achten, die vorschreiben, wie viel ein Spieler setzen muss, bevor er Gewinne aus Boni abheben kann.<\/p>\n<p>Dar\u00fcber hinaus kann die Zusammenarbeit mit dem Kundensupport wertvolle Erkenntnisse dar\u00fcber liefern, wie Sie Ihre Boni optimal nutzen k\u00f6nnen. Viele Casinos bieten auch Tutorials und Anleitungen an, die f\u00fcr Anf\u00e4nger, die die Feinheiten von Boni verstehen m\u00f6chten, eine hervorragende Ressource sein k\u00f6nnen.<\/p>\n<div class=\"go-btn-container\"><div class=\"tosh-btn\"><a href=\"\/go-casino\/\" target=\"_blank\">BONUS ERHALTEN<\/a><\/div><\/div>\n<h2>Weitere verf\u00fcgbare Boni f\u00fcr Spieler bei RocketPlay<\/h2>\n<p>Neben den \u00fcblichen Casinovorteilen des Treueprogramms bietet RocketPlay eine Reihe weiterer Boni, die auf unterschiedliche Spielertypen zugeschnitten sind. Dazu geh\u00f6ren beispielsweise Willkommensboni f\u00fcr neue Spieler, Reload-Boni f\u00fcr bestehende Spieler und sogar Cashback-Angebote zur Schadensbegrenzung. Diese Vielfalt stellt sicher, dass alle Spieler, unabh\u00e4ngig von ihrem Status im Treueprogramm, Zugang zu zus\u00e4tzlichen Vorteilen haben, die ihr Spielerlebnis verbessern k\u00f6nnen.<\/p>\n<p>Saisonale und Aktionsboni spielen ebenfalls eine wichtige Rolle dabei, die Spielumgebung lebendig und spannend zu halten. Diese Boni sind oft an bestimmte Spiele oder Events gebunden und bieten Spielern eine gro\u00dfartige M\u00f6glichkeit, etwas Neues auszuprobieren, ohne ihr eigenes Geld zu riskieren.<\/p>\n<h2>H\u00e4ufig gestellte Fragen<\/h2>\n<h3>Was ist der Unterschied zwischen einem Treueprogramm und einem VIP-Programm?<\/h3>\n<p>Der Unterschied zwischen einem Casino-Treueprogramm und einem VIP-Programm liegt haupts\u00e4chlich in der Exklusivit\u00e4t und der H\u00f6he der angebotenen Belohnungen. W\u00e4hrend Treueprogramme allen Spielern offen stehen und sich darauf konzentrieren, sie basierend auf ihrer Aktivit\u00e4t im Casino zu belohnen, sind VIP-Programme normalerweise exklusiver, oft nur auf Einladung zug\u00e4nglich und bieten \u00fcberlegene Vorteile und personalisierte Dienste. Zu den Casino-Vorteilen eines VIP-Treueprogramms geh\u00f6ren h\u00f6here Auszahlungslimits, personalisierte Geschenke und exklusive Einladungen zu Veranstaltungen.<\/p>\n<h3>Wie oft kann ich meine Punkte gegen Pr\u00e4mien einl\u00f6sen?<\/h3>\n<p>In den meisten Casinos k\u00f6nnen Punkte eingel\u00f6st werden, sobald ein Spieler einen bestimmten Schwellenwert erreicht, um diese Punkte in Boni oder andere Belohnungen umzuwandeln. Die H\u00e4ufigkeit der Einl\u00f6sung kann je nach den vom Casino festgelegten Regeln variieren. Spieler im Treueprogramm des besten Online-Casinos haben m\u00f6glicherweise flexiblere Einl\u00f6seoptionen, sodass sie ihre Punkte h\u00e4ufiger und effektiver nutzen k\u00f6nnen.<\/p>\n<h3>Gibt es hinsichtlich der Belohnungen, die ich verdienen kann, irgendwelche Begrenzungen?<\/h3>\n<p>Die Begrenzungen der Pr\u00e4mien in einem Casino-Treueprogramm k\u00f6nnen von der Stufe des Spielers im Programm und den Richtlinien des Casinos abh\u00e4ngen. Normalerweise haben h\u00f6here Stufen im besten Casino-Treueprogramm h\u00f6here oder gar keine Begrenzungen der Pr\u00e4mien, die sie verdienen k\u00f6nnen, was ihr h\u00f6heres Spielniveau und ihre Verbundenheit mit dem Casino widerspiegelt. Es ist wichtig, die spezifischen Programmdetails zu \u00fcberpr\u00fcfen, um eventuell geltende Einschr\u00e4nkungen zu verstehen.<\/p>\n<h3>Kann ich meine Treuepunkte auf einen anderen Spieler \u00fcbertragen?<\/h3>\n<p>Im Allgemeinen sind die in einem Casino mit Treueprogramm gesammelten Punkte nicht \u00fcbertragbar, da sie an das Konto und die Aktivit\u00e4ten des einzelnen Spielers gebunden sind. Diese Richtlinie tr\u00e4gt dazu bei, die Integrit\u00e4t des Programms zu wahren und stellt sicher, dass die Spieler auf der Grundlage ihrer pers\u00f6nlichen Spielaktivit\u00e4ten belohnt werden.<\/p>\n<h3>Was passiert mit meinen Punkten, wenn ich eine Spielpause einlege?<\/h3>\n<p>Wenn Spieler eine Spielpause einlegen, kann das Schicksal ihrer im Treueprogramm des Casinos gesammelten Punkte unterschiedlich ausfallen. Einige Casinos behalten die Punkte, solange das Konto aktiv bleibt, w\u00e4hrend andere m\u00f6glicherweise eine Richtlinie haben, nach der die Punkte nach einer Zeit der Inaktivit\u00e4t verfallen. Es ist wichtig, dass die Spieler die Gesch\u00e4ftsbedingungen ihres jeweiligen Treueprogramm-Casinos \u00fcberpr\u00fcfen, um zu verstehen, wie sich Spielpausen auf ihre gesammelten Punkte und ihren Status auswirken k\u00f6nnen.<\/p>\n<p>&nbsp;<\/p>\n","protected":false},"excerpt":{"rendered":"<p>Im Bereich des Online-Gamings zeichnen sich Casinos h\u00e4ufig durch verschiedene Werbestrategien aus, wobei das Casino-Treueprogramm eine zentrale Rolle spielt. Diese Programme sind so konzipiert, dass sie Stammspielern eine Reihe von Vorteilen bieten und routinem\u00e4\u00dfiges Spielen in eine Reihe fortlaufender Belohnungen verwandeln. In dieser Untersuchung werden wir uns mit den Einzelheiten dieser Programme befassen und detailliert&#8230;<\/p>\n","protected":false},"author":1,"featured_media":0,"parent":0,"menu_order":0,"comment_status":"closed","ping_status":"closed","template":"","meta":{"_acf_changed":false,"_kad_post_transparent":"default","_kad_post_title":"default","_kad_post_layout":"default","_kad_post_sidebar_id":"","_kad_post_content_style":"default","_kad_post_vertical_padding":"default","_kad_post_feature":"","_kad_post_feature_position":"","_kad_post_header":false,"_kad_post_footer":false,"footnotes":""},"class_list":["post-1523","page","type-page","status-publish","hentry"],"acf":[],"rttpg_featured_image_url":null,"rttpg_author":{"display_name":"Oliver","author_link":"https:\/\/rocketplay-online.com\/de\/author\/pemvas95n89x\/"},"rttpg_comment":0,"rttpg_category":null,"rttpg_excerpt":"Im Bereich des Online-Gamings zeichnen sich Casinos h\u00e4ufig durch verschiedene Werbestrategien aus, wobei das Casino-Treueprogramm eine zentrale Rolle spielt. Diese Programme sind so konzipiert, dass sie Stammspielern eine Reihe von Vorteilen bieten und routinem\u00e4\u00dfiges Spielen in eine Reihe fortlaufender Belohnungen verwandeln. In dieser Untersuchung werden wir uns mit den Einzelheiten dieser Programme befassen und detailliert...","_links":{"self":[{"href":"https:\/\/rocketplay-online.com\/de\/wp-json\/wp\/v2\/pages\/1523","targetHints":{"allow":["GET"]}}],"collection":[{"href":"https:\/\/rocketplay-online.com\/de\/wp-json\/wp\/v2\/pages"}],"about":[{"href":"https:\/\/rocketplay-online.com\/de\/wp-json\/wp\/v2\/types\/page"}],"author":[{"embeddable":true,"href":"https:\/\/rocketplay-online.com\/de\/wp-json\/wp\/v2\/users\/1"}],"replies":[{"embeddable":true,"href":"https:\/\/rocketplay-online.com\/de\/wp-json\/wp\/v2\/comments?post=1523"}],"version-history":[{"count":7,"href":"https:\/\/rocketplay-online.com\/de\/wp-json\/wp\/v2\/pages\/1523\/revisions"}],"predecessor-version":[{"id":6692,"href":"https:\/\/rocketplay-online.com\/de\/wp-json\/wp\/v2\/pages\/1523\/revisions\/6692"}],"wp:attachment":[{"href":"https:\/\/rocketplay-online.com\/de\/wp-json\/wp\/v2\/media?parent=1523"}],"curies":[{"name":"wp","href":"https:\/\/api.w.org\/{rel}","templated":true}]}}