{"id":1516,"date":"2022-08-11T17:55:26","date_gmt":"2022-08-11T14:55:26","guid":{"rendered":"https:\/\/rocketplay-online.com\/promo-code\/"},"modified":"2025-04-03T09:41:01","modified_gmt":"2025-04-03T06:41:01","slug":"promo-code","status":"publish","type":"page","link":"https:\/\/rocketplay-online.com\/de\/promo-code\/","title":{"rendered":"Promo Code"},"content":{"rendered":"<p><img loading=\"lazy\" decoding=\"async\" class=\"aligncenter wp-image-264\" src=\"https:\/\/rocketplay-online.com\/wp-content\/uploads\/2022\/08\/rocketplay-welcome-bonus.png\" alt=\"promo codes\" width=\"786\" height=\"197\" srcset=\"https:\/\/rocketplay-online.com\/wp-content\/uploads\/2022\/08\/rocketplay-welcome-bonus.png 930w, https:\/\/rocketplay-online.com\/wp-content\/uploads\/2022\/08\/rocketplay-welcome-bonus-300x75.png 300w, https:\/\/rocketplay-online.com\/wp-content\/uploads\/2022\/08\/rocketplay-welcome-bonus-768x192.png 768w\" sizes=\"auto, (max-width: 786px) 100vw, 786px\" \/><\/p>\n<p>Der <a href=\"https:\/\/rocketplay-online.com\/de\/\">RocketPlay<\/a> Promo Code 2023 ist ein einzigartiges Angebot in Form eines Codes mit aufeinanderfolgenden Symbolen, um einen Bonus von einem Online Casino zu erhalten. Solche Kombinationen in Online-Casinos werden in einer speziellen Form auf der Promotion-Seite eingegeben. Au\u00dferdem k\u00f6nnen diese geheimen Codes w\u00e4hrend des Registrierungsprozesses angegeben werden.<\/p>\n<p>RocketPlay Casino Promo Code RocketPlay Casino Promo Code wird angeboten, um neue Spieler zu gewinnen und die Loyalit\u00e4t der bestehenden Benutzer zu erh\u00f6hen. Mit speziellen Kombinationen k\u00f6nnen Spieler ihr Spiel noch interessanter und spannender gestalten. Dar\u00fcber hinaus sind solche Promotionen von Online-Gaming-Clubs eine Gelegenheit, Ihre Gewinne mit einer minimalen Investition zu erh\u00f6hen.<\/p>\n<p>Au\u00dferdem bietet das Casino RocketPlay Casino Promo Code ohne Einzahlung. Wenn Sie die Bedingungen der Promotionen befolgen, k\u00f6nnen Sie gro\u00dfe Summen aus dem Nichts gewinnen.<\/p>\n<p>Eine Kombination von Buchstaben und \/ oder Zahlen erm\u00f6glicht es Ihnen, ein zus\u00e4tzliches Geschenk auf der Website einer Online-Institution zu erhalten. Auf dem Portal k\u00f6nnen mehrere Promotionen gleichzeitig stattfinden. Eine Reihe von Zeichen ist notwendig, damit der technische Kundendienst oder der auf dem Portal vorgeschriebene Algorithmus bestimmen kann, welches Geschenk dem Kunden zusteht. Um den Promo-Code zu aktivieren, m\u00fcssen die Spieler alle diese Buchstaben und Zahlen in der richtigen Reihenfolge und in das richtige Feld eingeben.<\/p>\n<h2>WIE MAN DEN BONUSCODE EINFORDERT<\/h2>\n<p>Bonuscodes werden vergeben f\u00fcr:<\/p>\n<ul>\n<li style=\"font-weight: 400;\" aria-level=\"1\">Kasino-Registrierung;<\/li>\n<li style=\"font-weight: 400;\" aria-level=\"1\">Identit\u00e4ts\u00fcberpr\u00fcfung;<\/li>\n<li style=\"font-weight: 400;\" aria-level=\"1\">\u00dcberpr\u00fcfung per Telefon oder E-Mail;<\/li>\n<li style=\"font-weight: 400;\" aria-level=\"1\">eine Einzahlung vornehmen;<\/li>\n<li style=\"font-weight: 400;\" aria-level=\"1\">aktives Spiel;<\/li>\n<li style=\"font-weight: 400;\" aria-level=\"1\">Erf\u00fcllung der Bedingungen f\u00fcr eine bestimmte Werbeaktion.<\/li>\n<\/ul>\n<p>Immer h\u00e4ufiger wird die Suche nach einer Kombination, mit der man vom Casino Sonderangebote erh\u00e4lt, zu einer echten Suche. Um sich nicht an dieser Suche zu beteiligen, m\u00fcssen Sie die folgenden Regeln beachten:<\/p>\n<ul>\n<li style=\"font-weight: 400;\" aria-level=\"1\">Registrieren Sie sich auf zahlreichen Spielplattformen und \u00fcberpr\u00fcfen Sie regelm\u00e4\u00dfig Ihre E-Mails. Fast alle Casinos verschicken verschiedene Bonusangebote per E-Mail, darunter auch Aktionscodes.<\/li>\n<li style=\"font-weight: 400;\" aria-level=\"1\">Besuchen Sie regelm\u00e4\u00dfig die offiziellen Communities der Online-Gaming-Clubs. Viele Casinos platzieren geheime Promo-Codes f\u00fcr ihre Anh\u00e4nger auf ihren Seiten in sozialen Netzwerken.<\/li>\n<\/ul>\n<p>Ein modernes Online-Casino bietet sowohl Codes f\u00fcr alle Spieler als auch solche, die an einen bestimmten Spieler gerichtet sind. Letztere k\u00f6nnen angewendet werden, wenn sie Ihnen per SMS oder E-Mail zugesandt wurden. Es macht keinen Sinn, ihn an einen Au\u00dfenstehenden weiterzugeben, da dieser eine solche Zeichenkombination nicht verwenden kann. Daher ist es sehr wichtig, die Nachrichten des von Ihnen gew\u00e4hlten Online-Casinos zu abonnieren, denn so k\u00f6nnen Sie mit zus\u00e4tzlichen Werbeaktionen des Instituts rechnen.<\/p>\n<p>Jetzt wissen Sie, wie Sie den RocketPlay Casino Bonus Code erhalten. Auch, wie Sie ihn zu extrem g\u00fcnstigen Bedingungen f\u00fcr sich selbst nutzen k\u00f6nnen, um gro\u00dfz\u00fcgige Boni zu erhalten. Also verpassen Sie nicht die Gelegenheit.<\/p>\n<div class=\"go-btn-container\"><div class=\"tosh-btn\"><a href=\"\/go-casino\/\" target=\"_blank\">BONUS ERHALTEN<\/a><\/div><\/div>\n<h2>WELCHE ARTEN VON PROMO-CODES GIBT ES?<\/h2>\n<p>Die Promo-Codes im Casino werden nach den Geschenken klassifiziert, die man durch die Verwendung von geheimen Symbolen erhalten kann. Es gibt 6 Arten von Sonderkombinationen:<\/p>\n<ul>\n<li style=\"font-weight: 400;\" aria-level=\"1\">Freispiele.<\/li>\n<li style=\"font-weight: 400;\" aria-level=\"1\">Bargeldbetr\u00e4ge zum sofortigen Start des Spiels.<\/li>\n<li style=\"font-weight: 400;\" aria-level=\"1\">Erh\u00f6hter Cashback f\u00fcr verlorene Eins\u00e4tze.<\/li>\n<li style=\"font-weight: 400;\" aria-level=\"1\">Teilnahme an Bonusspielen.<\/li>\n<li style=\"font-weight: 400;\" aria-level=\"1\">Sie erhalten die interne W\u00e4hrung des Casinos, um Wetten zu platzieren oder Geschenke zu erhalten.<\/li>\n<li style=\"font-weight: 400;\" aria-level=\"1\">Verringerung der Provision f\u00fcr Finanztransaktionen.<\/li>\n<\/ul>\n<p>Casino Promo-Codes im Jahr 2023. sind auch nach den Aktionen klassifiziert, die ergriffen werden m\u00fcssen, um sie zu erhalten. Verwenden Sie RocketPlay Casino kostenlose Promo-Code zu Ihrem Vorteil.<\/p>\n<p><img loading=\"lazy\" decoding=\"async\" class=\"aligncenter wp-image-253\" src=\"https:\/\/rocketplay-online.com\/wp-content\/uploads\/2022\/08\/welcome_1300x640.png\" alt=\"rocket play\" width=\"908\" height=\"447\" srcset=\"https:\/\/rocketplay-online.com\/wp-content\/uploads\/2022\/08\/welcome_1300x640.png 1300w, https:\/\/rocketplay-online.com\/wp-content\/uploads\/2022\/08\/welcome_1300x640-300x148.png 300w, https:\/\/rocketplay-online.com\/wp-content\/uploads\/2022\/08\/welcome_1300x640-1024x504.png 1024w, https:\/\/rocketplay-online.com\/wp-content\/uploads\/2022\/08\/welcome_1300x640-768x378.png 768w\" sizes=\"auto, (max-width: 908px) 100vw, 908px\" \/><\/p>\n<h2><span style=\"font-weight: 400;\">hgf<\/span><\/h2>\n<h3>Promo-Code im Casino &#8211; was ist das?<\/h3>\n<p>Ein Promotionscode ist eine Kombination aus bestimmten Symbolen, durch die Sie Casino-Boni erhalten k\u00f6nnen. Wenn Sie einen solchen Preisbonus in Ihrer E-Mail-Adresse erhalten haben, m\u00fcssen Sie ihn auf der offiziellen Website des Online-Casinos eingeben. Sie k\u00f6nnen sich selbst davon \u00fcberzeugen, wie gro\u00dfz\u00fcgig Geschenke sein k\u00f6nnen. Die Verwaltung der Einrichtung hat alle Anstrengungen unternommen, um sicherzustellen, dass alle gewinnbringenden Promotionen und Rabatte originell und profitabel sind.<\/p>\n<h3>Was sind Promo-Codes?<\/h3>\n<p>Spezielle Kombinationen f\u00fcr Casinos haben in der Regel eine Reihe von Varianten:<\/p>\n<ul>\n<li style=\"font-weight: 400;\" aria-level=\"1\">Die Aktion wird dem Spieler gew\u00e4hrt, nachdem er sein Einzahlungskonto wieder aufgef\u00fcllt hat;<\/li>\n<li style=\"font-weight: 400;\" aria-level=\"1\">Die Pr\u00e4mie kann auch ohne Wiederauff\u00fcllung der Einlage erhalten werden.<\/li>\n<\/ul>\n<p>Wenn Sie sich entscheiden, im Demomodus zu spielen, m\u00fcssen Sie sich nicht auf dem Portal registrieren und auch kein Geld auf das Konto einzahlen. In diesem Fall bietet das Casino seinen Besuchern fast alle Gl\u00fccksspiele an, die zu jeder Tageszeit und ohne Einschr\u00e4nkungen gespielt werden k\u00f6nnen.<\/p>\n<h2>WOF\u00dcR IST DER BONUS GEDACHT?<\/h2>\n<p>Bei einer vollst\u00e4ndigen Registrierung auf der Website einer virtuellen Einrichtung kann der Spieler mit einer Reihe von Vorteilen rechnen (gro\u00dfz\u00fcgige Gewinne, mehr Belohnungen). Im Gegenzug kann ein Promotion-Code zur Verf\u00fcgung gestellt werden:<\/p>\n<ul>\n<li style=\"font-weight: 400;\" aria-level=\"1\">Durchf\u00fchrung der Registrierung;<\/li>\n<li style=\"font-weight: 400;\" aria-level=\"1\">Die erste Auff\u00fcllung des Spielkontos;<\/li>\n<li style=\"font-weight: 400;\" aria-level=\"1\">Die Teilnahme an verschiedenen Promotionen und Turnieren;<\/li>\n<li style=\"font-weight: 400;\" aria-level=\"1\">Die Gesamtsumme der Eins\u00e4tze.<\/li>\n<\/ul>\n<p>Welcher der Promo-Codes ist der profitabelste? Es ist schwierig, eine definitive Antwort in diesem Fall zu geben, ist es besser, mit jedem von ihnen zu arbeiten beginnen.<\/p>\n<h2>WOHER BEKOMME ICH EINEN PROMO-CODE F\u00dcR EIN CASINO?<\/h2>\n<p>Um einen Bonuscode in einem Online-Casino nutzen zu k\u00f6nnen, m\u00fcssen Sie zun\u00e4chst wissen, wo er zu finden ist. Daf\u00fcr brauchen Sie nichts zu tun. Sie m\u00fcssen lediglich eine Zeichenkombination in einem bestimmten Fenster eingeben. Danach werden Ihrem Konto sofort Guthaben oder Freispiele gutgeschrieben, wobei es in diesem Fall auf den jeweiligen Bonuscode ankommt.<\/p>\n<p>Es gibt mehrere Hauptwege, um einen Promotionscode zu erhalten. Sie k\u00f6nnen die Preiskombination auf verschiedenen Websites mit ausf\u00fchrlichen Bewertungen der virtuellen Einrichtungen finden. Wenn Sie den Newsletter abonniert haben, k\u00f6nnen Sie die Kombination per Post oder per SMS erhalten.<\/p>\n","protected":false},"excerpt":{"rendered":"<p>Der RocketPlay Promo Code 2023 ist ein einzigartiges Angebot in Form eines Codes mit aufeinanderfolgenden Symbolen, um einen Bonus von einem Online Casino zu erhalten. Solche Kombinationen in Online-Casinos werden in einer speziellen Form auf der Promotion-Seite eingegeben. Au\u00dferdem k\u00f6nnen diese geheimen Codes w\u00e4hrend des Registrierungsprozesses angegeben werden. RocketPlay Casino Promo Code RocketPlay Casino Promo&#8230;<\/p>\n","protected":false},"author":1,"featured_media":0,"parent":0,"menu_order":0,"comment_status":"closed","ping_status":"closed","template":"","meta":{"_acf_changed":false,"_kad_post_transparent":"default","_kad_post_title":"default","_kad_post_layout":"default","_kad_post_sidebar_id":"","_kad_post_content_style":"default","_kad_post_vertical_padding":"default","_kad_post_feature":"","_kad_post_feature_position":"","_kad_post_header":false,"_kad_post_footer":false,"footnotes":""},"class_list":["post-1516","page","type-page","status-publish","hentry"],"acf":[],"rttpg_featured_image_url":null,"rttpg_author":{"display_name":"Oliver","author_link":"https:\/\/rocketplay-online.com\/de\/author\/pemvas95n89x\/"},"rttpg_comment":0,"rttpg_category":null,"rttpg_excerpt":"Der RocketPlay Promo Code 2023 ist ein einzigartiges Angebot in Form eines Codes mit aufeinanderfolgenden Symbolen, um einen Bonus von einem Online Casino zu erhalten. Solche Kombinationen in Online-Casinos werden in einer speziellen Form auf der Promotion-Seite eingegeben. Au\u00dferdem k\u00f6nnen diese geheimen Codes w\u00e4hrend des Registrierungsprozesses angegeben werden. RocketPlay Casino Promo Code RocketPlay Casino Promo...","_links":{"self":[{"href":"https:\/\/rocketplay-online.com\/de\/wp-json\/wp\/v2\/pages\/1516","targetHints":{"allow":["GET"]}}],"collection":[{"href":"https:\/\/rocketplay-online.com\/de\/wp-json\/wp\/v2\/pages"}],"about":[{"href":"https:\/\/rocketplay-online.com\/de\/wp-json\/wp\/v2\/types\/page"}],"author":[{"embeddable":true,"href":"https:\/\/rocketplay-online.com\/de\/wp-json\/wp\/v2\/users\/1"}],"replies":[{"embeddable":true,"href":"https:\/\/rocketplay-online.com\/de\/wp-json\/wp\/v2\/comments?post=1516"}],"version-history":[{"count":4,"href":"https:\/\/rocketplay-online.com\/de\/wp-json\/wp\/v2\/pages\/1516\/revisions"}],"predecessor-version":[{"id":6741,"href":"https:\/\/rocketplay-online.com\/de\/wp-json\/wp\/v2\/pages\/1516\/revisions\/6741"}],"wp:attachment":[{"href":"https:\/\/rocketplay-online.com\/de\/wp-json\/wp\/v2\/media?parent=1516"}],"curies":[{"name":"wp","href":"https:\/\/api.w.org\/{rel}","templated":true}]}}