{"id":1510,"date":"2022-09-20T16:49:53","date_gmt":"2022-09-20T13:49:53","guid":{"rendered":"https:\/\/rocketplay-online.com\/regular-bonuses\/"},"modified":"2025-04-10T13:19:51","modified_gmt":"2025-04-10T10:19:51","slug":"regular-bonuses","status":"publish","type":"page","link":"https:\/\/rocketplay-online.com\/de\/regular-bonuses\/","title":{"rendered":"Regelm\u00e4\u00dfige Boni"},"content":{"rendered":"<p><img loading=\"lazy\" decoding=\"async\" class=\"aligncenter wp-image-3899\" src=\"https:\/\/rocketplay-online.com\/wp-content\/uploads\/2024\/01\/croupier-girl-poker-table-poker-room-poker-game-casino-texas-hold-em-online-game-card-games-modern-design-magazine-style.jpg\" alt=\"Regular bonuses\" width=\"800\" height=\"534\" srcset=\"https:\/\/rocketplay-online.com\/wp-content\/uploads\/2024\/01\/croupier-girl-poker-table-poker-room-poker-game-casino-texas-hold-em-online-game-card-games-modern-design-magazine-style.jpg 1000w, https:\/\/rocketplay-online.com\/wp-content\/uploads\/2024\/01\/croupier-girl-poker-table-poker-room-poker-game-casino-texas-hold-em-online-game-card-games-modern-design-magazine-style-300x200.jpg 300w, https:\/\/rocketplay-online.com\/wp-content\/uploads\/2024\/01\/croupier-girl-poker-table-poker-room-poker-game-casino-texas-hold-em-online-game-card-games-modern-design-magazine-style-768x512.jpg 768w\" sizes=\"auto, (max-width: 800px) 100vw, 800px\" \/><\/p>\n<p>Einige der besten Angebote f\u00fcr Kunden werden in dieser besonderen Spieleinrichtung pr\u00e4sentiert. Hier k\u00f6nnen Sie nicht nur auf einen profitablen ersten <a href=\"https:\/\/rocketplay-online.com\/de\/\">Rocket Play Kasino<\/a>-Bonus z\u00e4hlen, sondern auch auf eine unglaubliche Unterst\u00fctzung durch die Institution w\u00e4hrend des gesamten Zeitraums.<\/p>\n<p>Seien Sie ein aktiver Nutzer, zahlen Sie regelm\u00e4\u00dfig auf Ihr Spielkonto ein, und Sie werden zufrieden sein. Der Rocket Play Casino-Bonus Australien \u00fcberzeugt jeden Tag Tausende von Kunden davon. Treten Sie dem Team der Besten bei und erhalten Sie nicht nur interessante Spielangebote, sondern auch eine unglaubliche finanzielle Unterst\u00fctzung.<\/p>\n<div class=\"go-btn-container\"><div class=\"tosh-btn\"><a href=\"\/go-casino\/\" target=\"_blank\">BONUS ERHALTEN<\/a><\/div><\/div>\n<h2>Rocket play regelm\u00e4\u00dfige Boni \u00dcberpr\u00fcfung<\/h2>\n<p>Wenn wir kurz \u00fcber das Bonussystem dieses Instituts sprechen, kann es auf der h\u00f6chsten Stufe bewertet werden. Tatsache ist, dass die unglaublichen M\u00f6glichkeiten, die hier pr\u00e4sentiert werden, allen Kunden zur Verf\u00fcgung stehen.<\/p>\n<p>Die wichtigsten Voraussetzungen f\u00fcr die Berechnung der Geschenke sind:<\/p>\n<ul>\n<li style=\"font-weight: 400;\" aria-level=\"1\">Offizielle Registrierung auf dem Portal;<\/li>\n<li style=\"font-weight: 400;\" aria-level=\"1\">Regelm\u00e4\u00dfige Einlageninvestitionen.<\/li>\n<\/ul>\n<p>Daran ist jedoch nichts Au\u00dfergew\u00f6hnliches. Schlie\u00dflich ist dies ein normaler Vorgang f\u00fcr jeden Gl\u00fccksspieler. Um Zugang zu den Geldwetten zu erhalten, brauchen Sie ein eigenes Konto (das Sie bei der Registrierung erhalten).<\/p>\n<p>Und um diese Wetten um Geld abschlie\u00dfen zu k\u00f6nnen, brauchen Sie ein echtes Guthaben. Auf die eine oder andere Weise m\u00fcssen Sie also diese Bedingungen erf\u00fcllen. Der einzige Unterschied ist die Dividende, die Sie daf\u00fcr bekommen. Und hier bekommen Sie sogar viel mehr, als Sie von \u00e4hnlichen Einrichtungen erwarten k\u00f6nnen.<\/p>\n\n\t<div class=\"alao-sidebar-box alao-sidebar-box--\">\n\t\t<a href=\"https:\/\/rocketplay-online.com\/go-casino\/\" class=\"alao-sidebar-box__link\">\n\t\t\t<span class=\"alao-sidebar-box__thumb\">\n\t\t\t\t<img decoding=\"async\" src=\"https:\/\/rocketplay-online.com\/wp-content\/uploads\/2022\/09\/second_bonus_nonlog.png\" alt=\"Ersteinzahlungsbonus\">\n\t\t\t<\/span>\n\t\t\t<span class=\"alao-sidebar-box__info\">\n\t\t\t\t<span class=\"alao-sidebar-box__info-wrap\">\n\t\t\t\t\t<span class=\"alao-sidebar-box__head\">Ersteinzahlungsbonus<\/span>\n\t\t\t\t\t<span class=\"alao-sidebar-box__desc\">100% + 100 FS F\u00dcR EINEN PERFEKTEN START<\/span>\n\t\t\t\t\t<span class=\"alao-sidebar-box__button\">Holen Sie Sich Jetzt<\/span>\n\t\t\t\t<\/span>\n\t\t\t<\/span>\n\t\t<\/a>\n\t<\/div>\n\n\t<style>\n\t\t.alao-sidebar-box {\n\t\t\tdisplay: block;\n\t\t\twidth: 100%;\n\t\t\tmargin-bottom: 24px;\n\t\t\toverflow: hidden;\n\t\t\tposition: relative;\n\t\t\tbackground: linear-gradient(270deg, rgb(140, 81, 255) 0%, rgb(140, 81, 255) calc(50% - 1500px), rgb(113, 45, 244) calc(50% - 750px), rgb(46, 15, 109) calc(50% + 750px), rgb(38, 7, 100) calc(50% + 1500px), rgb(38, 7, 100) 100%);\n\t\t\t-webkit-border-radius: 16px;\n\t\t\t-moz-border-radius: 16px;\n\t\t\tborder-radius: 16px;\n\t\t}\n\t\t.alao-sidebar-box--rose {\n\t\t\tbackground: linear-gradient(270deg, rgb(255, 62, 155) 0%, rgb(255, 62, 155) calc(50% - 1500px), rgb(253, 28, 136) calc(50% - 750px), rgb(91, 15, 108) calc(50% + 750px), rgb(60, 3, 73) calc(50% + 1500px), rgb(60, 3, 73) 100%);\n\t\t}\n\t\t.alao-sidebar-box--light-blue {\n\t\t\tbackground: linear-gradient(270deg, rgb(107, 250, 255) 0%, rgb(107, 250, 255) calc(50% - 1500px), rgb(33, 247, 252) calc(50% - 750px), rgb(25, 19, 183) calc(50% + 750px), rgb(16, 5, 146) calc(50% + 1500px), rgb(16, 5, 146) 100%);\n\t\t}\n\t\t.alao-sidebar-box__link {\n\t\t\tdisplay: block;\n\t\t\twidth: 100%;\n\t\t\theight: auto;\n\t\t\tpadding-top: 56px;\n\t\t\tpadding-bottom: 64px;\n\t\t\tposition: relative;\n\t\t\ttext-decoration: none;\n\t\t}\n\t\t.alao-sidebar-box__thumb {\n\t\t\tposition: absolute;\n\t\t\ttop: 0;\n\t\t\tleft: 0;\n\t\t\twidth: 100%;\n\t\t\theight: 100%;\n\t\t\toverflow: hidden;\n\t\t\tz-index: 5;\n\t\t}\n\t\t.alao-sidebar-box__thumb img {\n\t\t\tposition: absolute;\n\t\t\tbottom: -10%;\n\t\t\tright: -20%;\n\t\t\tdisplay: block;\n\t\t\tmax-width: 120%;\n\t\t\tmax-height: 100%;\n\t\t\ttransition: all .3s ease;\n\t\t}\n\t\t.alao-sidebar-box__link:hover .alao-sidebar-box__thumb img {\n\t\t\tbottom: 0;\n\t\t\tright: 0;\n\t\t}\n\t\t.alao-sidebar-box__info {\n\t\t\tdisplay: block;\n\t\t\twidth: 100%;\n\t\t\tz-index: 10;\n\t\t}\n\t\t.alao-sidebar-box__info-wrap {\n\t\t\tdisplay: flex;\n\t\t\tflex-wrap: wrap;\n\t\t\tflex-direction: column;\n\t\t\tjustify-content: center;\n\t\t\talign-items: flex-start;\n\t\t\twidth: 100%;\n\t\t\tmin-height: 100%;\n\t\t\tpadding: 24px;\n\t\t}\n\t\t.alao-sidebar-box__head {\n\t\t\tdisplay: block;\n\t\t\twidth: 100%;\n\t\t\tmargin-bottom: 0.2rem;\n\t\t\ttext-shadow: 1px 1px 4px rgba(0, 0, 0, .4);\n\t\t\tcolor: #fff;\n\t\t\tfont-size: 1rem;\n\t\t\tfont-weight: bold;\n\t\t\tline-height: 125%;\n\t\t}\n\t\t.alao-sidebar-box__desc {\n\t\t\tdisplay: block;\n\t\t\twidth: 100%;\n\t\t\tmargin-bottom: 8px;\n\t\t\ttext-shadow: 1px 1px 2px rgba(0, 0, 0, .6);\n\t\t\tcolor: #fdd835;\n\t\t\tfont-size: 1.4rem;\n\t\t\tfont-weight: bold;\n\t\t\tline-height: 110%;\n\t\t\ttext-transform: uppercase;\n\t\t}\n\t\t.alao-sidebar-box__button {\n\t\t\tdisplay: inline-block;\n\t\t\tbackground: linear-gradient(90deg,#ffa000,#ffff7b);\n\t\t\tpadding: 8px 12px;\n\t\t\tborder-radius: 16px;\n\t\t\tcolor: #000;\n\t\t\tfont-size: .75rem;\n\t\t\tfont-weight: bold;\n\t\t\tline-height: 135%;\n\t\t\ttext-transform: uppercase;\n\t\t}\n\t<\/style>\n\n\t\n<h2>ARTEN VON REGELM\u00c4SSIGEN BONI<\/h2>\n<p>Die Organisation bietet ihren Kunden mehrere Arten von Boni an:<\/p>\n<ul>\n<li style=\"font-weight: 400;\" aria-level=\"1\">Geschenkspins f\u00fcr die \u00dcberladung an Freitagen;<\/li>\n<li style=\"font-weight: 400;\" aria-level=\"1\">Rocket Play Promo-Codes;<\/li>\n<li style=\"font-weight: 400;\" aria-level=\"1\">Zus\u00e4tzliche 50% auf das Konto an Sonntagen.<\/li>\n<\/ul>\n<p>Nat\u00fcrlich sind diese Angebote f\u00fcr erfahrene Gl\u00fccksspieler nicht neu. Allerdings kann man nicht \u00fcberall alle diese Arten auf einmal antreffen. Au\u00dferdem sollten Sie nicht vergessen, dass das Institut ein <a href=\"https:\/\/rocketplay-online.com\/de\/loyalty-program\/\">Treueprogramm<\/a> hat, das in gewisser Weise auch auf regelm\u00e4\u00dfige Boni angerechnet werden kann.<\/p>\n<p>Geben Sie nicht \u00fcberm\u00e4\u00dfig viel Geld und Zeit aus, um Ihres zu bekommen. Werden Sie einer der treuesten Kunden der Einrichtung und verfolgen Sie alle Angebote.<\/p>\n<div class=\"go-btn-container\"><div class=\"tosh-btn\"><a href=\"\/go-casino\/\" target=\"_blank\">BONUS ERHALTEN<\/a><\/div><\/div>\n<h2>Casino-Bonus Bedingungen &amp; Konditionen<\/h2>\n<p>Obwohl das Organ das Verfahren f\u00fcr den Erhalt von Pr\u00e4mien und Boni so weit wie m\u00f6glich vereinfacht hat, gibt es nach wie vor bestimmte Bedingungen f\u00fcr deren Anfall. Sie sind nicht kompliziert und erfordern nichts Ungew\u00f6hnliches von Ihnen. Lesen Sie weiter unten mehr dar\u00fcber.<\/p>\n<table>\n<tbody>\n<tr>\n<td><span style=\"font-weight: 400;\">Bonus<\/span><\/td>\n<td>Bedingungen<\/td>\n<\/tr>\n<tr>\n<td>Freitag Reload<\/td>\n<td>Freitags, nachdem Sie Ihr Spielkonto um mindestens den Mindestbetrag (20 EUR) aufgef\u00fcllt haben, erhalten Sie Rocket Play Freispiele. Ihre Anzahl h\u00e4ngt von der H\u00f6he der Einzahlung ab (20, 50 oder 100).<\/td>\n<\/tr>\n<tr>\n<td>Sonntagsangebot<\/td>\n<td>An Sonntagen, nachdem das Spielkonto um mindestens den Mindestbetrag (20 EUR) aufgef\u00fcllt wurde, erhalten Sie zus\u00e4tzlich 50 % des eingezahlten Betrags.<\/td>\n<\/tr>\n<tr>\n<td>Rocket Play Bonus Codes (Promo)<\/td>\n<td><span style=\"font-weight: 400;\">Laden Sie Ihr Konto mit einem Betrag von 350 Euro auf, geben Sie an der Kasse den speziellen Promo-Code HIGHROLLER ein und erhalten Sie zus\u00e4tzlich 50% des eingezahlten Geldes.<\/span><\/td>\n<\/tr>\n<\/tbody>\n<\/table>\n<p>Wie Sie bereits verstanden haben, sind die Bedingungen so einfach wie m\u00f6glich, und die Boni so angenehm wie m\u00f6glich. Sie f\u00fcllen die Spielbank bereits regelm\u00e4\u00dfig mit Ihrem eigenen Geld auf. Machen Sie es richtig und p\u00fcnktlich und genie\u00dfen Sie die zus\u00e4tzlichen Funktionen. Auf diese Weise r\u00fcckt Ihr Sieg immer n\u00e4her.<\/p>\n<h2><span style=\"font-weight: 400;\">HGF<\/span><\/h2>\n<h2>WAS SIND DIE REGELM\u00c4SSIGEN BONI?<\/h2>\n<p>Es gibt w\u00f6chentliche Boni f\u00fcr Kunden des Portals &#8211; mittwochs gibt es Boni f\u00fcr das Aufladen, sonntags k\u00f6nnen Sie zus\u00e4tzlich 50% der Einzahlung erhalten. Sie k\u00f6nnen auch einen speziellen Promo-Code verwenden und zus\u00e4tzliche 50% auf Ihr Konto erhalten.<\/p>\n<h2>KANN EIN SPIELER ALLE BONI AUF EINMAL BEKOMMEN?<\/h2>\n<p>Ja. Jeder Kunde kann absolut alle Arten von Boni erhalten. Sie sind absolut unterschiedlich, werden an verschiedenen Tagen und unter verschiedenen Bedingungen berechnet.<\/p>\n<h2>WAS BRAUCHEN SIE, UM BONI ZU ERHALTEN?<\/h2>\n<p>Um Boni zu erhalten, m\u00fcssen Sie: ein offiziell registrierter Kunde des Portals sein und regelm\u00e4\u00dfig Ihr eigenes echtes Geld auf das Spielkonto einzahlen.<\/p>\n","protected":false},"excerpt":{"rendered":"<p>Einige der besten Angebote f\u00fcr Kunden werden in dieser besonderen Spieleinrichtung pr\u00e4sentiert. Hier k\u00f6nnen Sie nicht nur auf einen profitablen ersten Rocket Play Kasino-Bonus z\u00e4hlen, sondern auch auf eine unglaubliche Unterst\u00fctzung durch die Institution w\u00e4hrend des gesamten Zeitraums. Seien Sie ein aktiver Nutzer, zahlen Sie regelm\u00e4\u00dfig auf Ihr Spielkonto ein, und Sie werden zufrieden sein&#8230;.<\/p>\n","protected":false},"author":1,"featured_media":0,"parent":0,"menu_order":0,"comment_status":"closed","ping_status":"closed","template":"","meta":{"_acf_changed":false,"_kad_post_transparent":"default","_kad_post_title":"default","_kad_post_layout":"default","_kad_post_sidebar_id":"","_kad_post_content_style":"default","_kad_post_vertical_padding":"default","_kad_post_feature":"","_kad_post_feature_position":"","_kad_post_header":false,"_kad_post_footer":false,"footnotes":""},"class_list":["post-1510","page","type-page","status-publish","hentry"],"acf":[],"rttpg_featured_image_url":null,"rttpg_author":{"display_name":"Oliver","author_link":"https:\/\/rocketplay-online.com\/de\/author\/pemvas95n89x\/"},"rttpg_comment":0,"rttpg_category":null,"rttpg_excerpt":"Einige der besten Angebote f\u00fcr Kunden werden in dieser besonderen Spieleinrichtung pr\u00e4sentiert. Hier k\u00f6nnen Sie nicht nur auf einen profitablen ersten Rocket Play Kasino-Bonus z\u00e4hlen, sondern auch auf eine unglaubliche Unterst\u00fctzung durch die Institution w\u00e4hrend des gesamten Zeitraums. Seien Sie ein aktiver Nutzer, zahlen Sie regelm\u00e4\u00dfig auf Ihr Spielkonto ein, und Sie werden zufrieden sein....","_links":{"self":[{"href":"https:\/\/rocketplay-online.com\/de\/wp-json\/wp\/v2\/pages\/1510","targetHints":{"allow":["GET"]}}],"collection":[{"href":"https:\/\/rocketplay-online.com\/de\/wp-json\/wp\/v2\/pages"}],"about":[{"href":"https:\/\/rocketplay-online.com\/de\/wp-json\/wp\/v2\/types\/page"}],"author":[{"embeddable":true,"href":"https:\/\/rocketplay-online.com\/de\/wp-json\/wp\/v2\/users\/1"}],"replies":[{"embeddable":true,"href":"https:\/\/rocketplay-online.com\/de\/wp-json\/wp\/v2\/comments?post=1510"}],"version-history":[{"count":6,"href":"https:\/\/rocketplay-online.com\/de\/wp-json\/wp\/v2\/pages\/1510\/revisions"}],"predecessor-version":[{"id":6757,"href":"https:\/\/rocketplay-online.com\/de\/wp-json\/wp\/v2\/pages\/1510\/revisions\/6757"}],"wp:attachment":[{"href":"https:\/\/rocketplay-online.com\/de\/wp-json\/wp\/v2\/media?parent=1510"}],"curies":[{"name":"wp","href":"https:\/\/api.w.org\/{rel}","templated":true}]}}