{"id":1504,"date":"2022-08-11T16:23:35","date_gmt":"2022-08-11T13:23:35","guid":{"rendered":"https:\/\/rocketplay-online.com\/app\/"},"modified":"2025-04-03T10:10:17","modified_gmt":"2025-04-03T07:10:17","slug":"app","status":"publish","type":"page","link":"https:\/\/rocketplay-online.com\/de\/app\/","title":{"rendered":"Rocket Play Kasino-App"},"content":{"rendered":"<p><img loading=\"lazy\" decoding=\"async\" class=\"aligncenter wp-image-253\" src=\"https:\/\/rocketplay-online.com\/wp-content\/uploads\/2022\/08\/welcome_1300x640.png\" alt=\"rocket play\" width=\"955\" height=\"470\" srcset=\"https:\/\/rocketplay-online.com\/wp-content\/uploads\/2022\/08\/welcome_1300x640.png 1300w, https:\/\/rocketplay-online.com\/wp-content\/uploads\/2022\/08\/welcome_1300x640-300x148.png 300w, https:\/\/rocketplay-online.com\/wp-content\/uploads\/2022\/08\/welcome_1300x640-1024x504.png 1024w, https:\/\/rocketplay-online.com\/wp-content\/uploads\/2022\/08\/welcome_1300x640-768x378.png 768w\" sizes=\"auto, (max-width: 955px) 100vw, 955px\" \/><\/p>\n<p>Jeden Tag entscheiden sich mehr und mehr Menschen daf\u00fcr, im Internet Spiele zu spielen. Wenn Sie Gl\u00fccksspiel-Unterhaltung m\u00f6gen, k\u00f6nnen Sie die <a href=\"https:\/\/rocketplay-online.com\/de\/\">RocketPlay<\/a> Casino-App installieren. Die Vorteile von Online-Casinos gegen\u00fcber traditionellen Gl\u00fccksspieleinrichtungen sind offensichtlich:<\/p>\n<ul>\n<li style=\"font-weight: 400;\" aria-level=\"1\"><span style=\"font-family: var(--global-body-font-family);\">breite Verf\u00fcgbarkeit;<br \/>\n<\/span><\/li>\n<li style=\"font-weight: 400;\" aria-level=\"1\"><span style=\"font-family: var(--global-body-font-family);\">in den meisten digitalen Casinos k\u00f6nnen Sie mit kleinen Eins\u00e4tzen spielen;<br \/>\n<\/span><\/li>\n<li style=\"font-weight: 400;\" aria-level=\"1\"><span style=\"font-family: var(--global-body-font-family);\">es gibt keine Wochenenden und Feiertage im Internet, es ist nicht von Schlie\u00dfungen betroffen.<\/span><\/li>\n<\/ul>\n<p>Angesichts der enormen Attraktivit\u00e4t eines solchen Gesch\u00e4fts versuchen Online-Casinos, Spieler mit Treueprogrammen, die nach Bonusbedingungen organisiert sind, anzulocken. Immer mehr Nutzer ziehen es vor, von mobilen Ger\u00e4ten aus zu spielen, da dies bequemer ist und keine Verbindung zu einem PC erfordert. Sie k\u00f6nnen von Ihrem Telefon \u00fcberall und jederzeit spielen, <a href=\"https:\/\/rocketplay-online.com\/download\/\">laden<\/a> Sie einfach die RocketPlay Casino App auf Ihr Smartphone herunter, oder nutzen Sie die mobile <a href=\"https:\/\/rocketplay-online.com\/de\/mobile-version\/\">Version der Website<\/a>.<\/p>\n<p>Unter Ber\u00fccksichtigung der W\u00fcnsche seiner Kunden hat der Gl\u00fccksspielclub eine spezielle mobile Software entwickelt, die das Spiel vom Telefon aus noch bequemer macht. Die RocketPlay Casino Mobile App kann auf Ger\u00e4te mit verschiedenen Betriebssystemen heruntergeladen werden, sowohl auf Smartphones oder Tablets mit Android OS, als auch f\u00fcr Ger\u00e4te mit iOS.<\/p>\n<h2>CASINO ROCKET PLAY APP SPIELE<\/h2>\n<p>Das Angebot an Spielautomaten ist sehr wichtig. Es lohnt sich, auf solche Dinge zu achten: gibt es Hinweise auf Software-Anbieter. Unehrliche Online-Casinos k\u00f6nnen nur die grafische H\u00fclle von offiziellen Entwicklern verwenden, aber die R\u00fccklaufquote wird in diesem Fall nicht die Antwort sein. Spiele m\u00fcssen mit den Design-Standards von Slots in ihrer Klasse entsprechen, nicht auf Anrufe h\u00e4ngen. Die besten Gl\u00fccksspieleinrichtungen immer sorgf\u00e4ltig \u00fcberwachen die Qualit\u00e4t der Spielautomaten.<\/p>\n<p>Roulettes &#8211; sie haben auch einige Anforderungen. Sie m\u00fcssen zum offiziellen Softwareanbieter geh\u00f6ren und den Standards der Softwareanpassung entsprechen. Tisch- und Kartenspiele &#8211; Baccarat, Blackjack, Poker m\u00fcssen nach den Regeln gespielt werden. Virtuelle Casinos f\u00fcr Geld, die solche Unterhaltung praktizieren, m\u00fcssen ihre Implementierung auf der Ebene der Software-Algorithmen kontrollieren.<\/p>\n<p>Installieren Sie die Live-Casino-App RocketPlay. Live-Casino-Spiele mit Live-Dealern sind sehr unterhaltsam und interessant. Nur die seri\u00f6sesten Einrichtungen k\u00f6nnen ein solches Online-Spiel anbieten, da seine Organisation erhebliche Ressourcen erfordert.<\/p>\n<div class=\"go-btn-container\"><div class=\"tosh-btn\"><a href=\"\/go-casino\/\" target=\"_blank\" rel=\"noopener\">JETZT SPIELEN<\/a><\/div><\/div>\n<h2>ZAHLUNGEN, BONUS UND PROMOTIONEN<\/h2>\n<p>In Bezug auf die Spiele in der Echtgeld-Casino-App RocketPlay. Ein weiterer Indikator f\u00fcr die Zuverl\u00e4ssigkeit eines Casinos f\u00fcr echtes Geld ist das Vorhandensein eines Bonusprogramms. Startboni und Promotionen f\u00fcr Stammspieler sollten sorgf\u00e4ltig abgewickelt werden, und das Akkumulationssystem sollte transparent und verst\u00e4ndlich sein. Um die Gewinne verwalten zu k\u00f6nnen, muss der Spieler sie leicht und ohne Probleme vom Spielkonto auf eine Karte oder ein elektronisches Konto abheben k\u00f6nnen.<\/p>\n<p>Es ist auch wichtig, die Geschwindigkeit der Geldabhebung zu bewerten. Die Standardfristen reichen oft von 3 Stunden bis zu 5 Banktagen. Bei gr\u00f6\u00dferen Betr\u00e4gen kann es l\u00e4nger dauern, bis zu 30 Tage. In der Regel legen die Casinos t\u00e4gliche, w\u00f6chentliche und monatliche Abhebungslimits fest. Deren H\u00f6he ist im Abschnitt &#8222;Allgemeine Gesch\u00e4ftsbedingungen&#8220; auf der Website angegeben. Abhebung h\u00e4ngt von der Einzahlungsmethode ab<\/p>\n<p>Ein mobiles Casino f\u00fcr echtes Geld sollte sorgf\u00e4ltig ausgew\u00e4hlt werden, wobei nicht nur auf die Verf\u00fcgbarkeit von Programmen geachtet werden sollte. Das Hauptkriterium ist der Grad der Zuverl\u00e4ssigkeit der Gl\u00fccksspieleinrichtung, denn es ist wichtig, dass die Gewinne zu jeder beliebigen Zeit abgehoben werden k\u00f6nnen.<\/p>\n<p><img loading=\"lazy\" decoding=\"async\" class=\"size-full wp-image-252 alignright\" src=\"https:\/\/rocketplay-online.com\/wp-content\/uploads\/2022\/08\/rocket-play-casino.png\" alt=\"rocket play app\" width=\"323\" height=\"664\" srcset=\"https:\/\/rocketplay-online.com\/wp-content\/uploads\/2022\/08\/rocket-play-casino.png 323w, https:\/\/rocketplay-online.com\/wp-content\/uploads\/2022\/08\/rocket-play-casino-146x300.png 146w\" sizes=\"auto, (max-width: 323px) 100vw, 323px\" \/><\/p>\n<h2>Fazit zur RocketPlay Kasino App<\/h2>\n<p>Rocketplay erf\u00fcllt die wichtigsten Standards. Sie sollten auf die folgenden Faktoren achten:<\/p>\n<ul>\n<li style=\"font-weight: 400;\" aria-level=\"1\">Eine Lizenz zu haben. Nur lizenzierte Einrichtungen bieten zuverl\u00e4ssige Spielbedingungen. Sie arbeiten mit zertifizierten Spielanbietern zusammen, um den Return on Investment (RTP) auf dem h\u00f6chstm\u00f6glichen Niveau zu halten. Au\u00dferdem werden bei lizenzierten Diensten die Gewinne immer ausgezahlt.<\/li>\n<li style=\"font-weight: 400;\" aria-level=\"1\">Einfaches Einzahlen und Abheben von Geldern. Es ist wichtig, dass das Casino Zahlungen mit den vom Kunden verwendeten Zahlungssystemen akzeptiert. Wenn das nicht der Fall ist, wird die Auszahlung der Gewinne zumindest umst\u00e4ndlich sein.<\/li>\n<li style=\"font-weight: 400;\" aria-level=\"1\">Spielangebot. Das mobile Casino hat eine gro\u00dfe Auswahl an Spielen. Die Anwendung enth\u00e4lt eine Vielzahl verschiedener Gl\u00fccksspiele. Je mehr Casinospiele es gibt, desto einfacher ist es f\u00fcr den Benutzer, die profitabelsten Spielautomaten oder andere Gl\u00fccksspielunterhaltung zu w\u00e4hlen. Neben den Spielautomaten werden auch Roulette und Kartenspiele angeboten.<\/li>\n<li style=\"font-weight: 400;\" aria-level=\"1\">Verf\u00fcgbarkeit von Bereichen mit LIVE-Dealern. Spiele mit echten Croupiers zeichnen sich durch eine extrem hohe Rendite und eine aufregende Atmosph\u00e4re aus. Die Croupiers erm\u00f6glichen es Ihnen, sich wie ein Besucher in einem echten Spielclub zu f\u00fchlen.<\/li>\n<li style=\"font-weight: 400;\" aria-level=\"1\">Bonusangebote. Mobile Online Casino nutzt aktiv Programme, um neue Kunden zu gewinnen. Boni erm\u00f6glichen es Spielern, zus\u00e4tzlichen Gewinn aus Wetten zu verdienen.<\/li>\n<li style=\"font-weight: 400;\" aria-level=\"1\">Geschwindigkeit der Auszahlung. Es ist wichtig, dass das Institut keine Geb\u00fchren f\u00fcr die Abhebung von Geldern und die Wiederauff\u00fcllung des Spielguthabens erhebt und Gewinne in einer objektiv kurzen Zeit auszahlt.<\/li>\n<li style=\"font-weight: 400;\" aria-level=\"1\">Funktionalit\u00e4t. Eine wichtige Rolle und eine Reihe von Funktionen in der Anwendung zur Verf\u00fcgung gestellt. Es ist notwendig, dass der Benutzer die M\u00f6glichkeit hat, Gewinne jederzeit vom Casino abzuheben, auch \u00fcber das Programm, wenn die Situation keinen Zugang zur Website des Clubs erlaubt. Es ist auch wichtig, dass mehr Spiele \u00fcber die mobile Funktionalit\u00e4t der Plattform verf\u00fcgbar sind.<\/li>\n<\/ul>\n<p>Rocket Casino bietet einen hochwertigen technischen Support, Werbeaktionen und zus\u00e4tzliche Verlosungen. Denn je funktionaler die Gl\u00fccksspieleinrichtung ist, desto mehr Freude macht das Spielen.<\/p>\n","protected":false},"excerpt":{"rendered":"<p>Jeden Tag entscheiden sich mehr und mehr Menschen daf\u00fcr, im Internet Spiele zu spielen. Wenn Sie Gl\u00fccksspiel-Unterhaltung m\u00f6gen, k\u00f6nnen Sie die RocketPlay Casino-App installieren. Die Vorteile von Online-Casinos gegen\u00fcber traditionellen Gl\u00fccksspieleinrichtungen sind offensichtlich: breite Verf\u00fcgbarkeit; in den meisten digitalen Casinos k\u00f6nnen Sie mit kleinen Eins\u00e4tzen spielen; es gibt keine Wochenenden und Feiertage im Internet, es&#8230;<\/p>\n","protected":false},"author":1,"featured_media":0,"parent":0,"menu_order":0,"comment_status":"closed","ping_status":"closed","template":"","meta":{"_acf_changed":false,"_kad_post_transparent":"default","_kad_post_title":"default","_kad_post_layout":"default","_kad_post_sidebar_id":"","_kad_post_content_style":"default","_kad_post_vertical_padding":"default","_kad_post_feature":"","_kad_post_feature_position":"","_kad_post_header":false,"_kad_post_footer":false,"footnotes":""},"class_list":["post-1504","page","type-page","status-publish","hentry"],"acf":[],"rttpg_featured_image_url":null,"rttpg_author":{"display_name":"Oliver","author_link":"https:\/\/rocketplay-online.com\/de\/author\/pemvas95n89x\/"},"rttpg_comment":0,"rttpg_category":null,"rttpg_excerpt":"Jeden Tag entscheiden sich mehr und mehr Menschen daf\u00fcr, im Internet Spiele zu spielen. Wenn Sie Gl\u00fccksspiel-Unterhaltung m\u00f6gen, k\u00f6nnen Sie die RocketPlay Casino-App installieren. Die Vorteile von Online-Casinos gegen\u00fcber traditionellen Gl\u00fccksspieleinrichtungen sind offensichtlich: breite Verf\u00fcgbarkeit; in den meisten digitalen Casinos k\u00f6nnen Sie mit kleinen Eins\u00e4tzen spielen; es gibt keine Wochenenden und Feiertage im Internet, es...","_links":{"self":[{"href":"https:\/\/rocketplay-online.com\/de\/wp-json\/wp\/v2\/pages\/1504","targetHints":{"allow":["GET"]}}],"collection":[{"href":"https:\/\/rocketplay-online.com\/de\/wp-json\/wp\/v2\/pages"}],"about":[{"href":"https:\/\/rocketplay-online.com\/de\/wp-json\/wp\/v2\/types\/page"}],"author":[{"embeddable":true,"href":"https:\/\/rocketplay-online.com\/de\/wp-json\/wp\/v2\/users\/1"}],"replies":[{"embeddable":true,"href":"https:\/\/rocketplay-online.com\/de\/wp-json\/wp\/v2\/comments?post=1504"}],"version-history":[{"count":4,"href":"https:\/\/rocketplay-online.com\/de\/wp-json\/wp\/v2\/pages\/1504\/revisions"}],"predecessor-version":[{"id":6766,"href":"https:\/\/rocketplay-online.com\/de\/wp-json\/wp\/v2\/pages\/1504\/revisions\/6766"}],"wp:attachment":[{"href":"https:\/\/rocketplay-online.com\/de\/wp-json\/wp\/v2\/media?parent=1504"}],"curies":[{"name":"wp","href":"https:\/\/api.w.org\/{rel}","templated":true}]}}