{"id":1500,"date":"2022-08-11T16:09:26","date_gmt":"2022-08-11T13:09:26","guid":{"rendered":"https:\/\/rocketplay-online.com\/no-deposit-bonus\/"},"modified":"2025-04-03T09:17:16","modified_gmt":"2025-04-03T06:17:16","slug":"no-deposit-bonus","status":"publish","type":"page","link":"https:\/\/rocketplay-online.com\/de\/no-deposit-bonus\/","title":{"rendered":"Bonus ohne Einzahlungs\u00fcberpr\u00fcfung"},"content":{"rendered":"<p>Der Reiz von Boni ohne Einzahlung zieht neue und erfahrene Casinospieler gleicherma\u00dfen in seinen Bann. Sie wurden entwickelt, um Spielern eine risikofreie M\u00f6glichkeit zu bieten, Spiele auszuprobieren und m\u00f6glicherweise echtes Geld zu gewinnen. Sie sind eine fantastische M\u00f6glichkeit, Online-Casinos kennenzulernen, ohne anf\u00e4ngliche finanzielle Verpflichtungen einzugehen. Diese Art von Bonus erfreut sich auf verschiedenen Plattformen zunehmender Beliebtheit, wobei jedes Casino bestrebt ist, einzigartige neue Bonuscodes ohne Einzahlung anzubieten, um Spieler anzulocken. Egal, ob Sie nach Freispielen, Gratiswetten oder anderen Boni suchen, diese Aktionen bieten einen hervorragenden Einstieg in die Welt des Online-Gl\u00fccksspiels.<\/p>\n<p>Wenn Spieler verstehen, wie diese Boni funktionieren, einschlie\u00dflich ihrer Bedingungen, Einschr\u00e4nkungen und Aktivierungsschritte, k\u00f6nnen sie diese Angebote optimal nutzen. In diesem Leitfaden erfahren Sie alles, was Sie \u00fcber Casino-Optionen mit Bonus ohne Einzahlung wissen m\u00fcssen, einschlie\u00dflich der verschiedenen verf\u00fcgbaren Arten sowie der Vor- und Nachteile.<\/p>\n<div class=\"go-btn-container\"><div class=\"tosh-btn\"><a href=\"\/go-casino\/\" target=\"_blank\">BONUS ERHALTEN<\/a><\/div><\/div>\n<h2>Beschreibung des Bonus ohne Einzahlung<\/h2>\n<p>Ein Bonus ohne Einzahlung ist ein Werbeangebot von Online-Casinos f\u00fcr neue Spieler, das es ihnen erm\u00f6glicht, ohne Einzahlung zu spielen. Dieser Bonus wird normalerweise bei der Registrierung oder durch Eingabe von Bonuscodes ohne Einzahlung gew\u00e4hrt und gibt den Spielern einen kleinen Geldbetrag oder Freispiele zum Spielen. Casinos nutzen diese Boni oft als Marketingstrategie, um neue Spieler anzulocken, indem sie ihnen die M\u00f6glichkeit geben, Spiele ohne finanzielle Verpflichtung auszuprobieren und ihnen gleichzeitig die Chance zu gewinnen.<\/p>\n<p>Was ein Online-Casino ohne Einzahlungsbonus besonders attraktiv macht, ist die M\u00f6glichkeit, eine breite Palette von Spielen auszuprobieren. Von Spielautomaten bis hin zu Tischspielen k\u00f6nnen Spieler alles ausprobieren und m\u00f6glicherweise echtes Geld gewinnen, ohne etwas von ihrem eigenen Geld auszugeben. Viele Casinos bieten als Teil ihres Willkommenspakets eine kostenlose Casino-Option ohne Einzahlungsbonus an, um die Spieler bei der Stange zu halten und sie zu ermutigen, nach dem Ausprobieren der Plattform mit echtem Geld weiterzuspielen.<\/p>\n<p><img loading=\"lazy\" decoding=\"async\" class=\"aligncenter wp-image-5214 lazy-loaded\" src=\"https:\/\/rocketplay-online.com\/wp-content\/uploads\/2024\/11\/different-types-of-bitcoin-casino-no-deposit-bonuses.jpg\" sizes=\"auto, (max-width: 800px) 100vw, 800px\" srcset=\"https:\/\/rocketplay-online.com\/wp-content\/uploads\/2024\/11\/different-types-of-bitcoin-casino-no-deposit-bonuses.jpg 1170w, https:\/\/rocketplay-online.com\/wp-content\/uploads\/2024\/11\/different-types-of-bitcoin-casino-no-deposit-bonuses-300x156.jpg 300w, https:\/\/rocketplay-online.com\/wp-content\/uploads\/2024\/11\/different-types-of-bitcoin-casino-no-deposit-bonuses-1024x531.jpg 1024w, https:\/\/rocketplay-online.com\/wp-content\/uploads\/2024\/11\/different-types-of-bitcoin-casino-no-deposit-bonuses-768x398.jpg 768w\" alt=\"Bonus ohne Einzahlung Bewertung 1\" width=\"800\" height=\"415\" data-lazy-type=\"image\" data-src=\"https:\/\/rocketplay-online.com\/wp-content\/uploads\/2024\/11\/different-types-of-bitcoin-casino-no-deposit-bonuses.jpg\" data-srcset=\"\" \/><\/p>\n<h2>Arten von verschiedenen Boni ohne Einzahlung<\/h2>\n<p>Boni ohne Einzahlung gibt es in verschiedenen Formen, die jeweils auf unterschiedliche Spielerpr\u00e4ferenzen und Spielstile zugeschnitten sind. W\u00e4hrend die beliebtesten Arten Freispiele und Gratiswetten sind, bieten einige Casinos auch kleine Geldbetr\u00e4ge an, die f\u00fcr verschiedene Spiele verwendet werden k\u00f6nnen. Schauen wir uns die einzelnen Arten genauer an, um zu verstehen, was sie bieten.<\/p>\n<p>Durch die Wahl des richtigen neuen Casino-Bonus ohne Einzahlung k\u00f6nnen Spieler ihr Spielerlebnis maximieren, indem sie verschiedene Spiele ausprobieren und gleichzeitig das Angebot des Casinos erkunden. Jeder Bonustyp hat seine Vorteile und kann strategisch basierend auf den Spielvorlieben des Spielers ausgew\u00e4hlt werden, wie z. B. Spielautomaten oder Sportwetten.<\/p>\n\n\t<div class=\"alao-sidebar-box alao-sidebar-box--\">\n\t\t<a href=\"https:\/\/rocketplay-online.com\/go-casino\/\" class=\"alao-sidebar-box__link\">\n\t\t\t<span class=\"alao-sidebar-box__thumb\">\n\t\t\t\t<img decoding=\"async\" src=\"https:\/\/rocketplay-online.com\/wp-content\/uploads\/2022\/09\/second_bonus_nonlog.png\" alt=\"Bonus f\u00fcr die erste Einzahlung\">\n\t\t\t<\/span>\n\t\t\t<span class=\"alao-sidebar-box__info\">\n\t\t\t\t<span class=\"alao-sidebar-box__info-wrap\">\n\t\t\t\t\t<span class=\"alao-sidebar-box__head\">Bonus f\u00fcr die erste Einzahlung<\/span>\n\t\t\t\t\t<span class=\"alao-sidebar-box__desc\">100% + 100 FS F\u00dcR EINEN PERFEKTEN START<\/span>\n\t\t\t\t\t<span class=\"alao-sidebar-box__button\">Holen Sie Sich Jetzt<\/span>\n\t\t\t\t<\/span>\n\t\t\t<\/span>\n\t\t<\/a>\n\t<\/div>\n\n\t<style>\n\t\t.alao-sidebar-box {\n\t\t\tdisplay: block;\n\t\t\twidth: 100%;\n\t\t\tmargin-bottom: 24px;\n\t\t\toverflow: hidden;\n\t\t\tposition: relative;\n\t\t\tbackground: linear-gradient(270deg, rgb(140, 81, 255) 0%, rgb(140, 81, 255) calc(50% - 1500px), rgb(113, 45, 244) calc(50% - 750px), rgb(46, 15, 109) calc(50% + 750px), rgb(38, 7, 100) calc(50% + 1500px), rgb(38, 7, 100) 100%);\n\t\t\t-webkit-border-radius: 16px;\n\t\t\t-moz-border-radius: 16px;\n\t\t\tborder-radius: 16px;\n\t\t}\n\t\t.alao-sidebar-box--rose {\n\t\t\tbackground: linear-gradient(270deg, rgb(255, 62, 155) 0%, rgb(255, 62, 155) calc(50% - 1500px), rgb(253, 28, 136) calc(50% - 750px), rgb(91, 15, 108) calc(50% + 750px), rgb(60, 3, 73) calc(50% + 1500px), rgb(60, 3, 73) 100%);\n\t\t}\n\t\t.alao-sidebar-box--light-blue {\n\t\t\tbackground: linear-gradient(270deg, rgb(107, 250, 255) 0%, rgb(107, 250, 255) calc(50% - 1500px), rgb(33, 247, 252) calc(50% - 750px), rgb(25, 19, 183) calc(50% + 750px), rgb(16, 5, 146) calc(50% + 1500px), rgb(16, 5, 146) 100%);\n\t\t}\n\t\t.alao-sidebar-box__link {\n\t\t\tdisplay: block;\n\t\t\twidth: 100%;\n\t\t\theight: auto;\n\t\t\tpadding-top: 56px;\n\t\t\tpadding-bottom: 64px;\n\t\t\tposition: relative;\n\t\t\ttext-decoration: none;\n\t\t}\n\t\t.alao-sidebar-box__thumb {\n\t\t\tposition: absolute;\n\t\t\ttop: 0;\n\t\t\tleft: 0;\n\t\t\twidth: 100%;\n\t\t\theight: 100%;\n\t\t\toverflow: hidden;\n\t\t\tz-index: 5;\n\t\t}\n\t\t.alao-sidebar-box__thumb img {\n\t\t\tposition: absolute;\n\t\t\tbottom: -10%;\n\t\t\tright: -20%;\n\t\t\tdisplay: block;\n\t\t\tmax-width: 120%;\n\t\t\tmax-height: 100%;\n\t\t\ttransition: all .3s ease;\n\t\t}\n\t\t.alao-sidebar-box__link:hover .alao-sidebar-box__thumb img {\n\t\t\tbottom: 0;\n\t\t\tright: 0;\n\t\t}\n\t\t.alao-sidebar-box__info {\n\t\t\tdisplay: block;\n\t\t\twidth: 100%;\n\t\t\tz-index: 10;\n\t\t}\n\t\t.alao-sidebar-box__info-wrap {\n\t\t\tdisplay: flex;\n\t\t\tflex-wrap: wrap;\n\t\t\tflex-direction: column;\n\t\t\tjustify-content: center;\n\t\t\talign-items: flex-start;\n\t\t\twidth: 100%;\n\t\t\tmin-height: 100%;\n\t\t\tpadding: 24px;\n\t\t}\n\t\t.alao-sidebar-box__head {\n\t\t\tdisplay: block;\n\t\t\twidth: 100%;\n\t\t\tmargin-bottom: 0.2rem;\n\t\t\ttext-shadow: 1px 1px 4px rgba(0, 0, 0, .4);\n\t\t\tcolor: #fff;\n\t\t\tfont-size: 1rem;\n\t\t\tfont-weight: bold;\n\t\t\tline-height: 125%;\n\t\t}\n\t\t.alao-sidebar-box__desc {\n\t\t\tdisplay: block;\n\t\t\twidth: 100%;\n\t\t\tmargin-bottom: 8px;\n\t\t\ttext-shadow: 1px 1px 2px rgba(0, 0, 0, .6);\n\t\t\tcolor: #fdd835;\n\t\t\tfont-size: 1.4rem;\n\t\t\tfont-weight: bold;\n\t\t\tline-height: 110%;\n\t\t\ttext-transform: uppercase;\n\t\t}\n\t\t.alao-sidebar-box__button {\n\t\t\tdisplay: inline-block;\n\t\t\tbackground: linear-gradient(90deg,#ffa000,#ffff7b);\n\t\t\tpadding: 8px 12px;\n\t\t\tborder-radius: 16px;\n\t\t\tcolor: #000;\n\t\t\tfont-size: .75rem;\n\t\t\tfont-weight: bold;\n\t\t\tline-height: 135%;\n\t\t\ttext-transform: uppercase;\n\t\t}\n\t<\/style>\n\n\t\n<h3>Freispiele<\/h3>\n<p>Freispiele sind eine der h\u00e4ufigsten Arten von neuen Bonuscodes ohne Einzahlung. Mit diesem Bonus erhalten Spieler eine festgelegte Anzahl von Drehungen, die an bestimmten Spielautomaten verwendet werden k\u00f6nnen und die Chance bieten, zu gewinnen, ohne ihr eigenes Geld einzusetzen. Freispiele sind ideal f\u00fcr Spielautomaten-Enthusiasten, die den Nervenkitzel des Drehens der Walzen und der Jagd nach Jackpots genie\u00dfen.<\/p>\n<p>Die meisten Casinos beschr\u00e4nken Freispiele auf ausgew\u00e4hlte Slot-Spiele, sodass Spieler beliebte Titel ausprobieren k\u00f6nnen, ohne ihr Geld zu riskieren. Es ist erw\u00e4hnenswert, dass Gewinne aus Freispielen oft mit Wettanforderungen verbunden sind, was bedeutet, dass Sie Ihre Gewinne eine bestimmte Anzahl von Malen einsetzen m\u00fcssen, bevor sie abgehoben werden k\u00f6nnen. F\u00fcr diejenigen, die gerne Slots spielen, bieten kostenlose Casino-Optionen mit Bonus ohne Einzahlung und Freispielen dennoch eine aufregende Gelegenheit, echtes Geld zu gewinnen.<\/p>\n<h3>Kostenlose Wetten<\/h3>\n<p>F\u00fcr diejenigen, die sich f\u00fcr Sportwetten interessieren, sind Gratiswetten eine beliebte Art von Casino-Bonuscodes ohne Einzahlung. Mit Gratiswetten k\u00f6nnen Spieler auf ein Sportereignis wetten, ohne Geld einzahlen zu m\u00fcssen. Wenn die Wette gewinnt, kann sich der Spieler \u00fcber den Gewinn freuen; es ist jedoch \u00fcblich, dass Casinos ein Limit festlegen, wie viel mit diesen Wetten gewonnen werden kann. Diese Art von Bonus spricht Fans von Sportwetten an, die eine neue Wettplattform testen m\u00f6chten.<\/p>\n<p>Kostenlose Wetten unterliegen normalerweise \u00e4hnlichen Einschr\u00e4nkungen wie Freispiele, z. B. Wettanforderungen oder maximale Auszahlungslimits. Sie bieten jedoch ein spannendes Erlebnis f\u00fcr Sportfans, die Wetten ohne finanzielles Risiko platzieren m\u00f6chten. Durch die Nutzung neuer Casino-Bonusangebote ohne Einzahlung k\u00f6nnen Spieler verschiedene Sportm\u00e4rkte ausprobieren und Wettstrategien erkunden.<\/p>\n<h2>Wie aktiviere ich den Bonus?<\/h2>\n<p>Die Aktivierung eines Bonus ist normalerweise unkompliziert, kann aber je nach Casino leicht variieren. Normalerweise m\u00fcssen Spieler ein Konto registrieren, bestimmte Bonuscodes ohne Einzahlung eingeben oder Verifizierungsschritte abschlie\u00dfen, um den Bonus zu erhalten. In einigen F\u00e4llen wird der Bonus bei der Registrierung automatisch auf das Konto des Spielers angewendet.<\/p>\n<p>Nach der Aktivierung wird der Bonusbetrag auf dem Konto des Spielers angezeigt und kann in berechtigten Spielen verwendet werden. Lesen Sie unbedingt die Gesch\u00e4ftsbedingungen, da jedes Casino m\u00f6glicherweise eigene Anforderungen hat, z. B. bestimmte Spiele f\u00fcr Freispiele oder einen begrenzten Zeitraum f\u00fcr die Verwendung der neuen Bonuscodes ohne Einzahlung.<\/p>\n<h2>Vor- und Nachteile eines Bonus ohne Einzahlung<\/h2>\n<p>Bieten Spielern in Online-Casinos mehrere einzigartige Vorteile. Diese Boni erm\u00f6glichen es Spielern, eine Vielzahl von Spielen ohne anf\u00e4ngliches finanzielles Risiko auszuprobieren und bieten eine echte Chance, Geld zu gewinnen, was sowohl f\u00fcr neue als auch f\u00fcr erfahrene Spieler ein gro\u00dfer Anreiz sein kann. Wie bei allen Werbeaktionen sind jedoch auch Boni ohne Einzahlung mit ihren eigenen Einschr\u00e4nkungen und Herausforderungen verbunden, wie z. B. Wettanforderungen und maximale Auszahlungslimits. Das Verst\u00e4ndnis dieser Vor- und Nachteile kann Spielern helfen, fundierte Entscheidungen dar\u00fcber zu treffen, ob ein Bonus ohne Einzahlung das Richtige f\u00fcr sie ist.<\/p>\n<h3>Maximales Auszahlungslimit<\/h3>\n<p>Eine h\u00e4ufige Einschr\u00e4nkung bei Casino-Bonusangeboten ohne Einzahlung ist das maximale Auszahlungslimit. Casinos legen diese Limits fest, um sich vor erheblichen Verlusten zu sch\u00fctzen, die auftreten k\u00f6nnen, wenn ein Spieler einen gro\u00dfen Betrag durch einen Bonus gewinnt, ohne jemals eine Einzahlung get\u00e4tigt zu haben. Diese Limits variieren je nach Casino, k\u00f6nnen jedoch den Betrag erheblich beeinflussen, den Sie letztendlich von Ihren Gewinnen abheben k\u00f6nnen.<\/p>\n<ul>\n<li aria-level=\"1\">Auswirkungen auf Spieler: W\u00e4hrend maximale Auszahlungslimits in erster Linie eine Schutzma\u00dfnahme f\u00fcr Casinos sind, k\u00f6nnen sie f\u00fcr Spieler ein Nachteil sein, insbesondere wenn es ihnen gelingt, gro\u00dfe Gewinne zu erzielen. Wenn ein Spieler mehr als das festgelegte Auszahlungslimit gewinnt, verfallen die \u00fcbersch\u00fcssigen Gewinne normalerweise. Diese Richtlinie kann frustrierend sein, insbesondere wenn Sie das Limit im Voraus nicht kannten.<\/li>\n<li aria-level=\"1\">Fairplay-\u00dcberlegungen: Auch wenn das maximale Auszahlungslimit restriktiv erscheinen mag, hilft es dabei, ein faires Gleichgewicht zu wahren. Es stellt sicher, dass das Casino weiterhin solche Boni anbieten kann, indem gro\u00dfe, unerwartete Auszahlungen verhindert werden, die seine finanzielle Stabilit\u00e4t beeintr\u00e4chtigen k\u00f6nnten. Spieler, die einen Bonus ohne Einzahlung nutzen m\u00f6chten, sollten die Gesch\u00e4ftsbedingungen immer gr\u00fcndlich lesen, um die maximalen Auszahlungslimits und andere Einschr\u00e4nkungen zu verstehen.<\/li>\n<\/ul>\n<p>Das Verst\u00e4ndnis dieser Gesch\u00e4ftsbedingungen, insbesondere der Wettanforderungen und maximalen Auszahlungslimits, ist entscheidend, bevor man einen Bonus ohne Einzahlung in Anspruch nimmt. Dieses Wissen stellt sicher, dass die Spieler die Vorteile des Bonus maximieren k\u00f6nnen und sich gleichzeitig der Einschr\u00e4nkungen und potenziellen Nachteile voll bewusst sind.<\/p>\n<p><img loading=\"lazy\" decoding=\"async\" class=\"aligncenter wp-image-5222 lazy-loaded\" src=\"https:\/\/rocketplay-online.com\/wp-content\/uploads\/2024\/11\/ajniki-korzystania-z-25-zlotowego-bonusu-bez-depozytu-1.png\" sizes=\"auto, (max-width: 800px) 100vw, 800px\" srcset=\"https:\/\/rocketplay-online.com\/wp-content\/uploads\/2024\/11\/ajniki-korzystania-z-25-zlotowego-bonusu-bez-depozytu-1.png 1389w, https:\/\/rocketplay-online.com\/wp-content\/uploads\/2024\/11\/ajniki-korzystania-z-25-zlotowego-bonusu-bez-depozytu-1-300x160.png 300w, https:\/\/rocketplay-online.com\/wp-content\/uploads\/2024\/11\/ajniki-korzystania-z-25-zlotowego-bonusu-bez-depozytu-1-1024x547.png 1024w, https:\/\/rocketplay-online.com\/wp-content\/uploads\/2024\/11\/ajniki-korzystania-z-25-zlotowego-bonusu-bez-depozytu-1-768x410.png 768w\" alt=\"Bonus ohne Einzahlung \u2013 Bewertung 2\" width=\"800\" height=\"427\" data-lazy-type=\"image\" data-src=\"https:\/\/rocketplay-online.com\/wp-content\/uploads\/2024\/11\/ajniki-korzystania-z-25-zlotowego-bonusu-bez-depozytu-1.png\" data-srcset=\"\" \/><\/p>\n<h2>Schritt-f\u00fcr-Schritt-Anleitung zum Erhalt eines Bonus ohne Einzahlung<\/h2>\n<ul>\n<li aria-level=\"1\">Suchen Sie ein seri\u00f6ses Casino: Beginnen Sie mit der Suche nach einem vertrauensw\u00fcrdigen Online-Casino, das Folgendes bietet. Stellen Sie sicher, dass das Casino einen guten Ruf hat und g\u00fcnstige Bedingungen f\u00fcr seine Angebote ohne Einzahlung bietet.<\/li>\n<li aria-level=\"1\">Konto erstellen: Registrieren Sie sich beim Casino, indem Sie genaue pers\u00f6nliche Daten angeben. Die meisten Casinos verlangen eine Verifizierung. Stellen Sie daher sicher, dass die Informationen mit Ihren Ausweisdokumenten \u00fcbereinstimmen.<\/li>\n<li aria-level=\"1\">Geben Sie Bonuscodes ohne Einzahlung ein: Geben Sie bei der Registrierung oder in Ihren Kontoeinstellungen bei Bedarf Casino-Bonuscodes ohne Einzahlung ein. Dieser Schritt ist entscheidend, um den Bonus zu erhalten.<\/li>\n<li aria-level=\"1\">Best\u00e4tigen Sie Ihr Konto: Einige Casinos verlangen m\u00f6glicherweise eine Best\u00e4tigung per E-Mail oder Telefon. F\u00fchren Sie diesen Schritt durch, um sicherzustellen, dass der Bonus ohne Einzahlung im Online-Casino Ihrem Konto gutgeschrieben wird.<\/li>\n<li aria-level=\"1\">Beginnen Sie zu spielen: Sobald der Bonus aktiv ist, w\u00e4hlen Sie berechtigte Spiele aus und beginnen Sie zu spielen. Achten Sie dabei auf alle Wettanforderungen.<\/li>\n<\/ul>\n<div class=\"go-btn-container\"><div class=\"tosh-btn\"><a href=\"\/go-casino\/\" target=\"_blank\">BONUS ERHALTEN<\/a><\/div><\/div>\n<h2>H\u00e4ufig gestellte Fragen<\/h2>\n<h3>Was ist ein Bonus ohne Einzahlung?<\/h3>\n<p>Ein Bonus ohne Einzahlung ist eine Art von Casino-Aktion, bei der Spieler Spiele ausprobieren und m\u00f6glicherweise echtes Geld gewinnen k\u00f6nnen, ohne dass eine erste Einzahlung erforderlich ist. Dieser Anreiz wird normalerweise neuen Spielern als Teil eines Willkommenspakets gew\u00e4hrt, kann aber auch treuen Spielern als Belohnung f\u00fcr ihre anhaltende Aktivit\u00e4t angeboten werden. G\u00e4ngige Bonusformen sind Freispiele, Gratiswetten oder ein kleiner Bonusbetrag. Um diese Boni zu aktivieren, verwenden Spieler h\u00e4ufig vom Casino bereitgestellte Bonuscodes ohne Einzahlung, die den Bonus bei der Registrierung oder Kontobest\u00e4tigung freischalten. Diese Art von Bonus ist eine attraktive M\u00f6glichkeit f\u00fcr Spieler, sich ohne finanzielles Risiko mit den Spielen des Casinos vertraut zu machen und gleichzeitig ein Spielerlebnis mit echtem Geld zu bieten.<\/p>\n<h3>Gibt es Wettanforderungen f\u00fcr Boni ohne Einzahlung?<\/h3>\n<p>Ja, die meisten Boni ohne Einzahlung sind mit Wettanforderungen verbunden, die festlegen, wie oft der Bonusbetrag oder daraus resultierende Gewinne eingesetzt werden m\u00fcssen, bevor der Spieler sie als Bargeld abheben kann. Wenn ein Spieler beispielsweise 10 $ bei einer kostenlosen Casino-Bonusaktion ohne Einzahlung mit einer 20-fachen Wettanforderung gewinnt, muss er insgesamt 200 $ einsetzen, bevor er einen Teil dieser 10 $ abheben kann. Wettanforderungen stellen sicher, dass Spieler Gewinne nicht sofort abheben, ohne tats\u00e4chlich am Spiel teilzunehmen. Die Anforderungen k\u00f6nnen von Casino zu Casino sehr unterschiedlich sein, daher sollten Spieler die Bedingungen jedes Online-Casinos mit Bonus ohne Einzahlung pr\u00fcfen, um genau zu verstehen, was erforderlich ist, um ihren Bonus in auszahlbares Geld umzuwandeln.<\/p>\n<h3>Wie viel kann ich von einem Bonus ohne Einzahlung abheben?<\/h3>\n<p>Das Auszahlungslimit variiert h\u00e4ufig zwischen den Casinos, wobei die meisten eine Obergrenze festlegen, wie viel ein Spieler von seinen erzielten Gewinnen auszahlen kann. Diese Obergrenze, bekannt als maximales Auszahlungslimit, liegt normalerweise zwischen 50 und 200 US-Dollar, abh\u00e4ngig von den Richtlinien des Casinos. Das Limit soll das Casino vor gro\u00dfen Auszahlungen sch\u00fctzen und den Spielern dennoch die M\u00f6glichkeit bieten, echte Geldpr\u00e4mien aus ihren Boni zu erhalten. Dar\u00fcber hinaus verlangen einige Casinos von den Spielern m\u00f6glicherweise eine kleine Einzahlung, um ihr Konto zu best\u00e4tigen und den Auszahlungsprozess einzuleiten, selbst wenn sie Gewinne aus einer Echtgeld-Online-Casino-Aktion mit Bonuscodes ohne Einzahlung auszahlen. \u00dcberpr\u00fcfen Sie immer die maximalen Auszahlungsbedingungen, die mit neuen Bonuscodes ohne Einzahlung verbunden sind, um zu wissen, wie viel Sie voraussichtlich abheben k\u00f6nnen.<\/p>\n<h3>Kann ich Bonuscodes ohne Einzahlung mehr als einmal verwenden?<\/h3>\n<p>Normalerweise sind Bonuscodes ohne Einzahlung ein einmaliges Angebot f\u00fcr neue Spieler und k\u00f6nnen nur einmal pro Konto, Haushalt oder IP-Adresse verwendet werden. Casinos haben strenge Richtlinien, um zu verhindern, dass Spieler diese Angebote missbrauchen, indem sie mehrere Konten erstellen, um wiederholt denselben neuen Casino-Bonus ohne Einzahlung zu beanspruchen. Einige Casinos bieten treuen oder wiederkehrenden Spielern jedoch m\u00f6glicherweise zus\u00e4tzliche Angebote in Form personalisierter Werbeaktionen.<\/p>\n","protected":false},"excerpt":{"rendered":"<p>Der Reiz von Boni ohne Einzahlung zieht neue und erfahrene Casinospieler gleicherma\u00dfen in seinen Bann. Sie wurden entwickelt, um Spielern eine risikofreie M\u00f6glichkeit zu bieten, Spiele auszuprobieren und m\u00f6glicherweise echtes Geld zu gewinnen. Sie sind eine fantastische M\u00f6glichkeit, Online-Casinos kennenzulernen, ohne anf\u00e4ngliche finanzielle Verpflichtungen einzugehen. Diese Art von Bonus erfreut sich auf verschiedenen Plattformen zunehmender&#8230;<\/p>\n","protected":false},"author":1,"featured_media":0,"parent":0,"menu_order":0,"comment_status":"closed","ping_status":"closed","template":"","meta":{"_acf_changed":false,"_kad_post_transparent":"default","_kad_post_title":"default","_kad_post_layout":"default","_kad_post_sidebar_id":"","_kad_post_content_style":"default","_kad_post_vertical_padding":"default","_kad_post_feature":"","_kad_post_feature_position":"","_kad_post_header":false,"_kad_post_footer":false,"footnotes":""},"class_list":["post-1500","page","type-page","status-publish","hentry"],"acf":[],"rttpg_featured_image_url":null,"rttpg_author":{"display_name":"Oliver","author_link":"https:\/\/rocketplay-online.com\/de\/author\/pemvas95n89x\/"},"rttpg_comment":0,"rttpg_category":null,"rttpg_excerpt":"Der Reiz von Boni ohne Einzahlung zieht neue und erfahrene Casinospieler gleicherma\u00dfen in seinen Bann. Sie wurden entwickelt, um Spielern eine risikofreie M\u00f6glichkeit zu bieten, Spiele auszuprobieren und m\u00f6glicherweise echtes Geld zu gewinnen. Sie sind eine fantastische M\u00f6glichkeit, Online-Casinos kennenzulernen, ohne anf\u00e4ngliche finanzielle Verpflichtungen einzugehen. Diese Art von Bonus erfreut sich auf verschiedenen Plattformen zunehmender...","_links":{"self":[{"href":"https:\/\/rocketplay-online.com\/de\/wp-json\/wp\/v2\/pages\/1500","targetHints":{"allow":["GET"]}}],"collection":[{"href":"https:\/\/rocketplay-online.com\/de\/wp-json\/wp\/v2\/pages"}],"about":[{"href":"https:\/\/rocketplay-online.com\/de\/wp-json\/wp\/v2\/types\/page"}],"author":[{"embeddable":true,"href":"https:\/\/rocketplay-online.com\/de\/wp-json\/wp\/v2\/users\/1"}],"replies":[{"embeddable":true,"href":"https:\/\/rocketplay-online.com\/de\/wp-json\/wp\/v2\/comments?post=1500"}],"version-history":[{"count":6,"href":"https:\/\/rocketplay-online.com\/de\/wp-json\/wp\/v2\/pages\/1500\/revisions"}],"predecessor-version":[{"id":6708,"href":"https:\/\/rocketplay-online.com\/de\/wp-json\/wp\/v2\/pages\/1500\/revisions\/6708"}],"wp:attachment":[{"href":"https:\/\/rocketplay-online.com\/de\/wp-json\/wp\/v2\/media?parent=1500"}],"curies":[{"name":"wp","href":"https:\/\/api.w.org\/{rel}","templated":true}]}}