{"id":1493,"date":"2022-06-13T21:24:15","date_gmt":"2022-06-13T18:24:15","guid":{"rendered":"https:\/\/rocketplay-online.com\/card-game-baccarat\/"},"modified":"2025-04-03T10:19:17","modified_gmt":"2025-04-03T07:19:17","slug":"card-game-baccarat","status":"publish","type":"page","link":"https:\/\/rocketplay-online.com\/de\/card-game-baccarat\/","title":{"rendered":"RocketPlay Online Bakkarat"},"content":{"rendered":"<p>Bakkarat wurde erstmals im Jahr 1400 gespielt. Es wird angenommen, dass das Kartenspiel seinen Ursprung in Italien hat, wo urspr\u00fcnglich Tarotkarten zum Spielen verwendet wurden. Bald darauf kam Bakkarat nach Frankreich, wo man mit einem normalen Kartenspiel zu spielen begann. Dem franz\u00f6sischen Adel gefiel das Kartenspiel Bakkarat sehr gut, so dass es bald als ein Spiel galt, bei dem extrem hohe Eins\u00e4tze gemacht wurden.<\/p>\n<p>Als die Popularit\u00e4t des Spiels wuchs und sich schnell in der ganzen Welt verbreitete, wurden viele neue Versionen entwickelt, darunter Punto Banco und Dragon Tiger. Heute ist RocketPlay Online-Baccarat eines der beliebtesten Kartenspiele in den meisten Casinos, sowohl online als auch an Land.<\/p>\n<div class=\"go-btn-container\"><div class=\"tosh-btn\"><a href=\"\/go-casino\/\" target=\"_blank\" rel=\"noopener\">JETZT SPIELEN<\/a><\/div><\/div>\n<p>Das Spiel selbst ist sehr einfach, so dass es auch f\u00fcr Anf\u00e4nger geeignet ist. Wie beim Blackjack werden Ihnen Karten ausgeteilt, und das Ziel des Spiels ist es, eine Kartenkombination n\u00e4her an eine bestimmte Zahl zu bringen. Das Spiel wird gegen den Dealer gespielt, der auch Banker genannt wird. Bevor die Karten ausgeteilt werden, k\u00f6nnen Sie darauf wetten, wer gewinnen wird &#8211; Sie als Spieler, die Bank oder die Tatsache, dass das Spiel unentschieden endet.<\/p>\n<p>Im RocketPlay Bakkarat <a href=\"https:\/\/rocketplay-online.com\/de\/casino\/\">Online Casino<\/a> hat jede Karte ihre eigene Bedeutung. Meistens werden beim Baccarat Karten mit einer Nummer von zwei bis neun zu ihrem Nennwert gez\u00e4hlt. Die Zehner und die Bildkarten sind 0, und das Ass ist 1. Das Ziel des Spiels ist es, Ihre Kartenhand n\u00e4her an die 9 zu bringen. Wenn Ihr Blatt 9 ist, nennt man dies ein nat\u00fcrliches Blatt.<\/p>\n<p><img loading=\"lazy\" decoding=\"async\" class=\"aligncenter wp-image-3928\" src=\"https:\/\/rocketplay-online.com\/wp-content\/uploads\/2024\/01\/poker-chips-table-casino.jpg\" alt=\"RocketPlay Online Baccarat\" width=\"800\" height=\"534\" srcset=\"https:\/\/rocketplay-online.com\/wp-content\/uploads\/2024\/01\/poker-chips-table-casino.jpg 1000w, https:\/\/rocketplay-online.com\/wp-content\/uploads\/2024\/01\/poker-chips-table-casino-300x200.jpg 300w, https:\/\/rocketplay-online.com\/wp-content\/uploads\/2024\/01\/poker-chips-table-casino-768x512.jpg 768w\" sizes=\"auto, (max-width: 800px) 100vw, 800px\" \/><\/p>\n<p>Bei vielen Formen von RocketPlay free online baccarat werden die Karten offen ausgeteilt. Ihre Kombination ist der Gesamtwert der Karten. Wenn der Gesamtwert jedoch eine zweistellige Zahl ist, d. h. 10 oder mehr, dann ist der Wert Ihrer Kombination gleich dem Wert der zweiten Karte. Betr\u00e4gt der Wert der Kombination beispielsweise 15, d. h. acht und sieben, ist der tats\u00e4chliche Wert 5. Besteht die Kombination aus zwei Sechsen, ist ihr Wert 2, da die Summe der beiden Sechsen 12 betr\u00e4gt und 2 die letzte Ziffer dieses Werts ist.<\/p>\n<p>Das klingt zun\u00e4chst etwas verwirrend, aber wenn man erst einmal angefangen hat zu spielen, sind die Regeln wirklich leicht zu lernen. Wenn keiner der Spieler nach dem Deutsche der Karten eine Kombination aus 8 oder 9 auf der Hand hat, darf eine dritte Karte ausgeteilt werden. Wenn ein Spieler eine 5 oder weniger hat, bekommt er eine dritte Karte. Wenn er eine 6 oder mehr hat, wird sein Zug gestoppt.<\/p>\n<p>Ob der Geber eine zus\u00e4tzliche Karte aufnimmt oder aufh\u00f6rt, h\u00e4ngt davon ab, welche Aktion der Spieler durchf\u00fchrt und welche Karten er auf der Hand hat. Es spielt keine Rolle, ob Sie gewinnen oder verlieren, solange Ihr Einsatz erfolgreich ist. Der Spieler und der Geber machen die gleichen Eins\u00e4tze, aber darauf gehen wir sp\u00e4ter in diesem Leitfaden noch genauer ein.<\/p>\n\n\t<div class=\"alao-sidebar-box alao-sidebar-box--\">\n\t\t<a href=\"https:\/\/rocketplay-online.com\/go-casino\/\" class=\"alao-sidebar-box__link\">\n\t\t\t<span class=\"alao-sidebar-box__thumb\">\n\t\t\t\t<img decoding=\"async\" src=\"https:\/\/rocketplay-online.com\/wp-content\/uploads\/2022\/09\/second_bonus_nonlog.png\" alt=\"Erster Einzahlungsbonus\">\n\t\t\t<\/span>\n\t\t\t<span class=\"alao-sidebar-box__info\">\n\t\t\t\t<span class=\"alao-sidebar-box__info-wrap\">\n\t\t\t\t\t<span class=\"alao-sidebar-box__head\">Erster Einzahlungsbonus<\/span>\n\t\t\t\t\t<span class=\"alao-sidebar-box__desc\">100% + 100 GS F\u00dcR EINEN PERFEKTEN START<\/span>\n\t\t\t\t\t<span class=\"alao-sidebar-box__button\">Holen Sie Sich Jetzt<\/span>\n\t\t\t\t<\/span>\n\t\t\t<\/span>\n\t\t<\/a>\n\t<\/div>\n\n\t<style>\n\t\t.alao-sidebar-box {\n\t\t\tdisplay: block;\n\t\t\twidth: 100%;\n\t\t\tmargin-bottom: 24px;\n\t\t\toverflow: hidden;\n\t\t\tposition: relative;\n\t\t\tbackground: linear-gradient(270deg, rgb(140, 81, 255) 0%, rgb(140, 81, 255) calc(50% - 1500px), rgb(113, 45, 244) calc(50% - 750px), rgb(46, 15, 109) calc(50% + 750px), rgb(38, 7, 100) calc(50% + 1500px), rgb(38, 7, 100) 100%);\n\t\t\t-webkit-border-radius: 16px;\n\t\t\t-moz-border-radius: 16px;\n\t\t\tborder-radius: 16px;\n\t\t}\n\t\t.alao-sidebar-box--rose {\n\t\t\tbackground: linear-gradient(270deg, rgb(255, 62, 155) 0%, rgb(255, 62, 155) calc(50% - 1500px), rgb(253, 28, 136) calc(50% - 750px), rgb(91, 15, 108) calc(50% + 750px), rgb(60, 3, 73) calc(50% + 1500px), rgb(60, 3, 73) 100%);\n\t\t}\n\t\t.alao-sidebar-box--light-blue {\n\t\t\tbackground: linear-gradient(270deg, rgb(107, 250, 255) 0%, rgb(107, 250, 255) calc(50% - 1500px), rgb(33, 247, 252) calc(50% - 750px), rgb(25, 19, 183) calc(50% + 750px), rgb(16, 5, 146) calc(50% + 1500px), rgb(16, 5, 146) 100%);\n\t\t}\n\t\t.alao-sidebar-box__link {\n\t\t\tdisplay: block;\n\t\t\twidth: 100%;\n\t\t\theight: auto;\n\t\t\tpadding-top: 56px;\n\t\t\tpadding-bottom: 64px;\n\t\t\tposition: relative;\n\t\t\ttext-decoration: none;\n\t\t}\n\t\t.alao-sidebar-box__thumb {\n\t\t\tposition: absolute;\n\t\t\ttop: 0;\n\t\t\tleft: 0;\n\t\t\twidth: 100%;\n\t\t\theight: 100%;\n\t\t\toverflow: hidden;\n\t\t\tz-index: 5;\n\t\t}\n\t\t.alao-sidebar-box__thumb img {\n\t\t\tposition: absolute;\n\t\t\tbottom: -10%;\n\t\t\tright: -20%;\n\t\t\tdisplay: block;\n\t\t\tmax-width: 120%;\n\t\t\tmax-height: 100%;\n\t\t\ttransition: all .3s ease;\n\t\t}\n\t\t.alao-sidebar-box__link:hover .alao-sidebar-box__thumb img {\n\t\t\tbottom: 0;\n\t\t\tright: 0;\n\t\t}\n\t\t.alao-sidebar-box__info {\n\t\t\tdisplay: block;\n\t\t\twidth: 100%;\n\t\t\tz-index: 10;\n\t\t}\n\t\t.alao-sidebar-box__info-wrap {\n\t\t\tdisplay: flex;\n\t\t\tflex-wrap: wrap;\n\t\t\tflex-direction: column;\n\t\t\tjustify-content: center;\n\t\t\talign-items: flex-start;\n\t\t\twidth: 100%;\n\t\t\tmin-height: 100%;\n\t\t\tpadding: 24px;\n\t\t}\n\t\t.alao-sidebar-box__head {\n\t\t\tdisplay: block;\n\t\t\twidth: 100%;\n\t\t\tmargin-bottom: 0.2rem;\n\t\t\ttext-shadow: 1px 1px 4px rgba(0, 0, 0, .4);\n\t\t\tcolor: #fff;\n\t\t\tfont-size: 1rem;\n\t\t\tfont-weight: bold;\n\t\t\tline-height: 125%;\n\t\t}\n\t\t.alao-sidebar-box__desc {\n\t\t\tdisplay: block;\n\t\t\twidth: 100%;\n\t\t\tmargin-bottom: 8px;\n\t\t\ttext-shadow: 1px 1px 2px rgba(0, 0, 0, .6);\n\t\t\tcolor: #fdd835;\n\t\t\tfont-size: 1.4rem;\n\t\t\tfont-weight: bold;\n\t\t\tline-height: 110%;\n\t\t\ttext-transform: uppercase;\n\t\t}\n\t\t.alao-sidebar-box__button {\n\t\t\tdisplay: inline-block;\n\t\t\tbackground: linear-gradient(90deg,#ffa000,#ffff7b);\n\t\t\tpadding: 8px 12px;\n\t\t\tborder-radius: 16px;\n\t\t\tcolor: #000;\n\t\t\tfont-size: .75rem;\n\t\t\tfont-weight: bold;\n\t\t\tline-height: 135%;\n\t\t\ttext-transform: uppercase;\n\t\t}\n\t<\/style>\n\n\t\n<h2>WARUM DAS KARTENSPIEL BAKKARAT SPIELEN?<\/h2>\n<p>RocketPlay online Baccarat f\u00fcr echtes Geld ist ein ziemlich altes Casino-Tischspiel, das immer noch sehr beliebt ist. Warum spielen die Spieler es immer noch so gerne? Es gibt viele verschiedene Gr\u00fcnde, und je nachdem, wen Sie fragen, sind einige wichtiger als andere. Hier ist unsere Liste der Gr\u00fcnde, warum wir Bakkarat gerne auf Online-Casino-Websites spielen:<\/p>\n<p>Einfachheit &#8211; Bakkarat ist ein wirklich einfaches Spiel, das sogar Anf\u00e4nger spielen k\u00f6nnen. Sie brauchen keine Vorkenntnisse, selbst ein Anf\u00e4nger kann RocketPlay online Baccarat Deutschland spielen und nat\u00fcrliche Kombinationen bilden. Dar\u00fcber hinaus k\u00f6nnen viele Spieltypen leicht verstanden und auch unterwegs gemeistert werden.<\/p>\n<p>Niedriger Casino-Vorteil &#8211; RocketPlay free baccarat online no download Kartenspiel hat ein unglaublich niedriges Verh\u00e4ltnis von Casino-Vorteil, d.h. Casino-Gewinn, zu Banker-Eins\u00e4tzen. Wenn Sie auf den Gewinn der Bank setzen, betr\u00e4gt der prozentuale Casino-Vorteil nur 1,06%. Manchmal kann dies von der Art des Spiels abh\u00e4ngen, das Sie spielen, aber in den meisten F\u00e4llen ist der Casino-Vorteil immer noch viel niedriger als bei vielen anderen Casino-Spielen. Das bedeutet, dass Sie eine ziemlich gute Chance haben, regelm\u00e4\u00dfig voranzukommen und damit erfolgreich zu sein.<\/p>\n<p><img loading=\"lazy\" decoding=\"async\" class=\"aligncenter wp-image-3947\" src=\"https:\/\/rocketplay-online.com\/wp-content\/uploads\/2024\/01\/portrait-adult-it-engineer-working-office-using-modern-digital-technologies-generated-ai.jpg\" alt=\"RocketPlay Online Baccarat\" width=\"800\" height=\"449\" srcset=\"https:\/\/rocketplay-online.com\/wp-content\/uploads\/2024\/01\/portrait-adult-it-engineer-working-office-using-modern-digital-technologies-generated-ai.jpg 1000w, https:\/\/rocketplay-online.com\/wp-content\/uploads\/2024\/01\/portrait-adult-it-engineer-working-office-using-modern-digital-technologies-generated-ai-300x168.jpg 300w, https:\/\/rocketplay-online.com\/wp-content\/uploads\/2024\/01\/portrait-adult-it-engineer-working-office-using-modern-digital-technologies-generated-ai-768x431.jpg 768w\" sizes=\"auto, (max-width: 800px) 100vw, 800px\" \/><\/p>\n<p>Schnelles Spiel &#8211; RocketPlay Casino Baccarat Tipps beinhalten normalerweise nur einen Einsatz und vier ausgeteilte Karten. Manchmal kann es ein wenig l\u00e4nger dauern, wenn die erste Ziehung keine nat\u00fcrliche Kombination von 9 oder 8 aufdeckt. Trotzdem ist das Spiel immer noch viel schneller als viele andere Brettspiele.<\/p>\n<p>Geschicklichkeit spielt keine Rolle &#8211; da das Baccarat-Casinospiel im Vergleich zu anderen Tischspielen wie Blackjack oder Poker mehr vom Gl\u00fcck abh\u00e4ngt, spielt es keine Rolle, wie erfahren Sie sind. Wenn Sie die Regeln des Spiels kennen, k\u00f6nnen Sie anfangen zu spielen und genauso oft gewinnen wie jemand, der es schon seit Jahren spielt.<\/p>\n<p>Vielfalt &#8211; Casino-Baccarat ist online in mehreren Varianten erh\u00e4ltlich. Sie haben die M\u00f6glichkeit, sowohl mit deutlich h\u00f6heren Eins\u00e4tzen als auch mit niedrigeren Gewinnchancen zu spielen. Abwechslung bedeutet, dass Sie, selbst wenn Sie eine Version satt haben, immer noch Spa\u00df haben k\u00f6nnen, indem Sie Ihr Gl\u00fcck mit einer anderen Version von Baccarat testen.<\/p>\n<h2>TIPPS F\u00dcR DAS SPIELEN IM ONLINE BAKKARAT CASINO<\/h2>\n<p>Bevor Sie mit einem Spiel beginnen, sollten Sie sich vergewissern, dass Sie die Bedingungen des Spiels vollst\u00e4ndig verstanden haben. Wir haben bereits einige einfache Regeln behandelt. Es sei jedoch darauf hingewiesen, dass es bei einigen Spieltypen Unterschiede und kleinere Variationen gibt. Vergewissern Sie sich, dass Sie die gebr\u00e4uchlichsten Arten von Baccarat-Spielen studieren, die wir unten in unserem Leitfaden aufgef\u00fchrt haben.<\/p>\n<div class=\"go-btn-container\"><div class=\"tosh-btn\"><a href=\"\/go-casino\/\" target=\"_blank\" rel=\"noopener\">JETZT SPIELEN<\/a><\/div><\/div>\n<h2>BAKKARAT-STRATEGIE<\/h2>\n<p>Obwohl der Ausgang des Spiels Bakkarat weitgehend vom Gl\u00fcck abh\u00e4ngt, gibt es einige Dinge, die Sie tun k\u00f6nnen, um Ihre Gewinnchancen zu verbessern und mehr Spa\u00df am Spiel zu haben. Denken Sie daran, dass Online-Baccarat auf dem RNG (Random Number Generator) basiert, so dass nichts das Ergebnis beeinflussen kann. Sie k\u00f6nnen jedoch RocketPlay Online-Baccarat-Strategie verwenden. Hier sind einige von ihnen:<\/p>\n<p>Kenne die Regeln &#8211; Das ist ziemlich offensichtlich, aber viele Spieler denken, dass sie alles \u00fcber dieses Tischspiel wissen, nur weil sie eine Art von Baccarat gespielt haben. Sie sollten jedoch wissen, dass es viele verschiedene Versionen des Spiels gibt, und viele von ihnen haben v\u00f6llig unterschiedliche Regeln und Wettbedingungen. Bevor Sie sich an den Tisch setzen, w\u00e4hlen Sie die Art des Spiels aus und beginnen Sie mit dem RocketPlay Baccarat Online-Spiel.<\/p>\n<p>Denken Sie sorgf\u00e4ltig \u00fcber Ihre Eins\u00e4tze nach &#8211; im vorherigen Abschnitt haben wir die verschiedenen Arten von Wetten erkl\u00e4rt, die im Baccarat-Spiel verf\u00fcgbar sind. Denken Sie daran, dass Wetten auf den Bankier statistisch gesehen die beste Option sind. Andere Wetten sind zwar m\u00f6glich, sollten aber vermieden werden. Insbesondere die Unentschieden-Wette hat einen sehr hohen Kasinovorteil, und es ist nicht ratsam, darauf zu setzen, auch wenn die Auszahlung viel h\u00f6her sein k\u00f6nnte.<\/p>\n<p><img loading=\"lazy\" decoding=\"async\" class=\"aligncenter wp-image-198\" src=\"https:\/\/rocketplay-online.com\/wp-content\/uploads\/2022\/06\/1-9.jpeg\" alt=\"\" width=\"850\" height=\"375\" srcset=\"https:\/\/rocketplay-online.com\/wp-content\/uploads\/2022\/06\/1-9.jpeg 1100w, https:\/\/rocketplay-online.com\/wp-content\/uploads\/2022\/06\/1-9-300x132.jpeg 300w, https:\/\/rocketplay-online.com\/wp-content\/uploads\/2022\/06\/1-9-1024x451.jpeg 1024w, https:\/\/rocketplay-online.com\/wp-content\/uploads\/2022\/06\/1-9-768x339.jpeg 768w\" sizes=\"auto, (max-width: 850px) 100vw, 850px\" \/><\/p>\n<p>Kontrollieren Sie Ihr Guthaben &#8211; Ihr Guthaben zeigt an, wie viel Geld Sie f\u00fcr Wetten ausgeben k\u00f6nnen, also sollten Sie es genau im Auge behalten. Legen Sie jeden Tag einen bestimmten Betrag zum Wetten fest und achten Sie darauf, Ihren Einsatz je nach H\u00f6he Ihres Guthabens zu \u00e4ndern. Wenn Sie mit weniger Geld spielen, sollten Sie auch hohe Eins\u00e4tze vermeiden, denn selbst wenn Sie mehr gewinnen k\u00f6nnen, wird Ihr Geld viel schneller verschwinden, bevor Sie es merken.<\/p>\n<p>Suchen Sie nicht nach Mustern &#8211; manchmal ist es sehr verlockend, auf einen Spieler zu setzen, kurz nachdem die Bank gewonnen hat, oder auf ein Unentschieden zu setzen, wenn zwei aufeinanderfolgende Unentschieden stattgefunden haben. Sie m\u00fcssen bedenken, dass jede Runde v\u00f6llig zuf\u00e4llig ist und auf dem GCF basiert. Das bedeutet, dass es keine Muster gibt, auch wenn es manchmal den Anschein hat.<\/p>\n<p>Begrenzen Sie Ihre Verluste und Gewinne &#8211; Beim Gl\u00fccksspiel ist es immer wichtig, den Betrag zu begrenzen, den Sie verlieren, bevor Sie das Spiel beenden. Auf diese Weise k\u00f6nnen Sie vermeiden, Verlusten hinterherzulaufen und noch mehr zu verlieren, als Sie sich leisten k\u00f6nnen. Zus\u00e4tzlich zur Verlustbegrenzung m\u00fcssen Sie auch wissen, wann Sie aufh\u00f6ren sollten, w\u00e4hrend Sie noch im Spiel sind. Wenn Sie weiterspielen, nachdem Sie Ihr Gewinnlimit \u00fcberschritten haben, werden Sie zwangsl\u00e4ufig stolpern und irgendwann verlieren.<\/p>\n<p>Achten Sie auf niedrige Provisionen &#8211; Sie glauben nat\u00fcrlich nicht, dass Sie mehr verdienen, wenn Sie l\u00e4nger spielen. Bankwetten sind bei den Casinos am g\u00fcnstigsten, aber in der Regel wird auf jeden Gewinn eine Provision von 5 % erhoben. Um dies zu umgehen, k\u00f6nnen Sie nach Seiten suchen, die niedrige Baccarat-Provisionen anbieten. Auf manchen Seiten gibt es sogar gar keine Provisionen. Machen Sie sich unbedingt mit allen Regeln und Wettkosten vertraut, bevor Sie mit dem Spielen beginnen.<\/p>\n","protected":false},"excerpt":{"rendered":"<p>Bakkarat wurde erstmals im Jahr 1400 gespielt. Es wird angenommen, dass das Kartenspiel seinen Ursprung in Italien hat, wo urspr\u00fcnglich Tarotkarten zum Spielen verwendet wurden. Bald darauf kam Bakkarat nach Frankreich, wo man mit einem normalen Kartenspiel zu spielen begann. Dem franz\u00f6sischen Adel gefiel das Kartenspiel Bakkarat sehr gut, so dass es bald als ein&#8230;<\/p>\n","protected":false},"author":1,"featured_media":0,"parent":0,"menu_order":0,"comment_status":"closed","ping_status":"closed","template":"","meta":{"_acf_changed":false,"_kad_post_transparent":"default","_kad_post_title":"default","_kad_post_layout":"default","_kad_post_sidebar_id":"","_kad_post_content_style":"default","_kad_post_vertical_padding":"default","_kad_post_feature":"","_kad_post_feature_position":"","_kad_post_header":false,"_kad_post_footer":false,"footnotes":""},"class_list":["post-1493","page","type-page","status-publish","hentry"],"acf":[],"rttpg_featured_image_url":null,"rttpg_author":{"display_name":"Oliver","author_link":"https:\/\/rocketplay-online.com\/de\/author\/pemvas95n89x\/"},"rttpg_comment":0,"rttpg_category":null,"rttpg_excerpt":"Bakkarat wurde erstmals im Jahr 1400 gespielt. Es wird angenommen, dass das Kartenspiel seinen Ursprung in Italien hat, wo urspr\u00fcnglich Tarotkarten zum Spielen verwendet wurden. Bald darauf kam Bakkarat nach Frankreich, wo man mit einem normalen Kartenspiel zu spielen begann. Dem franz\u00f6sischen Adel gefiel das Kartenspiel Bakkarat sehr gut, so dass es bald als ein...","_links":{"self":[{"href":"https:\/\/rocketplay-online.com\/de\/wp-json\/wp\/v2\/pages\/1493","targetHints":{"allow":["GET"]}}],"collection":[{"href":"https:\/\/rocketplay-online.com\/de\/wp-json\/wp\/v2\/pages"}],"about":[{"href":"https:\/\/rocketplay-online.com\/de\/wp-json\/wp\/v2\/types\/page"}],"author":[{"embeddable":true,"href":"https:\/\/rocketplay-online.com\/de\/wp-json\/wp\/v2\/users\/1"}],"replies":[{"embeddable":true,"href":"https:\/\/rocketplay-online.com\/de\/wp-json\/wp\/v2\/comments?post=1493"}],"version-history":[{"count":6,"href":"https:\/\/rocketplay-online.com\/de\/wp-json\/wp\/v2\/pages\/1493\/revisions"}],"predecessor-version":[{"id":6774,"href":"https:\/\/rocketplay-online.com\/de\/wp-json\/wp\/v2\/pages\/1493\/revisions\/6774"}],"wp:attachment":[{"href":"https:\/\/rocketplay-online.com\/de\/wp-json\/wp\/v2\/media?parent=1493"}],"curies":[{"name":"wp","href":"https:\/\/api.w.org\/{rel}","templated":true}]}}