{"id":1489,"date":"2022-06-13T21:12:57","date_gmt":"2022-06-13T18:12:57","guid":{"rendered":"https:\/\/rocketplay-online.com\/roulette\/"},"modified":"2025-04-03T12:10:30","modified_gmt":"2025-04-03T09:10:30","slug":"roulette","status":"publish","type":"page","link":"https:\/\/rocketplay-online.com\/de\/roulette\/","title":{"rendered":"Roulette bei RocketPlay Casino"},"content":{"rendered":"<p>Das Rouletterad wurde urspr\u00fcnglich im 17. Jahrhundert von einem Physiker entwickelt, der vergeblich versuchte, ein Perpetuum mobile zu bauen. W\u00e4hrend diese Art von Rad im 17. Jahrhundert f\u00fcr andere Formen des Gl\u00fccksspiels verwendet wurde, wurde Roulette erst ein Jahrhundert sp\u00e4ter zum ersten Mal auch in Frankreich gespielt.<\/p>\n<p>Roulette bedeutet aus dem Franz\u00f6sischen \u00fcbersetzt so viel wie &#8222;kleines Rad&#8220;. Die Roulettefelder sind von 0 bis 36 nummeriert, wobei einige Spiele zwei Nullen haben. Die Zahlen sind rot oder schwarz markiert, und die Spieler platzieren ihre Eins\u00e4tze darauf.<\/p>\n<p>Das Spiel ist sehr einfach. Der Croupier oder Dealer wirft eine kleine Kugel in die dem sich drehenden Rad entgegengesetzte Richtung und gewinnt die Zahl und Farbe, in deren Tasche die Kugel f\u00e4llt. Jede Zahl hat ein kleines Loch um das Rad herum, in das die Kugel fallen kann, wobei sie an Geschwindigkeit verliert.<\/p>\n<p>Verschiedene Wettoptionen haben unterschiedliche Werte, denn bei einigen Beispielen k\u00f6nnen die Spieler auf einzelne Zahlen, Zahlengruppen oder Farben setzen. Die Einfachheit des Spiels in Kombination mit den vielen verschiedenen Wettm\u00f6glichkeiten ist ein Grund, warum Roulette so beliebt ist.<\/p>\n<p>Es gibt verschiedene Wettoptionen f\u00fcr verschiedene Arten von Spielen, die ihre eigenen Regeln haben. Stellen Sie also sicher, dass Sie wissen, welche Art von Spiel Sie spielen, bevor Sie beginnen.<\/p>\n<p><img loading=\"lazy\" decoding=\"async\" class=\"aligncenter wp-image-3869\" src=\"https:\/\/rocketplay-online.com\/wp-content\/uploads\/2024\/01\/1381.jpg\" alt=\"Roulette at RocketPlay Casino\" width=\"800\" height=\"339\" srcset=\"https:\/\/rocketplay-online.com\/wp-content\/uploads\/2024\/01\/1381.jpg 1000w, https:\/\/rocketplay-online.com\/wp-content\/uploads\/2024\/01\/1381-300x127.jpg 300w, https:\/\/rocketplay-online.com\/wp-content\/uploads\/2024\/01\/1381-768x326.jpg 768w\" sizes=\"auto, (max-width: 800px) 100vw, 800px\" \/><\/p>\n<h2>ROULETTE-TIPPS<\/h2>\n<p>Bevor Sie mit dem Spielen von RocketPlay Online-Roulette-Tipps beginnen, haben wir einige Tipps zusammengestellt, die Ihnen helfen sollen, die Regeln des Spiels zu verstehen. Obwohl Roulette eigentlich nur auf Gl\u00fcck basiert, hilft es, herauszufinden, welche Arten von Wetten verf\u00fcgbar sind. Vergewissern Sie sich au\u00dferdem, dass Sie die verschiedenen Regeln f\u00fcr jede Spielart kennen, auf die wir im Folgenden eingehen.<\/p>\n<h2>ROULETTE WETTEN VERSTEHEN<\/h2>\n<p>Einer der Hauptgr\u00fcnde, warum Roulette so beliebt ist, liegt darin, dass es eine gro\u00dfe Auswahl an Wetten gibt, die im Spiel angeboten werden. Wenn Sie auf der Suche nach einem Spiel mit hohem Risiko und hoher Belohnung sind, sollten Sie sich f\u00fcr RocketPlay online roulette free spin entscheiden. Wenn Sie ohne Risiko spielen m\u00f6chten, k\u00f6nnen Sie dies ebenfalls am Roulettetisch tun. Alle Spieler haben verschiedene Wettoptionen, und je nachdem, was Sie setzen m\u00f6chten, kann die eine profitabler sein als die andere.<\/p>\n<div class=\"go-btn-container\"><div class=\"tosh-btn\"><a href=\"\/go-casino\/\" target=\"_blank\" rel=\"noopener\">JETZT SPIELEN<\/a><\/div><\/div>\n<h2>WAS SIND INTERNE UND EXTERNE WETTEN?<\/h2>\n<p>An Roulettetischen gibt es verschiedene Arten von Eins\u00e4tzen, sowohl innerhalb als auch au\u00dferhalb der Zahlen des Kessels. Wenn Sie ein landbasiertes Casino besuchen, befindet sich der Roulettetisch neben dem Rad, wo Sie die M\u00f6glichkeit haben, Chips mit dem entsprechenden Einsatz auf dem Tisch zu platzieren, den Sie machen m\u00f6chten. Wenn Sie online spielen, w\u00e4hlen Sie einfach Ihre Wettart aus dem Angebot aus und platzieren Ihren Einsatz.<\/p>\n<h2>INNENWETTEN<\/h2>\n<p>Innenwetten beziehen sich auf jede Art von Wette, die sich auf bestimmte Zahlen oder Zahlengruppen bezieht. Es handelt sich dabei um Wetten mit h\u00f6herem Risiko, aber ein h\u00f6heres Risiko f\u00fchrt zu h\u00f6heren Auszahlungen. Zu den Innenwetten geh\u00f6ren:<\/p>\n<p>Eine bestimmte Zahl &#8211; Hier w\u00e4hlen Sie eine bestimmte Zahl auf dem Rad. Die Quoten liegen zwischen 35 und 1. Wenn Sie also zum Beispiel die Zahl 10 w\u00e4hlen und 10 \u20ac setzen, k\u00f6nnen Sie 350 \u20ac gewinnen, wenn die Kugel in das Loch mit der Zahl 10 f\u00e4llt. Alle Zahlen haben die gleiche Gewinnchance.<\/p>\n<p>Wette auf zwei Zahlen (Split) &#8211; Bei dieser Wette k\u00f6nnen Sie auf zwei beliebige benachbarte Zahlen auf dem Rad setzen. Wenn eine der beiden Zahlen auftaucht, gewinnen Sie. Sie k\u00f6nnen zum Beispiel 1 und 2 w\u00e4hlen. Die Quote sollte 17 zu 1 betragen. Wenn Sie also 10 \u20ac auf 1 und 2 setzen und die Kugel auf 2 f\u00e4llt, erhalten Sie 170 \u20ac.<\/p>\n<p>Eine Drei-Zahlen-Wette (Straight) ist eine Wette auf eine Reihe von drei Zahlen. Sie w\u00e4hlen eine Reihe nebeneinander liegender Zahlen, auf die Sie setzen, und wenn die Kugel in einer beliebigen Reihe landet, gewinnen Sie. Diese Wette wird im Verh\u00e4ltnis 11 zu 1 ausgezahlt. Bei einem Einsatz von 10 Euro erhalten Sie also 110 Euro, wenn Sie gewinnen.<\/p>\n<p>Eine Vier-Zahlen-Wette (Eck- oder Kreuzwette) ist eine Eckwette, bei der die Kugel auf eine der vier Zahlen fallen wird. Die Zahlen m\u00fcssen sich in einem Quadrat auf dem RocketPlay <a href=\"https:\/\/rocketplay-online.com\/de\/casino\/\">Online Casino<\/a> Roulettetisch ber\u00fchren. Diese Wette wird 8 zu 1 ausgezahlt, aber wenn Sie 10 Euro setzen, erhalten Sie 80 Euro, wenn die Kugel auf eine Ihrer Zahlen f\u00e4llt.<\/p>\n<p><img loading=\"lazy\" decoding=\"async\" class=\"aligncenter wp-image-3879\" src=\"https:\/\/rocketplay-online.com\/wp-content\/uploads\/2024\/01\/man-croupier-woman-playing-roulette-table-casino-top-view-roulette-green-table-with-tape-measure.jpg\" alt=\"Roulette at RocketPlay Casino 2\" width=\"800\" height=\"534\" srcset=\"https:\/\/rocketplay-online.com\/wp-content\/uploads\/2024\/01\/man-croupier-woman-playing-roulette-table-casino-top-view-roulette-green-table-with-tape-measure.jpg 1000w, https:\/\/rocketplay-online.com\/wp-content\/uploads\/2024\/01\/man-croupier-woman-playing-roulette-table-casino-top-view-roulette-green-table-with-tape-measure-300x200.jpg 300w, https:\/\/rocketplay-online.com\/wp-content\/uploads\/2024\/01\/man-croupier-woman-playing-roulette-table-casino-top-view-roulette-green-table-with-tape-measure-768x512.jpg 768w\" sizes=\"auto, (max-width: 800px) 100vw, 800px\" \/><\/p>\n<p>Sechs-Zahlen-Wette (Double Straight) &#8211; \u00c4hnlich wie bei der Linienwette, setzen Sie statt auf eine dreistellige Linie auf zwei Linien, also insgesamt sechs Zahlen. Dies sollten aufeinanderfolgende Linien auf der RocketPlay Online-Roulette-Strategietabelle sein. Diese Kosten werden manchmal als sechsstufige Wetten bezeichnet und reichen von 5 bis 1.<\/p>\n<p>Basket Basket-Wette (oberste Linie) &#8211; Diese Wettart hat im Vergleich zu anderen Wettarten beim RocketPlay Bonus-Online-Roulette die h\u00f6chste Vorteilsquote und erreicht 7,9 %. Es ist eine Wette auf die ersten f\u00fcnf Zahlen auf dem Roulettetisch und wird 6 zu 1 ausgezahlt. Wenn Sie 10 Euro setzen, werden Sie 60 Euro gewinnen, wenn eine der ausgew\u00e4hlten Zahlen erscheint. Um besser zu spielen, m\u00fcssen Sie die RocketPlay Online-Roulette-Strategie lernen.<\/p>\n<h2>EXTERNE WETTEN<\/h2>\n<p>Externe Wetten werden au\u00dferhalb des RocketPlay Download Online-Roulettetisches platziert. Dabei handelt es sich in der Regel um sicherere Wetten, mit denen Sie auf eine gro\u00dfe Anzahl von Gruppen setzen k\u00f6nnen. Alle diese Wetten verlieren, wenn die Kugel auf 0 oder 00 f\u00e4llt. Zu den Au\u00dfenwetten geh\u00f6ren:<\/p>\n<p>Wette auf Rot oder Schwarz &#8211; Wette darauf, ob eine rote oder schwarze Zahl gewinnt. Wenn Sie sich das Rouletterad ansehen, werden Sie feststellen, dass alle Zahlen rot, schwarz oder gr\u00fcn sind. 0 und 00 sind die einzigen gr\u00fcnen Zahlen. Alle anderen sind entweder rot oder schwarz. Dieser Einsatz entspricht dem Bargeldeinsatz, so dass Sie im Falle eines Gewinns eine 1x-Chance haben. Wenn 0 und 00 fallen, bedeutet das jedoch keine 50\/50-Wette. Wenn Sie 10 \u20ac auf Schwarz gesetzt haben und die Kugel auf eine schwarze Zahl f\u00e4llt, erhalten Sie 10 \u20ac.<\/p>\n<p>Wetten auf gerade oder ungerade ist eine weitere gerade Wette, bei der Sie darauf wetten, ob die Kugel auf eine gerade oder ungerade Zahl f\u00e4llt. Auch hier verlieren Sie, wenn die Kugel auf 0 oder 00 f\u00e4llt, selbst wenn Sie auf eine gerade Zahl setzen.<\/p>\n<p>Die Wette auf gro\u00dfe und kleine Zahlen ist eine Wette, bei der die Kugel auf die kleinere der Zahlen (1-18) oder die gr\u00f6\u00dfere der Zahlen (19-36) f\u00e4llt. Dies ist eine weitere gleiche Wette. Bei einem Einsatz von 10 Euro betr\u00e4gt der Gewinn 10 Euro.<\/p>\n<p>Spaltenwetten &#8211; der Roulettetisch kann in drei vertikale Spalten unterteilt werden. Bei dieser Wette wird darauf gesetzt, dass die Kugel auf eine der zw\u00f6lf Zahlen in der von Ihnen gew\u00e4hlten Spalte f\u00e4llt. Jede Spalte zahlt einen Einsatz von 2 zu 1 aus, wobei sich Ihr Einsatz im Falle eines Gewinns verdoppelt.<\/p>\n<p>Dutzendwette &#8211; Diese Wette bezieht sich ebenfalls auf die zw\u00f6lf Zahlen, aber diesmal in fortlaufender Reihenfolge. Sie k\u00f6nnen also die ersten zw\u00f6lf Zahlen 1-12, die zweiten zw\u00f6lf Zahlen 13-24 oder die dritten 25-36 w\u00e4hlen. Die Quote betr\u00e4gt 2:1, d. h. Sie k\u00f6nnen 20 \u20ac gewinnen, wenn Sie 10 \u20ac setzen.<\/p>\n<div class=\"go-btn-container\"><div class=\"tosh-btn\"><a href=\"\/go-casino\/\" target=\"_blank\" rel=\"noopener\">JETZT SPIELEN<\/a><\/div><\/div>\n<h2>ANDERE WETTEN<\/h2>\n<p>Einige spezielle Arten von RocketPlay online roulette Deutschland, einschlie\u00dflich franz\u00f6sisches Roulette, k\u00f6nnen andere Wettarten beinhalten. Zum Beispiel, wie:<\/p>\n<p>Voisons du zero ist franz\u00f6sisch f\u00fcr Nachbarn mit Null. Mit anderen Worten, es ist eine Wette f\u00fcr siebzehn Zahlen auf dem Rad auf beiden Seiten der Null. Die Wette ist in neun Typen unterteilt, darunter f\u00fcnf Splits, Double Lines und Corner Bets.<\/p>\n<p>Jeu zero ist auch als Spiel der Null bekannt. \u00c4hnlich wie bei Voisons du zero bezieht es sich auf Zahlen, die der Null am n\u00e4chsten sind, aber anders angeordnet. Die Wette ist in vier Teile gegliedert, wobei man drei Splits und eine Wette auf eine Primzahl finden kann.<\/p>\n<p>Tiers du cylindre ist der dritte Teil des Rades. Diese Wette umfasst zw\u00f6lf Zahlen mit sechs Teilungen, was etwa einem Drittel des gesamten RocketPlay Online-Roulette-Echtgeldkessels entspricht.<\/p>\n<p><img loading=\"lazy\" decoding=\"async\" class=\"aligncenter wp-image-3888\" src=\"https:\/\/rocketplay-online.com\/wp-content\/uploads\/2024\/01\/online-casino-3d-realistic-roulette-wheel-slot-machine-neon-background-777-big-win-concept.jpg\" alt=\"Roulette at RocketPlay Casino 3\" width=\"800\" height=\"400\" srcset=\"https:\/\/rocketplay-online.com\/wp-content\/uploads\/2024\/01\/online-casino-3d-realistic-roulette-wheel-slot-machine-neon-background-777-big-win-concept.jpg 1000w, https:\/\/rocketplay-online.com\/wp-content\/uploads\/2024\/01\/online-casino-3d-realistic-roulette-wheel-slot-machine-neon-background-777-big-win-concept-300x150.jpg 300w, https:\/\/rocketplay-online.com\/wp-content\/uploads\/2024\/01\/online-casino-3d-realistic-roulette-wheel-slot-machine-neon-background-777-big-win-concept-768x384.jpg 768w\" sizes=\"auto, (max-width: 800px) 100vw, 800px\" \/><\/p>\n<p>Orphelins sind Waisen, acht Zahlen sind nicht in den Tiers oder Voisons Wetten enthalten. Ihr Einsatz wird durch f\u00fcnf geteilt, wobei vier Splits und ein Einsatz auf eine Primzahl erscheinen.<\/p>\n<p>Neighbors &#8211; Bei Neighbors-Wetten setzen Sie auf eine Primzahl sowie auf zwei benachbarte Zahlen auf jeder Seite.<\/p>\n<p>Endwetten &#8211; Die Endwette bezieht sich auf alle Zahlen mit derselben letzten Ziffer. Wenn Sie z. B. einen letzten Einsatz auf 0 platzieren, werden alle Zahlen, die auf 0 enden, als Primzahleneinsatz betrachtet. Die meisten Zahlen haben vier Einzelwetten. Bei 7 und 9 sind es nur drei.<\/p>\n","protected":false},"excerpt":{"rendered":"<p>Das Rouletterad wurde urspr\u00fcnglich im 17. Jahrhundert von einem Physiker entwickelt, der vergeblich versuchte, ein Perpetuum mobile zu bauen. W\u00e4hrend diese Art von Rad im 17. Jahrhundert f\u00fcr andere Formen des Gl\u00fccksspiels verwendet wurde, wurde Roulette erst ein Jahrhundert sp\u00e4ter zum ersten Mal auch in Frankreich gespielt. Roulette bedeutet aus dem Franz\u00f6sischen \u00fcbersetzt so viel&#8230;<\/p>\n","protected":false},"author":1,"featured_media":0,"parent":0,"menu_order":0,"comment_status":"closed","ping_status":"closed","template":"","meta":{"_acf_changed":false,"_kad_post_transparent":"default","_kad_post_title":"default","_kad_post_layout":"default","_kad_post_sidebar_id":"","_kad_post_content_style":"default","_kad_post_vertical_padding":"default","_kad_post_feature":"","_kad_post_feature_position":"","_kad_post_header":false,"_kad_post_footer":false,"footnotes":""},"class_list":["post-1489","page","type-page","status-publish","hentry"],"acf":[],"rttpg_featured_image_url":null,"rttpg_author":{"display_name":"Oliver","author_link":"https:\/\/rocketplay-online.com\/de\/author\/pemvas95n89x\/"},"rttpg_comment":0,"rttpg_category":null,"rttpg_excerpt":"Das Rouletterad wurde urspr\u00fcnglich im 17. Jahrhundert von einem Physiker entwickelt, der vergeblich versuchte, ein Perpetuum mobile zu bauen. W\u00e4hrend diese Art von Rad im 17. Jahrhundert f\u00fcr andere Formen des Gl\u00fccksspiels verwendet wurde, wurde Roulette erst ein Jahrhundert sp\u00e4ter zum ersten Mal auch in Frankreich gespielt. Roulette bedeutet aus dem Franz\u00f6sischen \u00fcbersetzt so viel...","_links":{"self":[{"href":"https:\/\/rocketplay-online.com\/de\/wp-json\/wp\/v2\/pages\/1489","targetHints":{"allow":["GET"]}}],"collection":[{"href":"https:\/\/rocketplay-online.com\/de\/wp-json\/wp\/v2\/pages"}],"about":[{"href":"https:\/\/rocketplay-online.com\/de\/wp-json\/wp\/v2\/types\/page"}],"author":[{"embeddable":true,"href":"https:\/\/rocketplay-online.com\/de\/wp-json\/wp\/v2\/users\/1"}],"replies":[{"embeddable":true,"href":"https:\/\/rocketplay-online.com\/de\/wp-json\/wp\/v2\/comments?post=1489"}],"version-history":[{"count":6,"href":"https:\/\/rocketplay-online.com\/de\/wp-json\/wp\/v2\/pages\/1489\/revisions"}],"predecessor-version":[{"id":6783,"href":"https:\/\/rocketplay-online.com\/de\/wp-json\/wp\/v2\/pages\/1489\/revisions\/6783"}],"wp:attachment":[{"href":"https:\/\/rocketplay-online.com\/de\/wp-json\/wp\/v2\/media?parent=1489"}],"curies":[{"name":"wp","href":"https:\/\/api.w.org\/{rel}","templated":true}]}}