{"id":1483,"date":"2022-09-20T17:19:23","date_gmt":"2022-09-20T14:19:23","guid":{"rendered":"https:\/\/rocketplay-online.com\/vip-program\/"},"modified":"2025-04-03T12:36:00","modified_gmt":"2025-04-03T09:36:00","slug":"vip-program","status":"publish","type":"page","link":"https:\/\/rocketplay-online.com\/de\/vip-program\/","title":{"rendered":"VIP-Programm im Casino"},"content":{"rendered":"<p>In der wettbewerbsorientierten Welt des Online-Gamings sticht das VIP-Programm ohne Bonus im RocketPlay Casino als Leuchtturm f\u00fcr engagierte Spieler hervor und bietet eine Mischung aus Exklusivit\u00e4t, Luxus und personalisierten Spielerlebnissen. Dieses Programm ist sorgf\u00e4ltig auf die Elite-Klientel des Casinos zugeschnitten und belohnt ihre Treue mit einer Kaskade einzigartiger Vorteile und ma\u00dfgeschneiderter Dienste, die das Spielerlebnis auf ein beispielloses Niveau heben. W\u00e4hrend die Spieler in die Spiele und Herausforderungen von RocketPlay eintauchen, dient das VIP-Programm sowohl als Belohnung f\u00fcr ihre Hingabe als auch als Werkzeug zur Verbesserung ihrer laufenden Casino-Reise. Ob durch den Zugang zu ma\u00dfgeschneiderten Boni, den Erhalt ma\u00dfgeschneiderter pers\u00f6nlicher Unterst\u00fctzung oder den Nervenkitzel exklusiver Events \u2013 das VIP-Programm ist so strukturiert, dass es das best\u00e4ndige Engagement seiner Mitglieder anerkennt und wertsch\u00e4tzt. Diese Einf\u00fchrung befasst sich mit den unz\u00e4hligen Facetten des VIP-Programms bei RocketPlay und untersucht, wie es die Spielabenteuer seiner Mitglieder bereichert und warum es einen H\u00f6hepunkt der Spieleranerkennung in der Welt der Online-Casinos darstellt.<\/p>\n<div class=\"go-btn-container\"><div class=\"tosh-btn\"><a href=\"\/go-casino\/\" target=\"_blank\">BONUS ERHALTEN<\/a><\/div><\/div>\n<h2>\u00dcbersicht der verf\u00fcgbaren Boni bei RocketPlay<\/h2>\n<p>RocketPlay zeichnet sich durch ein umfassendes VIP-Programm f\u00fcr Online-Casinos aus, das High Roller und engagierte Spieler mit einer Vielzahl spezieller Belohnungen versorgt. Diese Belohnungen sind sorgf\u00e4ltig auf die unterschiedlichen Bed\u00fcrfnisse der Casino-Kundschaft zugeschnitten und bieten eine Reihe von Boni, die mit jedem Level des Programms lukrativer werden. Ein solches Design stellt sicher, dass sich jeder Spieler motiviert f\u00fchlt, das n\u00e4chste Level zu erreichen, wodurch sein gesamtes Casino-Erlebnis verbessert wird.<\/p>\n<p><img loading=\"lazy\" decoding=\"async\" class=\"aligncenter wp-image-5162 lazy-loaded\" src=\"https:\/\/rocketplay-online.com\/wp-content\/uploads\/2024\/11\/vip-program-at-the-casino.png\" sizes=\"auto, (max-width: 800px) 100vw, 800px\" srcset=\"https:\/\/rocketplay-online.com\/wp-content\/uploads\/2024\/11\/vip-program-at-the-casino.png 1310w, https:\/\/rocketplay-online.com\/wp-content\/uploads\/2024\/11\/vip-program-at-the-casino-300x137.png 300w, https:\/\/rocketplay-online.com\/wp-content\/uploads\/2024\/11\/vip-program-at-the-casino-1024x469.png 1024w, https:\/\/rocketplay-online.com\/wp-content\/uploads\/2024\/11\/vip-program-at-the-casino-768x352.png 768w\" alt=\"VIP-Programm im Casino 1\" width=\"800\" height=\"366\" data-lazy-type=\"image\" data-src=\"https:\/\/rocketplay-online.com\/wp-content\/uploads\/2024\/11\/vip-program-at-the-casino.png\" data-srcset=\"\" \/><\/p>\n<p>Die Struktur und die Vorteile des VIP-Treueprogramms sind bewusst progressiv gestaltet und belohnen die Spieler immer mehr, je weiter sie auf der VIP-Leiter emporsteigen. Diese Progression umfasst alles von erh\u00f6hten Bargeldboni und Freispielen bis hin zu personalisierten Angeboten, die den individuellen Spielvorlieben jedes Mitglieds entsprechen. Indem sie sich st\u00e4rker mit den Angeboten des Casinos besch\u00e4ftigen, erh\u00f6hen die Spieler nicht nur ihre potenziellen Gewinne, sondern st\u00e4rken auch ihre Beziehung zu RocketPlay und sorgen so f\u00fcr eine f\u00fcr beide Seiten vorteilhafte Partnerschaft.<\/p>\n\n\t<div class=\"alao-sidebar-box alao-sidebar-box--\">\n\t\t<a href=\"https:\/\/rocketplay-online.com\/go-casino\/\" class=\"alao-sidebar-box__link\">\n\t\t\t<span class=\"alao-sidebar-box__thumb\">\n\t\t\t\t<img decoding=\"async\" src=\"https:\/\/rocketplay-online.com\/wp-content\/uploads\/2022\/09\/second_bonus_nonlog.png\" alt=\"Ersteinzahlungsbonus\">\n\t\t\t<\/span>\n\t\t\t<span class=\"alao-sidebar-box__info\">\n\t\t\t\t<span class=\"alao-sidebar-box__info-wrap\">\n\t\t\t\t\t<span class=\"alao-sidebar-box__head\">Ersteinzahlungsbonus<\/span>\n\t\t\t\t\t<span class=\"alao-sidebar-box__desc\">100% + 100 FS F\u00dcR EINEN PERFEKTEN START<\/span>\n\t\t\t\t\t<span class=\"alao-sidebar-box__button\">Holen Sie Sich Jetzt<\/span>\n\t\t\t\t<\/span>\n\t\t\t<\/span>\n\t\t<\/a>\n\t<\/div>\n\n\t<style>\n\t\t.alao-sidebar-box {\n\t\t\tdisplay: block;\n\t\t\twidth: 100%;\n\t\t\tmargin-bottom: 24px;\n\t\t\toverflow: hidden;\n\t\t\tposition: relative;\n\t\t\tbackground: linear-gradient(270deg, rgb(140, 81, 255) 0%, rgb(140, 81, 255) calc(50% - 1500px), rgb(113, 45, 244) calc(50% - 750px), rgb(46, 15, 109) calc(50% + 750px), rgb(38, 7, 100) calc(50% + 1500px), rgb(38, 7, 100) 100%);\n\t\t\t-webkit-border-radius: 16px;\n\t\t\t-moz-border-radius: 16px;\n\t\t\tborder-radius: 16px;\n\t\t}\n\t\t.alao-sidebar-box--rose {\n\t\t\tbackground: linear-gradient(270deg, rgb(255, 62, 155) 0%, rgb(255, 62, 155) calc(50% - 1500px), rgb(253, 28, 136) calc(50% - 750px), rgb(91, 15, 108) calc(50% + 750px), rgb(60, 3, 73) calc(50% + 1500px), rgb(60, 3, 73) 100%);\n\t\t}\n\t\t.alao-sidebar-box--light-blue {\n\t\t\tbackground: linear-gradient(270deg, rgb(107, 250, 255) 0%, rgb(107, 250, 255) calc(50% - 1500px), rgb(33, 247, 252) calc(50% - 750px), rgb(25, 19, 183) calc(50% + 750px), rgb(16, 5, 146) calc(50% + 1500px), rgb(16, 5, 146) 100%);\n\t\t}\n\t\t.alao-sidebar-box__link {\n\t\t\tdisplay: block;\n\t\t\twidth: 100%;\n\t\t\theight: auto;\n\t\t\tpadding-top: 56px;\n\t\t\tpadding-bottom: 64px;\n\t\t\tposition: relative;\n\t\t\ttext-decoration: none;\n\t\t}\n\t\t.alao-sidebar-box__thumb {\n\t\t\tposition: absolute;\n\t\t\ttop: 0;\n\t\t\tleft: 0;\n\t\t\twidth: 100%;\n\t\t\theight: 100%;\n\t\t\toverflow: hidden;\n\t\t\tz-index: 5;\n\t\t}\n\t\t.alao-sidebar-box__thumb img {\n\t\t\tposition: absolute;\n\t\t\tbottom: -10%;\n\t\t\tright: -20%;\n\t\t\tdisplay: block;\n\t\t\tmax-width: 120%;\n\t\t\tmax-height: 100%;\n\t\t\ttransition: all .3s ease;\n\t\t}\n\t\t.alao-sidebar-box__link:hover .alao-sidebar-box__thumb img {\n\t\t\tbottom: 0;\n\t\t\tright: 0;\n\t\t}\n\t\t.alao-sidebar-box__info {\n\t\t\tdisplay: block;\n\t\t\twidth: 100%;\n\t\t\tz-index: 10;\n\t\t}\n\t\t.alao-sidebar-box__info-wrap {\n\t\t\tdisplay: flex;\n\t\t\tflex-wrap: wrap;\n\t\t\tflex-direction: column;\n\t\t\tjustify-content: center;\n\t\t\talign-items: flex-start;\n\t\t\twidth: 100%;\n\t\t\tmin-height: 100%;\n\t\t\tpadding: 24px;\n\t\t}\n\t\t.alao-sidebar-box__head {\n\t\t\tdisplay: block;\n\t\t\twidth: 100%;\n\t\t\tmargin-bottom: 0.2rem;\n\t\t\ttext-shadow: 1px 1px 4px rgba(0, 0, 0, .4);\n\t\t\tcolor: #fff;\n\t\t\tfont-size: 1rem;\n\t\t\tfont-weight: bold;\n\t\t\tline-height: 125%;\n\t\t}\n\t\t.alao-sidebar-box__desc {\n\t\t\tdisplay: block;\n\t\t\twidth: 100%;\n\t\t\tmargin-bottom: 8px;\n\t\t\ttext-shadow: 1px 1px 2px rgba(0, 0, 0, .6);\n\t\t\tcolor: #fdd835;\n\t\t\tfont-size: 1.4rem;\n\t\t\tfont-weight: bold;\n\t\t\tline-height: 110%;\n\t\t\ttext-transform: uppercase;\n\t\t}\n\t\t.alao-sidebar-box__button {\n\t\t\tdisplay: inline-block;\n\t\t\tbackground: linear-gradient(90deg,#ffa000,#ffff7b);\n\t\t\tpadding: 8px 12px;\n\t\t\tborder-radius: 16px;\n\t\t\tcolor: #000;\n\t\t\tfont-size: .75rem;\n\t\t\tfont-weight: bold;\n\t\t\tline-height: 135%;\n\t\t\ttext-transform: uppercase;\n\t\t}\n\t<\/style>\n\n\t\n<h2>Was ist das VIP-Programm?<\/h2>\n<p>Bei RocketPlay stellt das Casino-VIP-Programm ein erstklassiges Service- und Anerkennungsniveau dar, das seinen treuesten Spielern geboten wird. Die Mitgliedschaft in dieser Elitegruppe wird durch das Sammeln von Punkten erreicht, die mit jedem Einsatz in den Spielen des Casinos verdient werden. Dieses System belohnt konsequentes Spielen und Treue und ist somit ein Eckpfeiler der Strategie des Casinos, eine treue Spielerbasis aufzubauen.<\/p>\n<p>Das Wesentliche am VIP-Programm des Casinos bei RocketPlay ist sein Fokus auf die Bereitstellung eines ma\u00dfgeschneiderten Spielerlebnisses. Dies wird durch ein Programm erreicht, das sich an die Gewohnheiten und Vorlieben der einzelnen Spieler anpasst und so Engagement und Zufriedenheit steigert. Das VIP-Programm ist nicht nur darauf ausgelegt, Spieler zu binden, sondern ihnen auch das Gef\u00fchl zu geben, dass ihre Hingabe zum Casino aufrichtig gesch\u00e4tzt wird.<\/p>\n<h2>Wie hilft das VIP-Programm den Spielern?<\/h2>\n<p>Die Teilnahme am VIP-Programm des Casinos ohne Bonus bietet Spielern zahlreiche Vorteile, die ihr Spielerlebnis erheblich verbessern. So genie\u00dfen Mitglieder beispielsweise oft geringere Wettanforderungen und Zugang zu exklusiven Spielen, was ihre Chancen auf gro\u00dfe Gewinne erheblich erh\u00f6hen kann. Dar\u00fcber hinaus bietet das Programm h\u00e4ufig Rabatte oder Cashback auf Verluste, was dazu beitragen kann, die Nachteile weniger erfolgreicher Spielsitzungen abzumildern.<\/p>\n<p>Die Vorteile des Casino-VIP-Programms gehen \u00fcber blo\u00dfe finanzielle Anreize hinaus. VIP-Mitglieder genie\u00dfen eine Reihe von Privilegien, die normale Spieler nicht haben, wie beschleunigte Auszahlungen, h\u00f6here Einzahlungslimits und Zugang zu VIP-exklusiven Events und Aktionen. Diese Funktionen machen das VIP-Programm besonders attraktiv f\u00fcr Spieler, die viel Zeit und Geld im Casino verbringen.<\/p>\n<div class=\"go-btn-container\"><div class=\"tosh-btn\"><a href=\"\/go-casino\/\" target=\"_blank\">BONUS ERHALTEN<\/a><\/div><\/div>\n<h2>Vorteile des VIP-Programms<\/h2>\n<p>Teilnehmer des Online-Casinos mit VIP-Treueprogramm genie\u00dfen zahlreiche Vorteile, die ihre Spielsitzungen lohnender und unterhaltsamer machen. Sie erhalten nicht nur bessere Bonusangebote, sondern profitieren auch von einem personalisierten Kundenservice, der die Navigation durch verschiedene Casino-Prozesse reibungsloser und effizienter macht. Dieses hohe Ma\u00df an Kundenbetreuung stellt sicher, dass sich VIP-Mitglieder auf ihr Spielerlebnis ohne unn\u00f6tige Unterbrechungen konzentrieren k\u00f6nnen.<\/p>\n<p>Dar\u00fcber hinaus bietet das VIP-Treueprogramm exklusiven Zugang zu neuen Spielen und besonderen Events und beschert den Mitgliedern regelm\u00e4\u00dfig ein frisches und spannendes Spielerlebnis. Diese M\u00f6glichkeiten machen nicht nur Spa\u00df, sondern bieten auch potenzielle finanzielle Vorteile, die der allgemeinen Spielerbasis nicht zur Verf\u00fcgung stehen. Diese Exklusivit\u00e4t unterstreicht den Wert des VIP-Status und f\u00f6rdert so die fortlaufende Teilnahme und Treue.<\/p>\n<h3>Nachteile des VIP-Programms<\/h3>\n<p>Das VIP-Programm ohne Bonus bringt jedoch auch seine Herausforderungen mit sich. Der erforderliche Einsatz zur Aufrechterhaltung eines VIP-Status kann betr\u00e4chtlich sein und einen erheblichen Zeit- und Finanzaufwand erfordern. Diese hohe H\u00fcrde kann f\u00fcr Gelegenheitsspieler entmutigend sein, die m\u00f6glicherweise nicht in der Lage sind, die strengen Kriterien zu erf\u00fcllen, die zum Erreichen oder Behalten des VIP-Status erforderlich sind.<\/p>\n<p>Dar\u00fcber hinaus kann die Exklusivit\u00e4t des VIP-Programms eines Online-Casinos manchmal zu einer Kluft zwischen den VIP-Mitgliedern und anderen Casino-Kunden f\u00fchren. Diese Ungleichheit kann zu Unzufriedenheit bei Nicht-VIP-Mitgliedern f\u00fchren, die sich vom Casino m\u00f6glicherweise weniger gesch\u00e4tzt f\u00fchlen. Solche Wahrnehmungen k\u00f6nnten sich m\u00f6glicherweise negativ auf die allgemeine Atmosph\u00e4re und die Spielerbindung auswirken.<\/p>\n<h2>Wie bekomme ich VIP-Boni?<\/h2>\n<p>Um VIP-Boni im Rahmen des Casino-VIP-Programms bei RocketPlay zu erhalten, ist mehr als nur gelegentliches Spielen erforderlich; es erfordert eine anhaltende und aktive Teilnahme. Das Programm ist sorgf\u00e4ltig darauf ausgelegt, sowohl die H\u00e4ufigkeit als auch das Spielvolumen zu erkennen und sicherzustellen, dass jedes gespielte Spiel zum Sammeln der Punkte beitr\u00e4gt, die zum Aufstieg in die VIP-Stufen erforderlich sind. W\u00e4hrend Spieler diese Stufen durchlaufen, schalten sie zunehmend lukrativere Boni frei, die darauf zugeschnitten sind, ihre Treue und Beharrlichkeit zu f\u00f6rdern und zu belohnen.<\/p>\n<p>Die Reise durch das VIP-Programm des Casinos ist eine Reise kontinuierlichen Engagements, bei der jede Wette und jedes gespielte Spiel dazu beitr\u00e4gt, die Position eines Spielers innerhalb des Programms zu st\u00e4rken. Diese konsequente Interaktion mit den Angeboten des Casinos ist entscheidend, da sie nicht nur zu gr\u00f6\u00dferen Belohnungen f\u00fchrt, sondern auch das gesamte Spielerlebnis verbessert, indem sie den Spielern Ziele und Meilensteine \u200b\u200bbietet, die sie erreichen k\u00f6nnen. Diese Ziele bieten einen klaren Weg f\u00fcr Spieler, die ihren Status und ihre Vorteile innerhalb der VIP-Hierarchie verbessern m\u00f6chten.<\/p>\n<h3>Pers\u00f6nliche Manager und individuelle Betreuung<\/h3>\n<p>Ein besonderer Vorteil des Online-Casino-VIP-Programms bei RocketPlay ist die pers\u00f6nliche Betreuung jedes VIP-Mitglieds. Den VIP-Mitgliedern werden pers\u00f6nliche Manager zugewiesen, die ihnen bei allem helfen, vom Finanzmanagement bis zum strategischen Spielverlauf. Diese ma\u00dfgeschneiderte Unterst\u00fctzung soll das Spielerlebnis optimieren und es den Mitgliedern erm\u00f6glichen, ihre Aktivit\u00e4ten an ihre pers\u00f6nlichen Vorlieben und Ziele anzupassen und so den Spa\u00df und die Effektivit\u00e4t ihrer Zeit im Casino zu maximieren.<\/p>\n<p>Diese individuelle Unterst\u00fctzung geht \u00fcber blo\u00dfe Spielstrategien hinaus; sie umfasst einen umfassenden Service, der alle Aspekte des VIP-Erlebnisses bei RocketPlay abdeckt. Sei es die schnelle L\u00f6sung von Problemen, die Bereitstellung ma\u00dfgeschneiderter Beratung zu neuen M\u00f6glichkeiten im Casino oder die Unterst\u00fctzung bei der Optimierung der Bonusnutzung. Diese pers\u00f6nlichen Manager stellen sicher, dass VIP-Mitglieder die gr\u00f6\u00dftm\u00f6gliche Sorgfalt und Aufmerksamkeit erhalten, sodass sich jedes Mitglied einzigartig gesch\u00e4tzt und wirklich priorisiert f\u00fchlt.<\/p>\n<p><img loading=\"lazy\" decoding=\"async\" class=\"aligncenter wp-image-5170 lazy-loaded\" src=\"https:\/\/rocketplay-online.com\/wp-content\/uploads\/2024\/11\/vip-program-at-the-casino-2.png\" sizes=\"auto, (max-width: 800px) 100vw, 800px\" srcset=\"https:\/\/rocketplay-online.com\/wp-content\/uploads\/2024\/11\/vip-program-at-the-casino-2.png 1181w, https:\/\/rocketplay-online.com\/wp-content\/uploads\/2024\/11\/vip-program-at-the-casino-2-300x162.png 300w, https:\/\/rocketplay-online.com\/wp-content\/uploads\/2024\/11\/vip-program-at-the-casino-2-1024x553.png 1024w, https:\/\/rocketplay-online.com\/wp-content\/uploads\/2024\/11\/vip-program-at-the-casino-2-768x415.png 768w\" alt=\"VIP-Programm im Casino 2\" width=\"800\" height=\"432\" data-lazy-type=\"image\" data-src=\"https:\/\/rocketplay-online.com\/wp-content\/uploads\/2024\/11\/vip-program-at-the-casino-2.png\" data-srcset=\"\" \/><\/p>\n<h2>Sonderangebote und Events<\/h2>\n<p>Im VIP-Programm-Casino spielen Sonderangebote und exklusive Events eine entscheidende Rolle bei der Bereicherung des VIP-Erlebnisses. RocketPlay organisiert eine Reihe einzigartiger Aktionen und Turniere speziell f\u00fcr VIP-Mitglieder. Diese Events sind so konzipiert, dass sie nicht nur erhebliche Gewinnm\u00f6glichkeiten bieten, sondern auch das Spielerlebnis noch spannender machen. Der Zugang zu diesen exklusiven Veranstaltungen ist ein wichtiges Merkmal, das die VIP-Mitglieder von normalen Spielern unterscheidet und ihnen neue und spannende Herausforderungen bietet.<\/p>\n<p>Bei diesen Sonderveranstaltungen geht es oft um erh\u00f6hte Eins\u00e4tze und prestigetr\u00e4chtige Belohnungen, was sie zu einem zentralen Element der Attraktivit\u00e4t des VIP-Programms macht. Sie bieten ernsthaften Spielern eine Arena, in der sie ihre F\u00e4higkeiten gegen \u00e4hnlich begabte Gegner unter Beweis stellen k\u00f6nnen, was das Gemeinschaftsgef\u00fchl und den Wettbewerb unter der Elite-Kundschaft des Casinos weiter st\u00e4rkt. Solche exklusiven Veranstaltungen unterstreichen das Engagement des Casinos, seine treuesten Spieler zu w\u00fcrdigen und zu belohnen, und unterstreichen deren Bedeutung f\u00fcr das Casino.<\/p>\n<h2>Wie behalte ich meinen VIP-Level?<\/h2>\n<h3>Anforderungen an die Benutzeraktivit\u00e4t<\/h3>\n<p>Die Aufrechterhaltung eines VIP-Status bei RocketPlay h\u00e4ngt von einer kontinuierlichen aktiven Teilnahme ab, wie im VIP-Programm festgelegt. Das Programm erfordert von den Mitgliedern, regelm\u00e4\u00dfig bestimmte Spiel- und Wettschwellen zu erreichen, um sicherzustellen, dass die Privilegien und Vorteile des VIP-Status von denjenigen aufrechterhalten werden, die sich wirklich f\u00fcr die Angebote des Casinos engagieren. Diese Anforderung tr\u00e4gt dazu bei, eine lebendige und engagierte VIP-Community aufrechtzuerhalten, in der diejenigen von den Vorteilen profitieren, die sowohl Zeit als auch Ressourcen in das Casino investieren.<\/p>\n<p>Um seinen Status im VIP-Treueprogramm zu behalten, geht es nicht nur darum, die Verg\u00fcnstigungen zu genie\u00dfen. Es geht darum, zur Dynamik und zum anhaltenden Erfolg der VIP-Community beizutragen. Die von RocketPlay festgelegten Schwellenwerte dienen sowohl dazu, die Spieler zu motivieren, aktiv zu bleiben, als auch sicherzustellen, dass das Casino kontinuierlich au\u00dfergew\u00f6hnlichen Service und Belohnungen anbieten kann, die dem Engagement seiner Top-Spieler angemessen sind.<\/p>\n<h2>Abschluss<\/h2>\n<p>Das Online-Casino mit den Vorteilen des VIP-Treueprogramms bei RocketPlay ist ein \u00fcberzeugender Beweis f\u00fcr das Engagement des Casinos, ein unvergleichliches Spielerlebnis zu bieten. Durch die Kombination einer Reihe ma\u00dfgeschneiderter Boni, au\u00dfergew\u00f6hnlicher personalisierter Dienste und exklusiver Event-Zug\u00e4nge belohnt RocketPlay nicht nur seine engagiertesten Spieler, sondern f\u00f6rdert auch eine Umgebung, die kontinuierliche Aktivit\u00e4t und Treue f\u00f6rdert. Obwohl die Aufrechterhaltung des VIP-Status gewisse Herausforderungen mit sich bringt, machen die Belohnungen und das angebotene gehobene Spielerlebnis es zu einer verlockenden Aussicht f\u00fcr engagierte Casino-Enthusiasten.<\/p>\n","protected":false},"excerpt":{"rendered":"<p>In der wettbewerbsorientierten Welt des Online-Gamings sticht das VIP-Programm ohne Bonus im RocketPlay Casino als Leuchtturm f\u00fcr engagierte Spieler hervor und bietet eine Mischung aus Exklusivit\u00e4t, Luxus und personalisierten Spielerlebnissen. Dieses Programm ist sorgf\u00e4ltig auf die Elite-Klientel des Casinos zugeschnitten und belohnt ihre Treue mit einer Kaskade einzigartiger Vorteile und ma\u00dfgeschneiderter Dienste, die das Spielerlebnis&#8230;<\/p>\n","protected":false},"author":1,"featured_media":0,"parent":0,"menu_order":0,"comment_status":"closed","ping_status":"closed","template":"","meta":{"_acf_changed":false,"_kad_post_transparent":"default","_kad_post_title":"default","_kad_post_layout":"default","_kad_post_sidebar_id":"","_kad_post_content_style":"default","_kad_post_vertical_padding":"default","_kad_post_feature":"","_kad_post_feature_position":"","_kad_post_header":false,"_kad_post_footer":false,"footnotes":""},"class_list":["post-1483","page","type-page","status-publish","hentry"],"acf":[],"rttpg_featured_image_url":null,"rttpg_author":{"display_name":"Oliver","author_link":"https:\/\/rocketplay-online.com\/de\/author\/pemvas95n89x\/"},"rttpg_comment":0,"rttpg_category":null,"rttpg_excerpt":"In der wettbewerbsorientierten Welt des Online-Gamings sticht das VIP-Programm ohne Bonus im RocketPlay Casino als Leuchtturm f\u00fcr engagierte Spieler hervor und bietet eine Mischung aus Exklusivit\u00e4t, Luxus und personalisierten Spielerlebnissen. Dieses Programm ist sorgf\u00e4ltig auf die Elite-Klientel des Casinos zugeschnitten und belohnt ihre Treue mit einer Kaskade einzigartiger Vorteile und ma\u00dfgeschneiderter Dienste, die das Spielerlebnis...","_links":{"self":[{"href":"https:\/\/rocketplay-online.com\/de\/wp-json\/wp\/v2\/pages\/1483","targetHints":{"allow":["GET"]}}],"collection":[{"href":"https:\/\/rocketplay-online.com\/de\/wp-json\/wp\/v2\/pages"}],"about":[{"href":"https:\/\/rocketplay-online.com\/de\/wp-json\/wp\/v2\/types\/page"}],"author":[{"embeddable":true,"href":"https:\/\/rocketplay-online.com\/de\/wp-json\/wp\/v2\/users\/1"}],"replies":[{"embeddable":true,"href":"https:\/\/rocketplay-online.com\/de\/wp-json\/wp\/v2\/comments?post=1483"}],"version-history":[{"count":7,"href":"https:\/\/rocketplay-online.com\/de\/wp-json\/wp\/v2\/pages\/1483\/revisions"}],"predecessor-version":[{"id":6831,"href":"https:\/\/rocketplay-online.com\/de\/wp-json\/wp\/v2\/pages\/1483\/revisions\/6831"}],"wp:attachment":[{"href":"https:\/\/rocketplay-online.com\/de\/wp-json\/wp\/v2\/media?parent=1483"}],"curies":[{"name":"wp","href":"https:\/\/api.w.org\/{rel}","templated":true}]}}