{"id":1479,"date":"2022-09-20T16:15:18","date_gmt":"2022-09-20T13:15:18","guid":{"rendered":"https:\/\/rocketplay-online.com\/welcome-to-offer\/"},"modified":"2025-04-03T12:40:14","modified_gmt":"2025-04-03T09:40:14","slug":"welcome-to-offer","status":"publish","type":"page","link":"https:\/\/rocketplay-online.com\/de\/welcome-to-offer\/","title":{"rendered":"Willkommensangebot im Casino"},"content":{"rendered":"<p>Das Eintauchen in die spannende Reise des Online-Gl\u00fccksspiels kann f\u00fcr neue Spieler sowohl aufregend als auch entmutigend sein. Da zahlreiche Casinos um Aufmerksamkeit buhlen, ist ein herausragendes Merkmal, das f\u00fcr Neulinge oft als entscheidender Faktor dient, das\u00a0Willkommensangebot des Casinos\u00a0. Dieser Einf\u00fchrungsvorteil soll nicht nur neue Kunden anlocken, sondern ihnen auch einen soliden Startvorteil verschaffen. Indem Casinos ihre erste Einzahlung mit Boni wie zus\u00e4tzlichen Mitteln, Freispielen oder sogar Cashback-M\u00f6glichkeiten aufwerten, schaffen sie die Voraussetzungen f\u00fcr ein ansprechendes Erlebnis. Diese Willkommensangebote sind auf die unterschiedlichen Bed\u00fcrfnisse der Spieler zugeschnitten und bieten eine Mischung aus Anreizen, die dazu beitragen, das anf\u00e4ngliche Risiko zu verringern und das Potenzial f\u00fcr erfreuliche Gewinne zu erh\u00f6hen. Wenn man versteht, wie man diese Angebote nutzt und nutzt, kann sich ein unerfahrener Spieler dramatisch in einen informierten Spieler verwandeln, der bereit ist, das Beste aus seinem Online-Casino-Abenteuer zu machen. Dieser Leitfaden befasst sich eingehend mit den Feinheiten der Willkommensboni und veranschaulicht, wie sie funktionieren, welche Vorteile sie haben und welche Strategien neue Spieler am besten nutzen k\u00f6nnen, um von Anfang an ein lohnendes Spielerlebnis zu gew\u00e4hrleisten.<\/p>\n<div class=\"go-btn-container\"><div class=\"tosh-btn\"><a href=\"\/go-casino\/\" target=\"_blank\" rel=\"noopener\">JETZT SPIELEN<\/a><\/div><\/div>\n<h2>Was ist ein Willkommensangebot?<\/h2>\n<p>Ein Casino-Willkommensangebot ist eine wichtige Marketingtaktik, die von Online-Casinos eingesetzt wird, um neue Spieler anzulocken und zu gewinnen. Diese erste Aktion kann die ersten Erfahrungen des neuen Benutzers durch Bonusguthaben oder Freispiele deutlich verbessern und so einen positiven ersten Eindruck hinterlassen. Das Hauptziel des Willkommensangebots eines Casinos besteht darin, sich in einem ges\u00e4ttigten Markt abzuheben, indem es Neulingen einen einzigartig attraktiven Start bietet.<\/p>\n<p>Die Integration eines Willkommensangebots eines Casinos beinhaltet h\u00e4ufig eine Anpassung der ersten Einzahlung des Spielers, wobei das Casino das Spielguthaben im Wesentlichen verdoppelt, indem es den eingezahlten Betrag bis zu einem bestimmten Prozentsatz verdoppelt. Dies hilft neuen Spielern, ihren anf\u00e4nglichen Einsatz ohne zus\u00e4tzliches Risiko zu erh\u00f6hen. Es ist jedoch wichtig, die Bedingungen zu verstehen, die mit diesen Angeboten einhergehen, da sie den wahren Wert und Nutzen des Angebots bestimmen. Diese Einf\u00fchrungsboni bieten nicht nur finanzielle Vorteile, sondern dienen den Spielern auch als risikofreie M\u00f6glichkeit, sich mit der Spielvielfalt und Benutzeroberfl\u00e4che des Casinos vertraut zu machen.<\/p>\n<p>Jedes Willkommensangebot eines Online-Casinos ist darauf ausgelegt, neue Spieler reibungslos und attraktiv in die Spielumgebung zu integrieren. Diese Angebote sind so strukturiert, dass sie Spielern, die zum ersten Mal in einem Online-Casino unterwegs sind, den gr\u00f6\u00dftm\u00f6glichen Nutzen bieten. Durch die effektive Nutzung dieser Angebote k\u00f6nnen Spieler ihre Spielreise mit einem deutlich verbesserten Guthaben beginnen, was ihnen bei ihren ersten Spielsitzungen einen erheblichen Vorteil verschafft.<\/p>\n<p><img loading=\"lazy\" decoding=\"async\" class=\"aligncenter wp-image-5196 lazy-loaded\" src=\"https:\/\/rocketplay-online.com\/wp-content\/uploads\/2024\/11\/welcome-offer-at-the-casino-1.png\" sizes=\"auto, (max-width: 800px) 100vw, 800px\" srcset=\"https:\/\/rocketplay-online.com\/wp-content\/uploads\/2024\/11\/welcome-offer-at-the-casino-1.png 1251w, https:\/\/rocketplay-online.com\/wp-content\/uploads\/2024\/11\/welcome-offer-at-the-casino-1-300x156.png 300w, https:\/\/rocketplay-online.com\/wp-content\/uploads\/2024\/11\/welcome-offer-at-the-casino-1-1024x534.png 1024w, https:\/\/rocketplay-online.com\/wp-content\/uploads\/2024\/11\/welcome-offer-at-the-casino-1-768x400.png 768w\" alt=\"Willkommensangebot im Casino 1\" width=\"800\" height=\"417\" data-lazy-type=\"image\" data-src=\"https:\/\/rocketplay-online.com\/wp-content\/uploads\/2024\/11\/welcome-offer-at-the-casino-1.png\" data-srcset=\"\" \/><\/p>\n<h2>Vorteile der Nutzung eines Willkommensangebots<\/h2>\n<p>Die Nutzung eines Casino-Willkommensangebots kann die Wettkapazit\u00e4t eines Spielers erheblich steigern und ihm erm\u00f6glichen, umfangreichere und vielf\u00e4ltigere Spielaktivit\u00e4ten zu unternehmen. Diese Angebote sind besonders darauf ausgelegt, das Budget des Spielers weiter zu strecken und ihm die M\u00f6glichkeit zu geben, eine breitere Palette von Spielen zu erkunden. Diese erh\u00f6hte Pr\u00e4senz kann Spielern helfen, ihre Vorlieben in Bezug auf Spielarten und Wettstrategien in einer Umgebung mit niedrigen Eins\u00e4tzen zu entdecken.<\/p>\n<p>Neben finanziellen Verbesserungen kann ein Willkommensangebot in einem Casino auch Elemente wie Freispiele oder Bonusspiele enthalten, die die Spielzeit ohne zus\u00e4tzliche Kosten verl\u00e4ngern. Dies erh\u00f6ht nicht nur den Unterhaltungswert, sondern mildert auch m\u00f6gliche anf\u00e4ngliche Verluste, sodass das Spielerlebnis f\u00fcr Anf\u00e4nger weniger entmutigend ist. Der Puffer, den diese Boni bieten, kann Spieler ermutigen, neue Spiele und Wettarten auszuprobieren, was m\u00f6glicherweise zu neuen und aufregenden Spielerlebnissen f\u00fchrt.<\/p>\n<p>Dar\u00fcber hinaus kann der psychologische Schub durch den Erhalt von Bonusgeldern das Selbstvertrauen eines Spielers st\u00e4rken und seine Bereitschaft steigern, sich auf Spiele einzulassen, die er sonst vielleicht nicht ausprobiert h\u00e4tte. F\u00fcr viele kann dies dazu f\u00fchren, dass sie unterhaltsame Spiele entdecken, bei denen sie langfristig bleiben, und das Willkommensangebot des Online-Casinos effektiv als Einstieg in ihre Gl\u00fccksspielhobbys nutzen. Daher sind diese Willkommensangebote nicht nur Werbemittel, sondern entscheidend f\u00fcr die langfristige Beziehung eines Spielers zum Casino.<\/p>\n\n\t<div class=\"alao-sidebar-box alao-sidebar-box--\">\n\t\t<a href=\"https:\/\/rocketplay-online.com\/go-casino\/\" class=\"alao-sidebar-box__link\">\n\t\t\t<span class=\"alao-sidebar-box__thumb\">\n\t\t\t\t<img decoding=\"async\" src=\"https:\/\/rocketplay-online.com\/wp-content\/uploads\/2022\/09\/second_bonus_nonlog.png\" alt=\"Bonus f\u00fcr die erste Einzahlung\">\n\t\t\t<\/span>\n\t\t\t<span class=\"alao-sidebar-box__info\">\n\t\t\t\t<span class=\"alao-sidebar-box__info-wrap\">\n\t\t\t\t\t<span class=\"alao-sidebar-box__head\">Bonus f\u00fcr die erste Einzahlung<\/span>\n\t\t\t\t\t<span class=\"alao-sidebar-box__desc\">100% + 100 FS F\u00dcR EINEN PERFEKTEN START<\/span>\n\t\t\t\t\t<span class=\"alao-sidebar-box__button\">Holen Sie Sich Jetzt<\/span>\n\t\t\t\t<\/span>\n\t\t\t<\/span>\n\t\t<\/a>\n\t<\/div>\n\n\t<style>\n\t\t.alao-sidebar-box {\n\t\t\tdisplay: block;\n\t\t\twidth: 100%;\n\t\t\tmargin-bottom: 24px;\n\t\t\toverflow: hidden;\n\t\t\tposition: relative;\n\t\t\tbackground: linear-gradient(270deg, rgb(140, 81, 255) 0%, rgb(140, 81, 255) calc(50% - 1500px), rgb(113, 45, 244) calc(50% - 750px), rgb(46, 15, 109) calc(50% + 750px), rgb(38, 7, 100) calc(50% + 1500px), rgb(38, 7, 100) 100%);\n\t\t\t-webkit-border-radius: 16px;\n\t\t\t-moz-border-radius: 16px;\n\t\t\tborder-radius: 16px;\n\t\t}\n\t\t.alao-sidebar-box--rose {\n\t\t\tbackground: linear-gradient(270deg, rgb(255, 62, 155) 0%, rgb(255, 62, 155) calc(50% - 1500px), rgb(253, 28, 136) calc(50% - 750px), rgb(91, 15, 108) calc(50% + 750px), rgb(60, 3, 73) calc(50% + 1500px), rgb(60, 3, 73) 100%);\n\t\t}\n\t\t.alao-sidebar-box--light-blue {\n\t\t\tbackground: linear-gradient(270deg, rgb(107, 250, 255) 0%, rgb(107, 250, 255) calc(50% - 1500px), rgb(33, 247, 252) calc(50% - 750px), rgb(25, 19, 183) calc(50% + 750px), rgb(16, 5, 146) calc(50% + 1500px), rgb(16, 5, 146) 100%);\n\t\t}\n\t\t.alao-sidebar-box__link {\n\t\t\tdisplay: block;\n\t\t\twidth: 100%;\n\t\t\theight: auto;\n\t\t\tpadding-top: 56px;\n\t\t\tpadding-bottom: 64px;\n\t\t\tposition: relative;\n\t\t\ttext-decoration: none;\n\t\t}\n\t\t.alao-sidebar-box__thumb {\n\t\t\tposition: absolute;\n\t\t\ttop: 0;\n\t\t\tleft: 0;\n\t\t\twidth: 100%;\n\t\t\theight: 100%;\n\t\t\toverflow: hidden;\n\t\t\tz-index: 5;\n\t\t}\n\t\t.alao-sidebar-box__thumb img {\n\t\t\tposition: absolute;\n\t\t\tbottom: -10%;\n\t\t\tright: -20%;\n\t\t\tdisplay: block;\n\t\t\tmax-width: 120%;\n\t\t\tmax-height: 100%;\n\t\t\ttransition: all .3s ease;\n\t\t}\n\t\t.alao-sidebar-box__link:hover .alao-sidebar-box__thumb img {\n\t\t\tbottom: 0;\n\t\t\tright: 0;\n\t\t}\n\t\t.alao-sidebar-box__info {\n\t\t\tdisplay: block;\n\t\t\twidth: 100%;\n\t\t\tz-index: 10;\n\t\t}\n\t\t.alao-sidebar-box__info-wrap {\n\t\t\tdisplay: flex;\n\t\t\tflex-wrap: wrap;\n\t\t\tflex-direction: column;\n\t\t\tjustify-content: center;\n\t\t\talign-items: flex-start;\n\t\t\twidth: 100%;\n\t\t\tmin-height: 100%;\n\t\t\tpadding: 24px;\n\t\t}\n\t\t.alao-sidebar-box__head {\n\t\t\tdisplay: block;\n\t\t\twidth: 100%;\n\t\t\tmargin-bottom: 0.2rem;\n\t\t\ttext-shadow: 1px 1px 4px rgba(0, 0, 0, .4);\n\t\t\tcolor: #fff;\n\t\t\tfont-size: 1rem;\n\t\t\tfont-weight: bold;\n\t\t\tline-height: 125%;\n\t\t}\n\t\t.alao-sidebar-box__desc {\n\t\t\tdisplay: block;\n\t\t\twidth: 100%;\n\t\t\tmargin-bottom: 8px;\n\t\t\ttext-shadow: 1px 1px 2px rgba(0, 0, 0, .6);\n\t\t\tcolor: #fdd835;\n\t\t\tfont-size: 1.4rem;\n\t\t\tfont-weight: bold;\n\t\t\tline-height: 110%;\n\t\t\ttext-transform: uppercase;\n\t\t}\n\t\t.alao-sidebar-box__button {\n\t\t\tdisplay: inline-block;\n\t\t\tbackground: linear-gradient(90deg,#ffa000,#ffff7b);\n\t\t\tpadding: 8px 12px;\n\t\t\tborder-radius: 16px;\n\t\t\tcolor: #000;\n\t\t\tfont-size: .75rem;\n\t\t\tfont-weight: bold;\n\t\t\tline-height: 135%;\n\t\t\ttext-transform: uppercase;\n\t\t}\n\t<\/style>\n\n\t\n<h2>Arten von Rocket Play-Bonusangeboten<\/h2>\n<p>Im Bereich der Willkommensangebote von Online-Casinos gibt es eine gro\u00dfe Vielfalt. Eine der begehrtesten Arten ist das Casino-Willkommensangebot ohne Wetteinsatz, da es den Spielern erm\u00f6glicht, ihre Gewinne zu behalten, ohne Wettanforderungen erf\u00fcllen zu m\u00fcssen, die normalerweise mit herk\u00f6mmlichen Boni verbunden sind. Diese Art von Angebot wird wegen seiner Transparenz und Unkompliziertheit sehr gesch\u00e4tzt und bietet direkte Vorteile ohne versteckte Bedingungen.<\/p>\n<p>Einzahlungsboni sind eine weitere beliebte Art, die oft \u00fcber mehrere Einzahlungen verteilt werden, um den Spieler \u00fcber einen l\u00e4ngeren Zeitraum zu binden. Dieser gestaffelte Vorteil h\u00e4lt nicht nur das Interesse des Spielers aufrecht, sondern erh\u00f6ht auch seine Loyalit\u00e4t gegen\u00fcber dem Casino. Einige Casinos kombinieren diese Einzahlungsboni auch mit Freispielen und kommen so sowohl Slot-Enthusiasten als auch traditionellen Spielern entgegen, was die Attraktivit\u00e4t ihres Willkommensangebots steigert.<\/p>\n<p>Das Verst\u00e4ndnis dieser verschiedenen Typen kann Spielern dabei helfen, ein Casino auszuw\u00e4hlen, das am besten zu ihren Spielvorlieben und Finanzstrategien passt. Ein Spieler, der sich beispielsweise f\u00fcr Spielautomaten interessiert, w\u00fcrde ein Angebot mit Freispielen als wertvoller empfinden, w\u00e4hrend ein Spieler, der auf ein langlebiges Spiel aus ist, eine mehrstufige Einzahlungs\u00fcbereinstimmung bevorzugen k\u00f6nnte. Jede Art von Casino-Willkommensangebot ohne Wetteinsatz hat unterschiedliche Vorteile, die auf die unterschiedlichen Bed\u00fcrfnisse und Erwartungen der Spieler zugeschnitten sind.<\/p>\n<h3>\u00dcbersicht des Willkommensangebots f\u00fcr neue Spieler<\/h3>\n<p>F\u00fcr Neulinge kann es entmutigend sein, sich durch die Vielfalt der Willkommensangebote von Online-Casinos zu navigieren. Ein typisches Willkommensbonuspaket kann mehrere Komponenten enthalten, wie z. B. eine Einzahlungs\u00fcbereinstimmung, Freispiele und manchmal Cashback-Garantien f\u00fcr Verluste, die w\u00e4hrend der ersten paar Sitzungen entstehen. Diese Komponenten sollen das Risiko f\u00fcr neue Spieler verringern und es einfacher und weniger stressig machen, in das volle Erlebnis des Online-Gamings einzutauchen.<\/p>\n<p>F\u00fcr neue Spieler ist es wichtig zu verstehen, dass diese Angebote normalerweise zeitkritisch sind und m\u00f6glicherweise die Eingabe eines Promo-Codes w\u00e4hrend des Anmelde- oder Einzahlungsvorgangs erfordern. Durch das vollst\u00e4ndige Verst\u00e4ndnis der Mechanik eines Casino-Willkommensangebots ohne Wetteinsatz k\u00f6nnen Neulinge die Vorteile maximieren, ohne von unerwarteten Anforderungen oder Einschr\u00e4nkungen \u00fcberrascht zu werden.<\/p>\n<div class=\"go-btn-container\"><div class=\"tosh-btn\"><a href=\"\/go-casino\/\" target=\"_blank\" rel=\"noopener\">JETZT SPIELEN<\/a><\/div><\/div>\n<h2>Allgemeine Gesch\u00e4ftsbedingungen f\u00fcr das Willkommensangebot<\/h2>\n<p>Wenn Sie ein Willkommensangebot eines Casinos in Betracht ziehen, ist es wichtig, das Kleingedruckte zu lesen. Die Gesch\u00e4ftsbedingungen regeln, wie der Bonus verwendet werden kann, welche Wettanforderungen gelten und welche Spiele zu diesen Anforderungen z\u00e4hlen. Diese Bestimmungen m\u00fcssen unbedingt verstanden werden, bevor Sie ein Angebot annehmen, da sie Ihre M\u00f6glichkeit, Gewinne abzuheben, erheblich beeintr\u00e4chtigen k\u00f6nnen.<\/p>\n<p>Die Bedingungen enthalten oft Wettanforderungen, die vorschreiben, wie oft die Bonusgelder durchgespielt werden m\u00fcssen, bevor Auszahlungen m\u00f6glich sind. Bei einem Casino-Willkommensangebot ohne Wetteinsatz wird dieser Schritt \u00fcbersprungen, sodass Spieler ihre Gewinne sofort nach dem Gewinn abheben k\u00f6nnen, was einen erheblichen Vorteil bietet. Das Verst\u00e4ndnis dieser Bedingungen kann Spielern dabei helfen, Angebote auszuw\u00e4hlen, die ihren Spielgewohnheiten und ihrer Risikobereitschaft entsprechen.<\/p>\n<h2>Wie bekomme ich einen Willkommensbonus?<\/h2>\n<p>Ein Casino-Angebot zu erhalten ist normalerweise unkompliziert und umfasst ein paar einfache Schritte. Zun\u00e4chst m\u00fcssen sich die Spieler beim Casino registrieren, einige pers\u00f6nliche Informationen angeben und alle erforderlichen Identit\u00e4tspr\u00fcfungen durchf\u00fchren. Achten Sie bei dieser Registrierung darauf, sich f\u00fcr den Willkommensbonus zu entscheiden; einige Casinos verlangen von Ihnen die Eingabe eines bestimmten Aktionscodes.<\/p>\n<p>Nach der Registrierung ist normalerweise der n\u00e4chste Schritt die erste Einzahlung. Casinos haben oft einen Mindesteinzahlungsbetrag, um sich f\u00fcr einen Willkommensbonus zu qualifizieren. Daher ist es wichtig, diesen Mindestbetrag zu erreichen, um das Angebot nutzen zu k\u00f6nnen. Denken Sie daran, dass die H\u00f6he Ihrer Einzahlung die H\u00f6he des Bonus direkt beeinflussen kann, insbesondere wenn das Angebot eine Einzahlungs\u00fcbereinstimmung beinhaltet.<\/p>\n<h2>So nutzen Sie den Bonus effektiv<\/h2>\n<p>Um ein Willkommensangebot eines Casinos effektiv nutzen zu k\u00f6nnen, sollten Spieler zun\u00e4chst die spezifischen Einschr\u00e4nkungen und M\u00f6glichkeiten ihres ausgew\u00e4hlten Bonus verstehen. Wenn der Bonus beispielsweise Freispiele enth\u00e4lt, pr\u00fcfen Sie, welche Slots berechtigt sind, und konzentrieren Sie sich darauf, diese Spins dort zu verwenden. Wenn Bonusgeld enthalten ist, sollten Sie die Spiele in Betracht ziehen, die am meisten zu den Wettanforderungen beitragen, um Ihren Bonus effizient in auszahlbares Bargeld umzuwandeln.<\/p>\n<p>Strategisch gesehen ist es ratsam, den Bonus f\u00fcr Spiele zu verwenden, mit denen Sie vertraut sind und die gute Gewinnchancen bieten. Dieser Ansatz erh\u00f6ht Ihre Chancen, den Bonus in echte Gewinne umzuwandeln. Erw\u00e4gen Sie au\u00dferdem, ein Budget festzulegen und sich daran zu halten, um sicherzustellen, dass Sie den Bonus zur Erg\u00e4nzung Ihrer Unterhaltung verwenden, ohne zu viel auszugeben.<\/p>\n<h3>Empfehlungen f\u00fcr Wetten<\/h3>\n<p>F\u00fcr Neulinge in Online-Casinos empfiehlt es sich, mit kleineren Eins\u00e4tzen zu beginnen, bis Sie ein Gef\u00fchl f\u00fcr die Spiele und die Plattform bekommen. Nutzen Sie Ihr Willkommensangebot im Online-Casino, um mit verschiedenen Spielen und Wettarten zu experimentieren, ohne den Druck, Ihr Geld einzusetzen. Auch das Festlegen von Gewinn- und Verlustlimits kann dazu beitragen, ein gesundes Gleichgewicht zwischen Spa\u00df und verantwortungsvollem Spielen aufrechtzuerhalten.<\/p>\n<p>Das Verst\u00e4ndnis der Gewinnchancen der Spiele, die Sie spielen m\u00f6chten, kann Ihren Erfolg erheblich beeinflussen. Spiele wie Blackjack und Videopoker bieten im Vergleich zu Spielautomaten normalerweise bessere Gewinnchancen, erfordern jedoch Kenntnisse des Spiels und Strategien. Die Nutzung der durch Bonusgelder gewonnenen Erkenntnisse kann F\u00e4higkeiten in diesen komplexeren Spielen entwickeln, was m\u00f6glicherweise zu regelm\u00e4\u00dfigeren Gewinnen f\u00fchrt.<\/p>\n<p><img loading=\"lazy\" decoding=\"async\" class=\"aligncenter wp-image-5204 lazy-loaded\" src=\"https:\/\/rocketplay-online.com\/wp-content\/uploads\/2024\/11\/welcome-offer-at-the-casino-2.png\" sizes=\"auto, (max-width: 800px) 100vw, 800px\" srcset=\"https:\/\/rocketplay-online.com\/wp-content\/uploads\/2024\/11\/welcome-offer-at-the-casino-2.png 938w, https:\/\/rocketplay-online.com\/wp-content\/uploads\/2024\/11\/welcome-offer-at-the-casino-2-300x177.png 300w, https:\/\/rocketplay-online.com\/wp-content\/uploads\/2024\/11\/welcome-offer-at-the-casino-2-768x452.png 768w\" alt=\"Willkommensangebot im Casino 2\" width=\"800\" height=\"471\" data-lazy-type=\"image\" data-src=\"https:\/\/rocketplay-online.com\/wp-content\/uploads\/2024\/11\/welcome-offer-at-the-casino-2.png\" data-srcset=\"\" \/><\/p>\n<h2>Abschluss<\/h2>\n<p>Ein Casino-Angebot ist f\u00fcr Spieler, die in die pulsierende Welt des Online-Gamings einsteigen, ein entscheidender Vorteil. Diese Angebote sollen nicht nur Ihre Spielzeit verl\u00e4ngern, sondern auch Ihr Spielerlebnis mit zahlreichen M\u00f6glichkeiten bereichern, verschiedene Spiele auszuprobieren und potenziell Gewinne zu erzielen. Durch den klugen Einsatz solcher Boni k\u00f6nnen Spieler ihr gesamtes Casino-Erlebnis deutlich verbessern. Es ist wichtig, diese Angebote mit einer Strategie im Hinterkopf anzugehen und darauf abzuzielen, jeden Aspekt des Bonus zu maximieren, seien es Freispiele, Einzahlungsboni oder Cashback-M\u00f6glichkeiten.<\/p>\n<p>Ein Willkommensangebot eines Casinos bietet nicht nur mehr Spielm\u00f6glichkeiten, sondern kann auch als Sicherheitsnetz f\u00fcr neue Spieler dienen. Es erm\u00f6glicht ihnen, sich mit der Mechanik verschiedener Spiele vertraut zu machen, ohne das unmittelbare Risiko einzugehen, ihr pers\u00f6nliches Geld zu verlieren. Dieser Puffer kann insbesondere bei Spielen von Vorteil sein, die ein tieferes Verst\u00e4ndnis der Regeln und Strategien erfordern. Wenn Sie durch die Nutzung dieser Boni an Selbstvertrauen und Wissen gewinnen, verbessert sich Ihre F\u00e4higkeit, fundierte Wetten und Entscheidungen zu treffen, was zu erfolgreicheren Ergebnissen f\u00fchren kann.<\/p>\n<p>Dar\u00fcber hinaus ist es wichtig, immer die Bedeutung des verantwortungsvollen Spielens im Auge zu behalten. Der Nervenkitzel und der Spa\u00df am Spielen sollten immer mit der Beachtung der finanziellen und emotionalen Auswirkungen des Wettens in Einklang gebracht werden. Die verantwortungsvolle Nutzung eines Casino-Angebots stellt sicher, dass die Aufregung \u00fcber neue Gewinne und das Ausprobieren neuer Spiele angenehm und innerhalb sicherer Grenzen bleiben. Setzen Sie Ihren Gl\u00fccksspielaktivit\u00e4ten immer Grenzen, nutzen Sie Angebote, um Risiken zu mindern, und wissen Sie, wann Sie aufh\u00f6ren m\u00fcssen, um den Spa\u00df und den Unterhaltungswert Ihres Spielerlebnisses zu bewahren.<\/p>\n","protected":false},"excerpt":{"rendered":"<p>Das Eintauchen in die spannende Reise des Online-Gl\u00fccksspiels kann f\u00fcr neue Spieler sowohl aufregend als auch entmutigend sein. Da zahlreiche Casinos um Aufmerksamkeit buhlen, ist ein herausragendes Merkmal, das f\u00fcr Neulinge oft als entscheidender Faktor dient, das\u00a0Willkommensangebot des Casinos\u00a0. Dieser Einf\u00fchrungsvorteil soll nicht nur neue Kunden anlocken, sondern ihnen auch einen soliden Startvorteil verschaffen. Indem&#8230;<\/p>\n","protected":false},"author":1,"featured_media":0,"parent":0,"menu_order":0,"comment_status":"closed","ping_status":"closed","template":"","meta":{"_acf_changed":false,"_kad_post_transparent":"default","_kad_post_title":"default","_kad_post_layout":"default","_kad_post_sidebar_id":"","_kad_post_content_style":"default","_kad_post_vertical_padding":"default","_kad_post_feature":"","_kad_post_feature_position":"","_kad_post_header":false,"_kad_post_footer":false,"footnotes":""},"class_list":["post-1479","page","type-page","status-publish","hentry"],"acf":[],"rttpg_featured_image_url":null,"rttpg_author":{"display_name":"Oliver","author_link":"https:\/\/rocketplay-online.com\/de\/author\/pemvas95n89x\/"},"rttpg_comment":0,"rttpg_category":null,"rttpg_excerpt":"Das Eintauchen in die spannende Reise des Online-Gl\u00fccksspiels kann f\u00fcr neue Spieler sowohl aufregend als auch entmutigend sein. Da zahlreiche Casinos um Aufmerksamkeit buhlen, ist ein herausragendes Merkmal, das f\u00fcr Neulinge oft als entscheidender Faktor dient, das\u00a0Willkommensangebot des Casinos\u00a0. Dieser Einf\u00fchrungsvorteil soll nicht nur neue Kunden anlocken, sondern ihnen auch einen soliden Startvorteil verschaffen. Indem...","_links":{"self":[{"href":"https:\/\/rocketplay-online.com\/de\/wp-json\/wp\/v2\/pages\/1479","targetHints":{"allow":["GET"]}}],"collection":[{"href":"https:\/\/rocketplay-online.com\/de\/wp-json\/wp\/v2\/pages"}],"about":[{"href":"https:\/\/rocketplay-online.com\/de\/wp-json\/wp\/v2\/types\/page"}],"author":[{"embeddable":true,"href":"https:\/\/rocketplay-online.com\/de\/wp-json\/wp\/v2\/users\/1"}],"replies":[{"embeddable":true,"href":"https:\/\/rocketplay-online.com\/de\/wp-json\/wp\/v2\/comments?post=1479"}],"version-history":[{"count":7,"href":"https:\/\/rocketplay-online.com\/de\/wp-json\/wp\/v2\/pages\/1479\/revisions"}],"predecessor-version":[{"id":6840,"href":"https:\/\/rocketplay-online.com\/de\/wp-json\/wp\/v2\/pages\/1479\/revisions\/6840"}],"wp:attachment":[{"href":"https:\/\/rocketplay-online.com\/de\/wp-json\/wp\/v2\/media?parent=1479"}],"curies":[{"name":"wp","href":"https:\/\/api.w.org\/{rel}","templated":true}]}}