{"id":1463,"date":"2022-08-11T18:03:12","date_gmt":"2022-08-11T15:03:12","guid":{"rendered":"https:\/\/rocketplay-online.com\/registration\/"},"modified":"2025-04-02T16:49:49","modified_gmt":"2025-04-02T13:49:49","slug":"registration","status":"publish","type":"page","link":"https:\/\/rocketplay-online.com\/de\/registration\/","title":{"rendered":"Wie man sich in einem Online Casino RocketPlay registriert"},"content":{"rendered":"<p><img loading=\"lazy\" decoding=\"async\" class=\"aligncenter wp-image-267\" src=\"https:\/\/rocketplay-online.com\/wp-content\/uploads\/2022\/08\/rocket.run_.jpg\" alt=\"registration\" width=\"626\" height=\"427\" srcset=\"https:\/\/rocketplay-online.com\/wp-content\/uploads\/2022\/08\/rocket.run_.jpg 960w, https:\/\/rocketplay-online.com\/wp-content\/uploads\/2022\/08\/rocket.run_-300x205.jpg 300w, https:\/\/rocketplay-online.com\/wp-content\/uploads\/2022\/08\/rocket.run_-768x524.jpg 768w\" sizes=\"auto, (max-width: 626px) 100vw, 626px\" \/><\/p>\n<p>Nachdem man sich f\u00fcr ein Online-Casino entschieden hat, steht der Spieler vor der Wahl, ob er sich auf der Seite registrieren m\u00f6chte oder nicht. Es lohnt sich auf jeden Fall, sich bei RocketPlay Casino anzumelden. Viele Nutzer geben fiktive Daten an, weil sie sich Sorgen um pers\u00f6nliche Informationen machen. Oder sie w\u00e4hlen nach dem Prinzip der sozialen Netzwerke ein Pseudonym f\u00fcr sich. Und dann haben sie gro\u00dfe Probleme mit der Auszahlung der gewonnenen Gelder. Wir werden die Prozesse der Registrierung und Kontoverifizierung verstehen.<\/p>\n<p>Warum brauchen Sie eine <a href=\"https:\/\/rocketplay-online.com\/de\/\">RocketPlay<\/a> Casino Registrierung? Die Registrierung und Autorisierung auf der Casino-Website erm\u00f6glicht es Ihnen, um echtes Geld zu spielen, an Promotionen und Turnieren teilzunehmen, Missionen zu erf\u00fcllen und die Vorteile von Bonusprogrammen zu genie\u00dfen. Ohne Registrierung auf der Gl\u00fccksspielseite ist nur der Demomodus verf\u00fcgbar, der von den Spielern genutzt wird, um sich mit neuen Spielen vertraut zu machen. Nach der Registrierung ist auch die Demoversion der Spielautomaten verf\u00fcgbar.<\/p>\n<h2>REGISTRIERUNGSPROZESS<\/h2>\n<p>Um sich bei RocketPlay fastpay casino anzumelden, ben\u00f6tigen Sie:<\/p>\n<ol>\n<li style=\"font-weight: 400;\" aria-level=\"1\">Geben Sie eine E-Mail Adresse ein.<\/li>\n<li style=\"font-weight: 400;\" aria-level=\"1\">Erstellen Sie ein Passwort (mindestens 8 Zeichen).<\/li>\n<li style=\"font-weight: 400;\" aria-level=\"1\">Wenn Sie einen Aktionscode haben, k\u00f6nnen Sie ihn in einem speziellen Fenster eingeben.<\/li>\n<li style=\"font-weight: 400;\" aria-level=\"1\">Zustimmen oder Ablehnen der Zusendung von aktuellen Nachrichten, Werbeaktionen, Boni usw.<\/li>\n<li style=\"font-weight: 400;\" aria-level=\"1\">Es ist nicht notwendig, bei der Registrierung ein <a href=\"https:\/\/rocketplay-online.com\/de\/login\/\">Login<\/a> einzugeben. Sie wird automatisch zu einer E-Mail-Adresse (die Sie dann in den Profileinstellungen \u00e4ndern k\u00f6nnen).<\/li>\n<li style=\"font-weight: 400;\" aria-level=\"1\">Sie k\u00f6nnen einen Anmeldebonus ohne Einzahlung im RocketPlay Casino erhalten.<\/li>\n<\/ol>\n<div class=\"go-btn-container\"><div class=\"tosh-btn\"><a href=\"\/go-casino\/\" target=\"_blank\" rel=\"noopener\">JETZT SPIELEN<\/a><\/div><\/div>\n<h2>Identit\u00e4ts\u00fcberpr\u00fcfung<\/h2>\n<p>Wenn Sie sich fragen, ob es m\u00f6glich ist, die Verifizierung zu umgehen, dann sind die folgenden Informationen f\u00fcr Sie. Der Verifizierungsprozess ist nur dann nicht erforderlich, wenn der Spieler keine Gewinne abheben will und das Casino keinen Verdacht bez\u00fcglich der Altersgrenze des Benutzers hat. Aber wenn es an der Zeit ist, die Gewinne abzuheben, dann ist die \u00dcberpr\u00fcfung der pers\u00f6nlichen Daten notwendig. Um sie zu bestehen, m\u00fcssen Sie angeben:<\/p>\n<ul>\n<li style=\"font-weight: 400;\" aria-level=\"1\">Nachname und Vorname.<\/li>\n<li style=\"font-weight: 400;\" aria-level=\"1\">Geburtsdatum.<\/li>\n<li style=\"font-weight: 400;\" aria-level=\"1\">Die Telefonnummer, die durch den Erhalt eines speziellen Codes in einer SMS-Nachricht best\u00e4tigt werden muss.<\/li>\n<li style=\"font-weight: 400;\" aria-level=\"1\">Wohnsitz (dies bezieht sich auf den Wohnsitz selbst und nicht auf die Anmeldung, falls diese Daten abweichen).<\/li>\n<li style=\"font-weight: 400;\" aria-level=\"1\">Zahlungsinformationen (Kartennummer, G\u00fcltigkeitsdatum, CVV2-Code).<\/li>\n<li style=\"font-weight: 400;\" aria-level=\"1\">Laden Sie ein Foto oder eine gescannte Kopie eines Ausweises (Reisepass, F\u00fchrerschein) hoch.<\/li>\n<li style=\"font-weight: 400;\" aria-level=\"1\">Foto einer Zahlungskarte.<\/li>\n<li style=\"font-weight: 400;\" aria-level=\"1\">Einscannen der aktuellen, auf den Namen des Benutzers ausgestellten Stromrechnung.<\/li>\n<\/ul>\n<p>Alle Daten m\u00fcssen g\u00fcltig sein. Denn sonst wird es m\u00f6glich sein, das Konto im Spiel wieder aufzuf\u00fcllen, aber nicht, um Geld abzuheben. In manchen F\u00e4llen, wenn es nicht m\u00f6glich ist, eine Rechnung vorzulegen, werden alle Fragen durch den Support-Service im Online-Chat oder per E-Mail gekl\u00e4rt. Eine alternative Methode der Daten\u00fcberpr\u00fcfung kann eine Videokonferenz sein.<\/p>\n<p>Sie k\u00f6nnen sich auch mit Ihrem Mobiltelefon auf der Casino-Website anmelden. Es ist m\u00f6glich, das Konto f\u00fcr einen bestimmten Zeitraum oder f\u00fcr immer zu sperren, was mit Hilfe des Kundendienstes geschieht. \u00dcbrigens, wenn auf dem Konto eines gesperrten Kontos noch Geld vorhanden ist, \u00fcbernimmt das Casino die Verantwortung, es auf die Karte des Benutzers zu \u00fcberweisen. Die Registrierung auf dem Casino-Spiegel ist identisch mit der Registrierung auf der Hauptseite. Vergessen Sie nicht \u00fcber den RocketPlay Casino Anmeldebonus.<\/p>\n<p><img loading=\"lazy\" decoding=\"async\" class=\"size-full wp-image-268 alignright\" src=\"https:\/\/rocketplay-online.com\/wp-content\/uploads\/2022\/08\/rocketplay-registration.png\" alt=\"rocket play registration\" width=\"360\" height=\"439\" srcset=\"https:\/\/rocketplay-online.com\/wp-content\/uploads\/2022\/08\/rocketplay-registration.png 360w, https:\/\/rocketplay-online.com\/wp-content\/uploads\/2022\/08\/rocketplay-registration-246x300.png 246w\" sizes=\"auto, (max-width: 360px) 100vw, 360px\" \/><\/p>\n<h2>Zahlungsoptionen<\/h2>\n<p>In diesem Abschnitt finden Sie eine Liste der bei Casino Rocket verf\u00fcgbaren Zahlungssysteme. Bitte beachten Sie, dass einige Zahlungssysteme nur f\u00fcr bestimmte L\u00e4nder verf\u00fcgbar sind. F\u00fcr einige Zahlungssysteme k\u00f6nnen zus\u00e4tzliche Geb\u00fchren anfallen. Verschiedene Auszahlungsmethoden k\u00f6nnen unterschiedliche Zeiten und unterschiedliche Bargeldlimits erfordern. \u00dcberpr\u00fcfen Sie immer die Casinoregeln, bevor Sie Geld einzahlen oder abheben.<\/p>\n<h2>HGF<\/h2>\n<h3>Welche Spielautomaten gibt es ohne Anmeldung?<\/h3>\n<p>In Online-Casinos haben fast alle Spielautomaten einen Demomodus, mit dem Sie kostenlos und ohne Anmeldung spielen k\u00f6nnen. Die wichtigsten Anbieter, die ihre Spiele f\u00fcr die Website bereitgestellt haben, versuchen, die Spielautomaten mit einer Demoversion auszustatten.<\/p>\n<h3>Was sind die Vor- und Nachteile von kostenlosen Spielen?<\/h3>\n<p>Spielautomaten haben Demoversionen. Der Benutzer muss nur auf den Spielautomaten klicken und das Spiel im Demomodus angeben. Das Spiel wird mit virtuellen Punkten gespielt, die nicht abgehoben oder ausgezahlt werden k\u00f6nnen. Dank der Demoversion k\u00f6nnen Sie sich besser mit den Spielregeln vertraut machen, den Prozentsatz der Rendite und die Volatilit\u00e4t herausfinden. Spielautomaten ohne Anmeldung erm\u00f6glichen es neuen Benutzern, ihre F\u00e4higkeiten zu verbessern und sich an die Feinheiten des Gl\u00fccksspiels zu gew\u00f6hnen. Das Spielen ohne Anmeldung hat nur einen Nachteil. Die Funktionalit\u00e4t der Spielautomaten kann eingeschr\u00e4nkt sein. Ohne Anmeldung um echtes Geld ist nicht m\u00f6glich.<\/p>\n<h3>Wie verifiziert man ein Konto in einem Casino?<\/h3>\n<p>Online-Casino-Verifizierung auf der Website ist in einer einfachen Art und Weise durchgef\u00fchrt. In Ihrem pers\u00f6nlichen Konto m\u00fcssen Sie elektronische Kopien der Passseiten mit dem Foto und dem Geburtsdatum des Spielers herunterladen. Zus\u00e4tzlich zum Reisepass muss eine Kopie des F\u00fchrerscheins oder ein anderes Dokument, das die Identit\u00e4t des Spielers best\u00e4tigt, vorgelegt werden. Das dritte Dokument ist eine Bankkarte, die die Zahlungsf\u00e4higkeit des Kunden best\u00e4tigt.<\/p>\n<h3>Wie kann ich meine pers\u00f6nlichen Daten nach der Registrierung im Vulcan Casino \u00e4ndern?<\/h3>\n<p>Die pers\u00f6nlichen Daten des Spielers k\u00f6nnen nach der Registrierung ge\u00e4ndert werden, aber nicht alle. Die wichtigsten Kontaktm\u00f6glichkeiten, wie z. B. eine Mobiltelefonnummer oder eine E-Mail-Adresse, lassen sich nur sehr schwer \u00e4ndern. Diese Daten sind Kontoidentifikatoren. Um \u00c4nderungen an pers\u00f6nlichen Daten und Kontaktmethoden vorzunehmen, m\u00fcssen Sie den technischen Support anfordern und den Grund f\u00fcr die \u00c4nderungen angeben.<\/p>\n<h3>Ist Rocket Casino sicher?<\/h3>\n<p>Casino Rocket wurde im Jahr 2020 gegr\u00fcndet. Lizensiert von Antillephone. Versuchen Sie spannende Slots und andere Spiele. Die Gl\u00fccksspiel-Website ist nur f\u00fcr Erwachsene verf\u00fcgbar, das hei\u00dft, Erwachsene. Denken Sie daran, ruhig zu bleiben und verantwortungsvoll zu spielen. Um einen der vorhandenen Boni zu erhalten, m\u00fcssen Sie ein Konto bei Casino Rocket erstellen. F\u00fcr die meisten Boni muss echtes Geld eingezahlt werden.<\/p>\n","protected":false},"excerpt":{"rendered":"<p>Nachdem man sich f\u00fcr ein Online-Casino entschieden hat, steht der Spieler vor der Wahl, ob er sich auf der Seite registrieren m\u00f6chte oder nicht. Es lohnt sich auf jeden Fall, sich bei RocketPlay Casino anzumelden. Viele Nutzer geben fiktive Daten an, weil sie sich Sorgen um pers\u00f6nliche Informationen machen. Oder sie w\u00e4hlen nach dem Prinzip&#8230;<\/p>\n","protected":false},"author":1,"featured_media":0,"parent":0,"menu_order":0,"comment_status":"closed","ping_status":"closed","template":"","meta":{"_acf_changed":false,"_kad_post_transparent":"default","_kad_post_title":"default","_kad_post_layout":"default","_kad_post_sidebar_id":"","_kad_post_content_style":"default","_kad_post_vertical_padding":"default","_kad_post_feature":"","_kad_post_feature_position":"","_kad_post_header":false,"_kad_post_footer":false,"footnotes":""},"class_list":["post-1463","page","type-page","status-publish","hentry"],"acf":[],"rttpg_featured_image_url":null,"rttpg_author":{"display_name":"Oliver","author_link":"https:\/\/rocketplay-online.com\/de\/author\/pemvas95n89x\/"},"rttpg_comment":0,"rttpg_category":null,"rttpg_excerpt":"Nachdem man sich f\u00fcr ein Online-Casino entschieden hat, steht der Spieler vor der Wahl, ob er sich auf der Seite registrieren m\u00f6chte oder nicht. Es lohnt sich auf jeden Fall, sich bei RocketPlay Casino anzumelden. Viele Nutzer geben fiktive Daten an, weil sie sich Sorgen um pers\u00f6nliche Informationen machen. Oder sie w\u00e4hlen nach dem Prinzip...","_links":{"self":[{"href":"https:\/\/rocketplay-online.com\/de\/wp-json\/wp\/v2\/pages\/1463","targetHints":{"allow":["GET"]}}],"collection":[{"href":"https:\/\/rocketplay-online.com\/de\/wp-json\/wp\/v2\/pages"}],"about":[{"href":"https:\/\/rocketplay-online.com\/de\/wp-json\/wp\/v2\/types\/page"}],"author":[{"embeddable":true,"href":"https:\/\/rocketplay-online.com\/de\/wp-json\/wp\/v2\/users\/1"}],"replies":[{"embeddable":true,"href":"https:\/\/rocketplay-online.com\/de\/wp-json\/wp\/v2\/comments?post=1463"}],"version-history":[{"count":4,"href":"https:\/\/rocketplay-online.com\/de\/wp-json\/wp\/v2\/pages\/1463\/revisions"}],"predecessor-version":[{"id":6636,"href":"https:\/\/rocketplay-online.com\/de\/wp-json\/wp\/v2\/pages\/1463\/revisions\/6636"}],"wp:attachment":[{"href":"https:\/\/rocketplay-online.com\/de\/wp-json\/wp\/v2\/media?parent=1463"}],"curies":[{"name":"wp","href":"https:\/\/api.w.org\/{rel}","templated":true}]}}